{"id":9,"date":"2023-02-02T09:37:06","date_gmt":"2023-02-02T14:37:06","guid":{"rendered":"https:\/\/cssst.gouv.qc.ca\/yamaska\/ecole\/comites\/conseil-detablissement\/"},"modified":"2026-04-03T10:12:30","modified_gmt":"2026-04-03T14:12:30","slug":"conseil-detablissement","status":"publish","type":"page","link":"https:\/\/cssst.gouv.qc.ca\/yamaska\/ecole\/conseil-detablissement\/","title":{"rendered":"Conseil d&rsquo;\u00e9tablissement"},"content":{"rendered":"\n<p><\/p>\n\n\n\n<div class=\"wp-block-file\"><a id=\"wp-block-file--media-2839fc33-e994-4f9f-b74e-171e4bff2e23\" href=\"http:\/\/cssst.gouv.qc.ca\/yamaska\/wp-content\/uploads\/sites\/23\/2026\/03\/Dates-de-CE-2025-2026-Yamaska.pdf\">Calendrier des rencontres C\u00c9 2025-2026 Yamaska<\/a><a href=\"http:\/\/cssst.gouv.qc.ca\/yamaska\/wp-content\/uploads\/sites\/23\/2026\/03\/Dates-de-CE-2025-2026-Yamaska.pdf\" class=\"wp-block-file__button wp-element-button\" download aria-describedby=\"wp-block-file--media-2839fc33-e994-4f9f-b74e-171e4bff2e23\">T\u00e9l\u00e9charger<\/a><\/div>\n\n\n\n<div class=\"wp-block-file\"><a id=\"wp-block-file--media-5958cc8f-2f84-4b72-bd69-ce1ddcf7e169\" href=\"http:\/\/cssst.gouv.qc.ca\/yamaska\/wp-content\/uploads\/sites\/23\/2025\/01\/Calendrier-des-rencontres-du-CE-YAM.pdf\">Calendrier des rencontres du C\u00c9 YAM<\/a><a href=\"http:\/\/cssst.gouv.qc.ca\/yamaska\/wp-content\/uploads\/sites\/23\/2025\/01\/Calendrier-des-rencontres-du-CE-YAM.pdf\" class=\"wp-block-file__button wp-element-button\" download aria-describedby=\"wp-block-file--media-5958cc8f-2f84-4b72-bd69-ce1ddcf7e169\">T\u00e9l\u00e9charger<\/a><\/div>\n\n\n\n<p><\/p>\n\n\n\n<p><\/p>\n\n\n\n<h2 class=\"wp-block-heading\">Ordres du jour<\/h2>\n\n\n\n<p><a href=\"http:\/\/cssst.gouv.qc.ca\/yamaska\/wp-content\/uploads\/sites\/23\/2026\/04\/Ordre-du-jour-CE-30-mars-2026.pdf\">Rencontre du 30 mars 2026<\/a><\/p>\n\n\n\n<p><a href=\"http:\/\/cssst.gouv.qc.ca\/yamaska\/wp-content\/uploads\/sites\/23\/2026\/03\/Ordre-du-jour-CE-16-fevrier-2026.pdf\">Rencontre du 16 f\u00e9vrier 2026<\/a><\/p>\n\n\n\n<p><a href=\"http:\/\/cssst.gouv.qc.ca\/yamaska\/wp-content\/uploads\/sites\/23\/2026\/03\/Ordre-du-Jour_2025_10_20.pdf\">Rencontre du 20 octobre 2025<\/a><\/p>\n\n\n\n<ul class=\"wp-block-list\">\n<li><a href=\"http:\/\/cssst.gouv.qc.ca\/yamaska\/wp-content\/uploads\/sites\/23\/2025\/06\/Ordre-du-jour-19-juin-2025.pdf\">Rencontre du 19 juin 2025<\/a><\/li>\n\n\n\n<li><a href=\"http:\/\/cssst.gouv.qc.ca\/yamaska\/wp-content\/uploads\/sites\/23\/2025\/06\/Ordre-du-jour_2025_05_14-1.pdf\">Rencontre du 14 mai 2025<\/a><\/li>\n\n\n\n<li><a href=\"http:\/\/cssst.gouv.qc.ca\/yamaska\/wp-content\/uploads\/sites\/23\/2025\/01\/Ordre-du-jour-IY-29-janvier-2025-docx.pdf\">Rencontre du 29 janvier 2025<\/a><\/li>\n\n\n\n<li><a href=\"http:\/\/cssst.gouv.qc.ca\/yamaska\/wp-content\/uploads\/sites\/23\/2025\/01\/Ordre-du-jour-IY-27novembre-2024-docx.pdf\">Rencontre du 27 novembre 2024<\/a><\/li>\n\n\n\n<li><a href=\"http:\/\/cssst.gouv.qc.ca\/yamaska\/wp-content\/uploads\/sites\/23\/2025\/01\/Ordre-du-jour-IY-25-septembre-2024.pdf\">Rencontre du 25 septembre 2024<\/a><\/li>\n<\/ul>\n\n\n\n<h2 class=\"wp-block-heading\">Proc\u00e8s-verbaux<\/h2>\n\n\n\n<p><a href=\"http:\/\/cssst.gouv.qc.ca\/yamaska\/wp-content\/uploads\/sites\/23\/2026\/04\/Proces-verbal_2026-03-30-.pdf\">Proc\u00e8s-verbal du 30 mars 2026<\/a><\/p>\n\n\n\n<p><a href=\"http:\/\/cssst.gouv.qc.ca\/yamaska\/wp-content\/uploads\/sites\/23\/2026\/03\/Proces-verbal_2026-02-16-.pdf\">Proc\u00e8s-verbal du 16 f\u00e9vrier 2026<\/a><\/p>\n\n\n\n<p><a href=\"http:\/\/cssst.gouv.qc.ca\/yamaska\/wp-content\/uploads\/sites\/23\/2026\/03\/Proces-verbal_2025_10_20.pdf\">Proc\u00e8s-verbal du 20 octobre 2025<\/a><\/p>\n\n\n\n<ul class=\"wp-block-list\">\n<li><a href=\"http:\/\/cssst.gouv.qc.ca\/yamaska\/wp-content\/uploads\/sites\/23\/2025\/06\/Proces-verbal-19-juin-2025.pdf\">Proc\u00e8s-verbaux du 19 juin 2025<\/a><\/li>\n\n\n\n<li><a href=\"http:\/\/cssst.gouv.qc.ca\/yamaska\/wp-content\/uploads\/sites\/23\/2025\/06\/Proces-verbal-du-14-mail-2025.pdf\">Proc\u00e8s-verbaux du 14 mai 2025<\/a><\/li>\n\n\n\n<li><a href=\"http:\/\/cssst.gouv.qc.ca\/yamaska\/wp-content\/uploads\/sites\/23\/2025\/02\/PV-29-janvier-2025.pdf\">Proc\u00e8s-verbaux du 29 janvier 2025<\/a><\/li>\n\n\n\n<li><a href=\"http:\/\/cssst.gouv.qc.ca\/yamaska\/wp-content\/uploads\/sites\/23\/2025\/01\/PV-27-novembre-2024.pdf\">Proc\u00e8s-verbaux du 27 novembre 2024<\/a><\/li>\n\n\n\n<li><a href=\"http:\/\/cssst.gouv.qc.ca\/yamaska\/wp-content\/uploads\/sites\/23\/2025\/01\/PV-25-septembre-2024.pdf\">Proc\u00e8s-verbaux du 25 septembre 2024<\/a><\/li>\n<\/ul>\n","protected":false},"excerpt":{"rendered":"<p>Ordres du jour Rencontre du 30 mars 2026 Rencontre du 16 f\u00e9vrier 2026 Rencontre du 20 octobre 2025 Proc\u00e8s-verbaux Proc\u00e8s-verbal du 30 mars 2026 Proc\u00e8s-verbal du 16 f\u00e9vrier 2026 Proc\u00e8s-verbal du 20 octobre 2025<\/p>\n","protected":false},"author":1,"featured_media":0,"parent":5,"menu_order":9,"comment_status":"closed","ping_status":"closed","template":"","meta":{"_acf_changed":false,"inline_featured_image":false,"footnotes":""},"class_list":["post-9","page","type-page","status-publish","hentry"],"acf":[],"yoast_head":"<!-- This site is optimized with the Yoast SEO plugin v27.5 - https:\/\/yoast.com\/product\/yoast-seo-wordpress\/ -->\n<title>Conseil d&#039;\u00e9tablissement - \u00c9cole Yamaska<\/title>\n<meta name=\"robots\" content=\"index, follow, max-snippet:-1, max-image-preview:large, max-video-preview:-1\" \/>\n<link rel=\"canonical\" href=\"https:\/\/cssst.gouv.qc.ca\/yamaska\/ecole\/conseil-detablissement\/\" \/>\n<meta property=\"og:locale\" content=\"fr_CA\" \/>\n<meta property=\"og:type\" content=\"article\" \/>\n<meta property=\"og:title\" content=\"Conseil d&#039;\u00e9tablissement - \u00c9cole Yamaska\" \/>\n<meta property=\"og:description\" content=\"Ordres du jour Rencontre du 30 mars 2026 Rencontre du 16 f\u00e9vrier 2026 Rencontre du 20 octobre 2025 Proc\u00e8s-verbaux Proc\u00e8s-verbal du 30 mars 2026 Proc\u00e8s-verbal du 16 f\u00e9vrier 2026 Proc\u00e8s-verbal du 20 octobre 2025\" \/>\n<meta property=\"og:url\" content=\"https:\/\/cssst.gouv.qc.ca\/yamaska\/ecole\/conseil-detablissement\/\" \/>\n<meta property=\"og:site_name\" content=\"\u00c9cole Yamaska\" \/>\n<meta property=\"article:publisher\" content=\"https:\/\/www.facebook.com\/cssoreltracy\/?locale=fr_CA\" \/>\n<meta property=\"article:modified_time\" content=\"2026-04-03T14:12:30+00:00\" \/>\n<meta name=\"twitter:card\" content=\"summary_large_image\" \/>\n<meta name=\"twitter:label1\" content=\"Estimation du temps de lecture\" \/>\n\t<meta name=\"twitter:data1\" content=\"1 minute\" \/>\n<script type=\"application\/ld+json\" class=\"yoast-schema-graph\">{\"@context\":\"https:\\\/\\\/schema.org\",\"@graph\":[{\"@type\":\"WebPage\",\"@id\":\"https:\\\/\\\/cssst.gouv.qc.ca\\\/yamaska\\\/ecole\\\/conseil-detablissement\\\/\",\"url\":\"https:\\\/\\\/cssst.gouv.qc.ca\\\/yamaska\\\/ecole\\\/conseil-detablissement\\\/\",\"name\":\"Conseil d'\u00e9tablissement - \u00c9cole Yamaska\",\"isPartOf\":{\"@id\":\"https:\\\/\\\/cssst.gouv.qc.ca\\\/yamaska\\\/#website\"},\"datePublished\":\"2023-02-02T14:37:06+00:00\",\"dateModified\":\"2026-04-03T14:12:30+00:00\",\"breadcrumb\":{\"@id\":\"https:\\\/\\\/cssst.gouv.qc.ca\\\/yamaska\\\/ecole\\\/conseil-detablissement\\\/#breadcrumb\"},\"inLanguage\":\"fr-CA\",\"potentialAction\":[{\"@type\":\"ReadAction\",\"target\":[\"https:\\\/\\\/cssst.gouv.qc.ca\\\/yamaska\\\/ecole\\\/conseil-detablissement\\\/\"]}]},{\"@type\":\"BreadcrumbList\",\"@id\":\"https:\\\/\\\/cssst.gouv.qc.ca\\\/yamaska\\\/ecole\\\/conseil-detablissement\\\/#breadcrumb\",\"itemListElement\":[{\"@type\":\"ListItem\",\"position\":1,\"name\":\"Accueil\",\"item\":\"https:\\\/\\\/cssst.gouv.qc.ca\\\/yamaska\\\/\"},{\"@type\":\"ListItem\",\"position\":2,\"name\":\"\u00c9cole\",\"item\":\"https:\\\/\\\/cssst.gouv.qc.ca\\\/yamaska\\\/ecole\\\/\"},{\"@type\":\"ListItem\",\"position\":3,\"name\":\"Conseil d&rsquo;\u00e9tablissement\"}]},{\"@type\":\"WebSite\",\"@id\":\"https:\\\/\\\/cssst.gouv.qc.ca\\\/yamaska\\\/#website\",\"url\":\"https:\\\/\\\/cssst.gouv.qc.ca\\\/yamaska\\\/\",\"name\":\"\u00c9cole Yamaska\",\"description\":\"\",\"potentialAction\":[{\"@type\":\"SearchAction\",\"target\":{\"@type\":\"EntryPoint\",\"urlTemplate\":\"https:\\\/\\\/cssst.gouv.qc.ca\\\/yamaska\\\/?s={search_term_string}\"},\"query-input\":{\"@type\":\"PropertyValueSpecification\",\"valueRequired\":true,\"valueName\":\"search_term_string\"}}],\"inLanguage\":\"fr-CA\"}]}<\/script>\n<!-- \/ Yoast SEO plugin. -->","yoast_head_json":{"title":"Conseil d'\u00e9tablissement - \u00c9cole Yamaska","robots":{"index":"index","follow":"follow","max-snippet":"max-snippet:-1","max-image-preview":"max-image-preview:large","max-video-preview":"max-video-preview:-1"},"canonical":"https:\/\/cssst.gouv.qc.ca\/yamaska\/ecole\/conseil-detablissement\/","og_locale":"fr_CA","og_type":"article","og_title":"Conseil d'\u00e9tablissement - \u00c9cole Yamaska","og_description":"Ordres du jour Rencontre du 30 mars 2026 Rencontre du 16 f\u00e9vrier 2026 Rencontre du 20 octobre 2025 Proc\u00e8s-verbaux Proc\u00e8s-verbal du 30 mars 2026 Proc\u00e8s-verbal du 16 f\u00e9vrier 2026 Proc\u00e8s-verbal du 20 octobre 2025","og_url":"https:\/\/cssst.gouv.qc.ca\/yamaska\/ecole\/conseil-detablissement\/","og_site_name":"\u00c9cole Yamaska","article_publisher":"https:\/\/www.facebook.com\/cssoreltracy\/?locale=fr_CA","article_modified_time":"2026-04-03T14:12:30+00:00","twitter_card":"summary_large_image","twitter_misc":{"Estimation du temps de lecture":"1 minute"},"schema":{"@context":"https:\/\/schema.org","@graph":[{"@type":"WebPage","@id":"https:\/\/cssst.gouv.qc.ca\/yamaska\/ecole\/conseil-detablissement\/","url":"https:\/\/cssst.gouv.qc.ca\/yamaska\/ecole\/conseil-detablissement\/","name":"Conseil d'\u00e9tablissement - \u00c9cole Yamaska","isPartOf":{"@id":"https:\/\/cssst.gouv.qc.ca\/yamaska\/#website"},"datePublished":"2023-02-02T14:37:06+00:00","dateModified":"2026-04-03T14:12:30+00:00","breadcrumb":{"@id":"https:\/\/cssst.gouv.qc.ca\/yamaska\/ecole\/conseil-detablissement\/#breadcrumb"},"inLanguage":"fr-CA","potentialAction":[{"@type":"ReadAction","target":["https:\/\/cssst.gouv.qc.ca\/yamaska\/ecole\/conseil-detablissement\/"]}]},{"@type":"BreadcrumbList","@id":"https:\/\/cssst.gouv.qc.ca\/yamaska\/ecole\/conseil-detablissement\/#breadcrumb","itemListElement":[{"@type":"ListItem","position":1,"name":"Accueil","item":"https:\/\/cssst.gouv.qc.ca\/yamaska\/"},{"@type":"ListItem","position":2,"name":"\u00c9cole","item":"https:\/\/cssst.gouv.qc.ca\/yamaska\/ecole\/"},{"@type":"ListItem","position":3,"name":"Conseil d&rsquo;\u00e9tablissement"}]},{"@type":"WebSite","@id":"https:\/\/cssst.gouv.qc.ca\/yamaska\/#website","url":"https:\/\/cssst.gouv.qc.ca\/yamaska\/","name":"\u00c9cole Yamaska","description":"","potentialAction":[{"@type":"SearchAction","target":{"@type":"EntryPoint","urlTemplate":"https:\/\/cssst.gouv.qc.ca\/yamaska\/?s={search_term_string}"},"query-input":{"@type":"PropertyValueSpecification","valueRequired":true,"valueName":"search_term_string"}}],"inLanguage":"fr-CA"}]}},"_links":{"self":[{"href":"https:\/\/cssst.gouv.qc.ca\/yamaska\/wp-json\/wp\/v2\/pages\/9","targetHints":{"allow":["GET"]}}],"collection":[{"href":"https:\/\/cssst.gouv.qc.ca\/yamaska\/wp-json\/wp\/v2\/pages"}],"about":[{"href":"https:\/\/cssst.gouv.qc.ca\/yamaska\/wp-json\/wp\/v2\/types\/page"}],"author":[{"embeddable":true,"href":"https:\/\/cssst.gouv.qc.ca\/yamaska\/wp-json\/wp\/v2\/users\/1"}],"replies":[{"embeddable":true,"href":"https:\/\/cssst.gouv.qc.ca\/yamaska\/wp-json\/wp\/v2\/comments?post=9"}],"version-history":[{"count":0,"href":"https:\/\/cssst.gouv.qc.ca\/yamaska\/wp-json\/wp\/v2\/pages\/9\/revisions"}],"up":[{"embeddable":true,"href":"https:\/\/cssst.gouv.qc.ca\/yamaska\/wp-json\/wp\/v2\/pages\/5"}],"wp:attachment":[{"href":"https:\/\/cssst.gouv.qc.ca\/yamaska\/wp-json\/wp\/v2\/media?parent=9"}],"curies":[{"name":"wp","href":"https:\/\/api.w.org\/{rel}","templated":true}]}}