{"id":548,"date":"2026-04-03T10:25:20","date_gmt":"2026-04-03T14:25:20","guid":{"rendered":"https:\/\/cssst.gouv.qc.ca\/yamaska\/?page_id=548"},"modified":"2026-04-03T11:09:28","modified_gmt":"2026-04-03T15:09:28","slug":"communiques","status":"publish","type":"page","link":"https:\/\/cssst.gouv.qc.ca\/yamaska\/communiques\/","title":{"rendered":"Communiqu\u00e9s"},"content":{"rendered":"\n<div class=\"wp-block-group alignfull has-padding-y-large has-tertiary-background-color has-background\"><div class=\"yoast-breadcrumbs alignwide \"><span class=\"breadcrumbs\"><a href=\"https:\/\/cssst.gouv.qc.ca\/yamaska\/\" class=\"breadcrumbs__element\">Accueil<\/a> <span class=\"breadcrumbs__separator\">\n        <svg class=\"icon icon-breadcrumb__separator\"><use xlink:href=\"#icon-breadcrumb__separator\"><\/use><\/svg>\n    <\/span> <span class=\"breadcrumbs__element breadcrumbs__element-current\">Communiqu\u00e9s<\/span><\/span><\/div><\/div>\n\n\n\n<h1 class=\"wp-block-heading\">Communiqu\u00e9s<\/h1>\n\n\n\n\n<p class=\"act-lead\"><a href=\"http:\/\/cssst.gouv.qc.ca\/yamaska\/wp-content\/uploads\/sites\/23\/2026\/04\/ACTIVITES-A-VENIR.pdf\">Activit\u00e9s \u00e0 venir 2025-2026<\/a><\/p>\n\n\n\n\n\n<p class=\"act-lead\"><a href=\"http:\/\/cssst.gouv.qc.ca\/yamaska\/wp-content\/uploads\/sites\/23\/2026\/04\/DATE-IMPORTANTES-A-RETENIR.pdf\">Dates importantes \u00e0 retenir 2025-2026<\/a><\/p>\n\n\n\n\n\n<p class=\"act-lead\"><a href=\"http:\/\/cssst.gouv.qc.ca\/yamaska\/wp-content\/uploads\/sites\/23\/2026\/04\/Reprise-des-journees-de-tempete-de-neige.pdf\">Reprise des journ\u00e9es de temp\u00eate 2025-2026<\/a><\/p>\n\n\n\n\n\n<p class=\"act-lead\"><a href=\"http:\/\/cssst.gouv.qc.ca\/yamaska\/wp-content\/uploads\/sites\/23\/2026\/04\/Lettre_Rougeole_Parents.pdf\">Information rougeole<\/a><\/p>\n\n\n\n\n\n<p class=\"act-lead\"><a href=\"http:\/\/cssst.gouv.qc.ca\/yamaska\/wp-content\/uploads\/sites\/23\/2026\/04\/Lettre-aux-parents-lancement-Clic-ecole.pdf\">Lancement de Clic-\u00c9cole<\/a><\/p>\n\n\n\n\n\n<p class=\"act-lead\"><\/p>\n\n","protected":false},"excerpt":{"rendered":"<p>Communiqu\u00e9s<\/p>\n","protected":false},"author":55,"featured_media":0,"parent":0,"menu_order":5,"comment_status":"closed","ping_status":"closed","template":"","meta":{"_acf_changed":false,"inline_featured_image":false,"footnotes":""},"class_list":["post-548","page","type-page","status-publish","hentry"],"acf":[],"yoast_head":"<!-- This site is optimized with the Yoast SEO plugin v27.5 - https:\/\/yoast.com\/product\/yoast-seo-wordpress\/ -->\n<title>Communiqu\u00e9s - \u00c9cole Yamaska<\/title>\n<meta name=\"robots\" content=\"index, follow, max-snippet:-1, max-image-preview:large, max-video-preview:-1\" \/>\n<link rel=\"canonical\" href=\"https:\/\/cssst.gouv.qc.ca\/yamaska\/communiques\/\" \/>\n<meta property=\"og:locale\" content=\"fr_CA\" \/>\n<meta property=\"og:type\" content=\"article\" \/>\n<meta property=\"og:title\" content=\"Communiqu\u00e9s - \u00c9cole Yamaska\" \/>\n<meta property=\"og:description\" content=\"Communiqu\u00e9s\" \/>\n<meta property=\"og:url\" content=\"https:\/\/cssst.gouv.qc.ca\/yamaska\/communiques\/\" \/>\n<meta property=\"og:site_name\" content=\"\u00c9cole Yamaska\" \/>\n<meta property=\"article:publisher\" content=\"https:\/\/www.facebook.com\/cssoreltracy\/?locale=fr_CA\" \/>\n<meta property=\"article:modified_time\" content=\"2026-04-03T15:09:28+00:00\" \/>\n<meta name=\"twitter:card\" content=\"summary_large_image\" \/>\n<meta name=\"twitter:label1\" content=\"Estimation du temps de lecture\" \/>\n\t<meta name=\"twitter:data1\" content=\"1 minute\" \/>\n<script type=\"application\/ld+json\" class=\"yoast-schema-graph\">{\"@context\":\"https:\\\/\\\/schema.org\",\"@graph\":[{\"@type\":\"WebPage\",\"@id\":\"https:\\\/\\\/cssst.gouv.qc.ca\\\/yamaska\\\/communiques\\\/\",\"url\":\"https:\\\/\\\/cssst.gouv.qc.ca\\\/yamaska\\\/communiques\\\/\",\"name\":\"Communiqu\u00e9s - \u00c9cole Yamaska\",\"isPartOf\":{\"@id\":\"https:\\\/\\\/cssst.gouv.qc.ca\\\/yamaska\\\/#website\"},\"datePublished\":\"2026-04-03T14:25:20+00:00\",\"dateModified\":\"2026-04-03T15:09:28+00:00\",\"breadcrumb\":{\"@id\":\"https:\\\/\\\/cssst.gouv.qc.ca\\\/yamaska\\\/communiques\\\/#breadcrumb\"},\"inLanguage\":\"fr-CA\",\"potentialAction\":[{\"@type\":\"ReadAction\",\"target\":[\"https:\\\/\\\/cssst.gouv.qc.ca\\\/yamaska\\\/communiques\\\/\"]}]},{\"@type\":\"BreadcrumbList\",\"@id\":\"https:\\\/\\\/cssst.gouv.qc.ca\\\/yamaska\\\/communiques\\\/#breadcrumb\",\"itemListElement\":[{\"@type\":\"ListItem\",\"position\":1,\"name\":\"Accueil\",\"item\":\"https:\\\/\\\/cssst.gouv.qc.ca\\\/yamaska\\\/\"},{\"@type\":\"ListItem\",\"position\":2,\"name\":\"Communiqu\u00e9s\"}]},{\"@type\":\"WebSite\",\"@id\":\"https:\\\/\\\/cssst.gouv.qc.ca\\\/yamaska\\\/#website\",\"url\":\"https:\\\/\\\/cssst.gouv.qc.ca\\\/yamaska\\\/\",\"name\":\"\u00c9cole Yamaska\",\"description\":\"\",\"potentialAction\":[{\"@type\":\"SearchAction\",\"target\":{\"@type\":\"EntryPoint\",\"urlTemplate\":\"https:\\\/\\\/cssst.gouv.qc.ca\\\/yamaska\\\/?s={search_term_string}\"},\"query-input\":{\"@type\":\"PropertyValueSpecification\",\"valueRequired\":true,\"valueName\":\"search_term_string\"}}],\"inLanguage\":\"fr-CA\"}]}<\/script>\n<!-- \/ Yoast SEO plugin. -->","yoast_head_json":{"title":"Communiqu\u00e9s - \u00c9cole Yamaska","robots":{"index":"index","follow":"follow","max-snippet":"max-snippet:-1","max-image-preview":"max-image-preview:large","max-video-preview":"max-video-preview:-1"},"canonical":"https:\/\/cssst.gouv.qc.ca\/yamaska\/communiques\/","og_locale":"fr_CA","og_type":"article","og_title":"Communiqu\u00e9s - \u00c9cole Yamaska","og_description":"Communiqu\u00e9s","og_url":"https:\/\/cssst.gouv.qc.ca\/yamaska\/communiques\/","og_site_name":"\u00c9cole Yamaska","article_publisher":"https:\/\/www.facebook.com\/cssoreltracy\/?locale=fr_CA","article_modified_time":"2026-04-03T15:09:28+00:00","twitter_card":"summary_large_image","twitter_misc":{"Estimation du temps de lecture":"1 minute"},"schema":{"@context":"https:\/\/schema.org","@graph":[{"@type":"WebPage","@id":"https:\/\/cssst.gouv.qc.ca\/yamaska\/communiques\/","url":"https:\/\/cssst.gouv.qc.ca\/yamaska\/communiques\/","name":"Communiqu\u00e9s - \u00c9cole Yamaska","isPartOf":{"@id":"https:\/\/cssst.gouv.qc.ca\/yamaska\/#website"},"datePublished":"2026-04-03T14:25:20+00:00","dateModified":"2026-04-03T15:09:28+00:00","breadcrumb":{"@id":"https:\/\/cssst.gouv.qc.ca\/yamaska\/communiques\/#breadcrumb"},"inLanguage":"fr-CA","potentialAction":[{"@type":"ReadAction","target":["https:\/\/cssst.gouv.qc.ca\/yamaska\/communiques\/"]}]},{"@type":"BreadcrumbList","@id":"https:\/\/cssst.gouv.qc.ca\/yamaska\/communiques\/#breadcrumb","itemListElement":[{"@type":"ListItem","position":1,"name":"Accueil","item":"https:\/\/cssst.gouv.qc.ca\/yamaska\/"},{"@type":"ListItem","position":2,"name":"Communiqu\u00e9s"}]},{"@type":"WebSite","@id":"https:\/\/cssst.gouv.qc.ca\/yamaska\/#website","url":"https:\/\/cssst.gouv.qc.ca\/yamaska\/","name":"\u00c9cole Yamaska","description":"","potentialAction":[{"@type":"SearchAction","target":{"@type":"EntryPoint","urlTemplate":"https:\/\/cssst.gouv.qc.ca\/yamaska\/?s={search_term_string}"},"query-input":{"@type":"PropertyValueSpecification","valueRequired":true,"valueName":"search_term_string"}}],"inLanguage":"fr-CA"}]}},"_links":{"self":[{"href":"https:\/\/cssst.gouv.qc.ca\/yamaska\/wp-json\/wp\/v2\/pages\/548","targetHints":{"allow":["GET"]}}],"collection":[{"href":"https:\/\/cssst.gouv.qc.ca\/yamaska\/wp-json\/wp\/v2\/pages"}],"about":[{"href":"https:\/\/cssst.gouv.qc.ca\/yamaska\/wp-json\/wp\/v2\/types\/page"}],"author":[{"embeddable":true,"href":"https:\/\/cssst.gouv.qc.ca\/yamaska\/wp-json\/wp\/v2\/users\/55"}],"replies":[{"embeddable":true,"href":"https:\/\/cssst.gouv.qc.ca\/yamaska\/wp-json\/wp\/v2\/comments?post=548"}],"version-history":[{"count":0,"href":"https:\/\/cssst.gouv.qc.ca\/yamaska\/wp-json\/wp\/v2\/pages\/548\/revisions"}],"wp:attachment":[{"href":"https:\/\/cssst.gouv.qc.ca\/yamaska\/wp-json\/wp\/v2\/media?parent=548"}],"curies":[{"name":"wp","href":"https:\/\/api.w.org\/{rel}","templated":true}]}}