{"id":140,"date":"2025-01-25T08:23:02","date_gmt":"2025-01-25T13:23:02","guid":{"rendered":"https:\/\/cssst.gouv.qc.ca\/yamaska\/?page_id=140"},"modified":"2025-03-05T10:08:17","modified_gmt":"2025-03-05T15:08:17","slug":"transport-scolaire","status":"publish","type":"page","link":"https:\/\/cssst.gouv.qc.ca\/yamaska\/transport-scolaire\/","title":{"rendered":"Transport scolaire"},"content":{"rendered":"\n<div class=\"wp-block-group alignfull has-padding-y-large has-tertiary-background-color has-background\"><div class=\"yoast-breadcrumbs alignwide \"><span class=\"breadcrumbs\"><a href=\"https:\/\/cssst.gouv.qc.ca\/yamaska\/\" class=\"breadcrumbs__element\">Accueil<\/a> <span class=\"breadcrumbs__separator\">\n        <svg class=\"icon icon-breadcrumb__separator\"><use xlink:href=\"#icon-breadcrumb__separator\"><\/use><\/svg>\n    <\/span> <span class=\"breadcrumbs__element breadcrumbs__element-current\">Transport scolaire<\/span><\/span><\/div><\/div>\n\n\n\n<h1 class=\"wp-block-heading\"><\/h1>\n\n\n\n\n<p class=\"act-lead\"><\/p>\n\n\n\n\n<p><strong>Pour une plainte ou une demande d&rsquo;informations concernant le transport scolaire, veuillez contacter le centre de service scolaire.<\/strong><\/p>\n\n\n\n<p><strong>Num\u00e9ro de t\u00e9l\u00e9phone:<\/strong> (450) 746-3990, poste 6076<\/p>\n\n\n\n<p><strong>Adresse courriel:<\/strong> <a href=\"mailto:transport@csst.gouv.qc.ca\">transport@csst.gouv.qc.ca<\/a><\/p>\n\n\n\n<div data-wp-interactive=\"core\/file\" class=\"wp-block-file\"><object data-wp-bind--hidden=\"!state.hasPdfPreview\" hidden class=\"wp-block-file__embed\" data=\"http:\/\/cssst.gouv.qc.ca\/yamaska\/wp-content\/uploads\/sites\/23\/2025\/01\/Transport_scolaire_ReglementsV21.pdf\" type=\"application\/pdf\" style=\"width:100%;height:600px\" aria-label=\"Contenu incorpor\u00e9 Transport_scolaire_ReglementsV21.\"><\/object><a id=\"wp-block-file--media-bf93e035-3acb-463a-9887-3f8d96c092d6\" href=\"http:\/\/cssst.gouv.qc.ca\/yamaska\/wp-content\/uploads\/sites\/23\/2025\/01\/Transport_scolaire_ReglementsV21.pdf\">Transport_scolaire_ReglementsV21<\/a><a href=\"http:\/\/cssst.gouv.qc.ca\/yamaska\/wp-content\/uploads\/sites\/23\/2025\/01\/Transport_scolaire_ReglementsV21.pdf\" class=\"wp-block-file__button wp-element-button\" download aria-describedby=\"wp-block-file--media-bf93e035-3acb-463a-9887-3f8d96c092d6\">T\u00e9l\u00e9charger<\/a><\/div>\n\n\n\n<p><\/p>\n\n\n\n<figure class=\"wp-block-image size-full\"><img loading=\"lazy\" decoding=\"async\" width=\"960\" height=\"720\" src=\"https:\/\/cssst.gouv.qc.ca\/yamaska\/wp-content\/uploads\/sites\/23\/2025\/03\/Diapositive1.png\" alt=\"\" class=\"wp-image-329\" srcset=\"https:\/\/cssst.gouv.qc.ca\/yamaska\/wp-content\/uploads\/sites\/23\/2025\/03\/Diapositive1.png 960w, https:\/\/cssst.gouv.qc.ca\/yamaska\/wp-content\/uploads\/sites\/23\/2025\/03\/Diapositive1-300x225.png 300w, https:\/\/cssst.gouv.qc.ca\/yamaska\/wp-content\/uploads\/sites\/23\/2025\/03\/Diapositive1-768x576.png 768w\" sizes=\"auto, (max-width: 960px) 100vw, 960px\" \/><\/figure>\n","protected":false},"excerpt":{"rendered":"<p>Pour une plainte ou une demande d&rsquo;informations concernant le transport scolaire, veuillez contacter le centre de service scolaire. Num\u00e9ro de t\u00e9l\u00e9phone: (450) 746-3990, poste 6076 Adresse courriel: transport@csst.gouv.qc.ca<\/p>\n","protected":false},"author":49,"featured_media":0,"parent":0,"menu_order":3,"comment_status":"closed","ping_status":"closed","template":"","meta":{"_acf_changed":false,"inline_featured_image":false,"footnotes":""},"class_list":["post-140","page","type-page","status-publish","hentry"],"acf":[],"yoast_head":"<!-- This site is optimized with the Yoast SEO plugin v27.5 - https:\/\/yoast.com\/product\/yoast-seo-wordpress\/ -->\n<title>Transport scolaire - \u00c9cole Yamaska<\/title>\n<meta name=\"robots\" content=\"index, follow, max-snippet:-1, max-image-preview:large, max-video-preview:-1\" \/>\n<link rel=\"canonical\" href=\"https:\/\/cssst.gouv.qc.ca\/yamaska\/transport-scolaire\/\" \/>\n<meta property=\"og:locale\" content=\"fr_CA\" \/>\n<meta property=\"og:type\" content=\"article\" \/>\n<meta property=\"og:title\" content=\"Transport scolaire - \u00c9cole Yamaska\" \/>\n<meta property=\"og:description\" content=\"Pour une plainte ou une demande d&rsquo;informations concernant le transport scolaire, veuillez contacter le centre de service scolaire. Num\u00e9ro de t\u00e9l\u00e9phone: (450) 746-3990, poste 6076 Adresse courriel: transport@csst.gouv.qc.ca\" \/>\n<meta property=\"og:url\" content=\"https:\/\/cssst.gouv.qc.ca\/yamaska\/transport-scolaire\/\" \/>\n<meta property=\"og:site_name\" content=\"\u00c9cole Yamaska\" \/>\n<meta property=\"article:publisher\" content=\"https:\/\/www.facebook.com\/cssoreltracy\/?locale=fr_CA\" \/>\n<meta property=\"article:modified_time\" content=\"2025-03-05T15:08:17+00:00\" \/>\n<meta property=\"og:image\" content=\"https:\/\/cssst.gouv.qc.ca\/yamaska\/wp-content\/uploads\/sites\/23\/2025\/03\/Diapositive1.png\" \/>\n\t<meta property=\"og:image:width\" content=\"960\" \/>\n\t<meta property=\"og:image:height\" content=\"720\" \/>\n\t<meta property=\"og:image:type\" content=\"image\/png\" \/>\n<meta name=\"twitter:card\" content=\"summary_large_image\" \/>\n<meta name=\"twitter:label1\" content=\"Estimation du temps de lecture\" \/>\n\t<meta name=\"twitter:data1\" content=\"1 minute\" \/>\n<script type=\"application\/ld+json\" class=\"yoast-schema-graph\">{\"@context\":\"https:\\\/\\\/schema.org\",\"@graph\":[{\"@type\":\"WebPage\",\"@id\":\"https:\\\/\\\/cssst.gouv.qc.ca\\\/yamaska\\\/transport-scolaire\\\/\",\"url\":\"https:\\\/\\\/cssst.gouv.qc.ca\\\/yamaska\\\/transport-scolaire\\\/\",\"name\":\"Transport scolaire - \u00c9cole Yamaska\",\"isPartOf\":{\"@id\":\"https:\\\/\\\/cssst.gouv.qc.ca\\\/yamaska\\\/#website\"},\"primaryImageOfPage\":{\"@id\":\"https:\\\/\\\/cssst.gouv.qc.ca\\\/yamaska\\\/transport-scolaire\\\/#primaryimage\"},\"image\":{\"@id\":\"https:\\\/\\\/cssst.gouv.qc.ca\\\/yamaska\\\/transport-scolaire\\\/#primaryimage\"},\"thumbnailUrl\":\"https:\\\/\\\/cssst.gouv.qc.ca\\\/yamaska\\\/wp-content\\\/uploads\\\/sites\\\/23\\\/2025\\\/03\\\/Diapositive1.png\",\"datePublished\":\"2025-01-25T13:23:02+00:00\",\"dateModified\":\"2025-03-05T15:08:17+00:00\",\"breadcrumb\":{\"@id\":\"https:\\\/\\\/cssst.gouv.qc.ca\\\/yamaska\\\/transport-scolaire\\\/#breadcrumb\"},\"inLanguage\":\"fr-CA\",\"potentialAction\":[{\"@type\":\"ReadAction\",\"target\":[\"https:\\\/\\\/cssst.gouv.qc.ca\\\/yamaska\\\/transport-scolaire\\\/\"]}]},{\"@type\":\"ImageObject\",\"inLanguage\":\"fr-CA\",\"@id\":\"https:\\\/\\\/cssst.gouv.qc.ca\\\/yamaska\\\/transport-scolaire\\\/#primaryimage\",\"url\":\"https:\\\/\\\/cssst.gouv.qc.ca\\\/yamaska\\\/wp-content\\\/uploads\\\/sites\\\/23\\\/2025\\\/03\\\/Diapositive1.png\",\"contentUrl\":\"https:\\\/\\\/cssst.gouv.qc.ca\\\/yamaska\\\/wp-content\\\/uploads\\\/sites\\\/23\\\/2025\\\/03\\\/Diapositive1.png\",\"width\":960,\"height\":720},{\"@type\":\"BreadcrumbList\",\"@id\":\"https:\\\/\\\/cssst.gouv.qc.ca\\\/yamaska\\\/transport-scolaire\\\/#breadcrumb\",\"itemListElement\":[{\"@type\":\"ListItem\",\"position\":1,\"name\":\"Accueil\",\"item\":\"https:\\\/\\\/cssst.gouv.qc.ca\\\/yamaska\\\/\"},{\"@type\":\"ListItem\",\"position\":2,\"name\":\"Transport scolaire\"}]},{\"@type\":\"WebSite\",\"@id\":\"https:\\\/\\\/cssst.gouv.qc.ca\\\/yamaska\\\/#website\",\"url\":\"https:\\\/\\\/cssst.gouv.qc.ca\\\/yamaska\\\/\",\"name\":\"\u00c9cole Yamaska\",\"description\":\"\",\"potentialAction\":[{\"@type\":\"SearchAction\",\"target\":{\"@type\":\"EntryPoint\",\"urlTemplate\":\"https:\\\/\\\/cssst.gouv.qc.ca\\\/yamaska\\\/?s={search_term_string}\"},\"query-input\":{\"@type\":\"PropertyValueSpecification\",\"valueRequired\":true,\"valueName\":\"search_term_string\"}}],\"inLanguage\":\"fr-CA\"}]}<\/script>\n<!-- \/ Yoast SEO plugin. -->","yoast_head_json":{"title":"Transport scolaire - \u00c9cole Yamaska","robots":{"index":"index","follow":"follow","max-snippet":"max-snippet:-1","max-image-preview":"max-image-preview:large","max-video-preview":"max-video-preview:-1"},"canonical":"https:\/\/cssst.gouv.qc.ca\/yamaska\/transport-scolaire\/","og_locale":"fr_CA","og_type":"article","og_title":"Transport scolaire - \u00c9cole Yamaska","og_description":"Pour une plainte ou une demande d&rsquo;informations concernant le transport scolaire, veuillez contacter le centre de service scolaire. Num\u00e9ro de t\u00e9l\u00e9phone: (450) 746-3990, poste 6076 Adresse courriel: transport@csst.gouv.qc.ca","og_url":"https:\/\/cssst.gouv.qc.ca\/yamaska\/transport-scolaire\/","og_site_name":"\u00c9cole Yamaska","article_publisher":"https:\/\/www.facebook.com\/cssoreltracy\/?locale=fr_CA","article_modified_time":"2025-03-05T15:08:17+00:00","og_image":[{"width":960,"height":720,"url":"https:\/\/cssst.gouv.qc.ca\/yamaska\/wp-content\/uploads\/sites\/23\/2025\/03\/Diapositive1.png","type":"image\/png"}],"twitter_card":"summary_large_image","twitter_misc":{"Estimation du temps de lecture":"1 minute"},"schema":{"@context":"https:\/\/schema.org","@graph":[{"@type":"WebPage","@id":"https:\/\/cssst.gouv.qc.ca\/yamaska\/transport-scolaire\/","url":"https:\/\/cssst.gouv.qc.ca\/yamaska\/transport-scolaire\/","name":"Transport scolaire - \u00c9cole Yamaska","isPartOf":{"@id":"https:\/\/cssst.gouv.qc.ca\/yamaska\/#website"},"primaryImageOfPage":{"@id":"https:\/\/cssst.gouv.qc.ca\/yamaska\/transport-scolaire\/#primaryimage"},"image":{"@id":"https:\/\/cssst.gouv.qc.ca\/yamaska\/transport-scolaire\/#primaryimage"},"thumbnailUrl":"https:\/\/cssst.gouv.qc.ca\/yamaska\/wp-content\/uploads\/sites\/23\/2025\/03\/Diapositive1.png","datePublished":"2025-01-25T13:23:02+00:00","dateModified":"2025-03-05T15:08:17+00:00","breadcrumb":{"@id":"https:\/\/cssst.gouv.qc.ca\/yamaska\/transport-scolaire\/#breadcrumb"},"inLanguage":"fr-CA","potentialAction":[{"@type":"ReadAction","target":["https:\/\/cssst.gouv.qc.ca\/yamaska\/transport-scolaire\/"]}]},{"@type":"ImageObject","inLanguage":"fr-CA","@id":"https:\/\/cssst.gouv.qc.ca\/yamaska\/transport-scolaire\/#primaryimage","url":"https:\/\/cssst.gouv.qc.ca\/yamaska\/wp-content\/uploads\/sites\/23\/2025\/03\/Diapositive1.png","contentUrl":"https:\/\/cssst.gouv.qc.ca\/yamaska\/wp-content\/uploads\/sites\/23\/2025\/03\/Diapositive1.png","width":960,"height":720},{"@type":"BreadcrumbList","@id":"https:\/\/cssst.gouv.qc.ca\/yamaska\/transport-scolaire\/#breadcrumb","itemListElement":[{"@type":"ListItem","position":1,"name":"Accueil","item":"https:\/\/cssst.gouv.qc.ca\/yamaska\/"},{"@type":"ListItem","position":2,"name":"Transport scolaire"}]},{"@type":"WebSite","@id":"https:\/\/cssst.gouv.qc.ca\/yamaska\/#website","url":"https:\/\/cssst.gouv.qc.ca\/yamaska\/","name":"\u00c9cole Yamaska","description":"","potentialAction":[{"@type":"SearchAction","target":{"@type":"EntryPoint","urlTemplate":"https:\/\/cssst.gouv.qc.ca\/yamaska\/?s={search_term_string}"},"query-input":{"@type":"PropertyValueSpecification","valueRequired":true,"valueName":"search_term_string"}}],"inLanguage":"fr-CA"}]}},"_links":{"self":[{"href":"https:\/\/cssst.gouv.qc.ca\/yamaska\/wp-json\/wp\/v2\/pages\/140","targetHints":{"allow":["GET"]}}],"collection":[{"href":"https:\/\/cssst.gouv.qc.ca\/yamaska\/wp-json\/wp\/v2\/pages"}],"about":[{"href":"https:\/\/cssst.gouv.qc.ca\/yamaska\/wp-json\/wp\/v2\/types\/page"}],"author":[{"embeddable":true,"href":"https:\/\/cssst.gouv.qc.ca\/yamaska\/wp-json\/wp\/v2\/users\/49"}],"replies":[{"embeddable":true,"href":"https:\/\/cssst.gouv.qc.ca\/yamaska\/wp-json\/wp\/v2\/comments?post=140"}],"version-history":[{"count":0,"href":"https:\/\/cssst.gouv.qc.ca\/yamaska\/wp-json\/wp\/v2\/pages\/140\/revisions"}],"wp:attachment":[{"href":"https:\/\/cssst.gouv.qc.ca\/yamaska\/wp-json\/wp\/v2\/media?parent=140"}],"curies":[{"name":"wp","href":"https:\/\/api.w.org\/{rel}","templated":true}]}}