{"id":8,"date":"2023-02-02T09:37:06","date_gmt":"2023-02-02T14:37:06","guid":{"rendered":"https:\/\/cssst.gouv.qc.ca\/sainte-victoire\/ecole\/comites\/"},"modified":"2026-04-21T08:39:02","modified_gmt":"2026-04-21T12:39:02","slug":"comites","status":"publish","type":"page","link":"https:\/\/cssst.gouv.qc.ca\/sainte-victoire\/ecole\/comites\/","title":{"rendered":"Conseil d&rsquo;\u00e9tablissement"},"content":{"rendered":"\n<p><\/p>\n\n\n\n<h2 class=\"wp-block-heading\">Comit\u00e9s du conseil d&rsquo;\u00e9tablissement<\/h2>\n\n\n\n<ul class=\"wp-block-list\">\n<li><strong>M\u00e9gane Clavet,<\/strong> <em>pr\u00e9sident<\/em><\/li>\n\n\n\n<li><strong>Nicolas Bouchard<\/strong>, <em>vice-pr\u00e9sidente<\/em><\/li>\n\n\n\n<li><strong>Laurence No\u00ebl,<\/strong> <em>parent<\/em><\/li>\n\n\n\n<li><strong>Isabelle Demers,<\/strong> <em>parent<\/em><\/li>\n\n\n\n<li><strong>Andr\u00e9anne Dumont,<\/strong> <em>parent<\/em><\/li>\n\n\n\n<li><strong>Christian Bourbeau,<\/strong><em> direct<\/em>eur<\/li>\n\n\n\n<li><strong>France Auger,<\/strong> <em>enseignante<\/em><\/li>\n\n\n\n<li><strong>Joanie Boisvert,<\/strong> <em>enseignante<\/em><\/li>\n\n\n\n<li><strong>St\u00e9phanie Lavall\u00e9e<\/strong>, <em>enseignante<\/em><\/li>\n\n\n\n<li><strong>Jo\u00e9 Leduc, <\/strong><em>enseignant<\/em><\/li>\n\n\n\n<li><strong>Sandryne Desch\u00eanes, <\/strong><em>service de garde<\/em><\/li>\n<\/ul>\n\n\n\n<h2 class=\"wp-block-heading\">Dates <\/h2>\n\n\n\n<ul class=\"wp-block-list\">\n<li>Mercredi 1er octobre 2025<\/li>\n\n\n\n<li>Mercredi 26 novembre 2025<\/li>\n\n\n\n<li>Mercredi 28 janvier 2026<\/li>\n\n\n\n<li>Mercredi 8 avril 2026<\/li>\n\n\n\n<li>Mercredi 17 juin 2026<\/li>\n<\/ul>\n\n\n\n<h2 class=\"wp-block-heading\">Proc\u00e8s-verbaux<\/h2>\n\n\n\n<div class=\"act-collapsible\">\n<h5 class=\"wp-block-heading act-collapsible__heading\">2025-2026<\/h5>\n\n\n\n<div class=\"act-collapsible__content\"><div class=\"act-collapsible__content-inner\">\n<div class=\"wp-block-file\"><a id=\"wp-block-file--media-3b77cfe5-09ff-47cb-8439-7822c40e584b\" href=\"https:\/\/cssst.gouv.qc.ca\/sainte-victoire\/wp-content\/uploads\/sites\/15\/2025\/12\/PV-1er-octobre-2025.pdf\">PV 1er octobre 2025<\/a><a href=\"https:\/\/cssst.gouv.qc.ca\/sainte-victoire\/wp-content\/uploads\/sites\/15\/2025\/12\/PV-1er-octobre-2025.pdf\" class=\"wp-block-file__button wp-element-button\" download aria-describedby=\"wp-block-file--media-3b77cfe5-09ff-47cb-8439-7822c40e584b\">T\u00e9l\u00e9charger<\/a><\/div>\n\n\n\n<div data-wp-interactive=\"core\/file\" class=\"wp-block-file\"><object data-wp-bind--hidden=\"!state.hasPdfPreview\" hidden class=\"wp-block-file__embed\" data=\"https:\/\/cssst.gouv.qc.ca\/sainte-victoire\/wp-content\/uploads\/sites\/15\/2026\/02\/PV-28-janvier-2026-2.pdf\" type=\"application\/pdf\" style=\"width:100%;height:600px\" aria-label=\"Contenu incorpor\u00e9 PV 28 janvier 2026.\"><\/object><a id=\"wp-block-file--media-1da41658-7e25-4240-a703-394a4306b014\" href=\"https:\/\/cssst.gouv.qc.ca\/sainte-victoire\/wp-content\/uploads\/sites\/15\/2026\/02\/PV-28-janvier-2026-2.pdf\">PV 28 janvier 2026<\/a><a href=\"https:\/\/cssst.gouv.qc.ca\/sainte-victoire\/wp-content\/uploads\/sites\/15\/2026\/02\/PV-28-janvier-2026-2.pdf\" class=\"wp-block-file__button wp-element-button\" download aria-describedby=\"wp-block-file--media-1da41658-7e25-4240-a703-394a4306b014\">T\u00e9l\u00e9charger<\/a><\/div>\n\n\n\n<div data-wp-interactive=\"core\/file\" class=\"wp-block-file\"><object data-wp-bind--hidden=\"!state.hasPdfPreview\" hidden class=\"wp-block-file__embed\" data=\"https:\/\/cssst.gouv.qc.ca\/sainte-victoire\/wp-content\/uploads\/sites\/15\/2026\/04\/PV-8-avril-2026-1.pdf\" type=\"application\/pdf\" style=\"width:100%;height:600px\" aria-label=\"Contenu incorpor\u00e9 PV 8 avril 2026.\"><\/object><a id=\"wp-block-file--media-f7a34984-da09-43d5-808a-f6f083224da7\" href=\"https:\/\/cssst.gouv.qc.ca\/sainte-victoire\/wp-content\/uploads\/sites\/15\/2026\/04\/PV-8-avril-2026-1.pdf\">PV 8 avril 2026<\/a><a href=\"https:\/\/cssst.gouv.qc.ca\/sainte-victoire\/wp-content\/uploads\/sites\/15\/2026\/04\/PV-8-avril-2026-1.pdf\" class=\"wp-block-file__button wp-element-button\" download aria-describedby=\"wp-block-file--media-f7a34984-da09-43d5-808a-f6f083224da7\">T\u00e9l\u00e9charger<\/a><\/div>\n<\/div><\/div>\n<\/div>\n\n\n\n<div class=\"act-collapsible\">\n<h5 class=\"wp-block-heading act-collapsible__heading\">2024-2025<\/h5>\n\n\n\n<div class=\"act-collapsible__content\"><div class=\"act-collapsible__content-inner\">\n<div class=\"wp-block-file\"><a id=\"wp-block-file--media-19f228d7-b170-472a-b8f3-4777918e27df\" href=\"https:\/\/cssst.gouv.qc.ca\/sainte-victoire\/wp-content\/uploads\/sites\/15\/2025\/03\/PV-25-septembre-2024-1.pdf\">PV 25 septembre 2024<\/a><\/div>\n\n\n\n<div class=\"wp-block-file\"><a id=\"wp-block-file--media-f12266b6-e60a-4e17-84de-d825ab1f82df\" href=\"https:\/\/cssst.gouv.qc.ca\/sainte-victoire\/wp-content\/uploads\/sites\/15\/2025\/03\/PV-27-novembre-2024-1.pdf\">PV 27 novembre 2024<\/a><\/div>\n\n\n\n<div class=\"wp-block-file\"><a id=\"wp-block-file--media-e48d1d22-cd19-4b23-86cc-744ad5091db0\" href=\"http:\/\/cssst.gouv.qc.ca\/sainte-victoire\/wp-content\/uploads\/sites\/15\/2025\/04\/PV-29-janvier-2025.pdf\">PV 29 janvier 2025<\/a><\/div>\n\n\n\n<div class=\"wp-block-file\"><a id=\"wp-block-file--media-043347bf-af4b-419c-9044-819e47c181c2\" href=\"https:\/\/cssst.gouv.qc.ca\/sainte-victoire\/wp-content\/uploads\/sites\/15\/2025\/10\/PV-9-avril-2025-1.pdf\">PV 9 avril 2025<\/a><\/div>\n\n\n\n<div class=\"wp-block-file\"><a id=\"wp-block-file--media-e26fefb4-af66-4ffa-a538-fd189d1bd47d\" href=\"https:\/\/cssst.gouv.qc.ca\/sainte-victoire\/wp-content\/uploads\/sites\/15\/2025\/10\/PV-16-juin-2025-1.pdf\">PV 16 juin 2025<\/a><\/div>\n<\/div><\/div>\n<\/div>\n\n\n\n<p><\/p>\n","protected":false},"excerpt":{"rendered":"<p>Comit\u00e9s du conseil d&rsquo;\u00e9tablissement Dates Proc\u00e8s-verbaux<\/p>\n","protected":false},"author":1,"featured_media":0,"parent":5,"menu_order":0,"comment_status":"closed","ping_status":"closed","template":"","meta":{"_acf_changed":false,"inline_featured_image":false,"footnotes":""},"class_list":["post-8","page","type-page","status-publish","hentry"],"acf":[],"yoast_head":"<!-- This site is optimized with the Yoast SEO plugin v27.5 - https:\/\/yoast.com\/product\/yoast-seo-wordpress\/ -->\n<title>Conseil d&#039;\u00e9tablissement - \u00c9cole Sainte-Victoire<\/title>\n<meta name=\"robots\" content=\"index, follow, max-snippet:-1, max-image-preview:large, max-video-preview:-1\" \/>\n<link rel=\"canonical\" href=\"https:\/\/cssst.gouv.qc.ca\/sainte-victoire\/ecole\/comites\/\" \/>\n<meta property=\"og:locale\" content=\"fr_CA\" \/>\n<meta property=\"og:type\" content=\"article\" \/>\n<meta property=\"og:title\" content=\"Conseil d&#039;\u00e9tablissement - \u00c9cole Sainte-Victoire\" \/>\n<meta property=\"og:description\" content=\"Comit\u00e9s du conseil d&rsquo;\u00e9tablissement Dates Proc\u00e8s-verbaux\" \/>\n<meta property=\"og:url\" content=\"https:\/\/cssst.gouv.qc.ca\/sainte-victoire\/ecole\/comites\/\" \/>\n<meta property=\"og:site_name\" content=\"\u00c9cole Sainte-Victoire\" \/>\n<meta property=\"article:modified_time\" content=\"2026-04-21T12:39:02+00:00\" \/>\n<meta name=\"twitter:card\" content=\"summary_large_image\" \/>\n<meta name=\"twitter:label1\" content=\"Estimation du temps de lecture\" \/>\n\t<meta name=\"twitter:data1\" content=\"1 minute\" \/>\n<script type=\"application\/ld+json\" class=\"yoast-schema-graph\">{\"@context\":\"https:\\\/\\\/schema.org\",\"@graph\":[{\"@type\":\"WebPage\",\"@id\":\"https:\\\/\\\/cssst.gouv.qc.ca\\\/sainte-victoire\\\/ecole\\\/comites\\\/\",\"url\":\"https:\\\/\\\/cssst.gouv.qc.ca\\\/sainte-victoire\\\/ecole\\\/comites\\\/\",\"name\":\"Conseil d'\u00e9tablissement - \u00c9cole Sainte-Victoire\",\"isPartOf\":{\"@id\":\"https:\\\/\\\/cssst.gouv.qc.ca\\\/sainte-victoire\\\/#website\"},\"datePublished\":\"2023-02-02T14:37:06+00:00\",\"dateModified\":\"2026-04-21T12:39:02+00:00\",\"breadcrumb\":{\"@id\":\"https:\\\/\\\/cssst.gouv.qc.ca\\\/sainte-victoire\\\/ecole\\\/comites\\\/#breadcrumb\"},\"inLanguage\":\"fr-CA\",\"potentialAction\":[{\"@type\":\"ReadAction\",\"target\":[\"https:\\\/\\\/cssst.gouv.qc.ca\\\/sainte-victoire\\\/ecole\\\/comites\\\/\"]}]},{\"@type\":\"BreadcrumbList\",\"@id\":\"https:\\\/\\\/cssst.gouv.qc.ca\\\/sainte-victoire\\\/ecole\\\/comites\\\/#breadcrumb\",\"itemListElement\":[{\"@type\":\"ListItem\",\"position\":1,\"name\":\"Accueil\",\"item\":\"https:\\\/\\\/cssst.gouv.qc.ca\\\/sainte-victoire\\\/\"},{\"@type\":\"ListItem\",\"position\":2,\"name\":\"\u00c9cole\",\"item\":\"https:\\\/\\\/cssst.gouv.qc.ca\\\/sainte-victoire\\\/ecole\\\/\"},{\"@type\":\"ListItem\",\"position\":3,\"name\":\"Conseil d&rsquo;\u00e9tablissement\"}]},{\"@type\":\"WebSite\",\"@id\":\"https:\\\/\\\/cssst.gouv.qc.ca\\\/sainte-victoire\\\/#website\",\"url\":\"https:\\\/\\\/cssst.gouv.qc.ca\\\/sainte-victoire\\\/\",\"name\":\"\u00c9cole Sainte-Victoire\",\"description\":\"\",\"potentialAction\":[{\"@type\":\"SearchAction\",\"target\":{\"@type\":\"EntryPoint\",\"urlTemplate\":\"https:\\\/\\\/cssst.gouv.qc.ca\\\/sainte-victoire\\\/?s={search_term_string}\"},\"query-input\":{\"@type\":\"PropertyValueSpecification\",\"valueRequired\":true,\"valueName\":\"search_term_string\"}}],\"inLanguage\":\"fr-CA\"}]}<\/script>\n<!-- \/ Yoast SEO plugin. -->","yoast_head_json":{"title":"Conseil d'\u00e9tablissement - \u00c9cole Sainte-Victoire","robots":{"index":"index","follow":"follow","max-snippet":"max-snippet:-1","max-image-preview":"max-image-preview:large","max-video-preview":"max-video-preview:-1"},"canonical":"https:\/\/cssst.gouv.qc.ca\/sainte-victoire\/ecole\/comites\/","og_locale":"fr_CA","og_type":"article","og_title":"Conseil d'\u00e9tablissement - \u00c9cole Sainte-Victoire","og_description":"Comit\u00e9s du conseil d&rsquo;\u00e9tablissement Dates Proc\u00e8s-verbaux","og_url":"https:\/\/cssst.gouv.qc.ca\/sainte-victoire\/ecole\/comites\/","og_site_name":"\u00c9cole Sainte-Victoire","article_modified_time":"2026-04-21T12:39:02+00:00","twitter_card":"summary_large_image","twitter_misc":{"Estimation du temps de lecture":"1 minute"},"schema":{"@context":"https:\/\/schema.org","@graph":[{"@type":"WebPage","@id":"https:\/\/cssst.gouv.qc.ca\/sainte-victoire\/ecole\/comites\/","url":"https:\/\/cssst.gouv.qc.ca\/sainte-victoire\/ecole\/comites\/","name":"Conseil d'\u00e9tablissement - \u00c9cole Sainte-Victoire","isPartOf":{"@id":"https:\/\/cssst.gouv.qc.ca\/sainte-victoire\/#website"},"datePublished":"2023-02-02T14:37:06+00:00","dateModified":"2026-04-21T12:39:02+00:00","breadcrumb":{"@id":"https:\/\/cssst.gouv.qc.ca\/sainte-victoire\/ecole\/comites\/#breadcrumb"},"inLanguage":"fr-CA","potentialAction":[{"@type":"ReadAction","target":["https:\/\/cssst.gouv.qc.ca\/sainte-victoire\/ecole\/comites\/"]}]},{"@type":"BreadcrumbList","@id":"https:\/\/cssst.gouv.qc.ca\/sainte-victoire\/ecole\/comites\/#breadcrumb","itemListElement":[{"@type":"ListItem","position":1,"name":"Accueil","item":"https:\/\/cssst.gouv.qc.ca\/sainte-victoire\/"},{"@type":"ListItem","position":2,"name":"\u00c9cole","item":"https:\/\/cssst.gouv.qc.ca\/sainte-victoire\/ecole\/"},{"@type":"ListItem","position":3,"name":"Conseil d&rsquo;\u00e9tablissement"}]},{"@type":"WebSite","@id":"https:\/\/cssst.gouv.qc.ca\/sainte-victoire\/#website","url":"https:\/\/cssst.gouv.qc.ca\/sainte-victoire\/","name":"\u00c9cole Sainte-Victoire","description":"","potentialAction":[{"@type":"SearchAction","target":{"@type":"EntryPoint","urlTemplate":"https:\/\/cssst.gouv.qc.ca\/sainte-victoire\/?s={search_term_string}"},"query-input":{"@type":"PropertyValueSpecification","valueRequired":true,"valueName":"search_term_string"}}],"inLanguage":"fr-CA"}]}},"_links":{"self":[{"href":"https:\/\/cssst.gouv.qc.ca\/sainte-victoire\/wp-json\/wp\/v2\/pages\/8","targetHints":{"allow":["GET"]}}],"collection":[{"href":"https:\/\/cssst.gouv.qc.ca\/sainte-victoire\/wp-json\/wp\/v2\/pages"}],"about":[{"href":"https:\/\/cssst.gouv.qc.ca\/sainte-victoire\/wp-json\/wp\/v2\/types\/page"}],"author":[{"embeddable":true,"href":"https:\/\/cssst.gouv.qc.ca\/sainte-victoire\/wp-json\/wp\/v2\/users\/1"}],"replies":[{"embeddable":true,"href":"https:\/\/cssst.gouv.qc.ca\/sainte-victoire\/wp-json\/wp\/v2\/comments?post=8"}],"version-history":[{"count":0,"href":"https:\/\/cssst.gouv.qc.ca\/sainte-victoire\/wp-json\/wp\/v2\/pages\/8\/revisions"}],"up":[{"embeddable":true,"href":"https:\/\/cssst.gouv.qc.ca\/sainte-victoire\/wp-json\/wp\/v2\/pages\/5"}],"wp:attachment":[{"href":"https:\/\/cssst.gouv.qc.ca\/sainte-victoire\/wp-json\/wp\/v2\/media?parent=8"}],"curies":[{"name":"wp","href":"https:\/\/api.w.org\/{rel}","templated":true}]}}