{"id":672,"date":"2025-08-19T13:48:47","date_gmt":"2025-08-19T17:48:47","guid":{"rendered":"https:\/\/cssst.gouv.qc.ca\/sainte-victoire\/?page_id=672"},"modified":"2026-01-30T11:44:30","modified_gmt":"2026-01-30T16:44:30","slug":"service-de-garde","status":"publish","type":"page","link":"https:\/\/cssst.gouv.qc.ca\/sainte-victoire\/service-de-garde\/","title":{"rendered":"Service de garde"},"content":{"rendered":"\n<div class=\"wp-block-cover alignfull is-repeated has-custom-content-position is-position-center-left is-style-hero-home-subsite wp-duotone-unset-2\" style=\"box-shadow:none;min-height:332px;aspect-ratio:unset;\"><div class=\"wp-block-cover__image-background wp-image-273 is-repeated\" style=\"background-position:46% 61%;background-image:url(http:\/\/cssst.gouv.qc.ca\/sainte-victoire\/wp-content\/uploads\/sites\/15\/2024\/12\/journal.jpg)\"><\/div><span aria-hidden=\"true\" class=\"wp-block-cover__background has-grey-80-background-color has-background-dim-100 has-background-dim\"><\/span><div class=\"wp-block-cover__inner-container\">\n<h2 class=\"wp-block-heading wp-block-post-title has-secondary-color has-text-color has-link-color wp-elements-b65cfe90bae63bd33e24c33790336ff9\">Service de garde<\/h2>\n<\/div><\/div>\n\n\n\n<h1 class=\"wp-block-heading\">Service de garde<\/h1>\n\n\n\n<div data-wp-interactive=\"core\/file\" class=\"wp-block-file\"><object data-wp-bind--hidden=\"!state.hasPdfPreview\" hidden class=\"wp-block-file__embed\" data=\"https:\/\/cssst.gouv.qc.ca\/sainte-victoire\/wp-content\/uploads\/sites\/15\/2026\/01\/Programme-dactivites-2025-2026-1.pdf\" type=\"application\/pdf\" style=\"width:100%;height:600px\" aria-label=\"Contenu incorpor\u00e9 Programme d&apos;activit\u00e9s 2025-2026.\"><\/object><a id=\"wp-block-file--media-188bf5ad-5818-481c-9ac3-8175861e333e\" href=\"https:\/\/cssst.gouv.qc.ca\/sainte-victoire\/wp-content\/uploads\/sites\/15\/2026\/01\/Programme-dactivites-2025-2026-1.pdf\">Programme d&rsquo;activit\u00e9s 2025-2026<\/a><a href=\"https:\/\/cssst.gouv.qc.ca\/sainte-victoire\/wp-content\/uploads\/sites\/15\/2026\/01\/Programme-dactivites-2025-2026-1.pdf\" class=\"wp-block-file__button wp-element-button\" download aria-describedby=\"wp-block-file--media-188bf5ad-5818-481c-9ac3-8175861e333e\">T\u00e9l\u00e9charger<\/a><\/div>\n\n\n\n<hr class=\"wp-block-separator has-alpha-channel-opacity\" \/>\n\n\n\n<div class=\"wp-block-file\"><a id=\"wp-block-file--media-68ed8be8-ba09-4151-94c5-ebc121bdc0ae\" href=\"https:\/\/cssst.gouv.qc.ca\/sainte-victoire\/wp-content\/uploads\/sites\/15\/2025\/08\/Fiche-dinscription.pdf\">Fiche d&rsquo;inscription<\/a><a href=\"https:\/\/cssst.gouv.qc.ca\/sainte-victoire\/wp-content\/uploads\/sites\/15\/2025\/08\/Fiche-dinscription.pdf\" class=\"wp-block-file__button wp-element-button\" download aria-describedby=\"wp-block-file--media-68ed8be8-ba09-4151-94c5-ebc121bdc0ae\">T\u00e9l\u00e9charger<\/a><\/div>\n\n\n\n<div class=\"wp-block-file\"><a id=\"wp-block-file--media-ffab63ba-8b3d-479b-8ff7-55ff08a53f16\" href=\"https:\/\/cssst.gouv.qc.ca\/sainte-victoire\/wp-content\/uploads\/sites\/15\/2025\/09\/Regie-Interne-2025-2026_-SDG.pdf\">R\u00e9gie Interne 2025-2026_ SDG<\/a><a href=\"https:\/\/cssst.gouv.qc.ca\/sainte-victoire\/wp-content\/uploads\/sites\/15\/2025\/09\/Regie-Interne-2025-2026_-SDG.pdf\" class=\"wp-block-file__button wp-element-button\" download aria-describedby=\"wp-block-file--media-ffab63ba-8b3d-479b-8ff7-55ff08a53f16\">T\u00e9l\u00e9charger<\/a><\/div>\n\n\n\n<p>N&rsquo;h\u00e9sitez pas \u00e0 communiquer avec le service de garde si vous avez des questions.<\/p>\n\n\n\n<p>Sandryne Desch\u00eanes, Technicienne en service de garde<\/p>\n\n\n\n<p>\u00c9cole Sainte-Victoire (450) 746-3511 poste 2<\/p>\n\n\n\n<p><\/p>\n\n\n\n<p><a href=\"mailto:Garderie.saintevictoire@cssst.gouv.qc.ca\">Garderie.saintevictoire@cssst.gouv.qc.ca<\/a><\/p>\n","protected":false},"excerpt":{"rendered":"<p>Service de garde N&rsquo;h\u00e9sitez pas \u00e0 communiquer avec le service de garde si vous avez des questions. Sandryne Desch\u00eanes, Technicienne en service de garde \u00c9cole Sainte-Victoire (450) 746-3511 poste 2 Garderie.saintevictoire@cssst.gouv.qc.ca<\/p>\n","protected":false},"author":1,"featured_media":843,"parent":0,"menu_order":0,"comment_status":"closed","ping_status":"closed","template":"","meta":{"_acf_changed":false,"inline_featured_image":false,"footnotes":""},"class_list":["post-672","page","type-page","status-publish","has-post-thumbnail","hentry"],"acf":[],"yoast_head":"<!-- This site is optimized with the Yoast SEO plugin v27.3 - https:\/\/yoast.com\/product\/yoast-seo-wordpress\/ -->\n<title>Service de garde - \u00c9cole Sainte-Victoire<\/title>\n<meta name=\"robots\" content=\"index, follow, max-snippet:-1, max-image-preview:large, max-video-preview:-1\" \/>\n<link rel=\"canonical\" href=\"https:\/\/cssst.gouv.qc.ca\/sainte-victoire\/service-de-garde\/\" \/>\n<meta property=\"og:locale\" content=\"fr_CA\" \/>\n<meta property=\"og:type\" content=\"article\" \/>\n<meta property=\"og:title\" content=\"Service de garde - \u00c9cole Sainte-Victoire\" \/>\n<meta property=\"og:description\" content=\"Service de garde N&rsquo;h\u00e9sitez pas \u00e0 communiquer avec le service de garde si vous avez des questions. Sandryne Desch\u00eanes, Technicienne en service de garde \u00c9cole Sainte-Victoire (450) 746-3511 poste 2 Garderie.saintevictoire@cssst.gouv.qc.ca\" \/>\n<meta property=\"og:url\" content=\"https:\/\/cssst.gouv.qc.ca\/sainte-victoire\/service-de-garde\/\" \/>\n<meta property=\"og:site_name\" content=\"\u00c9cole Sainte-Victoire\" \/>\n<meta property=\"article:modified_time\" content=\"2026-01-30T16:44:30+00:00\" \/>\n<meta property=\"og:image\" content=\"http:\/\/cssst.gouv.qc.ca\/sainte-victoire\/wp-content\/uploads\/sites\/15\/2026\/01\/Programme-dactivites-2025-2026.png\" \/>\n\t<meta property=\"og:image:width\" content=\"759\" \/>\n\t<meta property=\"og:image:height\" content=\"540\" \/>\n\t<meta property=\"og:image:type\" content=\"image\/png\" \/>\n<meta name=\"twitter:card\" content=\"summary_large_image\" \/>\n<script type=\"application\/ld+json\" class=\"yoast-schema-graph\">{\"@context\":\"https:\\\/\\\/schema.org\",\"@graph\":[{\"@type\":\"WebPage\",\"@id\":\"https:\\\/\\\/cssst.gouv.qc.ca\\\/sainte-victoire\\\/service-de-garde\\\/\",\"url\":\"https:\\\/\\\/cssst.gouv.qc.ca\\\/sainte-victoire\\\/service-de-garde\\\/\",\"name\":\"Service de garde - \u00c9cole Sainte-Victoire\",\"isPartOf\":{\"@id\":\"https:\\\/\\\/cssst.gouv.qc.ca\\\/sainte-victoire\\\/#website\"},\"primaryImageOfPage\":{\"@id\":\"https:\\\/\\\/cssst.gouv.qc.ca\\\/sainte-victoire\\\/service-de-garde\\\/#primaryimage\"},\"image\":{\"@id\":\"https:\\\/\\\/cssst.gouv.qc.ca\\\/sainte-victoire\\\/service-de-garde\\\/#primaryimage\"},\"thumbnailUrl\":\"https:\\\/\\\/cssst.gouv.qc.ca\\\/sainte-victoire\\\/wp-content\\\/uploads\\\/sites\\\/15\\\/2026\\\/01\\\/Programme-dactivites-2025-2026.png\",\"datePublished\":\"2025-08-19T17:48:47+00:00\",\"dateModified\":\"2026-01-30T16:44:30+00:00\",\"breadcrumb\":{\"@id\":\"https:\\\/\\\/cssst.gouv.qc.ca\\\/sainte-victoire\\\/service-de-garde\\\/#breadcrumb\"},\"inLanguage\":\"fr-CA\",\"potentialAction\":[{\"@type\":\"ReadAction\",\"target\":[\"https:\\\/\\\/cssst.gouv.qc.ca\\\/sainte-victoire\\\/service-de-garde\\\/\"]}]},{\"@type\":\"ImageObject\",\"inLanguage\":\"fr-CA\",\"@id\":\"https:\\\/\\\/cssst.gouv.qc.ca\\\/sainte-victoire\\\/service-de-garde\\\/#primaryimage\",\"url\":\"https:\\\/\\\/cssst.gouv.qc.ca\\\/sainte-victoire\\\/wp-content\\\/uploads\\\/sites\\\/15\\\/2026\\\/01\\\/Programme-dactivites-2025-2026.png\",\"contentUrl\":\"https:\\\/\\\/cssst.gouv.qc.ca\\\/sainte-victoire\\\/wp-content\\\/uploads\\\/sites\\\/15\\\/2026\\\/01\\\/Programme-dactivites-2025-2026.png\",\"width\":759,\"height\":540},{\"@type\":\"BreadcrumbList\",\"@id\":\"https:\\\/\\\/cssst.gouv.qc.ca\\\/sainte-victoire\\\/service-de-garde\\\/#breadcrumb\",\"itemListElement\":[{\"@type\":\"ListItem\",\"position\":1,\"name\":\"Accueil\",\"item\":\"https:\\\/\\\/cssst.gouv.qc.ca\\\/sainte-victoire\\\/\"},{\"@type\":\"ListItem\",\"position\":2,\"name\":\"Service de garde\"}]},{\"@type\":\"WebSite\",\"@id\":\"https:\\\/\\\/cssst.gouv.qc.ca\\\/sainte-victoire\\\/#website\",\"url\":\"https:\\\/\\\/cssst.gouv.qc.ca\\\/sainte-victoire\\\/\",\"name\":\"\u00c9cole Sainte-Victoire\",\"description\":\"\",\"potentialAction\":[{\"@type\":\"SearchAction\",\"target\":{\"@type\":\"EntryPoint\",\"urlTemplate\":\"https:\\\/\\\/cssst.gouv.qc.ca\\\/sainte-victoire\\\/?s={search_term_string}\"},\"query-input\":{\"@type\":\"PropertyValueSpecification\",\"valueRequired\":true,\"valueName\":\"search_term_string\"}}],\"inLanguage\":\"fr-CA\"}]}<\/script>\n<!-- \/ Yoast SEO plugin. -->","yoast_head_json":{"title":"Service de garde - \u00c9cole Sainte-Victoire","robots":{"index":"index","follow":"follow","max-snippet":"max-snippet:-1","max-image-preview":"max-image-preview:large","max-video-preview":"max-video-preview:-1"},"canonical":"https:\/\/cssst.gouv.qc.ca\/sainte-victoire\/service-de-garde\/","og_locale":"fr_CA","og_type":"article","og_title":"Service de garde - \u00c9cole Sainte-Victoire","og_description":"Service de garde N&rsquo;h\u00e9sitez pas \u00e0 communiquer avec le service de garde si vous avez des questions. Sandryne Desch\u00eanes, Technicienne en service de garde \u00c9cole Sainte-Victoire (450) 746-3511 poste 2 Garderie.saintevictoire@cssst.gouv.qc.ca","og_url":"https:\/\/cssst.gouv.qc.ca\/sainte-victoire\/service-de-garde\/","og_site_name":"\u00c9cole Sainte-Victoire","article_modified_time":"2026-01-30T16:44:30+00:00","og_image":[{"width":759,"height":540,"url":"http:\/\/cssst.gouv.qc.ca\/sainte-victoire\/wp-content\/uploads\/sites\/15\/2026\/01\/Programme-dactivites-2025-2026.png","type":"image\/png"}],"twitter_card":"summary_large_image","schema":{"@context":"https:\/\/schema.org","@graph":[{"@type":"WebPage","@id":"https:\/\/cssst.gouv.qc.ca\/sainte-victoire\/service-de-garde\/","url":"https:\/\/cssst.gouv.qc.ca\/sainte-victoire\/service-de-garde\/","name":"Service de garde - \u00c9cole Sainte-Victoire","isPartOf":{"@id":"https:\/\/cssst.gouv.qc.ca\/sainte-victoire\/#website"},"primaryImageOfPage":{"@id":"https:\/\/cssst.gouv.qc.ca\/sainte-victoire\/service-de-garde\/#primaryimage"},"image":{"@id":"https:\/\/cssst.gouv.qc.ca\/sainte-victoire\/service-de-garde\/#primaryimage"},"thumbnailUrl":"https:\/\/cssst.gouv.qc.ca\/sainte-victoire\/wp-content\/uploads\/sites\/15\/2026\/01\/Programme-dactivites-2025-2026.png","datePublished":"2025-08-19T17:48:47+00:00","dateModified":"2026-01-30T16:44:30+00:00","breadcrumb":{"@id":"https:\/\/cssst.gouv.qc.ca\/sainte-victoire\/service-de-garde\/#breadcrumb"},"inLanguage":"fr-CA","potentialAction":[{"@type":"ReadAction","target":["https:\/\/cssst.gouv.qc.ca\/sainte-victoire\/service-de-garde\/"]}]},{"@type":"ImageObject","inLanguage":"fr-CA","@id":"https:\/\/cssst.gouv.qc.ca\/sainte-victoire\/service-de-garde\/#primaryimage","url":"https:\/\/cssst.gouv.qc.ca\/sainte-victoire\/wp-content\/uploads\/sites\/15\/2026\/01\/Programme-dactivites-2025-2026.png","contentUrl":"https:\/\/cssst.gouv.qc.ca\/sainte-victoire\/wp-content\/uploads\/sites\/15\/2026\/01\/Programme-dactivites-2025-2026.png","width":759,"height":540},{"@type":"BreadcrumbList","@id":"https:\/\/cssst.gouv.qc.ca\/sainte-victoire\/service-de-garde\/#breadcrumb","itemListElement":[{"@type":"ListItem","position":1,"name":"Accueil","item":"https:\/\/cssst.gouv.qc.ca\/sainte-victoire\/"},{"@type":"ListItem","position":2,"name":"Service de garde"}]},{"@type":"WebSite","@id":"https:\/\/cssst.gouv.qc.ca\/sainte-victoire\/#website","url":"https:\/\/cssst.gouv.qc.ca\/sainte-victoire\/","name":"\u00c9cole Sainte-Victoire","description":"","potentialAction":[{"@type":"SearchAction","target":{"@type":"EntryPoint","urlTemplate":"https:\/\/cssst.gouv.qc.ca\/sainte-victoire\/?s={search_term_string}"},"query-input":{"@type":"PropertyValueSpecification","valueRequired":true,"valueName":"search_term_string"}}],"inLanguage":"fr-CA"}]}},"_links":{"self":[{"href":"https:\/\/cssst.gouv.qc.ca\/sainte-victoire\/wp-json\/wp\/v2\/pages\/672","targetHints":{"allow":["GET"]}}],"collection":[{"href":"https:\/\/cssst.gouv.qc.ca\/sainte-victoire\/wp-json\/wp\/v2\/pages"}],"about":[{"href":"https:\/\/cssst.gouv.qc.ca\/sainte-victoire\/wp-json\/wp\/v2\/types\/page"}],"author":[{"embeddable":true,"href":"https:\/\/cssst.gouv.qc.ca\/sainte-victoire\/wp-json\/wp\/v2\/users\/1"}],"replies":[{"embeddable":true,"href":"https:\/\/cssst.gouv.qc.ca\/sainte-victoire\/wp-json\/wp\/v2\/comments?post=672"}],"version-history":[{"count":0,"href":"https:\/\/cssst.gouv.qc.ca\/sainte-victoire\/wp-json\/wp\/v2\/pages\/672\/revisions"}],"wp:featuredmedia":[{"embeddable":true,"href":"https:\/\/cssst.gouv.qc.ca\/sainte-victoire\/wp-json\/wp\/v2\/media\/843"}],"wp:attachment":[{"href":"https:\/\/cssst.gouv.qc.ca\/sainte-victoire\/wp-json\/wp\/v2\/media?parent=672"}],"curies":[{"name":"wp","href":"https:\/\/api.w.org\/{rel}","templated":true}]}}