{"id":4,"date":"2023-02-02T09:37:05","date_gmt":"2023-02-02T14:37:05","guid":{"rendered":"https:\/\/cssst.gouv.qc.ca\/sainte-victoire\/accueil\/"},"modified":"2025-10-10T13:41:01","modified_gmt":"2025-10-10T17:41:01","slug":"accueil","status":"publish","type":"page","link":"https:\/\/cssst.gouv.qc.ca\/sainte-victoire\/","title":{"rendered":"Bienvenue \u00e0 l&rsquo;\u00c9cole Sainte-Victoire"},"content":{"rendered":"\n<div class=\"wp-block-cover alignfull is-style-hero-home-subsite wp-duotone-unset-3\" style=\"min-height:283px;aspect-ratio:unset;\"><img loading=\"lazy\" decoding=\"async\" width=\"640\" height=\"480\" class=\"wp-block-cover__image-background wp-image-329\" alt=\"\" src=\"http:\/\/cssst.gouv.qc.ca\/sainte-victoire\/wp-content\/uploads\/sites\/15\/2025\/01\/mural.jpg\" style=\"object-position:81% 43%\" data-object-fit=\"cover\" data-object-position=\"81% 43%\" srcset=\"https:\/\/cssst.gouv.qc.ca\/sainte-victoire\/wp-content\/uploads\/sites\/15\/2025\/01\/mural.jpg 640w, https:\/\/cssst.gouv.qc.ca\/sainte-victoire\/wp-content\/uploads\/sites\/15\/2025\/01\/mural-300x225.jpg 300w\" sizes=\"auto, (max-width: 640px) 100vw, 640px\" \/><span aria-hidden=\"true\" class=\"wp-block-cover__background has-primary-background-color has-background-dim-30 has-background-dim\"><\/span><div class=\"wp-block-cover__inner-container\">\n<figure class=\"wp-block-image alignleft size-medium is-resized is-style-rounded wp-duotone-unset-2\"><img loading=\"lazy\" decoding=\"async\" width=\"300\" height=\"283\" src=\"https:\/\/cssst.gouv.qc.ca\/sainte-victoire\/wp-content\/uploads\/sites\/15\/2024\/12\/logo-SVIC-copie-300x283.jpg\" alt=\"\" class=\"wp-image-195\" style=\"box-shadow:var(--wp--preset--shadow--deep);width:209px;height:auto\" srcset=\"https:\/\/cssst.gouv.qc.ca\/sainte-victoire\/wp-content\/uploads\/sites\/15\/2024\/12\/logo-SVIC-copie-300x283.jpg 300w, https:\/\/cssst.gouv.qc.ca\/sainte-victoire\/wp-content\/uploads\/sites\/15\/2024\/12\/logo-SVIC-copie-1024x966.jpg 1024w, https:\/\/cssst.gouv.qc.ca\/sainte-victoire\/wp-content\/uploads\/sites\/15\/2024\/12\/logo-SVIC-copie-768x724.jpg 768w, https:\/\/cssst.gouv.qc.ca\/sainte-victoire\/wp-content\/uploads\/sites\/15\/2024\/12\/logo-SVIC-copie-1536x1449.jpg 1536w, https:\/\/cssst.gouv.qc.ca\/sainte-victoire\/wp-content\/uploads\/sites\/15\/2024\/12\/logo-SVIC-copie-2048x1932.jpg 2048w\" sizes=\"auto, (max-width: 300px) 100vw, 300px\" \/><\/figure>\n\n\n\n<p class=\"has-text-align-center has-x-small-font-size\">Bienvenue \u00e0 l&rsquo;\u00e9cole Ste-Victoire<\/p>\n\n\n\n<h3><em>Solidarit\u00e9 &#8211; \u00c9cologie &#8211; D\u00e9mocratie &#8211; Pacifisme<\/em><\/h3>\n<\/div><\/div>\n\n\n\n<div class=\"wp-block-group alignfull is-style-default has-tertiary-background-color has-background\">\n<div class=\"wp-block-group alignwide\">\n<h2 class=\"wp-block-heading\">Actualit\u00e9s<\/h2>\n\n\n\n<div class=\"wp-block-buttons\">\n<div class=\"wp-block-button is-style-text is-home-actualites\"><a class=\"wp-block-button__link wp-element-button\" href=\"https:\/\/cssst.gouv.qc.ca\/sainte-victoire\/actualites\/\">Voir toutes les actualit\u00e9s<img decoding=\"async\" class=\"wp-image-402\" style=\"width: 17px\" src=\"https:\/\/cssst.gouv.qc.ca\/wp-content\/uploads\/2022\/09\/short_right.svg\" alt=\"\"><\/a><\/div>\n<\/div>\n<\/div>\n\n\n<div class=\" alignwide alignwide wp-block-acf-archive-listing\" id=\"testimonial-block_ef06b951d918b873919aaa44613e320e\">\n                                                                    <ul class=\"archive-listing__list  archive-listing__group-\">\n                                <li class=\"archive-listing__item\">\n                     <div class=\"actualite-card\">    <div class=\"wp-block-post-image\">\n    <figure class=\"wp-block-post-featured-image\"><img loading=\"lazy\" decoding=\"async\" width=\"1536\" height=\"1024\" src=\"https:\/\/cssst.gouv.qc.ca\/sainte-victoire\/wp-content\/uploads\/sites\/15\/2026\/04\/Designer-2-1.png\" class=\"attachment-post-thumbnail size-post-thumbnail wp-post-image\" alt=\"\" style=\"object-fit:cover;\" srcset=\"https:\/\/cssst.gouv.qc.ca\/sainte-victoire\/wp-content\/uploads\/sites\/15\/2026\/04\/Designer-2-1.png 1536w, https:\/\/cssst.gouv.qc.ca\/sainte-victoire\/wp-content\/uploads\/sites\/15\/2026\/04\/Designer-2-1-300x200.png 300w, https:\/\/cssst.gouv.qc.ca\/sainte-victoire\/wp-content\/uploads\/sites\/15\/2026\/04\/Designer-2-1-1024x683.png 1024w, https:\/\/cssst.gouv.qc.ca\/sainte-victoire\/wp-content\/uploads\/sites\/15\/2026\/04\/Designer-2-1-768x512.png 768w\" sizes=\"auto, (max-width: 1536px) 100vw, 1536px\" \/><\/figure>\n    <\/div>\n    <div class=\"wp-block-post-content\">\n        <div class=\"wp-block-post-date\"><time datetime=\"2026-04-24T09:23:27-04:00\">24 avril 2026<\/time><\/div>\n        <h2 class=\"wp-block-post-title\">Matchs de s\u00e9ries du Canadien de Montr\u00e9al<\/h2>\n\n        <div class=\"wp-block-post-excerpt\"><p class=\"wp-block-post-excerpt__excerpt\">Chers parents, Dans le cadre des matchs de s\u00e9ries du <\/p><\/div>\n        <a aria-label=\"Matchs de s\u00e9ries du Canadien de Montr\u00e9al\" class=\"wp-block-read-more\" href=\"https:\/\/cssst.gouv.qc.ca\/sainte-victoire\/matchs-de-series-du-canadien-de-montreal\/\" target=\"_self\">En savoir plus<span class=\"screen-reader-text\">\u00a0: Matchs de s\u00e9ries du Canadien de Montr\u00e9al<\/span><\/a>\n    <\/div><\/div>                <\/li>\n                                            <li class=\"archive-listing__item\">\n                     <div class=\"actualite-card\">    <div class=\"wp-block-post-image\">\n    <figure class=\"wp-block-post-featured-image\"><img loading=\"lazy\" decoding=\"async\" width=\"1536\" height=\"1024\" src=\"https:\/\/cssst.gouv.qc.ca\/sainte-victoire\/wp-content\/uploads\/sites\/15\/2026\/04\/Designer-3.png\" class=\"attachment-post-thumbnail size-post-thumbnail wp-post-image\" alt=\"\" style=\"object-fit:cover;\" srcset=\"https:\/\/cssst.gouv.qc.ca\/sainte-victoire\/wp-content\/uploads\/sites\/15\/2026\/04\/Designer-3.png 1536w, https:\/\/cssst.gouv.qc.ca\/sainte-victoire\/wp-content\/uploads\/sites\/15\/2026\/04\/Designer-3-300x200.png 300w, https:\/\/cssst.gouv.qc.ca\/sainte-victoire\/wp-content\/uploads\/sites\/15\/2026\/04\/Designer-3-1024x683.png 1024w, https:\/\/cssst.gouv.qc.ca\/sainte-victoire\/wp-content\/uploads\/sites\/15\/2026\/04\/Designer-3-768x512.png 768w\" sizes=\"auto, (max-width: 1536px) 100vw, 1536px\" \/><\/figure>\n    <\/div>\n    <div class=\"wp-block-post-content\">\n        <div class=\"wp-block-post-date\"><time datetime=\"2026-04-24T08:38:16-04:00\">24 avril 2026<\/time><\/div>\n        <h2 class=\"wp-block-post-title\">La pers\u00e9v\u00e9rance au c\u0153ur de nos apprentissages<\/h2>\n\n        <div class=\"wp-block-post-excerpt\"><p class=\"wp-block-post-excerpt__excerpt\"> <\/p><\/div>\n        <a aria-label=\"La pers\u00e9v\u00e9rance au c\u0153ur de nos apprentissages\" class=\"wp-block-read-more\" href=\"https:\/\/cssst.gouv.qc.ca\/sainte-victoire\/la-perseverance-au-coeur-de-nos-apprentissages\/\" target=\"_self\">En savoir plus<span class=\"screen-reader-text\">\u00a0: La pers\u00e9v\u00e9rance au c\u0153ur de nos apprentissages<\/span><\/a>\n    <\/div><\/div>                <\/li>\n                                            <li class=\"archive-listing__item\">\n                     <div class=\"actualite-card\">    <div class=\"wp-block-post-image\">\n    \n    <\/div>\n    <div class=\"wp-block-post-content\">\n        <div class=\"wp-block-post-date\"><time datetime=\"2026-01-19T15:06:12-05:00\">19 janvier 2026<\/time><\/div>\n        <h2 class=\"wp-block-post-title\">Lettre aux parents<\/h2>\n\n        <div class=\"wp-block-post-excerpt\"><p class=\"wp-block-post-excerpt__excerpt\"> <\/p><\/div>\n        <a aria-label=\"Lettre aux parents\" class=\"wp-block-read-more\" href=\"https:\/\/cssst.gouv.qc.ca\/sainte-victoire\/lettre-aux-parents\/\" target=\"_self\">En savoir plus<span class=\"screen-reader-text\">\u00a0: Lettre aux parents<\/span><\/a>\n    <\/div><\/div>                <\/li>\n                    <\/ul>\n        <\/div>\n<\/div>\n\n\n\n<div class=\"wp-block-group alignfull is-style-default\" style=\"box-shadow:none\">\n<div class=\"wp-block-group alignwide\">\n<div class=\"wp-block-group alignwide\">\n<div class=\"wp-block-columns is-style-dates-and-calendar\">\n<div class=\"wp-block-column is-style-dates-list\">\n<h2 class=\"wp-block-heading\">Calendrier<\/h2>\n<\/div>\n<\/div>\n\n\n\n<div class=\"wp-block-columns alignwide is-style-home-calendar is-style-default\">\n<div class=\"wp-block-column is-vertically-aligned-center is-style-calendar\">\n<div class=\"wp-block-group\">\n<div class=\"wp-block-group\">\n<h3 class=\"wp-block-heading\">\u00c0 surveiller<\/h3>\n\n\n\n<div class=\"wp-block-group\"><div class=\"aligncenter wp-block-acf-act-date-list\" id=\"testimonial-\"><div class=\"wp-block-group\">\n    \n    <div class=\"wp-block-columns\">\n    <div class=\"wp-block-column column-left\">\n    <p class=\"is-style-key-dates\">30 <\/p>\n    \n    \n    \n    <p class=\"is-style-key-dates month\">Mai<\/p>\n    <\/div>\n    \n    \n    \n    <div class=\"wp-block-column column-right\">\n    <p class=\"has-accent-lighter-color has-text-color\"><strong><a href=\"https:\/\/cssst.gouv.qc.ca\/sainte-victoire\/evenements\/o-volt-trois-rivieres\/\">O-volt Trois-Rivi\u00e8res<\/a><\/strong><\/p>\n    <\/div>\n    <\/div>\n    \n    \n    \n    <div class=\"wp-block-columns\">\n    <div class=\"wp-block-column column-left\">\n    <p class=\"is-style-key-dates\">17 <\/p>\n    \n    \n    \n    <p class=\"is-style-key-dates month\">Juin<\/p>\n    <\/div>\n    \n    \n    \n    <div class=\"wp-block-column column-right\">\n    <p class=\"has-accent-lighter-color has-text-color\"><strong><a href=\"https:\/\/cssst.gouv.qc.ca\/sainte-victoire\/evenements\/acrosport-et-cosmodome\/\">Espace 81<\/a><\/strong><\/p>\n    <\/div>\n    <\/div>\n    \n    \n    \n    <div class=\"wp-block-columns\">\n    <div class=\"wp-block-column column-left\">\n    <p class=\"is-style-key-dates\">20 <\/p>\n    \n    \n    \n    <p class=\"is-style-key-dates month\">Nov<\/p>\n    <\/div>\n    \n    \n    \n    <div class=\"wp-block-column column-right\">\n    <p class=\"has-accent-lighter-color has-text-color\"><strong><a href=\"https:\/\/cssst.gouv.qc.ca\/sainte-victoire\/evenements\/rencontre-de-parents-2\/\">Rencontre de parents<\/a><\/strong><\/p>\n    <\/div>\n    <\/div>\n    \n    \n    \n    <div class=\"wp-block-columns\">\n    <div class=\"wp-block-column column-left\">\n    <p class=\"is-style-key-dates\">25 <\/p>\n    \n    \n    \n    <p class=\"is-style-key-dates month\">Nov<\/p>\n    <\/div>\n    \n    \n    \n    <div class=\"wp-block-column column-right\">\n    <p class=\"has-accent-lighter-color has-text-color\"><strong><a href=\"https:\/\/cssst.gouv.qc.ca\/sainte-victoire\/evenements\/et-on-campera-sur-la-lune-piece-de-theatre\/\">JULES ET JOS\u00c9PHINE &#8211; Pi\u00e8ce de th\u00e9\u00e2tre<\/a><\/strong><\/p>\n    <\/div>\n    <\/div>\n    \n    <\/div><\/div><\/div>\n\n\n\n<p><a href=\"https:\/\/cssst.gouv.qc.ca\/sainte-victoire\/evenements\/\">Voir tous les \u00e9v\u00e9nements<\/a><\/p>\n<\/div>\n\n\n<div class=\"wp-block-calendar has-medium-font-size\"><table id=\"wp-calendar\" class=\"wp-calendar-table\">\n\t<caption>mai 2026<\/caption>\n\t<thead>\n\t<tr>\n\t\t<th scope=\"col\" aria-label=\"Lundi\">L<\/th>\n\t\t<th scope=\"col\" aria-label=\"Mardi\">M<\/th>\n\t\t<th scope=\"col\" aria-label=\"Mercredi\">M<\/th>\n\t\t<th scope=\"col\" aria-label=\"Jeudi\">J<\/th>\n\t\t<th scope=\"col\" aria-label=\"Vendredi\">V<\/th>\n\t\t<th scope=\"col\" aria-label=\"Samedi\">S<\/th>\n\t\t<th scope=\"col\" aria-label=\"Dimanche\">D<\/th>\n\t<\/tr>\n\t<\/thead>\n\t<tbody>\n\t<tr>\n\t\t<td colspan=\"4\" class=\"pad\">&nbsp;<\/td><td>1<\/td><td>2<\/td><td>3<\/td>\n\t<\/tr>\n\t<tr>\n\t\t<td>4<\/td><td>5<\/td><td id=\"today\">6<\/td><td>7<\/td><td>8<\/td><td>9<\/td><td>10<\/td>\n\t<\/tr>\n\t<tr>\n\t\t<td>11<\/td><td>12<\/td><td>13<\/td><td>14<\/td><td>15<\/td><td>16<\/td><td>17<\/td>\n\t<\/tr>\n\t<tr>\n\t\t<td>18<\/td><td>19<\/td><td>20<\/td><td>21<\/td><td>22<\/td><td>23<\/td><td>24<\/td>\n\t<\/tr>\n\t<tr>\n\t\t<td>25<\/td><td>26<\/td><td>27<\/td><td>28<\/td><td>29<\/td><td>30<\/td><td>31<\/td>\n\t<\/tr>\n\t<\/tbody>\n\t<\/table><nav aria-label=\"Mois pr\u00e9c\u00e9dents et suivants\" class=\"wp-calendar-nav\">\n\t\t<span class=\"wp-calendar-nav-prev\"><a href=\"https:\/\/cssst.gouv.qc.ca\/sainte-victoire\/2026\/04\/\">&laquo; Avr<\/a><\/span>\n\t\t<span class=\"pad\">&nbsp;<\/span>\n\t\t<span class=\"wp-calendar-nav-next\">&nbsp;<\/span>\n\t<\/nav><\/div><\/div>\n<\/div>\n<\/div>\n<\/div>\n<\/div>\n<\/div>\n\n\n\n<div class=\"wp-block-buttons\">\n<div class=\"wp-block-button has-custom-width wp-block-button__width-100 is-style-fill\"><a class=\"wp-block-button__link wp-element-button\" href=\"https:\/\/cssst.gouv.qc.ca\/publications\/plaintes\/\" style=\"border-radius:100px;box-shadow:var(--wp--preset--shadow--natural)\">Traitement des plaintes et protecteur de l&rsquo;\u00e9l\u00e8ve<\/a><\/div>\n<\/div>\n","protected":false},"excerpt":{"rendered":"<p>Actualit\u00e9s Calendrier \u00c0 surveiller Voir tous les \u00e9v\u00e9nements<\/p>\n","protected":false},"author":1,"featured_media":0,"parent":0,"menu_order":0,"comment_status":"closed","ping_status":"closed","template":"","meta":{"_acf_changed":false,"inline_featured_image":false,"footnotes":""},"class_list":["post-4","page","type-page","status-publish","hentry"],"acf":[],"yoast_head":"<!-- This site is optimized with the Yoast SEO plugin v27.5 - https:\/\/yoast.com\/product\/yoast-seo-wordpress\/ -->\n<title>Bienvenue \u00e0 l&#039;\u00c9cole Sainte-Victoire - \u00c9cole Sainte-Victoire<\/title>\n<meta name=\"robots\" content=\"index, follow, max-snippet:-1, max-image-preview:large, max-video-preview:-1\" \/>\n<link rel=\"canonical\" href=\"https:\/\/cssst.gouv.qc.ca\/sainte-victoire\/\" \/>\n<meta property=\"og:locale\" content=\"fr_CA\" \/>\n<meta property=\"og:type\" content=\"article\" \/>\n<meta property=\"og:title\" content=\"Bienvenue \u00e0 l&#039;\u00c9cole Sainte-Victoire - \u00c9cole Sainte-Victoire\" \/>\n<meta property=\"og:description\" content=\"Actualit\u00e9s Calendrier \u00c0 surveiller Voir tous les \u00e9v\u00e9nements\" \/>\n<meta property=\"og:url\" content=\"https:\/\/cssst.gouv.qc.ca\/sainte-victoire\/\" \/>\n<meta property=\"og:site_name\" content=\"\u00c9cole Sainte-Victoire\" \/>\n<meta property=\"article:modified_time\" content=\"2025-10-10T17:41:01+00:00\" \/>\n<meta property=\"og:image\" content=\"https:\/\/cssst.gouv.qc.ca\/sainte-victoire\/wp-content\/uploads\/sites\/15\/2025\/01\/mural.jpg\" \/>\n\t<meta property=\"og:image:width\" content=\"640\" \/>\n\t<meta property=\"og:image:height\" content=\"480\" \/>\n\t<meta property=\"og:image:type\" content=\"image\/jpeg\" \/>\n<meta name=\"twitter:card\" content=\"summary_large_image\" \/>\n<meta name=\"twitter:label1\" content=\"Estimation du temps de lecture\" \/>\n\t<meta name=\"twitter:data1\" content=\"1 minute\" \/>\n<script type=\"application\/ld+json\" class=\"yoast-schema-graph\">{\"@context\":\"https:\\\/\\\/schema.org\",\"@graph\":[{\"@type\":\"WebPage\",\"@id\":\"https:\\\/\\\/cssst.gouv.qc.ca\\\/sainte-victoire\\\/\",\"url\":\"https:\\\/\\\/cssst.gouv.qc.ca\\\/sainte-victoire\\\/\",\"name\":\"Bienvenue \u00e0 l'\u00c9cole Sainte-Victoire - \u00c9cole Sainte-Victoire\",\"isPartOf\":{\"@id\":\"https:\\\/\\\/cssst.gouv.qc.ca\\\/sainte-victoire\\\/#website\"},\"primaryImageOfPage\":{\"@id\":\"https:\\\/\\\/cssst.gouv.qc.ca\\\/sainte-victoire\\\/#primaryimage\"},\"image\":{\"@id\":\"https:\\\/\\\/cssst.gouv.qc.ca\\\/sainte-victoire\\\/#primaryimage\"},\"thumbnailUrl\":\"http:\\\/\\\/cssst.gouv.qc.ca\\\/sainte-victoire\\\/wp-content\\\/uploads\\\/sites\\\/15\\\/2025\\\/01\\\/mural.jpg\",\"datePublished\":\"2023-02-02T14:37:05+00:00\",\"dateModified\":\"2025-10-10T17:41:01+00:00\",\"breadcrumb\":{\"@id\":\"https:\\\/\\\/cssst.gouv.qc.ca\\\/sainte-victoire\\\/#breadcrumb\"},\"inLanguage\":\"fr-CA\",\"potentialAction\":[{\"@type\":\"ReadAction\",\"target\":[\"https:\\\/\\\/cssst.gouv.qc.ca\\\/sainte-victoire\\\/\"]}]},{\"@type\":\"ImageObject\",\"inLanguage\":\"fr-CA\",\"@id\":\"https:\\\/\\\/cssst.gouv.qc.ca\\\/sainte-victoire\\\/#primaryimage\",\"url\":\"https:\\\/\\\/cssst.gouv.qc.ca\\\/sainte-victoire\\\/wp-content\\\/uploads\\\/sites\\\/15\\\/2025\\\/01\\\/mural.jpg\",\"contentUrl\":\"https:\\\/\\\/cssst.gouv.qc.ca\\\/sainte-victoire\\\/wp-content\\\/uploads\\\/sites\\\/15\\\/2025\\\/01\\\/mural.jpg\",\"width\":640,\"height\":480},{\"@type\":\"BreadcrumbList\",\"@id\":\"https:\\\/\\\/cssst.gouv.qc.ca\\\/sainte-victoire\\\/#breadcrumb\",\"itemListElement\":[{\"@type\":\"ListItem\",\"position\":1,\"name\":\"Accueil\",\"item\":\"https:\\\/\\\/cssst.gouv.qc.ca\\\/sainte-victoire\\\/\"},{\"@type\":\"ListItem\",\"position\":2,\"name\":\"Bienvenue \u00e0 l&rsquo;\u00c9cole Sainte-Victoire\"}]},{\"@type\":\"WebSite\",\"@id\":\"https:\\\/\\\/cssst.gouv.qc.ca\\\/sainte-victoire\\\/#website\",\"url\":\"https:\\\/\\\/cssst.gouv.qc.ca\\\/sainte-victoire\\\/\",\"name\":\"\u00c9cole Sainte-Victoire\",\"description\":\"\",\"potentialAction\":[{\"@type\":\"SearchAction\",\"target\":{\"@type\":\"EntryPoint\",\"urlTemplate\":\"https:\\\/\\\/cssst.gouv.qc.ca\\\/sainte-victoire\\\/?s={search_term_string}\"},\"query-input\":{\"@type\":\"PropertyValueSpecification\",\"valueRequired\":true,\"valueName\":\"search_term_string\"}}],\"inLanguage\":\"fr-CA\"}]}<\/script>\n<!-- \/ Yoast SEO plugin. -->","yoast_head_json":{"title":"Bienvenue \u00e0 l'\u00c9cole Sainte-Victoire - \u00c9cole Sainte-Victoire","robots":{"index":"index","follow":"follow","max-snippet":"max-snippet:-1","max-image-preview":"max-image-preview:large","max-video-preview":"max-video-preview:-1"},"canonical":"https:\/\/cssst.gouv.qc.ca\/sainte-victoire\/","og_locale":"fr_CA","og_type":"article","og_title":"Bienvenue \u00e0 l'\u00c9cole Sainte-Victoire - \u00c9cole Sainte-Victoire","og_description":"Actualit\u00e9s Calendrier \u00c0 surveiller Voir tous les \u00e9v\u00e9nements","og_url":"https:\/\/cssst.gouv.qc.ca\/sainte-victoire\/","og_site_name":"\u00c9cole Sainte-Victoire","article_modified_time":"2025-10-10T17:41:01+00:00","og_image":[{"width":640,"height":480,"url":"https:\/\/cssst.gouv.qc.ca\/sainte-victoire\/wp-content\/uploads\/sites\/15\/2025\/01\/mural.jpg","type":"image\/jpeg"}],"twitter_card":"summary_large_image","twitter_misc":{"Estimation du temps de lecture":"1 minute"},"schema":{"@context":"https:\/\/schema.org","@graph":[{"@type":"WebPage","@id":"https:\/\/cssst.gouv.qc.ca\/sainte-victoire\/","url":"https:\/\/cssst.gouv.qc.ca\/sainte-victoire\/","name":"Bienvenue \u00e0 l'\u00c9cole Sainte-Victoire - \u00c9cole Sainte-Victoire","isPartOf":{"@id":"https:\/\/cssst.gouv.qc.ca\/sainte-victoire\/#website"},"primaryImageOfPage":{"@id":"https:\/\/cssst.gouv.qc.ca\/sainte-victoire\/#primaryimage"},"image":{"@id":"https:\/\/cssst.gouv.qc.ca\/sainte-victoire\/#primaryimage"},"thumbnailUrl":"http:\/\/cssst.gouv.qc.ca\/sainte-victoire\/wp-content\/uploads\/sites\/15\/2025\/01\/mural.jpg","datePublished":"2023-02-02T14:37:05+00:00","dateModified":"2025-10-10T17:41:01+00:00","breadcrumb":{"@id":"https:\/\/cssst.gouv.qc.ca\/sainte-victoire\/#breadcrumb"},"inLanguage":"fr-CA","potentialAction":[{"@type":"ReadAction","target":["https:\/\/cssst.gouv.qc.ca\/sainte-victoire\/"]}]},{"@type":"ImageObject","inLanguage":"fr-CA","@id":"https:\/\/cssst.gouv.qc.ca\/sainte-victoire\/#primaryimage","url":"https:\/\/cssst.gouv.qc.ca\/sainte-victoire\/wp-content\/uploads\/sites\/15\/2025\/01\/mural.jpg","contentUrl":"https:\/\/cssst.gouv.qc.ca\/sainte-victoire\/wp-content\/uploads\/sites\/15\/2025\/01\/mural.jpg","width":640,"height":480},{"@type":"BreadcrumbList","@id":"https:\/\/cssst.gouv.qc.ca\/sainte-victoire\/#breadcrumb","itemListElement":[{"@type":"ListItem","position":1,"name":"Accueil","item":"https:\/\/cssst.gouv.qc.ca\/sainte-victoire\/"},{"@type":"ListItem","position":2,"name":"Bienvenue \u00e0 l&rsquo;\u00c9cole Sainte-Victoire"}]},{"@type":"WebSite","@id":"https:\/\/cssst.gouv.qc.ca\/sainte-victoire\/#website","url":"https:\/\/cssst.gouv.qc.ca\/sainte-victoire\/","name":"\u00c9cole Sainte-Victoire","description":"","potentialAction":[{"@type":"SearchAction","target":{"@type":"EntryPoint","urlTemplate":"https:\/\/cssst.gouv.qc.ca\/sainte-victoire\/?s={search_term_string}"},"query-input":{"@type":"PropertyValueSpecification","valueRequired":true,"valueName":"search_term_string"}}],"inLanguage":"fr-CA"}]}},"_links":{"self":[{"href":"https:\/\/cssst.gouv.qc.ca\/sainte-victoire\/wp-json\/wp\/v2\/pages\/4","targetHints":{"allow":["GET"]}}],"collection":[{"href":"https:\/\/cssst.gouv.qc.ca\/sainte-victoire\/wp-json\/wp\/v2\/pages"}],"about":[{"href":"https:\/\/cssst.gouv.qc.ca\/sainte-victoire\/wp-json\/wp\/v2\/types\/page"}],"author":[{"embeddable":true,"href":"https:\/\/cssst.gouv.qc.ca\/sainte-victoire\/wp-json\/wp\/v2\/users\/1"}],"replies":[{"embeddable":true,"href":"https:\/\/cssst.gouv.qc.ca\/sainte-victoire\/wp-json\/wp\/v2\/comments?post=4"}],"version-history":[{"count":0,"href":"https:\/\/cssst.gouv.qc.ca\/sainte-victoire\/wp-json\/wp\/v2\/pages\/4\/revisions"}],"wp:attachment":[{"href":"https:\/\/cssst.gouv.qc.ca\/sainte-victoire\/wp-json\/wp\/v2\/media?parent=4"}],"curies":[{"name":"wp","href":"https:\/\/api.w.org\/{rel}","templated":true}]}}