{"id":304,"date":"2025-01-17T09:30:56","date_gmt":"2025-01-17T14:30:56","guid":{"rendered":"https:\/\/cssst.gouv.qc.ca\/sainte-victoire\/?page_id=304"},"modified":"2026-02-24T14:35:58","modified_gmt":"2026-02-24T19:35:58","slug":"communiques-2","status":"publish","type":"page","link":"https:\/\/cssst.gouv.qc.ca\/sainte-victoire\/communiques-2\/","title":{"rendered":"Communiqu\u00e9s"},"content":{"rendered":"\n<div class=\"wp-block-cover alignfull is-repeated has-custom-content-position is-position-center-left is-style-hero-home-subsite wp-duotone-unset-2\" style=\"box-shadow:none;min-height:332px;aspect-ratio:unset;\"><div class=\"wp-block-cover__image-background wp-image-273 is-repeated\" style=\"background-position:46% 61%;background-image:url(http:\/\/cssst.gouv.qc.ca\/sainte-victoire\/wp-content\/uploads\/sites\/15\/2024\/12\/journal.jpg)\"><\/div><span aria-hidden=\"true\" class=\"wp-block-cover__background has-grey-80-background-color has-background-dim-100 has-background-dim\"><\/span><div class=\"wp-block-cover__inner-container\">\n<h2 class=\"wp-block-heading wp-block-post-title has-secondary-color has-text-color has-link-color wp-elements-c577a5f8069f8e2466f549dfc35a3772\">Communiqu\u00e9s<\/h2>\n<\/div><\/div>\n\n\n\n<div class=\"wp-block-group alignfull has-padding-y-large has-tertiary-background-color has-background\"><div class=\"yoast-breadcrumbs alignwide \"><span class=\"breadcrumbs\"><a href=\"https:\/\/cssst.gouv.qc.ca\/sainte-victoire\/\" class=\"breadcrumbs__element\">Accueil<\/a> <span class=\"breadcrumbs__separator\">\n        <svg class=\"icon icon-breadcrumb__separator\"><use xlink:href=\"#icon-breadcrumb__separator\"><\/use><\/svg>\n    <\/span> <span class=\"breadcrumbs__element breadcrumbs__element-current\">Communiqu\u00e9s<\/span><\/span><\/div><\/div>\n\n\n\n<h1 class=\"wp-block-heading\">Communiqu\u00e9s<\/h1>\n\n\n\n<h3 class=\"wp-block-heading\">Interdiction des appareils \u00e9lectroniques<\/h3>\n\n\n\n<p><em>Il est interdit d&rsquo;avoir des appareils \u00e9lectroniques dans l&rsquo;\u00e9cole ainsi que sur le terrain pendant les heures d&rsquo;\u00e9cole. Veuillez prendre connaissance du document.<\/em><\/p>\n\n\n\n<div class=\"wp-block-file\"><a id=\"wp-block-file--media-fba67aa6-fefb-4430-b8f8-c350aadb7dc8\" href=\"https:\/\/cssst.gouv.qc.ca\/sainte-victoire\/wp-content\/uploads\/sites\/15\/2025\/09\/Interdiction-cellulaire-annee-2025-2026.pdf\">Interdiction cellulaire ann\u00e9e 2025-2026<\/a><a href=\"https:\/\/cssst.gouv.qc.ca\/sainte-victoire\/wp-content\/uploads\/sites\/15\/2025\/09\/Interdiction-cellulaire-annee-2025-2026.pdf\" class=\"wp-block-file__button wp-element-button\" download aria-describedby=\"wp-block-file--media-fba67aa6-fefb-4430-b8f8-c350aadb7dc8\">T\u00e9l\u00e9charger<\/a><\/div>\n\n\n\n<hr class=\"wp-block-separator has-alpha-channel-opacity\" \/>\n\n\n\n<div class=\"wp-block-group\">\n<div class=\"wp-block-group\">\n<h3 class=\"wp-block-heading\">B\u00e9n\u00e9volat \u00e0 l&rsquo;\u00e9cole Ste-Victoire<\/h3>\n\n\n\n<p><em>Tout parent ou autre personne qui d\u00e9sirent faire du b\u00e9n\u00e9volat \u00e0 l\u2019\u00e9cole doivent obligatoirement avoir rempli le formulaire d\u2019ant\u00e9c\u00e9dents judiciaires. Vous devez \u00e9galement envoyer une pi\u00e8ce d&rsquo;identit\u00e9 avec photo au secr\u00e9tariat. <\/em><\/p>\n\n\n\n<p><em>secretariat.saintevictoire@cssst.gouv.qc.ca<\/em><\/p>\n\n\n\n<div class=\"wp-block-file\"><a id=\"wp-block-file--media-4383e9f7-c3c0-489d-b44e-95f3a0a240b2\" href=\"http:\/\/cssst.gouv.qc.ca\/sainte-victoire\/wp-content\/uploads\/sites\/15\/2025\/01\/Antecedentsjudiciaires.pdf\">Ant\u00e9c\u00e9dents Judiciaires<\/a><a href=\"http:\/\/cssst.gouv.qc.ca\/sainte-victoire\/wp-content\/uploads\/sites\/15\/2025\/01\/Antecedentsjudiciaires.pdf\" class=\"wp-block-file__button wp-element-button\" download aria-describedby=\"wp-block-file--media-4383e9f7-c3c0-489d-b44e-95f3a0a240b2\">T\u00e9l\u00e9charger<\/a><\/div>\n<\/div>\n<\/div>\n\n\n\n<hr class=\"wp-block-separator has-alpha-channel-opacity\" \/>\n\n\n\n<div class=\"wp-block-group\">\n<h3 class=\"wp-block-heading\">Interdiction d&rsquo;avoir des chiens dans la cour d&rsquo;\u00e9cole<\/h3>\n\n\n\n<p><em>Nous remarquons que des parents viennent reconduire ou chercher leurs enfants accompagn\u00e9s par leur chien. Nous vous demandons de bien tenir votre chien en laisse et de la garder pr\u00e8s de vous.<\/em><\/p>\n\n\n\n<p><strong><em>Il est strictement interdit d\u2019\u00eatre dans la cour d\u2019\u00e9cole avec votre animal de compagnie.<\/em><\/strong><\/p>\n<\/div>\n\n\n\n<hr class=\"wp-block-separator has-alpha-channel-opacity\" \/>\n\n\n\n<div class=\"wp-block-group\">\n<h3 class=\"wp-block-heading\">Horaire d&rsquo;\u00e9cole<\/h3>\n\n\n\n<p><strong><em>ATTENTION : <\/em><\/strong><em>Les \u00e9l\u00e8ves peuvent entrer dans la cour d\u2019\u00e9cole le matin \u00e0 partir de 7h47 lorsqu\u2019un surveillant avec une ceinture jaune est pr\u00e9sent.<\/em><\/p>\n\n\n\n<div class=\"wp-block-file\"><a id=\"wp-block-file--media-fae7895a-51f8-4245-93d2-9ae5d1656cc1\" href=\"https:\/\/cssst.gouv.qc.ca\/sainte-victoire\/wp-content\/uploads\/sites\/15\/2025\/07\/Horaire-ecole-2025-2026.pdf\">Horaire \u00e9cole 2025-2026<\/a><a href=\"https:\/\/cssst.gouv.qc.ca\/sainte-victoire\/wp-content\/uploads\/sites\/15\/2025\/07\/Horaire-ecole-2025-2026.pdf\" class=\"wp-block-file__button wp-element-button\" download aria-describedby=\"wp-block-file--media-fae7895a-51f8-4245-93d2-9ae5d1656cc1\">T\u00e9l\u00e9charger<\/a><\/div>\n\n\n\n<hr class=\"wp-block-separator has-alpha-channel-opacity\" \/>\n\n\n\n<div class=\"wp-block-group\">\n<h3 class=\"wp-block-heading\">D\u00e9barcad\u00e8res pour les pi\u00e9tons et stationnement<\/h3>\n\n\n\n<p><em>Nous demandons aux parents d\u2019\u00eatre particuli\u00e8rement prudents en voiture aux abords de l\u2019\u00e9cole. Afin d\u2019avoir un milieu s\u00e9curitaire pour tous les enfants, nous vous prions de bien vouloir d\u00e9poser vos enfants dans la zone de d\u00e9barquement situ\u00e9e sur le c\u00f4t\u00e9 de l\u2019\u00e9glise.<\/em><\/p>\n\n\n\n<p><strong><em>Aucun d\u00e9barquement ou embarquement sur le c\u00f4t\u00e9 du centre r\u00e9cr\u00e9atif n\u2019est permis lors de la pr\u00e9sence des autobus.<\/em><\/strong><\/p>\n<\/div>\n<\/div>\n\n\n\n<hr class=\"wp-block-separator has-alpha-channel-opacity\" \/>\n\n\n\n<div class=\"wp-block-group\">\n<h3 class=\"wp-block-heading\">Thermom\u00e8tre vestimentaire<\/h3>\n\n\n\n<p><em>Comment j&rsquo;habille mon enfant selon la temp\u00e9rature?<\/em> <\/p>\n\n\n\n<p><em><strong>Voici notre thermom\u00e8tre vestimentaire.<\/strong><\/em><\/p>\n<\/div>\n\n\n\n<div class=\"wp-block-file\"><a id=\"wp-block-file--media-67711f9b-523e-4c30-9337-04f03045f3e3\" href=\"https:\/\/cssst.gouv.qc.ca\/sainte-victoire\/wp-content\/uploads\/sites\/15\/2025\/07\/Thermometre-vestimentaire.pdf\">Thermometre vestimentaire<\/a><a href=\"https:\/\/cssst.gouv.qc.ca\/sainte-victoire\/wp-content\/uploads\/sites\/15\/2025\/07\/Thermometre-vestimentaire.pdf\" class=\"wp-block-file__button wp-element-button\" download aria-describedby=\"wp-block-file--media-67711f9b-523e-4c30-9337-04f03045f3e3\">T\u00e9l\u00e9charger<\/a><\/div>\n\n\n\n<hr class=\"wp-block-separator has-alpha-channel-opacity\" \/>\n\n\n\n<div class=\"wp-block-group\">\n<h3 class=\"wp-block-heading\">M\u00e9dicaments<\/h3>\n\n\n\n<p><em>Lorsque votre enfant doit absolument prendre un m\u00e9dicament \u00e0 l\u2019\u00e9cole (sur l\u2019heure du diner), vous devez remplir un formulaire (disponible \u00e0 l\u2019\u00e9cole) nous autorisant \u00e0 administrer ce m\u00e9dicament. Communiquer avec la secr\u00e9taire de l\u2019\u00e9cole pour vous assurer du bon protocole.<\/em><\/p>\n\n\n\n<p><em style=\"font-weight: bold\">Les enfants ne doivent jamais avoir<\/em><strong><em> en leur possession des m\u00e9dicaments.<\/em><\/strong><\/p>\n<\/div>\n\n\n\n<hr class=\"wp-block-separator has-alpha-channel-opacity\" \/>\n\n\n\n<h3 class=\"wp-block-heading\">Maladies infectieuses<\/h3>\n\n\n\n<p><em>Voici des informations importantes concernant les maladies infectieuses.<\/em> <\/p>\n\n\n\n<p><strong><em>Si votre enfant est malade, il est de votre responsabilit\u00e9 d&rsquo;aviser l&rsquo;\u00e9cole. <\/em><\/strong><\/p>\n\n\n\n<div class=\"wp-block-file\"><a id=\"wp-block-file--media-b865634a-d48e-44df-8ea2-bf4fe3a3c91e\" href=\"http:\/\/cssst.gouv.qc.ca\/sainte-victoire\/wp-content\/uploads\/sites\/15\/2025\/01\/Lettre-aux-parents-maladies-infectieuses.pdf\">Lettre aux parents &#8211; maladies infectieuses<\/a><a href=\"http:\/\/cssst.gouv.qc.ca\/sainte-victoire\/wp-content\/uploads\/sites\/15\/2025\/01\/Lettre-aux-parents-maladies-infectieuses.pdf\" class=\"wp-block-file__button wp-element-button\" download aria-describedby=\"wp-block-file--media-b865634a-d48e-44df-8ea2-bf4fe3a3c91e\">T\u00e9l\u00e9charger<\/a><\/div>\n\n\n\n<div class=\"wp-block-file\"><a id=\"wp-block-file--media-27956227-d85a-44c6-addc-c4b8b687f4d2\" href=\"http:\/\/cssst.gouv.qc.ca\/sainte-victoire\/wp-content\/uploads\/sites\/15\/2025\/01\/Chapite-3-Exclusion-de-lecole.pdf\">Chapite 3 Exclusion de l&rsquo;\u00e9cole<\/a><a href=\"http:\/\/cssst.gouv.qc.ca\/sainte-victoire\/wp-content\/uploads\/sites\/15\/2025\/01\/Chapite-3-Exclusion-de-lecole.pdf\" class=\"wp-block-file__button wp-element-button\" download aria-describedby=\"wp-block-file--media-27956227-d85a-44c6-addc-c4b8b687f4d2\">T\u00e9l\u00e9charger<\/a><\/div>\n\n\n\n<p><\/p>\n\n\n\n<h2 class=\"wp-block-heading\">Communiqu\u00e9 de presse<\/h2>\n\n\n\n<div data-wp-interactive=\"core\/file\" class=\"wp-block-file\"><object data-wp-bind--hidden=\"!state.hasPdfPreview\" hidden class=\"wp-block-file__embed\" data=\"https:\/\/cssst.gouv.qc.ca\/sainte-victoire\/wp-content\/uploads\/sites\/15\/2026\/02\/communique-de-presse-2026-2.pdf\" type=\"application\/pdf\" style=\"width:100%;height:600px\" aria-label=\"Contenu incorpor\u00e9 communiqu\u00e9 de presse 2026.\"><\/object><a id=\"wp-block-file--media-03d3788d-7055-4f6a-a393-fe3bdc69ada5\" href=\"https:\/\/cssst.gouv.qc.ca\/sainte-victoire\/wp-content\/uploads\/sites\/15\/2026\/02\/communique-de-presse-2026-2.pdf\">communiqu\u00e9 de presse 2026<\/a><a href=\"https:\/\/cssst.gouv.qc.ca\/sainte-victoire\/wp-content\/uploads\/sites\/15\/2026\/02\/communique-de-presse-2026-2.pdf\" class=\"wp-block-file__button wp-element-button\" download aria-describedby=\"wp-block-file--media-03d3788d-7055-4f6a-a393-fe3bdc69ada5\">T\u00e9l\u00e9charger<\/a><\/div>\n","protected":false},"excerpt":{"rendered":"<p>Communiqu\u00e9s Interdiction des appareils \u00e9lectroniques Il est interdit d&rsquo;avoir des appareils \u00e9lectroniques dans l&rsquo;\u00e9cole ainsi que sur le terrain pendant les heures d&rsquo;\u00e9cole. Veuillez prendre connaissance du document. B\u00e9n\u00e9volat \u00e0 l&rsquo;\u00e9cole Ste-Victoire Tout parent ou autre personne qui d\u00e9sirent faire du b\u00e9n\u00e9volat \u00e0 l\u2019\u00e9cole doivent obligatoirement avoir rempli le formulaire d\u2019ant\u00e9c\u00e9dents judiciaires. Vous devez \u00e9galement [&hellip;]<\/p>\n","protected":false},"author":27,"featured_media":0,"parent":0,"menu_order":0,"comment_status":"closed","ping_status":"closed","template":"","meta":{"_acf_changed":false,"inline_featured_image":false,"footnotes":""},"class_list":["post-304","page","type-page","status-publish","hentry"],"acf":[],"yoast_head":"<!-- This site is optimized with the Yoast SEO plugin v27.5 - https:\/\/yoast.com\/product\/yoast-seo-wordpress\/ -->\n<title>Communiqu\u00e9s - \u00c9cole Sainte-Victoire<\/title>\n<meta name=\"robots\" content=\"index, follow, max-snippet:-1, max-image-preview:large, max-video-preview:-1\" \/>\n<link rel=\"canonical\" href=\"https:\/\/cssst.gouv.qc.ca\/sainte-victoire\/communiques-2\/\" \/>\n<meta property=\"og:locale\" content=\"fr_CA\" \/>\n<meta property=\"og:type\" content=\"article\" \/>\n<meta property=\"og:title\" content=\"Communiqu\u00e9s - \u00c9cole Sainte-Victoire\" \/>\n<meta property=\"og:description\" content=\"Communiqu\u00e9s Interdiction des appareils \u00e9lectroniques Il est interdit d&rsquo;avoir des appareils \u00e9lectroniques dans l&rsquo;\u00e9cole ainsi que sur le terrain pendant les heures d&rsquo;\u00e9cole. Veuillez prendre connaissance du document. B\u00e9n\u00e9volat \u00e0 l&rsquo;\u00e9cole Ste-Victoire Tout parent ou autre personne qui d\u00e9sirent faire du b\u00e9n\u00e9volat \u00e0 l\u2019\u00e9cole doivent obligatoirement avoir rempli le formulaire d\u2019ant\u00e9c\u00e9dents judiciaires. Vous devez \u00e9galement [&hellip;]\" \/>\n<meta property=\"og:url\" content=\"https:\/\/cssst.gouv.qc.ca\/sainte-victoire\/communiques-2\/\" \/>\n<meta property=\"og:site_name\" content=\"\u00c9cole Sainte-Victoire\" \/>\n<meta property=\"article:modified_time\" content=\"2026-02-24T19:35:58+00:00\" \/>\n<meta name=\"twitter:card\" content=\"summary_large_image\" \/>\n<meta name=\"twitter:label1\" content=\"Estimation du temps de lecture\" \/>\n\t<meta name=\"twitter:data1\" content=\"2 minutes\" \/>\n<script type=\"application\/ld+json\" class=\"yoast-schema-graph\">{\"@context\":\"https:\\\/\\\/schema.org\",\"@graph\":[{\"@type\":\"WebPage\",\"@id\":\"https:\\\/\\\/cssst.gouv.qc.ca\\\/sainte-victoire\\\/communiques-2\\\/\",\"url\":\"https:\\\/\\\/cssst.gouv.qc.ca\\\/sainte-victoire\\\/communiques-2\\\/\",\"name\":\"Communiqu\u00e9s - \u00c9cole Sainte-Victoire\",\"isPartOf\":{\"@id\":\"https:\\\/\\\/cssst.gouv.qc.ca\\\/sainte-victoire\\\/#website\"},\"datePublished\":\"2025-01-17T14:30:56+00:00\",\"dateModified\":\"2026-02-24T19:35:58+00:00\",\"breadcrumb\":{\"@id\":\"https:\\\/\\\/cssst.gouv.qc.ca\\\/sainte-victoire\\\/communiques-2\\\/#breadcrumb\"},\"inLanguage\":\"fr-CA\",\"potentialAction\":[{\"@type\":\"ReadAction\",\"target\":[\"https:\\\/\\\/cssst.gouv.qc.ca\\\/sainte-victoire\\\/communiques-2\\\/\"]}]},{\"@type\":\"BreadcrumbList\",\"@id\":\"https:\\\/\\\/cssst.gouv.qc.ca\\\/sainte-victoire\\\/communiques-2\\\/#breadcrumb\",\"itemListElement\":[{\"@type\":\"ListItem\",\"position\":1,\"name\":\"Accueil\",\"item\":\"https:\\\/\\\/cssst.gouv.qc.ca\\\/sainte-victoire\\\/\"},{\"@type\":\"ListItem\",\"position\":2,\"name\":\"Communiqu\u00e9s\"}]},{\"@type\":\"WebSite\",\"@id\":\"https:\\\/\\\/cssst.gouv.qc.ca\\\/sainte-victoire\\\/#website\",\"url\":\"https:\\\/\\\/cssst.gouv.qc.ca\\\/sainte-victoire\\\/\",\"name\":\"\u00c9cole Sainte-Victoire\",\"description\":\"\",\"potentialAction\":[{\"@type\":\"SearchAction\",\"target\":{\"@type\":\"EntryPoint\",\"urlTemplate\":\"https:\\\/\\\/cssst.gouv.qc.ca\\\/sainte-victoire\\\/?s={search_term_string}\"},\"query-input\":{\"@type\":\"PropertyValueSpecification\",\"valueRequired\":true,\"valueName\":\"search_term_string\"}}],\"inLanguage\":\"fr-CA\"}]}<\/script>\n<!-- \/ Yoast SEO plugin. -->","yoast_head_json":{"title":"Communiqu\u00e9s - \u00c9cole Sainte-Victoire","robots":{"index":"index","follow":"follow","max-snippet":"max-snippet:-1","max-image-preview":"max-image-preview:large","max-video-preview":"max-video-preview:-1"},"canonical":"https:\/\/cssst.gouv.qc.ca\/sainte-victoire\/communiques-2\/","og_locale":"fr_CA","og_type":"article","og_title":"Communiqu\u00e9s - \u00c9cole Sainte-Victoire","og_description":"Communiqu\u00e9s Interdiction des appareils \u00e9lectroniques Il est interdit d&rsquo;avoir des appareils \u00e9lectroniques dans l&rsquo;\u00e9cole ainsi que sur le terrain pendant les heures d&rsquo;\u00e9cole. Veuillez prendre connaissance du document. B\u00e9n\u00e9volat \u00e0 l&rsquo;\u00e9cole Ste-Victoire Tout parent ou autre personne qui d\u00e9sirent faire du b\u00e9n\u00e9volat \u00e0 l\u2019\u00e9cole doivent obligatoirement avoir rempli le formulaire d\u2019ant\u00e9c\u00e9dents judiciaires. Vous devez \u00e9galement [&hellip;]","og_url":"https:\/\/cssst.gouv.qc.ca\/sainte-victoire\/communiques-2\/","og_site_name":"\u00c9cole Sainte-Victoire","article_modified_time":"2026-02-24T19:35:58+00:00","twitter_card":"summary_large_image","twitter_misc":{"Estimation du temps de lecture":"2 minutes"},"schema":{"@context":"https:\/\/schema.org","@graph":[{"@type":"WebPage","@id":"https:\/\/cssst.gouv.qc.ca\/sainte-victoire\/communiques-2\/","url":"https:\/\/cssst.gouv.qc.ca\/sainte-victoire\/communiques-2\/","name":"Communiqu\u00e9s - \u00c9cole Sainte-Victoire","isPartOf":{"@id":"https:\/\/cssst.gouv.qc.ca\/sainte-victoire\/#website"},"datePublished":"2025-01-17T14:30:56+00:00","dateModified":"2026-02-24T19:35:58+00:00","breadcrumb":{"@id":"https:\/\/cssst.gouv.qc.ca\/sainte-victoire\/communiques-2\/#breadcrumb"},"inLanguage":"fr-CA","potentialAction":[{"@type":"ReadAction","target":["https:\/\/cssst.gouv.qc.ca\/sainte-victoire\/communiques-2\/"]}]},{"@type":"BreadcrumbList","@id":"https:\/\/cssst.gouv.qc.ca\/sainte-victoire\/communiques-2\/#breadcrumb","itemListElement":[{"@type":"ListItem","position":1,"name":"Accueil","item":"https:\/\/cssst.gouv.qc.ca\/sainte-victoire\/"},{"@type":"ListItem","position":2,"name":"Communiqu\u00e9s"}]},{"@type":"WebSite","@id":"https:\/\/cssst.gouv.qc.ca\/sainte-victoire\/#website","url":"https:\/\/cssst.gouv.qc.ca\/sainte-victoire\/","name":"\u00c9cole Sainte-Victoire","description":"","potentialAction":[{"@type":"SearchAction","target":{"@type":"EntryPoint","urlTemplate":"https:\/\/cssst.gouv.qc.ca\/sainte-victoire\/?s={search_term_string}"},"query-input":{"@type":"PropertyValueSpecification","valueRequired":true,"valueName":"search_term_string"}}],"inLanguage":"fr-CA"}]}},"_links":{"self":[{"href":"https:\/\/cssst.gouv.qc.ca\/sainte-victoire\/wp-json\/wp\/v2\/pages\/304","targetHints":{"allow":["GET"]}}],"collection":[{"href":"https:\/\/cssst.gouv.qc.ca\/sainte-victoire\/wp-json\/wp\/v2\/pages"}],"about":[{"href":"https:\/\/cssst.gouv.qc.ca\/sainte-victoire\/wp-json\/wp\/v2\/types\/page"}],"author":[{"embeddable":true,"href":"https:\/\/cssst.gouv.qc.ca\/sainte-victoire\/wp-json\/wp\/v2\/users\/27"}],"replies":[{"embeddable":true,"href":"https:\/\/cssst.gouv.qc.ca\/sainte-victoire\/wp-json\/wp\/v2\/comments?post=304"}],"version-history":[{"count":0,"href":"https:\/\/cssst.gouv.qc.ca\/sainte-victoire\/wp-json\/wp\/v2\/pages\/304\/revisions"}],"wp:attachment":[{"href":"https:\/\/cssst.gouv.qc.ca\/sainte-victoire\/wp-json\/wp\/v2\/media?parent=304"}],"curies":[{"name":"wp","href":"https:\/\/api.w.org\/{rel}","templated":true}]}}