{"id":8,"date":"2023-02-02T09:37:06","date_gmt":"2023-02-02T14:37:06","guid":{"rendered":"https:\/\/cssst.gouv.qc.ca\/sainte-anne-les-iles\/ecole\/comites\/"},"modified":"2023-02-02T09:37:06","modified_gmt":"2023-02-02T14:37:06","slug":"comites","status":"publish","type":"page","link":"https:\/\/cssst.gouv.qc.ca\/sainte-anne-les-iles\/ecole\/comites\/","title":{"rendered":"Comit\u00e9s"},"content":{"rendered":"","protected":false},"excerpt":{"rendered":"","protected":false},"author":1,"featured_media":0,"parent":5,"menu_order":0,"comment_status":"closed","ping_status":"closed","template":"","meta":{"_acf_changed":false,"inline_featured_image":false,"footnotes":""},"class_list":["post-8","page","type-page","status-publish","hentry"],"acf":[],"yoast_head":"<!-- This site is optimized with the Yoast SEO plugin v27.4 - https:\/\/yoast.com\/product\/yoast-seo-wordpress\/ -->\n<title>Comit\u00e9s - \u00c9cole Sainte-Anne-les-\u00celes<\/title>\n<meta name=\"robots\" content=\"index, follow, max-snippet:-1, max-image-preview:large, max-video-preview:-1\" \/>\n<link rel=\"canonical\" href=\"https:\/\/cssst.gouv.qc.ca\/sainte-anne-les-iles\/ecole\/comites\/\" \/>\n<meta property=\"og:locale\" content=\"fr_CA\" \/>\n<meta property=\"og:type\" content=\"article\" \/>\n<meta property=\"og:title\" content=\"Comit\u00e9s - \u00c9cole Sainte-Anne-les-\u00celes\" \/>\n<meta property=\"og:url\" content=\"https:\/\/cssst.gouv.qc.ca\/sainte-anne-les-iles\/ecole\/comites\/\" \/>\n<meta property=\"og:site_name\" content=\"\u00c9cole Sainte-Anne-les-\u00celes\" \/>\n<meta property=\"article:publisher\" content=\"https:\/\/www.facebook.com\/ecolesainteannelesiles\" \/>\n<meta name=\"twitter:card\" content=\"summary_large_image\" \/>\n<script type=\"application\/ld+json\" class=\"yoast-schema-graph\">{\"@context\":\"https:\\\/\\\/schema.org\",\"@graph\":[{\"@type\":\"WebPage\",\"@id\":\"https:\\\/\\\/cssst.gouv.qc.ca\\\/sainte-anne-les-iles\\\/ecole\\\/comites\\\/\",\"url\":\"https:\\\/\\\/cssst.gouv.qc.ca\\\/sainte-anne-les-iles\\\/ecole\\\/comites\\\/\",\"name\":\"Comit\u00e9s - \u00c9cole Sainte-Anne-les-\u00celes\",\"isPartOf\":{\"@id\":\"https:\\\/\\\/cssst.gouv.qc.ca\\\/sainte-anne-les-iles\\\/#website\"},\"datePublished\":\"2023-02-02T14:37:06+00:00\",\"breadcrumb\":{\"@id\":\"https:\\\/\\\/cssst.gouv.qc.ca\\\/sainte-anne-les-iles\\\/ecole\\\/comites\\\/#breadcrumb\"},\"inLanguage\":\"fr-CA\",\"potentialAction\":[{\"@type\":\"ReadAction\",\"target\":[\"https:\\\/\\\/cssst.gouv.qc.ca\\\/sainte-anne-les-iles\\\/ecole\\\/comites\\\/\"]}]},{\"@type\":\"BreadcrumbList\",\"@id\":\"https:\\\/\\\/cssst.gouv.qc.ca\\\/sainte-anne-les-iles\\\/ecole\\\/comites\\\/#breadcrumb\",\"itemListElement\":[{\"@type\":\"ListItem\",\"position\":1,\"name\":\"Accueil\",\"item\":\"https:\\\/\\\/cssst.gouv.qc.ca\\\/sainte-anne-les-iles\\\/\"},{\"@type\":\"ListItem\",\"position\":2,\"name\":\"\u00c9cole Sainte-Anne-les-\u00celes\",\"item\":\"https:\\\/\\\/cssst.gouv.qc.ca\\\/sainte-anne-les-iles\\\/ecole\\\/\"},{\"@type\":\"ListItem\",\"position\":3,\"name\":\"Comit\u00e9s\"}]},{\"@type\":\"WebSite\",\"@id\":\"https:\\\/\\\/cssst.gouv.qc.ca\\\/sainte-anne-les-iles\\\/#website\",\"url\":\"https:\\\/\\\/cssst.gouv.qc.ca\\\/sainte-anne-les-iles\\\/\",\"name\":\"\u00c9cole Sainte-Anne-les-\u00celes\",\"description\":\"\",\"potentialAction\":[{\"@type\":\"SearchAction\",\"target\":{\"@type\":\"EntryPoint\",\"urlTemplate\":\"https:\\\/\\\/cssst.gouv.qc.ca\\\/sainte-anne-les-iles\\\/?s={search_term_string}\"},\"query-input\":{\"@type\":\"PropertyValueSpecification\",\"valueRequired\":true,\"valueName\":\"search_term_string\"}}],\"inLanguage\":\"fr-CA\"}]}<\/script>\n<!-- \/ Yoast SEO plugin. -->","yoast_head_json":{"title":"Comit\u00e9s - \u00c9cole Sainte-Anne-les-\u00celes","robots":{"index":"index","follow":"follow","max-snippet":"max-snippet:-1","max-image-preview":"max-image-preview:large","max-video-preview":"max-video-preview:-1"},"canonical":"https:\/\/cssst.gouv.qc.ca\/sainte-anne-les-iles\/ecole\/comites\/","og_locale":"fr_CA","og_type":"article","og_title":"Comit\u00e9s - \u00c9cole Sainte-Anne-les-\u00celes","og_url":"https:\/\/cssst.gouv.qc.ca\/sainte-anne-les-iles\/ecole\/comites\/","og_site_name":"\u00c9cole Sainte-Anne-les-\u00celes","article_publisher":"https:\/\/www.facebook.com\/ecolesainteannelesiles","twitter_card":"summary_large_image","schema":{"@context":"https:\/\/schema.org","@graph":[{"@type":"WebPage","@id":"https:\/\/cssst.gouv.qc.ca\/sainte-anne-les-iles\/ecole\/comites\/","url":"https:\/\/cssst.gouv.qc.ca\/sainte-anne-les-iles\/ecole\/comites\/","name":"Comit\u00e9s - \u00c9cole Sainte-Anne-les-\u00celes","isPartOf":{"@id":"https:\/\/cssst.gouv.qc.ca\/sainte-anne-les-iles\/#website"},"datePublished":"2023-02-02T14:37:06+00:00","breadcrumb":{"@id":"https:\/\/cssst.gouv.qc.ca\/sainte-anne-les-iles\/ecole\/comites\/#breadcrumb"},"inLanguage":"fr-CA","potentialAction":[{"@type":"ReadAction","target":["https:\/\/cssst.gouv.qc.ca\/sainte-anne-les-iles\/ecole\/comites\/"]}]},{"@type":"BreadcrumbList","@id":"https:\/\/cssst.gouv.qc.ca\/sainte-anne-les-iles\/ecole\/comites\/#breadcrumb","itemListElement":[{"@type":"ListItem","position":1,"name":"Accueil","item":"https:\/\/cssst.gouv.qc.ca\/sainte-anne-les-iles\/"},{"@type":"ListItem","position":2,"name":"\u00c9cole Sainte-Anne-les-\u00celes","item":"https:\/\/cssst.gouv.qc.ca\/sainte-anne-les-iles\/ecole\/"},{"@type":"ListItem","position":3,"name":"Comit\u00e9s"}]},{"@type":"WebSite","@id":"https:\/\/cssst.gouv.qc.ca\/sainte-anne-les-iles\/#website","url":"https:\/\/cssst.gouv.qc.ca\/sainte-anne-les-iles\/","name":"\u00c9cole Sainte-Anne-les-\u00celes","description":"","potentialAction":[{"@type":"SearchAction","target":{"@type":"EntryPoint","urlTemplate":"https:\/\/cssst.gouv.qc.ca\/sainte-anne-les-iles\/?s={search_term_string}"},"query-input":{"@type":"PropertyValueSpecification","valueRequired":true,"valueName":"search_term_string"}}],"inLanguage":"fr-CA"}]}},"_links":{"self":[{"href":"https:\/\/cssst.gouv.qc.ca\/sainte-anne-les-iles\/wp-json\/wp\/v2\/pages\/8","targetHints":{"allow":["GET"]}}],"collection":[{"href":"https:\/\/cssst.gouv.qc.ca\/sainte-anne-les-iles\/wp-json\/wp\/v2\/pages"}],"about":[{"href":"https:\/\/cssst.gouv.qc.ca\/sainte-anne-les-iles\/wp-json\/wp\/v2\/types\/page"}],"author":[{"embeddable":true,"href":"https:\/\/cssst.gouv.qc.ca\/sainte-anne-les-iles\/wp-json\/wp\/v2\/users\/1"}],"replies":[{"embeddable":true,"href":"https:\/\/cssst.gouv.qc.ca\/sainte-anne-les-iles\/wp-json\/wp\/v2\/comments?post=8"}],"version-history":[{"count":0,"href":"https:\/\/cssst.gouv.qc.ca\/sainte-anne-les-iles\/wp-json\/wp\/v2\/pages\/8\/revisions"}],"up":[{"embeddable":true,"href":"https:\/\/cssst.gouv.qc.ca\/sainte-anne-les-iles\/wp-json\/wp\/v2\/pages\/5"}],"wp:attachment":[{"href":"https:\/\/cssst.gouv.qc.ca\/sainte-anne-les-iles\/wp-json\/wp\/v2\/media?parent=8"}],"curies":[{"name":"wp","href":"https:\/\/api.w.org\/{rel}","templated":true}]}}