{"id":4,"date":"2023-02-02T09:37:05","date_gmt":"2023-02-02T14:37:05","guid":{"rendered":"https:\/\/cssst.gouv.qc.ca\/saint-jean-bosco\/accueil\/"},"modified":"2025-07-02T09:59:13","modified_gmt":"2025-07-02T13:59:13","slug":"accueil","status":"publish","type":"page","link":"https:\/\/cssst.gouv.qc.ca\/saint-jean-bosco\/","title":{"rendered":"Bienvenue \u00e0 l&rsquo;\u00c9cole Saint-Jean-Bosco"},"content":{"rendered":"\n<div class=\"wp-block-cover alignwide has-parallax is-style-title-banner wp-duotone-unset-2\"><div class=\"wp-block-cover__image-background wp-image-155 has-parallax\" style=\"background-position:50% 50%;background-image:url(http:\/\/cssst.gouv.qc.ca\/saint-jean-bosco\/wp-content\/uploads\/sites\/18\/2025\/02\/St-Jean-Bosco.jpg)\"><\/div><span aria-hidden=\"true\" class=\"wp-block-cover__background has-background-dim\" style=\"background-color:#7b8174\"><\/span><div class=\"wp-block-cover__inner-container\">\n<div class=\"wp-block-group alignwide\"><h2 class=\"wp-block-post-title\">Bienvenue \u00e0 l&rsquo;\u00c9cole Saint-Jean-Bosco<\/h2><\/div>\n<\/div><\/div>\n\n\n\n<div class=\"wp-block-group alignfull is-style-subsite-home-news has-tertiary-background-color has-background\">\n<div class=\"wp-block-group alignwide\">\n<h2 class=\"wp-block-heading\">Actualit\u00e9s<\/h2>\n\n\n\n<div class=\"wp-block-buttons\">\n<div class=\"wp-block-button is-style-text is-home-actualites\"><a class=\"wp-block-button__link wp-element-button\" href=\"https:\/\/cssst.gouv.qc.ca\/saint-jean-bosco\/actualites\/\">Voir toutes les actualit\u00e9s<img decoding=\"async\" class=\"wp-image-402\" style=\"width: 17px\" src=\"https:\/\/cssst.gouv.qc.ca\/wp-content\/uploads\/2022\/09\/short_right.svg\" alt=\"\"><\/a><\/div>\n<\/div>\n<\/div>\n\n\n<div class=\" alignwide alignwide wp-block-acf-archive-listing\" id=\"testimonial-block_f6f07e796a93894e270c083be3f9fcd0\">\n    <\/div>\n<\/div>\n\n\n\n<div class=\"wp-block-group alignfull is-style-bg-gradient\">\n<div class=\"wp-block-group alignwide\">\n<div class=\"wp-block-group alignwide\">\n<div class=\"wp-block-columns is-style-dates-and-calendar\">\n<div class=\"wp-block-column is-style-dates-list\">\n<h2 class=\"wp-block-heading\">Calendrier<\/h2>\n<\/div>\n<\/div>\n\n\n\n<div class=\"wp-block-columns alignwide is-style-home-calendar is-style-dates-and-calendar\">\n<div class=\"wp-block-column is-style-dates-list\">\n<div class=\"wp-block-group\">\n<h3 class=\"wp-block-heading\">\u00c0 surveiller<\/h3>\n\n\n<div class=\"align wp-block-acf-act-date-list\" id=\"testimonial-\"><div class=\"wp-block-group\">\n    \n    <div class=\"wp-block-columns\">\n    <div class=\"wp-block-column column-left\">\n    <p class=\"is-style-key-dates\">02 <\/p>\n    \n    \n    \n    <p class=\"is-style-key-dates month\">Mar<\/p>\n    <\/div>\n    \n    \n    \n    <div class=\"wp-block-column column-right\">\n    <p class=\"has-accent-lighter-color has-text-color\"><strong><a href=\"https:\/\/cssst.gouv.qc.ca\/saint-jean-bosco\/evenements\/semaine-de-relache\/\">Semaine de rel\u00e2che<\/a><\/strong><\/p>\n    <\/div>\n    <\/div>\n    \n    \n    \n    <div class=\"wp-block-columns\">\n    <div class=\"wp-block-column column-left\">\n    <p class=\"is-style-key-dates\">19 <\/p>\n    \n    \n    \n    <p class=\"is-style-key-dates month\">Juin<\/p>\n    <\/div>\n    \n    \n    \n    <div class=\"wp-block-column column-right\">\n    <p class=\"has-accent-lighter-color has-text-color\"><strong><a href=\"https:\/\/cssst.gouv.qc.ca\/saint-jean-bosco\/evenements\/derniere-journee-decole\/\">Derni\u00e8re journ\u00e9e d&rsquo;\u00e9cole<\/a><\/strong><\/p>\n    <\/div>\n    <\/div>\n    \n    \n    \n    <div class=\"wp-block-columns\">\n    <div class=\"wp-block-column column-left\">\n    <p class=\"is-style-key-dates\">24 <\/p>\n    \n    \n    \n    <p class=\"is-style-key-dates month\">Juin<\/p>\n    <\/div>\n    \n    \n    \n    <div class=\"wp-block-column column-right\">\n    <p class=\"has-accent-lighter-color has-text-color\"><strong><a href=\"https:\/\/cssst.gouv.qc.ca\/saint-jean-bosco\/evenements\/fete-nationale-du-quebec\/\">F\u00eate nationale du Qu\u00e9bec<\/a><\/strong><\/p>\n    <\/div>\n    <\/div>\n    \n    \n    \n    <div class=\"wp-block-columns\">\n    <div class=\"wp-block-column column-left\">\n    <p class=\"is-style-key-dates\">01 <\/p>\n    \n    \n    \n    <p class=\"is-style-key-dates month\">Juil<\/p>\n    <\/div>\n    \n    \n    \n    <div class=\"wp-block-column column-right\">\n    <p class=\"has-accent-lighter-color has-text-color\"><strong><a href=\"https:\/\/cssst.gouv.qc.ca\/saint-jean-bosco\/evenements\/fete-du-canada\/\">F\u00eate du Canada<\/a><\/strong><\/p>\n    <\/div>\n    <\/div>\n    \n    <\/div><\/div>\n\n\n<p><a href=\"https:\/\/cssst.gouv.qc.ca\/saint-jean-bosco\/evenements\/\">Voir tous les \u00e9v\u00e9nements<\/a><\/p>\n<\/div>\n<\/div>\n\n\n\n<div class=\"wp-block-column is-style-calendar\">\n<div class=\"wp-block-group\"><div class=\"act-post-calendar\">\n    \n<\/div>\n<script>\n    var actPostCalendarPopups = {\n                    '2026-03-02': {\n                modifier: 'bg-accent',\n                html: '<a href=\"https:\/\/cssst.gouv.qc.ca\/saint-jean-bosco\/evenements\/semaine-de-relache\/\">Semaine de rel\u00e2che<\/a>'\n            },\n                    '2026-03-03': {\n                modifier: 'bg-accent',\n                html: '<a href=\"https:\/\/cssst.gouv.qc.ca\/saint-jean-bosco\/evenements\/semaine-de-relache\/\">Semaine de rel\u00e2che<\/a>'\n            },\n                    '2026-03-04': {\n                modifier: 'bg-accent',\n                html: '<a href=\"https:\/\/cssst.gouv.qc.ca\/saint-jean-bosco\/evenements\/semaine-de-relache\/\">Semaine de rel\u00e2che<\/a>'\n            },\n                    '2026-03-05': {\n                modifier: 'bg-accent',\n                html: '<a href=\"https:\/\/cssst.gouv.qc.ca\/saint-jean-bosco\/evenements\/semaine-de-relache\/\">Semaine de rel\u00e2che<\/a>'\n            },\n                    '2026-03-06': {\n                modifier: 'bg-accent',\n                html: '<a href=\"https:\/\/cssst.gouv.qc.ca\/saint-jean-bosco\/evenements\/semaine-de-relache\/\">Semaine de rel\u00e2che<\/a>'\n            },\n                    '2026-06-19': {\n                modifier: 'bg-accent',\n                html: '<a href=\"https:\/\/cssst.gouv.qc.ca\/saint-jean-bosco\/evenements\/derniere-journee-decole\/\">Derni\u00e8re journ\u00e9e d&rsquo;\u00e9cole<\/a>'\n            },\n                    '2026-06-24': {\n                modifier: 'bg-accent',\n                html: '<a href=\"https:\/\/cssst.gouv.qc.ca\/saint-jean-bosco\/evenements\/fete-nationale-du-quebec\/\">F\u00eate nationale du Qu\u00e9bec<\/a>'\n            },\n                    '2026-07-01': {\n                modifier: 'bg-accent',\n                html: '<a href=\"https:\/\/cssst.gouv.qc.ca\/saint-jean-bosco\/evenements\/fete-du-canada\/\">F\u00eate du Canada<\/a>'\n            },\n            }\n    var actPostCalendarMonths = [\n        'Janvier', \n        'F\u00e9vrier', \n        'Mars', \n        'Avril', \n        'Mai', \n        'Juin', \n        'Juillet',\n        'Ao\u00fbt', \n        'Septembre', \n        'Octobre', \n        'Novembre', \n        'D\u00e9cembre'\n    ]\n    var actPostCalendarWeekdays = ['D', 'L', 'M', 'M', 'J', 'V', 'S'];\n<\/script>\n\n\n\n<div class=\"wp-block-buttons\">\n<div class=\"wp-block-button\"><a class=\"wp-block-button__link wp-element-button\">T\u00e9l\u00e9charger le calendrier <img decoding=\"async\" class=\"wp-image-122\" style=\"width: 24px\" src=\"http:\/\/cssst.gouv.qc.ca\/ecoles-secondaires\/wp-content\/uploads\/sites\/4\/2023\/02\/Download.svg\" alt=\"\"><\/a><\/div>\n<\/div>\n<\/div>\n<\/div>\n<\/div>\n<\/div>\n<\/div>\n\n\n\n<figure class=\"wp-block-image size-full\"><img loading=\"lazy\" decoding=\"async\" width=\"845\" height=\"624\" src=\"http:\/\/cssst.gouv.qc.ca\/saint-jean-bosco\/wp-content\/uploads\/sites\/18\/2025\/02\/St-Jean-Bosco.jpg\" alt=\"\" class=\"wp-image-155\" srcset=\"https:\/\/cssst.gouv.qc.ca\/saint-jean-bosco\/wp-content\/uploads\/sites\/18\/2025\/02\/St-Jean-Bosco.jpg 845w, https:\/\/cssst.gouv.qc.ca\/saint-jean-bosco\/wp-content\/uploads\/sites\/18\/2025\/02\/St-Jean-Bosco-300x222.jpg 300w, https:\/\/cssst.gouv.qc.ca\/saint-jean-bosco\/wp-content\/uploads\/sites\/18\/2025\/02\/St-Jean-Bosco-768x567.jpg 768w\" sizes=\"auto, (max-width: 845px) 100vw, 845px\" \/><\/figure>\n<\/div>\n\n\n\n<div class=\"wp-block-buttons\">\n<div class=\"wp-block-button has-custom-width wp-block-button__width-100 is-style-fill\"><a class=\"wp-block-button__link wp-element-button\" href=\"https:\/\/cssst.gouv.qc.ca\/publications\/plaintes\/\" style=\"border-radius:100px;box-shadow:var(--wp--preset--shadow--natural)\">Traitement des plaintes et protecteur de l&rsquo;\u00e9l\u00e8ve<\/a><\/div>\n<\/div>\n","protected":false},"excerpt":{"rendered":"<p>Actualit\u00e9s Calendrier \u00c0 surveiller Voir tous les \u00e9v\u00e9nements<\/p>\n","protected":false},"author":1,"featured_media":0,"parent":0,"menu_order":0,"comment_status":"closed","ping_status":"closed","template":"","meta":{"_acf_changed":false,"inline_featured_image":false,"footnotes":""},"class_list":["post-4","page","type-page","status-publish","hentry"],"acf":[],"yoast_head":"<!-- This site is optimized with the Yoast SEO plugin v27.3 - https:\/\/yoast.com\/product\/yoast-seo-wordpress\/ -->\n<title>Bienvenue \u00e0 l&#039;\u00c9cole Saint-Jean-Bosco - \u00c9cole Saint-Jean-Bosco<\/title>\n<meta name=\"robots\" content=\"index, follow, max-snippet:-1, max-image-preview:large, max-video-preview:-1\" \/>\n<link rel=\"canonical\" href=\"https:\/\/cssst.gouv.qc.ca\/saint-jean-bosco\/\" \/>\n<meta property=\"og:locale\" content=\"fr_CA\" \/>\n<meta property=\"og:type\" content=\"article\" \/>\n<meta property=\"og:title\" content=\"Bienvenue \u00e0 l&#039;\u00c9cole Saint-Jean-Bosco - \u00c9cole Saint-Jean-Bosco\" \/>\n<meta property=\"og:description\" content=\"Actualit\u00e9s Calendrier \u00c0 surveiller Voir tous les \u00e9v\u00e9nements\" \/>\n<meta property=\"og:url\" content=\"https:\/\/cssst.gouv.qc.ca\/saint-jean-bosco\/\" \/>\n<meta property=\"og:site_name\" content=\"\u00c9cole Saint-Jean-Bosco\" \/>\n<meta property=\"article:publisher\" content=\"https:\/\/www.facebook.com\/cssoreltracy\/?locale=fr_CA\" \/>\n<meta property=\"article:modified_time\" content=\"2025-07-02T13:59:13+00:00\" \/>\n<meta name=\"twitter:card\" content=\"summary_large_image\" \/>\n<meta name=\"twitter:label1\" content=\"Estimation du temps de lecture\" \/>\n\t<meta name=\"twitter:data1\" content=\"1 minute\" \/>\n<script type=\"application\/ld+json\" class=\"yoast-schema-graph\">{\"@context\":\"https:\\\/\\\/schema.org\",\"@graph\":[{\"@type\":\"WebPage\",\"@id\":\"https:\\\/\\\/cssst.gouv.qc.ca\\\/saint-jean-bosco\\\/\",\"url\":\"https:\\\/\\\/cssst.gouv.qc.ca\\\/saint-jean-bosco\\\/\",\"name\":\"Bienvenue \u00e0 l'\u00c9cole Saint-Jean-Bosco - \u00c9cole Saint-Jean-Bosco\",\"isPartOf\":{\"@id\":\"https:\\\/\\\/cssst.gouv.qc.ca\\\/saint-jean-bosco\\\/#website\"},\"primaryImageOfPage\":{\"@id\":\"https:\\\/\\\/cssst.gouv.qc.ca\\\/saint-jean-bosco\\\/#primaryimage\"},\"image\":{\"@id\":\"https:\\\/\\\/cssst.gouv.qc.ca\\\/saint-jean-bosco\\\/#primaryimage\"},\"thumbnailUrl\":\"https:\\\/\\\/cssst.gouv.qc.ca\\\/wp-content\\\/uploads\\\/2022\\\/09\\\/short_right.svg\",\"datePublished\":\"2023-02-02T14:37:05+00:00\",\"dateModified\":\"2025-07-02T13:59:13+00:00\",\"breadcrumb\":{\"@id\":\"https:\\\/\\\/cssst.gouv.qc.ca\\\/saint-jean-bosco\\\/#breadcrumb\"},\"inLanguage\":\"fr-CA\",\"potentialAction\":[{\"@type\":\"ReadAction\",\"target\":[\"https:\\\/\\\/cssst.gouv.qc.ca\\\/saint-jean-bosco\\\/\"]}]},{\"@type\":\"ImageObject\",\"inLanguage\":\"fr-CA\",\"@id\":\"https:\\\/\\\/cssst.gouv.qc.ca\\\/saint-jean-bosco\\\/#primaryimage\",\"url\":\"https:\\\/\\\/cssst.gouv.qc.ca\\\/wp-content\\\/uploads\\\/2022\\\/09\\\/short_right.svg\",\"contentUrl\":\"https:\\\/\\\/cssst.gouv.qc.ca\\\/wp-content\\\/uploads\\\/2022\\\/09\\\/short_right.svg\"},{\"@type\":\"BreadcrumbList\",\"@id\":\"https:\\\/\\\/cssst.gouv.qc.ca\\\/saint-jean-bosco\\\/#breadcrumb\",\"itemListElement\":[{\"@type\":\"ListItem\",\"position\":1,\"name\":\"Accueil\",\"item\":\"https:\\\/\\\/cssst.gouv.qc.ca\\\/saint-jean-bosco\\\/\"},{\"@type\":\"ListItem\",\"position\":2,\"name\":\"Bienvenue \u00e0 l&rsquo;\u00c9cole Saint-Jean-Bosco\"}]},{\"@type\":\"WebSite\",\"@id\":\"https:\\\/\\\/cssst.gouv.qc.ca\\\/saint-jean-bosco\\\/#website\",\"url\":\"https:\\\/\\\/cssst.gouv.qc.ca\\\/saint-jean-bosco\\\/\",\"name\":\"\u00c9cole Saint-Jean-Bosco\",\"description\":\"\",\"potentialAction\":[{\"@type\":\"SearchAction\",\"target\":{\"@type\":\"EntryPoint\",\"urlTemplate\":\"https:\\\/\\\/cssst.gouv.qc.ca\\\/saint-jean-bosco\\\/?s={search_term_string}\"},\"query-input\":{\"@type\":\"PropertyValueSpecification\",\"valueRequired\":true,\"valueName\":\"search_term_string\"}}],\"inLanguage\":\"fr-CA\"}]}<\/script>\n<!-- \/ Yoast SEO plugin. -->","yoast_head_json":{"title":"Bienvenue \u00e0 l'\u00c9cole Saint-Jean-Bosco - \u00c9cole Saint-Jean-Bosco","robots":{"index":"index","follow":"follow","max-snippet":"max-snippet:-1","max-image-preview":"max-image-preview:large","max-video-preview":"max-video-preview:-1"},"canonical":"https:\/\/cssst.gouv.qc.ca\/saint-jean-bosco\/","og_locale":"fr_CA","og_type":"article","og_title":"Bienvenue \u00e0 l'\u00c9cole Saint-Jean-Bosco - \u00c9cole Saint-Jean-Bosco","og_description":"Actualit\u00e9s Calendrier \u00c0 surveiller Voir tous les \u00e9v\u00e9nements","og_url":"https:\/\/cssst.gouv.qc.ca\/saint-jean-bosco\/","og_site_name":"\u00c9cole Saint-Jean-Bosco","article_publisher":"https:\/\/www.facebook.com\/cssoreltracy\/?locale=fr_CA","article_modified_time":"2025-07-02T13:59:13+00:00","twitter_card":"summary_large_image","twitter_misc":{"Estimation du temps de lecture":"1 minute"},"schema":{"@context":"https:\/\/schema.org","@graph":[{"@type":"WebPage","@id":"https:\/\/cssst.gouv.qc.ca\/saint-jean-bosco\/","url":"https:\/\/cssst.gouv.qc.ca\/saint-jean-bosco\/","name":"Bienvenue \u00e0 l'\u00c9cole Saint-Jean-Bosco - \u00c9cole Saint-Jean-Bosco","isPartOf":{"@id":"https:\/\/cssst.gouv.qc.ca\/saint-jean-bosco\/#website"},"primaryImageOfPage":{"@id":"https:\/\/cssst.gouv.qc.ca\/saint-jean-bosco\/#primaryimage"},"image":{"@id":"https:\/\/cssst.gouv.qc.ca\/saint-jean-bosco\/#primaryimage"},"thumbnailUrl":"https:\/\/cssst.gouv.qc.ca\/wp-content\/uploads\/2022\/09\/short_right.svg","datePublished":"2023-02-02T14:37:05+00:00","dateModified":"2025-07-02T13:59:13+00:00","breadcrumb":{"@id":"https:\/\/cssst.gouv.qc.ca\/saint-jean-bosco\/#breadcrumb"},"inLanguage":"fr-CA","potentialAction":[{"@type":"ReadAction","target":["https:\/\/cssst.gouv.qc.ca\/saint-jean-bosco\/"]}]},{"@type":"ImageObject","inLanguage":"fr-CA","@id":"https:\/\/cssst.gouv.qc.ca\/saint-jean-bosco\/#primaryimage","url":"https:\/\/cssst.gouv.qc.ca\/wp-content\/uploads\/2022\/09\/short_right.svg","contentUrl":"https:\/\/cssst.gouv.qc.ca\/wp-content\/uploads\/2022\/09\/short_right.svg"},{"@type":"BreadcrumbList","@id":"https:\/\/cssst.gouv.qc.ca\/saint-jean-bosco\/#breadcrumb","itemListElement":[{"@type":"ListItem","position":1,"name":"Accueil","item":"https:\/\/cssst.gouv.qc.ca\/saint-jean-bosco\/"},{"@type":"ListItem","position":2,"name":"Bienvenue \u00e0 l&rsquo;\u00c9cole Saint-Jean-Bosco"}]},{"@type":"WebSite","@id":"https:\/\/cssst.gouv.qc.ca\/saint-jean-bosco\/#website","url":"https:\/\/cssst.gouv.qc.ca\/saint-jean-bosco\/","name":"\u00c9cole Saint-Jean-Bosco","description":"","potentialAction":[{"@type":"SearchAction","target":{"@type":"EntryPoint","urlTemplate":"https:\/\/cssst.gouv.qc.ca\/saint-jean-bosco\/?s={search_term_string}"},"query-input":{"@type":"PropertyValueSpecification","valueRequired":true,"valueName":"search_term_string"}}],"inLanguage":"fr-CA"}]}},"_links":{"self":[{"href":"https:\/\/cssst.gouv.qc.ca\/saint-jean-bosco\/wp-json\/wp\/v2\/pages\/4","targetHints":{"allow":["GET"]}}],"collection":[{"href":"https:\/\/cssst.gouv.qc.ca\/saint-jean-bosco\/wp-json\/wp\/v2\/pages"}],"about":[{"href":"https:\/\/cssst.gouv.qc.ca\/saint-jean-bosco\/wp-json\/wp\/v2\/types\/page"}],"author":[{"embeddable":true,"href":"https:\/\/cssst.gouv.qc.ca\/saint-jean-bosco\/wp-json\/wp\/v2\/users\/1"}],"replies":[{"embeddable":true,"href":"https:\/\/cssst.gouv.qc.ca\/saint-jean-bosco\/wp-json\/wp\/v2\/comments?post=4"}],"version-history":[{"count":0,"href":"https:\/\/cssst.gouv.qc.ca\/saint-jean-bosco\/wp-json\/wp\/v2\/pages\/4\/revisions"}],"wp:attachment":[{"href":"https:\/\/cssst.gouv.qc.ca\/saint-jean-bosco\/wp-json\/wp\/v2\/media?parent=4"}],"curies":[{"name":"wp","href":"https:\/\/api.w.org\/{rel}","templated":true}]}}