{"id":7,"date":"2023-02-02T09:37:06","date_gmt":"2023-02-02T14:37:06","guid":{"rendered":"https:\/\/cssst.gouv.qc.ca\/saint-gabriel-lalemant\/ecole\/code-de-vie\/"},"modified":"2025-09-24T15:20:01","modified_gmt":"2025-09-24T19:20:01","slug":"code-de-vie","status":"publish","type":"page","link":"https:\/\/cssst.gouv.qc.ca\/saint-gabriel-lalemant\/ecole\/code-de-vie\/","title":{"rendered":"Mode de vie"},"content":{"rendered":"\n<h1 class=\"wp-block-heading has-text-align-center\">Mode de vie<\/h1>\n\n\n\n<p class=\"has-text-align-center\">Vous trouverez ci-dessous le mode de vie de l&rsquo;\u00e9cole Saint-Gabriel-Lalemant et de son service de garde La Ribambelle. Dans ce mode de vie vous retrouverez nos valeurs, les comportements attendus de la part de nos \u00e9l\u00e8ves, les comportements interdits ainsi que le contrat d&rsquo;engagement \u00e0 la toute fin du document. <\/p>\n\n\n\n<div data-wp-interactive=\"core\/file\" class=\"wp-block-file aligncenter\"><object data-wp-bind--hidden=\"!state.hasPdfPreview\" hidden class=\"wp-block-file__embed\" data=\"http:\/\/cssst.gouv.qc.ca\/saint-gabriel-lalemant\/wp-content\/uploads\/sites\/17\/2025\/09\/Code-de-vie-SGAB-2025-2026-2025-07-02-v2.pdf\" type=\"application\/pdf\" style=\"width:100%;height:600px\" aria-label=\"Contenu incorpor\u00e9 Code de vie SGAB 2025-2026 (2025-07-02) - v2.\"><\/object><a id=\"wp-block-file--media-594e2ab3-c16a-4213-b324-686132de60cd\" href=\"http:\/\/cssst.gouv.qc.ca\/saint-gabriel-lalemant\/wp-content\/uploads\/sites\/17\/2025\/09\/Code-de-vie-SGAB-2025-2026-2025-07-02-v2.pdf\">Code de vie SGAB 2025-2026 (2025-07-02) &#8211; v2<\/a><a href=\"http:\/\/cssst.gouv.qc.ca\/saint-gabriel-lalemant\/wp-content\/uploads\/sites\/17\/2025\/09\/Code-de-vie-SGAB-2025-2026-2025-07-02-v2.pdf\" class=\"wp-block-file__button wp-element-button\" download aria-describedby=\"wp-block-file--media-594e2ab3-c16a-4213-b324-686132de60cd\">T\u00e9l\u00e9charger<\/a><\/div>\n","protected":false},"excerpt":{"rendered":"<p>Mode de vie Vous trouverez ci-dessous le mode de vie de l&rsquo;\u00e9cole Saint-Gabriel-Lalemant et de son service de garde La Ribambelle. Dans ce mode de vie vous retrouverez nos valeurs, les comportements attendus de la part de nos \u00e9l\u00e8ves, les comportements interdits ainsi que le contrat d&rsquo;engagement \u00e0 la toute fin du document.<\/p>\n","protected":false},"author":1,"featured_media":0,"parent":5,"menu_order":0,"comment_status":"closed","ping_status":"closed","template":"","meta":{"_acf_changed":false,"inline_featured_image":false,"footnotes":""},"class_list":["post-7","page","type-page","status-publish","hentry"],"acf":[],"yoast_head":"<!-- This site is optimized with the Yoast SEO plugin v27.4 - https:\/\/yoast.com\/product\/yoast-seo-wordpress\/ -->\n<title>Mode de vie - \u00c9cole Saint-Gabriel-Lalemant<\/title>\n<meta name=\"robots\" content=\"index, follow, max-snippet:-1, max-image-preview:large, max-video-preview:-1\" \/>\n<link rel=\"canonical\" href=\"https:\/\/cssst.gouv.qc.ca\/saint-gabriel-lalemant\/ecole\/code-de-vie\/\" \/>\n<meta property=\"og:locale\" content=\"fr_CA\" \/>\n<meta property=\"og:type\" content=\"article\" \/>\n<meta property=\"og:title\" content=\"Mode de vie - \u00c9cole Saint-Gabriel-Lalemant\" \/>\n<meta property=\"og:description\" content=\"Mode de vie Vous trouverez ci-dessous le mode de vie de l&rsquo;\u00e9cole Saint-Gabriel-Lalemant et de son service de garde La Ribambelle. Dans ce mode de vie vous retrouverez nos valeurs, les comportements attendus de la part de nos \u00e9l\u00e8ves, les comportements interdits ainsi que le contrat d&rsquo;engagement \u00e0 la toute fin du document.\" \/>\n<meta property=\"og:url\" content=\"https:\/\/cssst.gouv.qc.ca\/saint-gabriel-lalemant\/ecole\/code-de-vie\/\" \/>\n<meta property=\"og:site_name\" content=\"\u00c9cole Saint-Gabriel-Lalemant\" \/>\n<meta property=\"article:publisher\" content=\"https:\/\/www.facebook.com\/cssoreltracy\/?locale=fr_CA\" \/>\n<meta property=\"article:modified_time\" content=\"2025-09-24T19:20:01+00:00\" \/>\n<meta name=\"twitter:card\" content=\"summary_large_image\" \/>\n<meta name=\"twitter:label1\" content=\"Estimation du temps de lecture\" \/>\n\t<meta name=\"twitter:data1\" content=\"1 minute\" \/>\n<script type=\"application\/ld+json\" class=\"yoast-schema-graph\">{\"@context\":\"https:\\\/\\\/schema.org\",\"@graph\":[{\"@type\":\"WebPage\",\"@id\":\"https:\\\/\\\/cssst.gouv.qc.ca\\\/saint-gabriel-lalemant\\\/ecole\\\/code-de-vie\\\/\",\"url\":\"https:\\\/\\\/cssst.gouv.qc.ca\\\/saint-gabriel-lalemant\\\/ecole\\\/code-de-vie\\\/\",\"name\":\"Mode de vie - \u00c9cole Saint-Gabriel-Lalemant\",\"isPartOf\":{\"@id\":\"https:\\\/\\\/cssst.gouv.qc.ca\\\/saint-gabriel-lalemant\\\/#website\"},\"datePublished\":\"2023-02-02T14:37:06+00:00\",\"dateModified\":\"2025-09-24T19:20:01+00:00\",\"breadcrumb\":{\"@id\":\"https:\\\/\\\/cssst.gouv.qc.ca\\\/saint-gabriel-lalemant\\\/ecole\\\/code-de-vie\\\/#breadcrumb\"},\"inLanguage\":\"fr-CA\",\"potentialAction\":[{\"@type\":\"ReadAction\",\"target\":[\"https:\\\/\\\/cssst.gouv.qc.ca\\\/saint-gabriel-lalemant\\\/ecole\\\/code-de-vie\\\/\"]}]},{\"@type\":\"BreadcrumbList\",\"@id\":\"https:\\\/\\\/cssst.gouv.qc.ca\\\/saint-gabriel-lalemant\\\/ecole\\\/code-de-vie\\\/#breadcrumb\",\"itemListElement\":[{\"@type\":\"ListItem\",\"position\":1,\"name\":\"Accueil\",\"item\":\"https:\\\/\\\/cssst.gouv.qc.ca\\\/saint-gabriel-lalemant\\\/\"},{\"@type\":\"ListItem\",\"position\":2,\"name\":\"\u00c9cole\",\"item\":\"https:\\\/\\\/cssst.gouv.qc.ca\\\/saint-gabriel-lalemant\\\/ecole\\\/\"},{\"@type\":\"ListItem\",\"position\":3,\"name\":\"Mode de vie\"}]},{\"@type\":\"WebSite\",\"@id\":\"https:\\\/\\\/cssst.gouv.qc.ca\\\/saint-gabriel-lalemant\\\/#website\",\"url\":\"https:\\\/\\\/cssst.gouv.qc.ca\\\/saint-gabriel-lalemant\\\/\",\"name\":\"\u00c9cole Saint-Gabriel-Lalemant\",\"description\":\"\",\"potentialAction\":[{\"@type\":\"SearchAction\",\"target\":{\"@type\":\"EntryPoint\",\"urlTemplate\":\"https:\\\/\\\/cssst.gouv.qc.ca\\\/saint-gabriel-lalemant\\\/?s={search_term_string}\"},\"query-input\":{\"@type\":\"PropertyValueSpecification\",\"valueRequired\":true,\"valueName\":\"search_term_string\"}}],\"inLanguage\":\"fr-CA\"}]}<\/script>\n<!-- \/ Yoast SEO plugin. -->","yoast_head_json":{"title":"Mode de vie - \u00c9cole Saint-Gabriel-Lalemant","robots":{"index":"index","follow":"follow","max-snippet":"max-snippet:-1","max-image-preview":"max-image-preview:large","max-video-preview":"max-video-preview:-1"},"canonical":"https:\/\/cssst.gouv.qc.ca\/saint-gabriel-lalemant\/ecole\/code-de-vie\/","og_locale":"fr_CA","og_type":"article","og_title":"Mode de vie - \u00c9cole Saint-Gabriel-Lalemant","og_description":"Mode de vie Vous trouverez ci-dessous le mode de vie de l&rsquo;\u00e9cole Saint-Gabriel-Lalemant et de son service de garde La Ribambelle. Dans ce mode de vie vous retrouverez nos valeurs, les comportements attendus de la part de nos \u00e9l\u00e8ves, les comportements interdits ainsi que le contrat d&rsquo;engagement \u00e0 la toute fin du document.","og_url":"https:\/\/cssst.gouv.qc.ca\/saint-gabriel-lalemant\/ecole\/code-de-vie\/","og_site_name":"\u00c9cole Saint-Gabriel-Lalemant","article_publisher":"https:\/\/www.facebook.com\/cssoreltracy\/?locale=fr_CA","article_modified_time":"2025-09-24T19:20:01+00:00","twitter_card":"summary_large_image","twitter_misc":{"Estimation du temps de lecture":"1 minute"},"schema":{"@context":"https:\/\/schema.org","@graph":[{"@type":"WebPage","@id":"https:\/\/cssst.gouv.qc.ca\/saint-gabriel-lalemant\/ecole\/code-de-vie\/","url":"https:\/\/cssst.gouv.qc.ca\/saint-gabriel-lalemant\/ecole\/code-de-vie\/","name":"Mode de vie - \u00c9cole Saint-Gabriel-Lalemant","isPartOf":{"@id":"https:\/\/cssst.gouv.qc.ca\/saint-gabriel-lalemant\/#website"},"datePublished":"2023-02-02T14:37:06+00:00","dateModified":"2025-09-24T19:20:01+00:00","breadcrumb":{"@id":"https:\/\/cssst.gouv.qc.ca\/saint-gabriel-lalemant\/ecole\/code-de-vie\/#breadcrumb"},"inLanguage":"fr-CA","potentialAction":[{"@type":"ReadAction","target":["https:\/\/cssst.gouv.qc.ca\/saint-gabriel-lalemant\/ecole\/code-de-vie\/"]}]},{"@type":"BreadcrumbList","@id":"https:\/\/cssst.gouv.qc.ca\/saint-gabriel-lalemant\/ecole\/code-de-vie\/#breadcrumb","itemListElement":[{"@type":"ListItem","position":1,"name":"Accueil","item":"https:\/\/cssst.gouv.qc.ca\/saint-gabriel-lalemant\/"},{"@type":"ListItem","position":2,"name":"\u00c9cole","item":"https:\/\/cssst.gouv.qc.ca\/saint-gabriel-lalemant\/ecole\/"},{"@type":"ListItem","position":3,"name":"Mode de vie"}]},{"@type":"WebSite","@id":"https:\/\/cssst.gouv.qc.ca\/saint-gabriel-lalemant\/#website","url":"https:\/\/cssst.gouv.qc.ca\/saint-gabriel-lalemant\/","name":"\u00c9cole Saint-Gabriel-Lalemant","description":"","potentialAction":[{"@type":"SearchAction","target":{"@type":"EntryPoint","urlTemplate":"https:\/\/cssst.gouv.qc.ca\/saint-gabriel-lalemant\/?s={search_term_string}"},"query-input":{"@type":"PropertyValueSpecification","valueRequired":true,"valueName":"search_term_string"}}],"inLanguage":"fr-CA"}]}},"_links":{"self":[{"href":"https:\/\/cssst.gouv.qc.ca\/saint-gabriel-lalemant\/wp-json\/wp\/v2\/pages\/7","targetHints":{"allow":["GET"]}}],"collection":[{"href":"https:\/\/cssst.gouv.qc.ca\/saint-gabriel-lalemant\/wp-json\/wp\/v2\/pages"}],"about":[{"href":"https:\/\/cssst.gouv.qc.ca\/saint-gabriel-lalemant\/wp-json\/wp\/v2\/types\/page"}],"author":[{"embeddable":true,"href":"https:\/\/cssst.gouv.qc.ca\/saint-gabriel-lalemant\/wp-json\/wp\/v2\/users\/1"}],"replies":[{"embeddable":true,"href":"https:\/\/cssst.gouv.qc.ca\/saint-gabriel-lalemant\/wp-json\/wp\/v2\/comments?post=7"}],"version-history":[{"count":0,"href":"https:\/\/cssst.gouv.qc.ca\/saint-gabriel-lalemant\/wp-json\/wp\/v2\/pages\/7\/revisions"}],"up":[{"embeddable":true,"href":"https:\/\/cssst.gouv.qc.ca\/saint-gabriel-lalemant\/wp-json\/wp\/v2\/pages\/5"}],"wp:attachment":[{"href":"https:\/\/cssst.gouv.qc.ca\/saint-gabriel-lalemant\/wp-json\/wp\/v2\/media?parent=7"}],"curies":[{"name":"wp","href":"https:\/\/api.w.org\/{rel}","templated":true}]}}