{"id":594,"date":"2025-07-07T15:12:47","date_gmt":"2025-07-07T19:12:47","guid":{"rendered":"https:\/\/cssst.gouv.qc.ca\/saint-gabriel-lalemant\/?page_id=594"},"modified":"2025-07-07T15:19:09","modified_gmt":"2025-07-07T19:19:09","slug":"en-route-vers-lecole-maternelle","status":"publish","type":"page","link":"https:\/\/cssst.gouv.qc.ca\/saint-gabriel-lalemant\/ecole\/en-route-vers-lecole-maternelle\/","title":{"rendered":"En route vers l&rsquo;\u00e9cole &#8211; maternelle"},"content":{"rendered":"\n<div class=\"wp-block-group alignfull has-padding-y-large has-tertiary-background-color has-background\"><div class=\"yoast-breadcrumbs alignwide \"><span class=\"breadcrumbs\"><a href=\"https:\/\/cssst.gouv.qc.ca\/saint-gabriel-lalemant\/\" class=\"breadcrumbs__element\">Accueil<\/a> <span class=\"breadcrumbs__separator\">\n        <svg class=\"icon icon-breadcrumb__separator\"><use xlink:href=\"#icon-breadcrumb__separator\"><\/use><\/svg>\n    <\/span> <a href=\"https:\/\/cssst.gouv.qc.ca\/saint-gabriel-lalemant\/ecole\/\" class=\"breadcrumbs__element\">\u00c9cole<\/a> <span class=\"breadcrumbs__separator\">\n        <svg class=\"icon icon-breadcrumb__separator\"><use xlink:href=\"#icon-breadcrumb__separator\"><\/use><\/svg>\n    <\/span> <span class=\"breadcrumbs__element breadcrumbs__element-current\">En route vers l&rsquo;\u00e9cole &#8211; maternelle<\/span><\/span><\/div>\n\n\n<h1 class=\"wp-block-heading\">En route vers l&rsquo;\u00e9cole &#8211; maternelle<\/h1>\n<\/div>\n\n\n\n\n<p class=\"act-lead\">Guide, outils, informations pour les parents des futurs \u00e9l\u00e8ves du pr\u00e9scolaire<br><a href=\"https:\/\/view.genially.com\/6035127e6211c40d90244fcc\">En route vers l&rsquo;\u00e9cole<\/a><\/p>\n\n","protected":false},"excerpt":{"rendered":"<p>En route vers l&rsquo;\u00e9cole &#8211; maternelle<\/p>\n","protected":false},"author":12,"featured_media":0,"parent":5,"menu_order":0,"comment_status":"closed","ping_status":"closed","template":"","meta":{"_acf_changed":false,"inline_featured_image":false,"footnotes":""},"class_list":["post-594","page","type-page","status-publish","hentry"],"acf":[],"yoast_head":"<!-- This site is optimized with the Yoast SEO plugin v27.3 - https:\/\/yoast.com\/product\/yoast-seo-wordpress\/ -->\n<title>En route vers l&#039;\u00e9cole - maternelle - \u00c9cole Saint-Gabriel-Lalemant<\/title>\n<meta name=\"robots\" content=\"index, follow, max-snippet:-1, max-image-preview:large, max-video-preview:-1\" \/>\n<link rel=\"canonical\" href=\"https:\/\/cssst.gouv.qc.ca\/saint-gabriel-lalemant\/ecole\/en-route-vers-lecole-maternelle\/\" \/>\n<meta property=\"og:locale\" content=\"fr_CA\" \/>\n<meta property=\"og:type\" content=\"article\" \/>\n<meta property=\"og:title\" content=\"En route vers l&#039;\u00e9cole - maternelle - \u00c9cole Saint-Gabriel-Lalemant\" \/>\n<meta property=\"og:description\" content=\"En route vers l&rsquo;\u00e9cole &#8211; maternelle\" \/>\n<meta property=\"og:url\" content=\"https:\/\/cssst.gouv.qc.ca\/saint-gabriel-lalemant\/ecole\/en-route-vers-lecole-maternelle\/\" \/>\n<meta property=\"og:site_name\" content=\"\u00c9cole Saint-Gabriel-Lalemant\" \/>\n<meta property=\"article:publisher\" content=\"https:\/\/www.facebook.com\/cssoreltracy\/?locale=fr_CA\" \/>\n<meta property=\"article:modified_time\" content=\"2025-07-07T19:19:09+00:00\" \/>\n<meta name=\"twitter:card\" content=\"summary_large_image\" \/>\n<meta name=\"twitter:label1\" content=\"Estimation du temps de lecture\" \/>\n\t<meta name=\"twitter:data1\" content=\"1 minute\" \/>\n<script type=\"application\/ld+json\" class=\"yoast-schema-graph\">{\"@context\":\"https:\\\/\\\/schema.org\",\"@graph\":[{\"@type\":\"WebPage\",\"@id\":\"https:\\\/\\\/cssst.gouv.qc.ca\\\/saint-gabriel-lalemant\\\/ecole\\\/en-route-vers-lecole-maternelle\\\/\",\"url\":\"https:\\\/\\\/cssst.gouv.qc.ca\\\/saint-gabriel-lalemant\\\/ecole\\\/en-route-vers-lecole-maternelle\\\/\",\"name\":\"En route vers l'\u00e9cole - maternelle - \u00c9cole Saint-Gabriel-Lalemant\",\"isPartOf\":{\"@id\":\"https:\\\/\\\/cssst.gouv.qc.ca\\\/saint-gabriel-lalemant\\\/#website\"},\"datePublished\":\"2025-07-07T19:12:47+00:00\",\"dateModified\":\"2025-07-07T19:19:09+00:00\",\"breadcrumb\":{\"@id\":\"https:\\\/\\\/cssst.gouv.qc.ca\\\/saint-gabriel-lalemant\\\/ecole\\\/en-route-vers-lecole-maternelle\\\/#breadcrumb\"},\"inLanguage\":\"fr-CA\",\"potentialAction\":[{\"@type\":\"ReadAction\",\"target\":[\"https:\\\/\\\/cssst.gouv.qc.ca\\\/saint-gabriel-lalemant\\\/ecole\\\/en-route-vers-lecole-maternelle\\\/\"]}]},{\"@type\":\"BreadcrumbList\",\"@id\":\"https:\\\/\\\/cssst.gouv.qc.ca\\\/saint-gabriel-lalemant\\\/ecole\\\/en-route-vers-lecole-maternelle\\\/#breadcrumb\",\"itemListElement\":[{\"@type\":\"ListItem\",\"position\":1,\"name\":\"Accueil\",\"item\":\"https:\\\/\\\/cssst.gouv.qc.ca\\\/saint-gabriel-lalemant\\\/\"},{\"@type\":\"ListItem\",\"position\":2,\"name\":\"\u00c9cole\",\"item\":\"https:\\\/\\\/cssst.gouv.qc.ca\\\/saint-gabriel-lalemant\\\/ecole\\\/\"},{\"@type\":\"ListItem\",\"position\":3,\"name\":\"En route vers l&rsquo;\u00e9cole &#8211; maternelle\"}]},{\"@type\":\"WebSite\",\"@id\":\"https:\\\/\\\/cssst.gouv.qc.ca\\\/saint-gabriel-lalemant\\\/#website\",\"url\":\"https:\\\/\\\/cssst.gouv.qc.ca\\\/saint-gabriel-lalemant\\\/\",\"name\":\"\u00c9cole Saint-Gabriel-Lalemant\",\"description\":\"\",\"potentialAction\":[{\"@type\":\"SearchAction\",\"target\":{\"@type\":\"EntryPoint\",\"urlTemplate\":\"https:\\\/\\\/cssst.gouv.qc.ca\\\/saint-gabriel-lalemant\\\/?s={search_term_string}\"},\"query-input\":{\"@type\":\"PropertyValueSpecification\",\"valueRequired\":true,\"valueName\":\"search_term_string\"}}],\"inLanguage\":\"fr-CA\"}]}<\/script>\n<!-- \/ Yoast SEO plugin. -->","yoast_head_json":{"title":"En route vers l'\u00e9cole - maternelle - \u00c9cole Saint-Gabriel-Lalemant","robots":{"index":"index","follow":"follow","max-snippet":"max-snippet:-1","max-image-preview":"max-image-preview:large","max-video-preview":"max-video-preview:-1"},"canonical":"https:\/\/cssst.gouv.qc.ca\/saint-gabriel-lalemant\/ecole\/en-route-vers-lecole-maternelle\/","og_locale":"fr_CA","og_type":"article","og_title":"En route vers l'\u00e9cole - maternelle - \u00c9cole Saint-Gabriel-Lalemant","og_description":"En route vers l&rsquo;\u00e9cole &#8211; maternelle","og_url":"https:\/\/cssst.gouv.qc.ca\/saint-gabriel-lalemant\/ecole\/en-route-vers-lecole-maternelle\/","og_site_name":"\u00c9cole Saint-Gabriel-Lalemant","article_publisher":"https:\/\/www.facebook.com\/cssoreltracy\/?locale=fr_CA","article_modified_time":"2025-07-07T19:19:09+00:00","twitter_card":"summary_large_image","twitter_misc":{"Estimation du temps de lecture":"1 minute"},"schema":{"@context":"https:\/\/schema.org","@graph":[{"@type":"WebPage","@id":"https:\/\/cssst.gouv.qc.ca\/saint-gabriel-lalemant\/ecole\/en-route-vers-lecole-maternelle\/","url":"https:\/\/cssst.gouv.qc.ca\/saint-gabriel-lalemant\/ecole\/en-route-vers-lecole-maternelle\/","name":"En route vers l'\u00e9cole - maternelle - \u00c9cole Saint-Gabriel-Lalemant","isPartOf":{"@id":"https:\/\/cssst.gouv.qc.ca\/saint-gabriel-lalemant\/#website"},"datePublished":"2025-07-07T19:12:47+00:00","dateModified":"2025-07-07T19:19:09+00:00","breadcrumb":{"@id":"https:\/\/cssst.gouv.qc.ca\/saint-gabriel-lalemant\/ecole\/en-route-vers-lecole-maternelle\/#breadcrumb"},"inLanguage":"fr-CA","potentialAction":[{"@type":"ReadAction","target":["https:\/\/cssst.gouv.qc.ca\/saint-gabriel-lalemant\/ecole\/en-route-vers-lecole-maternelle\/"]}]},{"@type":"BreadcrumbList","@id":"https:\/\/cssst.gouv.qc.ca\/saint-gabriel-lalemant\/ecole\/en-route-vers-lecole-maternelle\/#breadcrumb","itemListElement":[{"@type":"ListItem","position":1,"name":"Accueil","item":"https:\/\/cssst.gouv.qc.ca\/saint-gabriel-lalemant\/"},{"@type":"ListItem","position":2,"name":"\u00c9cole","item":"https:\/\/cssst.gouv.qc.ca\/saint-gabriel-lalemant\/ecole\/"},{"@type":"ListItem","position":3,"name":"En route vers l&rsquo;\u00e9cole &#8211; maternelle"}]},{"@type":"WebSite","@id":"https:\/\/cssst.gouv.qc.ca\/saint-gabriel-lalemant\/#website","url":"https:\/\/cssst.gouv.qc.ca\/saint-gabriel-lalemant\/","name":"\u00c9cole Saint-Gabriel-Lalemant","description":"","potentialAction":[{"@type":"SearchAction","target":{"@type":"EntryPoint","urlTemplate":"https:\/\/cssst.gouv.qc.ca\/saint-gabriel-lalemant\/?s={search_term_string}"},"query-input":{"@type":"PropertyValueSpecification","valueRequired":true,"valueName":"search_term_string"}}],"inLanguage":"fr-CA"}]}},"_links":{"self":[{"href":"https:\/\/cssst.gouv.qc.ca\/saint-gabriel-lalemant\/wp-json\/wp\/v2\/pages\/594","targetHints":{"allow":["GET"]}}],"collection":[{"href":"https:\/\/cssst.gouv.qc.ca\/saint-gabriel-lalemant\/wp-json\/wp\/v2\/pages"}],"about":[{"href":"https:\/\/cssst.gouv.qc.ca\/saint-gabriel-lalemant\/wp-json\/wp\/v2\/types\/page"}],"author":[{"embeddable":true,"href":"https:\/\/cssst.gouv.qc.ca\/saint-gabriel-lalemant\/wp-json\/wp\/v2\/users\/12"}],"replies":[{"embeddable":true,"href":"https:\/\/cssst.gouv.qc.ca\/saint-gabriel-lalemant\/wp-json\/wp\/v2\/comments?post=594"}],"version-history":[{"count":0,"href":"https:\/\/cssst.gouv.qc.ca\/saint-gabriel-lalemant\/wp-json\/wp\/v2\/pages\/594\/revisions"}],"up":[{"embeddable":true,"href":"https:\/\/cssst.gouv.qc.ca\/saint-gabriel-lalemant\/wp-json\/wp\/v2\/pages\/5"}],"wp:attachment":[{"href":"https:\/\/cssst.gouv.qc.ca\/saint-gabriel-lalemant\/wp-json\/wp\/v2\/media?parent=594"}],"curies":[{"name":"wp","href":"https:\/\/api.w.org\/{rel}","templated":true}]}}