{"id":11,"date":"2023-02-02T09:37:07","date_gmt":"2023-02-02T14:37:07","guid":{"rendered":"https:\/\/cssst.gouv.qc.ca\/saint-gabriel-lalemant\/ecole\/intimidation-et-violence\/"},"modified":"2026-02-12T10:51:27","modified_gmt":"2026-02-12T15:51:27","slug":"intimidation-et-violence","status":"publish","type":"page","link":"https:\/\/cssst.gouv.qc.ca\/saint-gabriel-lalemant\/ecole\/intimidation-et-violence\/","title":{"rendered":"Intimidation et violence"},"content":{"rendered":"\n<h1 class=\"wp-block-heading has-text-align-center\">Intimidation et violence<\/h1>\n\n\n\n<h2 class=\"wp-block-heading has-text-align-center\">Plan de lutte contre la violence et l&rsquo;intimidation<\/h2>\n\n\n\n<h3 class=\"wp-block-heading\">Solution intimidation<\/h3>\n\n\n\n<p>Votre enfant vit de l\u2019intimidation ? Parlez-en \u00e0 un intervenant de l\u2019\u00e9cole<\/p>\n\n\n\n<p>\u00c0 M. Maxime Fiset, directeur au maxime.fiset@cssst.gouv.qc.ca <\/p>\n\n\n\n<p>\u00c0 Mme Isabelle Martin, directrice adjointe au isabelle.martin@cssst.gouv.qc.ca<\/p>\n\n\n\n<div data-wp-interactive=\"core\/file\" class=\"wp-block-file aligncenter\"><object data-wp-bind--hidden=\"!state.hasPdfPreview\" hidden class=\"wp-block-file__embed\" data=\"http:\/\/cssst.gouv.qc.ca\/saint-gabriel-lalemant\/wp-content\/uploads\/sites\/17\/2026\/02\/SGL_Plan-de-lutte_25-26_CSSST_versionfinale.pdf\" type=\"application\/pdf\" style=\"width:100%;height:600px\" aria-label=\"Contenu incorpor\u00e9 SGL_Plan de lutte_25-26_CSSST_versionfinale.\"><\/object><a id=\"wp-block-file--media-a38ae515-20db-4a13-93bb-0ff0375e14ec\" href=\"http:\/\/cssst.gouv.qc.ca\/saint-gabriel-lalemant\/wp-content\/uploads\/sites\/17\/2026\/02\/SGL_Plan-de-lutte_25-26_CSSST_versionfinale.pdf\">SGL_Plan de lutte_25-26_CSSST_versionfinale<\/a><a href=\"http:\/\/cssst.gouv.qc.ca\/saint-gabriel-lalemant\/wp-content\/uploads\/sites\/17\/2026\/02\/SGL_Plan-de-lutte_25-26_CSSST_versionfinale.pdf\" class=\"wp-block-file__button wp-element-button\" download aria-describedby=\"wp-block-file--media-a38ae515-20db-4a13-93bb-0ff0375e14ec\">T\u00e9l\u00e9charger<\/a><\/div>\n\n\n\n<div class=\"wp-block-group\">\n<div class=\"wp-block-columns\">\n<div class=\"wp-block-column is-vertically-aligned-center\" style=\"flex-basis:100%\">\n\n<p class=\"has-text-align-center act-lead\">Pr\u00e9face, la raison d\u2019\u00eatre du plan de lutte contre l\u2019intimidation et la violence<br>Le minist\u00e8re de l\u2019\u00e9ducation a adopt\u00e9 en juin 2012 des amendements \u00e0 la loi sur l\u2019instruction publique (loi 56). Ces modifications visent \u00e0 pr\u00e9venir et combattre l\u2019intimidation et la violence \u00e0 l\u2019\u00e9cole. C\u2019est en pr\u00e9cisant les devoirs et les responsabilit\u00e9s de tous les acteurs concern\u00e9s par de tels actes qu\u2019on souhaite s\u2019assurer que les \u00e9coles offrent un milieu d\u2019apprentissage sain et s\u00e9curitaire.<\/p>\n\n<\/div>\n<\/div>\n<\/div>\n","protected":false},"excerpt":{"rendered":"<p>Intimidation et violence Plan de lutte contre la violence et l&rsquo;intimidation Solution intimidation Votre enfant vit de l\u2019intimidation ? Parlez-en \u00e0 un intervenant de l\u2019\u00e9cole \u00c0 M. Maxime Fiset, directeur au maxime.fiset@cssst.gouv.qc.ca \u00c0 Mme Isabelle Martin, directrice adjointe au isabelle.martin@cssst.gouv.qc.ca<\/p>\n","protected":false},"author":1,"featured_media":0,"parent":5,"menu_order":0,"comment_status":"closed","ping_status":"closed","template":"","meta":{"_acf_changed":false,"inline_featured_image":false,"footnotes":""},"class_list":["post-11","page","type-page","status-publish","hentry"],"acf":[],"yoast_head":"<!-- This site is optimized with the Yoast SEO plugin v27.3 - https:\/\/yoast.com\/product\/yoast-seo-wordpress\/ -->\n<title>Intimidation et violence - \u00c9cole Saint-Gabriel-Lalemant<\/title>\n<meta name=\"robots\" content=\"index, follow, max-snippet:-1, max-image-preview:large, max-video-preview:-1\" \/>\n<link rel=\"canonical\" href=\"https:\/\/cssst.gouv.qc.ca\/saint-gabriel-lalemant\/ecole\/intimidation-et-violence\/\" \/>\n<meta property=\"og:locale\" content=\"fr_CA\" \/>\n<meta property=\"og:type\" content=\"article\" \/>\n<meta property=\"og:title\" content=\"Intimidation et violence - \u00c9cole Saint-Gabriel-Lalemant\" \/>\n<meta property=\"og:description\" content=\"Intimidation et violence Plan de lutte contre la violence et l&rsquo;intimidation Solution intimidation Votre enfant vit de l\u2019intimidation ? Parlez-en \u00e0 un intervenant de l\u2019\u00e9cole \u00c0 M. Maxime Fiset, directeur au maxime.fiset@cssst.gouv.qc.ca \u00c0 Mme Isabelle Martin, directrice adjointe au isabelle.martin@cssst.gouv.qc.ca\" \/>\n<meta property=\"og:url\" content=\"https:\/\/cssst.gouv.qc.ca\/saint-gabriel-lalemant\/ecole\/intimidation-et-violence\/\" \/>\n<meta property=\"og:site_name\" content=\"\u00c9cole Saint-Gabriel-Lalemant\" \/>\n<meta property=\"article:publisher\" content=\"https:\/\/www.facebook.com\/cssoreltracy\/?locale=fr_CA\" \/>\n<meta property=\"article:modified_time\" content=\"2026-02-12T15:51:27+00:00\" \/>\n<meta name=\"twitter:card\" content=\"summary_large_image\" \/>\n<meta name=\"twitter:label1\" content=\"Estimation du temps de lecture\" \/>\n\t<meta name=\"twitter:data1\" content=\"1 minute\" \/>\n<script type=\"application\/ld+json\" class=\"yoast-schema-graph\">{\"@context\":\"https:\\\/\\\/schema.org\",\"@graph\":[{\"@type\":\"WebPage\",\"@id\":\"https:\\\/\\\/cssst.gouv.qc.ca\\\/saint-gabriel-lalemant\\\/ecole\\\/intimidation-et-violence\\\/\",\"url\":\"https:\\\/\\\/cssst.gouv.qc.ca\\\/saint-gabriel-lalemant\\\/ecole\\\/intimidation-et-violence\\\/\",\"name\":\"Intimidation et violence - \u00c9cole Saint-Gabriel-Lalemant\",\"isPartOf\":{\"@id\":\"https:\\\/\\\/cssst.gouv.qc.ca\\\/saint-gabriel-lalemant\\\/#website\"},\"datePublished\":\"2023-02-02T14:37:07+00:00\",\"dateModified\":\"2026-02-12T15:51:27+00:00\",\"breadcrumb\":{\"@id\":\"https:\\\/\\\/cssst.gouv.qc.ca\\\/saint-gabriel-lalemant\\\/ecole\\\/intimidation-et-violence\\\/#breadcrumb\"},\"inLanguage\":\"fr-CA\",\"potentialAction\":[{\"@type\":\"ReadAction\",\"target\":[\"https:\\\/\\\/cssst.gouv.qc.ca\\\/saint-gabriel-lalemant\\\/ecole\\\/intimidation-et-violence\\\/\"]}]},{\"@type\":\"BreadcrumbList\",\"@id\":\"https:\\\/\\\/cssst.gouv.qc.ca\\\/saint-gabriel-lalemant\\\/ecole\\\/intimidation-et-violence\\\/#breadcrumb\",\"itemListElement\":[{\"@type\":\"ListItem\",\"position\":1,\"name\":\"Accueil\",\"item\":\"https:\\\/\\\/cssst.gouv.qc.ca\\\/saint-gabriel-lalemant\\\/\"},{\"@type\":\"ListItem\",\"position\":2,\"name\":\"\u00c9cole\",\"item\":\"https:\\\/\\\/cssst.gouv.qc.ca\\\/saint-gabriel-lalemant\\\/ecole\\\/\"},{\"@type\":\"ListItem\",\"position\":3,\"name\":\"Intimidation et violence\"}]},{\"@type\":\"WebSite\",\"@id\":\"https:\\\/\\\/cssst.gouv.qc.ca\\\/saint-gabriel-lalemant\\\/#website\",\"url\":\"https:\\\/\\\/cssst.gouv.qc.ca\\\/saint-gabriel-lalemant\\\/\",\"name\":\"\u00c9cole Saint-Gabriel-Lalemant\",\"description\":\"\",\"potentialAction\":[{\"@type\":\"SearchAction\",\"target\":{\"@type\":\"EntryPoint\",\"urlTemplate\":\"https:\\\/\\\/cssst.gouv.qc.ca\\\/saint-gabriel-lalemant\\\/?s={search_term_string}\"},\"query-input\":{\"@type\":\"PropertyValueSpecification\",\"valueRequired\":true,\"valueName\":\"search_term_string\"}}],\"inLanguage\":\"fr-CA\"}]}<\/script>\n<!-- \/ Yoast SEO plugin. -->","yoast_head_json":{"title":"Intimidation et violence - \u00c9cole Saint-Gabriel-Lalemant","robots":{"index":"index","follow":"follow","max-snippet":"max-snippet:-1","max-image-preview":"max-image-preview:large","max-video-preview":"max-video-preview:-1"},"canonical":"https:\/\/cssst.gouv.qc.ca\/saint-gabriel-lalemant\/ecole\/intimidation-et-violence\/","og_locale":"fr_CA","og_type":"article","og_title":"Intimidation et violence - \u00c9cole Saint-Gabriel-Lalemant","og_description":"Intimidation et violence Plan de lutte contre la violence et l&rsquo;intimidation Solution intimidation Votre enfant vit de l\u2019intimidation ? Parlez-en \u00e0 un intervenant de l\u2019\u00e9cole \u00c0 M. Maxime Fiset, directeur au maxime.fiset@cssst.gouv.qc.ca \u00c0 Mme Isabelle Martin, directrice adjointe au isabelle.martin@cssst.gouv.qc.ca","og_url":"https:\/\/cssst.gouv.qc.ca\/saint-gabriel-lalemant\/ecole\/intimidation-et-violence\/","og_site_name":"\u00c9cole Saint-Gabriel-Lalemant","article_publisher":"https:\/\/www.facebook.com\/cssoreltracy\/?locale=fr_CA","article_modified_time":"2026-02-12T15:51:27+00:00","twitter_card":"summary_large_image","twitter_misc":{"Estimation du temps de lecture":"1 minute"},"schema":{"@context":"https:\/\/schema.org","@graph":[{"@type":"WebPage","@id":"https:\/\/cssst.gouv.qc.ca\/saint-gabriel-lalemant\/ecole\/intimidation-et-violence\/","url":"https:\/\/cssst.gouv.qc.ca\/saint-gabriel-lalemant\/ecole\/intimidation-et-violence\/","name":"Intimidation et violence - \u00c9cole Saint-Gabriel-Lalemant","isPartOf":{"@id":"https:\/\/cssst.gouv.qc.ca\/saint-gabriel-lalemant\/#website"},"datePublished":"2023-02-02T14:37:07+00:00","dateModified":"2026-02-12T15:51:27+00:00","breadcrumb":{"@id":"https:\/\/cssst.gouv.qc.ca\/saint-gabriel-lalemant\/ecole\/intimidation-et-violence\/#breadcrumb"},"inLanguage":"fr-CA","potentialAction":[{"@type":"ReadAction","target":["https:\/\/cssst.gouv.qc.ca\/saint-gabriel-lalemant\/ecole\/intimidation-et-violence\/"]}]},{"@type":"BreadcrumbList","@id":"https:\/\/cssst.gouv.qc.ca\/saint-gabriel-lalemant\/ecole\/intimidation-et-violence\/#breadcrumb","itemListElement":[{"@type":"ListItem","position":1,"name":"Accueil","item":"https:\/\/cssst.gouv.qc.ca\/saint-gabriel-lalemant\/"},{"@type":"ListItem","position":2,"name":"\u00c9cole","item":"https:\/\/cssst.gouv.qc.ca\/saint-gabriel-lalemant\/ecole\/"},{"@type":"ListItem","position":3,"name":"Intimidation et violence"}]},{"@type":"WebSite","@id":"https:\/\/cssst.gouv.qc.ca\/saint-gabriel-lalemant\/#website","url":"https:\/\/cssst.gouv.qc.ca\/saint-gabriel-lalemant\/","name":"\u00c9cole Saint-Gabriel-Lalemant","description":"","potentialAction":[{"@type":"SearchAction","target":{"@type":"EntryPoint","urlTemplate":"https:\/\/cssst.gouv.qc.ca\/saint-gabriel-lalemant\/?s={search_term_string}"},"query-input":{"@type":"PropertyValueSpecification","valueRequired":true,"valueName":"search_term_string"}}],"inLanguage":"fr-CA"}]}},"_links":{"self":[{"href":"https:\/\/cssst.gouv.qc.ca\/saint-gabriel-lalemant\/wp-json\/wp\/v2\/pages\/11","targetHints":{"allow":["GET"]}}],"collection":[{"href":"https:\/\/cssst.gouv.qc.ca\/saint-gabriel-lalemant\/wp-json\/wp\/v2\/pages"}],"about":[{"href":"https:\/\/cssst.gouv.qc.ca\/saint-gabriel-lalemant\/wp-json\/wp\/v2\/types\/page"}],"author":[{"embeddable":true,"href":"https:\/\/cssst.gouv.qc.ca\/saint-gabriel-lalemant\/wp-json\/wp\/v2\/users\/1"}],"replies":[{"embeddable":true,"href":"https:\/\/cssst.gouv.qc.ca\/saint-gabriel-lalemant\/wp-json\/wp\/v2\/comments?post=11"}],"version-history":[{"count":0,"href":"https:\/\/cssst.gouv.qc.ca\/saint-gabriel-lalemant\/wp-json\/wp\/v2\/pages\/11\/revisions"}],"up":[{"embeddable":true,"href":"https:\/\/cssst.gouv.qc.ca\/saint-gabriel-lalemant\/wp-json\/wp\/v2\/pages\/5"}],"wp:attachment":[{"href":"https:\/\/cssst.gouv.qc.ca\/saint-gabriel-lalemant\/wp-json\/wp\/v2\/media?parent=11"}],"curies":[{"name":"wp","href":"https:\/\/api.w.org\/{rel}","templated":true}]}}