{"id":252,"date":"2024-04-11T14:01:32","date_gmt":"2024-04-11T18:01:32","guid":{"rendered":"https:\/\/cssst.gouv.qc.ca\/pierre-de-saint-ours\/?page_id=252"},"modified":"2026-04-17T08:21:32","modified_gmt":"2026-04-17T12:21:32","slug":"journal-petit-pierre","status":"publish","type":"page","link":"https:\/\/cssst.gouv.qc.ca\/pierre-de-saint-ours\/journal-petit-pierre\/","title":{"rendered":"Communiqu\u00e9s"},"content":{"rendered":"\n<div class=\"wp-block-group alignfull has-padding-y-large has-tertiary-background-color has-background\"><div class=\"yoast-breadcrumbs alignwide \"><span class=\"breadcrumbs\"><a href=\"https:\/\/cssst.gouv.qc.ca\/pierre-de-saint-ours\/\" class=\"breadcrumbs__element\">Accueil<\/a> <span class=\"breadcrumbs__separator\">\n        <svg class=\"icon icon-breadcrumb__separator\"><use xlink:href=\"#icon-breadcrumb__separator\"><\/use><\/svg>\n    <\/span> <span class=\"breadcrumbs__element breadcrumbs__element-current\">Communiqu\u00e9s<\/span><\/span><\/div><\/div>\n\n\n\n\n<p class=\"act-lead\"><\/p>\n\n\n\n\n<h3 class=\"wp-block-heading\">Thermom\u00e8tre vestimentaire<\/h3>\n\n\n\n<p><em>Comment j\u2019habille mon enfant selon la temp\u00e9rature?<\/em><\/p>\n\n\n\n<p><em><strong>Voici notre thermom\u00e8tre vestimentaire.<\/strong><\/em><\/p>\n\n\n\n<div data-wp-interactive=\"core\/file\" class=\"wp-block-file\"><object data-wp-bind--hidden=\"!state.hasPdfPreview\" hidden class=\"wp-block-file__embed\" data=\"https:\/\/cssst.gouv.qc.ca\/pierre-de-saint-ours\/wp-content\/uploads\/sites\/13\/2025\/09\/Thermometre-vestimentaire.pdf\" type=\"application\/pdf\" style=\"width:100%;height:600px\" aria-label=\"Contenu incorpor\u00e9 Thermometre-vestimentaire.\"><\/object><a id=\"wp-block-file--media-1057a5fd-b103-4d4f-8e73-6e5135d17d72\" href=\"https:\/\/cssst.gouv.qc.ca\/pierre-de-saint-ours\/wp-content\/uploads\/sites\/13\/2025\/09\/Thermometre-vestimentaire.pdf\">Thermometre-vestimentaire<\/a><a href=\"https:\/\/cssst.gouv.qc.ca\/pierre-de-saint-ours\/wp-content\/uploads\/sites\/13\/2025\/09\/Thermometre-vestimentaire.pdf\" class=\"wp-block-file__button wp-element-button\" download aria-describedby=\"wp-block-file--media-1057a5fd-b103-4d4f-8e73-6e5135d17d72\">T\u00e9l\u00e9charger<\/a><\/div>\n\n\n\n<hr class=\"wp-block-separator has-alpha-channel-opacity\" \/>\n\n\n\n<h3 class=\"wp-block-heading\">Mise \u00e0 jour du plan de lutte<\/h3>\n\n\n\n<div class=\"wp-block-file\"><a id=\"wp-block-file--media-97d113ba-2352-4306-b9cc-4a3affa40647\" href=\"https:\/\/cssst.gouv.qc.ca\/pierre-de-saint-ours\/wp-content\/uploads\/sites\/13\/2026\/01\/Plan-de-lutteParents-PSO-1.pdf\">Plan de lutteParents-PSO<\/a><a href=\"https:\/\/cssst.gouv.qc.ca\/pierre-de-saint-ours\/wp-content\/uploads\/sites\/13\/2026\/01\/Plan-de-lutteParents-PSO-1.pdf\" class=\"wp-block-file__button wp-element-button\" download aria-describedby=\"wp-block-file--media-97d113ba-2352-4306-b9cc-4a3affa40647\">T\u00e9l\u00e9charger<\/a><\/div>\n\n\n\n<hr class=\"wp-block-separator has-alpha-channel-opacity\" \/>\n\n\n\n<h3 class=\"wp-block-heading\">Campagne de financement Wiltor Caf\u00e9<\/h3>\n\n\n\n<p>Gr\u00e2ce \u00e0 la vente de plus de 133 sacs de caf\u00e9, nous avons&nbsp;<strong>amass\u00e9<\/strong>&nbsp;1 364 $ pour embellir notre cour d&rsquo;\u00e9cole.<\/p>\n\n\n\n<p>Un grand merci \u00e0 tous !<\/p>\n\n\n\n<hr class=\"wp-block-separator has-alpha-channel-opacity\" \/>\n\n\n\n<h3 class=\"wp-block-heading\">Atelier d&rsquo;ornements de No\u00ebl \/ Op\u00e9ration enfant Soleil <\/h3>\n\n\n\n<p>Les M\u00e9tiers d\u2019art de Saint-Ours, en collaboration avec la pharmacie Familiprix de Saint-Ours, ont organis\u00e9 une activit\u00e9 de d\u00e9coration d\u2019ornements de No\u00ebl \u00e0 l\u2019\u00e9cole. Avec soins et cr\u00e9ativit\u00e9, les enfants ont pu fabriquer de magnifiques d\u00e9corations qui seront en vente chez Familiprix de Saint-Ours au profit d\u2019Op\u00e9ration enfant soleil.<\/p>\n\n\n\n<p><a href=\"https:\/\/www.facebook.com\/story.php?story_fbid=pfbid02nspBMJQhNQEEQ7PNc8Zzkpx8LvHiNMgVbg2MXqznCrYM3QRcyFe7goojWqWBBTtEl&amp;id=100070841744451&amp;_rdr\">Mercredi dernier, nous avons&#8230; &#8211; M\u00e9tiers d&rsquo;art de Saint-Ours | Facebook<\/a><\/p>\n\n\n\n<hr class=\"wp-block-separator has-alpha-channel-opacity\" \/>\n\n\n\n<h3 class=\"wp-block-heading\">Reprises des cours de soccer midi<\/h3>\n\n\n\n<p>Les dates de reprises des cours de soccer n&rsquo;ont pas encore \u00e9t\u00e9 choisies. Apr\u00e8s discussion avec Alexandra Villiard, la coordonnatrice du parascolaire soccer-midi, celle-ci communiquera avec vous pour vous donner les dates de reprises.<\/p>\n\n\n\n\n<p class=\"act-lead\"><\/p>\n\n\n\n\n<hr class=\"wp-block-separator has-alpha-channel-opacity\" \/>\n\n\n\n<h3 class=\"wp-block-heading\">Campagne de financement &#8211; \u0152ufs<\/h3>\n\n\n\n<p>Nous avons vendu plus de 600 douzaines d\u2019\u0153ufs et re\u00e7u plusieurs dons pour un montant total de 2556 $ !<\/p>\n\n\n\n<p>Un grand merci au comit\u00e9 de lev\u00e9e de fonds qui a rendu possible cette collecte, ainsi qu\u2019\u00e0 la Ferme St-Ours qui offre gracieusement la totalit\u00e9 des montants amass\u00e9s \u00e0 l\u2019\u00e9cole pour notre projet d\u2019embellissement de la cour.&nbsp;<\/p>\n\n\n\n<hr class=\"wp-block-separator has-alpha-channel-opacity\" \/>\n\n\n\n<h3 class=\"wp-block-heading\">Journal de l&rsquo;\u00e9cole<\/h3>\n\n\n\n<div class=\"wp-block-file\"><a id=\"wp-block-file--media-9ba1f639-9edb-4ad0-a72c-0046f1f78358\" href=\"https:\/\/cssst.gouv.qc.ca\/pierre-de-saint-ours\/wp-content\/uploads\/sites\/13\/2025\/12\/Journal-Petit-Pierre_Num5-decembre-2025.pdf\">Journal Petit Pierre_Num5 d\u00e9cembre 2025<\/a><a href=\"https:\/\/cssst.gouv.qc.ca\/pierre-de-saint-ours\/wp-content\/uploads\/sites\/13\/2025\/12\/Journal-Petit-Pierre_Num5-decembre-2025.pdf\" class=\"wp-block-file__button wp-element-button\" download aria-describedby=\"wp-block-file--media-9ba1f639-9edb-4ad0-a72c-0046f1f78358\">T\u00e9l\u00e9charger<\/a><\/div>\n\n\n\n<div class=\"wp-block-file\"><a id=\"wp-block-file--media-aa508df3-4108-4b37-ba16-de0aa17b01ae\" href=\"https:\/\/cssst.gouv.qc.ca\/pierre-de-saint-ours\/wp-content\/uploads\/sites\/13\/2025\/11\/Journal-Petit-Pierre_Num4_novembre-2025.pdf\">Journal Petit Pierre_Num4_novembre 2025<\/a><a href=\"https:\/\/cssst.gouv.qc.ca\/pierre-de-saint-ours\/wp-content\/uploads\/sites\/13\/2025\/11\/Journal-Petit-Pierre_Num4_novembre-2025.pdf\" class=\"wp-block-file__button wp-element-button\" download aria-describedby=\"wp-block-file--media-aa508df3-4108-4b37-ba16-de0aa17b01ae\">T\u00e9l\u00e9charger<\/a><\/div>\n\n\n\n<div class=\"wp-block-file\"><a id=\"wp-block-file--media-37d14a1c-d122-4e32-8039-51eebe30964a\" href=\"https:\/\/cssst.gouv.qc.ca\/pierre-de-saint-ours\/wp-content\/uploads\/sites\/13\/2025\/10\/Journal-Petit-Pierre_Num3_octobre-2025-1.pdf\">Journal Petit Pierre_Num3_octobre 2025<\/a><a href=\"https:\/\/cssst.gouv.qc.ca\/pierre-de-saint-ours\/wp-content\/uploads\/sites\/13\/2025\/10\/Journal-Petit-Pierre_Num3_octobre-2025-1.pdf\" class=\"wp-block-file__button wp-element-button\" download aria-describedby=\"wp-block-file--media-37d14a1c-d122-4e32-8039-51eebe30964a\">T\u00e9l\u00e9charger<\/a><\/div>\n\n\n\n<div class=\"wp-block-file\"><a id=\"wp-block-file--media-43930154-f1da-406f-ae25-b4ed78ddc3fa\" href=\"https:\/\/cssst.gouv.qc.ca\/pierre-de-saint-ours\/wp-content\/uploads\/sites\/13\/2025\/09\/Journal-Petit-Pierre_Num2_Edition-speciale.pdf\">Journal Petit Pierre_Num2_\u00c9dition sp\u00e9ciale<\/a><a href=\"https:\/\/cssst.gouv.qc.ca\/pierre-de-saint-ours\/wp-content\/uploads\/sites\/13\/2025\/09\/Journal-Petit-Pierre_Num2_Edition-speciale.pdf\" class=\"wp-block-file__button wp-element-button\" download aria-describedby=\"wp-block-file--media-43930154-f1da-406f-ae25-b4ed78ddc3fa\">T\u00e9l\u00e9charger<\/a><\/div>\n\n\n\n<div class=\"wp-block-file\"><a id=\"wp-block-file--media-bbad8c85-a4f9-4bfc-90aa-e9d3ee583473\" href=\"https:\/\/cssst.gouv.qc.ca\/pierre-de-saint-ours\/wp-content\/uploads\/sites\/13\/2025\/08\/Journal-Petit-Pierre_Num1_Septembre-2025.pdf\">Journal Petit Pierre_Num1_Septembre 2025<\/a><a href=\"https:\/\/cssst.gouv.qc.ca\/pierre-de-saint-ours\/wp-content\/uploads\/sites\/13\/2025\/08\/Journal-Petit-Pierre_Num1_Septembre-2025.pdf\" class=\"wp-block-file__button wp-element-button\" download aria-describedby=\"wp-block-file--media-bbad8c85-a4f9-4bfc-90aa-e9d3ee583473\">T\u00e9l\u00e9charger<\/a><\/div>\n\n\n\n<hr class=\"wp-block-separator has-alpha-channel-opacity\" \/>\n\n\n\n<h3 class=\"wp-block-heading\">S\u00e9curit\u00e9 des \u00e9l\u00e8ves<\/h3>\n\n\n\n<p>Comme nous n\u2019avons plus acc\u00e8s au stationnement de l\u2019\u00e9glise, une nouvelle proc\u00e9dure a \u00e9t\u00e9 \u00e9tablie pour r\u00e9cup\u00e9rer<br>vos enfants.<\/p>\n\n\n\n<p>Voici les informations \u00e0 retenir&nbsp;:<\/p>\n\n\n\n<p><strong>De 7h47 \u00e0 7h57<\/strong>&nbsp;: d\u00e9barcad\u00e8re \u00e0 l\u2019arri\u00e8re de l\u2019\u00e9cole sur la rue Richelieu. Notez qu\u2019il est interdit d\u2019utiliser le stationnement<br>du CPE. <strong><em><\/em><\/strong><\/p>\n\n\n\n<p><strong>Apr\u00e8s 7h57 nous n\u2019assurerons plus la surveillance \u00e0 l\u2019ext\u00e9rieur, donc il est important de respecter l\u2019horaire de l\u2019\u00e9cole : apr\u00e8s 8h02, <\/strong>votre enfant devra passer par le secr\u00e9tariat accompagn\u00e9 par un adulte. Si les autobus sont encore pr\u00e9sents devant l\u2019\u00e9cole, il faut attendre que ceux-ci partent avant d\u2019entrer dans le rond-point.<\/p>\n\n\n\n<p><strong>\u00c0 la fin ET au d\u00e9but du d\u00eener,<\/strong> les enfants doivent passer par la porte du secr\u00e9tariat.<\/p>\n\n\n\n<p><strong>Maternelle 4 ans&nbsp;:<\/strong> Si vous venez entre 14h00 et 15h00, ne pas stationner devant l&rsquo;\u00e9cole \u00e0 partir de 14h45 afin de ne pas prendre le stationnement des deux autobus.<\/p>\n\n\n\n<p><strong>15h02&nbsp;<\/strong>: Les pi\u00e9tons sortiront par la cour arri\u00e8re de l\u2019\u00e9cole. Si vous venez chercher votre, enfant, vous devrez attendre \u00e0 la cl\u00f4ture arri\u00e8re. Vous ne pouvez pas entrer dans la cour d\u2019\u00e9cole.<\/p>\n\n\n\n<p><strong>Apr\u00e8s 15h00<\/strong>&nbsp;: Les parents qui viennent chercher les enfants au service de garde doivent se stationner sur le c\u00f4t\u00e9 de l\u2019\u00e9cole. Il faut laisser l&rsquo;espace de devant libre pour les autobus qui reviennent \u00e0 l\u2019\u00e9cole pour les \u00e9l\u00e8ves du secondaire.<\/p>\n\n\n\n<hr class=\"wp-block-separator has-alpha-channel-opacity\" \/>\n\n\n\n<h3 class=\"wp-block-heading\">B\u00e9n\u00e9volat \u00e0 l\u2019\u00e9cole Pierre-de-Saint-Ours<\/h3>\n\n\n\n<p><em>Tout parent ou autre personne qui d\u00e9sirent faire du b\u00e9n\u00e9volat \u00e0 l\u2019\u00e9cole doivent obligatoirement avoir rempli le formulaire d\u2019ant\u00e9c\u00e9dents judiciaires. Vous devez \u00e9galement envoyer une pi\u00e8ce d\u2019identit\u00e9 avec photo au secr\u00e9tariat.<\/em><\/p>\n\n\n\n<div class=\"wp-block-file\"><a id=\"wp-block-file--media-34514d48-8b4f-4b6e-a52e-21fe866751d2\" href=\"https:\/\/cssst.gouv.qc.ca\/pierre-de-saint-ours\/wp-content\/uploads\/sites\/13\/2025\/09\/antecedents-judiciaires_formulaire.pdf\">ant\u00e9c\u00e9dents judiciaires_formulaire<\/a><a href=\"https:\/\/cssst.gouv.qc.ca\/pierre-de-saint-ours\/wp-content\/uploads\/sites\/13\/2025\/09\/antecedents-judiciaires_formulaire.pdf\" class=\"wp-block-file__button wp-element-button\" download aria-describedby=\"wp-block-file--media-34514d48-8b4f-4b6e-a52e-21fe866751d2\">T\u00e9l\u00e9charger<\/a><\/div>\n\n\n\n<hr class=\"wp-block-separator has-alpha-channel-opacity\" \/>\n\n\n\n<h3 class=\"wp-block-heading\">Horaire d\u2019\u00e9cole<\/h3>\n\n\n\n<p><strong><em>ATTENTION :&nbsp;<\/em><\/strong><em>Les \u00e9l\u00e8ves peuvent entrer dans la cour d\u2019\u00e9cole le matin \u00e0 partir de 7h47 lorsqu\u2019un surveillant est pr\u00e9sent.<\/em><\/p>\n\n\n\n<div class=\"wp-block-file\"><a id=\"wp-block-file--media-494b50ec-76c8-49ec-ae30-be6f674f2696\" href=\"https:\/\/cssst.gouv.qc.ca\/pierre-de-saint-ours\/wp-content\/uploads\/sites\/13\/2025\/09\/Horaire-de-lecole-PSO.pdf\">Horaire de l&rsquo;\u00e9cole PSO<\/a><a href=\"https:\/\/cssst.gouv.qc.ca\/pierre-de-saint-ours\/wp-content\/uploads\/sites\/13\/2025\/09\/Horaire-de-lecole-PSO.pdf\" class=\"wp-block-file__button wp-element-button\" download aria-describedby=\"wp-block-file--media-494b50ec-76c8-49ec-ae30-be6f674f2696\">T\u00e9l\u00e9charger<\/a><\/div>\n\n\n\n<hr class=\"wp-block-separator has-alpha-channel-opacity\" \/>\n\n\n\n<h3 class=\"wp-block-heading\">Maladies infectieuses<\/h3>\n\n\n\n<p><em>Voici des informations importantes concernant les maladies infectieuses.<\/em><\/p>\n\n\n\n<p><strong><em>Si votre enfant est malade, il est de votre responsabilit\u00e9 d\u2019aviser l\u2019\u00e9cole.<\/em><\/strong><\/p>\n\n\n\n<div class=\"wp-block-file\"><a id=\"wp-block-file--media-5bdfe7ec-b172-423a-aac0-a1dcc54b7bed\" href=\"https:\/\/cssst.gouv.qc.ca\/pierre-de-saint-ours\/wp-content\/uploads\/sites\/13\/2025\/09\/Lettre-aux-parents-maladies-infectieuses.pdf\">Lettre-aux-parents-maladies-infectieuses<\/a><a href=\"https:\/\/cssst.gouv.qc.ca\/pierre-de-saint-ours\/wp-content\/uploads\/sites\/13\/2025\/09\/Lettre-aux-parents-maladies-infectieuses.pdf\" class=\"wp-block-file__button wp-element-button\" download aria-describedby=\"wp-block-file--media-5bdfe7ec-b172-423a-aac0-a1dcc54b7bed\">T\u00e9l\u00e9charger<\/a><\/div>\n\n\n\n<hr class=\"wp-block-separator has-alpha-channel-opacity\" \/>\n\n\n\n<h3 class=\"wp-block-heading\">M\u00e9dicaments<\/h3>\n\n\n\n<p><em>Lorsque votre enfant doit absolument prendre un m\u00e9dicament \u00e0 l\u2019\u00e9cole (sur l\u2019heure du diner), vous devez remplir un formulaire (disponible \u00e0 l\u2019\u00e9cole) nous autorisant \u00e0 administrer ce m\u00e9dicament. Communiquer avec la secr\u00e9taire de l\u2019\u00e9cole pour vous assurer du bon protocole.<\/em><\/p>\n\n\n\n<p><em>Les enfants ne doivent jamais avoir<\/em><strong><em>&nbsp;en leur possession des m\u00e9dicaments.<\/em><\/strong><\/p>\n\n\n\n<hr class=\"wp-block-separator has-alpha-channel-opacity\" \/>\n\n\n\n<h3 class=\"wp-block-heading\">T\u00c9L\u00c9PHONES CELLULAIRES<\/h3>\n\n\n\n<p>\u00c0 partir de la rentr\u00e9e scolaire 2025, les t\u00e9l\u00e9phones cellulaires, les \u00e9couteurs et tous les autres appareils mobiles personnels seront interdits dans toutes les \u00e9coles du Qu\u00e9bec, y compris dans les aires communes et sur le terrain des \u00e9coles. Cette interdiction s\u2019appliquera donc d\u00e8s l\u2019arriv\u00e9e de votre enfant \u00e0 l\u2019\u00e9cole et ce, jusqu\u2019\u00e0 son d\u00e9part, y compris pendant les pauses et sur l\u2019heure du midi.<\/p>\n\n\n\n<p><br>Cette d\u00e9cision du minist\u00e8re de l\u2019\u00c9ducation du Qu\u00e9bec (MEQ) vient renforcer la r\u00e8gle d\u00e9j\u00e0 en place depuis janvier 2024, qui interdit l\u2019usage du cellulaire en classe. Elle fait suite aux recommandations de la Commission sp\u00e9ciale sur les impacts des \u00e9crans et des r\u00e9seaux sociaux, dans le but de cr\u00e9er un environnement plus favorable \u00e0 l\u2019apprentissage et au bien-\u00eatre des \u00e9l\u00e8ves.<\/p>\n\n\n\n<p><br>Les codes de vie des \u00e9coles seront mis \u00e0 jour pour l\u2019ann\u00e9e scolaire 2025-2026 afin de refl\u00e9ter cette nouvelle r\u00e8gle ainsi que les sanctions applicables.<\/p>\n\n\n\n<p><br>De rares exceptions seront possibles pour des raisons p\u00e9dagogiques ou de sant\u00e9.<br>Nous vous remercions de votre collaboration afin d\u2019accompagner vos enfants \u00e0 respecter cette consigne.<\/p>\n\n\n\n<hr class=\"wp-block-separator has-alpha-channel-opacity\" \/>\n\n\n\n<h3 class=\"wp-block-heading\">Repas scolaires avec L\u2019EFFET BOEUF<\/h3>\n\n\n\n<p><em>L\u2019EFFET BOEUF \u2013 Commander vos repas<\/em><\/p>\n\n\n\n<p><em>Commander en ligne \u2013 Des menus \u00e9quilibr\u00e9s et gourmands, renouvel\u00e9s chaque semaine.<\/em><\/p>\n\n\n\n<p>Vous pouvez passer votre commande directement sur leur site internet.<\/p>\n\n\n\n<p><a href=\"https:\/\/leffetboeuf.net\/products\/commande-repas-scolaires\">Centre de services scolaire de Sorel-Tracy<\/a><\/p>\n\n\n\n<p>N\u2019h\u00e9sitez pas \u00e0 communiquer avec l\u2019Effet Boeuf si vous avez des questions.<\/p>\n\n\n\n<p><\/p>\n","protected":false},"excerpt":{"rendered":"<p>Thermom\u00e8tre vestimentaire Comment j\u2019habille mon enfant selon la temp\u00e9rature? Voici notre thermom\u00e8tre vestimentaire. Mise \u00e0 jour du plan de lutte Campagne de financement Wiltor Caf\u00e9 Gr\u00e2ce \u00e0 la vente de plus de 133 sacs de caf\u00e9, nous avons&nbsp;amass\u00e9&nbsp;1 364 $ pour embellir notre cour d&rsquo;\u00e9cole. Un grand merci \u00e0 tous ! Atelier d&rsquo;ornements de No\u00ebl [&hellip;]<\/p>\n","protected":false},"author":1,"featured_media":0,"parent":0,"menu_order":20,"comment_status":"closed","ping_status":"closed","template":"","meta":{"_acf_changed":false,"inline_featured_image":false,"footnotes":""},"class_list":["post-252","page","type-page","status-publish","hentry"],"acf":[],"yoast_head":"<!-- This site is optimized with the Yoast SEO plugin v27.5 - https:\/\/yoast.com\/product\/yoast-seo-wordpress\/ -->\n<title>Communiqu\u00e9s - \u00c9cole Pierre-de-Saint-Ours<\/title>\n<meta name=\"robots\" content=\"index, follow, max-snippet:-1, max-image-preview:large, max-video-preview:-1\" \/>\n<link rel=\"canonical\" href=\"https:\/\/cssst.gouv.qc.ca\/pierre-de-saint-ours\/journal-petit-pierre\/\" \/>\n<meta property=\"og:locale\" content=\"fr_CA\" \/>\n<meta property=\"og:type\" content=\"article\" \/>\n<meta property=\"og:title\" content=\"Communiqu\u00e9s - \u00c9cole Pierre-de-Saint-Ours\" \/>\n<meta property=\"og:description\" content=\"Thermom\u00e8tre vestimentaire Comment j\u2019habille mon enfant selon la temp\u00e9rature? Voici notre thermom\u00e8tre vestimentaire. Mise \u00e0 jour du plan de lutte Campagne de financement Wiltor Caf\u00e9 Gr\u00e2ce \u00e0 la vente de plus de 133 sacs de caf\u00e9, nous avons&nbsp;amass\u00e9&nbsp;1 364 $ pour embellir notre cour d&rsquo;\u00e9cole. Un grand merci \u00e0 tous ! Atelier d&rsquo;ornements de No\u00ebl [&hellip;]\" \/>\n<meta property=\"og:url\" content=\"https:\/\/cssst.gouv.qc.ca\/pierre-de-saint-ours\/journal-petit-pierre\/\" \/>\n<meta property=\"og:site_name\" content=\"\u00c9cole Pierre-de-Saint-Ours\" \/>\n<meta property=\"article:publisher\" content=\"https:\/\/www.facebook.com\/cssoreltracy\/?locale=fr_CA\" \/>\n<meta property=\"article:modified_time\" content=\"2026-04-17T12:21:32+00:00\" \/>\n<meta name=\"twitter:card\" content=\"summary_large_image\" \/>\n<meta name=\"twitter:label1\" content=\"Estimation du temps de lecture\" \/>\n\t<meta name=\"twitter:data1\" content=\"5 minutes\" \/>\n<script type=\"application\/ld+json\" class=\"yoast-schema-graph\">{\"@context\":\"https:\\\/\\\/schema.org\",\"@graph\":[{\"@type\":\"WebPage\",\"@id\":\"https:\\\/\\\/cssst.gouv.qc.ca\\\/pierre-de-saint-ours\\\/journal-petit-pierre\\\/\",\"url\":\"https:\\\/\\\/cssst.gouv.qc.ca\\\/pierre-de-saint-ours\\\/journal-petit-pierre\\\/\",\"name\":\"Communiqu\u00e9s - \u00c9cole Pierre-de-Saint-Ours\",\"isPartOf\":{\"@id\":\"https:\\\/\\\/cssst.gouv.qc.ca\\\/pierre-de-saint-ours\\\/#website\"},\"datePublished\":\"2024-04-11T18:01:32+00:00\",\"dateModified\":\"2026-04-17T12:21:32+00:00\",\"breadcrumb\":{\"@id\":\"https:\\\/\\\/cssst.gouv.qc.ca\\\/pierre-de-saint-ours\\\/journal-petit-pierre\\\/#breadcrumb\"},\"inLanguage\":\"fr-CA\",\"potentialAction\":[{\"@type\":\"ReadAction\",\"target\":[\"https:\\\/\\\/cssst.gouv.qc.ca\\\/pierre-de-saint-ours\\\/journal-petit-pierre\\\/\"]}]},{\"@type\":\"BreadcrumbList\",\"@id\":\"https:\\\/\\\/cssst.gouv.qc.ca\\\/pierre-de-saint-ours\\\/journal-petit-pierre\\\/#breadcrumb\",\"itemListElement\":[{\"@type\":\"ListItem\",\"position\":1,\"name\":\"Accueil\",\"item\":\"https:\\\/\\\/cssst.gouv.qc.ca\\\/pierre-de-saint-ours\\\/\"},{\"@type\":\"ListItem\",\"position\":2,\"name\":\"Communiqu\u00e9s\"}]},{\"@type\":\"WebSite\",\"@id\":\"https:\\\/\\\/cssst.gouv.qc.ca\\\/pierre-de-saint-ours\\\/#website\",\"url\":\"https:\\\/\\\/cssst.gouv.qc.ca\\\/pierre-de-saint-ours\\\/\",\"name\":\"\u00c9cole Pierre-de-Saint-Ours\",\"description\":\"\",\"potentialAction\":[{\"@type\":\"SearchAction\",\"target\":{\"@type\":\"EntryPoint\",\"urlTemplate\":\"https:\\\/\\\/cssst.gouv.qc.ca\\\/pierre-de-saint-ours\\\/?s={search_term_string}\"},\"query-input\":{\"@type\":\"PropertyValueSpecification\",\"valueRequired\":true,\"valueName\":\"search_term_string\"}}],\"inLanguage\":\"fr-CA\"}]}<\/script>\n<!-- \/ Yoast SEO plugin. -->","yoast_head_json":{"title":"Communiqu\u00e9s - \u00c9cole Pierre-de-Saint-Ours","robots":{"index":"index","follow":"follow","max-snippet":"max-snippet:-1","max-image-preview":"max-image-preview:large","max-video-preview":"max-video-preview:-1"},"canonical":"https:\/\/cssst.gouv.qc.ca\/pierre-de-saint-ours\/journal-petit-pierre\/","og_locale":"fr_CA","og_type":"article","og_title":"Communiqu\u00e9s - \u00c9cole Pierre-de-Saint-Ours","og_description":"Thermom\u00e8tre vestimentaire Comment j\u2019habille mon enfant selon la temp\u00e9rature? Voici notre thermom\u00e8tre vestimentaire. Mise \u00e0 jour du plan de lutte Campagne de financement Wiltor Caf\u00e9 Gr\u00e2ce \u00e0 la vente de plus de 133 sacs de caf\u00e9, nous avons&nbsp;amass\u00e9&nbsp;1 364 $ pour embellir notre cour d&rsquo;\u00e9cole. Un grand merci \u00e0 tous ! Atelier d&rsquo;ornements de No\u00ebl [&hellip;]","og_url":"https:\/\/cssst.gouv.qc.ca\/pierre-de-saint-ours\/journal-petit-pierre\/","og_site_name":"\u00c9cole Pierre-de-Saint-Ours","article_publisher":"https:\/\/www.facebook.com\/cssoreltracy\/?locale=fr_CA","article_modified_time":"2026-04-17T12:21:32+00:00","twitter_card":"summary_large_image","twitter_misc":{"Estimation du temps de lecture":"5 minutes"},"schema":{"@context":"https:\/\/schema.org","@graph":[{"@type":"WebPage","@id":"https:\/\/cssst.gouv.qc.ca\/pierre-de-saint-ours\/journal-petit-pierre\/","url":"https:\/\/cssst.gouv.qc.ca\/pierre-de-saint-ours\/journal-petit-pierre\/","name":"Communiqu\u00e9s - \u00c9cole Pierre-de-Saint-Ours","isPartOf":{"@id":"https:\/\/cssst.gouv.qc.ca\/pierre-de-saint-ours\/#website"},"datePublished":"2024-04-11T18:01:32+00:00","dateModified":"2026-04-17T12:21:32+00:00","breadcrumb":{"@id":"https:\/\/cssst.gouv.qc.ca\/pierre-de-saint-ours\/journal-petit-pierre\/#breadcrumb"},"inLanguage":"fr-CA","potentialAction":[{"@type":"ReadAction","target":["https:\/\/cssst.gouv.qc.ca\/pierre-de-saint-ours\/journal-petit-pierre\/"]}]},{"@type":"BreadcrumbList","@id":"https:\/\/cssst.gouv.qc.ca\/pierre-de-saint-ours\/journal-petit-pierre\/#breadcrumb","itemListElement":[{"@type":"ListItem","position":1,"name":"Accueil","item":"https:\/\/cssst.gouv.qc.ca\/pierre-de-saint-ours\/"},{"@type":"ListItem","position":2,"name":"Communiqu\u00e9s"}]},{"@type":"WebSite","@id":"https:\/\/cssst.gouv.qc.ca\/pierre-de-saint-ours\/#website","url":"https:\/\/cssst.gouv.qc.ca\/pierre-de-saint-ours\/","name":"\u00c9cole Pierre-de-Saint-Ours","description":"","potentialAction":[{"@type":"SearchAction","target":{"@type":"EntryPoint","urlTemplate":"https:\/\/cssst.gouv.qc.ca\/pierre-de-saint-ours\/?s={search_term_string}"},"query-input":{"@type":"PropertyValueSpecification","valueRequired":true,"valueName":"search_term_string"}}],"inLanguage":"fr-CA"}]}},"_links":{"self":[{"href":"https:\/\/cssst.gouv.qc.ca\/pierre-de-saint-ours\/wp-json\/wp\/v2\/pages\/252","targetHints":{"allow":["GET"]}}],"collection":[{"href":"https:\/\/cssst.gouv.qc.ca\/pierre-de-saint-ours\/wp-json\/wp\/v2\/pages"}],"about":[{"href":"https:\/\/cssst.gouv.qc.ca\/pierre-de-saint-ours\/wp-json\/wp\/v2\/types\/page"}],"author":[{"embeddable":true,"href":"https:\/\/cssst.gouv.qc.ca\/pierre-de-saint-ours\/wp-json\/wp\/v2\/users\/1"}],"replies":[{"embeddable":true,"href":"https:\/\/cssst.gouv.qc.ca\/pierre-de-saint-ours\/wp-json\/wp\/v2\/comments?post=252"}],"version-history":[{"count":0,"href":"https:\/\/cssst.gouv.qc.ca\/pierre-de-saint-ours\/wp-json\/wp\/v2\/pages\/252\/revisions"}],"wp:attachment":[{"href":"https:\/\/cssst.gouv.qc.ca\/pierre-de-saint-ours\/wp-json\/wp\/v2\/media?parent=252"}],"curies":[{"name":"wp","href":"https:\/\/api.w.org\/{rel}","templated":true}]}}