{"id":15,"date":"2023-02-02T09:37:08","date_gmt":"2023-02-02T14:37:08","guid":{"rendered":"https:\/\/cssst.gouv.qc.ca\/pierre-de-saint-ours\/inscription\/"},"modified":"2026-02-10T08:59:07","modified_gmt":"2026-02-10T13:59:07","slug":"inscription","status":"publish","type":"page","link":"https:\/\/cssst.gouv.qc.ca\/pierre-de-saint-ours\/inscription\/","title":{"rendered":"Inscriptions 2026-2027"},"content":{"rendered":"\n<p>12 janvier 2026<\/p>\n\n\n\n<p><strong>Vous \u00eates d\u00e9j\u00e0 un parent de notre Centre de service scolaire ? Vous recevrez sous peu un courriel d\u00e9taillant les \u00e9tapes de la r\u00e9inscription. Cette page s&rsquo;adresse exclusivement aux familles dont les enfants ne sont pas encore inscrits parmi nous.<\/strong><\/p>\n\n\n\n<p>La p\u00e9riode d\u2019admission et d\u2019inscription des \u00e9l\u00e8ves pour l\u2019ann\u00e9e scolaire 2026-2027 se d\u00e9roulera du 9 au 22 f\u00e9vrier 2026. Les parents sont invit\u00e9s \u00e0 compl\u00e9ter l\u2019inscription en ligne pour la maternelle, le primaire et le secondaire, ainsi que pour le programme Passe-Partout. Dor\u00e9navant, les premi\u00e8res inscriptions (\u00e9l\u00e8ves du pr\u00e9scolaire, du programme Passe-partout et arrivant d\u2019autres CSS) se feront en ligne&nbsp;(sur&nbsp;<a href=\"https:\/\/portailparents.ca\/accueil\/fr\/\" target=\"_blank\" rel=\"noreferrer noopener\"><strong>MOZA\u00cfK PORTAIL PARENTS<\/strong><\/a>) \u00e0 partir du 9 f\u00e9vrier, \u00e0 9h00. Vous trouverez ci-dessous les informations essentielles, les crit\u00e8res d\u2019admissibilit\u00e9 et les documents requis.&nbsp;<\/p>\n\n\n\n<p><a href=\"https:\/\/cssst.gouv.qc.ca\/wp-content\/uploads\/2026\/01\/Aide-memoire-PARENTS-Mozaik-et-CSS-Sorel-Tracy-V9Jan2026.pdf\">Cliquez ici<\/a>&nbsp;pour avoir acc\u00e8s \u00e0 l\u2019aide-m\u00e9moire pour vous inscrire au Moza\u00efk Portail Parents<\/p>\n\n\n\n<hr class=\"wp-block-separator has-alpha-channel-opacity\" \/>\n\n\n\n<h5 class=\"wp-block-heading\"><strong>INSCRIPTION \u00c0 LA MATERNELLE 4 ANS \u00c0 TEMPS PLEIN<\/strong><\/h5>\n\n\n\n<ul class=\"wp-block-list\">\n<li>L\u2019enfant doit avoir 4 ans au 30 septembre 2026;<\/li>\n\n\n\n<li>L\u2019enfant doit r\u00e9sider dans le secteur desservi par l\u2019\u00e9cole qui offre le service;<\/li>\n\n\n\n<li><strong>Inscription en ligne<\/strong>&nbsp;du 9 au 22 f\u00e9vrier 2026. Les inscriptions sont possibles \u00e0 partir de 9 h le 9 f\u00e9vrier 2026.<\/li>\n<\/ul>\n\n\n\n<p>Les parents d\u2019un enfant r\u00e9sidant dans un secteur o\u00f9 la maternelle 4 ans n\u2019est pas offerte peuvent formuler une demande de choix d\u2019\u00e9cole (voir demande de choix d&rsquo;\u00e9cole).<\/p>\n\n\n\n<p><strong>Les inscriptions sont trait\u00e9es&nbsp;<mark>uniquement en ligne&nbsp;<\/mark>(sur le&nbsp;<a href=\"https:\/\/portailparents.ca\/accueil\/fr\/\">Portail Moza\u00efk<\/a>).<\/strong><\/p>\n\n\n\n<p><strong>La priorit\u00e9 d\u2019inscription est attribu\u00e9e selon la date et l\u2019heure \u00e0 laquelle l\u2019inscription en ligne est effectu\u00e9e.<\/strong><\/p>\n\n\n\n<hr class=\"wp-block-separator has-alpha-channel-opacity\" \/>\n\n\n\n<h5 class=\"wp-block-heading\"><strong>INSCRIPTION AU PRIMAIRE<\/strong><\/h5>\n\n\n\n<ul class=\"wp-block-list\">\n<li>L\u2019enfant doit avoir 6 ans au 30 septembre 2026;<\/li>\n\n\n\n<li><strong>S\u2019il s\u2019agit d\u2019une premi\u00e8re inscription,&nbsp;<\/strong>compl\u00e9tez&nbsp;<strong>l\u2019inscription en ligne<\/strong>&nbsp;du 9 au 22 f\u00e9vrier 2026. Les inscriptions sont possibles \u00e0 partir de 9 h le 9 f\u00e9vrier 2026.<\/li>\n\n\n\n<li><strong>Si l\u2019enfant fr\u00e9quente d\u00e9j\u00e0 l\u2019une de nos \u00e9coles primaires<\/strong>, compl\u00e9tez&nbsp;<strong><a href=\"https:\/\/portailparents.ca\/accueil\/fr\/\">l\u2019inscription en ligne sur le Portail Moza\u00efk<\/a><\/strong>&nbsp;du 9 au 22 f\u00e9vrier 2026. Une proc\u00e9dure simple sera transmise par courriel \u00e0 cet effet le 9 f\u00e9vrier 2026.<\/li>\n<\/ul>\n\n\n\n<hr class=\"wp-block-separator has-alpha-channel-opacity\" \/>\n\n\n\n<h5 class=\"wp-block-heading\"><strong>INSCRIPTION AU PROGRAMME PASSE-PARTOUT<\/strong>&nbsp;<\/h5>\n\n\n\n<ul class=\"wp-block-list\">\n<li>L\u2019enfant doit avoir&nbsp;<strong>4 ans au 30 septembre 2026<\/strong>.&nbsp;<\/li>\n\n\n\n<li><strong>Inscription en ligne<\/strong>&nbsp;du 9 au 22 f\u00e9vrier 2026.<\/li>\n\n\n\n<li>Les inscriptions sont possibles \u00e0 partir de&nbsp;<strong>9 h le 9 f\u00e9vrier 2026<\/strong>.&nbsp;<\/li>\n<\/ul>\n\n\n\n<p>Les parents de Saint-Ours et de Sainte-Victoire souhaitant inscrire leur enfant au programme Passe-Partout peuvent le faire dans l\u2019\u00e9cole de leur choix.<\/p>\n\n\n\n<p><a href=\"https:\/\/cssst.gouv.qc.ca\/inscriptions-au-primaire-et-secondaire-annee-2026-2027\">https:\/\/cssst.gouv.qc.ca\/inscriptions-au-primaire-et-secondaire-annee-2026-2027<\/a><\/p>\n\n\n\n<hr class=\"wp-block-separator has-alpha-channel-opacity\" \/>\n\n\n\n<h5 class=\"wp-block-heading\"><strong>DOCUMENTS REQUIS POUR UNE PREMI\u00c8RE INSCRIPTION<\/strong><\/h5>\n\n\n\n<ul class=\"wp-block-list\">\n<li>Deux preuves du lieu de r\u00e9sidence de l\u2019enfant (exemples : avis de cotisation de Revenu Qu\u00e9bec, avis de paiement RRQ, relev\u00e9 d\u2019imp\u00f4ts fonciers RL-4, relev\u00e9 d\u2019emploi, compte de taxe scolaire ou municipale, permis de conduire ou changement d\u2019adresse SAAQ).<\/li>\n\n\n\n<li>Pour l\u2019\u00e9l\u00e8ve n\u00e9 au Qu\u00e9bec : l\u2019original du certificat de naissance de l\u2019enfant (grand format).<\/li>\n\n\n\n<li>Pour l\u2019\u00e9l\u00e8ve n\u00e9 au Canada mais \u00e0 l\u2019ext\u00e9rieur du Qu\u00e9bec : l\u2019original du certificat de naissance de l\u2019enfant avec les noms des parents.<\/li>\n\n\n\n<li>Pour l\u2019\u00e9l\u00e8ve n\u00e9 hors Canada : l\u2019original du certificat de naissance de l\u2019enfant (traduit en fran\u00e7ais ou anglais s\u2019il y a lieu) avec les noms des parents et les documents d\u2019immigration de l\u2019enfant et des r\u00e9pondants.<\/li>\n<\/ul>\n\n\n\n<hr class=\"wp-block-separator has-alpha-channel-opacity\" \/>\n\n\n\n<h5 class=\"wp-block-heading\">DEMANDE DE CHOIX D&rsquo;\u00c9COLE<\/h5>\n\n\n\n<p>Pour le pr\u00e9scolaire et le primaire, les demandes de choix d\u2019\u00e9cole doivent \u00eatre achemin\u00e9es au plus tard le 30 avril. Celles-ci sont prises en compte sous r\u00e9serve de l\u2019organisation scolaire et de la capacit\u00e9 d\u2019accueil de l\u2019\u00e9cole qui re\u00e7oit ces \u00e9l\u00e8ves.<\/p>\n\n\n\n<p>Bien que l\u2019\u00e9l\u00e8ve puisse avoir d\u00e9but\u00e9 sa fr\u00e9quentation \u00e0 l\u2019\u00e9cole demand\u00e9e, la place-\u00e9l\u00e8ve devient officiellement<br>confirm\u00e9e au 30 septembre. Une demande de choix d\u2019\u00e9cole est valable pour une ann\u00e9e scolaire et ne<br>cr\u00e9e pas un droit de fr\u00e9quentation de l\u2019\u00e9cole choisie pour l\u2019ann\u00e9e scolaire suivante. Vous devez refaire une demande chaque ann\u00e9e. <\/p>\n\n\n\n<p>Le transport scolaire n\u2019est pas assur\u00e9 vers l\u2019\u00e9cole choisis.<\/p>\n\n\n\n<p><strong><em>Crit\u00e8res d\u2019acceptation<\/em><\/strong><\/p>\n\n\n\n<p><mark class=\"has-inline-color has-black-color\">Au pr\u00e9scolaire 4 ans<\/mark>, la date de prise de rendez-vous d\u00e9termine les demandes retenues.<\/p>\n\n\n\n<p><mark class=\"has-inline-color has-black-color\">Au pr\u00e9scolaire 5 ans et au primaire<\/mark>, si le nombre de \u00ab choix d\u2019\u00e9cole \u00bb exc\u00e8de la capacit\u00e9 d\u2019accueil de<br>l\u2019\u00e9cole, la priorit\u00e9 est accord\u00e9e dans le respect des conditions suivantes :<br>1) La r\u00e9ception de la demande au plus tard le 30 avril;<br>2) Le nombre d\u2019ann\u00e9es de fr\u00e9quentation \u00e0 l\u2019\u00e9cole demand\u00e9e (en choix d\u2019\u00e9cole ou non);<br>3) Un membre de la fratrie de l\u2019\u00e9l\u00e8ve fr\u00e9quente l\u2019\u00e9cole demand\u00e9e;<br>4) Le motif de la demande;<br>5) Le tirage au sort parmi ceux ayant respect\u00e9 les conditions pr\u00e9alables.<\/p>\n\n\n\n<p><strong>Vous avez besoin d&rsquo;aide ? Voici un document qui pourrait vous aider. <\/strong><\/p>\n\n\n\n<div class=\"wp-block-file\"><a id=\"wp-block-file--media-3acc6b1c-4c8d-47c8-8750-ce4c96514f40\" href=\"https:\/\/cssst.gouv.qc.ca\/pierre-de-saint-ours\/wp-content\/uploads\/sites\/13\/2026\/01\/Support-aux-parents.pdf\">Support aux parents<\/a><a href=\"https:\/\/cssst.gouv.qc.ca\/pierre-de-saint-ours\/wp-content\/uploads\/sites\/13\/2026\/01\/Support-aux-parents.pdf\" class=\"wp-block-file__button wp-element-button\" download aria-describedby=\"wp-block-file--media-3acc6b1c-4c8d-47c8-8750-ce4c96514f40\">T\u00e9l\u00e9charger<\/a><\/div>\n\n\n\n<p><\/p>\n","protected":false},"excerpt":{"rendered":"<p>12 janvier 2026 Vous \u00eates d\u00e9j\u00e0 un parent de notre Centre de service scolaire ? Vous recevrez sous peu un courriel d\u00e9taillant les \u00e9tapes de la r\u00e9inscription. Cette page s&rsquo;adresse exclusivement aux familles dont les enfants ne sont pas encore inscrits parmi nous. La p\u00e9riode d\u2019admission et d\u2019inscription des \u00e9l\u00e8ves pour l\u2019ann\u00e9e scolaire 2026-2027 se [&hellip;]<\/p>\n","protected":false},"author":1,"featured_media":0,"parent":0,"menu_order":4,"comment_status":"closed","ping_status":"closed","template":"","meta":{"_acf_changed":false,"inline_featured_image":false,"footnotes":""},"class_list":["post-15","page","type-page","status-publish","hentry"],"acf":[],"yoast_head":"<!-- This site is optimized with the Yoast SEO plugin v27.4 - https:\/\/yoast.com\/product\/yoast-seo-wordpress\/ -->\n<title>Inscriptions 2026-2027 - \u00c9cole Pierre-de-Saint-Ours<\/title>\n<meta name=\"robots\" content=\"index, follow, max-snippet:-1, max-image-preview:large, max-video-preview:-1\" \/>\n<link rel=\"canonical\" href=\"https:\/\/cssst.gouv.qc.ca\/pierre-de-saint-ours\/inscription\/\" \/>\n<meta property=\"og:locale\" content=\"fr_CA\" \/>\n<meta property=\"og:type\" content=\"article\" \/>\n<meta property=\"og:title\" content=\"Inscriptions 2026-2027 - \u00c9cole Pierre-de-Saint-Ours\" \/>\n<meta property=\"og:description\" content=\"12 janvier 2026 Vous \u00eates d\u00e9j\u00e0 un parent de notre Centre de service scolaire ? Vous recevrez sous peu un courriel d\u00e9taillant les \u00e9tapes de la r\u00e9inscription. Cette page s&rsquo;adresse exclusivement aux familles dont les enfants ne sont pas encore inscrits parmi nous. La p\u00e9riode d\u2019admission et d\u2019inscription des \u00e9l\u00e8ves pour l\u2019ann\u00e9e scolaire 2026-2027 se [&hellip;]\" \/>\n<meta property=\"og:url\" content=\"https:\/\/cssst.gouv.qc.ca\/pierre-de-saint-ours\/inscription\/\" \/>\n<meta property=\"og:site_name\" content=\"\u00c9cole Pierre-de-Saint-Ours\" \/>\n<meta property=\"article:publisher\" content=\"https:\/\/www.facebook.com\/cssoreltracy\/?locale=fr_CA\" \/>\n<meta property=\"article:modified_time\" content=\"2026-02-10T13:59:07+00:00\" \/>\n<meta name=\"twitter:card\" content=\"summary_large_image\" \/>\n<meta name=\"twitter:label1\" content=\"Estimation du temps de lecture\" \/>\n\t<meta name=\"twitter:data1\" content=\"4 minutes\" \/>\n<script type=\"application\/ld+json\" class=\"yoast-schema-graph\">{\"@context\":\"https:\\\/\\\/schema.org\",\"@graph\":[{\"@type\":\"WebPage\",\"@id\":\"https:\\\/\\\/cssst.gouv.qc.ca\\\/pierre-de-saint-ours\\\/inscription\\\/\",\"url\":\"https:\\\/\\\/cssst.gouv.qc.ca\\\/pierre-de-saint-ours\\\/inscription\\\/\",\"name\":\"Inscriptions 2026-2027 - \u00c9cole Pierre-de-Saint-Ours\",\"isPartOf\":{\"@id\":\"https:\\\/\\\/cssst.gouv.qc.ca\\\/pierre-de-saint-ours\\\/#website\"},\"datePublished\":\"2023-02-02T14:37:08+00:00\",\"dateModified\":\"2026-02-10T13:59:07+00:00\",\"breadcrumb\":{\"@id\":\"https:\\\/\\\/cssst.gouv.qc.ca\\\/pierre-de-saint-ours\\\/inscription\\\/#breadcrumb\"},\"inLanguage\":\"fr-CA\",\"potentialAction\":[{\"@type\":\"ReadAction\",\"target\":[\"https:\\\/\\\/cssst.gouv.qc.ca\\\/pierre-de-saint-ours\\\/inscription\\\/\"]}]},{\"@type\":\"BreadcrumbList\",\"@id\":\"https:\\\/\\\/cssst.gouv.qc.ca\\\/pierre-de-saint-ours\\\/inscription\\\/#breadcrumb\",\"itemListElement\":[{\"@type\":\"ListItem\",\"position\":1,\"name\":\"Accueil\",\"item\":\"https:\\\/\\\/cssst.gouv.qc.ca\\\/pierre-de-saint-ours\\\/\"},{\"@type\":\"ListItem\",\"position\":2,\"name\":\"Inscriptions 2026-2027\"}]},{\"@type\":\"WebSite\",\"@id\":\"https:\\\/\\\/cssst.gouv.qc.ca\\\/pierre-de-saint-ours\\\/#website\",\"url\":\"https:\\\/\\\/cssst.gouv.qc.ca\\\/pierre-de-saint-ours\\\/\",\"name\":\"\u00c9cole Pierre-de-Saint-Ours\",\"description\":\"\",\"potentialAction\":[{\"@type\":\"SearchAction\",\"target\":{\"@type\":\"EntryPoint\",\"urlTemplate\":\"https:\\\/\\\/cssst.gouv.qc.ca\\\/pierre-de-saint-ours\\\/?s={search_term_string}\"},\"query-input\":{\"@type\":\"PropertyValueSpecification\",\"valueRequired\":true,\"valueName\":\"search_term_string\"}}],\"inLanguage\":\"fr-CA\"}]}<\/script>\n<!-- \/ Yoast SEO plugin. -->","yoast_head_json":{"title":"Inscriptions 2026-2027 - \u00c9cole Pierre-de-Saint-Ours","robots":{"index":"index","follow":"follow","max-snippet":"max-snippet:-1","max-image-preview":"max-image-preview:large","max-video-preview":"max-video-preview:-1"},"canonical":"https:\/\/cssst.gouv.qc.ca\/pierre-de-saint-ours\/inscription\/","og_locale":"fr_CA","og_type":"article","og_title":"Inscriptions 2026-2027 - \u00c9cole Pierre-de-Saint-Ours","og_description":"12 janvier 2026 Vous \u00eates d\u00e9j\u00e0 un parent de notre Centre de service scolaire ? Vous recevrez sous peu un courriel d\u00e9taillant les \u00e9tapes de la r\u00e9inscription. Cette page s&rsquo;adresse exclusivement aux familles dont les enfants ne sont pas encore inscrits parmi nous. La p\u00e9riode d\u2019admission et d\u2019inscription des \u00e9l\u00e8ves pour l\u2019ann\u00e9e scolaire 2026-2027 se [&hellip;]","og_url":"https:\/\/cssst.gouv.qc.ca\/pierre-de-saint-ours\/inscription\/","og_site_name":"\u00c9cole Pierre-de-Saint-Ours","article_publisher":"https:\/\/www.facebook.com\/cssoreltracy\/?locale=fr_CA","article_modified_time":"2026-02-10T13:59:07+00:00","twitter_card":"summary_large_image","twitter_misc":{"Estimation du temps de lecture":"4 minutes"},"schema":{"@context":"https:\/\/schema.org","@graph":[{"@type":"WebPage","@id":"https:\/\/cssst.gouv.qc.ca\/pierre-de-saint-ours\/inscription\/","url":"https:\/\/cssst.gouv.qc.ca\/pierre-de-saint-ours\/inscription\/","name":"Inscriptions 2026-2027 - \u00c9cole Pierre-de-Saint-Ours","isPartOf":{"@id":"https:\/\/cssst.gouv.qc.ca\/pierre-de-saint-ours\/#website"},"datePublished":"2023-02-02T14:37:08+00:00","dateModified":"2026-02-10T13:59:07+00:00","breadcrumb":{"@id":"https:\/\/cssst.gouv.qc.ca\/pierre-de-saint-ours\/inscription\/#breadcrumb"},"inLanguage":"fr-CA","potentialAction":[{"@type":"ReadAction","target":["https:\/\/cssst.gouv.qc.ca\/pierre-de-saint-ours\/inscription\/"]}]},{"@type":"BreadcrumbList","@id":"https:\/\/cssst.gouv.qc.ca\/pierre-de-saint-ours\/inscription\/#breadcrumb","itemListElement":[{"@type":"ListItem","position":1,"name":"Accueil","item":"https:\/\/cssst.gouv.qc.ca\/pierre-de-saint-ours\/"},{"@type":"ListItem","position":2,"name":"Inscriptions 2026-2027"}]},{"@type":"WebSite","@id":"https:\/\/cssst.gouv.qc.ca\/pierre-de-saint-ours\/#website","url":"https:\/\/cssst.gouv.qc.ca\/pierre-de-saint-ours\/","name":"\u00c9cole Pierre-de-Saint-Ours","description":"","potentialAction":[{"@type":"SearchAction","target":{"@type":"EntryPoint","urlTemplate":"https:\/\/cssst.gouv.qc.ca\/pierre-de-saint-ours\/?s={search_term_string}"},"query-input":{"@type":"PropertyValueSpecification","valueRequired":true,"valueName":"search_term_string"}}],"inLanguage":"fr-CA"}]}},"_links":{"self":[{"href":"https:\/\/cssst.gouv.qc.ca\/pierre-de-saint-ours\/wp-json\/wp\/v2\/pages\/15","targetHints":{"allow":["GET"]}}],"collection":[{"href":"https:\/\/cssst.gouv.qc.ca\/pierre-de-saint-ours\/wp-json\/wp\/v2\/pages"}],"about":[{"href":"https:\/\/cssst.gouv.qc.ca\/pierre-de-saint-ours\/wp-json\/wp\/v2\/types\/page"}],"author":[{"embeddable":true,"href":"https:\/\/cssst.gouv.qc.ca\/pierre-de-saint-ours\/wp-json\/wp\/v2\/users\/1"}],"replies":[{"embeddable":true,"href":"https:\/\/cssst.gouv.qc.ca\/pierre-de-saint-ours\/wp-json\/wp\/v2\/comments?post=15"}],"version-history":[{"count":0,"href":"https:\/\/cssst.gouv.qc.ca\/pierre-de-saint-ours\/wp-json\/wp\/v2\/pages\/15\/revisions"}],"wp:attachment":[{"href":"https:\/\/cssst.gouv.qc.ca\/pierre-de-saint-ours\/wp-json\/wp\/v2\/media?parent=15"}],"curies":[{"name":"wp","href":"https:\/\/api.w.org\/{rel}","templated":true}]}}