{"id":4,"date":"2023-02-02T09:37:05","date_gmt":"2023-02-02T14:37:05","guid":{"rendered":"https:\/\/cssst.gouv.qc.ca\/monseigneur-prince\/accueil\/"},"modified":"2025-07-14T10:50:46","modified_gmt":"2025-07-14T14:50:46","slug":"accueil","status":"publish","type":"page","link":"https:\/\/cssst.gouv.qc.ca\/monseigneur-prince\/","title":{"rendered":"Bienvenue \u00e0 l&rsquo;\u00c9cole Monseigneur-Prince"},"content":{"rendered":"\n<div class=\"wp-block-cover alignfull is-style-title-banner wp-duotone-unset-2\"><span aria-hidden=\"true\" class=\"wp-block-cover__background has-background-dim\"><\/span><img loading=\"lazy\" decoding=\"async\" width=\"1024\" height=\"286\" class=\"wp-block-cover__image-background wp-image-72\" alt=\"\" src=\"http:\/\/cssst.gouv.qc.ca\/monseigneur-prince\/wp-content\/uploads\/sites\/12\/2023\/02\/Seawire-Hero-06-1024x286.jpg\" style=\"object-position:45% 51%\" data-object-fit=\"cover\" data-object-position=\"45% 51%\" srcset=\"https:\/\/cssst.gouv.qc.ca\/monseigneur-prince\/wp-content\/uploads\/sites\/12\/2023\/02\/Seawire-Hero-06-1024x286.jpg 1024w, https:\/\/cssst.gouv.qc.ca\/monseigneur-prince\/wp-content\/uploads\/sites\/12\/2023\/02\/Seawire-Hero-06-300x84.jpg 300w, https:\/\/cssst.gouv.qc.ca\/monseigneur-prince\/wp-content\/uploads\/sites\/12\/2023\/02\/Seawire-Hero-06-768x215.jpg 768w, https:\/\/cssst.gouv.qc.ca\/monseigneur-prince\/wp-content\/uploads\/sites\/12\/2023\/02\/Seawire-Hero-06-1536x430.jpg 1536w, https:\/\/cssst.gouv.qc.ca\/monseigneur-prince\/wp-content\/uploads\/sites\/12\/2023\/02\/Seawire-Hero-06.jpg 1920w\" sizes=\"auto, (max-width: 1024px) 100vw, 1024px\" \/><div class=\"wp-block-cover__inner-container\">\n<h2 class=\"wp-block-heading\">Bienvenue \u00e0 l&rsquo;\u00e9cole Monseigneur-Prince<\/h2>\n\n\n\n<figure class=\"wp-block-image size-large is-resized\"><img loading=\"lazy\" decoding=\"async\" width=\"1024\" height=\"791\" src=\"http:\/\/cssst.gouv.qc.ca\/monseigneur-prince\/wp-content\/uploads\/sites\/12\/2024\/07\/Logo-grenouille-1024x791.jpg\" alt=\"\" class=\"wp-image-135\" style=\"width:220px;height:auto\" srcset=\"https:\/\/cssst.gouv.qc.ca\/monseigneur-prince\/wp-content\/uploads\/sites\/12\/2024\/07\/Logo-grenouille-1024x791.jpg 1024w, https:\/\/cssst.gouv.qc.ca\/monseigneur-prince\/wp-content\/uploads\/sites\/12\/2024\/07\/Logo-grenouille-300x232.jpg 300w, https:\/\/cssst.gouv.qc.ca\/monseigneur-prince\/wp-content\/uploads\/sites\/12\/2024\/07\/Logo-grenouille-768x593.jpg 768w, https:\/\/cssst.gouv.qc.ca\/monseigneur-prince\/wp-content\/uploads\/sites\/12\/2024\/07\/Logo-grenouille-1536x1187.jpg 1536w, https:\/\/cssst.gouv.qc.ca\/monseigneur-prince\/wp-content\/uploads\/sites\/12\/2024\/07\/Logo-grenouille-2048x1583.jpg 2048w\" sizes=\"auto, (max-width: 1024px) 100vw, 1024px\" \/><\/figure>\n<\/div><\/div>\n\n\n\n<h2 class=\"wp-block-heading\">Mot de la direction<\/h2>\n\n\n\n<p>Bienvenue sur le site web de notre belle \u00e9cole.<\/p>\n\n\n\n<p>Je me pr\u00e9sente, Karine G\u00e9n\u00e9reux, directrice de l\u2019\u00e9cole Monseigneur-Prince.<\/p>\n\n\n\n<p>Avec la mise en ligne de ce nouveau site Web, une nouvelle fen\u00eatre s\u2019ouvre sur le monde de l&rsquo;\u00e9cole Monseigneur-Prince.<\/p>\n\n\n\n<p>Vous y trouverez toutes les informations utiles sur le fonctionnement de notre \u00e9cole et sur les services mis en place pour vos enfants. Cette page est en construction et sera bonifi\u00e9e au fil du temps afin de vous partager \u00e9galement des nouvelles sur notre quotidien, nos projets, nos sorties et les activit\u00e9s v\u00e9cues par les \u00e9l\u00e8ves de notre l&rsquo;\u00e9cole.<\/p>\n\n\n\n<p>Bonne visite<\/p>\n\n\n\n<div class=\"wp-block-group alignfull is-style-subsite-home-news has-tertiary-background-color has-background\">\n<div class=\"wp-block-group alignwide\">\n<h2 class=\"wp-block-heading\">Actualit\u00e9s<\/h2>\n\n\n\n<div class=\"wp-block-buttons\">\n<div class=\"wp-block-button is-style-text is-home-actualites\"><a class=\"wp-block-button__link wp-element-button\" href=\"https:\/\/cssst.gouv.qc.ca\/monseigneur-prince\/actualites\/\">Voir toutes les actualit\u00e9s<img decoding=\"async\" class=\"wp-image-402\" style=\"width: 17px\" src=\"https:\/\/cssst.gouv.qc.ca\/wp-content\/uploads\/2022\/09\/short_right.svg\" alt=\"\"><\/a><\/div>\n<\/div>\n<\/div>\n\n\n<div class=\" alignwide alignwide wp-block-acf-archive-listing\" id=\"testimonial-block_f6f07e796a93894e270c083be3f9fcd0\">\n    <\/div>\n<\/div>\n\n\n\n<div class=\"wp-block-group alignfull is-style-bg-gradient\">\n<div class=\"wp-block-group alignwide\">\n<div class=\"wp-block-group alignwide\">\n<div class=\"wp-block-columns is-style-dates-and-calendar\">\n<div class=\"wp-block-column is-style-dates-list\">\n<h2 class=\"wp-block-heading\">Calendrier<\/h2>\n<\/div>\n<\/div>\n\n\n\n<div class=\"wp-block-columns alignwide is-style-home-calendar is-style-dates-and-calendar\">\n<div class=\"wp-block-column is-style-dates-list\">\n<div class=\"wp-block-group\">\n<h3 class=\"wp-block-heading\">\u00c0 surveiller<\/h3>\n\n\n<div class=\"align wp-block-acf-act-date-list\" id=\"testimonial-\"><div class=\"wp-block-group\"><\/div><\/div>\n\n\n<p><a href=\"https:\/\/cssst.gouv.qc.ca\/monseigneur-prince\/evenements\/\">Voir tous les \u00e9v\u00e9nements<\/a><\/p>\n<\/div>\n<\/div>\n\n\n\n<div class=\"wp-block-column is-style-calendar\">\n<div class=\"wp-block-group\"><div class=\"act-post-calendar\">\n    \n<\/div>\n<script>\n    var actPostCalendarPopups = {\n            }\n    var actPostCalendarMonths = [\n        'Janvier', \n        'F\u00e9vrier', \n        'Mars', \n        'Avril', \n        'Mai', \n        'Juin', \n        'Juillet',\n        'Ao\u00fbt', \n        'Septembre', \n        'Octobre', \n        'Novembre', \n        'D\u00e9cembre'\n    ]\n    var actPostCalendarWeekdays = ['D', 'L', 'M', 'M', 'J', 'V', 'S'];\n<\/script>\n\n\n\n<div class=\"wp-block-buttons\">\n<div class=\"wp-block-button\"><a class=\"wp-block-button__link wp-element-button\">T\u00e9l\u00e9charger le calendrier <img decoding=\"async\" class=\"wp-image-122\" style=\"width: 24px\" src=\"http:\/\/cssst.gouv.qc.ca\/ecoles-secondaires\/wp-content\/uploads\/sites\/4\/2023\/02\/Download.svg\" alt=\"\"><\/a><\/div>\n<\/div>\n<\/div>\n<\/div>\n<\/div>\n<\/div>\n<\/div>\n<\/div>\n\n\n\n<div class=\"wp-block-buttons\">\n<div class=\"wp-block-button has-custom-width wp-block-button__width-100 is-style-fill\"><a class=\"wp-block-button__link wp-element-button\" href=\"https:\/\/cssst.gouv.qc.ca\/publications\/plaintes\/\" style=\"border-radius:100px;box-shadow:var(--wp--preset--shadow--natural)\">Traitement des plaintes et protecteur de l&rsquo;\u00e9l\u00e8ve<\/a><\/div>\n<\/div>\n","protected":false},"excerpt":{"rendered":"<p>Mot de la direction Bienvenue sur le site web de notre belle \u00e9cole. Je me pr\u00e9sente, Karine G\u00e9n\u00e9reux, directrice de l\u2019\u00e9cole Monseigneur-Prince. Avec la mise en ligne de ce nouveau site Web, une nouvelle fen\u00eatre s\u2019ouvre sur le monde de l&rsquo;\u00e9cole Monseigneur-Prince. Vous y trouverez toutes les informations utiles sur le fonctionnement de notre \u00e9cole [&hellip;]<\/p>\n","protected":false},"author":1,"featured_media":72,"parent":0,"menu_order":0,"comment_status":"closed","ping_status":"closed","template":"","meta":{"_acf_changed":false,"inline_featured_image":false,"footnotes":""},"class_list":["post-4","page","type-page","status-publish","has-post-thumbnail","hentry"],"acf":[],"yoast_head":"<!-- This site is optimized with the Yoast SEO plugin v27.4 - https:\/\/yoast.com\/product\/yoast-seo-wordpress\/ -->\n<title>Bienvenue \u00e0 l&#039;\u00c9cole Monseigneur-Prince - \u00c9cole Monseigneur-Prince<\/title>\n<meta name=\"robots\" content=\"index, follow, max-snippet:-1, max-image-preview:large, max-video-preview:-1\" \/>\n<link rel=\"canonical\" href=\"https:\/\/cssst.gouv.qc.ca\/monseigneur-prince\/\" \/>\n<meta property=\"og:locale\" content=\"fr_CA\" \/>\n<meta property=\"og:type\" content=\"article\" \/>\n<meta property=\"og:title\" content=\"Bienvenue \u00e0 l&#039;\u00c9cole Monseigneur-Prince - \u00c9cole Monseigneur-Prince\" \/>\n<meta property=\"og:description\" content=\"Mot de la direction Bienvenue sur le site web de notre belle \u00e9cole. Je me pr\u00e9sente, Karine G\u00e9n\u00e9reux, directrice de l\u2019\u00e9cole Monseigneur-Prince. Avec la mise en ligne de ce nouveau site Web, une nouvelle fen\u00eatre s\u2019ouvre sur le monde de l&rsquo;\u00e9cole Monseigneur-Prince. Vous y trouverez toutes les informations utiles sur le fonctionnement de notre \u00e9cole [&hellip;]\" \/>\n<meta property=\"og:url\" content=\"https:\/\/cssst.gouv.qc.ca\/monseigneur-prince\/\" \/>\n<meta property=\"og:site_name\" content=\"\u00c9cole Monseigneur-Prince\" \/>\n<meta property=\"article:publisher\" content=\"https:\/\/www.facebook.com\/cssoreltracy\/?locale=fr_CA\" \/>\n<meta property=\"article:modified_time\" content=\"2025-07-14T14:50:46+00:00\" \/>\n<meta property=\"og:image\" content=\"http:\/\/cssst.gouv.qc.ca\/monseigneur-prince\/wp-content\/uploads\/sites\/12\/2023\/02\/Seawire-Hero-06.jpg\" \/>\n\t<meta property=\"og:image:width\" content=\"1920\" \/>\n\t<meta property=\"og:image:height\" content=\"537\" \/>\n\t<meta property=\"og:image:type\" content=\"image\/jpeg\" \/>\n<meta name=\"twitter:card\" content=\"summary_large_image\" \/>\n<meta name=\"twitter:label1\" content=\"Estimation du temps de lecture\" \/>\n\t<meta name=\"twitter:data1\" content=\"2 minutes\" \/>\n<script type=\"application\/ld+json\" class=\"yoast-schema-graph\">{\"@context\":\"https:\\\/\\\/schema.org\",\"@graph\":[{\"@type\":\"WebPage\",\"@id\":\"https:\\\/\\\/cssst.gouv.qc.ca\\\/monseigneur-prince\\\/\",\"url\":\"https:\\\/\\\/cssst.gouv.qc.ca\\\/monseigneur-prince\\\/\",\"name\":\"Bienvenue \u00e0 l'\u00c9cole Monseigneur-Prince - \u00c9cole Monseigneur-Prince\",\"isPartOf\":{\"@id\":\"https:\\\/\\\/cssst.gouv.qc.ca\\\/monseigneur-prince\\\/#website\"},\"primaryImageOfPage\":{\"@id\":\"https:\\\/\\\/cssst.gouv.qc.ca\\\/monseigneur-prince\\\/#primaryimage\"},\"image\":{\"@id\":\"https:\\\/\\\/cssst.gouv.qc.ca\\\/monseigneur-prince\\\/#primaryimage\"},\"thumbnailUrl\":\"https:\\\/\\\/cssst.gouv.qc.ca\\\/monseigneur-prince\\\/wp-content\\\/uploads\\\/sites\\\/12\\\/2023\\\/02\\\/Seawire-Hero-06.jpg\",\"datePublished\":\"2023-02-02T14:37:05+00:00\",\"dateModified\":\"2025-07-14T14:50:46+00:00\",\"breadcrumb\":{\"@id\":\"https:\\\/\\\/cssst.gouv.qc.ca\\\/monseigneur-prince\\\/#breadcrumb\"},\"inLanguage\":\"fr-CA\",\"potentialAction\":[{\"@type\":\"ReadAction\",\"target\":[\"https:\\\/\\\/cssst.gouv.qc.ca\\\/monseigneur-prince\\\/\"]}]},{\"@type\":\"ImageObject\",\"inLanguage\":\"fr-CA\",\"@id\":\"https:\\\/\\\/cssst.gouv.qc.ca\\\/monseigneur-prince\\\/#primaryimage\",\"url\":\"https:\\\/\\\/cssst.gouv.qc.ca\\\/monseigneur-prince\\\/wp-content\\\/uploads\\\/sites\\\/12\\\/2023\\\/02\\\/Seawire-Hero-06.jpg\",\"contentUrl\":\"https:\\\/\\\/cssst.gouv.qc.ca\\\/monseigneur-prince\\\/wp-content\\\/uploads\\\/sites\\\/12\\\/2023\\\/02\\\/Seawire-Hero-06.jpg\",\"width\":1920,\"height\":537},{\"@type\":\"BreadcrumbList\",\"@id\":\"https:\\\/\\\/cssst.gouv.qc.ca\\\/monseigneur-prince\\\/#breadcrumb\",\"itemListElement\":[{\"@type\":\"ListItem\",\"position\":1,\"name\":\"Accueil\",\"item\":\"https:\\\/\\\/cssst.gouv.qc.ca\\\/monseigneur-prince\\\/\"},{\"@type\":\"ListItem\",\"position\":2,\"name\":\"Bienvenue \u00e0 l&rsquo;\u00c9cole Monseigneur-Prince\"}]},{\"@type\":\"WebSite\",\"@id\":\"https:\\\/\\\/cssst.gouv.qc.ca\\\/monseigneur-prince\\\/#website\",\"url\":\"https:\\\/\\\/cssst.gouv.qc.ca\\\/monseigneur-prince\\\/\",\"name\":\"\u00c9cole Monseigneur-Prince\",\"description\":\"\",\"potentialAction\":[{\"@type\":\"SearchAction\",\"target\":{\"@type\":\"EntryPoint\",\"urlTemplate\":\"https:\\\/\\\/cssst.gouv.qc.ca\\\/monseigneur-prince\\\/?s={search_term_string}\"},\"query-input\":{\"@type\":\"PropertyValueSpecification\",\"valueRequired\":true,\"valueName\":\"search_term_string\"}}],\"inLanguage\":\"fr-CA\"}]}<\/script>\n<!-- \/ Yoast SEO plugin. -->","yoast_head_json":{"title":"Bienvenue \u00e0 l'\u00c9cole Monseigneur-Prince - \u00c9cole Monseigneur-Prince","robots":{"index":"index","follow":"follow","max-snippet":"max-snippet:-1","max-image-preview":"max-image-preview:large","max-video-preview":"max-video-preview:-1"},"canonical":"https:\/\/cssst.gouv.qc.ca\/monseigneur-prince\/","og_locale":"fr_CA","og_type":"article","og_title":"Bienvenue \u00e0 l'\u00c9cole Monseigneur-Prince - \u00c9cole Monseigneur-Prince","og_description":"Mot de la direction Bienvenue sur le site web de notre belle \u00e9cole. Je me pr\u00e9sente, Karine G\u00e9n\u00e9reux, directrice de l\u2019\u00e9cole Monseigneur-Prince. Avec la mise en ligne de ce nouveau site Web, une nouvelle fen\u00eatre s\u2019ouvre sur le monde de l&rsquo;\u00e9cole Monseigneur-Prince. Vous y trouverez toutes les informations utiles sur le fonctionnement de notre \u00e9cole [&hellip;]","og_url":"https:\/\/cssst.gouv.qc.ca\/monseigneur-prince\/","og_site_name":"\u00c9cole Monseigneur-Prince","article_publisher":"https:\/\/www.facebook.com\/cssoreltracy\/?locale=fr_CA","article_modified_time":"2025-07-14T14:50:46+00:00","og_image":[{"width":1920,"height":537,"url":"http:\/\/cssst.gouv.qc.ca\/monseigneur-prince\/wp-content\/uploads\/sites\/12\/2023\/02\/Seawire-Hero-06.jpg","type":"image\/jpeg"}],"twitter_card":"summary_large_image","twitter_misc":{"Estimation du temps de lecture":"2 minutes"},"schema":{"@context":"https:\/\/schema.org","@graph":[{"@type":"WebPage","@id":"https:\/\/cssst.gouv.qc.ca\/monseigneur-prince\/","url":"https:\/\/cssst.gouv.qc.ca\/monseigneur-prince\/","name":"Bienvenue \u00e0 l'\u00c9cole Monseigneur-Prince - \u00c9cole Monseigneur-Prince","isPartOf":{"@id":"https:\/\/cssst.gouv.qc.ca\/monseigneur-prince\/#website"},"primaryImageOfPage":{"@id":"https:\/\/cssst.gouv.qc.ca\/monseigneur-prince\/#primaryimage"},"image":{"@id":"https:\/\/cssst.gouv.qc.ca\/monseigneur-prince\/#primaryimage"},"thumbnailUrl":"https:\/\/cssst.gouv.qc.ca\/monseigneur-prince\/wp-content\/uploads\/sites\/12\/2023\/02\/Seawire-Hero-06.jpg","datePublished":"2023-02-02T14:37:05+00:00","dateModified":"2025-07-14T14:50:46+00:00","breadcrumb":{"@id":"https:\/\/cssst.gouv.qc.ca\/monseigneur-prince\/#breadcrumb"},"inLanguage":"fr-CA","potentialAction":[{"@type":"ReadAction","target":["https:\/\/cssst.gouv.qc.ca\/monseigneur-prince\/"]}]},{"@type":"ImageObject","inLanguage":"fr-CA","@id":"https:\/\/cssst.gouv.qc.ca\/monseigneur-prince\/#primaryimage","url":"https:\/\/cssst.gouv.qc.ca\/monseigneur-prince\/wp-content\/uploads\/sites\/12\/2023\/02\/Seawire-Hero-06.jpg","contentUrl":"https:\/\/cssst.gouv.qc.ca\/monseigneur-prince\/wp-content\/uploads\/sites\/12\/2023\/02\/Seawire-Hero-06.jpg","width":1920,"height":537},{"@type":"BreadcrumbList","@id":"https:\/\/cssst.gouv.qc.ca\/monseigneur-prince\/#breadcrumb","itemListElement":[{"@type":"ListItem","position":1,"name":"Accueil","item":"https:\/\/cssst.gouv.qc.ca\/monseigneur-prince\/"},{"@type":"ListItem","position":2,"name":"Bienvenue \u00e0 l&rsquo;\u00c9cole Monseigneur-Prince"}]},{"@type":"WebSite","@id":"https:\/\/cssst.gouv.qc.ca\/monseigneur-prince\/#website","url":"https:\/\/cssst.gouv.qc.ca\/monseigneur-prince\/","name":"\u00c9cole Monseigneur-Prince","description":"","potentialAction":[{"@type":"SearchAction","target":{"@type":"EntryPoint","urlTemplate":"https:\/\/cssst.gouv.qc.ca\/monseigneur-prince\/?s={search_term_string}"},"query-input":{"@type":"PropertyValueSpecification","valueRequired":true,"valueName":"search_term_string"}}],"inLanguage":"fr-CA"}]}},"_links":{"self":[{"href":"https:\/\/cssst.gouv.qc.ca\/monseigneur-prince\/wp-json\/wp\/v2\/pages\/4","targetHints":{"allow":["GET"]}}],"collection":[{"href":"https:\/\/cssst.gouv.qc.ca\/monseigneur-prince\/wp-json\/wp\/v2\/pages"}],"about":[{"href":"https:\/\/cssst.gouv.qc.ca\/monseigneur-prince\/wp-json\/wp\/v2\/types\/page"}],"author":[{"embeddable":true,"href":"https:\/\/cssst.gouv.qc.ca\/monseigneur-prince\/wp-json\/wp\/v2\/users\/1"}],"replies":[{"embeddable":true,"href":"https:\/\/cssst.gouv.qc.ca\/monseigneur-prince\/wp-json\/wp\/v2\/comments?post=4"}],"version-history":[{"count":0,"href":"https:\/\/cssst.gouv.qc.ca\/monseigneur-prince\/wp-json\/wp\/v2\/pages\/4\/revisions"}],"wp:featuredmedia":[{"embeddable":true,"href":"https:\/\/cssst.gouv.qc.ca\/monseigneur-prince\/wp-json\/wp\/v2\/media\/72"}],"wp:attachment":[{"href":"https:\/\/cssst.gouv.qc.ca\/monseigneur-prince\/wp-json\/wp\/v2\/media?parent=4"}],"curies":[{"name":"wp","href":"https:\/\/api.w.org\/{rel}","templated":true}]}}