{"id":300,"date":"2025-10-17T14:33:00","date_gmt":"2025-10-17T18:33:00","guid":{"rendered":"https:\/\/cssst.gouv.qc.ca\/monseigneur-prince\/?page_id=300"},"modified":"2025-12-01T12:59:04","modified_gmt":"2025-12-01T17:59:04","slug":"normes-et-modalites-devaluation","status":"publish","type":"page","link":"https:\/\/cssst.gouv.qc.ca\/monseigneur-prince\/ecole\/normes-et-modalites-devaluation\/","title":{"rendered":"Normes et modalit\u00e9s d&rsquo;\u00e9valuation"},"content":{"rendered":"\n<div class=\"wp-block-group alignfull has-padding-y-large has-tertiary-background-color has-background\"><div class=\"yoast-breadcrumbs alignwide \"><span class=\"breadcrumbs\"><a href=\"https:\/\/cssst.gouv.qc.ca\/monseigneur-prince\/\" class=\"breadcrumbs__element\">Accueil<\/a> <span class=\"breadcrumbs__separator\">\n        <svg class=\"icon icon-breadcrumb__separator\"><use xlink:href=\"#icon-breadcrumb__separator\"><\/use><\/svg>\n    <\/span> <a href=\"https:\/\/cssst.gouv.qc.ca\/monseigneur-prince\/ecole\/\" class=\"breadcrumbs__element\">\u00c9cole<\/a> <span class=\"breadcrumbs__separator\">\n        <svg class=\"icon icon-breadcrumb__separator\"><use xlink:href=\"#icon-breadcrumb__separator\"><\/use><\/svg>\n    <\/span> <span class=\"breadcrumbs__element breadcrumbs__element-current\">Normes et modalit\u00e9s d&rsquo;\u00e9valuation<\/span><\/span><\/div><\/div>\n\n\n\n<h1 class=\"wp-block-heading\">Documents de r\u00e9f\u00e9rence<\/h1>\n\n\n\n\n<p class=\"act-lead\">2025-2026<\/p>\n\n\n\n\n<div class=\"wp-block-file\"><a id=\"wp-block-file--media-b5708cd2-d1cc-4019-9648-7be0005dded9\" href=\"http:\/\/cssst.gouv.qc.ca\/monseigneur-prince\/wp-content\/uploads\/sites\/12\/2025\/12\/Normes-et-modalites-Monseigneur-Prince-2025-2026.pdf\">Normes et modalit\u00e9s &#8211; Monseigneur-Prince 2025-2026<\/a><a href=\"http:\/\/cssst.gouv.qc.ca\/monseigneur-prince\/wp-content\/uploads\/sites\/12\/2025\/12\/Normes-et-modalites-Monseigneur-Prince-2025-2026.pdf\" class=\"wp-block-file__button wp-element-button\" download aria-describedby=\"wp-block-file--media-b5708cd2-d1cc-4019-9648-7be0005dded9\">T\u00e9l\u00e9charger<\/a><\/div>\n\n\n\n<h2 class=\"wp-block-heading\">Processus de r\u00e9vision de r\u00e9sultats<\/h2>\n\n\n\n<div class=\"wp-block-file\"><a id=\"wp-block-file--media-b4686afa-e2a6-4053-86e8-79a84f3a3f3b\" href=\"http:\/\/cssst.gouv.qc.ca\/monseigneur-prince\/wp-content\/uploads\/sites\/12\/2025\/10\/schema-revision-dun-resultat-prim-sec.pdf\">schema-revision-dun-resultat prim-sec<\/a><a href=\"http:\/\/cssst.gouv.qc.ca\/monseigneur-prince\/wp-content\/uploads\/sites\/12\/2025\/10\/schema-revision-dun-resultat-prim-sec.pdf\" class=\"wp-block-file__button wp-element-button\" download aria-describedby=\"wp-block-file--media-b4686afa-e2a6-4053-86e8-79a84f3a3f3b\">T\u00e9l\u00e9charger<\/a><\/div>\n","protected":false},"excerpt":{"rendered":"<p>Documents de r\u00e9f\u00e9rence Processus de r\u00e9vision de r\u00e9sultats<\/p>\n","protected":false},"author":44,"featured_media":0,"parent":5,"menu_order":0,"comment_status":"closed","ping_status":"closed","template":"","meta":{"_acf_changed":false,"inline_featured_image":false,"footnotes":""},"class_list":["post-300","page","type-page","status-publish","hentry"],"acf":[],"yoast_head":"<!-- This site is optimized with the Yoast SEO plugin v27.4 - https:\/\/yoast.com\/product\/yoast-seo-wordpress\/ -->\n<title>Normes et modalit\u00e9s d&#039;\u00e9valuation - \u00c9cole Monseigneur-Prince<\/title>\n<meta name=\"robots\" content=\"index, follow, max-snippet:-1, max-image-preview:large, max-video-preview:-1\" \/>\n<link rel=\"canonical\" href=\"https:\/\/cssst.gouv.qc.ca\/monseigneur-prince\/ecole\/normes-et-modalites-devaluation\/\" \/>\n<meta property=\"og:locale\" content=\"fr_CA\" \/>\n<meta property=\"og:type\" content=\"article\" \/>\n<meta property=\"og:title\" content=\"Normes et modalit\u00e9s d&#039;\u00e9valuation - \u00c9cole Monseigneur-Prince\" \/>\n<meta property=\"og:description\" content=\"Documents de r\u00e9f\u00e9rence Processus de r\u00e9vision de r\u00e9sultats\" \/>\n<meta property=\"og:url\" content=\"https:\/\/cssst.gouv.qc.ca\/monseigneur-prince\/ecole\/normes-et-modalites-devaluation\/\" \/>\n<meta property=\"og:site_name\" content=\"\u00c9cole Monseigneur-Prince\" \/>\n<meta property=\"article:publisher\" content=\"https:\/\/www.facebook.com\/cssoreltracy\/?locale=fr_CA\" \/>\n<meta property=\"article:modified_time\" content=\"2025-12-01T17:59:04+00:00\" \/>\n<meta name=\"twitter:card\" content=\"summary_large_image\" \/>\n<meta name=\"twitter:label1\" content=\"Estimation du temps de lecture\" \/>\n\t<meta name=\"twitter:data1\" content=\"1 minute\" \/>\n<script type=\"application\/ld+json\" class=\"yoast-schema-graph\">{\"@context\":\"https:\\\/\\\/schema.org\",\"@graph\":[{\"@type\":\"WebPage\",\"@id\":\"https:\\\/\\\/cssst.gouv.qc.ca\\\/monseigneur-prince\\\/ecole\\\/normes-et-modalites-devaluation\\\/\",\"url\":\"https:\\\/\\\/cssst.gouv.qc.ca\\\/monseigneur-prince\\\/ecole\\\/normes-et-modalites-devaluation\\\/\",\"name\":\"Normes et modalit\u00e9s d'\u00e9valuation - \u00c9cole Monseigneur-Prince\",\"isPartOf\":{\"@id\":\"https:\\\/\\\/cssst.gouv.qc.ca\\\/monseigneur-prince\\\/#website\"},\"datePublished\":\"2025-10-17T18:33:00+00:00\",\"dateModified\":\"2025-12-01T17:59:04+00:00\",\"breadcrumb\":{\"@id\":\"https:\\\/\\\/cssst.gouv.qc.ca\\\/monseigneur-prince\\\/ecole\\\/normes-et-modalites-devaluation\\\/#breadcrumb\"},\"inLanguage\":\"fr-CA\",\"potentialAction\":[{\"@type\":\"ReadAction\",\"target\":[\"https:\\\/\\\/cssst.gouv.qc.ca\\\/monseigneur-prince\\\/ecole\\\/normes-et-modalites-devaluation\\\/\"]}]},{\"@type\":\"BreadcrumbList\",\"@id\":\"https:\\\/\\\/cssst.gouv.qc.ca\\\/monseigneur-prince\\\/ecole\\\/normes-et-modalites-devaluation\\\/#breadcrumb\",\"itemListElement\":[{\"@type\":\"ListItem\",\"position\":1,\"name\":\"Accueil\",\"item\":\"https:\\\/\\\/cssst.gouv.qc.ca\\\/monseigneur-prince\\\/\"},{\"@type\":\"ListItem\",\"position\":2,\"name\":\"\u00c9cole\",\"item\":\"https:\\\/\\\/cssst.gouv.qc.ca\\\/monseigneur-prince\\\/ecole\\\/\"},{\"@type\":\"ListItem\",\"position\":3,\"name\":\"Normes et modalit\u00e9s d&rsquo;\u00e9valuation\"}]},{\"@type\":\"WebSite\",\"@id\":\"https:\\\/\\\/cssst.gouv.qc.ca\\\/monseigneur-prince\\\/#website\",\"url\":\"https:\\\/\\\/cssst.gouv.qc.ca\\\/monseigneur-prince\\\/\",\"name\":\"\u00c9cole Monseigneur-Prince\",\"description\":\"\",\"potentialAction\":[{\"@type\":\"SearchAction\",\"target\":{\"@type\":\"EntryPoint\",\"urlTemplate\":\"https:\\\/\\\/cssst.gouv.qc.ca\\\/monseigneur-prince\\\/?s={search_term_string}\"},\"query-input\":{\"@type\":\"PropertyValueSpecification\",\"valueRequired\":true,\"valueName\":\"search_term_string\"}}],\"inLanguage\":\"fr-CA\"}]}<\/script>\n<!-- \/ Yoast SEO plugin. -->","yoast_head_json":{"title":"Normes et modalit\u00e9s d'\u00e9valuation - \u00c9cole Monseigneur-Prince","robots":{"index":"index","follow":"follow","max-snippet":"max-snippet:-1","max-image-preview":"max-image-preview:large","max-video-preview":"max-video-preview:-1"},"canonical":"https:\/\/cssst.gouv.qc.ca\/monseigneur-prince\/ecole\/normes-et-modalites-devaluation\/","og_locale":"fr_CA","og_type":"article","og_title":"Normes et modalit\u00e9s d'\u00e9valuation - \u00c9cole Monseigneur-Prince","og_description":"Documents de r\u00e9f\u00e9rence Processus de r\u00e9vision de r\u00e9sultats","og_url":"https:\/\/cssst.gouv.qc.ca\/monseigneur-prince\/ecole\/normes-et-modalites-devaluation\/","og_site_name":"\u00c9cole Monseigneur-Prince","article_publisher":"https:\/\/www.facebook.com\/cssoreltracy\/?locale=fr_CA","article_modified_time":"2025-12-01T17:59:04+00:00","twitter_card":"summary_large_image","twitter_misc":{"Estimation du temps de lecture":"1 minute"},"schema":{"@context":"https:\/\/schema.org","@graph":[{"@type":"WebPage","@id":"https:\/\/cssst.gouv.qc.ca\/monseigneur-prince\/ecole\/normes-et-modalites-devaluation\/","url":"https:\/\/cssst.gouv.qc.ca\/monseigneur-prince\/ecole\/normes-et-modalites-devaluation\/","name":"Normes et modalit\u00e9s d'\u00e9valuation - \u00c9cole Monseigneur-Prince","isPartOf":{"@id":"https:\/\/cssst.gouv.qc.ca\/monseigneur-prince\/#website"},"datePublished":"2025-10-17T18:33:00+00:00","dateModified":"2025-12-01T17:59:04+00:00","breadcrumb":{"@id":"https:\/\/cssst.gouv.qc.ca\/monseigneur-prince\/ecole\/normes-et-modalites-devaluation\/#breadcrumb"},"inLanguage":"fr-CA","potentialAction":[{"@type":"ReadAction","target":["https:\/\/cssst.gouv.qc.ca\/monseigneur-prince\/ecole\/normes-et-modalites-devaluation\/"]}]},{"@type":"BreadcrumbList","@id":"https:\/\/cssst.gouv.qc.ca\/monseigneur-prince\/ecole\/normes-et-modalites-devaluation\/#breadcrumb","itemListElement":[{"@type":"ListItem","position":1,"name":"Accueil","item":"https:\/\/cssst.gouv.qc.ca\/monseigneur-prince\/"},{"@type":"ListItem","position":2,"name":"\u00c9cole","item":"https:\/\/cssst.gouv.qc.ca\/monseigneur-prince\/ecole\/"},{"@type":"ListItem","position":3,"name":"Normes et modalit\u00e9s d&rsquo;\u00e9valuation"}]},{"@type":"WebSite","@id":"https:\/\/cssst.gouv.qc.ca\/monseigneur-prince\/#website","url":"https:\/\/cssst.gouv.qc.ca\/monseigneur-prince\/","name":"\u00c9cole Monseigneur-Prince","description":"","potentialAction":[{"@type":"SearchAction","target":{"@type":"EntryPoint","urlTemplate":"https:\/\/cssst.gouv.qc.ca\/monseigneur-prince\/?s={search_term_string}"},"query-input":{"@type":"PropertyValueSpecification","valueRequired":true,"valueName":"search_term_string"}}],"inLanguage":"fr-CA"}]}},"_links":{"self":[{"href":"https:\/\/cssst.gouv.qc.ca\/monseigneur-prince\/wp-json\/wp\/v2\/pages\/300","targetHints":{"allow":["GET"]}}],"collection":[{"href":"https:\/\/cssst.gouv.qc.ca\/monseigneur-prince\/wp-json\/wp\/v2\/pages"}],"about":[{"href":"https:\/\/cssst.gouv.qc.ca\/monseigneur-prince\/wp-json\/wp\/v2\/types\/page"}],"author":[{"embeddable":true,"href":"https:\/\/cssst.gouv.qc.ca\/monseigneur-prince\/wp-json\/wp\/v2\/users\/44"}],"replies":[{"embeddable":true,"href":"https:\/\/cssst.gouv.qc.ca\/monseigneur-prince\/wp-json\/wp\/v2\/comments?post=300"}],"version-history":[{"count":0,"href":"https:\/\/cssst.gouv.qc.ca\/monseigneur-prince\/wp-json\/wp\/v2\/pages\/300\/revisions"}],"up":[{"embeddable":true,"href":"https:\/\/cssst.gouv.qc.ca\/monseigneur-prince\/wp-json\/wp\/v2\/pages\/5"}],"wp:attachment":[{"href":"https:\/\/cssst.gouv.qc.ca\/monseigneur-prince\/wp-json\/wp\/v2\/media?parent=300"}],"curies":[{"name":"wp","href":"https:\/\/api.w.org\/{rel}","templated":true}]}}