{"id":636,"date":"2026-01-30T12:59:48","date_gmt":"2026-01-30T17:59:48","guid":{"rendered":"https:\/\/cssst.gouv.qc.ca\/monseigneur-brunault\/?page_id=636"},"modified":"2026-02-18T14:29:33","modified_gmt":"2026-02-18T19:29:33","slug":"revision-dun-resultat","status":"publish","type":"page","link":"https:\/\/cssst.gouv.qc.ca\/monseigneur-brunault\/ecole\/revision-dun-resultat\/","title":{"rendered":"R\u00e9vision d&rsquo;un r\u00e9sultat"},"content":{"rendered":"\n<div class=\"wp-block-group alignfull has-padding-y-large has-tertiary-background-color has-background\"><div class=\"yoast-breadcrumbs alignwide \"><span class=\"breadcrumbs\"><a href=\"https:\/\/cssst.gouv.qc.ca\/monseigneur-brunault\/\" class=\"breadcrumbs__element\">Accueil<\/a> <span class=\"breadcrumbs__separator\">\n        <svg class=\"icon icon-breadcrumb__separator\"><use xlink:href=\"#icon-breadcrumb__separator\"><\/use><\/svg>\n    <\/span> <a href=\"https:\/\/cssst.gouv.qc.ca\/monseigneur-brunault\/ecole\/\" class=\"breadcrumbs__element\">\u00c9cole<\/a> <span class=\"breadcrumbs__separator\">\n        <svg class=\"icon icon-breadcrumb__separator\"><use xlink:href=\"#icon-breadcrumb__separator\"><\/use><\/svg>\n    <\/span> <span class=\"breadcrumbs__element breadcrumbs__element-current\">R\u00e9vision d&rsquo;un r\u00e9sultat<\/span><\/span><\/div><\/div>\n\n\n\n<h1 class=\"wp-block-heading\"><\/h1>\n\n\n\n\n<p class=\"act-lead\"><\/p>\n\n\n\n\n<div class=\"wp-block-file\"><a id=\"wp-block-file--media-1b5125a7-533f-4825-a8ac-2656012fba49\" href=\"https:\/\/cssst.gouv.qc.ca\/monseigneur-brunault\/wp-content\/uploads\/sites\/11\/2026\/01\/Processus-de-revision-dun-resultat.pdf\">Processus de r\u00e9vision d&rsquo;un r\u00e9sultat<\/a><\/div>\n","protected":false},"excerpt":{"rendered":"","protected":false},"author":16,"featured_media":0,"parent":5,"menu_order":10,"comment_status":"closed","ping_status":"closed","template":"","meta":{"_acf_changed":false,"inline_featured_image":false,"footnotes":""},"class_list":["post-636","page","type-page","status-publish","hentry"],"acf":[],"yoast_head":"<!-- This site is optimized with the Yoast SEO plugin v27.4 - https:\/\/yoast.com\/product\/yoast-seo-wordpress\/ -->\n<title>R\u00e9vision d&#039;un r\u00e9sultat - \u00c9cole Monseigneur-Brunault<\/title>\n<meta name=\"robots\" content=\"index, follow, max-snippet:-1, max-image-preview:large, max-video-preview:-1\" \/>\n<link rel=\"canonical\" href=\"https:\/\/cssst.gouv.qc.ca\/monseigneur-brunault\/ecole\/revision-dun-resultat\/\" \/>\n<meta property=\"og:locale\" content=\"fr_CA\" \/>\n<meta property=\"og:type\" content=\"article\" \/>\n<meta property=\"og:title\" content=\"R\u00e9vision d&#039;un r\u00e9sultat - \u00c9cole Monseigneur-Brunault\" \/>\n<meta property=\"og:url\" content=\"https:\/\/cssst.gouv.qc.ca\/monseigneur-brunault\/ecole\/revision-dun-resultat\/\" \/>\n<meta property=\"og:site_name\" content=\"\u00c9cole Monseigneur-Brunault\" \/>\n<meta property=\"article:publisher\" content=\"https:\/\/www.facebook.com\/cssoreltracy\/?locale=fr_CA\" \/>\n<meta property=\"article:modified_time\" content=\"2026-02-18T19:29:33+00:00\" \/>\n<meta name=\"twitter:card\" content=\"summary_large_image\" \/>\n<meta name=\"twitter:label1\" content=\"Estimation du temps de lecture\" \/>\n\t<meta name=\"twitter:data1\" content=\"1 minute\" \/>\n<script type=\"application\/ld+json\" class=\"yoast-schema-graph\">{\"@context\":\"https:\\\/\\\/schema.org\",\"@graph\":[{\"@type\":\"WebPage\",\"@id\":\"https:\\\/\\\/cssst.gouv.qc.ca\\\/monseigneur-brunault\\\/ecole\\\/revision-dun-resultat\\\/\",\"url\":\"https:\\\/\\\/cssst.gouv.qc.ca\\\/monseigneur-brunault\\\/ecole\\\/revision-dun-resultat\\\/\",\"name\":\"R\u00e9vision d'un r\u00e9sultat - \u00c9cole Monseigneur-Brunault\",\"isPartOf\":{\"@id\":\"https:\\\/\\\/cssst.gouv.qc.ca\\\/monseigneur-brunault\\\/#website\"},\"datePublished\":\"2026-01-30T17:59:48+00:00\",\"dateModified\":\"2026-02-18T19:29:33+00:00\",\"breadcrumb\":{\"@id\":\"https:\\\/\\\/cssst.gouv.qc.ca\\\/monseigneur-brunault\\\/ecole\\\/revision-dun-resultat\\\/#breadcrumb\"},\"inLanguage\":\"fr-CA\",\"potentialAction\":[{\"@type\":\"ReadAction\",\"target\":[\"https:\\\/\\\/cssst.gouv.qc.ca\\\/monseigneur-brunault\\\/ecole\\\/revision-dun-resultat\\\/\"]}]},{\"@type\":\"BreadcrumbList\",\"@id\":\"https:\\\/\\\/cssst.gouv.qc.ca\\\/monseigneur-brunault\\\/ecole\\\/revision-dun-resultat\\\/#breadcrumb\",\"itemListElement\":[{\"@type\":\"ListItem\",\"position\":1,\"name\":\"Accueil\",\"item\":\"https:\\\/\\\/cssst.gouv.qc.ca\\\/monseigneur-brunault\\\/\"},{\"@type\":\"ListItem\",\"position\":2,\"name\":\"\u00c9cole\",\"item\":\"https:\\\/\\\/cssst.gouv.qc.ca\\\/monseigneur-brunault\\\/ecole\\\/\"},{\"@type\":\"ListItem\",\"position\":3,\"name\":\"R\u00e9vision d&rsquo;un r\u00e9sultat\"}]},{\"@type\":\"WebSite\",\"@id\":\"https:\\\/\\\/cssst.gouv.qc.ca\\\/monseigneur-brunault\\\/#website\",\"url\":\"https:\\\/\\\/cssst.gouv.qc.ca\\\/monseigneur-brunault\\\/\",\"name\":\"\u00c9cole Monseigneur-Brunault\",\"description\":\"\",\"potentialAction\":[{\"@type\":\"SearchAction\",\"target\":{\"@type\":\"EntryPoint\",\"urlTemplate\":\"https:\\\/\\\/cssst.gouv.qc.ca\\\/monseigneur-brunault\\\/?s={search_term_string}\"},\"query-input\":{\"@type\":\"PropertyValueSpecification\",\"valueRequired\":true,\"valueName\":\"search_term_string\"}}],\"inLanguage\":\"fr-CA\"}]}<\/script>\n<!-- \/ Yoast SEO plugin. -->","yoast_head_json":{"title":"R\u00e9vision d'un r\u00e9sultat - \u00c9cole Monseigneur-Brunault","robots":{"index":"index","follow":"follow","max-snippet":"max-snippet:-1","max-image-preview":"max-image-preview:large","max-video-preview":"max-video-preview:-1"},"canonical":"https:\/\/cssst.gouv.qc.ca\/monseigneur-brunault\/ecole\/revision-dun-resultat\/","og_locale":"fr_CA","og_type":"article","og_title":"R\u00e9vision d'un r\u00e9sultat - \u00c9cole Monseigneur-Brunault","og_url":"https:\/\/cssst.gouv.qc.ca\/monseigneur-brunault\/ecole\/revision-dun-resultat\/","og_site_name":"\u00c9cole Monseigneur-Brunault","article_publisher":"https:\/\/www.facebook.com\/cssoreltracy\/?locale=fr_CA","article_modified_time":"2026-02-18T19:29:33+00:00","twitter_card":"summary_large_image","twitter_misc":{"Estimation du temps de lecture":"1 minute"},"schema":{"@context":"https:\/\/schema.org","@graph":[{"@type":"WebPage","@id":"https:\/\/cssst.gouv.qc.ca\/monseigneur-brunault\/ecole\/revision-dun-resultat\/","url":"https:\/\/cssst.gouv.qc.ca\/monseigneur-brunault\/ecole\/revision-dun-resultat\/","name":"R\u00e9vision d'un r\u00e9sultat - \u00c9cole Monseigneur-Brunault","isPartOf":{"@id":"https:\/\/cssst.gouv.qc.ca\/monseigneur-brunault\/#website"},"datePublished":"2026-01-30T17:59:48+00:00","dateModified":"2026-02-18T19:29:33+00:00","breadcrumb":{"@id":"https:\/\/cssst.gouv.qc.ca\/monseigneur-brunault\/ecole\/revision-dun-resultat\/#breadcrumb"},"inLanguage":"fr-CA","potentialAction":[{"@type":"ReadAction","target":["https:\/\/cssst.gouv.qc.ca\/monseigneur-brunault\/ecole\/revision-dun-resultat\/"]}]},{"@type":"BreadcrumbList","@id":"https:\/\/cssst.gouv.qc.ca\/monseigneur-brunault\/ecole\/revision-dun-resultat\/#breadcrumb","itemListElement":[{"@type":"ListItem","position":1,"name":"Accueil","item":"https:\/\/cssst.gouv.qc.ca\/monseigneur-brunault\/"},{"@type":"ListItem","position":2,"name":"\u00c9cole","item":"https:\/\/cssst.gouv.qc.ca\/monseigneur-brunault\/ecole\/"},{"@type":"ListItem","position":3,"name":"R\u00e9vision d&rsquo;un r\u00e9sultat"}]},{"@type":"WebSite","@id":"https:\/\/cssst.gouv.qc.ca\/monseigneur-brunault\/#website","url":"https:\/\/cssst.gouv.qc.ca\/monseigneur-brunault\/","name":"\u00c9cole Monseigneur-Brunault","description":"","potentialAction":[{"@type":"SearchAction","target":{"@type":"EntryPoint","urlTemplate":"https:\/\/cssst.gouv.qc.ca\/monseigneur-brunault\/?s={search_term_string}"},"query-input":{"@type":"PropertyValueSpecification","valueRequired":true,"valueName":"search_term_string"}}],"inLanguage":"fr-CA"}]}},"_links":{"self":[{"href":"https:\/\/cssst.gouv.qc.ca\/monseigneur-brunault\/wp-json\/wp\/v2\/pages\/636","targetHints":{"allow":["GET"]}}],"collection":[{"href":"https:\/\/cssst.gouv.qc.ca\/monseigneur-brunault\/wp-json\/wp\/v2\/pages"}],"about":[{"href":"https:\/\/cssst.gouv.qc.ca\/monseigneur-brunault\/wp-json\/wp\/v2\/types\/page"}],"author":[{"embeddable":true,"href":"https:\/\/cssst.gouv.qc.ca\/monseigneur-brunault\/wp-json\/wp\/v2\/users\/16"}],"replies":[{"embeddable":true,"href":"https:\/\/cssst.gouv.qc.ca\/monseigneur-brunault\/wp-json\/wp\/v2\/comments?post=636"}],"version-history":[{"count":0,"href":"https:\/\/cssst.gouv.qc.ca\/monseigneur-brunault\/wp-json\/wp\/v2\/pages\/636\/revisions"}],"up":[{"embeddable":true,"href":"https:\/\/cssst.gouv.qc.ca\/monseigneur-brunault\/wp-json\/wp\/v2\/pages\/5"}],"wp:attachment":[{"href":"https:\/\/cssst.gouv.qc.ca\/monseigneur-brunault\/wp-json\/wp\/v2\/media?parent=636"}],"curies":[{"name":"wp","href":"https:\/\/api.w.org\/{rel}","templated":true}]}}