{"id":633,"date":"2026-01-30T12:56:25","date_gmt":"2026-01-30T17:56:25","guid":{"rendered":"https:\/\/cssst.gouv.qc.ca\/monseigneur-brunault\/?page_id=633"},"modified":"2026-02-18T14:43:01","modified_gmt":"2026-02-18T19:43:01","slug":"opp-organisme-de-participation-des-parents","status":"publish","type":"page","link":"https:\/\/cssst.gouv.qc.ca\/monseigneur-brunault\/opp-organisme-de-participation-des-parents\/","title":{"rendered":"Organisme de Participation des Parents (OPP)"},"content":{"rendered":"\n<div class=\"wp-block-group alignfull has-padding-y-large has-tertiary-background-color has-background\"><div class=\"yoast-breadcrumbs alignwide \"><span class=\"breadcrumbs\"><a href=\"https:\/\/cssst.gouv.qc.ca\/monseigneur-brunault\/\" class=\"breadcrumbs__element\">Accueil<\/a> <span class=\"breadcrumbs__separator\">\n        <svg class=\"icon icon-breadcrumb__separator\"><use xlink:href=\"#icon-breadcrumb__separator\"><\/use><\/svg>\n    <\/span> <span class=\"breadcrumbs__element breadcrumbs__element-current\">Organisme de Participation des Parents (OPP)<\/span><\/span><\/div><\/div>\n\n\n\n<h4 class=\"wp-block-heading\">Membres parents de l&rsquo;OPP<\/h4>\n\n\n\n<ul class=\"wp-block-list\">\n<li>Audrey Ethier<\/li>\n\n\n\n<li>Cristian Andone<\/li>\n\n\n\n<li>Sarah-\u00c8ve Cloutier<\/li>\n\n\n\n<li>St\u00e9phanie Langlois<\/li>\n\n\n\n<li>V\u00e9ronique H\u00e9bert<\/li>\n<\/ul>\n\n\n\n<p>L&rsquo;<a href=\"https:\/\/www.google.com\/search?q=Organisme+de+participation+des+parents&amp;rlz=1C1GCEA_enCA1201CA1201&amp;oq=opp+de+l%27%C3%A9cole&amp;gs_lcrp=EgZjaHJvbWUyBggAEEUYOTIICAEQABgWGB4yCAgCEAAYFhgeMgoIAxAAGKIEGIkFMgcIBBAAGO8F0gEINTg4NGowajeoAgCwAgA&amp;sourceid=chrome&amp;ie=UTF-8&amp;ved=2ahUKEwiQ5oir5eOSAxU7ElkFHYvQHl4QgK4QegYIAQgAEAM\">Organisme de participation des parents<\/a>\u00a0(OPP)\u00a0est un groupe de parents b\u00e9n\u00e9voles engag\u00e9s dans la vie scolaire pour soutenir la r\u00e9ussite des \u00e9l\u00e8ves. Il collabore avec la direction pour organiser des activit\u00e9s, des f\u00eates et des campagnes de financement, servant de lien entre les parents et le conseil d&rsquo;\u00e9tablissement.\u00a0<\/p>\n\n\n\n<p><\/p>\n\n\n\n\n<p class=\"act-lead\"><\/p>\n\n","protected":false},"excerpt":{"rendered":"<p>Membres parents de l&rsquo;OPP L&rsquo;Organisme de participation des parents\u00a0(OPP)\u00a0est un groupe de parents b\u00e9n\u00e9voles engag\u00e9s dans la vie scolaire pour soutenir la r\u00e9ussite des \u00e9l\u00e8ves. Il collabore avec la direction pour organiser des activit\u00e9s, des f\u00eates et des campagnes de financement, servant de lien entre les parents et le conseil d&rsquo;\u00e9tablissement.\u00a0<\/p>\n","protected":false},"author":16,"featured_media":0,"parent":0,"menu_order":0,"comment_status":"closed","ping_status":"closed","template":"","meta":{"_acf_changed":false,"inline_featured_image":false,"footnotes":""},"class_list":["post-633","page","type-page","status-publish","hentry"],"acf":[],"yoast_head":"<!-- This site is optimized with the Yoast SEO plugin v27.4 - https:\/\/yoast.com\/product\/yoast-seo-wordpress\/ -->\n<title>Organisme de Participation des Parents (OPP) - \u00c9cole Monseigneur-Brunault<\/title>\n<meta name=\"robots\" content=\"index, follow, max-snippet:-1, max-image-preview:large, max-video-preview:-1\" \/>\n<link rel=\"canonical\" href=\"https:\/\/cssst.gouv.qc.ca\/monseigneur-brunault\/opp-organisme-de-participation-des-parents\/\" \/>\n<meta property=\"og:locale\" content=\"fr_CA\" \/>\n<meta property=\"og:type\" content=\"article\" \/>\n<meta property=\"og:title\" content=\"Organisme de Participation des Parents (OPP) - \u00c9cole Monseigneur-Brunault\" \/>\n<meta property=\"og:description\" content=\"Membres parents de l&rsquo;OPP L&rsquo;Organisme de participation des parents\u00a0(OPP)\u00a0est un groupe de parents b\u00e9n\u00e9voles engag\u00e9s dans la vie scolaire pour soutenir la r\u00e9ussite des \u00e9l\u00e8ves. Il collabore avec la direction pour organiser des activit\u00e9s, des f\u00eates et des campagnes de financement, servant de lien entre les parents et le conseil d&rsquo;\u00e9tablissement.\u00a0\" \/>\n<meta property=\"og:url\" content=\"https:\/\/cssst.gouv.qc.ca\/monseigneur-brunault\/opp-organisme-de-participation-des-parents\/\" \/>\n<meta property=\"og:site_name\" content=\"\u00c9cole Monseigneur-Brunault\" \/>\n<meta property=\"article:publisher\" content=\"https:\/\/www.facebook.com\/cssoreltracy\/?locale=fr_CA\" \/>\n<meta property=\"article:modified_time\" content=\"2026-02-18T19:43:01+00:00\" \/>\n<meta name=\"twitter:card\" content=\"summary_large_image\" \/>\n<meta name=\"twitter:label1\" content=\"Estimation du temps de lecture\" \/>\n\t<meta name=\"twitter:data1\" content=\"1 minute\" \/>\n<script type=\"application\/ld+json\" class=\"yoast-schema-graph\">{\"@context\":\"https:\\\/\\\/schema.org\",\"@graph\":[{\"@type\":\"WebPage\",\"@id\":\"https:\\\/\\\/cssst.gouv.qc.ca\\\/monseigneur-brunault\\\/opp-organisme-de-participation-des-parents\\\/\",\"url\":\"https:\\\/\\\/cssst.gouv.qc.ca\\\/monseigneur-brunault\\\/opp-organisme-de-participation-des-parents\\\/\",\"name\":\"Organisme de Participation des Parents (OPP) - \u00c9cole Monseigneur-Brunault\",\"isPartOf\":{\"@id\":\"https:\\\/\\\/cssst.gouv.qc.ca\\\/monseigneur-brunault\\\/#website\"},\"datePublished\":\"2026-01-30T17:56:25+00:00\",\"dateModified\":\"2026-02-18T19:43:01+00:00\",\"breadcrumb\":{\"@id\":\"https:\\\/\\\/cssst.gouv.qc.ca\\\/monseigneur-brunault\\\/opp-organisme-de-participation-des-parents\\\/#breadcrumb\"},\"inLanguage\":\"fr-CA\",\"potentialAction\":[{\"@type\":\"ReadAction\",\"target\":[\"https:\\\/\\\/cssst.gouv.qc.ca\\\/monseigneur-brunault\\\/opp-organisme-de-participation-des-parents\\\/\"]}]},{\"@type\":\"BreadcrumbList\",\"@id\":\"https:\\\/\\\/cssst.gouv.qc.ca\\\/monseigneur-brunault\\\/opp-organisme-de-participation-des-parents\\\/#breadcrumb\",\"itemListElement\":[{\"@type\":\"ListItem\",\"position\":1,\"name\":\"Accueil\",\"item\":\"https:\\\/\\\/cssst.gouv.qc.ca\\\/monseigneur-brunault\\\/\"},{\"@type\":\"ListItem\",\"position\":2,\"name\":\"Organisme de Participation des Parents (OPP)\"}]},{\"@type\":\"WebSite\",\"@id\":\"https:\\\/\\\/cssst.gouv.qc.ca\\\/monseigneur-brunault\\\/#website\",\"url\":\"https:\\\/\\\/cssst.gouv.qc.ca\\\/monseigneur-brunault\\\/\",\"name\":\"\u00c9cole Monseigneur-Brunault\",\"description\":\"\",\"potentialAction\":[{\"@type\":\"SearchAction\",\"target\":{\"@type\":\"EntryPoint\",\"urlTemplate\":\"https:\\\/\\\/cssst.gouv.qc.ca\\\/monseigneur-brunault\\\/?s={search_term_string}\"},\"query-input\":{\"@type\":\"PropertyValueSpecification\",\"valueRequired\":true,\"valueName\":\"search_term_string\"}}],\"inLanguage\":\"fr-CA\"}]}<\/script>\n<!-- \/ Yoast SEO plugin. -->","yoast_head_json":{"title":"Organisme de Participation des Parents (OPP) - \u00c9cole Monseigneur-Brunault","robots":{"index":"index","follow":"follow","max-snippet":"max-snippet:-1","max-image-preview":"max-image-preview:large","max-video-preview":"max-video-preview:-1"},"canonical":"https:\/\/cssst.gouv.qc.ca\/monseigneur-brunault\/opp-organisme-de-participation-des-parents\/","og_locale":"fr_CA","og_type":"article","og_title":"Organisme de Participation des Parents (OPP) - \u00c9cole Monseigneur-Brunault","og_description":"Membres parents de l&rsquo;OPP L&rsquo;Organisme de participation des parents\u00a0(OPP)\u00a0est un groupe de parents b\u00e9n\u00e9voles engag\u00e9s dans la vie scolaire pour soutenir la r\u00e9ussite des \u00e9l\u00e8ves. Il collabore avec la direction pour organiser des activit\u00e9s, des f\u00eates et des campagnes de financement, servant de lien entre les parents et le conseil d&rsquo;\u00e9tablissement.\u00a0","og_url":"https:\/\/cssst.gouv.qc.ca\/monseigneur-brunault\/opp-organisme-de-participation-des-parents\/","og_site_name":"\u00c9cole Monseigneur-Brunault","article_publisher":"https:\/\/www.facebook.com\/cssoreltracy\/?locale=fr_CA","article_modified_time":"2026-02-18T19:43:01+00:00","twitter_card":"summary_large_image","twitter_misc":{"Estimation du temps de lecture":"1 minute"},"schema":{"@context":"https:\/\/schema.org","@graph":[{"@type":"WebPage","@id":"https:\/\/cssst.gouv.qc.ca\/monseigneur-brunault\/opp-organisme-de-participation-des-parents\/","url":"https:\/\/cssst.gouv.qc.ca\/monseigneur-brunault\/opp-organisme-de-participation-des-parents\/","name":"Organisme de Participation des Parents (OPP) - \u00c9cole Monseigneur-Brunault","isPartOf":{"@id":"https:\/\/cssst.gouv.qc.ca\/monseigneur-brunault\/#website"},"datePublished":"2026-01-30T17:56:25+00:00","dateModified":"2026-02-18T19:43:01+00:00","breadcrumb":{"@id":"https:\/\/cssst.gouv.qc.ca\/monseigneur-brunault\/opp-organisme-de-participation-des-parents\/#breadcrumb"},"inLanguage":"fr-CA","potentialAction":[{"@type":"ReadAction","target":["https:\/\/cssst.gouv.qc.ca\/monseigneur-brunault\/opp-organisme-de-participation-des-parents\/"]}]},{"@type":"BreadcrumbList","@id":"https:\/\/cssst.gouv.qc.ca\/monseigneur-brunault\/opp-organisme-de-participation-des-parents\/#breadcrumb","itemListElement":[{"@type":"ListItem","position":1,"name":"Accueil","item":"https:\/\/cssst.gouv.qc.ca\/monseigneur-brunault\/"},{"@type":"ListItem","position":2,"name":"Organisme de Participation des Parents (OPP)"}]},{"@type":"WebSite","@id":"https:\/\/cssst.gouv.qc.ca\/monseigneur-brunault\/#website","url":"https:\/\/cssst.gouv.qc.ca\/monseigneur-brunault\/","name":"\u00c9cole Monseigneur-Brunault","description":"","potentialAction":[{"@type":"SearchAction","target":{"@type":"EntryPoint","urlTemplate":"https:\/\/cssst.gouv.qc.ca\/monseigneur-brunault\/?s={search_term_string}"},"query-input":{"@type":"PropertyValueSpecification","valueRequired":true,"valueName":"search_term_string"}}],"inLanguage":"fr-CA"}]}},"_links":{"self":[{"href":"https:\/\/cssst.gouv.qc.ca\/monseigneur-brunault\/wp-json\/wp\/v2\/pages\/633","targetHints":{"allow":["GET"]}}],"collection":[{"href":"https:\/\/cssst.gouv.qc.ca\/monseigneur-brunault\/wp-json\/wp\/v2\/pages"}],"about":[{"href":"https:\/\/cssst.gouv.qc.ca\/monseigneur-brunault\/wp-json\/wp\/v2\/types\/page"}],"author":[{"embeddable":true,"href":"https:\/\/cssst.gouv.qc.ca\/monseigneur-brunault\/wp-json\/wp\/v2\/users\/16"}],"replies":[{"embeddable":true,"href":"https:\/\/cssst.gouv.qc.ca\/monseigneur-brunault\/wp-json\/wp\/v2\/comments?post=633"}],"version-history":[{"count":0,"href":"https:\/\/cssst.gouv.qc.ca\/monseigneur-brunault\/wp-json\/wp\/v2\/pages\/633\/revisions"}],"wp:attachment":[{"href":"https:\/\/cssst.gouv.qc.ca\/monseigneur-brunault\/wp-json\/wp\/v2\/media?parent=633"}],"curies":[{"name":"wp","href":"https:\/\/api.w.org\/{rel}","templated":true}]}}