{"id":4,"date":"2023-02-02T09:37:05","date_gmt":"2023-02-02T14:37:05","guid":{"rendered":"https:\/\/cssst.gouv.qc.ca\/monseigneur-brunault\/accueil\/"},"modified":"2025-02-10T13:07:54","modified_gmt":"2025-02-10T18:07:54","slug":"accueil","status":"publish","type":"page","link":"https:\/\/cssst.gouv.qc.ca\/monseigneur-brunault\/","title":{"rendered":"\u00c9cole Monseigneur-Brunault"},"content":{"rendered":"\n<div class=\"wp-block-cover alignfull\" style=\"min-height:646px;aspect-ratio:unset;\"><span aria-hidden=\"true\" class=\"wp-block-cover__background has-background-dim\" style=\"background-color:#70717f\"><\/span><img decoding=\"async\" class=\"wp-block-cover__image-background wp-image-287\" alt=\"\" src=\"http:\/\/cssst.gouv.qc.ca\/monseigneur-brunault\/wp-content\/uploads\/sites\/11\/2025\/02\/Banniere-MGR1.png\" data-object-fit=\"cover\" \/><div class=\"wp-block-cover__inner-container\">\n<p class=\"has-large-font-size\">\u00c9cole Monseigneur-Brunault<\/p>\n<\/div><\/div>\n\n\n\n<div class=\"wp-block-group alignfull is-style-subsite-home-news has-tertiary-background-color has-background\">\n<div class=\"wp-block-group alignwide\">\n<h2 class=\"wp-block-heading\">Actualit\u00e9s<\/h2>\n\n\n\n<div class=\"wp-block-buttons\">\n<div class=\"wp-block-button is-style-text is-home-actualites\"><a class=\"wp-block-button__link wp-element-button\" href=\"https:\/\/cssst.gouv.qc.ca\/monseigneur-brunault\/actualites\/\">Voir toutes les actualit\u00e9s<img decoding=\"async\" class=\"wp-image-402\" style=\"width: 17px\" src=\"https:\/\/cssst.gouv.qc.ca\/wp-content\/uploads\/2022\/09\/short_right.svg\" alt=\"\"><\/a><\/div>\n<\/div>\n<\/div>\n\n\n<div class=\" alignwide alignwide wp-block-acf-archive-listing\" id=\"testimonial-block_f6f07e796a93894e270c083be3f9fcd0\">\n    <\/div>\n<\/div>\n\n\n\n<div class=\"wp-block-group alignfull is-style-bg-gradient\">\n<div class=\"wp-block-group alignwide\">\n<div class=\"wp-block-group alignwide\">\n<div class=\"wp-block-columns is-style-dates-and-calendar\">\n<div class=\"wp-block-column is-style-dates-list\">\n<h2 class=\"wp-block-heading\">Calendrier<\/h2>\n<\/div>\n<\/div>\n\n\n\n<div class=\"wp-block-columns alignwide is-style-home-calendar is-style-dates-and-calendar\">\n<div class=\"wp-block-column is-style-dates-list\">\n<div class=\"wp-block-group\">\n<h3 class=\"wp-block-heading\">\u00c0 surveiller<\/h3>\n\n\n<div class=\"align wp-block-acf-act-date-list\" id=\"testimonial-\"><div class=\"wp-block-group\"><\/div><\/div>\n\n\n<p><a href=\"https:\/\/cssst.gouv.qc.ca\/monseigneur-brunault\/evenements\/\">Voir tous les \u00e9v\u00e9nements<\/a><\/p>\n<\/div>\n<\/div>\n\n\n\n<div class=\"wp-block-column is-style-calendar\">\n<div class=\"wp-block-group\"><div class=\"act-post-calendar\">\n    \n<\/div>\n<script>\n    var actPostCalendarPopups = {\n            }\n    var actPostCalendarMonths = [\n        'Janvier', \n        'F\u00e9vrier', \n        'Mars', \n        'Avril', \n        'Mai', \n        'Juin', \n        'Juillet',\n        'Ao\u00fbt', \n        'Septembre', \n        'Octobre', \n        'Novembre', \n        'D\u00e9cembre'\n    ]\n    var actPostCalendarWeekdays = ['D', 'L', 'M', 'M', 'J', 'V', 'S'];\n<\/script>\n\n\n\n<div class=\"wp-block-buttons\">\n<div class=\"wp-block-button\"><a class=\"wp-block-button__link wp-element-button\">T\u00e9l\u00e9charger le calendrier <img decoding=\"async\" class=\"wp-image-122\" style=\"width: 24px\" src=\"http:\/\/cssst.gouv.qc.ca\/ecoles-secondaires\/wp-content\/uploads\/sites\/4\/2023\/02\/Download.svg\" alt=\"\"><\/a><\/div>\n<\/div>\n<\/div>\n<\/div>\n<\/div>\n<\/div>\n<\/div>\n<\/div>\n\n\n\n<figure class=\"wp-block-image aligncenter size-full is-resized\"><img loading=\"lazy\" decoding=\"async\" width=\"500\" height=\"237\" src=\"http:\/\/cssst.gouv.qc.ca\/monseigneur-brunault\/wp-content\/uploads\/sites\/11\/2025\/01\/ImgEcoleMgrBrunault.png\" alt=\"\" class=\"wp-image-231\" style=\"width:652px;height:auto\" srcset=\"https:\/\/cssst.gouv.qc.ca\/monseigneur-brunault\/wp-content\/uploads\/sites\/11\/2025\/01\/ImgEcoleMgrBrunault.png 500w, https:\/\/cssst.gouv.qc.ca\/monseigneur-brunault\/wp-content\/uploads\/sites\/11\/2025\/01\/ImgEcoleMgrBrunault-300x142.png 300w\" sizes=\"auto, (max-width: 500px) 100vw, 500px\" \/><\/figure>\n\n\n\n<div class=\"wp-block-buttons\">\n<div class=\"wp-block-button has-custom-width wp-block-button__width-100 is-style-fill\"><a class=\"wp-block-button__link wp-element-button\" href=\"https:\/\/cssst.gouv.qc.ca\/publications\/plaintes\/\" style=\"border-radius:100px;box-shadow:var(--wp--preset--shadow--natural)\">Traitement des plaintes et protecteur de l&rsquo;\u00e9l\u00e8ve<\/a><\/div>\n<\/div>\n","protected":false},"excerpt":{"rendered":"<p>Actualit\u00e9s Calendrier \u00c0 surveiller Voir tous les \u00e9v\u00e9nements<\/p>\n","protected":false},"author":1,"featured_media":0,"parent":0,"menu_order":0,"comment_status":"closed","ping_status":"closed","template":"","meta":{"_acf_changed":false,"inline_featured_image":false,"footnotes":""},"class_list":["post-4","page","type-page","status-publish","hentry"],"acf":[],"yoast_head":"<!-- This site is optimized with the Yoast SEO plugin v27.5 - https:\/\/yoast.com\/product\/yoast-seo-wordpress\/ -->\n<title>\u00c9cole Monseigneur-Brunault - \u00c9cole Monseigneur-Brunault<\/title>\n<meta name=\"robots\" content=\"index, follow, max-snippet:-1, max-image-preview:large, max-video-preview:-1\" \/>\n<link rel=\"canonical\" href=\"https:\/\/cssst.gouv.qc.ca\/monseigneur-brunault\/\" \/>\n<meta property=\"og:locale\" content=\"fr_CA\" \/>\n<meta property=\"og:type\" content=\"article\" \/>\n<meta property=\"og:title\" content=\"\u00c9cole Monseigneur-Brunault - \u00c9cole Monseigneur-Brunault\" \/>\n<meta property=\"og:description\" content=\"Actualit\u00e9s Calendrier \u00c0 surveiller Voir tous les \u00e9v\u00e9nements\" \/>\n<meta property=\"og:url\" content=\"https:\/\/cssst.gouv.qc.ca\/monseigneur-brunault\/\" \/>\n<meta property=\"og:site_name\" content=\"\u00c9cole Monseigneur-Brunault\" \/>\n<meta property=\"article:publisher\" content=\"https:\/\/www.facebook.com\/cssoreltracy\/?locale=fr_CA\" \/>\n<meta property=\"article:modified_time\" content=\"2025-02-10T18:07:54+00:00\" \/>\n<meta name=\"twitter:card\" content=\"summary_large_image\" \/>\n<meta name=\"twitter:label1\" content=\"Estimation du temps de lecture\" \/>\n\t<meta name=\"twitter:data1\" content=\"1 minute\" \/>\n<script type=\"application\/ld+json\" class=\"yoast-schema-graph\">{\"@context\":\"https:\\\/\\\/schema.org\",\"@graph\":[{\"@type\":\"WebPage\",\"@id\":\"https:\\\/\\\/cssst.gouv.qc.ca\\\/monseigneur-brunault\\\/\",\"url\":\"https:\\\/\\\/cssst.gouv.qc.ca\\\/monseigneur-brunault\\\/\",\"name\":\"\u00c9cole Monseigneur-Brunault - \u00c9cole Monseigneur-Brunault\",\"isPartOf\":{\"@id\":\"https:\\\/\\\/cssst.gouv.qc.ca\\\/monseigneur-brunault\\\/#website\"},\"primaryImageOfPage\":{\"@id\":\"https:\\\/\\\/cssst.gouv.qc.ca\\\/monseigneur-brunault\\\/#primaryimage\"},\"image\":{\"@id\":\"https:\\\/\\\/cssst.gouv.qc.ca\\\/monseigneur-brunault\\\/#primaryimage\"},\"thumbnailUrl\":\"http:\\\/\\\/cssst.gouv.qc.ca\\\/monseigneur-brunault\\\/wp-content\\\/uploads\\\/sites\\\/11\\\/2025\\\/02\\\/Banniere-MGR1.png\",\"datePublished\":\"2023-02-02T14:37:05+00:00\",\"dateModified\":\"2025-02-10T18:07:54+00:00\",\"breadcrumb\":{\"@id\":\"https:\\\/\\\/cssst.gouv.qc.ca\\\/monseigneur-brunault\\\/#breadcrumb\"},\"inLanguage\":\"fr-CA\",\"potentialAction\":[{\"@type\":\"ReadAction\",\"target\":[\"https:\\\/\\\/cssst.gouv.qc.ca\\\/monseigneur-brunault\\\/\"]}]},{\"@type\":\"ImageObject\",\"inLanguage\":\"fr-CA\",\"@id\":\"https:\\\/\\\/cssst.gouv.qc.ca\\\/monseigneur-brunault\\\/#primaryimage\",\"url\":\"\",\"contentUrl\":\"\"},{\"@type\":\"BreadcrumbList\",\"@id\":\"https:\\\/\\\/cssst.gouv.qc.ca\\\/monseigneur-brunault\\\/#breadcrumb\",\"itemListElement\":[{\"@type\":\"ListItem\",\"position\":1,\"name\":\"Accueil\",\"item\":\"https:\\\/\\\/cssst.gouv.qc.ca\\\/monseigneur-brunault\\\/\"},{\"@type\":\"ListItem\",\"position\":2,\"name\":\"\u00c9cole Monseigneur-Brunault\"}]},{\"@type\":\"WebSite\",\"@id\":\"https:\\\/\\\/cssst.gouv.qc.ca\\\/monseigneur-brunault\\\/#website\",\"url\":\"https:\\\/\\\/cssst.gouv.qc.ca\\\/monseigneur-brunault\\\/\",\"name\":\"\u00c9cole Monseigneur-Brunault\",\"description\":\"\",\"potentialAction\":[{\"@type\":\"SearchAction\",\"target\":{\"@type\":\"EntryPoint\",\"urlTemplate\":\"https:\\\/\\\/cssst.gouv.qc.ca\\\/monseigneur-brunault\\\/?s={search_term_string}\"},\"query-input\":{\"@type\":\"PropertyValueSpecification\",\"valueRequired\":true,\"valueName\":\"search_term_string\"}}],\"inLanguage\":\"fr-CA\"}]}<\/script>\n<!-- \/ Yoast SEO plugin. -->","yoast_head_json":{"title":"\u00c9cole Monseigneur-Brunault - \u00c9cole Monseigneur-Brunault","robots":{"index":"index","follow":"follow","max-snippet":"max-snippet:-1","max-image-preview":"max-image-preview:large","max-video-preview":"max-video-preview:-1"},"canonical":"https:\/\/cssst.gouv.qc.ca\/monseigneur-brunault\/","og_locale":"fr_CA","og_type":"article","og_title":"\u00c9cole Monseigneur-Brunault - \u00c9cole Monseigneur-Brunault","og_description":"Actualit\u00e9s Calendrier \u00c0 surveiller Voir tous les \u00e9v\u00e9nements","og_url":"https:\/\/cssst.gouv.qc.ca\/monseigneur-brunault\/","og_site_name":"\u00c9cole Monseigneur-Brunault","article_publisher":"https:\/\/www.facebook.com\/cssoreltracy\/?locale=fr_CA","article_modified_time":"2025-02-10T18:07:54+00:00","twitter_card":"summary_large_image","twitter_misc":{"Estimation du temps de lecture":"1 minute"},"schema":{"@context":"https:\/\/schema.org","@graph":[{"@type":"WebPage","@id":"https:\/\/cssst.gouv.qc.ca\/monseigneur-brunault\/","url":"https:\/\/cssst.gouv.qc.ca\/monseigneur-brunault\/","name":"\u00c9cole Monseigneur-Brunault - \u00c9cole Monseigneur-Brunault","isPartOf":{"@id":"https:\/\/cssst.gouv.qc.ca\/monseigneur-brunault\/#website"},"primaryImageOfPage":{"@id":"https:\/\/cssst.gouv.qc.ca\/monseigneur-brunault\/#primaryimage"},"image":{"@id":"https:\/\/cssst.gouv.qc.ca\/monseigneur-brunault\/#primaryimage"},"thumbnailUrl":"http:\/\/cssst.gouv.qc.ca\/monseigneur-brunault\/wp-content\/uploads\/sites\/11\/2025\/02\/Banniere-MGR1.png","datePublished":"2023-02-02T14:37:05+00:00","dateModified":"2025-02-10T18:07:54+00:00","breadcrumb":{"@id":"https:\/\/cssst.gouv.qc.ca\/monseigneur-brunault\/#breadcrumb"},"inLanguage":"fr-CA","potentialAction":[{"@type":"ReadAction","target":["https:\/\/cssst.gouv.qc.ca\/monseigneur-brunault\/"]}]},{"@type":"ImageObject","inLanguage":"fr-CA","@id":"https:\/\/cssst.gouv.qc.ca\/monseigneur-brunault\/#primaryimage","url":"","contentUrl":""},{"@type":"BreadcrumbList","@id":"https:\/\/cssst.gouv.qc.ca\/monseigneur-brunault\/#breadcrumb","itemListElement":[{"@type":"ListItem","position":1,"name":"Accueil","item":"https:\/\/cssst.gouv.qc.ca\/monseigneur-brunault\/"},{"@type":"ListItem","position":2,"name":"\u00c9cole Monseigneur-Brunault"}]},{"@type":"WebSite","@id":"https:\/\/cssst.gouv.qc.ca\/monseigneur-brunault\/#website","url":"https:\/\/cssst.gouv.qc.ca\/monseigneur-brunault\/","name":"\u00c9cole Monseigneur-Brunault","description":"","potentialAction":[{"@type":"SearchAction","target":{"@type":"EntryPoint","urlTemplate":"https:\/\/cssst.gouv.qc.ca\/monseigneur-brunault\/?s={search_term_string}"},"query-input":{"@type":"PropertyValueSpecification","valueRequired":true,"valueName":"search_term_string"}}],"inLanguage":"fr-CA"}]}},"_links":{"self":[{"href":"https:\/\/cssst.gouv.qc.ca\/monseigneur-brunault\/wp-json\/wp\/v2\/pages\/4","targetHints":{"allow":["GET"]}}],"collection":[{"href":"https:\/\/cssst.gouv.qc.ca\/monseigneur-brunault\/wp-json\/wp\/v2\/pages"}],"about":[{"href":"https:\/\/cssst.gouv.qc.ca\/monseigneur-brunault\/wp-json\/wp\/v2\/types\/page"}],"author":[{"embeddable":true,"href":"https:\/\/cssst.gouv.qc.ca\/monseigneur-brunault\/wp-json\/wp\/v2\/users\/1"}],"replies":[{"embeddable":true,"href":"https:\/\/cssst.gouv.qc.ca\/monseigneur-brunault\/wp-json\/wp\/v2\/comments?post=4"}],"version-history":[{"count":0,"href":"https:\/\/cssst.gouv.qc.ca\/monseigneur-brunault\/wp-json\/wp\/v2\/pages\/4\/revisions"}],"wp:attachment":[{"href":"https:\/\/cssst.gouv.qc.ca\/monseigneur-brunault\/wp-json\/wp\/v2\/media?parent=4"}],"curies":[{"name":"wp","href":"https:\/\/api.w.org\/{rel}","templated":true}]}}