{"id":171,"date":"2025-01-18T11:58:03","date_gmt":"2025-01-18T16:58:03","guid":{"rendered":"https:\/\/cssst.gouv.qc.ca\/monseigneur-brunault\/?page_id=171"},"modified":"2026-02-18T15:03:18","modified_gmt":"2026-02-18T20:03:18","slug":"transport-scolaire","status":"publish","type":"page","link":"https:\/\/cssst.gouv.qc.ca\/monseigneur-brunault\/transport-scolaire\/","title":{"rendered":"Transport scolaire"},"content":{"rendered":"\n\n<p class=\"act-lead\"><\/p>\n\n\n\n\n<p><strong>Pour une plainte ou une demande d&rsquo;informations concernant le transport scolaire, veuillez contacter le service du transport scolaire.<\/strong><\/p>\n\n\n\n<p><strong>Num\u00e9ro de t\u00e9l\u00e9phone:<\/strong> 450-746-3990, poste 6076<\/p>\n\n\n\n<p><strong>Adresse courriel:<\/strong> <a href=\"mailto:transport@csst.gouv.qc.ca\">transport@csst.gouv.qc.ca<\/a><\/p>\n\n\n\n<h2 class=\"wp-block-heading\">R\u00e8glements<\/h2>\n\n\n\n<div class=\"wp-block-file\"><a id=\"wp-block-file--media-de74691c-4fd8-4300-ab9f-7c5c71d40106\" href=\"http:\/\/cssst.gouv.qc.ca\/monseigneur-brunault\/wp-content\/uploads\/sites\/11\/2025\/01\/Transport_scolaire_ReglementsV21.pdf\">Transport_scolaire_ReglementsV21<\/a><\/div>\n\n\n\n<p><\/p>\n\n\n\n<figure class=\"wp-block-image size-full\"><img loading=\"lazy\" decoding=\"async\" width=\"960\" height=\"720\" src=\"https:\/\/cssst.gouv.qc.ca\/monseigneur-brunault\/wp-content\/uploads\/sites\/11\/2025\/03\/Diapositive1.png\" alt=\"\" class=\"wp-image-347\" srcset=\"https:\/\/cssst.gouv.qc.ca\/monseigneur-brunault\/wp-content\/uploads\/sites\/11\/2025\/03\/Diapositive1.png 960w, https:\/\/cssst.gouv.qc.ca\/monseigneur-brunault\/wp-content\/uploads\/sites\/11\/2025\/03\/Diapositive1-300x225.png 300w, https:\/\/cssst.gouv.qc.ca\/monseigneur-brunault\/wp-content\/uploads\/sites\/11\/2025\/03\/Diapositive1-768x576.png 768w\" sizes=\"auto, (max-width: 960px) 100vw, 960px\" \/><\/figure>\n","protected":false},"excerpt":{"rendered":"<p>Pour une plainte ou une demande d&rsquo;informations concernant le transport scolaire, veuillez contacter le service du transport scolaire. Num\u00e9ro de t\u00e9l\u00e9phone: 450-746-3990, poste 6076 Adresse courriel: transport@csst.gouv.qc.ca R\u00e8glements<\/p>\n","protected":false},"author":49,"featured_media":0,"parent":0,"menu_order":3,"comment_status":"closed","ping_status":"closed","template":"","meta":{"_acf_changed":false,"inline_featured_image":false,"footnotes":""},"class_list":["post-171","page","type-page","status-publish","hentry"],"acf":[],"yoast_head":"<!-- This site is optimized with the Yoast SEO plugin v27.4 - https:\/\/yoast.com\/product\/yoast-seo-wordpress\/ -->\n<title>Transport scolaire - \u00c9cole Monseigneur-Brunault<\/title>\n<meta name=\"robots\" content=\"index, follow, max-snippet:-1, max-image-preview:large, max-video-preview:-1\" \/>\n<link rel=\"canonical\" href=\"https:\/\/cssst.gouv.qc.ca\/monseigneur-brunault\/transport-scolaire\/\" \/>\n<meta property=\"og:locale\" content=\"fr_CA\" \/>\n<meta property=\"og:type\" content=\"article\" \/>\n<meta property=\"og:title\" content=\"Transport scolaire - \u00c9cole Monseigneur-Brunault\" \/>\n<meta property=\"og:description\" content=\"Pour une plainte ou une demande d&rsquo;informations concernant le transport scolaire, veuillez contacter le service du transport scolaire. Num\u00e9ro de t\u00e9l\u00e9phone: 450-746-3990, poste 6076 Adresse courriel: transport@csst.gouv.qc.ca R\u00e8glements\" \/>\n<meta property=\"og:url\" content=\"https:\/\/cssst.gouv.qc.ca\/monseigneur-brunault\/transport-scolaire\/\" \/>\n<meta property=\"og:site_name\" content=\"\u00c9cole Monseigneur-Brunault\" \/>\n<meta property=\"article:publisher\" content=\"https:\/\/www.facebook.com\/cssoreltracy\/?locale=fr_CA\" \/>\n<meta property=\"article:modified_time\" content=\"2026-02-18T20:03:18+00:00\" \/>\n<meta property=\"og:image\" content=\"https:\/\/cssst.gouv.qc.ca\/monseigneur-brunault\/wp-content\/uploads\/sites\/11\/2025\/03\/Diapositive1.png\" \/>\n\t<meta property=\"og:image:width\" content=\"960\" \/>\n\t<meta property=\"og:image:height\" content=\"720\" \/>\n\t<meta property=\"og:image:type\" content=\"image\/png\" \/>\n<meta name=\"twitter:card\" content=\"summary_large_image\" \/>\n<meta name=\"twitter:label1\" content=\"Estimation du temps de lecture\" \/>\n\t<meta name=\"twitter:data1\" content=\"1 minute\" \/>\n<script type=\"application\/ld+json\" class=\"yoast-schema-graph\">{\"@context\":\"https:\\\/\\\/schema.org\",\"@graph\":[{\"@type\":\"WebPage\",\"@id\":\"https:\\\/\\\/cssst.gouv.qc.ca\\\/monseigneur-brunault\\\/transport-scolaire\\\/\",\"url\":\"https:\\\/\\\/cssst.gouv.qc.ca\\\/monseigneur-brunault\\\/transport-scolaire\\\/\",\"name\":\"Transport scolaire - \u00c9cole Monseigneur-Brunault\",\"isPartOf\":{\"@id\":\"https:\\\/\\\/cssst.gouv.qc.ca\\\/monseigneur-brunault\\\/#website\"},\"primaryImageOfPage\":{\"@id\":\"https:\\\/\\\/cssst.gouv.qc.ca\\\/monseigneur-brunault\\\/transport-scolaire\\\/#primaryimage\"},\"image\":{\"@id\":\"https:\\\/\\\/cssst.gouv.qc.ca\\\/monseigneur-brunault\\\/transport-scolaire\\\/#primaryimage\"},\"thumbnailUrl\":\"https:\\\/\\\/cssst.gouv.qc.ca\\\/monseigneur-brunault\\\/wp-content\\\/uploads\\\/sites\\\/11\\\/2025\\\/03\\\/Diapositive1.png\",\"datePublished\":\"2025-01-18T16:58:03+00:00\",\"dateModified\":\"2026-02-18T20:03:18+00:00\",\"breadcrumb\":{\"@id\":\"https:\\\/\\\/cssst.gouv.qc.ca\\\/monseigneur-brunault\\\/transport-scolaire\\\/#breadcrumb\"},\"inLanguage\":\"fr-CA\",\"potentialAction\":[{\"@type\":\"ReadAction\",\"target\":[\"https:\\\/\\\/cssst.gouv.qc.ca\\\/monseigneur-brunault\\\/transport-scolaire\\\/\"]}]},{\"@type\":\"ImageObject\",\"inLanguage\":\"fr-CA\",\"@id\":\"https:\\\/\\\/cssst.gouv.qc.ca\\\/monseigneur-brunault\\\/transport-scolaire\\\/#primaryimage\",\"url\":\"https:\\\/\\\/cssst.gouv.qc.ca\\\/monseigneur-brunault\\\/wp-content\\\/uploads\\\/sites\\\/11\\\/2025\\\/03\\\/Diapositive1.png\",\"contentUrl\":\"https:\\\/\\\/cssst.gouv.qc.ca\\\/monseigneur-brunault\\\/wp-content\\\/uploads\\\/sites\\\/11\\\/2025\\\/03\\\/Diapositive1.png\",\"width\":960,\"height\":720},{\"@type\":\"BreadcrumbList\",\"@id\":\"https:\\\/\\\/cssst.gouv.qc.ca\\\/monseigneur-brunault\\\/transport-scolaire\\\/#breadcrumb\",\"itemListElement\":[{\"@type\":\"ListItem\",\"position\":1,\"name\":\"Accueil\",\"item\":\"https:\\\/\\\/cssst.gouv.qc.ca\\\/monseigneur-brunault\\\/\"},{\"@type\":\"ListItem\",\"position\":2,\"name\":\"Transport scolaire\"}]},{\"@type\":\"WebSite\",\"@id\":\"https:\\\/\\\/cssst.gouv.qc.ca\\\/monseigneur-brunault\\\/#website\",\"url\":\"https:\\\/\\\/cssst.gouv.qc.ca\\\/monseigneur-brunault\\\/\",\"name\":\"\u00c9cole Monseigneur-Brunault\",\"description\":\"\",\"potentialAction\":[{\"@type\":\"SearchAction\",\"target\":{\"@type\":\"EntryPoint\",\"urlTemplate\":\"https:\\\/\\\/cssst.gouv.qc.ca\\\/monseigneur-brunault\\\/?s={search_term_string}\"},\"query-input\":{\"@type\":\"PropertyValueSpecification\",\"valueRequired\":true,\"valueName\":\"search_term_string\"}}],\"inLanguage\":\"fr-CA\"}]}<\/script>\n<!-- \/ Yoast SEO plugin. -->","yoast_head_json":{"title":"Transport scolaire - \u00c9cole Monseigneur-Brunault","robots":{"index":"index","follow":"follow","max-snippet":"max-snippet:-1","max-image-preview":"max-image-preview:large","max-video-preview":"max-video-preview:-1"},"canonical":"https:\/\/cssst.gouv.qc.ca\/monseigneur-brunault\/transport-scolaire\/","og_locale":"fr_CA","og_type":"article","og_title":"Transport scolaire - \u00c9cole Monseigneur-Brunault","og_description":"Pour une plainte ou une demande d&rsquo;informations concernant le transport scolaire, veuillez contacter le service du transport scolaire. Num\u00e9ro de t\u00e9l\u00e9phone: 450-746-3990, poste 6076 Adresse courriel: transport@csst.gouv.qc.ca R\u00e8glements","og_url":"https:\/\/cssst.gouv.qc.ca\/monseigneur-brunault\/transport-scolaire\/","og_site_name":"\u00c9cole Monseigneur-Brunault","article_publisher":"https:\/\/www.facebook.com\/cssoreltracy\/?locale=fr_CA","article_modified_time":"2026-02-18T20:03:18+00:00","og_image":[{"width":960,"height":720,"url":"https:\/\/cssst.gouv.qc.ca\/monseigneur-brunault\/wp-content\/uploads\/sites\/11\/2025\/03\/Diapositive1.png","type":"image\/png"}],"twitter_card":"summary_large_image","twitter_misc":{"Estimation du temps de lecture":"1 minute"},"schema":{"@context":"https:\/\/schema.org","@graph":[{"@type":"WebPage","@id":"https:\/\/cssst.gouv.qc.ca\/monseigneur-brunault\/transport-scolaire\/","url":"https:\/\/cssst.gouv.qc.ca\/monseigneur-brunault\/transport-scolaire\/","name":"Transport scolaire - \u00c9cole Monseigneur-Brunault","isPartOf":{"@id":"https:\/\/cssst.gouv.qc.ca\/monseigneur-brunault\/#website"},"primaryImageOfPage":{"@id":"https:\/\/cssst.gouv.qc.ca\/monseigneur-brunault\/transport-scolaire\/#primaryimage"},"image":{"@id":"https:\/\/cssst.gouv.qc.ca\/monseigneur-brunault\/transport-scolaire\/#primaryimage"},"thumbnailUrl":"https:\/\/cssst.gouv.qc.ca\/monseigneur-brunault\/wp-content\/uploads\/sites\/11\/2025\/03\/Diapositive1.png","datePublished":"2025-01-18T16:58:03+00:00","dateModified":"2026-02-18T20:03:18+00:00","breadcrumb":{"@id":"https:\/\/cssst.gouv.qc.ca\/monseigneur-brunault\/transport-scolaire\/#breadcrumb"},"inLanguage":"fr-CA","potentialAction":[{"@type":"ReadAction","target":["https:\/\/cssst.gouv.qc.ca\/monseigneur-brunault\/transport-scolaire\/"]}]},{"@type":"ImageObject","inLanguage":"fr-CA","@id":"https:\/\/cssst.gouv.qc.ca\/monseigneur-brunault\/transport-scolaire\/#primaryimage","url":"https:\/\/cssst.gouv.qc.ca\/monseigneur-brunault\/wp-content\/uploads\/sites\/11\/2025\/03\/Diapositive1.png","contentUrl":"https:\/\/cssst.gouv.qc.ca\/monseigneur-brunault\/wp-content\/uploads\/sites\/11\/2025\/03\/Diapositive1.png","width":960,"height":720},{"@type":"BreadcrumbList","@id":"https:\/\/cssst.gouv.qc.ca\/monseigneur-brunault\/transport-scolaire\/#breadcrumb","itemListElement":[{"@type":"ListItem","position":1,"name":"Accueil","item":"https:\/\/cssst.gouv.qc.ca\/monseigneur-brunault\/"},{"@type":"ListItem","position":2,"name":"Transport scolaire"}]},{"@type":"WebSite","@id":"https:\/\/cssst.gouv.qc.ca\/monseigneur-brunault\/#website","url":"https:\/\/cssst.gouv.qc.ca\/monseigneur-brunault\/","name":"\u00c9cole Monseigneur-Brunault","description":"","potentialAction":[{"@type":"SearchAction","target":{"@type":"EntryPoint","urlTemplate":"https:\/\/cssst.gouv.qc.ca\/monseigneur-brunault\/?s={search_term_string}"},"query-input":{"@type":"PropertyValueSpecification","valueRequired":true,"valueName":"search_term_string"}}],"inLanguage":"fr-CA"}]}},"_links":{"self":[{"href":"https:\/\/cssst.gouv.qc.ca\/monseigneur-brunault\/wp-json\/wp\/v2\/pages\/171","targetHints":{"allow":["GET"]}}],"collection":[{"href":"https:\/\/cssst.gouv.qc.ca\/monseigneur-brunault\/wp-json\/wp\/v2\/pages"}],"about":[{"href":"https:\/\/cssst.gouv.qc.ca\/monseigneur-brunault\/wp-json\/wp\/v2\/types\/page"}],"author":[{"embeddable":true,"href":"https:\/\/cssst.gouv.qc.ca\/monseigneur-brunault\/wp-json\/wp\/v2\/users\/49"}],"replies":[{"embeddable":true,"href":"https:\/\/cssst.gouv.qc.ca\/monseigneur-brunault\/wp-json\/wp\/v2\/comments?post=171"}],"version-history":[{"count":0,"href":"https:\/\/cssst.gouv.qc.ca\/monseigneur-brunault\/wp-json\/wp\/v2\/pages\/171\/revisions"}],"wp:attachment":[{"href":"https:\/\/cssst.gouv.qc.ca\/monseigneur-brunault\/wp-json\/wp\/v2\/media?parent=171"}],"curies":[{"name":"wp","href":"https:\/\/api.w.org\/{rel}","templated":true}]}}