{"id":14,"date":"2023-02-02T09:37:08","date_gmt":"2023-02-02T14:37:08","guid":{"rendered":"https:\/\/cssst.gouv.qc.ca\/monseigneur-brunault\/effets-scolaires\/"},"modified":"2026-01-30T11:04:41","modified_gmt":"2026-01-30T16:04:41","slug":"effets-scolaires","status":"publish","type":"page","link":"https:\/\/cssst.gouv.qc.ca\/monseigneur-brunault\/ecole\/effets-scolaires\/","title":{"rendered":"Effets scolaires 2025-2026"},"content":{"rendered":"\n<p><\/p>\n\n\n\n<p><a href=\"http:\/\/cssst.gouv.qc.ca\/monseigneur-brunault\/wp-content\/uploads\/sites\/11\/2025\/07\/Liste-des-effets-scolaires-2025-2026_maternelle.pdf\">Maternelle<\/a><\/p>\n\n\n\n<p><a href=\"http:\/\/cssst.gouv.qc.ca\/monseigneur-brunault\/wp-content\/uploads\/sites\/11\/2025\/07\/Liste-des-effets-scolaires-2025-2026_1re-annee.pdf\">1re ann\u00e9e<\/a><\/p>\n\n\n\n<p><a href=\"http:\/\/cssst.gouv.qc.ca\/monseigneur-brunault\/wp-content\/uploads\/sites\/11\/2025\/07\/Liste-des-effets-scolaires-2025-2026_2e-annee.pdf\">2e ann\u00e9e<\/a><\/p>\n\n\n\n<p><a href=\"http:\/\/cssst.gouv.qc.ca\/monseigneur-brunault\/wp-content\/uploads\/sites\/11\/2025\/07\/Liste-des-effets-scolaires-2025-2026_3e-annee.pdf\">3e ann\u00e9e<\/a><\/p>\n\n\n\n<p><a href=\"http:\/\/cssst.gouv.qc.ca\/monseigneur-brunault\/wp-content\/uploads\/sites\/11\/2025\/07\/Liste-des-effets-scolaires-2025-2026_4e-annee.pdf\">4e ann\u00e9e<\/a><\/p>\n\n\n\n<p><a href=\"http:\/\/cssst.gouv.qc.ca\/monseigneur-brunault\/wp-content\/uploads\/sites\/11\/2025\/07\/Liste-des-effets-scolaires-2025-2026_5e-annee.pdf\">5e ann\u00e9e<\/a><\/p>\n\n\n\n<p><a href=\"http:\/\/cssst.gouv.qc.ca\/monseigneur-brunault\/wp-content\/uploads\/sites\/11\/2025\/07\/Liste-des-effets-scolaires-2025-2026_6e-annee.pdf\">6e ann\u00e9e<\/a><\/p>\n","protected":false},"excerpt":{"rendered":"<p>Maternelle 1re ann\u00e9e 2e ann\u00e9e 3e ann\u00e9e 4e ann\u00e9e 5e ann\u00e9e 6e ann\u00e9e<\/p>\n","protected":false},"author":1,"featured_media":0,"parent":5,"menu_order":7,"comment_status":"closed","ping_status":"closed","template":"","meta":{"_acf_changed":false,"inline_featured_image":false,"footnotes":""},"class_list":["post-14","page","type-page","status-publish","hentry"],"acf":[],"yoast_head":"<!-- This site is optimized with the Yoast SEO plugin v27.4 - https:\/\/yoast.com\/product\/yoast-seo-wordpress\/ -->\n<title>Effets scolaires 2025-2026 - \u00c9cole Monseigneur-Brunault<\/title>\n<meta name=\"robots\" content=\"index, follow, max-snippet:-1, max-image-preview:large, max-video-preview:-1\" \/>\n<link rel=\"canonical\" href=\"https:\/\/cssst.gouv.qc.ca\/monseigneur-brunault\/ecole\/effets-scolaires\/\" \/>\n<meta property=\"og:locale\" content=\"fr_CA\" \/>\n<meta property=\"og:type\" content=\"article\" \/>\n<meta property=\"og:title\" content=\"Effets scolaires 2025-2026 - \u00c9cole Monseigneur-Brunault\" \/>\n<meta property=\"og:description\" content=\"Maternelle 1re ann\u00e9e 2e ann\u00e9e 3e ann\u00e9e 4e ann\u00e9e 5e ann\u00e9e 6e ann\u00e9e\" \/>\n<meta property=\"og:url\" content=\"https:\/\/cssst.gouv.qc.ca\/monseigneur-brunault\/ecole\/effets-scolaires\/\" \/>\n<meta property=\"og:site_name\" content=\"\u00c9cole Monseigneur-Brunault\" \/>\n<meta property=\"article:publisher\" content=\"https:\/\/www.facebook.com\/cssoreltracy\/?locale=fr_CA\" \/>\n<meta property=\"article:modified_time\" content=\"2026-01-30T16:04:41+00:00\" \/>\n<meta name=\"twitter:card\" content=\"summary_large_image\" \/>\n<meta name=\"twitter:label1\" content=\"Estimation du temps de lecture\" \/>\n\t<meta name=\"twitter:data1\" content=\"1 minute\" \/>\n<script type=\"application\/ld+json\" class=\"yoast-schema-graph\">{\"@context\":\"https:\\\/\\\/schema.org\",\"@graph\":[{\"@type\":\"WebPage\",\"@id\":\"https:\\\/\\\/cssst.gouv.qc.ca\\\/monseigneur-brunault\\\/ecole\\\/effets-scolaires\\\/\",\"url\":\"https:\\\/\\\/cssst.gouv.qc.ca\\\/monseigneur-brunault\\\/ecole\\\/effets-scolaires\\\/\",\"name\":\"Effets scolaires 2025-2026 - \u00c9cole Monseigneur-Brunault\",\"isPartOf\":{\"@id\":\"https:\\\/\\\/cssst.gouv.qc.ca\\\/monseigneur-brunault\\\/#website\"},\"datePublished\":\"2023-02-02T14:37:08+00:00\",\"dateModified\":\"2026-01-30T16:04:41+00:00\",\"breadcrumb\":{\"@id\":\"https:\\\/\\\/cssst.gouv.qc.ca\\\/monseigneur-brunault\\\/ecole\\\/effets-scolaires\\\/#breadcrumb\"},\"inLanguage\":\"fr-CA\",\"potentialAction\":[{\"@type\":\"ReadAction\",\"target\":[\"https:\\\/\\\/cssst.gouv.qc.ca\\\/monseigneur-brunault\\\/ecole\\\/effets-scolaires\\\/\"]}]},{\"@type\":\"BreadcrumbList\",\"@id\":\"https:\\\/\\\/cssst.gouv.qc.ca\\\/monseigneur-brunault\\\/ecole\\\/effets-scolaires\\\/#breadcrumb\",\"itemListElement\":[{\"@type\":\"ListItem\",\"position\":1,\"name\":\"Accueil\",\"item\":\"https:\\\/\\\/cssst.gouv.qc.ca\\\/monseigneur-brunault\\\/\"},{\"@type\":\"ListItem\",\"position\":2,\"name\":\"\u00c9cole\",\"item\":\"https:\\\/\\\/cssst.gouv.qc.ca\\\/monseigneur-brunault\\\/ecole\\\/\"},{\"@type\":\"ListItem\",\"position\":3,\"name\":\"Effets scolaires 2025-2026\"}]},{\"@type\":\"WebSite\",\"@id\":\"https:\\\/\\\/cssst.gouv.qc.ca\\\/monseigneur-brunault\\\/#website\",\"url\":\"https:\\\/\\\/cssst.gouv.qc.ca\\\/monseigneur-brunault\\\/\",\"name\":\"\u00c9cole Monseigneur-Brunault\",\"description\":\"\",\"potentialAction\":[{\"@type\":\"SearchAction\",\"target\":{\"@type\":\"EntryPoint\",\"urlTemplate\":\"https:\\\/\\\/cssst.gouv.qc.ca\\\/monseigneur-brunault\\\/?s={search_term_string}\"},\"query-input\":{\"@type\":\"PropertyValueSpecification\",\"valueRequired\":true,\"valueName\":\"search_term_string\"}}],\"inLanguage\":\"fr-CA\"}]}<\/script>\n<!-- \/ Yoast SEO plugin. -->","yoast_head_json":{"title":"Effets scolaires 2025-2026 - \u00c9cole Monseigneur-Brunault","robots":{"index":"index","follow":"follow","max-snippet":"max-snippet:-1","max-image-preview":"max-image-preview:large","max-video-preview":"max-video-preview:-1"},"canonical":"https:\/\/cssst.gouv.qc.ca\/monseigneur-brunault\/ecole\/effets-scolaires\/","og_locale":"fr_CA","og_type":"article","og_title":"Effets scolaires 2025-2026 - \u00c9cole Monseigneur-Brunault","og_description":"Maternelle 1re ann\u00e9e 2e ann\u00e9e 3e ann\u00e9e 4e ann\u00e9e 5e ann\u00e9e 6e ann\u00e9e","og_url":"https:\/\/cssst.gouv.qc.ca\/monseigneur-brunault\/ecole\/effets-scolaires\/","og_site_name":"\u00c9cole Monseigneur-Brunault","article_publisher":"https:\/\/www.facebook.com\/cssoreltracy\/?locale=fr_CA","article_modified_time":"2026-01-30T16:04:41+00:00","twitter_card":"summary_large_image","twitter_misc":{"Estimation du temps de lecture":"1 minute"},"schema":{"@context":"https:\/\/schema.org","@graph":[{"@type":"WebPage","@id":"https:\/\/cssst.gouv.qc.ca\/monseigneur-brunault\/ecole\/effets-scolaires\/","url":"https:\/\/cssst.gouv.qc.ca\/monseigneur-brunault\/ecole\/effets-scolaires\/","name":"Effets scolaires 2025-2026 - \u00c9cole Monseigneur-Brunault","isPartOf":{"@id":"https:\/\/cssst.gouv.qc.ca\/monseigneur-brunault\/#website"},"datePublished":"2023-02-02T14:37:08+00:00","dateModified":"2026-01-30T16:04:41+00:00","breadcrumb":{"@id":"https:\/\/cssst.gouv.qc.ca\/monseigneur-brunault\/ecole\/effets-scolaires\/#breadcrumb"},"inLanguage":"fr-CA","potentialAction":[{"@type":"ReadAction","target":["https:\/\/cssst.gouv.qc.ca\/monseigneur-brunault\/ecole\/effets-scolaires\/"]}]},{"@type":"BreadcrumbList","@id":"https:\/\/cssst.gouv.qc.ca\/monseigneur-brunault\/ecole\/effets-scolaires\/#breadcrumb","itemListElement":[{"@type":"ListItem","position":1,"name":"Accueil","item":"https:\/\/cssst.gouv.qc.ca\/monseigneur-brunault\/"},{"@type":"ListItem","position":2,"name":"\u00c9cole","item":"https:\/\/cssst.gouv.qc.ca\/monseigneur-brunault\/ecole\/"},{"@type":"ListItem","position":3,"name":"Effets scolaires 2025-2026"}]},{"@type":"WebSite","@id":"https:\/\/cssst.gouv.qc.ca\/monseigneur-brunault\/#website","url":"https:\/\/cssst.gouv.qc.ca\/monseigneur-brunault\/","name":"\u00c9cole Monseigneur-Brunault","description":"","potentialAction":[{"@type":"SearchAction","target":{"@type":"EntryPoint","urlTemplate":"https:\/\/cssst.gouv.qc.ca\/monseigneur-brunault\/?s={search_term_string}"},"query-input":{"@type":"PropertyValueSpecification","valueRequired":true,"valueName":"search_term_string"}}],"inLanguage":"fr-CA"}]}},"_links":{"self":[{"href":"https:\/\/cssst.gouv.qc.ca\/monseigneur-brunault\/wp-json\/wp\/v2\/pages\/14","targetHints":{"allow":["GET"]}}],"collection":[{"href":"https:\/\/cssst.gouv.qc.ca\/monseigneur-brunault\/wp-json\/wp\/v2\/pages"}],"about":[{"href":"https:\/\/cssst.gouv.qc.ca\/monseigneur-brunault\/wp-json\/wp\/v2\/types\/page"}],"author":[{"embeddable":true,"href":"https:\/\/cssst.gouv.qc.ca\/monseigneur-brunault\/wp-json\/wp\/v2\/users\/1"}],"replies":[{"embeddable":true,"href":"https:\/\/cssst.gouv.qc.ca\/monseigneur-brunault\/wp-json\/wp\/v2\/comments?post=14"}],"version-history":[{"count":0,"href":"https:\/\/cssst.gouv.qc.ca\/monseigneur-brunault\/wp-json\/wp\/v2\/pages\/14\/revisions"}],"up":[{"embeddable":true,"href":"https:\/\/cssst.gouv.qc.ca\/monseigneur-brunault\/wp-json\/wp\/v2\/pages\/5"}],"wp:attachment":[{"href":"https:\/\/cssst.gouv.qc.ca\/monseigneur-brunault\/wp-json\/wp\/v2\/media?parent=14"}],"curies":[{"name":"wp","href":"https:\/\/api.w.org\/{rel}","templated":true}]}}