{"id":4,"date":"2023-02-02T09:37:05","date_gmt":"2023-02-02T14:37:05","guid":{"rendered":"https:\/\/cssst.gouv.qc.ca\/martel\/accueil\/"},"modified":"2025-01-31T13:25:32","modified_gmt":"2025-01-31T18:25:32","slug":"accueil","status":"publish","type":"page","link":"https:\/\/cssst.gouv.qc.ca\/martel\/","title":{"rendered":"Bienvenue \u00e0 l&rsquo;\u00c9cole Martel"},"content":{"rendered":"\n<div class=\"wp-block-cover alignfull is-light is-style-hero-home-subsite\"><span aria-hidden=\"true\" class=\"wp-block-cover__background has-background-dim\"><\/span><img loading=\"lazy\" decoding=\"async\" width=\"819\" height=\"270\" class=\"wp-block-cover__image-background wp-image-128\" alt=\"\" src=\"https:\/\/cssst.gouv.qc.ca\/martel\/wp-content\/uploads\/sites\/10\/2024\/07\/Sans-titre-3.png\" data-object-fit=\"cover\" srcset=\"https:\/\/cssst.gouv.qc.ca\/martel\/wp-content\/uploads\/sites\/10\/2024\/07\/Sans-titre-3.png 819w, https:\/\/cssst.gouv.qc.ca\/martel\/wp-content\/uploads\/sites\/10\/2024\/07\/Sans-titre-3-300x99.png 300w, https:\/\/cssst.gouv.qc.ca\/martel\/wp-content\/uploads\/sites\/10\/2024\/07\/Sans-titre-3-768x253.png 768w\" sizes=\"auto, (max-width: 819px) 100vw, 819px\" \/><div class=\"wp-block-cover__inner-container\">\n<div class=\"wp-block-group alignwide\"><h2 class=\"has-text-align-left wp-block-post-title\">Bienvenue \u00e0 l&rsquo;\u00c9cole Martel<\/h2>\n\n\n<div class=\"wp-block-buttons\">\n<div class=\"wp-block-button\"><a class=\"wp-block-button__link wp-element-button\">En savoir plus <img decoding=\"async\" class=\"wp-image-402\" style=\"width: 17px\" src=\"https:\/\/cssst.gouv.qc.ca\/wp-content\/uploads\/2022\/09\/short_right.svg\" alt=\"\"><\/a><\/div>\n<\/div>\n<\/div>\n<\/div><\/div>\n\n\n\n<div class=\"wp-block-group alignfull is-style-subsite-home-news has-tertiary-background-color has-background\">\n<div class=\"wp-block-group alignwide\">\n<h2 class=\"wp-block-heading\">Actualit\u00e9s<\/h2>\n\n\n\n<div class=\"wp-block-buttons\">\n<div class=\"wp-block-button is-style-text is-home-actualites\"><a class=\"wp-block-button__link wp-element-button\" href=\"https:\/\/cssst.gouv.qc.ca\/martel\/actualites\/\">Voir toutes les actualit\u00e9s<img decoding=\"async\" class=\"wp-image-402\" style=\"width: 17px\" src=\"https:\/\/cssst.gouv.qc.ca\/wp-content\/uploads\/2022\/09\/short_right.svg\" alt=\"\"><\/a><\/div>\n<\/div>\n<\/div>\n\n\n<div class=\" alignwide alignwide wp-block-acf-archive-listing\" id=\"testimonial-block_f6f07e796a93894e270c083be3f9fcd0\">\n    <\/div>\n\n\n\n<h2 class=\"wp-block-heading\">Offre de services et choix de programmes 2025-2026<\/h2>\n\n\n\n<p>Vous pouvez consulter les choix de programmes pour le secondaire, la formation professionnelle et la formation g\u00e9n\u00e9rale aux adultes pour l&rsquo;ann\u00e9e scolaire 2025-2026.<\/p>\n\n\n\n<div class=\"wp-block-file\"><a id=\"wp-block-file--media-4c2045ce-bd00-42b3-a0d4-4f3086ccf387\" href=\"https:\/\/cssst.gouv.qc.ca\/martel\/wp-content\/uploads\/sites\/10\/2025\/01\/Cahier_offre_de_services_Secondaire_FGA_FP_-2025-2026_VF.pdf\">Cahier_offre_de_services_Secondaire_FGA_FP_ 2025-2026_VF<\/a><a href=\"https:\/\/cssst.gouv.qc.ca\/martel\/wp-content\/uploads\/sites\/10\/2025\/01\/Cahier_offre_de_services_Secondaire_FGA_FP_-2025-2026_VF.pdf\" class=\"wp-block-file__button wp-element-button\" download aria-describedby=\"wp-block-file--media-4c2045ce-bd00-42b3-a0d4-4f3086ccf387\">T\u00e9l\u00e9charger<\/a><\/div>\n<\/div>\n\n\n\n<div class=\"wp-block-group alignfull is-style-bg-gradient\">\n<div class=\"wp-block-media-text alignwide is-stacked-on-mobile is-style-wide-size\"><figure class=\"wp-block-media-text__media\"><img loading=\"lazy\" decoding=\"async\" width=\"410\" height=\"258\" src=\"https:\/\/cssst.gouv.qc.ca\/martel\/wp-content\/uploads\/sites\/10\/2024\/07\/299996740_102253912618716_516324044372622113_n-2.jpg\" alt=\"\" class=\"wp-image-134 size-full\" srcset=\"https:\/\/cssst.gouv.qc.ca\/martel\/wp-content\/uploads\/sites\/10\/2024\/07\/299996740_102253912618716_516324044372622113_n-2.jpg 410w, https:\/\/cssst.gouv.qc.ca\/martel\/wp-content\/uploads\/sites\/10\/2024\/07\/299996740_102253912618716_516324044372622113_n-2-300x189.jpg 300w\" sizes=\"auto, (max-width: 410px) 100vw, 410px\" \/><\/figure><div class=\"wp-block-media-text__content\">\n<h2 class=\"wp-block-heading\">\u00c9cole Martel<\/h2>\n\n\n\n<p>\u00c0 l&rsquo;\u00e9cole Martel, TA pr\u00e9sence fait LA diff\u00e9rence !<\/p>\n\n\n\n<div class=\"wp-block-buttons\">\n<div class=\"wp-block-button\"><a class=\"wp-block-button__link wp-element-button\" href=\"https:\/\/cssst.gouv.qc.ca\/martel\/accueil\/info-parents\/\">Info-Parents <img decoding=\"async\" class=\"wp-image-402\" style=\"width: 17px\" src=\"https:\/\/cssst.gouv.qc.ca\/wp-content\/uploads\/2022\/09\/short_right.svg\" alt=\"\"><\/a><\/div>\n<\/div>\n<\/div><\/div>\n\n\n\n<div class=\"wp-block-group alignwide\">\n<div class=\"wp-block-group alignwide\">\n<div class=\"wp-block-columns is-style-dates-and-calendar\">\n<div class=\"wp-block-column is-style-dates-list\">\n<h2 class=\"wp-block-heading\">Calendrier<\/h2>\n<\/div>\n<\/div>\n\n\n\n<div class=\"wp-block-columns alignwide is-style-home-calendar is-style-dates-and-calendar\">\n<div class=\"wp-block-column is-style-dates-list\">\n<div class=\"wp-block-group\">\n<h3 class=\"wp-block-heading\">\u00c0 surveiller<\/h3>\n\n\n<div class=\"align wp-block-acf-act-date-list\" id=\"testimonial-\"><div class=\"wp-block-group\">\n    \n    <div class=\"wp-block-columns\">\n    <div class=\"wp-block-column column-left\">\n    <p class=\"is-style-key-dates\">22 <\/p>\n    \n    \n    \n    <p class=\"is-style-key-dates month\">Juin<\/p>\n    <\/div>\n    \n    \n    \n    <div class=\"wp-block-column column-right\">\n    <p class=\"has-accent-lighter-color has-text-color\"><strong><a href=\"https:\/\/cssst.gouv.qc.ca\/martel\/evenements\/derniere-journee-decole\/\">Derni\u00e8re journ\u00e9e d&rsquo;\u00e9cole<\/a><\/strong><\/p>\n    <\/div>\n    <\/div>\n    \n    \n    \n    <div class=\"wp-block-columns\">\n    <div class=\"wp-block-column column-left\">\n    <p class=\"is-style-key-dates\">24 <\/p>\n    \n    \n    \n    <p class=\"is-style-key-dates month\">Juin<\/p>\n    <\/div>\n    \n    \n    \n    <div class=\"wp-block-column column-right\">\n    <p class=\"has-accent-lighter-color has-text-color\"><strong><a href=\"https:\/\/cssst.gouv.qc.ca\/martel\/evenements\/fete-nationale-du-quebec\/\">F\u00eate nationale du Qu\u00e9bec<\/a><\/strong><\/p>\n    <\/div>\n    <\/div>\n    \n    \n    \n    <div class=\"wp-block-columns\">\n    <div class=\"wp-block-column column-left\">\n    <p class=\"is-style-key-dates\">01 <\/p>\n    \n    \n    \n    <p class=\"is-style-key-dates month\">Juil<\/p>\n    <\/div>\n    \n    \n    \n    <div class=\"wp-block-column column-right\">\n    <p class=\"has-accent-lighter-color has-text-color\"><strong><a href=\"https:\/\/cssst.gouv.qc.ca\/martel\/evenements\/fete-du-canada\/\">F\u00eate du Canada<\/a><\/strong><\/p>\n    <\/div>\n    <\/div>\n    \n    <\/div><\/div>\n\n\n<p><a href=\"https:\/\/cssst.gouv.qc.ca\/martel\/evenements\/\">Voir tous les \u00e9v\u00e9nements<\/a><\/p>\n<\/div>\n<\/div>\n\n\n\n<div class=\"wp-block-column is-style-calendar\">\n<div class=\"wp-block-group\"><div class=\"act-post-calendar\">\n    \n<\/div>\n<script>\n    var actPostCalendarPopups = {\n                    '2023-06-22': {\n                modifier: 'bg-accent',\n                html: '<a href=\"https:\/\/cssst.gouv.qc.ca\/martel\/evenements\/derniere-journee-decole\/\">Derni\u00e8re journ\u00e9e d&rsquo;\u00e9cole<\/a>'\n            },\n                    '2023-06-24': {\n                modifier: 'bg-accent',\n                html: '<a href=\"https:\/\/cssst.gouv.qc.ca\/martel\/evenements\/fete-nationale-du-quebec\/\">F\u00eate nationale du Qu\u00e9bec<\/a>'\n            },\n                    '2023-07-01': {\n                modifier: 'bg-accent',\n                html: '<a href=\"https:\/\/cssst.gouv.qc.ca\/martel\/evenements\/fete-du-canada\/\">F\u00eate du Canada<\/a>'\n            },\n            }\n    var actPostCalendarMonths = [\n        'Janvier', \n        'F\u00e9vrier', \n        'Mars', \n        'Avril', \n        'Mai', \n        'Juin', \n        'Juillet',\n        'Ao\u00fbt', \n        'Septembre', \n        'Octobre', \n        'Novembre', \n        'D\u00e9cembre'\n    ]\n    var actPostCalendarWeekdays = ['D', 'L', 'M', 'M', 'J', 'V', 'S'];\n<\/script>\n\n\n\n<div class=\"wp-block-buttons\">\n<div class=\"wp-block-button\"><a class=\"wp-block-button__link wp-element-button\" href=\"https:\/\/cssst.gouv.qc.ca\/wp-content\/uploads\/2024\/02\/Calendrier-2024-2025-Secteur-Jeunes.pdf\">T\u00e9l\u00e9charger le calendrier <img decoding=\"async\" class=\"wp-image-122\" style=\"width: 24px\" src=\"http:\/\/cssst.gouv.qc.ca\/ecoles-secondaires\/wp-content\/uploads\/sites\/4\/2023\/02\/Download.svg\" alt=\"\"><\/a><\/div>\n<\/div>\n<\/div>\n<\/div>\n<\/div>\n<\/div>\n<\/div>\n\n\n\n<div class=\"wp-block-group alignfull\"><section class=\"act-galerie-slider align is-style-on-homepage act-galerie\">\n    <ul id=\"act-galerie-slider_69d3278500735\">\n                    <li class=\"act-galerie-slider__item\">\n                <img loading=\"lazy\" decoding=\"async\" width=\"410\" height=\"258\" src=\"https:\/\/cssst.gouv.qc.ca\/martel\/wp-content\/uploads\/sites\/10\/2024\/07\/299996740_102253912618716_516324044372622113_n-2.jpg\" class=\"attachment-large size-large\" alt=\"\" srcset=\"https:\/\/cssst.gouv.qc.ca\/martel\/wp-content\/uploads\/sites\/10\/2024\/07\/299996740_102253912618716_516324044372622113_n-2.jpg 410w, https:\/\/cssst.gouv.qc.ca\/martel\/wp-content\/uploads\/sites\/10\/2024\/07\/299996740_102253912618716_516324044372622113_n-2-300x189.jpg 300w\" sizes=\"auto, (max-width: 410px) 100vw, 410px\" \/>            <\/li>\n                    <li class=\"act-galerie-slider__item\">\n                <img loading=\"lazy\" decoding=\"async\" width=\"1024\" height=\"478\" src=\"https:\/\/cssst.gouv.qc.ca\/martel\/wp-content\/uploads\/sites\/10\/2024\/07\/442415688_420293574143483_3030766415998365381_n-1024x478.jpg\" class=\"attachment-large size-large\" alt=\"\" srcset=\"https:\/\/cssst.gouv.qc.ca\/martel\/wp-content\/uploads\/sites\/10\/2024\/07\/442415688_420293574143483_3030766415998365381_n-1024x478.jpg 1024w, https:\/\/cssst.gouv.qc.ca\/martel\/wp-content\/uploads\/sites\/10\/2024\/07\/442415688_420293574143483_3030766415998365381_n-300x140.jpg 300w, https:\/\/cssst.gouv.qc.ca\/martel\/wp-content\/uploads\/sites\/10\/2024\/07\/442415688_420293574143483_3030766415998365381_n-768x359.jpg 768w, https:\/\/cssst.gouv.qc.ca\/martel\/wp-content\/uploads\/sites\/10\/2024\/07\/442415688_420293574143483_3030766415998365381_n-1536x717.jpg 1536w, https:\/\/cssst.gouv.qc.ca\/martel\/wp-content\/uploads\/sites\/10\/2024\/07\/442415688_420293574143483_3030766415998365381_n.jpg 2000w\" sizes=\"auto, (max-width: 1024px) 100vw, 1024px\" \/>            <\/li>\n                    <li class=\"act-galerie-slider__item\">\n                <img loading=\"lazy\" decoding=\"async\" width=\"768\" height=\"1024\" src=\"https:\/\/cssst.gouv.qc.ca\/martel\/wp-content\/uploads\/sites\/10\/2024\/07\/438196911_409020928604081_1701550456305075721_n-768x1024.jpg\" class=\"attachment-large size-large\" alt=\"\" srcset=\"https:\/\/cssst.gouv.qc.ca\/martel\/wp-content\/uploads\/sites\/10\/2024\/07\/438196911_409020928604081_1701550456305075721_n-768x1024.jpg 768w, https:\/\/cssst.gouv.qc.ca\/martel\/wp-content\/uploads\/sites\/10\/2024\/07\/438196911_409020928604081_1701550456305075721_n-225x300.jpg 225w, https:\/\/cssst.gouv.qc.ca\/martel\/wp-content\/uploads\/sites\/10\/2024\/07\/438196911_409020928604081_1701550456305075721_n-1152x1536.jpg 1152w, https:\/\/cssst.gouv.qc.ca\/martel\/wp-content\/uploads\/sites\/10\/2024\/07\/438196911_409020928604081_1701550456305075721_n.jpg 1536w\" sizes=\"auto, (max-width: 768px) 100vw, 768px\" \/>            <\/li>\n                    <li class=\"act-galerie-slider__item\">\n                <img loading=\"lazy\" decoding=\"async\" width=\"768\" height=\"1024\" src=\"https:\/\/cssst.gouv.qc.ca\/martel\/wp-content\/uploads\/sites\/10\/2024\/07\/413926452_335759279263580_2629458171612352387_n-768x1024.jpg\" class=\"attachment-large size-large\" alt=\"\" srcset=\"https:\/\/cssst.gouv.qc.ca\/martel\/wp-content\/uploads\/sites\/10\/2024\/07\/413926452_335759279263580_2629458171612352387_n-768x1024.jpg 768w, https:\/\/cssst.gouv.qc.ca\/martel\/wp-content\/uploads\/sites\/10\/2024\/07\/413926452_335759279263580_2629458171612352387_n-225x300.jpg 225w, https:\/\/cssst.gouv.qc.ca\/martel\/wp-content\/uploads\/sites\/10\/2024\/07\/413926452_335759279263580_2629458171612352387_n-1152x1536.jpg 1152w, https:\/\/cssst.gouv.qc.ca\/martel\/wp-content\/uploads\/sites\/10\/2024\/07\/413926452_335759279263580_2629458171612352387_n.jpg 1536w\" sizes=\"auto, (max-width: 768px) 100vw, 768px\" \/>            <\/li>\n                    <li class=\"act-galerie-slider__item\">\n                <img loading=\"lazy\" decoding=\"async\" width=\"768\" height=\"1024\" src=\"https:\/\/cssst.gouv.qc.ca\/martel\/wp-content\/uploads\/sites\/10\/2024\/07\/378198944_280502658122576_5757029180342849039_n-768x1024.jpg\" class=\"attachment-large size-large\" alt=\"\" srcset=\"https:\/\/cssst.gouv.qc.ca\/martel\/wp-content\/uploads\/sites\/10\/2024\/07\/378198944_280502658122576_5757029180342849039_n-768x1024.jpg 768w, https:\/\/cssst.gouv.qc.ca\/martel\/wp-content\/uploads\/sites\/10\/2024\/07\/378198944_280502658122576_5757029180342849039_n-225x300.jpg 225w, https:\/\/cssst.gouv.qc.ca\/martel\/wp-content\/uploads\/sites\/10\/2024\/07\/378198944_280502658122576_5757029180342849039_n-1152x1536.jpg 1152w, https:\/\/cssst.gouv.qc.ca\/martel\/wp-content\/uploads\/sites\/10\/2024\/07\/378198944_280502658122576_5757029180342849039_n.jpg 1536w\" sizes=\"auto, (max-width: 768px) 100vw, 768px\" \/>            <\/li>\n            <\/ul>\n<\/section>\n\n<\/div>\n<\/div>\n\n\n\n<div class=\"wp-block-buttons\">\n<div class=\"wp-block-button has-custom-width wp-block-button__width-100 is-style-fill\"><a class=\"wp-block-button__link wp-element-button\" href=\"https:\/\/cssst.gouv.qc.ca\/publications\/plaintes\/\" style=\"border-radius:100px;box-shadow:var(--wp--preset--shadow--natural)\">Traitement des plaintes et protecteur de l&rsquo;\u00e9l\u00e8ve<\/a><\/div>\n<\/div>\n","protected":false},"excerpt":{"rendered":"<p>Actualit\u00e9s Offre de services et choix de programmes 2025-2026 Vous pouvez consulter les choix de programmes pour le secondaire, la formation professionnelle et la formation g\u00e9n\u00e9rale aux adultes pour l&rsquo;ann\u00e9e scolaire 2025-2026. \u00c9cole Martel \u00c0 l&rsquo;\u00e9cole Martel, TA pr\u00e9sence fait LA diff\u00e9rence ! Calendrier \u00c0 surveiller Voir tous les \u00e9v\u00e9nements<\/p>\n","protected":false},"author":1,"featured_media":0,"parent":0,"menu_order":0,"comment_status":"closed","ping_status":"closed","template":"","meta":{"_acf_changed":false,"inline_featured_image":false,"footnotes":""},"class_list":["post-4","page","type-page","status-publish","hentry"],"acf":[],"yoast_head":"<!-- This site is optimized with the Yoast SEO plugin v27.3 - https:\/\/yoast.com\/product\/yoast-seo-wordpress\/ -->\n<title>Bienvenue \u00e0 l&#039;\u00c9cole Martel - \u00c9cole Martel<\/title>\n<meta name=\"robots\" content=\"index, follow, max-snippet:-1, max-image-preview:large, max-video-preview:-1\" \/>\n<link rel=\"canonical\" href=\"https:\/\/cssst.gouv.qc.ca\/martel\/\" \/>\n<meta property=\"og:locale\" content=\"fr_CA\" \/>\n<meta property=\"og:type\" content=\"article\" \/>\n<meta property=\"og:title\" content=\"Bienvenue \u00e0 l&#039;\u00c9cole Martel - \u00c9cole Martel\" \/>\n<meta property=\"og:description\" content=\"Actualit\u00e9s Offre de services et choix de programmes 2025-2026 Vous pouvez consulter les choix de programmes pour le secondaire, la formation professionnelle et la formation g\u00e9n\u00e9rale aux adultes pour l&rsquo;ann\u00e9e scolaire 2025-2026. \u00c9cole Martel \u00c0 l&rsquo;\u00e9cole Martel, TA pr\u00e9sence fait LA diff\u00e9rence ! Calendrier \u00c0 surveiller Voir tous les \u00e9v\u00e9nements\" \/>\n<meta property=\"og:url\" content=\"https:\/\/cssst.gouv.qc.ca\/martel\/\" \/>\n<meta property=\"og:site_name\" content=\"\u00c9cole Martel\" \/>\n<meta property=\"article:publisher\" content=\"https:\/\/www.facebook.com\/profile.php?id=100084885317196\" \/>\n<meta property=\"article:modified_time\" content=\"2025-01-31T18:25:32+00:00\" \/>\n<meta property=\"og:image\" content=\"https:\/\/cssst.gouv.qc.ca\/martel\/wp-content\/uploads\/sites\/10\/2024\/07\/Sans-titre-3.png\" \/>\n\t<meta property=\"og:image:width\" content=\"819\" \/>\n\t<meta property=\"og:image:height\" content=\"270\" \/>\n\t<meta property=\"og:image:type\" content=\"image\/png\" \/>\n<meta name=\"twitter:card\" content=\"summary_large_image\" \/>\n<meta name=\"twitter:label1\" content=\"Estimation du temps de lecture\" \/>\n\t<meta name=\"twitter:data1\" content=\"2 minutes\" \/>\n<script type=\"application\/ld+json\" class=\"yoast-schema-graph\">{\"@context\":\"https:\\\/\\\/schema.org\",\"@graph\":[{\"@type\":\"WebPage\",\"@id\":\"https:\\\/\\\/cssst.gouv.qc.ca\\\/martel\\\/\",\"url\":\"https:\\\/\\\/cssst.gouv.qc.ca\\\/martel\\\/\",\"name\":\"Bienvenue \u00e0 l'\u00c9cole Martel - \u00c9cole Martel\",\"isPartOf\":{\"@id\":\"https:\\\/\\\/cssst.gouv.qc.ca\\\/martel\\\/#website\"},\"primaryImageOfPage\":{\"@id\":\"https:\\\/\\\/cssst.gouv.qc.ca\\\/martel\\\/#primaryimage\"},\"image\":{\"@id\":\"https:\\\/\\\/cssst.gouv.qc.ca\\\/martel\\\/#primaryimage\"},\"thumbnailUrl\":\"https:\\\/\\\/cssst.gouv.qc.ca\\\/martel\\\/wp-content\\\/uploads\\\/sites\\\/10\\\/2024\\\/07\\\/Sans-titre-3.png\",\"datePublished\":\"2023-02-02T14:37:05+00:00\",\"dateModified\":\"2025-01-31T18:25:32+00:00\",\"breadcrumb\":{\"@id\":\"https:\\\/\\\/cssst.gouv.qc.ca\\\/martel\\\/#breadcrumb\"},\"inLanguage\":\"fr-CA\",\"potentialAction\":[{\"@type\":\"ReadAction\",\"target\":[\"https:\\\/\\\/cssst.gouv.qc.ca\\\/martel\\\/\"]}]},{\"@type\":\"ImageObject\",\"inLanguage\":\"fr-CA\",\"@id\":\"https:\\\/\\\/cssst.gouv.qc.ca\\\/martel\\\/#primaryimage\",\"url\":\"https:\\\/\\\/cssst.gouv.qc.ca\\\/martel\\\/wp-content\\\/uploads\\\/sites\\\/10\\\/2024\\\/07\\\/Sans-titre-3.png\",\"contentUrl\":\"https:\\\/\\\/cssst.gouv.qc.ca\\\/martel\\\/wp-content\\\/uploads\\\/sites\\\/10\\\/2024\\\/07\\\/Sans-titre-3.png\",\"width\":819,\"height\":270},{\"@type\":\"BreadcrumbList\",\"@id\":\"https:\\\/\\\/cssst.gouv.qc.ca\\\/martel\\\/#breadcrumb\",\"itemListElement\":[{\"@type\":\"ListItem\",\"position\":1,\"name\":\"Accueil\",\"item\":\"https:\\\/\\\/cssst.gouv.qc.ca\\\/martel\\\/\"},{\"@type\":\"ListItem\",\"position\":2,\"name\":\"Bienvenue \u00e0 l&rsquo;\u00c9cole Martel\"}]},{\"@type\":\"WebSite\",\"@id\":\"https:\\\/\\\/cssst.gouv.qc.ca\\\/martel\\\/#website\",\"url\":\"https:\\\/\\\/cssst.gouv.qc.ca\\\/martel\\\/\",\"name\":\"\u00c9cole Martel\",\"description\":\"\",\"potentialAction\":[{\"@type\":\"SearchAction\",\"target\":{\"@type\":\"EntryPoint\",\"urlTemplate\":\"https:\\\/\\\/cssst.gouv.qc.ca\\\/martel\\\/?s={search_term_string}\"},\"query-input\":{\"@type\":\"PropertyValueSpecification\",\"valueRequired\":true,\"valueName\":\"search_term_string\"}}],\"inLanguage\":\"fr-CA\"}]}<\/script>\n<!-- \/ Yoast SEO plugin. -->","yoast_head_json":{"title":"Bienvenue \u00e0 l'\u00c9cole Martel - \u00c9cole Martel","robots":{"index":"index","follow":"follow","max-snippet":"max-snippet:-1","max-image-preview":"max-image-preview:large","max-video-preview":"max-video-preview:-1"},"canonical":"https:\/\/cssst.gouv.qc.ca\/martel\/","og_locale":"fr_CA","og_type":"article","og_title":"Bienvenue \u00e0 l'\u00c9cole Martel - \u00c9cole Martel","og_description":"Actualit\u00e9s Offre de services et choix de programmes 2025-2026 Vous pouvez consulter les choix de programmes pour le secondaire, la formation professionnelle et la formation g\u00e9n\u00e9rale aux adultes pour l&rsquo;ann\u00e9e scolaire 2025-2026. \u00c9cole Martel \u00c0 l&rsquo;\u00e9cole Martel, TA pr\u00e9sence fait LA diff\u00e9rence ! Calendrier \u00c0 surveiller Voir tous les \u00e9v\u00e9nements","og_url":"https:\/\/cssst.gouv.qc.ca\/martel\/","og_site_name":"\u00c9cole Martel","article_publisher":"https:\/\/www.facebook.com\/profile.php?id=100084885317196","article_modified_time":"2025-01-31T18:25:32+00:00","og_image":[{"width":819,"height":270,"url":"https:\/\/cssst.gouv.qc.ca\/martel\/wp-content\/uploads\/sites\/10\/2024\/07\/Sans-titre-3.png","type":"image\/png"}],"twitter_card":"summary_large_image","twitter_misc":{"Estimation du temps de lecture":"2 minutes"},"schema":{"@context":"https:\/\/schema.org","@graph":[{"@type":"WebPage","@id":"https:\/\/cssst.gouv.qc.ca\/martel\/","url":"https:\/\/cssst.gouv.qc.ca\/martel\/","name":"Bienvenue \u00e0 l'\u00c9cole Martel - \u00c9cole Martel","isPartOf":{"@id":"https:\/\/cssst.gouv.qc.ca\/martel\/#website"},"primaryImageOfPage":{"@id":"https:\/\/cssst.gouv.qc.ca\/martel\/#primaryimage"},"image":{"@id":"https:\/\/cssst.gouv.qc.ca\/martel\/#primaryimage"},"thumbnailUrl":"https:\/\/cssst.gouv.qc.ca\/martel\/wp-content\/uploads\/sites\/10\/2024\/07\/Sans-titre-3.png","datePublished":"2023-02-02T14:37:05+00:00","dateModified":"2025-01-31T18:25:32+00:00","breadcrumb":{"@id":"https:\/\/cssst.gouv.qc.ca\/martel\/#breadcrumb"},"inLanguage":"fr-CA","potentialAction":[{"@type":"ReadAction","target":["https:\/\/cssst.gouv.qc.ca\/martel\/"]}]},{"@type":"ImageObject","inLanguage":"fr-CA","@id":"https:\/\/cssst.gouv.qc.ca\/martel\/#primaryimage","url":"https:\/\/cssst.gouv.qc.ca\/martel\/wp-content\/uploads\/sites\/10\/2024\/07\/Sans-titre-3.png","contentUrl":"https:\/\/cssst.gouv.qc.ca\/martel\/wp-content\/uploads\/sites\/10\/2024\/07\/Sans-titre-3.png","width":819,"height":270},{"@type":"BreadcrumbList","@id":"https:\/\/cssst.gouv.qc.ca\/martel\/#breadcrumb","itemListElement":[{"@type":"ListItem","position":1,"name":"Accueil","item":"https:\/\/cssst.gouv.qc.ca\/martel\/"},{"@type":"ListItem","position":2,"name":"Bienvenue \u00e0 l&rsquo;\u00c9cole Martel"}]},{"@type":"WebSite","@id":"https:\/\/cssst.gouv.qc.ca\/martel\/#website","url":"https:\/\/cssst.gouv.qc.ca\/martel\/","name":"\u00c9cole Martel","description":"","potentialAction":[{"@type":"SearchAction","target":{"@type":"EntryPoint","urlTemplate":"https:\/\/cssst.gouv.qc.ca\/martel\/?s={search_term_string}"},"query-input":{"@type":"PropertyValueSpecification","valueRequired":true,"valueName":"search_term_string"}}],"inLanguage":"fr-CA"}]}},"_links":{"self":[{"href":"https:\/\/cssst.gouv.qc.ca\/martel\/wp-json\/wp\/v2\/pages\/4","targetHints":{"allow":["GET"]}}],"collection":[{"href":"https:\/\/cssst.gouv.qc.ca\/martel\/wp-json\/wp\/v2\/pages"}],"about":[{"href":"https:\/\/cssst.gouv.qc.ca\/martel\/wp-json\/wp\/v2\/types\/page"}],"author":[{"embeddable":true,"href":"https:\/\/cssst.gouv.qc.ca\/martel\/wp-json\/wp\/v2\/users\/1"}],"replies":[{"embeddable":true,"href":"https:\/\/cssst.gouv.qc.ca\/martel\/wp-json\/wp\/v2\/comments?post=4"}],"version-history":[{"count":0,"href":"https:\/\/cssst.gouv.qc.ca\/martel\/wp-json\/wp\/v2\/pages\/4\/revisions"}],"wp:attachment":[{"href":"https:\/\/cssst.gouv.qc.ca\/martel\/wp-json\/wp\/v2\/media?parent=4"}],"curies":[{"name":"wp","href":"https:\/\/api.w.org\/{rel}","templated":true}]}}