{"id":186,"date":"2024-08-01T13:50:09","date_gmt":"2024-08-01T17:50:09","guid":{"rendered":"https:\/\/cssst.gouv.qc.ca\/martel\/?page_id=186"},"modified":"2024-08-05T08:20:38","modified_gmt":"2024-08-05T12:20:38","slug":"comites","status":"publish","type":"page","link":"https:\/\/cssst.gouv.qc.ca\/martel\/ecole\/comites\/","title":{"rendered":"Comit\u00e9s"},"content":{"rendered":"\n<div class=\"wp-block-group alignfull has-padding-y-large has-tertiary-background-color has-background\"><div class=\"yoast-breadcrumbs alignwide \"><span class=\"breadcrumbs\"><a href=\"https:\/\/cssst.gouv.qc.ca\/martel\/\" class=\"breadcrumbs__element\">Accueil<\/a> <span class=\"breadcrumbs__separator\">\n        <svg class=\"icon icon-breadcrumb__separator\"><use xlink:href=\"#icon-breadcrumb__separator\"><\/use><\/svg>\n    <\/span> <a href=\"https:\/\/cssst.gouv.qc.ca\/martel\/ecole\/\" class=\"breadcrumbs__element\">\u00c9cole<\/a> <span class=\"breadcrumbs__separator\">\n        <svg class=\"icon icon-breadcrumb__separator\"><use xlink:href=\"#icon-breadcrumb__separator\"><\/use><\/svg>\n    <\/span> <span class=\"breadcrumbs__element breadcrumbs__element-current\">Comit\u00e9s<\/span><\/span><\/div><\/div>\n\n\n\n<h2 class=\"wp-block-heading\">Comit\u00e9s<\/h2>\n\n\n\n<div class=\"wp-block-cover is-light\"><span aria-hidden=\"true\" class=\"wp-block-cover__background has-background-dim\" style=\"background-color:#8b908a\"><\/span><img loading=\"lazy\" decoding=\"async\" width=\"410\" height=\"258\" class=\"wp-block-cover__image-background wp-image-134\" alt=\"\" src=\"http:\/\/cssst.gouv.qc.ca\/martel\/wp-content\/uploads\/sites\/10\/2024\/07\/299996740_102253912618716_516324044372622113_n-2.jpg\" data-object-fit=\"cover\" srcset=\"https:\/\/cssst.gouv.qc.ca\/martel\/wp-content\/uploads\/sites\/10\/2024\/07\/299996740_102253912618716_516324044372622113_n-2.jpg 410w, https:\/\/cssst.gouv.qc.ca\/martel\/wp-content\/uploads\/sites\/10\/2024\/07\/299996740_102253912618716_516324044372622113_n-2-300x189.jpg 300w\" sizes=\"auto, (max-width: 410px) 100vw, 410px\" \/><div class=\"wp-block-cover__inner-container\">\n<p class=\"has-text-align-center has-large-font-size\">Impliquez-vous !<\/p>\n<\/div><\/div>\n\n\n\n\n<p class=\"act-lead\">\u00ab Les mots ne veulent rien dire. L&rsquo;action est la seule chose qui compte. Agir. Il n&rsquo;y a pas d&rsquo;autre solution. &#8211; Ernest J. Gaines<\/p>\n\n","protected":false},"excerpt":{"rendered":"<p>Comit\u00e9s<\/p>\n","protected":false},"author":40,"featured_media":0,"parent":5,"menu_order":2,"comment_status":"closed","ping_status":"closed","template":"","meta":{"_acf_changed":false,"inline_featured_image":false,"footnotes":""},"class_list":["post-186","page","type-page","status-publish","hentry"],"acf":[],"yoast_head":"<!-- This site is optimized with the Yoast SEO plugin v27.5 - https:\/\/yoast.com\/product\/yoast-seo-wordpress\/ -->\n<title>Comit\u00e9s - \u00c9cole Martel<\/title>\n<meta name=\"robots\" content=\"index, follow, max-snippet:-1, max-image-preview:large, max-video-preview:-1\" \/>\n<link rel=\"canonical\" href=\"https:\/\/cssst.gouv.qc.ca\/martel\/ecole\/comites\/\" \/>\n<meta property=\"og:locale\" content=\"fr_CA\" \/>\n<meta property=\"og:type\" content=\"article\" \/>\n<meta property=\"og:title\" content=\"Comit\u00e9s - \u00c9cole Martel\" \/>\n<meta property=\"og:description\" content=\"Comit\u00e9s\" \/>\n<meta property=\"og:url\" content=\"https:\/\/cssst.gouv.qc.ca\/martel\/ecole\/comites\/\" \/>\n<meta property=\"og:site_name\" content=\"\u00c9cole Martel\" \/>\n<meta property=\"article:publisher\" content=\"https:\/\/www.facebook.com\/profile.php?id=100084885317196\" \/>\n<meta property=\"article:modified_time\" content=\"2024-08-05T12:20:38+00:00\" \/>\n<meta property=\"og:image\" content=\"http:\/\/cssst.gouv.qc.ca\/martel\/wp-content\/uploads\/sites\/10\/2024\/07\/299996740_102253912618716_516324044372622113_n-2.jpg\" \/>\n<meta name=\"twitter:card\" content=\"summary_large_image\" \/>\n<meta name=\"twitter:label1\" content=\"Estimation du temps de lecture\" \/>\n\t<meta name=\"twitter:data1\" content=\"1 minute\" \/>\n<script type=\"application\/ld+json\" class=\"yoast-schema-graph\">{\"@context\":\"https:\\\/\\\/schema.org\",\"@graph\":[{\"@type\":\"WebPage\",\"@id\":\"https:\\\/\\\/cssst.gouv.qc.ca\\\/martel\\\/ecole\\\/comites\\\/\",\"url\":\"https:\\\/\\\/cssst.gouv.qc.ca\\\/martel\\\/ecole\\\/comites\\\/\",\"name\":\"Comit\u00e9s - \u00c9cole Martel\",\"isPartOf\":{\"@id\":\"https:\\\/\\\/cssst.gouv.qc.ca\\\/martel\\\/#website\"},\"primaryImageOfPage\":{\"@id\":\"https:\\\/\\\/cssst.gouv.qc.ca\\\/martel\\\/ecole\\\/comites\\\/#primaryimage\"},\"image\":{\"@id\":\"https:\\\/\\\/cssst.gouv.qc.ca\\\/martel\\\/ecole\\\/comites\\\/#primaryimage\"},\"thumbnailUrl\":\"http:\\\/\\\/cssst.gouv.qc.ca\\\/martel\\\/wp-content\\\/uploads\\\/sites\\\/10\\\/2024\\\/07\\\/299996740_102253912618716_516324044372622113_n-2.jpg\",\"datePublished\":\"2024-08-01T17:50:09+00:00\",\"dateModified\":\"2024-08-05T12:20:38+00:00\",\"breadcrumb\":{\"@id\":\"https:\\\/\\\/cssst.gouv.qc.ca\\\/martel\\\/ecole\\\/comites\\\/#breadcrumb\"},\"inLanguage\":\"fr-CA\",\"potentialAction\":[{\"@type\":\"ReadAction\",\"target\":[\"https:\\\/\\\/cssst.gouv.qc.ca\\\/martel\\\/ecole\\\/comites\\\/\"]}]},{\"@type\":\"ImageObject\",\"inLanguage\":\"fr-CA\",\"@id\":\"https:\\\/\\\/cssst.gouv.qc.ca\\\/martel\\\/ecole\\\/comites\\\/#primaryimage\",\"url\":\"https:\\\/\\\/cssst.gouv.qc.ca\\\/martel\\\/wp-content\\\/uploads\\\/sites\\\/10\\\/2024\\\/07\\\/299996740_102253912618716_516324044372622113_n-2.jpg\",\"contentUrl\":\"https:\\\/\\\/cssst.gouv.qc.ca\\\/martel\\\/wp-content\\\/uploads\\\/sites\\\/10\\\/2024\\\/07\\\/299996740_102253912618716_516324044372622113_n-2.jpg\",\"width\":410,\"height\":258},{\"@type\":\"BreadcrumbList\",\"@id\":\"https:\\\/\\\/cssst.gouv.qc.ca\\\/martel\\\/ecole\\\/comites\\\/#breadcrumb\",\"itemListElement\":[{\"@type\":\"ListItem\",\"position\":1,\"name\":\"Accueil\",\"item\":\"https:\\\/\\\/cssst.gouv.qc.ca\\\/martel\\\/\"},{\"@type\":\"ListItem\",\"position\":2,\"name\":\"\u00c9cole\",\"item\":\"https:\\\/\\\/cssst.gouv.qc.ca\\\/martel\\\/ecole\\\/\"},{\"@type\":\"ListItem\",\"position\":3,\"name\":\"Comit\u00e9s\"}]},{\"@type\":\"WebSite\",\"@id\":\"https:\\\/\\\/cssst.gouv.qc.ca\\\/martel\\\/#website\",\"url\":\"https:\\\/\\\/cssst.gouv.qc.ca\\\/martel\\\/\",\"name\":\"\u00c9cole Martel\",\"description\":\"\",\"potentialAction\":[{\"@type\":\"SearchAction\",\"target\":{\"@type\":\"EntryPoint\",\"urlTemplate\":\"https:\\\/\\\/cssst.gouv.qc.ca\\\/martel\\\/?s={search_term_string}\"},\"query-input\":{\"@type\":\"PropertyValueSpecification\",\"valueRequired\":true,\"valueName\":\"search_term_string\"}}],\"inLanguage\":\"fr-CA\"}]}<\/script>\n<!-- \/ Yoast SEO plugin. -->","yoast_head_json":{"title":"Comit\u00e9s - \u00c9cole Martel","robots":{"index":"index","follow":"follow","max-snippet":"max-snippet:-1","max-image-preview":"max-image-preview:large","max-video-preview":"max-video-preview:-1"},"canonical":"https:\/\/cssst.gouv.qc.ca\/martel\/ecole\/comites\/","og_locale":"fr_CA","og_type":"article","og_title":"Comit\u00e9s - \u00c9cole Martel","og_description":"Comit\u00e9s","og_url":"https:\/\/cssst.gouv.qc.ca\/martel\/ecole\/comites\/","og_site_name":"\u00c9cole Martel","article_publisher":"https:\/\/www.facebook.com\/profile.php?id=100084885317196","article_modified_time":"2024-08-05T12:20:38+00:00","og_image":[{"url":"http:\/\/cssst.gouv.qc.ca\/martel\/wp-content\/uploads\/sites\/10\/2024\/07\/299996740_102253912618716_516324044372622113_n-2.jpg","type":"","width":"","height":""}],"twitter_card":"summary_large_image","twitter_misc":{"Estimation du temps de lecture":"1 minute"},"schema":{"@context":"https:\/\/schema.org","@graph":[{"@type":"WebPage","@id":"https:\/\/cssst.gouv.qc.ca\/martel\/ecole\/comites\/","url":"https:\/\/cssst.gouv.qc.ca\/martel\/ecole\/comites\/","name":"Comit\u00e9s - \u00c9cole Martel","isPartOf":{"@id":"https:\/\/cssst.gouv.qc.ca\/martel\/#website"},"primaryImageOfPage":{"@id":"https:\/\/cssst.gouv.qc.ca\/martel\/ecole\/comites\/#primaryimage"},"image":{"@id":"https:\/\/cssst.gouv.qc.ca\/martel\/ecole\/comites\/#primaryimage"},"thumbnailUrl":"http:\/\/cssst.gouv.qc.ca\/martel\/wp-content\/uploads\/sites\/10\/2024\/07\/299996740_102253912618716_516324044372622113_n-2.jpg","datePublished":"2024-08-01T17:50:09+00:00","dateModified":"2024-08-05T12:20:38+00:00","breadcrumb":{"@id":"https:\/\/cssst.gouv.qc.ca\/martel\/ecole\/comites\/#breadcrumb"},"inLanguage":"fr-CA","potentialAction":[{"@type":"ReadAction","target":["https:\/\/cssst.gouv.qc.ca\/martel\/ecole\/comites\/"]}]},{"@type":"ImageObject","inLanguage":"fr-CA","@id":"https:\/\/cssst.gouv.qc.ca\/martel\/ecole\/comites\/#primaryimage","url":"https:\/\/cssst.gouv.qc.ca\/martel\/wp-content\/uploads\/sites\/10\/2024\/07\/299996740_102253912618716_516324044372622113_n-2.jpg","contentUrl":"https:\/\/cssst.gouv.qc.ca\/martel\/wp-content\/uploads\/sites\/10\/2024\/07\/299996740_102253912618716_516324044372622113_n-2.jpg","width":410,"height":258},{"@type":"BreadcrumbList","@id":"https:\/\/cssst.gouv.qc.ca\/martel\/ecole\/comites\/#breadcrumb","itemListElement":[{"@type":"ListItem","position":1,"name":"Accueil","item":"https:\/\/cssst.gouv.qc.ca\/martel\/"},{"@type":"ListItem","position":2,"name":"\u00c9cole","item":"https:\/\/cssst.gouv.qc.ca\/martel\/ecole\/"},{"@type":"ListItem","position":3,"name":"Comit\u00e9s"}]},{"@type":"WebSite","@id":"https:\/\/cssst.gouv.qc.ca\/martel\/#website","url":"https:\/\/cssst.gouv.qc.ca\/martel\/","name":"\u00c9cole Martel","description":"","potentialAction":[{"@type":"SearchAction","target":{"@type":"EntryPoint","urlTemplate":"https:\/\/cssst.gouv.qc.ca\/martel\/?s={search_term_string}"},"query-input":{"@type":"PropertyValueSpecification","valueRequired":true,"valueName":"search_term_string"}}],"inLanguage":"fr-CA"}]}},"_links":{"self":[{"href":"https:\/\/cssst.gouv.qc.ca\/martel\/wp-json\/wp\/v2\/pages\/186","targetHints":{"allow":["GET"]}}],"collection":[{"href":"https:\/\/cssst.gouv.qc.ca\/martel\/wp-json\/wp\/v2\/pages"}],"about":[{"href":"https:\/\/cssst.gouv.qc.ca\/martel\/wp-json\/wp\/v2\/types\/page"}],"author":[{"embeddable":true,"href":"https:\/\/cssst.gouv.qc.ca\/martel\/wp-json\/wp\/v2\/users\/40"}],"replies":[{"embeddable":true,"href":"https:\/\/cssst.gouv.qc.ca\/martel\/wp-json\/wp\/v2\/comments?post=186"}],"version-history":[{"count":0,"href":"https:\/\/cssst.gouv.qc.ca\/martel\/wp-json\/wp\/v2\/pages\/186\/revisions"}],"up":[{"embeddable":true,"href":"https:\/\/cssst.gouv.qc.ca\/martel\/wp-json\/wp\/v2\/pages\/5"}],"wp:attachment":[{"href":"https:\/\/cssst.gouv.qc.ca\/martel\/wp-json\/wp\/v2\/media?parent=186"}],"curies":[{"name":"wp","href":"https:\/\/api.w.org\/{rel}","templated":true}]}}