{"id":9,"date":"2023-02-02T09:37:06","date_gmt":"2023-02-02T14:37:06","guid":{"rendered":"https:\/\/cssst.gouv.qc.ca\/laplume\/ecole\/comites\/conseil-detablissement\/"},"modified":"2026-04-20T14:20:50","modified_gmt":"2026-04-20T18:20:50","slug":"conseil-detablissement","status":"publish","type":"page","link":"https:\/\/cssst.gouv.qc.ca\/laplume\/ecole\/comites\/conseil-detablissement\/","title":{"rendered":"Conseil d&rsquo;\u00e9tablissement"},"content":{"rendered":"\n<h2 class=\"wp-block-heading\">Pr\u00e9sidente du conseil d&rsquo;\u00e9tablissement<\/h2>\n\n\n\n<p>M. Alexandre L\u00e9vis<\/p>\n\n\n\n<h2 class=\"wp-block-heading\">Dates des prochaines rencontres<\/h2>\n\n\n\n<p>15 juin 2026  17h45<\/p>\n\n\n\n<h2 class=\"wp-block-heading\">Proc\u00e8s-verbaux<\/h2>\n\n\n\n<div data-wp-interactive=\"core\/file\" class=\"wp-block-file\"><object data-wp-bind--hidden=\"!state.hasPdfPreview\" hidden class=\"wp-block-file__embed\" data=\"https:\/\/cssst.gouv.qc.ca\/laplume\/wp-content\/uploads\/sites\/8\/2026\/04\/2025-09-29_PV-CE-1.pdf\" type=\"application\/pdf\" style=\"width:100%;height:600px\" aria-label=\"Contenu incorpor\u00e9 2025-09-29_PV C\u00c9 1.\"><\/object><a id=\"wp-block-file--media-eeb4c6a8-7da3-475c-98a0-3ae900297188\" href=\"https:\/\/cssst.gouv.qc.ca\/laplume\/wp-content\/uploads\/sites\/8\/2026\/04\/2025-09-29_PV-CE-1.pdf\">2025-09-29_PV C\u00c9 1<\/a><a href=\"https:\/\/cssst.gouv.qc.ca\/laplume\/wp-content\/uploads\/sites\/8\/2026\/04\/2025-09-29_PV-CE-1.pdf\" class=\"wp-block-file__button wp-element-button\" download aria-describedby=\"wp-block-file--media-eeb4c6a8-7da3-475c-98a0-3ae900297188\">T\u00e9l\u00e9charger<\/a><\/div>\n\n\n\n<div data-wp-interactive=\"core\/file\" class=\"wp-block-file\"><object data-wp-bind--hidden=\"!state.hasPdfPreview\" hidden class=\"wp-block-file__embed\" data=\"https:\/\/cssst.gouv.qc.ca\/laplume\/wp-content\/uploads\/sites\/8\/2026\/04\/2025-12-01_PV-CE-2.pdf\" type=\"application\/pdf\" style=\"width:100%;height:600px\" aria-label=\"Contenu incorpor\u00e9 2025-12-01_PV C\u00c9 2.\"><\/object><a id=\"wp-block-file--media-d9aff9d2-a90a-4494-9bf2-f34e9f32d5fb\" href=\"https:\/\/cssst.gouv.qc.ca\/laplume\/wp-content\/uploads\/sites\/8\/2026\/04\/2025-12-01_PV-CE-2.pdf\">2025-12-01_PV C\u00c9 2<\/a><a href=\"https:\/\/cssst.gouv.qc.ca\/laplume\/wp-content\/uploads\/sites\/8\/2026\/04\/2025-12-01_PV-CE-2.pdf\" class=\"wp-block-file__button wp-element-button\" download aria-describedby=\"wp-block-file--media-d9aff9d2-a90a-4494-9bf2-f34e9f32d5fb\">T\u00e9l\u00e9charger<\/a><\/div>\n\n\n\n<div data-wp-interactive=\"core\/file\" class=\"wp-block-file\"><object data-wp-bind--hidden=\"!state.hasPdfPreview\" hidden class=\"wp-block-file__embed\" data=\"https:\/\/cssst.gouv.qc.ca\/laplume\/wp-content\/uploads\/sites\/8\/2026\/04\/2026-02-02_PV-CE-3.pdf\" type=\"application\/pdf\" style=\"width:100%;height:600px\" aria-label=\"Contenu incorpor\u00e9 2026-02-02_PV C\u00c9 3.\"><\/object><a id=\"wp-block-file--media-d8eb8e2e-f002-411d-9df3-3b329cb21a16\" href=\"https:\/\/cssst.gouv.qc.ca\/laplume\/wp-content\/uploads\/sites\/8\/2026\/04\/2026-02-02_PV-CE-3.pdf\">2026-02-02_PV C\u00c9 3<\/a><a href=\"https:\/\/cssst.gouv.qc.ca\/laplume\/wp-content\/uploads\/sites\/8\/2026\/04\/2026-02-02_PV-CE-3.pdf\" class=\"wp-block-file__button wp-element-button\" download aria-describedby=\"wp-block-file--media-d8eb8e2e-f002-411d-9df3-3b329cb21a16\">T\u00e9l\u00e9charger<\/a><\/div>\n\n\n\n<div data-wp-interactive=\"core\/file\" class=\"wp-block-file\"><object data-wp-bind--hidden=\"!state.hasPdfPreview\" hidden class=\"wp-block-file__embed\" data=\"https:\/\/cssst.gouv.qc.ca\/laplume\/wp-content\/uploads\/sites\/8\/2026\/04\/2026-04-13_PV-CE-4.pdf\" type=\"application\/pdf\" style=\"width:100%;height:600px\" aria-label=\"Contenu incorpor\u00e9 2026-04-13_PV C\u00c9 4.\"><\/object><a id=\"wp-block-file--media-fcceb3cb-f094-4557-999c-1e94ea65dacc\" href=\"https:\/\/cssst.gouv.qc.ca\/laplume\/wp-content\/uploads\/sites\/8\/2026\/04\/2026-04-13_PV-CE-4.pdf\">2026-04-13_PV C\u00c9 4<\/a><a href=\"https:\/\/cssst.gouv.qc.ca\/laplume\/wp-content\/uploads\/sites\/8\/2026\/04\/2026-04-13_PV-CE-4.pdf\" class=\"wp-block-file__button wp-element-button\" download aria-describedby=\"wp-block-file--media-fcceb3cb-f094-4557-999c-1e94ea65dacc\">T\u00e9l\u00e9charger<\/a><\/div>\n","protected":false},"excerpt":{"rendered":"<p>Pr\u00e9sidente du conseil d&rsquo;\u00e9tablissement M. Alexandre L\u00e9vis Dates des prochaines rencontres 15 juin 2026 17h45 Proc\u00e8s-verbaux<\/p>\n","protected":false},"author":1,"featured_media":0,"parent":8,"menu_order":0,"comment_status":"closed","ping_status":"closed","template":"","meta":{"_acf_changed":false,"inline_featured_image":false,"footnotes":""},"class_list":["post-9","page","type-page","status-publish","hentry"],"acf":[],"yoast_head":"<!-- This site is optimized with the Yoast SEO plugin v27.5 - https:\/\/yoast.com\/product\/yoast-seo-wordpress\/ -->\n<title>Conseil d&#039;\u00e9tablissement - \u00c9cole Laplume<\/title>\n<meta name=\"robots\" content=\"index, follow, max-snippet:-1, max-image-preview:large, max-video-preview:-1\" \/>\n<link rel=\"canonical\" href=\"https:\/\/cssst.gouv.qc.ca\/laplume\/ecole\/comites\/conseil-detablissement\/\" \/>\n<meta property=\"og:locale\" content=\"fr_CA\" \/>\n<meta property=\"og:type\" content=\"article\" \/>\n<meta property=\"og:title\" content=\"Conseil d&#039;\u00e9tablissement - \u00c9cole Laplume\" \/>\n<meta property=\"og:description\" content=\"Pr\u00e9sidente du conseil d&rsquo;\u00e9tablissement M. Alexandre L\u00e9vis Dates des prochaines rencontres 15 juin 2026 17h45 Proc\u00e8s-verbaux\" \/>\n<meta property=\"og:url\" content=\"https:\/\/cssst.gouv.qc.ca\/laplume\/ecole\/comites\/conseil-detablissement\/\" \/>\n<meta property=\"og:site_name\" content=\"\u00c9cole Laplume\" \/>\n<meta property=\"article:publisher\" content=\"https:\/\/www.facebook.com\/profile.php?id=61565317733226\" \/>\n<meta property=\"article:modified_time\" content=\"2026-04-20T18:20:50+00:00\" \/>\n<meta name=\"twitter:card\" content=\"summary_large_image\" \/>\n<meta name=\"twitter:label1\" content=\"Estimation du temps de lecture\" \/>\n\t<meta name=\"twitter:data1\" content=\"1 minute\" \/>\n<script type=\"application\/ld+json\" class=\"yoast-schema-graph\">{\"@context\":\"https:\\\/\\\/schema.org\",\"@graph\":[{\"@type\":\"WebPage\",\"@id\":\"https:\\\/\\\/cssst.gouv.qc.ca\\\/laplume\\\/ecole\\\/comites\\\/conseil-detablissement\\\/\",\"url\":\"https:\\\/\\\/cssst.gouv.qc.ca\\\/laplume\\\/ecole\\\/comites\\\/conseil-detablissement\\\/\",\"name\":\"Conseil d'\u00e9tablissement - \u00c9cole Laplume\",\"isPartOf\":{\"@id\":\"https:\\\/\\\/cssst.gouv.qc.ca\\\/laplume\\\/#website\"},\"datePublished\":\"2023-02-02T14:37:06+00:00\",\"dateModified\":\"2026-04-20T18:20:50+00:00\",\"breadcrumb\":{\"@id\":\"https:\\\/\\\/cssst.gouv.qc.ca\\\/laplume\\\/ecole\\\/comites\\\/conseil-detablissement\\\/#breadcrumb\"},\"inLanguage\":\"fr-CA\",\"potentialAction\":[{\"@type\":\"ReadAction\",\"target\":[\"https:\\\/\\\/cssst.gouv.qc.ca\\\/laplume\\\/ecole\\\/comites\\\/conseil-detablissement\\\/\"]}]},{\"@type\":\"BreadcrumbList\",\"@id\":\"https:\\\/\\\/cssst.gouv.qc.ca\\\/laplume\\\/ecole\\\/comites\\\/conseil-detablissement\\\/#breadcrumb\",\"itemListElement\":[{\"@type\":\"ListItem\",\"position\":1,\"name\":\"Accueil\",\"item\":\"https:\\\/\\\/cssst.gouv.qc.ca\\\/laplume\\\/\"},{\"@type\":\"ListItem\",\"position\":2,\"name\":\"\u00c9cole\",\"item\":\"https:\\\/\\\/cssst.gouv.qc.ca\\\/laplume\\\/ecole\\\/\"},{\"@type\":\"ListItem\",\"position\":3,\"name\":\"Comit\u00e9s\",\"item\":\"https:\\\/\\\/cssst.gouv.qc.ca\\\/laplume\\\/ecole\\\/comites\\\/\"},{\"@type\":\"ListItem\",\"position\":4,\"name\":\"Conseil d&rsquo;\u00e9tablissement\"}]},{\"@type\":\"WebSite\",\"@id\":\"https:\\\/\\\/cssst.gouv.qc.ca\\\/laplume\\\/#website\",\"url\":\"https:\\\/\\\/cssst.gouv.qc.ca\\\/laplume\\\/\",\"name\":\"\u00c9cole Laplume\",\"description\":\"\",\"potentialAction\":[{\"@type\":\"SearchAction\",\"target\":{\"@type\":\"EntryPoint\",\"urlTemplate\":\"https:\\\/\\\/cssst.gouv.qc.ca\\\/laplume\\\/?s={search_term_string}\"},\"query-input\":{\"@type\":\"PropertyValueSpecification\",\"valueRequired\":true,\"valueName\":\"search_term_string\"}}],\"inLanguage\":\"fr-CA\"}]}<\/script>\n<!-- \/ Yoast SEO plugin. -->","yoast_head_json":{"title":"Conseil d'\u00e9tablissement - \u00c9cole Laplume","robots":{"index":"index","follow":"follow","max-snippet":"max-snippet:-1","max-image-preview":"max-image-preview:large","max-video-preview":"max-video-preview:-1"},"canonical":"https:\/\/cssst.gouv.qc.ca\/laplume\/ecole\/comites\/conseil-detablissement\/","og_locale":"fr_CA","og_type":"article","og_title":"Conseil d'\u00e9tablissement - \u00c9cole Laplume","og_description":"Pr\u00e9sidente du conseil d&rsquo;\u00e9tablissement M. Alexandre L\u00e9vis Dates des prochaines rencontres 15 juin 2026 17h45 Proc\u00e8s-verbaux","og_url":"https:\/\/cssst.gouv.qc.ca\/laplume\/ecole\/comites\/conseil-detablissement\/","og_site_name":"\u00c9cole Laplume","article_publisher":"https:\/\/www.facebook.com\/profile.php?id=61565317733226","article_modified_time":"2026-04-20T18:20:50+00:00","twitter_card":"summary_large_image","twitter_misc":{"Estimation du temps de lecture":"1 minute"},"schema":{"@context":"https:\/\/schema.org","@graph":[{"@type":"WebPage","@id":"https:\/\/cssst.gouv.qc.ca\/laplume\/ecole\/comites\/conseil-detablissement\/","url":"https:\/\/cssst.gouv.qc.ca\/laplume\/ecole\/comites\/conseil-detablissement\/","name":"Conseil d'\u00e9tablissement - \u00c9cole Laplume","isPartOf":{"@id":"https:\/\/cssst.gouv.qc.ca\/laplume\/#website"},"datePublished":"2023-02-02T14:37:06+00:00","dateModified":"2026-04-20T18:20:50+00:00","breadcrumb":{"@id":"https:\/\/cssst.gouv.qc.ca\/laplume\/ecole\/comites\/conseil-detablissement\/#breadcrumb"},"inLanguage":"fr-CA","potentialAction":[{"@type":"ReadAction","target":["https:\/\/cssst.gouv.qc.ca\/laplume\/ecole\/comites\/conseil-detablissement\/"]}]},{"@type":"BreadcrumbList","@id":"https:\/\/cssst.gouv.qc.ca\/laplume\/ecole\/comites\/conseil-detablissement\/#breadcrumb","itemListElement":[{"@type":"ListItem","position":1,"name":"Accueil","item":"https:\/\/cssst.gouv.qc.ca\/laplume\/"},{"@type":"ListItem","position":2,"name":"\u00c9cole","item":"https:\/\/cssst.gouv.qc.ca\/laplume\/ecole\/"},{"@type":"ListItem","position":3,"name":"Comit\u00e9s","item":"https:\/\/cssst.gouv.qc.ca\/laplume\/ecole\/comites\/"},{"@type":"ListItem","position":4,"name":"Conseil d&rsquo;\u00e9tablissement"}]},{"@type":"WebSite","@id":"https:\/\/cssst.gouv.qc.ca\/laplume\/#website","url":"https:\/\/cssst.gouv.qc.ca\/laplume\/","name":"\u00c9cole Laplume","description":"","potentialAction":[{"@type":"SearchAction","target":{"@type":"EntryPoint","urlTemplate":"https:\/\/cssst.gouv.qc.ca\/laplume\/?s={search_term_string}"},"query-input":{"@type":"PropertyValueSpecification","valueRequired":true,"valueName":"search_term_string"}}],"inLanguage":"fr-CA"}]}},"_links":{"self":[{"href":"https:\/\/cssst.gouv.qc.ca\/laplume\/wp-json\/wp\/v2\/pages\/9","targetHints":{"allow":["GET"]}}],"collection":[{"href":"https:\/\/cssst.gouv.qc.ca\/laplume\/wp-json\/wp\/v2\/pages"}],"about":[{"href":"https:\/\/cssst.gouv.qc.ca\/laplume\/wp-json\/wp\/v2\/types\/page"}],"author":[{"embeddable":true,"href":"https:\/\/cssst.gouv.qc.ca\/laplume\/wp-json\/wp\/v2\/users\/1"}],"replies":[{"embeddable":true,"href":"https:\/\/cssst.gouv.qc.ca\/laplume\/wp-json\/wp\/v2\/comments?post=9"}],"version-history":[{"count":0,"href":"https:\/\/cssst.gouv.qc.ca\/laplume\/wp-json\/wp\/v2\/pages\/9\/revisions"}],"up":[{"embeddable":true,"href":"https:\/\/cssst.gouv.qc.ca\/laplume\/wp-json\/wp\/v2\/pages\/8"}],"wp:attachment":[{"href":"https:\/\/cssst.gouv.qc.ca\/laplume\/wp-json\/wp\/v2\/media?parent=9"}],"curies":[{"name":"wp","href":"https:\/\/api.w.org\/{rel}","templated":true}]}}