{"id":19,"date":"2023-02-02T10:44:23","date_gmt":"2023-02-02T15:44:23","guid":{"rendered":"https:\/\/cssst.gouv.qc.ca\/fernand-lefebvre\/services\/orientation\/"},"modified":"2025-01-10T10:16:33","modified_gmt":"2025-01-10T15:16:33","slug":"orientation","status":"publish","type":"page","link":"https:\/\/cssst.gouv.qc.ca\/fernand-lefebvre\/services\/orientation\/","title":{"rendered":"Orientation"},"content":{"rendered":"\n<figure class=\"wp-block-image size-large\"><img loading=\"lazy\" decoding=\"async\" width=\"1024\" height=\"653\" src=\"http:\/\/cssst.gouv.qc.ca\/fernand-lefebvre\/wp-content\/uploads\/sites\/21\/2024\/10\/screen_2x-1024x653.jpg\" alt=\"\" class=\"wp-image-453\" srcset=\"https:\/\/cssst.gouv.qc.ca\/fernand-lefebvre\/wp-content\/uploads\/sites\/21\/2024\/10\/screen_2x-1024x653.jpg 1024w, https:\/\/cssst.gouv.qc.ca\/fernand-lefebvre\/wp-content\/uploads\/sites\/21\/2024\/10\/screen_2x-300x191.jpg 300w, https:\/\/cssst.gouv.qc.ca\/fernand-lefebvre\/wp-content\/uploads\/sites\/21\/2024\/10\/screen_2x-768x490.jpg 768w, https:\/\/cssst.gouv.qc.ca\/fernand-lefebvre\/wp-content\/uploads\/sites\/21\/2024\/10\/screen_2x-1536x980.jpg 1536w, https:\/\/cssst.gouv.qc.ca\/fernand-lefebvre\/wp-content\/uploads\/sites\/21\/2024\/10\/screen_2x.jpg 1600w\" sizes=\"auto, (max-width: 1024px) 100vw, 1024px\" \/><\/figure>\n\n\n\n\n<p class=\"has-text-align-center act-lead has-large-font-size\"><strong>Service d&rsquo;orientation de Fernand-Lefebvre<\/strong><\/p>\n\n\n\n\n<div style=\"height:3px\" aria-hidden=\"true\" class=\"wp-block-spacer\"><\/div>\n\n\n\n<p>Notre service d&rsquo;orientation est disponible pour nos \u00e9l\u00e8ves tout au long de leur parcours scolaire.<\/p>\n\n\n\n<p>Les \u00e9l\u00e8ves peuvent prendre rendez-vous avec un conseiller en remplissant un formulaire au service d&rsquo;orientation.<\/p>\n\n\n\n<div style=\"height:30px\" aria-hidden=\"true\" class=\"wp-block-spacer\"><\/div>\n\n\n\n<p>Audrey Morin, conseill\u00e8re en orientation &#8211; poste 1523 &#8211; bureau A-040<\/p>\n\n\n\n<p>Suzanne Frenette, conseill\u00e8re en orientation &#8211; poste 1526 &#8211; bureau A-043<\/p>\n\n\n\n<p>Maxime Gauthier-Lafond, conseiller en orientation &#8211; poste 1527 &#8211; bureau A-044<\/p>\n\n\n\n<hr class=\"wp-block-separator has-alpha-channel-opacity\" \/>\n\n\n\n<p>Voici quelques documents avec des informations tr\u00e8s utiles qui r\u00e9pondront \u00e0 beaucoup de vos questions.<\/p>\n\n\n<nav class=\"align act-quick-links\">\n    <ul class=\"act-quick-links__wrapper\">\n        <li class=\"act-quick-links__item\">\n                    <a href=\"http:\/\/cssst.gouv.qc.ca\/fernand-lefebvre\/wp-content\/uploads\/sites\/21\/2025\/01\/Parcours-scolaire.pdf\" class=\"act-quick-links__link\" target=\"\">\n                        <div class=\"act-quick-links__icon\"><\/div>\n                        <span class=\"act-quick-links__text\">Le parcours scolaire<\/span>\n                    <\/a>\n                <\/li>    <\/ul>\n<\/nav>\n\n\n<nav class=\"align act-quick-links\">\n    <ul class=\"act-quick-links__wrapper\">\n        <li class=\"act-quick-links__item\">\n                    <a href=\"http:\/\/cssst.gouv.qc.ca\/fernand-lefebvre\/wp-content\/uploads\/sites\/21\/2025\/01\/Parcours-adaptes-2022-06-07.pdf\" class=\"act-quick-links__link\" target=\"_blank\">\n                        <div class=\"act-quick-links__icon\"><\/div>\n                        <span class=\"act-quick-links__text\">Les parcours adapt\u00e9s<\/span>\n                    <\/a>\n                <\/li>    <\/ul>\n<\/nav>\n\n\n<nav class=\"align act-quick-links\">\n    <ul class=\"act-quick-links__wrapper\">\n        <li class=\"act-quick-links__item\">\n                    <a href=\"http:\/\/cssst.gouv.qc.ca\/fernand-lefebvre\/wp-content\/uploads\/sites\/21\/2025\/01\/Prealables-obtention-DES-2024-Pour-impression.pdf\" class=\"act-quick-links__link\" target=\"_blank\">\n                        <div class=\"act-quick-links__icon\"><\/div>\n                        <span class=\"act-quick-links__text\">Pr\u00e9alables &#8211; obtention DES 2024<\/span>\n                    <\/a>\n                <\/li>    <\/ul>\n<\/nav>\n\n\n<nav class=\"align act-quick-links\">\n    <ul class=\"act-quick-links__wrapper\">\n        <li class=\"act-quick-links__item\">\n                    <a href=\"http:\/\/cssst.gouv.qc.ca\/fernand-lefebvre\/wp-content\/uploads\/sites\/21\/2025\/01\/Maquette-de-cours-2024-2025.pdf\" class=\"act-quick-links__link\" target=\"_blank\">\n                        <div class=\"act-quick-links__icon\"><\/div>\n                        <span class=\"act-quick-links__text\">Maquette de cours 2024-2025<\/span>\n                    <\/a>\n                <\/li>    <\/ul>\n<\/nav>\n\n\n<nav class=\"align is-style-default act-quick-links\">\n    <ul class=\"act-quick-links__wrapper\">\n        <li class=\"act-quick-links__item\">\n                    <a href=\"http:\/\/cssst.gouv.qc.ca\/fernand-lefebvre\/wp-content\/uploads\/sites\/21\/2025\/01\/Les-sequences-de-math-version-a-imprimer.pdf\" class=\"act-quick-links__link\" target=\"_blank\">\n                        <div class=\"act-quick-links__icon\"><\/div>\n                        <span class=\"act-quick-links__text\">Les s\u00e9quences de math\u00e9matique<\/span>\n                    <\/a>\n                <\/li>    <\/ul>\n<\/nav>\n\n\n<nav class=\"aligncenter act-quick-links\">\n    <ul class=\"act-quick-links__wrapper\">\n        <li class=\"act-quick-links__item\">\n                    <a href=\"http:\/\/cssst.gouv.qc.ca\/fernand-lefebvre\/wp-content\/uploads\/sites\/21\/2025\/01\/Les-formations-collegiales-et-leurs-conditions-minimales-8-sept-2020.pdf\" class=\"act-quick-links__link\" target=\"_blank\">\n                        <div class=\"act-quick-links__icon\"><\/div>\n                        <span class=\"act-quick-links__text\">Les formations coll\u00e9giales et leur conditions minimales<\/span>\n                    <\/a>\n                <\/li>    <\/ul>\n<\/nav>\n\n\n<nav class=\"align act-quick-links\">\n    <ul class=\"act-quick-links__wrapper\">\n        <li class=\"act-quick-links__item\">\n                    <a href=\"http:\/\/cssst.gouv.qc.ca\/fernand-lefebvre\/wp-content\/uploads\/sites\/21\/2025\/01\/Liste-DEP-Mise-a-jour-mai-2023.pdf\" class=\"act-quick-links__link\" target=\"\">\n                        <div class=\"act-quick-links__icon\"><\/div>\n                        <span class=\"act-quick-links__text\">Liste des DEP &#8211; mise \u00e0 jour &#8211; mai 2023<\/span>\n                    <\/a>\n                <\/li>    <\/ul>\n<\/nav>\n\n\n\n<figure class=\"wp-block-image aligncenter size-full\"><img loading=\"lazy\" decoding=\"async\" width=\"550\" height=\"367\" src=\"http:\/\/cssst.gouv.qc.ca\/fernand-lefebvre\/wp-content\/uploads\/sites\/21\/2024\/10\/tl7.webp\" alt=\"\" class=\"wp-image-454\" srcset=\"https:\/\/cssst.gouv.qc.ca\/fernand-lefebvre\/wp-content\/uploads\/sites\/21\/2024\/10\/tl7.webp 550w, https:\/\/cssst.gouv.qc.ca\/fernand-lefebvre\/wp-content\/uploads\/sites\/21\/2024\/10\/tl7-300x200.webp 300w\" sizes=\"auto, (max-width: 550px) 100vw, 550px\" \/><\/figure>\n\n\n\n<p><\/p>\n","protected":false},"excerpt":{"rendered":"<p>Notre service d&rsquo;orientation est disponible pour nos \u00e9l\u00e8ves tout au long de leur parcours scolaire. Les \u00e9l\u00e8ves peuvent prendre rendez-vous avec un conseiller en remplissant un formulaire au service d&rsquo;orientation. Audrey Morin, conseill\u00e8re en orientation &#8211; poste 1523 &#8211; bureau A-040 Suzanne Frenette, conseill\u00e8re en orientation &#8211; poste 1526 &#8211; bureau A-043 Maxime Gauthier-Lafond, conseiller [&hellip;]<\/p>\n","protected":false},"author":1,"featured_media":453,"parent":16,"menu_order":0,"comment_status":"closed","ping_status":"closed","template":"","meta":{"_acf_changed":false,"inline_featured_image":false,"footnotes":""},"class_list":["post-19","page","type-page","status-publish","has-post-thumbnail","hentry"],"acf":[],"yoast_head":"<!-- This site is optimized with the Yoast SEO plugin v27.5 - https:\/\/yoast.com\/product\/yoast-seo-wordpress\/ -->\n<title>Orientation - \u00c9cole Secondaire Fernand-Lefebvre<\/title>\n<meta name=\"robots\" content=\"index, follow, max-snippet:-1, max-image-preview:large, max-video-preview:-1\" \/>\n<link rel=\"canonical\" href=\"https:\/\/cssst.gouv.qc.ca\/fernand-lefebvre\/services\/orientation\/\" \/>\n<meta property=\"og:locale\" content=\"fr_CA\" \/>\n<meta property=\"og:type\" content=\"article\" \/>\n<meta property=\"og:title\" content=\"Orientation - \u00c9cole Secondaire Fernand-Lefebvre\" \/>\n<meta property=\"og:description\" content=\"Notre service d&rsquo;orientation est disponible pour nos \u00e9l\u00e8ves tout au long de leur parcours scolaire. Les \u00e9l\u00e8ves peuvent prendre rendez-vous avec un conseiller en remplissant un formulaire au service d&rsquo;orientation. Audrey Morin, conseill\u00e8re en orientation &#8211; poste 1523 &#8211; bureau A-040 Suzanne Frenette, conseill\u00e8re en orientation &#8211; poste 1526 &#8211; bureau A-043 Maxime Gauthier-Lafond, conseiller [&hellip;]\" \/>\n<meta property=\"og:url\" content=\"https:\/\/cssst.gouv.qc.ca\/fernand-lefebvre\/services\/orientation\/\" \/>\n<meta property=\"og:site_name\" content=\"\u00c9cole Secondaire Fernand-Lefebvre\" \/>\n<meta property=\"article:publisher\" content=\"https:\/\/www.facebook.com\/cssoreltracy\/?locale=fr_CA\" \/>\n<meta property=\"article:modified_time\" content=\"2025-01-10T15:16:33+00:00\" \/>\n<meta property=\"og:image\" content=\"http:\/\/cssst.gouv.qc.ca\/fernand-lefebvre\/wp-content\/uploads\/sites\/21\/2024\/10\/screen_2x.jpg\" \/>\n\t<meta property=\"og:image:width\" content=\"1600\" \/>\n\t<meta property=\"og:image:height\" content=\"1021\" \/>\n\t<meta property=\"og:image:type\" content=\"image\/jpeg\" \/>\n<meta name=\"twitter:card\" content=\"summary_large_image\" \/>\n<meta name=\"twitter:label1\" content=\"Estimation du temps de lecture\" \/>\n\t<meta name=\"twitter:data1\" content=\"1 minute\" \/>\n<script type=\"application\/ld+json\" class=\"yoast-schema-graph\">{\"@context\":\"https:\\\/\\\/schema.org\",\"@graph\":[{\"@type\":\"WebPage\",\"@id\":\"https:\\\/\\\/cssst.gouv.qc.ca\\\/fernand-lefebvre\\\/services\\\/orientation\\\/\",\"url\":\"https:\\\/\\\/cssst.gouv.qc.ca\\\/fernand-lefebvre\\\/services\\\/orientation\\\/\",\"name\":\"Orientation - \u00c9cole Secondaire Fernand-Lefebvre\",\"isPartOf\":{\"@id\":\"https:\\\/\\\/cssst.gouv.qc.ca\\\/fernand-lefebvre\\\/#website\"},\"primaryImageOfPage\":{\"@id\":\"https:\\\/\\\/cssst.gouv.qc.ca\\\/fernand-lefebvre\\\/services\\\/orientation\\\/#primaryimage\"},\"image\":{\"@id\":\"https:\\\/\\\/cssst.gouv.qc.ca\\\/fernand-lefebvre\\\/services\\\/orientation\\\/#primaryimage\"},\"thumbnailUrl\":\"https:\\\/\\\/cssst.gouv.qc.ca\\\/fernand-lefebvre\\\/wp-content\\\/uploads\\\/sites\\\/21\\\/2024\\\/10\\\/screen_2x.jpg\",\"datePublished\":\"2023-02-02T15:44:23+00:00\",\"dateModified\":\"2025-01-10T15:16:33+00:00\",\"breadcrumb\":{\"@id\":\"https:\\\/\\\/cssst.gouv.qc.ca\\\/fernand-lefebvre\\\/services\\\/orientation\\\/#breadcrumb\"},\"inLanguage\":\"fr-CA\",\"potentialAction\":[{\"@type\":\"ReadAction\",\"target\":[\"https:\\\/\\\/cssst.gouv.qc.ca\\\/fernand-lefebvre\\\/services\\\/orientation\\\/\"]}]},{\"@type\":\"ImageObject\",\"inLanguage\":\"fr-CA\",\"@id\":\"https:\\\/\\\/cssst.gouv.qc.ca\\\/fernand-lefebvre\\\/services\\\/orientation\\\/#primaryimage\",\"url\":\"https:\\\/\\\/cssst.gouv.qc.ca\\\/fernand-lefebvre\\\/wp-content\\\/uploads\\\/sites\\\/21\\\/2024\\\/10\\\/screen_2x.jpg\",\"contentUrl\":\"https:\\\/\\\/cssst.gouv.qc.ca\\\/fernand-lefebvre\\\/wp-content\\\/uploads\\\/sites\\\/21\\\/2024\\\/10\\\/screen_2x.jpg\",\"width\":1600,\"height\":1021,\"caption\":\"Mining compass\"},{\"@type\":\"BreadcrumbList\",\"@id\":\"https:\\\/\\\/cssst.gouv.qc.ca\\\/fernand-lefebvre\\\/services\\\/orientation\\\/#breadcrumb\",\"itemListElement\":[{\"@type\":\"ListItem\",\"position\":1,\"name\":\"Accueil\",\"item\":\"https:\\\/\\\/cssst.gouv.qc.ca\\\/fernand-lefebvre\\\/\"},{\"@type\":\"ListItem\",\"position\":2,\"name\":\"Services\",\"item\":\"https:\\\/\\\/cssst.gouv.qc.ca\\\/fernand-lefebvre\\\/services\\\/\"},{\"@type\":\"ListItem\",\"position\":3,\"name\":\"Orientation\"}]},{\"@type\":\"WebSite\",\"@id\":\"https:\\\/\\\/cssst.gouv.qc.ca\\\/fernand-lefebvre\\\/#website\",\"url\":\"https:\\\/\\\/cssst.gouv.qc.ca\\\/fernand-lefebvre\\\/\",\"name\":\"\u00c9cole Secondaire Fernand-Lefebvre\",\"description\":\"\",\"potentialAction\":[{\"@type\":\"SearchAction\",\"target\":{\"@type\":\"EntryPoint\",\"urlTemplate\":\"https:\\\/\\\/cssst.gouv.qc.ca\\\/fernand-lefebvre\\\/?s={search_term_string}\"},\"query-input\":{\"@type\":\"PropertyValueSpecification\",\"valueRequired\":true,\"valueName\":\"search_term_string\"}}],\"inLanguage\":\"fr-CA\"}]}<\/script>\n<!-- \/ Yoast SEO plugin. -->","yoast_head_json":{"title":"Orientation - \u00c9cole Secondaire Fernand-Lefebvre","robots":{"index":"index","follow":"follow","max-snippet":"max-snippet:-1","max-image-preview":"max-image-preview:large","max-video-preview":"max-video-preview:-1"},"canonical":"https:\/\/cssst.gouv.qc.ca\/fernand-lefebvre\/services\/orientation\/","og_locale":"fr_CA","og_type":"article","og_title":"Orientation - \u00c9cole Secondaire Fernand-Lefebvre","og_description":"Notre service d&rsquo;orientation est disponible pour nos \u00e9l\u00e8ves tout au long de leur parcours scolaire. Les \u00e9l\u00e8ves peuvent prendre rendez-vous avec un conseiller en remplissant un formulaire au service d&rsquo;orientation. Audrey Morin, conseill\u00e8re en orientation &#8211; poste 1523 &#8211; bureau A-040 Suzanne Frenette, conseill\u00e8re en orientation &#8211; poste 1526 &#8211; bureau A-043 Maxime Gauthier-Lafond, conseiller [&hellip;]","og_url":"https:\/\/cssst.gouv.qc.ca\/fernand-lefebvre\/services\/orientation\/","og_site_name":"\u00c9cole Secondaire Fernand-Lefebvre","article_publisher":"https:\/\/www.facebook.com\/cssoreltracy\/?locale=fr_CA","article_modified_time":"2025-01-10T15:16:33+00:00","og_image":[{"width":1600,"height":1021,"url":"http:\/\/cssst.gouv.qc.ca\/fernand-lefebvre\/wp-content\/uploads\/sites\/21\/2024\/10\/screen_2x.jpg","type":"image\/jpeg"}],"twitter_card":"summary_large_image","twitter_misc":{"Estimation du temps de lecture":"1 minute"},"schema":{"@context":"https:\/\/schema.org","@graph":[{"@type":"WebPage","@id":"https:\/\/cssst.gouv.qc.ca\/fernand-lefebvre\/services\/orientation\/","url":"https:\/\/cssst.gouv.qc.ca\/fernand-lefebvre\/services\/orientation\/","name":"Orientation - \u00c9cole Secondaire Fernand-Lefebvre","isPartOf":{"@id":"https:\/\/cssst.gouv.qc.ca\/fernand-lefebvre\/#website"},"primaryImageOfPage":{"@id":"https:\/\/cssst.gouv.qc.ca\/fernand-lefebvre\/services\/orientation\/#primaryimage"},"image":{"@id":"https:\/\/cssst.gouv.qc.ca\/fernand-lefebvre\/services\/orientation\/#primaryimage"},"thumbnailUrl":"https:\/\/cssst.gouv.qc.ca\/fernand-lefebvre\/wp-content\/uploads\/sites\/21\/2024\/10\/screen_2x.jpg","datePublished":"2023-02-02T15:44:23+00:00","dateModified":"2025-01-10T15:16:33+00:00","breadcrumb":{"@id":"https:\/\/cssst.gouv.qc.ca\/fernand-lefebvre\/services\/orientation\/#breadcrumb"},"inLanguage":"fr-CA","potentialAction":[{"@type":"ReadAction","target":["https:\/\/cssst.gouv.qc.ca\/fernand-lefebvre\/services\/orientation\/"]}]},{"@type":"ImageObject","inLanguage":"fr-CA","@id":"https:\/\/cssst.gouv.qc.ca\/fernand-lefebvre\/services\/orientation\/#primaryimage","url":"https:\/\/cssst.gouv.qc.ca\/fernand-lefebvre\/wp-content\/uploads\/sites\/21\/2024\/10\/screen_2x.jpg","contentUrl":"https:\/\/cssst.gouv.qc.ca\/fernand-lefebvre\/wp-content\/uploads\/sites\/21\/2024\/10\/screen_2x.jpg","width":1600,"height":1021,"caption":"Mining compass"},{"@type":"BreadcrumbList","@id":"https:\/\/cssst.gouv.qc.ca\/fernand-lefebvre\/services\/orientation\/#breadcrumb","itemListElement":[{"@type":"ListItem","position":1,"name":"Accueil","item":"https:\/\/cssst.gouv.qc.ca\/fernand-lefebvre\/"},{"@type":"ListItem","position":2,"name":"Services","item":"https:\/\/cssst.gouv.qc.ca\/fernand-lefebvre\/services\/"},{"@type":"ListItem","position":3,"name":"Orientation"}]},{"@type":"WebSite","@id":"https:\/\/cssst.gouv.qc.ca\/fernand-lefebvre\/#website","url":"https:\/\/cssst.gouv.qc.ca\/fernand-lefebvre\/","name":"\u00c9cole Secondaire Fernand-Lefebvre","description":"","potentialAction":[{"@type":"SearchAction","target":{"@type":"EntryPoint","urlTemplate":"https:\/\/cssst.gouv.qc.ca\/fernand-lefebvre\/?s={search_term_string}"},"query-input":{"@type":"PropertyValueSpecification","valueRequired":true,"valueName":"search_term_string"}}],"inLanguage":"fr-CA"}]}},"_links":{"self":[{"href":"https:\/\/cssst.gouv.qc.ca\/fernand-lefebvre\/wp-json\/wp\/v2\/pages\/19","targetHints":{"allow":["GET"]}}],"collection":[{"href":"https:\/\/cssst.gouv.qc.ca\/fernand-lefebvre\/wp-json\/wp\/v2\/pages"}],"about":[{"href":"https:\/\/cssst.gouv.qc.ca\/fernand-lefebvre\/wp-json\/wp\/v2\/types\/page"}],"author":[{"embeddable":true,"href":"https:\/\/cssst.gouv.qc.ca\/fernand-lefebvre\/wp-json\/wp\/v2\/users\/1"}],"replies":[{"embeddable":true,"href":"https:\/\/cssst.gouv.qc.ca\/fernand-lefebvre\/wp-json\/wp\/v2\/comments?post=19"}],"version-history":[{"count":0,"href":"https:\/\/cssst.gouv.qc.ca\/fernand-lefebvre\/wp-json\/wp\/v2\/pages\/19\/revisions"}],"up":[{"embeddable":true,"href":"https:\/\/cssst.gouv.qc.ca\/fernand-lefebvre\/wp-json\/wp\/v2\/pages\/16"}],"wp:featuredmedia":[{"embeddable":true,"href":"https:\/\/cssst.gouv.qc.ca\/fernand-lefebvre\/wp-json\/wp\/v2\/media\/453"}],"wp:attachment":[{"href":"https:\/\/cssst.gouv.qc.ca\/fernand-lefebvre\/wp-json\/wp\/v2\/media?parent=19"}],"curies":[{"name":"wp","href":"https:\/\/api.w.org\/{rel}","templated":true}]}}