{"id":11,"date":"2023-02-02T10:44:20","date_gmt":"2023-02-02T15:44:20","guid":{"rendered":"https:\/\/cssst.gouv.qc.ca\/fernand-lefebvre\/ecole\/comites\/conseil-detablissement\/"},"modified":"2025-10-09T15:59:48","modified_gmt":"2025-10-09T19:59:48","slug":"conseil-detablissement","status":"publish","type":"page","link":"https:\/\/cssst.gouv.qc.ca\/fernand-lefebvre\/ecole\/comites\/conseil-detablissement\/","title":{"rendered":"Conseil d&rsquo;\u00e9tablissement 2024-2025"},"content":{"rendered":"\n<p><strong>Membres du C\u00c9<\/strong><\/p>\n\n\n\n<div class=\"wp-block-group\">\n<div class=\"wp-block-group\">\n<figure class=\"wp-block-table\"><table class=\"has-fixed-layout\"><tbody><tr><td>Courchesne, Fr\u00e9d\u00e9rick<\/td><td>Millette, Kristine<\/td><\/tr><tr><td>Guertin, Catherine<\/td><td>Millette, Tommy<\/td><\/tr><tr><td>Masson, Keven<\/td><td>Morin, Audrey<\/td><\/tr><\/tbody><\/table><figcaption class=\"wp-element-caption\"><strong>Membres du personnel<\/strong><\/figcaption><\/figure>\n<\/div>\n<\/div>\n\n\n\n<div style=\"height:20px\" aria-hidden=\"true\" class=\"wp-block-spacer\"><\/div>\n\n\n\n<figure class=\"wp-block-table alignfull\"><table><tbody><tr><td>Allard, Genevi\u00e8ve<\/td><td>Chabot, Marilyn<\/td><\/tr><tr><td>Arseneault, M\u00e9lanie<\/td><td>Lemieux, Cathie<\/td><\/tr><tr><td>Biletskyi, Maksym<\/td><td>Parent, Catherine<\/td><\/tr><\/tbody><\/table><figcaption class=\"wp-element-caption\"><strong>Parents<\/strong><\/figcaption><\/figure>\n\n\n\n<figure class=\"wp-block-table\"><table class=\"has-fixed-layout\"><tbody><tr><td>Dionne, \u00c9l\u00e9onore<\/td><td>F\u00e9lix Falardeau<\/td><\/tr><\/tbody><\/table><figcaption class=\"wp-element-caption\"><strong>\u00c9l\u00e8ves<\/strong><\/figcaption><\/figure>\n\n\n\n<div style=\"height:20px\" aria-hidden=\"true\" class=\"wp-block-spacer\"><\/div>\n\n\n\n<div data-wp-interactive=\"core\/file\" class=\"wp-block-file\"><object data-wp-bind--hidden=\"!state.hasPdfPreview\" hidden class=\"wp-block-file__embed\" data=\"https:\/\/cssst.gouv.qc.ca\/fernand-lefebvre\/wp-content\/uploads\/sites\/21\/2024\/11\/Calendrier-rencontres-2024-25-ESFL.pdf\" type=\"application\/pdf\" style=\"width:100%;height:600px\" aria-label=\"Contenu incorpor\u00e9 Calendrier rencontres 2024-25 - ESFL.\"><\/object><a id=\"wp-block-file--media-d814be88-ade7-42d9-a553-50f1752d5ea3\" href=\"https:\/\/cssst.gouv.qc.ca\/fernand-lefebvre\/wp-content\/uploads\/sites\/21\/2024\/11\/Calendrier-rencontres-2024-25-ESFL.pdf\">Calendrier rencontres 2024-25 &#8211; ESFL<\/a><a href=\"https:\/\/cssst.gouv.qc.ca\/fernand-lefebvre\/wp-content\/uploads\/sites\/21\/2024\/11\/Calendrier-rencontres-2024-25-ESFL.pdf\" class=\"wp-block-file__button wp-element-button\" download aria-describedby=\"wp-block-file--media-d814be88-ade7-42d9-a553-50f1752d5ea3\">T\u00e9l\u00e9charger<\/a><\/div>\n\n\n\n<hr class=\"wp-block-separator has-alpha-channel-opacity\" \/>\n\n\n<nav class=\"aligncenter act-quick-links\">\n    <ul class=\"act-quick-links__wrapper\">\n        <li class=\"act-quick-links__item\">\n                    <a href=\"http:\/\/cssst.gouv.qc.ca\/fernand-lefebvre\/wp-content\/uploads\/sites\/21\/2025\/01\/PV-FL-20240925-1.pdf\" class=\"act-quick-links__link\" target=\"_blank\">\n                        <div class=\"act-quick-links__icon\"><\/div>\n                        <span class=\"act-quick-links__text\">Proc\u00e8s-verbal &#8211; 25 septembre 2024<\/span>\n                    <\/a>\n                <\/li><li class=\"act-quick-links__item\">\n                    <a href=\"http:\/\/cssst.gouv.qc.ca\/fernand-lefebvre\/wp-content\/uploads\/sites\/21\/2025\/01\/PV-FL-20241106.pdf\" class=\"act-quick-links__link\" target=\"_blank\">\n                        <div class=\"act-quick-links__icon\"><\/div>\n                        <span class=\"act-quick-links__text\">Proc\u00e8s-verbal &#8211; 6 novembre 2025<\/span>\n                    <\/a>\n                <\/li>    <\/ul>\n<\/nav>\n\n\n<nav class=\"aligncenter act-quick-links\">\n    <ul class=\"act-quick-links__wrapper\">\n        <li class=\"act-quick-links__item\">\n                    <a href=\"http:\/\/cssst.gouv.qc.ca\/fernand-lefebvre\/wp-content\/uploads\/sites\/21\/2025\/01\/PV-FL-20241211.pdf\" class=\"act-quick-links__link\" target=\"_blank\">\n                        <div class=\"act-quick-links__icon\"><\/div>\n                        <span class=\"act-quick-links__text\">Proc\u00e8s-verbal &#8211; 11 d\u00e9cembre 2024<\/span>\n                    <\/a>\n                <\/li><li class=\"act-quick-links__item\">\n                    <a href=\"http:\/\/cssst.gouv.qc.ca\/fernand-lefebvre\/wp-content\/uploads\/sites\/21\/2025\/01\/PV-FL-20241216.pdf\" class=\"act-quick-links__link\" target=\"_blank\">\n                        <div class=\"act-quick-links__icon\"><\/div>\n                        <span class=\"act-quick-links__text\">Proc\u00e8s-verbal &#8211; 16 d\u00e9cembre 2024<\/span>\n                    <\/a>\n                <\/li>    <\/ul>\n<\/nav>\n\n\n<nav class=\"align act-quick-links\">\n    <ul class=\"act-quick-links__wrapper\">\n        <li class=\"act-quick-links__item\">\n                    <a href=\"http:\/\/cssst.gouv.qc.ca\/fernand-lefebvre\/wp-content\/uploads\/sites\/21\/2025\/04\/PV-FL-20250226.pdf\" class=\"act-quick-links__link\" target=\"_blank\">\n                        <div class=\"act-quick-links__icon\"><\/div>\n                        <span class=\"act-quick-links__text\">Proc\u00e8s-verbal &#8211; 26 f\u00e9vrier 2025<\/span>\n                    <\/a>\n                <\/li>    <\/ul>\n<\/nav>\n","protected":false},"excerpt":{"rendered":"<p>Membres du C\u00c9 Courchesne, Fr\u00e9d\u00e9rick Millette, Kristine Guertin, Catherine Millette, Tommy Masson, Keven Morin, Audrey Membres du personnel Allard, Genevi\u00e8ve Chabot, Marilyn Arseneault, M\u00e9lanie Lemieux, Cathie Biletskyi, Maksym Parent, Catherine Parents Dionne, \u00c9l\u00e9onore F\u00e9lix Falardeau \u00c9l\u00e8ves<\/p>\n","protected":false},"author":1,"featured_media":0,"parent":10,"menu_order":2,"comment_status":"closed","ping_status":"closed","template":"","meta":{"_acf_changed":false,"inline_featured_image":false,"footnotes":""},"class_list":["post-11","page","type-page","status-publish","hentry"],"acf":[],"yoast_head":"<!-- This site is optimized with the Yoast SEO plugin v27.4 - https:\/\/yoast.com\/product\/yoast-seo-wordpress\/ -->\n<title>Conseil d&#039;\u00e9tablissement 2024-2025 - \u00c9cole Secondaire Fernand-Lefebvre<\/title>\n<meta name=\"robots\" content=\"index, follow, max-snippet:-1, max-image-preview:large, max-video-preview:-1\" \/>\n<link rel=\"canonical\" href=\"https:\/\/cssst.gouv.qc.ca\/fernand-lefebvre\/ecole\/comites\/conseil-detablissement\/\" \/>\n<meta property=\"og:locale\" content=\"fr_CA\" \/>\n<meta property=\"og:type\" content=\"article\" \/>\n<meta property=\"og:title\" content=\"Conseil d&#039;\u00e9tablissement 2024-2025 - \u00c9cole Secondaire Fernand-Lefebvre\" \/>\n<meta property=\"og:description\" content=\"Membres du C\u00c9 Courchesne, Fr\u00e9d\u00e9rick Millette, Kristine Guertin, Catherine Millette, Tommy Masson, Keven Morin, Audrey Membres du personnel Allard, Genevi\u00e8ve Chabot, Marilyn Arseneault, M\u00e9lanie Lemieux, Cathie Biletskyi, Maksym Parent, Catherine Parents Dionne, \u00c9l\u00e9onore F\u00e9lix Falardeau \u00c9l\u00e8ves\" \/>\n<meta property=\"og:url\" content=\"https:\/\/cssst.gouv.qc.ca\/fernand-lefebvre\/ecole\/comites\/conseil-detablissement\/\" \/>\n<meta property=\"og:site_name\" content=\"\u00c9cole Secondaire Fernand-Lefebvre\" \/>\n<meta property=\"article:publisher\" content=\"https:\/\/www.facebook.com\/cssoreltracy\/?locale=fr_CA\" \/>\n<meta property=\"article:modified_time\" content=\"2025-10-09T19:59:48+00:00\" \/>\n<meta name=\"twitter:card\" content=\"summary_large_image\" \/>\n<meta name=\"twitter:label1\" content=\"Estimation du temps de lecture\" \/>\n\t<meta name=\"twitter:data1\" content=\"1 minute\" \/>\n<script type=\"application\/ld+json\" class=\"yoast-schema-graph\">{\"@context\":\"https:\\\/\\\/schema.org\",\"@graph\":[{\"@type\":\"WebPage\",\"@id\":\"https:\\\/\\\/cssst.gouv.qc.ca\\\/fernand-lefebvre\\\/ecole\\\/comites\\\/conseil-detablissement\\\/\",\"url\":\"https:\\\/\\\/cssst.gouv.qc.ca\\\/fernand-lefebvre\\\/ecole\\\/comites\\\/conseil-detablissement\\\/\",\"name\":\"Conseil d'\u00e9tablissement 2024-2025 - \u00c9cole Secondaire Fernand-Lefebvre\",\"isPartOf\":{\"@id\":\"https:\\\/\\\/cssst.gouv.qc.ca\\\/fernand-lefebvre\\\/#website\"},\"datePublished\":\"2023-02-02T15:44:20+00:00\",\"dateModified\":\"2025-10-09T19:59:48+00:00\",\"breadcrumb\":{\"@id\":\"https:\\\/\\\/cssst.gouv.qc.ca\\\/fernand-lefebvre\\\/ecole\\\/comites\\\/conseil-detablissement\\\/#breadcrumb\"},\"inLanguage\":\"fr-CA\",\"potentialAction\":[{\"@type\":\"ReadAction\",\"target\":[\"https:\\\/\\\/cssst.gouv.qc.ca\\\/fernand-lefebvre\\\/ecole\\\/comites\\\/conseil-detablissement\\\/\"]}]},{\"@type\":\"BreadcrumbList\",\"@id\":\"https:\\\/\\\/cssst.gouv.qc.ca\\\/fernand-lefebvre\\\/ecole\\\/comites\\\/conseil-detablissement\\\/#breadcrumb\",\"itemListElement\":[{\"@type\":\"ListItem\",\"position\":1,\"name\":\"Accueil\",\"item\":\"https:\\\/\\\/cssst.gouv.qc.ca\\\/fernand-lefebvre\\\/\"},{\"@type\":\"ListItem\",\"position\":2,\"name\":\"\u00c9cole\",\"item\":\"https:\\\/\\\/cssst.gouv.qc.ca\\\/fernand-lefebvre\\\/ecole\\\/\"},{\"@type\":\"ListItem\",\"position\":3,\"name\":\"Comit\u00e9s\",\"item\":\"https:\\\/\\\/cssst.gouv.qc.ca\\\/fernand-lefebvre\\\/ecole\\\/comites\\\/\"},{\"@type\":\"ListItem\",\"position\":4,\"name\":\"Conseil d&rsquo;\u00e9tablissement 2024-2025\"}]},{\"@type\":\"WebSite\",\"@id\":\"https:\\\/\\\/cssst.gouv.qc.ca\\\/fernand-lefebvre\\\/#website\",\"url\":\"https:\\\/\\\/cssst.gouv.qc.ca\\\/fernand-lefebvre\\\/\",\"name\":\"\u00c9cole Secondaire Fernand-Lefebvre\",\"description\":\"\",\"potentialAction\":[{\"@type\":\"SearchAction\",\"target\":{\"@type\":\"EntryPoint\",\"urlTemplate\":\"https:\\\/\\\/cssst.gouv.qc.ca\\\/fernand-lefebvre\\\/?s={search_term_string}\"},\"query-input\":{\"@type\":\"PropertyValueSpecification\",\"valueRequired\":true,\"valueName\":\"search_term_string\"}}],\"inLanguage\":\"fr-CA\"}]}<\/script>\n<!-- \/ Yoast SEO plugin. -->","yoast_head_json":{"title":"Conseil d'\u00e9tablissement 2024-2025 - \u00c9cole Secondaire Fernand-Lefebvre","robots":{"index":"index","follow":"follow","max-snippet":"max-snippet:-1","max-image-preview":"max-image-preview:large","max-video-preview":"max-video-preview:-1"},"canonical":"https:\/\/cssst.gouv.qc.ca\/fernand-lefebvre\/ecole\/comites\/conseil-detablissement\/","og_locale":"fr_CA","og_type":"article","og_title":"Conseil d'\u00e9tablissement 2024-2025 - \u00c9cole Secondaire Fernand-Lefebvre","og_description":"Membres du C\u00c9 Courchesne, Fr\u00e9d\u00e9rick Millette, Kristine Guertin, Catherine Millette, Tommy Masson, Keven Morin, Audrey Membres du personnel Allard, Genevi\u00e8ve Chabot, Marilyn Arseneault, M\u00e9lanie Lemieux, Cathie Biletskyi, Maksym Parent, Catherine Parents Dionne, \u00c9l\u00e9onore F\u00e9lix Falardeau \u00c9l\u00e8ves","og_url":"https:\/\/cssst.gouv.qc.ca\/fernand-lefebvre\/ecole\/comites\/conseil-detablissement\/","og_site_name":"\u00c9cole Secondaire Fernand-Lefebvre","article_publisher":"https:\/\/www.facebook.com\/cssoreltracy\/?locale=fr_CA","article_modified_time":"2025-10-09T19:59:48+00:00","twitter_card":"summary_large_image","twitter_misc":{"Estimation du temps de lecture":"1 minute"},"schema":{"@context":"https:\/\/schema.org","@graph":[{"@type":"WebPage","@id":"https:\/\/cssst.gouv.qc.ca\/fernand-lefebvre\/ecole\/comites\/conseil-detablissement\/","url":"https:\/\/cssst.gouv.qc.ca\/fernand-lefebvre\/ecole\/comites\/conseil-detablissement\/","name":"Conseil d'\u00e9tablissement 2024-2025 - \u00c9cole Secondaire Fernand-Lefebvre","isPartOf":{"@id":"https:\/\/cssst.gouv.qc.ca\/fernand-lefebvre\/#website"},"datePublished":"2023-02-02T15:44:20+00:00","dateModified":"2025-10-09T19:59:48+00:00","breadcrumb":{"@id":"https:\/\/cssst.gouv.qc.ca\/fernand-lefebvre\/ecole\/comites\/conseil-detablissement\/#breadcrumb"},"inLanguage":"fr-CA","potentialAction":[{"@type":"ReadAction","target":["https:\/\/cssst.gouv.qc.ca\/fernand-lefebvre\/ecole\/comites\/conseil-detablissement\/"]}]},{"@type":"BreadcrumbList","@id":"https:\/\/cssst.gouv.qc.ca\/fernand-lefebvre\/ecole\/comites\/conseil-detablissement\/#breadcrumb","itemListElement":[{"@type":"ListItem","position":1,"name":"Accueil","item":"https:\/\/cssst.gouv.qc.ca\/fernand-lefebvre\/"},{"@type":"ListItem","position":2,"name":"\u00c9cole","item":"https:\/\/cssst.gouv.qc.ca\/fernand-lefebvre\/ecole\/"},{"@type":"ListItem","position":3,"name":"Comit\u00e9s","item":"https:\/\/cssst.gouv.qc.ca\/fernand-lefebvre\/ecole\/comites\/"},{"@type":"ListItem","position":4,"name":"Conseil d&rsquo;\u00e9tablissement 2024-2025"}]},{"@type":"WebSite","@id":"https:\/\/cssst.gouv.qc.ca\/fernand-lefebvre\/#website","url":"https:\/\/cssst.gouv.qc.ca\/fernand-lefebvre\/","name":"\u00c9cole Secondaire Fernand-Lefebvre","description":"","potentialAction":[{"@type":"SearchAction","target":{"@type":"EntryPoint","urlTemplate":"https:\/\/cssst.gouv.qc.ca\/fernand-lefebvre\/?s={search_term_string}"},"query-input":{"@type":"PropertyValueSpecification","valueRequired":true,"valueName":"search_term_string"}}],"inLanguage":"fr-CA"}]}},"_links":{"self":[{"href":"https:\/\/cssst.gouv.qc.ca\/fernand-lefebvre\/wp-json\/wp\/v2\/pages\/11","targetHints":{"allow":["GET"]}}],"collection":[{"href":"https:\/\/cssst.gouv.qc.ca\/fernand-lefebvre\/wp-json\/wp\/v2\/pages"}],"about":[{"href":"https:\/\/cssst.gouv.qc.ca\/fernand-lefebvre\/wp-json\/wp\/v2\/types\/page"}],"author":[{"embeddable":true,"href":"https:\/\/cssst.gouv.qc.ca\/fernand-lefebvre\/wp-json\/wp\/v2\/users\/1"}],"replies":[{"embeddable":true,"href":"https:\/\/cssst.gouv.qc.ca\/fernand-lefebvre\/wp-json\/wp\/v2\/comments?post=11"}],"version-history":[{"count":0,"href":"https:\/\/cssst.gouv.qc.ca\/fernand-lefebvre\/wp-json\/wp\/v2\/pages\/11\/revisions"}],"up":[{"embeddable":true,"href":"https:\/\/cssst.gouv.qc.ca\/fernand-lefebvre\/wp-json\/wp\/v2\/pages\/10"}],"wp:attachment":[{"href":"https:\/\/cssst.gouv.qc.ca\/fernand-lefebvre\/wp-json\/wp\/v2\/media?parent=11"}],"curies":[{"name":"wp","href":"https:\/\/api.w.org\/{rel}","templated":true}]}}