{"id":9,"date":"2023-02-02T09:37:06","date_gmt":"2023-02-02T14:37:06","guid":{"rendered":"https:\/\/cssst.gouv.qc.ca\/christ-roi\/ecole\/comites\/conseil-detablissement\/"},"modified":"2026-02-06T10:45:14","modified_gmt":"2026-02-06T15:45:14","slug":"conseil-detablissement","status":"publish","type":"page","link":"https:\/\/cssst.gouv.qc.ca\/christ-roi\/ecole\/conseil-detablissement\/","title":{"rendered":"Conseil d&rsquo;\u00e9tablissement"},"content":{"rendered":"\n<h2 class=\"wp-block-heading\">Conseil d&rsquo;\u00e9tablissement<\/h2>\n\n\n\n<p>Le conseil d\u2019\u00e9tablissement est un organisme r\u00e9unissant des parents, des membres du personnel, des \u00e9l\u00e8ves ( au 2e cycle du secondaire) et des repr\u00e9sentants de la communaut\u00e9.<\/p>\n\n\n\n<p>Le conseil d\u2019\u00e9tablissement a pour r\u00f4le de faire participer toutes ces personnes au d\u00e9veloppement d\u2019un projet \u00e9ducatif commun. Il permet \u00e0 toutes ces personnes d\u2019\u00e9changer et de se concerter afin d\u2019offrir la meilleure \u00e9ducation possible aux \u00e9l\u00e8ves.<\/p>\n\n\n\n<h3 class=\"wp-block-heading\">Membres du conseil d&rsquo;\u00e9tablissement<\/h3>\n\n\n\n<h4 class=\"wp-block-heading\">Repr\u00e9sentants parents<\/h4>\n\n\n\n<p>Karine Marquette, parent<\/p>\n\n\n\n<p>Genevi\u00e8ve C\u00f4t\u00e9, parent<\/p>\n\n\n\n<p>Tania Pelletier, parent<\/p>\n\n\n\n<p>Josiane Nadeau-Lavall\u00e9e, parent<\/p>\n\n\n\n<h4 class=\"wp-block-heading\">Repr\u00e9sentants du personnel<\/h4>\n\n\n\n<p>Dany Royer, enseignante<\/p>\n\n\n\n<p>Guylaine Roy, enseignante<\/p>\n\n\n\n<p>Val\u00e9rie Hurteau, personnel de soutien<\/p>\n\n\n\n<p>Karine G\u00e9n\u00e9reux, directrice<\/p>\n\n\n\n<h3 class=\"wp-block-heading\">Calendrier des rencontres<\/h3>\n\n\n\n<p>6 octobre 2025 \u00e0 18h00<\/p>\n\n\n\n<p>9 d\u00e9cembre 2025 \u00e0 18h00<\/p>\n\n\n\n<p>26 janvier 2026 \u00e0 18h00<\/p>\n\n\n\n<p>30 mars 2026 \u00e0 18h00<\/p>\n\n\n\n<p>26 mai 2026 \u00e0 18h00<\/p>\n\n\n\n<p>15 juin 2026 \u00e0 18h00<\/p>\n\n\n\n<p><\/p>\n\n\n\n<p><\/p>\n\n\n\n<p><\/p>\n\n\n\n<p><\/p>\n\n\n\n<h3 class=\"wp-block-heading\">Proc\u00e8s-verbaux<\/h3>\n\n\n\n<h4 class=\"wp-block-heading\">2025-2026<\/h4>\n\n\n\n<div class=\"wp-block-file\"><a id=\"wp-block-file--media-22473862-4949-4f56-9afb-be3eb8cdde73\" href=\"http:\/\/cssst.gouv.qc.ca\/christ-roi\/wp-content\/uploads\/sites\/6\/2026\/01\/PV-CE-_20251006.pdf\">PV C\u00c9 _20251006<\/a><a href=\"http:\/\/cssst.gouv.qc.ca\/christ-roi\/wp-content\/uploads\/sites\/6\/2026\/01\/PV-CE-_20251006.pdf\" class=\"wp-block-file__button wp-element-button\" download aria-describedby=\"wp-block-file--media-22473862-4949-4f56-9afb-be3eb8cdde73\">T\u00e9l\u00e9charger<\/a><\/div>\n\n\n\n<div class=\"wp-block-file\"><a id=\"wp-block-file--media-f34ff26d-ff27-4751-bc0b-f462512eb911\" href=\"https:\/\/cssst.gouv.qc.ca\/christ-roi\/wp-content\/uploads\/sites\/6\/2026\/02\/PV-CE-_20251209-1.pdf\">PV C\u00c9 _20251209<\/a><a href=\"https:\/\/cssst.gouv.qc.ca\/christ-roi\/wp-content\/uploads\/sites\/6\/2026\/02\/PV-CE-_20251209-1.pdf\" class=\"wp-block-file__button wp-element-button\" download aria-describedby=\"wp-block-file--media-f34ff26d-ff27-4751-bc0b-f462512eb911\">T\u00e9l\u00e9charger<\/a><\/div>\n\n\n\n<h4 class=\"wp-block-heading\">2024-2025<\/h4>\n\n\n\n<div class=\"wp-block-file\"><a id=\"wp-block-file--media-e27493a3-2232-428b-8f3d-86a1679f04e8\" href=\"http:\/\/cssst.gouv.qc.ca\/christ-roi\/wp-content\/uploads\/sites\/6\/2025\/01\/PV-CE-_20241030.pdf\">PV C\u00c9 _20241030<\/a><\/div>\n\n\n\n<div class=\"wp-block-file\"><a id=\"wp-block-file--media-fbeb35ef-db4b-4157-9774-59d62e2d54b1\" href=\"http:\/\/cssst.gouv.qc.ca\/christ-roi\/wp-content\/uploads\/sites\/6\/2025\/02\/PV-CE-_20241205.pdf\">PV C\u00c9 _20241205<\/a><a href=\"http:\/\/cssst.gouv.qc.ca\/christ-roi\/wp-content\/uploads\/sites\/6\/2025\/02\/PV-CE-_20241205.pdf\" class=\"wp-block-file__button wp-element-button\" download aria-describedby=\"wp-block-file--media-fbeb35ef-db4b-4157-9774-59d62e2d54b1\">T\u00e9l\u00e9charger<\/a><\/div>\n\n\n\n<div class=\"wp-block-file\"><a id=\"wp-block-file--media-66ae19af-84b4-401b-a8d6-a949b521b896\" href=\"http:\/\/cssst.gouv.qc.ca\/christ-roi\/wp-content\/uploads\/sites\/6\/2025\/06\/PV-CE-_20250206.pdf\">PV C\u00c9 _20250206<\/a><a href=\"http:\/\/cssst.gouv.qc.ca\/christ-roi\/wp-content\/uploads\/sites\/6\/2025\/06\/PV-CE-_20250206.pdf\" class=\"wp-block-file__button wp-element-button\" download aria-describedby=\"wp-block-file--media-66ae19af-84b4-401b-a8d6-a949b521b896\">T\u00e9l\u00e9charger<\/a><\/div>\n\n\n\n<div class=\"wp-block-file\"><a id=\"wp-block-file--media-86bc2a2a-991c-4907-8a18-3f3b27a5c9f0\" href=\"http:\/\/cssst.gouv.qc.ca\/christ-roi\/wp-content\/uploads\/sites\/6\/2025\/06\/PV-CE-_20250403.pdf\">PV C\u00c9 _20250403<\/a><a href=\"http:\/\/cssst.gouv.qc.ca\/christ-roi\/wp-content\/uploads\/sites\/6\/2025\/06\/PV-CE-_20250403.pdf\" class=\"wp-block-file__button wp-element-button\" download aria-describedby=\"wp-block-file--media-86bc2a2a-991c-4907-8a18-3f3b27a5c9f0\">T\u00e9l\u00e9charger<\/a><\/div>\n\n\n\n<div class=\"wp-block-file\"><a id=\"wp-block-file--media-48ada39c-e1ba-4272-ad15-aeda180ba7c5\" href=\"http:\/\/cssst.gouv.qc.ca\/christ-roi\/wp-content\/uploads\/sites\/6\/2025\/06\/PV-CE-_20250515.pdf\">PV C\u00c9 _20250515<\/a><a href=\"http:\/\/cssst.gouv.qc.ca\/christ-roi\/wp-content\/uploads\/sites\/6\/2025\/06\/PV-CE-_20250515.pdf\" class=\"wp-block-file__button wp-element-button\" download aria-describedby=\"wp-block-file--media-48ada39c-e1ba-4272-ad15-aeda180ba7c5\">T\u00e9l\u00e9charger<\/a><\/div>\n\n\n\n<div class=\"wp-block-file\"><a id=\"wp-block-file--media-9708f4b5-3fb0-4efe-9cc4-3c1d18bd7b80\" href=\"http:\/\/cssst.gouv.qc.ca\/christ-roi\/wp-content\/uploads\/sites\/6\/2025\/12\/PV-CE-_20250612.pdf\">PV C\u00c9 _20250612<\/a><a href=\"http:\/\/cssst.gouv.qc.ca\/christ-roi\/wp-content\/uploads\/sites\/6\/2025\/12\/PV-CE-_20250612.pdf\" class=\"wp-block-file__button wp-element-button\" download aria-describedby=\"wp-block-file--media-9708f4b5-3fb0-4efe-9cc4-3c1d18bd7b80\">T\u00e9l\u00e9charger<\/a><\/div>\n\n\n\n<h3 class=\"wp-block-heading\">Rapport annuel<\/h3>\n\n\n\n<div class=\"wp-block-file\"><a id=\"wp-block-file--media-8d9fc382-7fe5-4b69-a217-90d6d2e90dfb\" href=\"http:\/\/cssst.gouv.qc.ca\/christ-roi\/wp-content\/uploads\/sites\/6\/2025\/12\/2024-2025_Rapport-annuel-CE_Christ-Roi.pdf\">Rapport annuel 2024-2025<\/a><a href=\"http:\/\/cssst.gouv.qc.ca\/christ-roi\/wp-content\/uploads\/sites\/6\/2025\/12\/2024-2025_Rapport-annuel-CE_Christ-Roi.pdf\" class=\"wp-block-file__button wp-element-button\" download aria-describedby=\"wp-block-file--media-8d9fc382-7fe5-4b69-a217-90d6d2e90dfb\">T\u00e9l\u00e9charger<\/a><\/div>\n\n\n\n<h3 class=\"wp-block-heading\">Assembl\u00e9e g\u00e9n\u00e9rale<\/h3>\n\n\n\n<div class=\"wp-block-file\"><a id=\"wp-block-file--media-a036ac47-64a9-4294-a7af-0c3d0fef9b94\" href=\"http:\/\/cssst.gouv.qc.ca\/christ-roi\/wp-content\/uploads\/sites\/6\/2026\/01\/PV-AG-26-septembre-2024.pdf\">PV AG 26 septembre 2024<\/a><a href=\"http:\/\/cssst.gouv.qc.ca\/christ-roi\/wp-content\/uploads\/sites\/6\/2026\/01\/PV-AG-26-septembre-2024.pdf\" class=\"wp-block-file__button wp-element-button\" download aria-describedby=\"wp-block-file--media-a036ac47-64a9-4294-a7af-0c3d0fef9b94\">T\u00e9l\u00e9charger<\/a><\/div>\n","protected":false},"excerpt":{"rendered":"<p>Conseil d&rsquo;\u00e9tablissement Le conseil d\u2019\u00e9tablissement est un organisme r\u00e9unissant des parents, des membres du personnel, des \u00e9l\u00e8ves ( au 2e cycle du secondaire) et des repr\u00e9sentants de la communaut\u00e9. Le conseil d\u2019\u00e9tablissement a pour r\u00f4le de faire participer toutes ces personnes au d\u00e9veloppement d\u2019un projet \u00e9ducatif commun. Il permet \u00e0 toutes ces personnes d\u2019\u00e9changer et [&hellip;]<\/p>\n","protected":false},"author":1,"featured_media":0,"parent":5,"menu_order":0,"comment_status":"closed","ping_status":"closed","template":"","meta":{"_acf_changed":false,"inline_featured_image":false,"footnotes":""},"class_list":["post-9","page","type-page","status-publish","hentry"],"acf":[],"yoast_head":"<!-- This site is optimized with the Yoast SEO plugin v27.3 - https:\/\/yoast.com\/product\/yoast-seo-wordpress\/ -->\n<title>Conseil d&#039;\u00e9tablissement - \u00c9cole Christ-Roi<\/title>\n<meta name=\"robots\" content=\"index, follow, max-snippet:-1, max-image-preview:large, max-video-preview:-1\" \/>\n<link rel=\"canonical\" href=\"https:\/\/cssst.gouv.qc.ca\/christ-roi\/ecole\/conseil-detablissement\/\" \/>\n<meta property=\"og:locale\" content=\"fr_CA\" \/>\n<meta property=\"og:type\" content=\"article\" \/>\n<meta property=\"og:title\" content=\"Conseil d&#039;\u00e9tablissement - \u00c9cole Christ-Roi\" \/>\n<meta property=\"og:description\" content=\"Conseil d&rsquo;\u00e9tablissement Le conseil d\u2019\u00e9tablissement est un organisme r\u00e9unissant des parents, des membres du personnel, des \u00e9l\u00e8ves ( au 2e cycle du secondaire) et des repr\u00e9sentants de la communaut\u00e9. Le conseil d\u2019\u00e9tablissement a pour r\u00f4le de faire participer toutes ces personnes au d\u00e9veloppement d\u2019un projet \u00e9ducatif commun. Il permet \u00e0 toutes ces personnes d\u2019\u00e9changer et [&hellip;]\" \/>\n<meta property=\"og:url\" content=\"https:\/\/cssst.gouv.qc.ca\/christ-roi\/ecole\/conseil-detablissement\/\" \/>\n<meta property=\"og:site_name\" content=\"\u00c9cole Christ-Roi\" \/>\n<meta property=\"article:publisher\" content=\"https:\/\/www.facebook.com\/cssoreltracy\/?locale=fr_CA\" \/>\n<meta property=\"article:modified_time\" content=\"2026-02-06T15:45:14+00:00\" \/>\n<meta name=\"twitter:card\" content=\"summary_large_image\" \/>\n<meta name=\"twitter:label1\" content=\"Estimation du temps de lecture\" \/>\n\t<meta name=\"twitter:data1\" content=\"1 minute\" \/>\n<script type=\"application\/ld+json\" class=\"yoast-schema-graph\">{\"@context\":\"https:\\\/\\\/schema.org\",\"@graph\":[{\"@type\":\"WebPage\",\"@id\":\"https:\\\/\\\/cssst.gouv.qc.ca\\\/christ-roi\\\/ecole\\\/conseil-detablissement\\\/\",\"url\":\"https:\\\/\\\/cssst.gouv.qc.ca\\\/christ-roi\\\/ecole\\\/conseil-detablissement\\\/\",\"name\":\"Conseil d'\u00e9tablissement - \u00c9cole Christ-Roi\",\"isPartOf\":{\"@id\":\"https:\\\/\\\/cssst.gouv.qc.ca\\\/christ-roi\\\/#website\"},\"datePublished\":\"2023-02-02T14:37:06+00:00\",\"dateModified\":\"2026-02-06T15:45:14+00:00\",\"breadcrumb\":{\"@id\":\"https:\\\/\\\/cssst.gouv.qc.ca\\\/christ-roi\\\/ecole\\\/conseil-detablissement\\\/#breadcrumb\"},\"inLanguage\":\"fr-CA\",\"potentialAction\":[{\"@type\":\"ReadAction\",\"target\":[\"https:\\\/\\\/cssst.gouv.qc.ca\\\/christ-roi\\\/ecole\\\/conseil-detablissement\\\/\"]}]},{\"@type\":\"BreadcrumbList\",\"@id\":\"https:\\\/\\\/cssst.gouv.qc.ca\\\/christ-roi\\\/ecole\\\/conseil-detablissement\\\/#breadcrumb\",\"itemListElement\":[{\"@type\":\"ListItem\",\"position\":1,\"name\":\"Accueil\",\"item\":\"https:\\\/\\\/cssst.gouv.qc.ca\\\/christ-roi\\\/\"},{\"@type\":\"ListItem\",\"position\":2,\"name\":\"\u00c9cole\",\"item\":\"https:\\\/\\\/cssst.gouv.qc.ca\\\/christ-roi\\\/ecole\\\/\"},{\"@type\":\"ListItem\",\"position\":3,\"name\":\"Conseil d&rsquo;\u00e9tablissement\"}]},{\"@type\":\"WebSite\",\"@id\":\"https:\\\/\\\/cssst.gouv.qc.ca\\\/christ-roi\\\/#website\",\"url\":\"https:\\\/\\\/cssst.gouv.qc.ca\\\/christ-roi\\\/\",\"name\":\"\u00c9cole Christ-Roi\",\"description\":\"\",\"potentialAction\":[{\"@type\":\"SearchAction\",\"target\":{\"@type\":\"EntryPoint\",\"urlTemplate\":\"https:\\\/\\\/cssst.gouv.qc.ca\\\/christ-roi\\\/?s={search_term_string}\"},\"query-input\":{\"@type\":\"PropertyValueSpecification\",\"valueRequired\":true,\"valueName\":\"search_term_string\"}}],\"inLanguage\":\"fr-CA\"}]}<\/script>\n<!-- \/ Yoast SEO plugin. -->","yoast_head_json":{"title":"Conseil d'\u00e9tablissement - \u00c9cole Christ-Roi","robots":{"index":"index","follow":"follow","max-snippet":"max-snippet:-1","max-image-preview":"max-image-preview:large","max-video-preview":"max-video-preview:-1"},"canonical":"https:\/\/cssst.gouv.qc.ca\/christ-roi\/ecole\/conseil-detablissement\/","og_locale":"fr_CA","og_type":"article","og_title":"Conseil d'\u00e9tablissement - \u00c9cole Christ-Roi","og_description":"Conseil d&rsquo;\u00e9tablissement Le conseil d\u2019\u00e9tablissement est un organisme r\u00e9unissant des parents, des membres du personnel, des \u00e9l\u00e8ves ( au 2e cycle du secondaire) et des repr\u00e9sentants de la communaut\u00e9. Le conseil d\u2019\u00e9tablissement a pour r\u00f4le de faire participer toutes ces personnes au d\u00e9veloppement d\u2019un projet \u00e9ducatif commun. Il permet \u00e0 toutes ces personnes d\u2019\u00e9changer et [&hellip;]","og_url":"https:\/\/cssst.gouv.qc.ca\/christ-roi\/ecole\/conseil-detablissement\/","og_site_name":"\u00c9cole Christ-Roi","article_publisher":"https:\/\/www.facebook.com\/cssoreltracy\/?locale=fr_CA","article_modified_time":"2026-02-06T15:45:14+00:00","twitter_card":"summary_large_image","twitter_misc":{"Estimation du temps de lecture":"1 minute"},"schema":{"@context":"https:\/\/schema.org","@graph":[{"@type":"WebPage","@id":"https:\/\/cssst.gouv.qc.ca\/christ-roi\/ecole\/conseil-detablissement\/","url":"https:\/\/cssst.gouv.qc.ca\/christ-roi\/ecole\/conseil-detablissement\/","name":"Conseil d'\u00e9tablissement - \u00c9cole Christ-Roi","isPartOf":{"@id":"https:\/\/cssst.gouv.qc.ca\/christ-roi\/#website"},"datePublished":"2023-02-02T14:37:06+00:00","dateModified":"2026-02-06T15:45:14+00:00","breadcrumb":{"@id":"https:\/\/cssst.gouv.qc.ca\/christ-roi\/ecole\/conseil-detablissement\/#breadcrumb"},"inLanguage":"fr-CA","potentialAction":[{"@type":"ReadAction","target":["https:\/\/cssst.gouv.qc.ca\/christ-roi\/ecole\/conseil-detablissement\/"]}]},{"@type":"BreadcrumbList","@id":"https:\/\/cssst.gouv.qc.ca\/christ-roi\/ecole\/conseil-detablissement\/#breadcrumb","itemListElement":[{"@type":"ListItem","position":1,"name":"Accueil","item":"https:\/\/cssst.gouv.qc.ca\/christ-roi\/"},{"@type":"ListItem","position":2,"name":"\u00c9cole","item":"https:\/\/cssst.gouv.qc.ca\/christ-roi\/ecole\/"},{"@type":"ListItem","position":3,"name":"Conseil d&rsquo;\u00e9tablissement"}]},{"@type":"WebSite","@id":"https:\/\/cssst.gouv.qc.ca\/christ-roi\/#website","url":"https:\/\/cssst.gouv.qc.ca\/christ-roi\/","name":"\u00c9cole Christ-Roi","description":"","potentialAction":[{"@type":"SearchAction","target":{"@type":"EntryPoint","urlTemplate":"https:\/\/cssst.gouv.qc.ca\/christ-roi\/?s={search_term_string}"},"query-input":{"@type":"PropertyValueSpecification","valueRequired":true,"valueName":"search_term_string"}}],"inLanguage":"fr-CA"}]}},"_links":{"self":[{"href":"https:\/\/cssst.gouv.qc.ca\/christ-roi\/wp-json\/wp\/v2\/pages\/9","targetHints":{"allow":["GET"]}}],"collection":[{"href":"https:\/\/cssst.gouv.qc.ca\/christ-roi\/wp-json\/wp\/v2\/pages"}],"about":[{"href":"https:\/\/cssst.gouv.qc.ca\/christ-roi\/wp-json\/wp\/v2\/types\/page"}],"author":[{"embeddable":true,"href":"https:\/\/cssst.gouv.qc.ca\/christ-roi\/wp-json\/wp\/v2\/users\/1"}],"replies":[{"embeddable":true,"href":"https:\/\/cssst.gouv.qc.ca\/christ-roi\/wp-json\/wp\/v2\/comments?post=9"}],"version-history":[{"count":0,"href":"https:\/\/cssst.gouv.qc.ca\/christ-roi\/wp-json\/wp\/v2\/pages\/9\/revisions"}],"up":[{"embeddable":true,"href":"https:\/\/cssst.gouv.qc.ca\/christ-roi\/wp-json\/wp\/v2\/pages\/5"}],"wp:attachment":[{"href":"https:\/\/cssst.gouv.qc.ca\/christ-roi\/wp-json\/wp\/v2\/media?parent=9"}],"curies":[{"name":"wp","href":"https:\/\/api.w.org\/{rel}","templated":true}]}}