{"id":7,"date":"2023-02-02T09:37:06","date_gmt":"2023-02-02T14:37:06","guid":{"rendered":"https:\/\/cssst.gouv.qc.ca\/christ-roi\/ecole\/code-de-vie\/"},"modified":"2026-01-15T09:44:18","modified_gmt":"2026-01-15T14:44:18","slug":"code-de-vie","status":"publish","type":"page","link":"https:\/\/cssst.gouv.qc.ca\/christ-roi\/ecole\/code-de-vie\/","title":{"rendered":"Code de vie"},"content":{"rendered":"\n<h2 class=\"wp-block-heading\">Code de vie<\/h2>\n\n\n\n<p>Un code de vie scolaire est un guide ayant pour objectif d\u2019assurer le plein \u00e9panouissement personnel et scolaire de l\u2019\u00e9l\u00e8ve afin de maximiser sa r\u00e9ussite \u00e0 tous les niveaux. Il \u00e9tablit par \u00e9crit les principes et r\u00e8glements fondamentaux faisant transpara\u00eetre les valeurs de l\u2019\u00e9cole, assurant un engagement et un comportement exemplaire afin que tous les intervenants, membres du personnel, \u00e9l\u00e8ves et parents, puissent vivre dans l\u2019harmonie. Le code de vie doit \u00eatre sign\u00e9 par les parents et retourn\u00e9 \u00e0 l\u2019\u00e9cole lors de la rentr\u00e9e scolaire.<\/p>\n\n\n\n<div class=\"wp-block-file\"><a id=\"wp-block-file--media-bde2f886-94b1-4991-97f8-0e451af7a770\" href=\"http:\/\/cssst.gouv.qc.ca\/christ-roi\/wp-content\/uploads\/sites\/6\/2026\/01\/CROI_Code-de-vie-2025-2026-Janvier-2026.pdf\">CROI_Code de vie 2025-2026- Janvier 2026<\/a><a href=\"http:\/\/cssst.gouv.qc.ca\/christ-roi\/wp-content\/uploads\/sites\/6\/2026\/01\/CROI_Code-de-vie-2025-2026-Janvier-2026.pdf\" class=\"wp-block-file__button wp-element-button\" download aria-describedby=\"wp-block-file--media-bde2f886-94b1-4991-97f8-0e451af7a770\">T\u00e9l\u00e9charger<\/a><\/div>\n\n\n\n<div class=\"wp-block-file\"><a id=\"wp-block-file--media-c721c821-afe1-41ef-b23d-20ac898d60f7\" href=\"http:\/\/cssst.gouv.qc.ca\/christ-roi\/wp-content\/uploads\/sites\/6\/2025\/01\/Code-de-vie-2024-2025.pdf\">Code de vie 2024-2025<\/a><\/div>\n","protected":false},"excerpt":{"rendered":"<p>Code de vie Un code de vie scolaire est un guide ayant pour objectif d\u2019assurer le plein \u00e9panouissement personnel et scolaire de l\u2019\u00e9l\u00e8ve afin de maximiser sa r\u00e9ussite \u00e0 tous les niveaux. Il \u00e9tablit par \u00e9crit les principes et r\u00e8glements fondamentaux faisant transpara\u00eetre les valeurs de l\u2019\u00e9cole, assurant un engagement et un comportement exemplaire afin [&hellip;]<\/p>\n","protected":false},"author":1,"featured_media":0,"parent":5,"menu_order":0,"comment_status":"closed","ping_status":"closed","template":"","meta":{"_acf_changed":false,"inline_featured_image":false,"footnotes":""},"class_list":["post-7","page","type-page","status-publish","hentry"],"acf":[],"yoast_head":"<!-- This site is optimized with the Yoast SEO plugin v27.5 - https:\/\/yoast.com\/product\/yoast-seo-wordpress\/ -->\n<title>Code de vie - \u00c9cole Christ-Roi<\/title>\n<meta name=\"robots\" content=\"index, follow, max-snippet:-1, max-image-preview:large, max-video-preview:-1\" \/>\n<link rel=\"canonical\" href=\"https:\/\/cssst.gouv.qc.ca\/christ-roi\/ecole\/code-de-vie\/\" \/>\n<meta property=\"og:locale\" content=\"fr_CA\" \/>\n<meta property=\"og:type\" content=\"article\" \/>\n<meta property=\"og:title\" content=\"Code de vie - \u00c9cole Christ-Roi\" \/>\n<meta property=\"og:description\" content=\"Code de vie Un code de vie scolaire est un guide ayant pour objectif d\u2019assurer le plein \u00e9panouissement personnel et scolaire de l\u2019\u00e9l\u00e8ve afin de maximiser sa r\u00e9ussite \u00e0 tous les niveaux. Il \u00e9tablit par \u00e9crit les principes et r\u00e8glements fondamentaux faisant transpara\u00eetre les valeurs de l\u2019\u00e9cole, assurant un engagement et un comportement exemplaire afin [&hellip;]\" \/>\n<meta property=\"og:url\" content=\"https:\/\/cssst.gouv.qc.ca\/christ-roi\/ecole\/code-de-vie\/\" \/>\n<meta property=\"og:site_name\" content=\"\u00c9cole Christ-Roi\" \/>\n<meta property=\"article:publisher\" content=\"https:\/\/www.facebook.com\/cssoreltracy\/?locale=fr_CA\" \/>\n<meta property=\"article:modified_time\" content=\"2026-01-15T14:44:18+00:00\" \/>\n<meta name=\"twitter:card\" content=\"summary_large_image\" \/>\n<meta name=\"twitter:label1\" content=\"Estimation du temps de lecture\" \/>\n\t<meta name=\"twitter:data1\" content=\"1 minute\" \/>\n<script type=\"application\/ld+json\" class=\"yoast-schema-graph\">{\"@context\":\"https:\\\/\\\/schema.org\",\"@graph\":[{\"@type\":\"WebPage\",\"@id\":\"https:\\\/\\\/cssst.gouv.qc.ca\\\/christ-roi\\\/ecole\\\/code-de-vie\\\/\",\"url\":\"https:\\\/\\\/cssst.gouv.qc.ca\\\/christ-roi\\\/ecole\\\/code-de-vie\\\/\",\"name\":\"Code de vie - \u00c9cole Christ-Roi\",\"isPartOf\":{\"@id\":\"https:\\\/\\\/cssst.gouv.qc.ca\\\/christ-roi\\\/#website\"},\"datePublished\":\"2023-02-02T14:37:06+00:00\",\"dateModified\":\"2026-01-15T14:44:18+00:00\",\"breadcrumb\":{\"@id\":\"https:\\\/\\\/cssst.gouv.qc.ca\\\/christ-roi\\\/ecole\\\/code-de-vie\\\/#breadcrumb\"},\"inLanguage\":\"fr-CA\",\"potentialAction\":[{\"@type\":\"ReadAction\",\"target\":[\"https:\\\/\\\/cssst.gouv.qc.ca\\\/christ-roi\\\/ecole\\\/code-de-vie\\\/\"]}]},{\"@type\":\"BreadcrumbList\",\"@id\":\"https:\\\/\\\/cssst.gouv.qc.ca\\\/christ-roi\\\/ecole\\\/code-de-vie\\\/#breadcrumb\",\"itemListElement\":[{\"@type\":\"ListItem\",\"position\":1,\"name\":\"Accueil\",\"item\":\"https:\\\/\\\/cssst.gouv.qc.ca\\\/christ-roi\\\/\"},{\"@type\":\"ListItem\",\"position\":2,\"name\":\"\u00c9cole\",\"item\":\"https:\\\/\\\/cssst.gouv.qc.ca\\\/christ-roi\\\/ecole\\\/\"},{\"@type\":\"ListItem\",\"position\":3,\"name\":\"Code de vie\"}]},{\"@type\":\"WebSite\",\"@id\":\"https:\\\/\\\/cssst.gouv.qc.ca\\\/christ-roi\\\/#website\",\"url\":\"https:\\\/\\\/cssst.gouv.qc.ca\\\/christ-roi\\\/\",\"name\":\"\u00c9cole Christ-Roi\",\"description\":\"\",\"potentialAction\":[{\"@type\":\"SearchAction\",\"target\":{\"@type\":\"EntryPoint\",\"urlTemplate\":\"https:\\\/\\\/cssst.gouv.qc.ca\\\/christ-roi\\\/?s={search_term_string}\"},\"query-input\":{\"@type\":\"PropertyValueSpecification\",\"valueRequired\":true,\"valueName\":\"search_term_string\"}}],\"inLanguage\":\"fr-CA\"}]}<\/script>\n<!-- \/ Yoast SEO plugin. -->","yoast_head_json":{"title":"Code de vie - \u00c9cole Christ-Roi","robots":{"index":"index","follow":"follow","max-snippet":"max-snippet:-1","max-image-preview":"max-image-preview:large","max-video-preview":"max-video-preview:-1"},"canonical":"https:\/\/cssst.gouv.qc.ca\/christ-roi\/ecole\/code-de-vie\/","og_locale":"fr_CA","og_type":"article","og_title":"Code de vie - \u00c9cole Christ-Roi","og_description":"Code de vie Un code de vie scolaire est un guide ayant pour objectif d\u2019assurer le plein \u00e9panouissement personnel et scolaire de l\u2019\u00e9l\u00e8ve afin de maximiser sa r\u00e9ussite \u00e0 tous les niveaux. Il \u00e9tablit par \u00e9crit les principes et r\u00e8glements fondamentaux faisant transpara\u00eetre les valeurs de l\u2019\u00e9cole, assurant un engagement et un comportement exemplaire afin [&hellip;]","og_url":"https:\/\/cssst.gouv.qc.ca\/christ-roi\/ecole\/code-de-vie\/","og_site_name":"\u00c9cole Christ-Roi","article_publisher":"https:\/\/www.facebook.com\/cssoreltracy\/?locale=fr_CA","article_modified_time":"2026-01-15T14:44:18+00:00","twitter_card":"summary_large_image","twitter_misc":{"Estimation du temps de lecture":"1 minute"},"schema":{"@context":"https:\/\/schema.org","@graph":[{"@type":"WebPage","@id":"https:\/\/cssst.gouv.qc.ca\/christ-roi\/ecole\/code-de-vie\/","url":"https:\/\/cssst.gouv.qc.ca\/christ-roi\/ecole\/code-de-vie\/","name":"Code de vie - \u00c9cole Christ-Roi","isPartOf":{"@id":"https:\/\/cssst.gouv.qc.ca\/christ-roi\/#website"},"datePublished":"2023-02-02T14:37:06+00:00","dateModified":"2026-01-15T14:44:18+00:00","breadcrumb":{"@id":"https:\/\/cssst.gouv.qc.ca\/christ-roi\/ecole\/code-de-vie\/#breadcrumb"},"inLanguage":"fr-CA","potentialAction":[{"@type":"ReadAction","target":["https:\/\/cssst.gouv.qc.ca\/christ-roi\/ecole\/code-de-vie\/"]}]},{"@type":"BreadcrumbList","@id":"https:\/\/cssst.gouv.qc.ca\/christ-roi\/ecole\/code-de-vie\/#breadcrumb","itemListElement":[{"@type":"ListItem","position":1,"name":"Accueil","item":"https:\/\/cssst.gouv.qc.ca\/christ-roi\/"},{"@type":"ListItem","position":2,"name":"\u00c9cole","item":"https:\/\/cssst.gouv.qc.ca\/christ-roi\/ecole\/"},{"@type":"ListItem","position":3,"name":"Code de vie"}]},{"@type":"WebSite","@id":"https:\/\/cssst.gouv.qc.ca\/christ-roi\/#website","url":"https:\/\/cssst.gouv.qc.ca\/christ-roi\/","name":"\u00c9cole Christ-Roi","description":"","potentialAction":[{"@type":"SearchAction","target":{"@type":"EntryPoint","urlTemplate":"https:\/\/cssst.gouv.qc.ca\/christ-roi\/?s={search_term_string}"},"query-input":{"@type":"PropertyValueSpecification","valueRequired":true,"valueName":"search_term_string"}}],"inLanguage":"fr-CA"}]}},"_links":{"self":[{"href":"https:\/\/cssst.gouv.qc.ca\/christ-roi\/wp-json\/wp\/v2\/pages\/7","targetHints":{"allow":["GET"]}}],"collection":[{"href":"https:\/\/cssst.gouv.qc.ca\/christ-roi\/wp-json\/wp\/v2\/pages"}],"about":[{"href":"https:\/\/cssst.gouv.qc.ca\/christ-roi\/wp-json\/wp\/v2\/types\/page"}],"author":[{"embeddable":true,"href":"https:\/\/cssst.gouv.qc.ca\/christ-roi\/wp-json\/wp\/v2\/users\/1"}],"replies":[{"embeddable":true,"href":"https:\/\/cssst.gouv.qc.ca\/christ-roi\/wp-json\/wp\/v2\/comments?post=7"}],"version-history":[{"count":0,"href":"https:\/\/cssst.gouv.qc.ca\/christ-roi\/wp-json\/wp\/v2\/pages\/7\/revisions"}],"up":[{"embeddable":true,"href":"https:\/\/cssst.gouv.qc.ca\/christ-roi\/wp-json\/wp\/v2\/pages\/5"}],"wp:attachment":[{"href":"https:\/\/cssst.gouv.qc.ca\/christ-roi\/wp-json\/wp\/v2\/media?parent=7"}],"curies":[{"name":"wp","href":"https:\/\/api.w.org\/{rel}","templated":true}]}}