{"id":584,"date":"2025-07-10T16:00:04","date_gmt":"2025-07-10T20:00:04","guid":{"rendered":"https:\/\/cssst.gouv.qc.ca\/bernard-gariepy\/?page_id=584"},"modified":"2026-04-29T11:12:38","modified_gmt":"2026-04-29T15:12:38","slug":"communications-aux-parents","status":"publish","type":"page","link":"https:\/\/cssst.gouv.qc.ca\/bernard-gariepy\/communications\/communications-aux-parents\/","title":{"rendered":"Communications aux parents"},"content":{"rendered":"\n<div class=\"wp-block-cover alignfull is-light is-style-title-banner\"><img decoding=\"async\" class=\"wp-block-cover__image-background wp-image-182\" alt=\"\" src=\"http:\/\/stage.cs-soreltracy.qc.ca\/wp-content\/uploads\/2022\/08\/Seawire-Hero-06-2.jpg\" data-object-fit=\"cover\" \/><span aria-hidden=\"true\" class=\"wp-block-cover__background has-background-dim\"><\/span><div class=\"wp-block-cover__inner-container\"><h3 class=\"wp-block-post-title\">Communications aux parents<\/h3><\/div><\/div>\n\n\n\n<div class=\"wp-block-group alignfull has-padding-y-large has-tertiary-background-color has-background\"><div class=\"yoast-breadcrumbs alignwide \"><span class=\"breadcrumbs\"><a href=\"https:\/\/cssst.gouv.qc.ca\/bernard-gariepy\/\" class=\"breadcrumbs__element\">Accueil<\/a> <span class=\"breadcrumbs__separator\">\n        <svg class=\"icon icon-breadcrumb__separator\"><use xlink:href=\"#icon-breadcrumb__separator\"><\/use><\/svg>\n    <\/span> <a href=\"https:\/\/cssst.gouv.qc.ca\/bernard-gariepy\/communications\/\" class=\"breadcrumbs__element\">Communications<\/a> <span class=\"breadcrumbs__separator\">\n        <svg class=\"icon icon-breadcrumb__separator\"><use xlink:href=\"#icon-breadcrumb__separator\"><\/use><\/svg>\n    <\/span> <span class=\"breadcrumbs__element breadcrumbs__element-current\">Communications aux parents<\/span><\/span><\/div><\/div>\n\n\n\n<h1 class=\"wp-block-heading\">Communications aux parents<\/h1>\n\n\n\n\n<p class=\"act-lead\"><\/p>\n\n\n\n\n<div class=\"wp-block-file\"><a id=\"wp-block-file--media-a9c4646a-e3a2-45fa-a895-063a3a8ebd62\" href=\"https:\/\/cssst.gouv.qc.ca\/bernard-gariepy\/wp-content\/uploads\/sites\/20\/2026\/04\/Agence-de-securite_lettre-aux-parents.pdf\">Agence de s\u00e9curit\u00e9_lettre aux parents<\/a><a href=\"https:\/\/cssst.gouv.qc.ca\/bernard-gariepy\/wp-content\/uploads\/sites\/20\/2026\/04\/Agence-de-securite_lettre-aux-parents.pdf\" class=\"wp-block-file__button wp-element-button\" download aria-describedby=\"wp-block-file--media-a9c4646a-e3a2-45fa-a895-063a3a8ebd62\">T\u00e9l\u00e9charger<\/a><\/div>\n\n\n\n<div class=\"wp-block-file\"><a id=\"wp-block-file--media-29278997-4a70-409d-8701-83cacec372f4\" href=\"https:\/\/cssst.gouv.qc.ca\/bernard-gariepy\/wp-content\/uploads\/sites\/20\/2026\/04\/Rappel-port-de-luniforme.pdf\">Rappel port de l&rsquo;uniforme<\/a><a href=\"https:\/\/cssst.gouv.qc.ca\/bernard-gariepy\/wp-content\/uploads\/sites\/20\/2026\/04\/Rappel-port-de-luniforme.pdf\" class=\"wp-block-file__button wp-element-button\" download aria-describedby=\"wp-block-file--media-29278997-4a70-409d-8701-83cacec372f4\">T\u00e9l\u00e9charger<\/a><\/div>\n\n\n\n<div class=\"wp-block-file\"><a id=\"wp-block-file--media-7bb580a6-07ad-496d-b16a-d6a8d071c448\" href=\"https:\/\/cssst.gouv.qc.ca\/bernard-gariepy\/wp-content\/uploads\/sites\/20\/2026\/04\/INFOLETTRE-Avril.pdf\">INFOLETTRE Avril<\/a><a href=\"https:\/\/cssst.gouv.qc.ca\/bernard-gariepy\/wp-content\/uploads\/sites\/20\/2026\/04\/INFOLETTRE-Avril.pdf\" class=\"wp-block-file__button wp-element-button\" download aria-describedby=\"wp-block-file--media-7bb580a6-07ad-496d-b16a-d6a8d071c448\">T\u00e9l\u00e9charger<\/a><\/div>\n\n\n\n<div class=\"wp-block-file\"><a id=\"wp-block-file--media-b79740db-7371-4ce3-8730-3f2220b9eaf7\" href=\"https:\/\/cssst.gouv.qc.ca\/bernard-gariepy\/wp-content\/uploads\/sites\/20\/2026\/03\/Mission_parents_infos.pdf\">Mission_parents_infos<\/a><a href=\"https:\/\/cssst.gouv.qc.ca\/bernard-gariepy\/wp-content\/uploads\/sites\/20\/2026\/03\/Mission_parents_infos.pdf\" class=\"wp-block-file__button wp-element-button\" download aria-describedby=\"wp-block-file--media-b79740db-7371-4ce3-8730-3f2220b9eaf7\">T\u00e9l\u00e9charger<\/a><\/div>\n\n\n\n<div class=\"wp-block-file\"><a id=\"wp-block-file--media-9247224b-18e1-49aa-a5c8-ca7774b40cc5\" href=\"https:\/\/cssst.gouv.qc.ca\/bernard-gariepy\/wp-content\/uploads\/sites\/20\/2026\/01\/Inscription_primaire.2026-2027-4.pdf\">Inscription_primaire.2026-2027<\/a><a href=\"https:\/\/cssst.gouv.qc.ca\/bernard-gariepy\/wp-content\/uploads\/sites\/20\/2026\/01\/Inscription_primaire.2026-2027-4.pdf\" class=\"wp-block-file__button wp-element-button\" download aria-describedby=\"wp-block-file--media-9247224b-18e1-49aa-a5c8-ca7774b40cc5\">T\u00e9l\u00e9charger<\/a><\/div>\n\n\n\n<div class=\"wp-block-file\"><a id=\"wp-block-file--media-93e458ef-43e1-47cb-8cf6-c4d63edea6ba\" href=\"https:\/\/cssst.gouv.qc.ca\/bernard-gariepy\/wp-content\/uploads\/sites\/20\/2026\/01\/Reinscription_secondaire_.2026-2027-3.pdf\">R\u00e9inscription_secondaire_.2026-2027<\/a><a href=\"https:\/\/cssst.gouv.qc.ca\/bernard-gariepy\/wp-content\/uploads\/sites\/20\/2026\/01\/Reinscription_secondaire_.2026-2027-3.pdf\" class=\"wp-block-file__button wp-element-button\" download aria-describedby=\"wp-block-file--media-93e458ef-43e1-47cb-8cf6-c4d63edea6ba\">T\u00e9l\u00e9charger<\/a><\/div>\n\n\n\n<div class=\"wp-block-file\"><a id=\"wp-block-file--media-3a694d4c-0076-44b3-975f-c07d507c531a\" href=\"https:\/\/cssst.gouv.qc.ca\/bernard-gariepy\/wp-content\/uploads\/sites\/20\/2025\/12\/Lettre-aux-parents-retrait-application-mParent.pdf\">Lettre aux parents retrait application mParent<\/a><a href=\"https:\/\/cssst.gouv.qc.ca\/bernard-gariepy\/wp-content\/uploads\/sites\/20\/2025\/12\/Lettre-aux-parents-retrait-application-mParent.pdf\" class=\"wp-block-file__button wp-element-button\" download aria-describedby=\"wp-block-file--media-3a694d4c-0076-44b3-975f-c07d507c531a\">T\u00e9l\u00e9charger<\/a><\/div>\n\n\n\n<div class=\"wp-block-file\"><a id=\"wp-block-file--media-57106526-ccf9-496b-93ec-a4c8e0b29701\" href=\"https:\/\/cssst.gouv.qc.ca\/bernard-gariepy\/wp-content\/uploads\/sites\/20\/2025\/10\/meningocoque-conjugue-quadrivalent.pdf\">meningocoque-conjugue-quadrivalent<\/a><a href=\"https:\/\/cssst.gouv.qc.ca\/bernard-gariepy\/wp-content\/uploads\/sites\/20\/2025\/10\/meningocoque-conjugue-quadrivalent.pdf\" class=\"wp-block-file__button wp-element-button\" download aria-describedby=\"wp-block-file--media-57106526-ccf9-496b-93ec-a4c8e0b29701\">T\u00e9l\u00e9charger<\/a><\/div>\n\n\n\n<div class=\"wp-block-file\"><a id=\"wp-block-file--media-675f9c48-f8ae-4f82-aa6b-82b5069ee1bd\" href=\"https:\/\/cssst.gouv.qc.ca\/bernard-gariepy\/wp-content\/uploads\/sites\/20\/2025\/10\/lettres-parents-2025-26.pdf\">lettres parents 2025-26<\/a><a href=\"https:\/\/cssst.gouv.qc.ca\/bernard-gariepy\/wp-content\/uploads\/sites\/20\/2025\/10\/lettres-parents-2025-26.pdf\" class=\"wp-block-file__button wp-element-button\" download aria-describedby=\"wp-block-file--media-675f9c48-f8ae-4f82-aa6b-82b5069ee1bd\">T\u00e9l\u00e9charger<\/a><\/div>\n\n\n\n<div class=\"wp-block-file\"><a id=\"wp-block-file--media-629d1cae-ec34-419c-91f8-545f8c0653ad\" href=\"https:\/\/cssst.gouv.qc.ca\/bernard-gariepy\/wp-content\/uploads\/sites\/20\/2025\/10\/HB.pdf\">HB<\/a><a href=\"https:\/\/cssst.gouv.qc.ca\/bernard-gariepy\/wp-content\/uploads\/sites\/20\/2025\/10\/HB.pdf\" class=\"wp-block-file__button wp-element-button\" download aria-describedby=\"wp-block-file--media-629d1cae-ec34-419c-91f8-545f8c0653ad\">T\u00e9l\u00e9charger<\/a><\/div>\n\n\n\n<div class=\"wp-block-file\"><a id=\"wp-block-file--media-c2e632a5-0b2a-46e0-8927-d2f4e18ee564\" href=\"https:\/\/cssst.gouv.qc.ca\/bernard-gariepy\/wp-content\/uploads\/sites\/20\/2025\/10\/dcat.pdf\">dcat<\/a><a href=\"https:\/\/cssst.gouv.qc.ca\/bernard-gariepy\/wp-content\/uploads\/sites\/20\/2025\/10\/dcat.pdf\" class=\"wp-block-file__button wp-element-button\" download aria-describedby=\"wp-block-file--media-c2e632a5-0b2a-46e0-8927-d2f4e18ee564\">T\u00e9l\u00e9charger<\/a><\/div>\n\n\n\n<div class=\"wp-block-file\"><a id=\"wp-block-file--media-e5693fb6-8ed9-4ac9-b6a1-21bc62847c38\" href=\"https:\/\/cssst.gouv.qc.ca\/bernard-gariepy\/wp-content\/uploads\/sites\/20\/2025\/10\/schema-revision-dun-resultat-prim-sec-1.pdf\">schema-revision-dun-resultat prim-sec<\/a><a href=\"https:\/\/cssst.gouv.qc.ca\/bernard-gariepy\/wp-content\/uploads\/sites\/20\/2025\/10\/schema-revision-dun-resultat-prim-sec-1.pdf\" class=\"wp-block-file__button wp-element-button\" download aria-describedby=\"wp-block-file--media-e5693fb6-8ed9-4ac9-b6a1-21bc62847c38\">T\u00e9l\u00e9charger<\/a><\/div>\n\n\n\n<div class=\"wp-block-file\"><a id=\"wp-block-file--media-01929e2c-e5fb-4dd7-8f7f-468442ba8c4f\" href=\"https:\/\/cssst.gouv.qc.ca\/bernard-gariepy\/wp-content\/uploads\/sites\/20\/2025\/10\/Horaire-des-recuperations-midi-2025-2026_version-du-3-octobre-2025-2.pdf\">Horaire des r\u00e9cup\u00e9rations-midi 2025-2026_version du 3 octobre 2025<\/a><a href=\"https:\/\/cssst.gouv.qc.ca\/bernard-gariepy\/wp-content\/uploads\/sites\/20\/2025\/10\/Horaire-des-recuperations-midi-2025-2026_version-du-3-octobre-2025-2.pdf\" class=\"wp-block-file__button wp-element-button\" download aria-describedby=\"wp-block-file--media-01929e2c-e5fb-4dd7-8f7f-468442ba8c4f\">T\u00e9l\u00e9charger<\/a><\/div>\n\n\n\n<div class=\"wp-block-file\"><a id=\"wp-block-file--media-68f4cc9d-6b2f-45ea-bc13-b31a1b3fa101\" href=\"https:\/\/cssst.gouv.qc.ca\/bernard-gariepy\/wp-content\/uploads\/sites\/20\/2025\/10\/Message-de-la-direction.pdf\">Message de la direction<\/a><a href=\"https:\/\/cssst.gouv.qc.ca\/bernard-gariepy\/wp-content\/uploads\/sites\/20\/2025\/10\/Message-de-la-direction.pdf\" class=\"wp-block-file__button wp-element-button\" download aria-describedby=\"wp-block-file--media-68f4cc9d-6b2f-45ea-bc13-b31a1b3fa101\">T\u00e9l\u00e9charger<\/a><\/div>\n\n\n\n<div class=\"wp-block-file\"><a id=\"wp-block-file--media-1e8720c9-93c1-4ad4-893f-5e078c7860a7\" href=\"https:\/\/cssst.gouv.qc.ca\/bernard-gariepy\/wp-content\/uploads\/sites\/20\/2025\/10\/PARENTS-Invitation-a-joindre-CCSEHDAA.pdf\">PARENTS &#8211; Invitation \u00e0 joindre CCSEHDAA<\/a><a href=\"https:\/\/cssst.gouv.qc.ca\/bernard-gariepy\/wp-content\/uploads\/sites\/20\/2025\/10\/PARENTS-Invitation-a-joindre-CCSEHDAA.pdf\" class=\"wp-block-file__button wp-element-button\" download aria-describedby=\"wp-block-file--media-1e8720c9-93c1-4ad4-893f-5e078c7860a7\">T\u00e9l\u00e9charger<\/a><\/div>\n\n\n\n<div class=\"wp-block-file\"><a id=\"wp-block-file--media-967d88e6-5ade-4542-8bd6-0d08881c3ee9\" href=\"https:\/\/cssst.gouv.qc.ca\/bernard-gariepy\/wp-content\/uploads\/sites\/20\/2025\/09\/Interdiction-cellulaire-annee-2025-2026-message-general-1.pdf\">Interdiction cellulaire ann\u00e9e 2025-2026 &#8211; message g\u00e9n\u00e9ral<\/a><a href=\"https:\/\/cssst.gouv.qc.ca\/bernard-gariepy\/wp-content\/uploads\/sites\/20\/2025\/09\/Interdiction-cellulaire-annee-2025-2026-message-general-1.pdf\" class=\"wp-block-file__button wp-element-button\" download aria-describedby=\"wp-block-file--media-967d88e6-5ade-4542-8bd6-0d08881c3ee9\">T\u00e9l\u00e9charger<\/a><\/div>\n\n\n\n<div class=\"wp-block-file\"><a id=\"wp-block-file--media-69cf78d8-1574-46ac-b180-371f5b4a8268\" href=\"https:\/\/cssst.gouv.qc.ca\/bernard-gariepy\/wp-content\/uploads\/sites\/20\/2025\/09\/ESBG_ANNEXE-CODE-VESTIMENTAIRE_2025-2026_mai-version-finale-2.pdf\">ESBG_ANNEXE CODE VESTIMENTAIRE_2025-2026_mai (version finale)<\/a><a href=\"https:\/\/cssst.gouv.qc.ca\/bernard-gariepy\/wp-content\/uploads\/sites\/20\/2025\/09\/ESBG_ANNEXE-CODE-VESTIMENTAIRE_2025-2026_mai-version-finale-2.pdf\" class=\"wp-block-file__button wp-element-button\" download aria-describedby=\"wp-block-file--media-69cf78d8-1574-46ac-b180-371f5b4a8268\">T\u00e9l\u00e9charger<\/a><\/div>\n\n\n\n<div class=\"wp-block-file\"><a id=\"wp-block-file--media-645fbeb4-1dc3-4de6-82f0-7f1039870d57\" href=\"https:\/\/cssst.gouv.qc.ca\/bernard-gariepy\/wp-content\/uploads\/sites\/20\/2025\/09\/Cours-deducation-physique-2.pdf\">Cours d&rsquo;\u00e9ducation physique<\/a><a href=\"https:\/\/cssst.gouv.qc.ca\/bernard-gariepy\/wp-content\/uploads\/sites\/20\/2025\/09\/Cours-deducation-physique-2.pdf\" class=\"wp-block-file__button wp-element-button\" download aria-describedby=\"wp-block-file--media-645fbeb4-1dc3-4de6-82f0-7f1039870d57\">T\u00e9l\u00e9charger<\/a><\/div>\n\n\n\n<div class=\"wp-block-file\"><a id=\"wp-block-file--media-14e1521c-3f1f-4223-b0df-795759744358\" href=\"https:\/\/cssst.gouv.qc.ca\/bernard-gariepy\/wp-content\/uploads\/sites\/20\/2025\/09\/Guide_Mozaik_Portail_Parents.pdf\">Guide_Mozaik_Portail_Parents<\/a><a href=\"https:\/\/cssst.gouv.qc.ca\/bernard-gariepy\/wp-content\/uploads\/sites\/20\/2025\/09\/Guide_Mozaik_Portail_Parents.pdf\" class=\"wp-block-file__button wp-element-button\" download aria-describedby=\"wp-block-file--media-14e1521c-3f1f-4223-b0df-795759744358\">T\u00e9l\u00e9charger<\/a><\/div>\n\n\n\n<div class=\"wp-block-file\"><a id=\"wp-block-file--media-dd8c6435-690d-46c9-8c24-97aaaaabf2e7\" href=\"http:\/\/cssst.gouv.qc.ca\/bernard-gariepy\/wp-content\/uploads\/sites\/20\/2025\/07\/ESBG-ESFL-Pub-Centraide-Operation-Septembre-2025-CABBR.pdf\">ESBG &#8211; ESFL Pub Centraide Op\u00e9ration Septembre 2025 &#8211; CABBR<\/a><a href=\"http:\/\/cssst.gouv.qc.ca\/bernard-gariepy\/wp-content\/uploads\/sites\/20\/2025\/07\/ESBG-ESFL-Pub-Centraide-Operation-Septembre-2025-CABBR.pdf\" class=\"wp-block-file__button wp-element-button\" download aria-describedby=\"wp-block-file--media-dd8c6435-690d-46c9-8c24-97aaaaabf2e7\">T\u00e9l\u00e9charger<\/a><\/div>\n","protected":false},"excerpt":{"rendered":"<p>Communications aux parents<\/p>\n","protected":false},"author":23,"featured_media":0,"parent":21,"menu_order":0,"comment_status":"closed","ping_status":"closed","template":"","meta":{"_acf_changed":false,"inline_featured_image":false,"footnotes":""},"class_list":["post-584","page","type-page","status-publish","hentry"],"acf":[],"yoast_head":"<!-- This site is optimized with the Yoast SEO plugin v27.5 - https:\/\/yoast.com\/product\/yoast-seo-wordpress\/ -->\n<title>Communications aux parents - \u00c9cole Secondaire Bernard-Gari\u00e9py<\/title>\n<meta name=\"robots\" content=\"index, follow, max-snippet:-1, max-image-preview:large, max-video-preview:-1\" \/>\n<link rel=\"canonical\" href=\"https:\/\/cssst.gouv.qc.ca\/bernard-gariepy\/communications\/communications-aux-parents\/\" \/>\n<meta property=\"og:locale\" content=\"fr_CA\" \/>\n<meta property=\"og:type\" content=\"article\" \/>\n<meta property=\"og:title\" content=\"Communications aux parents - \u00c9cole Secondaire Bernard-Gari\u00e9py\" \/>\n<meta property=\"og:description\" content=\"Communications aux parents\" \/>\n<meta property=\"og:url\" content=\"https:\/\/cssst.gouv.qc.ca\/bernard-gariepy\/communications\/communications-aux-parents\/\" \/>\n<meta property=\"og:site_name\" content=\"\u00c9cole Secondaire Bernard-Gari\u00e9py\" \/>\n<meta property=\"article:publisher\" content=\"https:\/\/www.facebook.com\/profile.php?id=100057040016311&amp;locale=fr_CA\" \/>\n<meta property=\"article:modified_time\" content=\"2026-04-29T15:12:38+00:00\" \/>\n<meta name=\"twitter:card\" content=\"summary_large_image\" \/>\n<meta name=\"twitter:label1\" content=\"Estimation du temps de lecture\" \/>\n\t<meta name=\"twitter:data1\" content=\"1 minute\" \/>\n<script type=\"application\/ld+json\" class=\"yoast-schema-graph\">{\"@context\":\"https:\\\/\\\/schema.org\",\"@graph\":[{\"@type\":\"WebPage\",\"@id\":\"https:\\\/\\\/cssst.gouv.qc.ca\\\/bernard-gariepy\\\/communications\\\/communications-aux-parents\\\/\",\"url\":\"https:\\\/\\\/cssst.gouv.qc.ca\\\/bernard-gariepy\\\/communications\\\/communications-aux-parents\\\/\",\"name\":\"Communications aux parents - \u00c9cole Secondaire Bernard-Gari\u00e9py\",\"isPartOf\":{\"@id\":\"https:\\\/\\\/cssst.gouv.qc.ca\\\/bernard-gariepy\\\/#website\"},\"primaryImageOfPage\":{\"@id\":\"https:\\\/\\\/cssst.gouv.qc.ca\\\/bernard-gariepy\\\/communications\\\/communications-aux-parents\\\/#primaryimage\"},\"image\":{\"@id\":\"https:\\\/\\\/cssst.gouv.qc.ca\\\/bernard-gariepy\\\/communications\\\/communications-aux-parents\\\/#primaryimage\"},\"thumbnailUrl\":\"http:\\\/\\\/stage.cs-soreltracy.qc.ca\\\/wp-content\\\/uploads\\\/2022\\\/08\\\/Seawire-Hero-06-2.jpg\",\"datePublished\":\"2025-07-10T20:00:04+00:00\",\"dateModified\":\"2026-04-29T15:12:38+00:00\",\"breadcrumb\":{\"@id\":\"https:\\\/\\\/cssst.gouv.qc.ca\\\/bernard-gariepy\\\/communications\\\/communications-aux-parents\\\/#breadcrumb\"},\"inLanguage\":\"fr-CA\",\"potentialAction\":[{\"@type\":\"ReadAction\",\"target\":[\"https:\\\/\\\/cssst.gouv.qc.ca\\\/bernard-gariepy\\\/communications\\\/communications-aux-parents\\\/\"]}]},{\"@type\":\"ImageObject\",\"inLanguage\":\"fr-CA\",\"@id\":\"https:\\\/\\\/cssst.gouv.qc.ca\\\/bernard-gariepy\\\/communications\\\/communications-aux-parents\\\/#primaryimage\",\"url\":\"http:\\\/\\\/stage.cs-soreltracy.qc.ca\\\/wp-content\\\/uploads\\\/2022\\\/08\\\/Seawire-Hero-06-2.jpg\",\"contentUrl\":\"http:\\\/\\\/stage.cs-soreltracy.qc.ca\\\/wp-content\\\/uploads\\\/2022\\\/08\\\/Seawire-Hero-06-2.jpg\"},{\"@type\":\"BreadcrumbList\",\"@id\":\"https:\\\/\\\/cssst.gouv.qc.ca\\\/bernard-gariepy\\\/communications\\\/communications-aux-parents\\\/#breadcrumb\",\"itemListElement\":[{\"@type\":\"ListItem\",\"position\":1,\"name\":\"Accueil\",\"item\":\"https:\\\/\\\/cssst.gouv.qc.ca\\\/bernard-gariepy\\\/\"},{\"@type\":\"ListItem\",\"position\":2,\"name\":\"Communications\",\"item\":\"https:\\\/\\\/cssst.gouv.qc.ca\\\/bernard-gariepy\\\/communications\\\/\"},{\"@type\":\"ListItem\",\"position\":3,\"name\":\"Communications aux parents\"}]},{\"@type\":\"WebSite\",\"@id\":\"https:\\\/\\\/cssst.gouv.qc.ca\\\/bernard-gariepy\\\/#website\",\"url\":\"https:\\\/\\\/cssst.gouv.qc.ca\\\/bernard-gariepy\\\/\",\"name\":\"\u00c9cole Secondaire Bernard-Gari\u00e9py\",\"description\":\"\",\"potentialAction\":[{\"@type\":\"SearchAction\",\"target\":{\"@type\":\"EntryPoint\",\"urlTemplate\":\"https:\\\/\\\/cssst.gouv.qc.ca\\\/bernard-gariepy\\\/?s={search_term_string}\"},\"query-input\":{\"@type\":\"PropertyValueSpecification\",\"valueRequired\":true,\"valueName\":\"search_term_string\"}}],\"inLanguage\":\"fr-CA\"}]}<\/script>\n<!-- \/ Yoast SEO plugin. -->","yoast_head_json":{"title":"Communications aux parents - \u00c9cole Secondaire Bernard-Gari\u00e9py","robots":{"index":"index","follow":"follow","max-snippet":"max-snippet:-1","max-image-preview":"max-image-preview:large","max-video-preview":"max-video-preview:-1"},"canonical":"https:\/\/cssst.gouv.qc.ca\/bernard-gariepy\/communications\/communications-aux-parents\/","og_locale":"fr_CA","og_type":"article","og_title":"Communications aux parents - \u00c9cole Secondaire Bernard-Gari\u00e9py","og_description":"Communications aux parents","og_url":"https:\/\/cssst.gouv.qc.ca\/bernard-gariepy\/communications\/communications-aux-parents\/","og_site_name":"\u00c9cole Secondaire Bernard-Gari\u00e9py","article_publisher":"https:\/\/www.facebook.com\/profile.php?id=100057040016311&locale=fr_CA","article_modified_time":"2026-04-29T15:12:38+00:00","twitter_card":"summary_large_image","twitter_misc":{"Estimation du temps de lecture":"1 minute"},"schema":{"@context":"https:\/\/schema.org","@graph":[{"@type":"WebPage","@id":"https:\/\/cssst.gouv.qc.ca\/bernard-gariepy\/communications\/communications-aux-parents\/","url":"https:\/\/cssst.gouv.qc.ca\/bernard-gariepy\/communications\/communications-aux-parents\/","name":"Communications aux parents - \u00c9cole Secondaire Bernard-Gari\u00e9py","isPartOf":{"@id":"https:\/\/cssst.gouv.qc.ca\/bernard-gariepy\/#website"},"primaryImageOfPage":{"@id":"https:\/\/cssst.gouv.qc.ca\/bernard-gariepy\/communications\/communications-aux-parents\/#primaryimage"},"image":{"@id":"https:\/\/cssst.gouv.qc.ca\/bernard-gariepy\/communications\/communications-aux-parents\/#primaryimage"},"thumbnailUrl":"http:\/\/stage.cs-soreltracy.qc.ca\/wp-content\/uploads\/2022\/08\/Seawire-Hero-06-2.jpg","datePublished":"2025-07-10T20:00:04+00:00","dateModified":"2026-04-29T15:12:38+00:00","breadcrumb":{"@id":"https:\/\/cssst.gouv.qc.ca\/bernard-gariepy\/communications\/communications-aux-parents\/#breadcrumb"},"inLanguage":"fr-CA","potentialAction":[{"@type":"ReadAction","target":["https:\/\/cssst.gouv.qc.ca\/bernard-gariepy\/communications\/communications-aux-parents\/"]}]},{"@type":"ImageObject","inLanguage":"fr-CA","@id":"https:\/\/cssst.gouv.qc.ca\/bernard-gariepy\/communications\/communications-aux-parents\/#primaryimage","url":"http:\/\/stage.cs-soreltracy.qc.ca\/wp-content\/uploads\/2022\/08\/Seawire-Hero-06-2.jpg","contentUrl":"http:\/\/stage.cs-soreltracy.qc.ca\/wp-content\/uploads\/2022\/08\/Seawire-Hero-06-2.jpg"},{"@type":"BreadcrumbList","@id":"https:\/\/cssst.gouv.qc.ca\/bernard-gariepy\/communications\/communications-aux-parents\/#breadcrumb","itemListElement":[{"@type":"ListItem","position":1,"name":"Accueil","item":"https:\/\/cssst.gouv.qc.ca\/bernard-gariepy\/"},{"@type":"ListItem","position":2,"name":"Communications","item":"https:\/\/cssst.gouv.qc.ca\/bernard-gariepy\/communications\/"},{"@type":"ListItem","position":3,"name":"Communications aux parents"}]},{"@type":"WebSite","@id":"https:\/\/cssst.gouv.qc.ca\/bernard-gariepy\/#website","url":"https:\/\/cssst.gouv.qc.ca\/bernard-gariepy\/","name":"\u00c9cole Secondaire Bernard-Gari\u00e9py","description":"","potentialAction":[{"@type":"SearchAction","target":{"@type":"EntryPoint","urlTemplate":"https:\/\/cssst.gouv.qc.ca\/bernard-gariepy\/?s={search_term_string}"},"query-input":{"@type":"PropertyValueSpecification","valueRequired":true,"valueName":"search_term_string"}}],"inLanguage":"fr-CA"}]}},"_links":{"self":[{"href":"https:\/\/cssst.gouv.qc.ca\/bernard-gariepy\/wp-json\/wp\/v2\/pages\/584","targetHints":{"allow":["GET"]}}],"collection":[{"href":"https:\/\/cssst.gouv.qc.ca\/bernard-gariepy\/wp-json\/wp\/v2\/pages"}],"about":[{"href":"https:\/\/cssst.gouv.qc.ca\/bernard-gariepy\/wp-json\/wp\/v2\/types\/page"}],"author":[{"embeddable":true,"href":"https:\/\/cssst.gouv.qc.ca\/bernard-gariepy\/wp-json\/wp\/v2\/users\/23"}],"replies":[{"embeddable":true,"href":"https:\/\/cssst.gouv.qc.ca\/bernard-gariepy\/wp-json\/wp\/v2\/comments?post=584"}],"version-history":[{"count":0,"href":"https:\/\/cssst.gouv.qc.ca\/bernard-gariepy\/wp-json\/wp\/v2\/pages\/584\/revisions"}],"up":[{"embeddable":true,"href":"https:\/\/cssst.gouv.qc.ca\/bernard-gariepy\/wp-json\/wp\/v2\/pages\/21"}],"wp:attachment":[{"href":"https:\/\/cssst.gouv.qc.ca\/bernard-gariepy\/wp-json\/wp\/v2\/media?parent=584"}],"curies":[{"name":"wp","href":"https:\/\/api.w.org\/{rel}","templated":true}]}}