{"id":4,"date":"2023-02-02T10:44:18","date_gmt":"2023-02-02T15:44:18","guid":{"rendered":"https:\/\/cssst.gouv.qc.ca\/bernard-gariepy\/accueil\/"},"modified":"2026-02-04T14:43:09","modified_gmt":"2026-02-04T19:43:09","slug":"accueil","status":"publish","type":"page","link":"https:\/\/cssst.gouv.qc.ca\/bernard-gariepy\/","title":{"rendered":"\u00c9cole secondaire Bernard-Gari\u00e9py"},"content":{"rendered":"\n<div class=\"wp-block-cover alignfull is-style-default\" style=\"min-height:565px;aspect-ratio:unset;\"><img loading=\"lazy\" decoding=\"async\" width=\"1262\" height=\"734\" class=\"wp-block-cover__image-background wp-image-186\" alt=\"\" src=\"http:\/\/cssst.gouv.qc.ca\/bernard-gariepy\/wp-content\/uploads\/sites\/20\/2024\/03\/Photo-site-Web-ESBG.jpg\" data-object-fit=\"cover\" srcset=\"https:\/\/cssst.gouv.qc.ca\/bernard-gariepy\/wp-content\/uploads\/sites\/20\/2024\/03\/Photo-site-Web-ESBG.jpg 1262w, https:\/\/cssst.gouv.qc.ca\/bernard-gariepy\/wp-content\/uploads\/sites\/20\/2024\/03\/Photo-site-Web-ESBG-300x174.jpg 300w, https:\/\/cssst.gouv.qc.ca\/bernard-gariepy\/wp-content\/uploads\/sites\/20\/2024\/03\/Photo-site-Web-ESBG-1024x596.jpg 1024w, https:\/\/cssst.gouv.qc.ca\/bernard-gariepy\/wp-content\/uploads\/sites\/20\/2024\/03\/Photo-site-Web-ESBG-768x447.jpg 768w\" sizes=\"auto, (max-width: 1262px) 100vw, 1262px\" \/><span aria-hidden=\"true\" class=\"wp-block-cover__background has-background-dim\"><\/span><div class=\"wp-block-cover__inner-container\">\n<div class=\"wp-block-group alignwide\"><h2 class=\"wp-block-post-title\">\u00c9cole secondaire Bernard-Gari\u00e9py<\/h2><\/div>\n<\/div><\/div>\n\n\n\n<div class=\"wp-block-group alignfull is-style-subsite-home-news has-tertiary-background-color has-background\">\n<div class=\"wp-block-group alignwide\">\n<h2 class=\"wp-block-heading\">Actualit\u00e9s<\/h2>\n\n\n\n<div class=\"wp-block-buttons\">\n<div class=\"wp-block-button is-style-text is-home-actualites\"><a class=\"wp-block-button__link wp-element-button\" href=\"https:\/\/cssst.gouv.qc.ca\/bernard-gariepy\/actualites\/\">Voir toutes les actualit\u00e9s<img decoding=\"async\" class=\"wp-image-402\" style=\"width: 17px\" src=\"https:\/\/cssst.gouv.qc.ca\/wp-content\/uploads\/2022\/09\/short_right.svg\" alt=\"\"><\/a><\/div>\n<\/div>\n<\/div>\n\n\n\n<figure class=\"wp-block-image size-full\"><img loading=\"lazy\" decoding=\"async\" width=\"1024\" height=\"768\" src=\"http:\/\/cssst.gouv.qc.ca\/bernard-gariepy\/wp-content\/uploads\/sites\/20\/2026\/02\/Organigramme-de-direction.png\" alt=\"\" class=\"wp-image-827\" srcset=\"https:\/\/cssst.gouv.qc.ca\/bernard-gariepy\/wp-content\/uploads\/sites\/20\/2026\/02\/Organigramme-de-direction.png 1024w, https:\/\/cssst.gouv.qc.ca\/bernard-gariepy\/wp-content\/uploads\/sites\/20\/2026\/02\/Organigramme-de-direction-300x225.png 300w, https:\/\/cssst.gouv.qc.ca\/bernard-gariepy\/wp-content\/uploads\/sites\/20\/2026\/02\/Organigramme-de-direction-768x576.png 768w\" sizes=\"auto, (max-width: 1024px) 100vw, 1024px\" \/><\/figure>\n\n\n<div class=\" alignwide alignwide wp-block-acf-archive-listing\" id=\"testimonial-block_f6f07e796a93894e270c083be3f9fcd0\">\n                                                                    <ul class=\"archive-listing__list  archive-listing__group-\">\n                                <li class=\"archive-listing__item\">\n                     <div class=\"actualite-card\">    <div class=\"wp-block-post-image\">\n    \n    <\/div>\n    <div class=\"wp-block-post-content\">\n        <div class=\"wp-block-post-date\"><time datetime=\"2025-08-15T08:46:44-04:00\">15 ao\u00fbt 2025<\/time><\/div>\n        <h2 class=\"wp-block-post-title\">Interdiction cellulaire ann\u00e9e 2025-2026<\/h2>\n\n        <div class=\"wp-block-post-excerpt\"><p class=\"wp-block-post-excerpt__excerpt\"> <\/p><\/div>\n        <a aria-label=\"Interdiction cellulaire ann\u00e9e 2025-2026\" class=\"wp-block-read-more\" href=\"https:\/\/cssst.gouv.qc.ca\/bernard-gariepy\/2025\/08\/15\/interdiction-cellulaire-annee-2025-2026\/\" target=\"_self\">En savoir plus<span class=\"screen-reader-text\">\u00a0: Interdiction cellulaire ann\u00e9e 2025-2026<\/span><\/a>\n    <\/div><\/div>                <\/li>\n                                            <li class=\"archive-listing__item\">\n                     <div class=\"actualite-card\">    <div class=\"wp-block-post-image\">\n    \n    <\/div>\n    <div class=\"wp-block-post-content\">\n        <div class=\"wp-block-post-date\"><time datetime=\"2025-08-15T08:39:08-04:00\">15 ao\u00fbt 2025<\/time><\/div>\n        <h2 class=\"wp-block-post-title\">Rentr\u00e9e administrative<\/h2>\n\n        <div class=\"wp-block-post-excerpt\"><p class=\"wp-block-post-excerpt__excerpt\"> <\/p><\/div>\n        <a aria-label=\"Rentr\u00e9e administrative\" class=\"wp-block-read-more\" href=\"https:\/\/cssst.gouv.qc.ca\/bernard-gariepy\/2025\/08\/15\/rentree-administrative\/\" target=\"_self\">En savoir plus<span class=\"screen-reader-text\">\u00a0: Rentr\u00e9e administrative<\/span><\/a>\n    <\/div><\/div>                <\/li>\n                                            <li class=\"archive-listing__item\">\n                     <div class=\"actualite-card\">    <div class=\"wp-block-post-image\">\n    \n    <\/div>\n    <div class=\"wp-block-post-content\">\n        <div class=\"wp-block-post-date\"><time datetime=\"2024-05-14T10:37:00-04:00\">14 mai 2024<\/time><\/div>\n        <h2 class=\"wp-block-post-title\">P\u00c9RIODE DE COMMANDE &#8211; UNIFORME 24-25 ESBG<\/h2>\n\n        <div class=\"wp-block-post-excerpt\"><p class=\"wp-block-post-excerpt__excerpt\"> <\/p><\/div>\n        <a aria-label=\"P\u00c9RIODE DE COMMANDE &amp;#8211; UNIFORME 24-25 ESBG\" class=\"wp-block-read-more\" href=\"https:\/\/cssst.gouv.qc.ca\/bernard-gariepy\/2024\/05\/14\/periode-de-commande-uniforme-24-25-esbg\/\" target=\"_self\">En savoir plus<span class=\"screen-reader-text\">\u00a0: P\u00c9RIODE DE COMMANDE &#8211; UNIFORME 24-25 ESBG<\/span><\/a>\n    <\/div><\/div>                <\/li>\n                    <\/ul>\n        <\/div>\n<\/div>\n\n\n\n<div class=\"wp-block-group alignfull is-style-bg-gradient\">\n<div class=\"wp-block-group alignwide\">\n<div class=\"wp-block-columns is-style-dates-and-calendar\">\n<div class=\"wp-block-column is-style-dates-list\">\n<h2 class=\"wp-block-heading\">Calendrier<\/h2>\n<\/div>\n<\/div>\n\n\n\n<figure class=\"wp-block-image size-full\"><img loading=\"lazy\" decoding=\"async\" width=\"800\" height=\"497\" src=\"http:\/\/cssst.gouv.qc.ca\/bernard-gariepy\/wp-content\/uploads\/sites\/20\/2024\/02\/dr-01092015-centremultisports-800x497-2.jpg\" alt=\"\" class=\"wp-image-139\" srcset=\"https:\/\/cssst.gouv.qc.ca\/bernard-gariepy\/wp-content\/uploads\/sites\/20\/2024\/02\/dr-01092015-centremultisports-800x497-2.jpg 800w, https:\/\/cssst.gouv.qc.ca\/bernard-gariepy\/wp-content\/uploads\/sites\/20\/2024\/02\/dr-01092015-centremultisports-800x497-2-300x186.jpg 300w, https:\/\/cssst.gouv.qc.ca\/bernard-gariepy\/wp-content\/uploads\/sites\/20\/2024\/02\/dr-01092015-centremultisports-800x497-2-768x477.jpg 768w\" sizes=\"auto, (max-width: 800px) 100vw, 800px\" \/><\/figure>\n\n\n\n<div class=\"wp-block-columns alignwide is-style-home-calendar is-style-dates-and-calendar\">\n<div class=\"wp-block-column is-style-dates-list\">\n<div class=\"wp-block-group\">\n<h3 class=\"wp-block-heading\">\u00c0 surveiller<\/h3>\n\n\n\n<div class=\"wp-block-file\"><a id=\"wp-block-file--media-d15e1d4c-1727-4332-94fc-ff8828976fd2\" href=\"https:\/\/cssst.gouv.qc.ca\/bernard-gariepy\/wp-content\/uploads\/sites\/20\/2026\/01\/INFOLETTRE-janvier-1.pdf-1.pdf\">INFOLETTRE janvier.pdf<\/a><a href=\"https:\/\/cssst.gouv.qc.ca\/bernard-gariepy\/wp-content\/uploads\/sites\/20\/2026\/01\/INFOLETTRE-janvier-1.pdf-1.pdf\" class=\"wp-block-file__button wp-element-button\" download aria-describedby=\"wp-block-file--media-d15e1d4c-1727-4332-94fc-ff8828976fd2\">T\u00e9l\u00e9charger<\/a><\/div>\n\n\n\n<div class=\"wp-block-file\"><a id=\"wp-block-file--media-fbbadeb1-ab8a-4953-bda1-c86beba483fa\" href=\"https:\/\/cssst.gouv.qc.ca\/bernard-gariepy\/wp-content\/uploads\/sites\/20\/2026\/01\/Lettre-aux-parents-retrait-application-mParent.pdf\">Lettre aux parents retrait application mParent<\/a><a href=\"https:\/\/cssst.gouv.qc.ca\/bernard-gariepy\/wp-content\/uploads\/sites\/20\/2026\/01\/Lettre-aux-parents-retrait-application-mParent.pdf\" class=\"wp-block-file__button wp-element-button\" download aria-describedby=\"wp-block-file--media-fbbadeb1-ab8a-4953-bda1-c86beba483fa\">T\u00e9l\u00e9charger<\/a><\/div>\n\n\n<div class=\"align wp-block-acf-act-date-list\" id=\"testimonial-\"><div class=\"wp-block-group\"><\/div><\/div>\n\n\n<p><a href=\"https:\/\/cssst.gouv.qc.ca\/bernard-gariepy\/evenements\">Voir tous les \u00e9v\u00e9nements<\/a><\/p>\n<\/div>\n<\/div>\n\n\n\n<div class=\"wp-block-column is-style-calendar\">\n<div class=\"wp-block-group\"><div class=\"act-post-calendar\">\n    \n<\/div>\n<script>\n    var actPostCalendarPopups = {\n            }\n    var actPostCalendarMonths = [\n        'Janvier', \n        'F\u00e9vrier', \n        'Mars', \n        'Avril', \n        'Mai', \n        'Juin', \n        'Juillet',\n        'Ao\u00fbt', \n        'Septembre', \n        'Octobre', \n        'Novembre', \n        'D\u00e9cembre'\n    ]\n    var actPostCalendarWeekdays = ['D', 'L', 'M', 'M', 'J', 'V', 'S'];\n<\/script>\n\n\n\n<div class=\"wp-block-buttons\">\n<div class=\"wp-block-button\"><a class=\"wp-block-button__link wp-element-button\">T\u00e9l\u00e9charger le calendrier <img loading=\"lazy\" decoding=\"async\" width=\"24\" height=\"25\" class=\"wp-image-122\" style=\"width: 24px\" src=\"http:\/\/cssst.gouv.qc.ca\/bernard-gariepy\/wp-content\/uploads\/sites\/20\/2023\/02\/Download.svg\" alt=\"\"><\/a><\/div>\n<\/div>\n<\/div>\n<\/div>\n<\/div>\n<\/div>\n<\/div>\n\n\n\n<div class=\"wp-block-buttons\">\n<div class=\"wp-block-button has-custom-width wp-block-button__width-100 is-style-fill\"><a class=\"wp-block-button__link wp-element-button\" href=\"https:\/\/cssst.gouv.qc.ca\/publications\/plaintes\/\" style=\"border-radius:100px;box-shadow:var(--wp--preset--shadow--natural)\">Traitement des plaintes et protecteur de l&rsquo;\u00e9l\u00e8ve<\/a><\/div>\n<\/div>\n","protected":false},"excerpt":{"rendered":"<p>Actualit\u00e9s Calendrier \u00c0 surveiller Voir tous les \u00e9v\u00e9nements<\/p>\n","protected":false},"author":1,"featured_media":0,"parent":0,"menu_order":0,"comment_status":"closed","ping_status":"closed","template":"","meta":{"_acf_changed":false,"inline_featured_image":false,"footnotes":""},"class_list":["post-4","page","type-page","status-publish","hentry"],"acf":[],"yoast_head":"<!-- This site is optimized with the Yoast SEO plugin v27.5 - https:\/\/yoast.com\/product\/yoast-seo-wordpress\/ -->\n<title>\u00c9cole secondaire Bernard-Gari\u00e9py - \u00c9cole Secondaire Bernard-Gari\u00e9py<\/title>\n<meta name=\"robots\" content=\"index, follow, max-snippet:-1, max-image-preview:large, max-video-preview:-1\" \/>\n<link rel=\"canonical\" href=\"https:\/\/cssst.gouv.qc.ca\/bernard-gariepy\/\" \/>\n<meta property=\"og:locale\" content=\"fr_CA\" \/>\n<meta property=\"og:type\" content=\"article\" \/>\n<meta property=\"og:title\" content=\"\u00c9cole secondaire Bernard-Gari\u00e9py - \u00c9cole Secondaire Bernard-Gari\u00e9py\" \/>\n<meta property=\"og:description\" content=\"Actualit\u00e9s Calendrier \u00c0 surveiller Voir tous les \u00e9v\u00e9nements\" \/>\n<meta property=\"og:url\" content=\"https:\/\/cssst.gouv.qc.ca\/bernard-gariepy\/\" \/>\n<meta property=\"og:site_name\" content=\"\u00c9cole Secondaire Bernard-Gari\u00e9py\" \/>\n<meta property=\"article:publisher\" content=\"https:\/\/www.facebook.com\/profile.php?id=100057040016311&amp;locale=fr_CA\" \/>\n<meta property=\"article:modified_time\" content=\"2026-02-04T19:43:09+00:00\" \/>\n<meta property=\"og:image\" content=\"https:\/\/cssst.gouv.qc.ca\/bernard-gariepy\/wp-content\/uploads\/sites\/20\/2024\/03\/Photo-site-Web-ESBG.jpg\" \/>\n\t<meta property=\"og:image:width\" content=\"1262\" \/>\n\t<meta property=\"og:image:height\" content=\"734\" \/>\n\t<meta property=\"og:image:type\" content=\"image\/jpeg\" \/>\n<meta name=\"twitter:card\" content=\"summary_large_image\" \/>\n<meta name=\"twitter:label1\" content=\"Estimation du temps de lecture\" \/>\n\t<meta name=\"twitter:data1\" content=\"2 minutes\" \/>\n<script type=\"application\/ld+json\" class=\"yoast-schema-graph\">{\"@context\":\"https:\\\/\\\/schema.org\",\"@graph\":[{\"@type\":\"WebPage\",\"@id\":\"https:\\\/\\\/cssst.gouv.qc.ca\\\/bernard-gariepy\\\/\",\"url\":\"https:\\\/\\\/cssst.gouv.qc.ca\\\/bernard-gariepy\\\/\",\"name\":\"\u00c9cole secondaire Bernard-Gari\u00e9py - \u00c9cole Secondaire Bernard-Gari\u00e9py\",\"isPartOf\":{\"@id\":\"https:\\\/\\\/cssst.gouv.qc.ca\\\/bernard-gariepy\\\/#website\"},\"primaryImageOfPage\":{\"@id\":\"https:\\\/\\\/cssst.gouv.qc.ca\\\/bernard-gariepy\\\/#primaryimage\"},\"image\":{\"@id\":\"https:\\\/\\\/cssst.gouv.qc.ca\\\/bernard-gariepy\\\/#primaryimage\"},\"thumbnailUrl\":\"http:\\\/\\\/cssst.gouv.qc.ca\\\/bernard-gariepy\\\/wp-content\\\/uploads\\\/sites\\\/20\\\/2024\\\/03\\\/Photo-site-Web-ESBG.jpg\",\"datePublished\":\"2023-02-02T15:44:18+00:00\",\"dateModified\":\"2026-02-04T19:43:09+00:00\",\"breadcrumb\":{\"@id\":\"https:\\\/\\\/cssst.gouv.qc.ca\\\/bernard-gariepy\\\/#breadcrumb\"},\"inLanguage\":\"fr-CA\",\"potentialAction\":[{\"@type\":\"ReadAction\",\"target\":[\"https:\\\/\\\/cssst.gouv.qc.ca\\\/bernard-gariepy\\\/\"]}]},{\"@type\":\"ImageObject\",\"inLanguage\":\"fr-CA\",\"@id\":\"https:\\\/\\\/cssst.gouv.qc.ca\\\/bernard-gariepy\\\/#primaryimage\",\"url\":\"https:\\\/\\\/cssst.gouv.qc.ca\\\/bernard-gariepy\\\/wp-content\\\/uploads\\\/sites\\\/20\\\/2024\\\/03\\\/Photo-site-Web-ESBG.jpg\",\"contentUrl\":\"https:\\\/\\\/cssst.gouv.qc.ca\\\/bernard-gariepy\\\/wp-content\\\/uploads\\\/sites\\\/20\\\/2024\\\/03\\\/Photo-site-Web-ESBG.jpg\",\"width\":1262,\"height\":734},{\"@type\":\"BreadcrumbList\",\"@id\":\"https:\\\/\\\/cssst.gouv.qc.ca\\\/bernard-gariepy\\\/#breadcrumb\",\"itemListElement\":[{\"@type\":\"ListItem\",\"position\":1,\"name\":\"Accueil\",\"item\":\"https:\\\/\\\/cssst.gouv.qc.ca\\\/bernard-gariepy\\\/\"},{\"@type\":\"ListItem\",\"position\":2,\"name\":\"\u00c9cole secondaire Bernard-Gari\u00e9py\"}]},{\"@type\":\"WebSite\",\"@id\":\"https:\\\/\\\/cssst.gouv.qc.ca\\\/bernard-gariepy\\\/#website\",\"url\":\"https:\\\/\\\/cssst.gouv.qc.ca\\\/bernard-gariepy\\\/\",\"name\":\"\u00c9cole Secondaire Bernard-Gari\u00e9py\",\"description\":\"\",\"potentialAction\":[{\"@type\":\"SearchAction\",\"target\":{\"@type\":\"EntryPoint\",\"urlTemplate\":\"https:\\\/\\\/cssst.gouv.qc.ca\\\/bernard-gariepy\\\/?s={search_term_string}\"},\"query-input\":{\"@type\":\"PropertyValueSpecification\",\"valueRequired\":true,\"valueName\":\"search_term_string\"}}],\"inLanguage\":\"fr-CA\"}]}<\/script>\n<!-- \/ Yoast SEO plugin. -->","yoast_head_json":{"title":"\u00c9cole secondaire Bernard-Gari\u00e9py - \u00c9cole Secondaire Bernard-Gari\u00e9py","robots":{"index":"index","follow":"follow","max-snippet":"max-snippet:-1","max-image-preview":"max-image-preview:large","max-video-preview":"max-video-preview:-1"},"canonical":"https:\/\/cssst.gouv.qc.ca\/bernard-gariepy\/","og_locale":"fr_CA","og_type":"article","og_title":"\u00c9cole secondaire Bernard-Gari\u00e9py - \u00c9cole Secondaire Bernard-Gari\u00e9py","og_description":"Actualit\u00e9s Calendrier \u00c0 surveiller Voir tous les \u00e9v\u00e9nements","og_url":"https:\/\/cssst.gouv.qc.ca\/bernard-gariepy\/","og_site_name":"\u00c9cole Secondaire Bernard-Gari\u00e9py","article_publisher":"https:\/\/www.facebook.com\/profile.php?id=100057040016311&locale=fr_CA","article_modified_time":"2026-02-04T19:43:09+00:00","og_image":[{"width":1262,"height":734,"url":"https:\/\/cssst.gouv.qc.ca\/bernard-gariepy\/wp-content\/uploads\/sites\/20\/2024\/03\/Photo-site-Web-ESBG.jpg","type":"image\/jpeg"}],"twitter_card":"summary_large_image","twitter_misc":{"Estimation du temps de lecture":"2 minutes"},"schema":{"@context":"https:\/\/schema.org","@graph":[{"@type":"WebPage","@id":"https:\/\/cssst.gouv.qc.ca\/bernard-gariepy\/","url":"https:\/\/cssst.gouv.qc.ca\/bernard-gariepy\/","name":"\u00c9cole secondaire Bernard-Gari\u00e9py - \u00c9cole Secondaire Bernard-Gari\u00e9py","isPartOf":{"@id":"https:\/\/cssst.gouv.qc.ca\/bernard-gariepy\/#website"},"primaryImageOfPage":{"@id":"https:\/\/cssst.gouv.qc.ca\/bernard-gariepy\/#primaryimage"},"image":{"@id":"https:\/\/cssst.gouv.qc.ca\/bernard-gariepy\/#primaryimage"},"thumbnailUrl":"http:\/\/cssst.gouv.qc.ca\/bernard-gariepy\/wp-content\/uploads\/sites\/20\/2024\/03\/Photo-site-Web-ESBG.jpg","datePublished":"2023-02-02T15:44:18+00:00","dateModified":"2026-02-04T19:43:09+00:00","breadcrumb":{"@id":"https:\/\/cssst.gouv.qc.ca\/bernard-gariepy\/#breadcrumb"},"inLanguage":"fr-CA","potentialAction":[{"@type":"ReadAction","target":["https:\/\/cssst.gouv.qc.ca\/bernard-gariepy\/"]}]},{"@type":"ImageObject","inLanguage":"fr-CA","@id":"https:\/\/cssst.gouv.qc.ca\/bernard-gariepy\/#primaryimage","url":"https:\/\/cssst.gouv.qc.ca\/bernard-gariepy\/wp-content\/uploads\/sites\/20\/2024\/03\/Photo-site-Web-ESBG.jpg","contentUrl":"https:\/\/cssst.gouv.qc.ca\/bernard-gariepy\/wp-content\/uploads\/sites\/20\/2024\/03\/Photo-site-Web-ESBG.jpg","width":1262,"height":734},{"@type":"BreadcrumbList","@id":"https:\/\/cssst.gouv.qc.ca\/bernard-gariepy\/#breadcrumb","itemListElement":[{"@type":"ListItem","position":1,"name":"Accueil","item":"https:\/\/cssst.gouv.qc.ca\/bernard-gariepy\/"},{"@type":"ListItem","position":2,"name":"\u00c9cole secondaire Bernard-Gari\u00e9py"}]},{"@type":"WebSite","@id":"https:\/\/cssst.gouv.qc.ca\/bernard-gariepy\/#website","url":"https:\/\/cssst.gouv.qc.ca\/bernard-gariepy\/","name":"\u00c9cole Secondaire Bernard-Gari\u00e9py","description":"","potentialAction":[{"@type":"SearchAction","target":{"@type":"EntryPoint","urlTemplate":"https:\/\/cssst.gouv.qc.ca\/bernard-gariepy\/?s={search_term_string}"},"query-input":{"@type":"PropertyValueSpecification","valueRequired":true,"valueName":"search_term_string"}}],"inLanguage":"fr-CA"}]}},"_links":{"self":[{"href":"https:\/\/cssst.gouv.qc.ca\/bernard-gariepy\/wp-json\/wp\/v2\/pages\/4","targetHints":{"allow":["GET"]}}],"collection":[{"href":"https:\/\/cssst.gouv.qc.ca\/bernard-gariepy\/wp-json\/wp\/v2\/pages"}],"about":[{"href":"https:\/\/cssst.gouv.qc.ca\/bernard-gariepy\/wp-json\/wp\/v2\/types\/page"}],"author":[{"embeddable":true,"href":"https:\/\/cssst.gouv.qc.ca\/bernard-gariepy\/wp-json\/wp\/v2\/users\/1"}],"replies":[{"embeddable":true,"href":"https:\/\/cssst.gouv.qc.ca\/bernard-gariepy\/wp-json\/wp\/v2\/comments?post=4"}],"version-history":[{"count":0,"href":"https:\/\/cssst.gouv.qc.ca\/bernard-gariepy\/wp-json\/wp\/v2\/pages\/4\/revisions"}],"wp:attachment":[{"href":"https:\/\/cssst.gouv.qc.ca\/bernard-gariepy\/wp-json\/wp\/v2\/media?parent=4"}],"curies":[{"name":"wp","href":"https:\/\/api.w.org\/{rel}","templated":true}]}}