{"id":14,"date":"2023-02-02T09:37:08","date_gmt":"2023-02-02T14:37:08","guid":{"rendered":"https:\/\/cssst.gouv.qc.ca\/au-petit-bois\/effets-scolaires\/"},"modified":"2025-06-26T10:29:27","modified_gmt":"2025-06-26T14:29:27","slug":"effets-scolaires","status":"publish","type":"page","link":"https:\/\/cssst.gouv.qc.ca\/au-petit-bois\/ecole\/effets-scolaires\/","title":{"rendered":"Effets scolaires 2025-2026"},"content":{"rendered":"\n<div class=\"wp-block-group\">\n<details class=\"wp-block-details\"><summary>Maternelle<\/summary>\n<p><\/p>\n\n\n\n<div data-wp-interactive=\"core\/file\" class=\"wp-block-file\"><object data-wp-bind--hidden=\"!state.hasPdfPreview\" hidden class=\"wp-block-file__embed\" data=\"https:\/\/cssst.gouv.qc.ca\/au-petit-bois\/wp-content\/uploads\/sites\/5\/2025\/06\/Maternelle-1.pdf\" type=\"application\/pdf\" style=\"width:100%;height:600px\" aria-label=\"Contenu incorpor\u00e9 Maternelle.\"><\/object><a id=\"wp-block-file--media-c13e5254-493b-4ebb-9f29-e7d482041c76\" href=\"https:\/\/cssst.gouv.qc.ca\/au-petit-bois\/wp-content\/uploads\/sites\/5\/2025\/06\/Maternelle-1.pdf\">Maternelle<\/a><a href=\"https:\/\/cssst.gouv.qc.ca\/au-petit-bois\/wp-content\/uploads\/sites\/5\/2025\/06\/Maternelle-1.pdf\" class=\"wp-block-file__button wp-element-button\" download aria-describedby=\"wp-block-file--media-c13e5254-493b-4ebb-9f29-e7d482041c76\">T\u00e9l\u00e9charger<\/a><\/div>\n<\/details>\n<\/div>\n\n\n\n<div class=\"wp-block-columns\">\n<div class=\"wp-block-column\" style=\"flex-basis:100%\">\n<details class=\"wp-block-details\"><summary>1\u00e8re ann\u00e9e<\/summary>\n<div data-wp-interactive=\"core\/file\" class=\"wp-block-file\"><object data-wp-bind--hidden=\"!state.hasPdfPreview\" hidden class=\"wp-block-file__embed\" data=\"https:\/\/cssst.gouv.qc.ca\/au-petit-bois\/wp-content\/uploads\/sites\/5\/2025\/06\/1ere-annee-1.pdf\" type=\"application\/pdf\" style=\"width:100%;height:600px\" aria-label=\"Contenu incorpor\u00e9 1\u00e8re ann\u00e9e.\"><\/object><a id=\"wp-block-file--media-753b5874-0cd4-419d-8e8c-cab92f07efb0\" href=\"https:\/\/cssst.gouv.qc.ca\/au-petit-bois\/wp-content\/uploads\/sites\/5\/2025\/06\/1ere-annee-1.pdf\">1\u00e8re ann\u00e9e<\/a><a href=\"https:\/\/cssst.gouv.qc.ca\/au-petit-bois\/wp-content\/uploads\/sites\/5\/2025\/06\/1ere-annee-1.pdf\" class=\"wp-block-file__button wp-element-button\" download aria-describedby=\"wp-block-file--media-753b5874-0cd4-419d-8e8c-cab92f07efb0\">T\u00e9l\u00e9charger<\/a><\/div>\n<\/details>\n<\/div>\n<\/div>\n\n\n\n<details class=\"wp-block-details\"><summary>2\u00e8 ann\u00e9e<\/summary>\n<div class=\"wp-block-columns\">\n<div class=\"wp-block-column\" style=\"flex-basis:100%\"><\/div>\n<\/div>\n\n\n\n<div data-wp-interactive=\"core\/file\" class=\"wp-block-file\"><object data-wp-bind--hidden=\"!state.hasPdfPreview\" hidden class=\"wp-block-file__embed\" data=\"https:\/\/cssst.gouv.qc.ca\/au-petit-bois\/wp-content\/uploads\/sites\/5\/2025\/06\/2-ieme-annee-1.pdf\" type=\"application\/pdf\" style=\"width:100%;height:600px\" aria-label=\"Contenu incorpor\u00e9 2 i\u00e8me ann\u00e9e.\"><\/object><a id=\"wp-block-file--media-1e171b50-ed58-46c7-9339-525dd127d2f3\" href=\"https:\/\/cssst.gouv.qc.ca\/au-petit-bois\/wp-content\/uploads\/sites\/5\/2025\/06\/2-ieme-annee-1.pdf\">2 i\u00e8me ann\u00e9e<\/a><a href=\"https:\/\/cssst.gouv.qc.ca\/au-petit-bois\/wp-content\/uploads\/sites\/5\/2025\/06\/2-ieme-annee-1.pdf\" class=\"wp-block-file__button wp-element-button\" download aria-describedby=\"wp-block-file--media-1e171b50-ed58-46c7-9339-525dd127d2f3\">T\u00e9l\u00e9charger<\/a><\/div>\n<\/details>\n\n\n\n<details class=\"wp-block-details\"><summary>3\u00e8 ann\u00e9e<\/summary>\n<div class=\"wp-block-columns\">\n<div class=\"wp-block-column\" style=\"flex-basis:100%\"><\/div>\n<\/div>\n\n\n\n<div data-wp-interactive=\"core\/file\" class=\"wp-block-file\"><object data-wp-bind--hidden=\"!state.hasPdfPreview\" hidden class=\"wp-block-file__embed\" data=\"https:\/\/cssst.gouv.qc.ca\/au-petit-bois\/wp-content\/uploads\/sites\/5\/2025\/06\/3-ieme-annee-1.pdf\" type=\"application\/pdf\" style=\"width:100%;height:600px\" aria-label=\"Contenu incorpor\u00e9 3 i\u00e8me ann\u00e9e.\"><\/object><a id=\"wp-block-file--media-053d623a-4b3c-451e-ab95-e82248378830\" href=\"https:\/\/cssst.gouv.qc.ca\/au-petit-bois\/wp-content\/uploads\/sites\/5\/2025\/06\/3-ieme-annee-1.pdf\">3 i\u00e8me ann\u00e9e<\/a><a href=\"https:\/\/cssst.gouv.qc.ca\/au-petit-bois\/wp-content\/uploads\/sites\/5\/2025\/06\/3-ieme-annee-1.pdf\" class=\"wp-block-file__button wp-element-button\" download aria-describedby=\"wp-block-file--media-053d623a-4b3c-451e-ab95-e82248378830\">T\u00e9l\u00e9charger<\/a><\/div>\n<\/details>\n\n\n\n<details class=\"wp-block-details\"><summary>4\u00e8 ann\u00e9e<\/summary>\n<div class=\"wp-block-columns\">\n<div class=\"wp-block-column\" style=\"flex-basis:100%\"><\/div>\n<\/div>\n\n\n\n<div data-wp-interactive=\"core\/file\" class=\"wp-block-file\"><object data-wp-bind--hidden=\"!state.hasPdfPreview\" hidden class=\"wp-block-file__embed\" data=\"https:\/\/cssst.gouv.qc.ca\/au-petit-bois\/wp-content\/uploads\/sites\/5\/2025\/06\/4-ieme-annee-1.pdf\" type=\"application\/pdf\" style=\"width:100%;height:600px\" aria-label=\"Contenu incorpor\u00e9 4 i\u00e8me ann\u00e9e.\"><\/object><a id=\"wp-block-file--media-6dd57dde-073a-415a-9e45-6e9005e3d6f9\" href=\"https:\/\/cssst.gouv.qc.ca\/au-petit-bois\/wp-content\/uploads\/sites\/5\/2025\/06\/4-ieme-annee-1.pdf\">4 i\u00e8me ann\u00e9e<\/a><a href=\"https:\/\/cssst.gouv.qc.ca\/au-petit-bois\/wp-content\/uploads\/sites\/5\/2025\/06\/4-ieme-annee-1.pdf\" class=\"wp-block-file__button wp-element-button\" download aria-describedby=\"wp-block-file--media-6dd57dde-073a-415a-9e45-6e9005e3d6f9\">T\u00e9l\u00e9charger<\/a><\/div>\n<\/details>\n\n\n\n<details class=\"wp-block-details\"><summary>5\u00e8 ann\u00e9e<\/summary>\n<div class=\"wp-block-columns\">\n<div class=\"wp-block-column\" style=\"flex-basis:100%\"><\/div>\n<\/div>\n\n\n\n<div data-wp-interactive=\"core\/file\" class=\"wp-block-file\"><object data-wp-bind--hidden=\"!state.hasPdfPreview\" hidden class=\"wp-block-file__embed\" data=\"https:\/\/cssst.gouv.qc.ca\/au-petit-bois\/wp-content\/uploads\/sites\/5\/2025\/06\/5-ieme-annee-1.pdf\" type=\"application\/pdf\" style=\"width:100%;height:600px\" aria-label=\"Contenu incorpor\u00e9 5 i\u00e8me ann\u00e9e.\"><\/object><a id=\"wp-block-file--media-1b2c3252-d17d-4854-84df-53163b85a409\" href=\"https:\/\/cssst.gouv.qc.ca\/au-petit-bois\/wp-content\/uploads\/sites\/5\/2025\/06\/5-ieme-annee-1.pdf\">5 i\u00e8me ann\u00e9e<\/a><a href=\"https:\/\/cssst.gouv.qc.ca\/au-petit-bois\/wp-content\/uploads\/sites\/5\/2025\/06\/5-ieme-annee-1.pdf\" class=\"wp-block-file__button wp-element-button\" download aria-describedby=\"wp-block-file--media-1b2c3252-d17d-4854-84df-53163b85a409\">T\u00e9l\u00e9charger<\/a><\/div>\n<\/details>\n\n\n\n<details class=\"wp-block-details\"><summary>6\u00e8 ann\u00e9e<\/summary>\n<p><\/p>\n\n\n\n<div data-wp-interactive=\"core\/file\" class=\"wp-block-file\"><object data-wp-bind--hidden=\"!state.hasPdfPreview\" hidden class=\"wp-block-file__embed\" data=\"https:\/\/cssst.gouv.qc.ca\/au-petit-bois\/wp-content\/uploads\/sites\/5\/2025\/06\/6-ieme-annee-1.pdf\" type=\"application\/pdf\" style=\"width:100%;height:600px\" aria-label=\"Contenu incorpor\u00e9 6 i\u00e8me ann\u00e9e.\"><\/object><a id=\"wp-block-file--media-aad2a3fd-2c08-42c7-a8fb-6fdce7d11343\" href=\"https:\/\/cssst.gouv.qc.ca\/au-petit-bois\/wp-content\/uploads\/sites\/5\/2025\/06\/6-ieme-annee-1.pdf\">6 i\u00e8me ann\u00e9e<\/a><a href=\"https:\/\/cssst.gouv.qc.ca\/au-petit-bois\/wp-content\/uploads\/sites\/5\/2025\/06\/6-ieme-annee-1.pdf\" class=\"wp-block-file__button wp-element-button\" download aria-describedby=\"wp-block-file--media-aad2a3fd-2c08-42c7-a8fb-6fdce7d11343\">T\u00e9l\u00e9charger<\/a><\/div>\n<\/details>\n\n\n\n<p><\/p>\n","protected":false},"excerpt":{"rendered":"","protected":false},"author":1,"featured_media":0,"parent":5,"menu_order":20,"comment_status":"closed","ping_status":"closed","template":"","meta":{"_acf_changed":false,"inline_featured_image":false,"footnotes":""},"class_list":["post-14","page","type-page","status-publish","hentry"],"acf":[],"yoast_head":"<!-- This site is optimized with the Yoast SEO plugin v27.4 - https:\/\/yoast.com\/product\/yoast-seo-wordpress\/ -->\n<title>Effets scolaires 2025-2026 - \u00c9cole Au Petit Bois<\/title>\n<meta name=\"robots\" content=\"index, follow, max-snippet:-1, max-image-preview:large, max-video-preview:-1\" \/>\n<link rel=\"canonical\" href=\"https:\/\/cssst.gouv.qc.ca\/au-petit-bois\/ecole\/effets-scolaires\/\" \/>\n<meta property=\"og:locale\" content=\"fr_CA\" \/>\n<meta property=\"og:type\" content=\"article\" \/>\n<meta property=\"og:title\" content=\"Effets scolaires 2025-2026 - \u00c9cole Au Petit Bois\" \/>\n<meta property=\"og:url\" content=\"https:\/\/cssst.gouv.qc.ca\/au-petit-bois\/ecole\/effets-scolaires\/\" \/>\n<meta property=\"og:site_name\" content=\"\u00c9cole Au Petit Bois\" \/>\n<meta property=\"article:publisher\" content=\"https:\/\/www.facebook.com\/profile.php?id=100057350654012&amp;locale=fr_CA\" \/>\n<meta property=\"article:modified_time\" content=\"2025-06-26T14:29:27+00:00\" \/>\n<meta name=\"twitter:card\" content=\"summary_large_image\" \/>\n<meta name=\"twitter:label1\" content=\"Estimation du temps de lecture\" \/>\n\t<meta name=\"twitter:data1\" content=\"1 minute\" \/>\n<script type=\"application\/ld+json\" class=\"yoast-schema-graph\">{\"@context\":\"https:\\\/\\\/schema.org\",\"@graph\":[{\"@type\":\"WebPage\",\"@id\":\"https:\\\/\\\/cssst.gouv.qc.ca\\\/au-petit-bois\\\/ecole\\\/effets-scolaires\\\/\",\"url\":\"https:\\\/\\\/cssst.gouv.qc.ca\\\/au-petit-bois\\\/ecole\\\/effets-scolaires\\\/\",\"name\":\"Effets scolaires 2025-2026 - \u00c9cole Au Petit Bois\",\"isPartOf\":{\"@id\":\"https:\\\/\\\/cssst.gouv.qc.ca\\\/au-petit-bois\\\/#website\"},\"datePublished\":\"2023-02-02T14:37:08+00:00\",\"dateModified\":\"2025-06-26T14:29:27+00:00\",\"breadcrumb\":{\"@id\":\"https:\\\/\\\/cssst.gouv.qc.ca\\\/au-petit-bois\\\/ecole\\\/effets-scolaires\\\/#breadcrumb\"},\"inLanguage\":\"fr-CA\",\"potentialAction\":[{\"@type\":\"ReadAction\",\"target\":[\"https:\\\/\\\/cssst.gouv.qc.ca\\\/au-petit-bois\\\/ecole\\\/effets-scolaires\\\/\"]}]},{\"@type\":\"BreadcrumbList\",\"@id\":\"https:\\\/\\\/cssst.gouv.qc.ca\\\/au-petit-bois\\\/ecole\\\/effets-scolaires\\\/#breadcrumb\",\"itemListElement\":[{\"@type\":\"ListItem\",\"position\":1,\"name\":\"Accueil\",\"item\":\"https:\\\/\\\/cssst.gouv.qc.ca\\\/au-petit-bois\\\/\"},{\"@type\":\"ListItem\",\"position\":2,\"name\":\"\u00c9cole\",\"item\":\"https:\\\/\\\/cssst.gouv.qc.ca\\\/au-petit-bois\\\/ecole\\\/\"},{\"@type\":\"ListItem\",\"position\":3,\"name\":\"Effets scolaires 2025-2026\"}]},{\"@type\":\"WebSite\",\"@id\":\"https:\\\/\\\/cssst.gouv.qc.ca\\\/au-petit-bois\\\/#website\",\"url\":\"https:\\\/\\\/cssst.gouv.qc.ca\\\/au-petit-bois\\\/\",\"name\":\"\u00c9cole Au Petit Bois\",\"description\":\"\",\"potentialAction\":[{\"@type\":\"SearchAction\",\"target\":{\"@type\":\"EntryPoint\",\"urlTemplate\":\"https:\\\/\\\/cssst.gouv.qc.ca\\\/au-petit-bois\\\/?s={search_term_string}\"},\"query-input\":{\"@type\":\"PropertyValueSpecification\",\"valueRequired\":true,\"valueName\":\"search_term_string\"}}],\"inLanguage\":\"fr-CA\"}]}<\/script>\n<!-- \/ Yoast SEO plugin. -->","yoast_head_json":{"title":"Effets scolaires 2025-2026 - \u00c9cole Au Petit Bois","robots":{"index":"index","follow":"follow","max-snippet":"max-snippet:-1","max-image-preview":"max-image-preview:large","max-video-preview":"max-video-preview:-1"},"canonical":"https:\/\/cssst.gouv.qc.ca\/au-petit-bois\/ecole\/effets-scolaires\/","og_locale":"fr_CA","og_type":"article","og_title":"Effets scolaires 2025-2026 - \u00c9cole Au Petit Bois","og_url":"https:\/\/cssst.gouv.qc.ca\/au-petit-bois\/ecole\/effets-scolaires\/","og_site_name":"\u00c9cole Au Petit Bois","article_publisher":"https:\/\/www.facebook.com\/profile.php?id=100057350654012&locale=fr_CA","article_modified_time":"2025-06-26T14:29:27+00:00","twitter_card":"summary_large_image","twitter_misc":{"Estimation du temps de lecture":"1 minute"},"schema":{"@context":"https:\/\/schema.org","@graph":[{"@type":"WebPage","@id":"https:\/\/cssst.gouv.qc.ca\/au-petit-bois\/ecole\/effets-scolaires\/","url":"https:\/\/cssst.gouv.qc.ca\/au-petit-bois\/ecole\/effets-scolaires\/","name":"Effets scolaires 2025-2026 - \u00c9cole Au Petit Bois","isPartOf":{"@id":"https:\/\/cssst.gouv.qc.ca\/au-petit-bois\/#website"},"datePublished":"2023-02-02T14:37:08+00:00","dateModified":"2025-06-26T14:29:27+00:00","breadcrumb":{"@id":"https:\/\/cssst.gouv.qc.ca\/au-petit-bois\/ecole\/effets-scolaires\/#breadcrumb"},"inLanguage":"fr-CA","potentialAction":[{"@type":"ReadAction","target":["https:\/\/cssst.gouv.qc.ca\/au-petit-bois\/ecole\/effets-scolaires\/"]}]},{"@type":"BreadcrumbList","@id":"https:\/\/cssst.gouv.qc.ca\/au-petit-bois\/ecole\/effets-scolaires\/#breadcrumb","itemListElement":[{"@type":"ListItem","position":1,"name":"Accueil","item":"https:\/\/cssst.gouv.qc.ca\/au-petit-bois\/"},{"@type":"ListItem","position":2,"name":"\u00c9cole","item":"https:\/\/cssst.gouv.qc.ca\/au-petit-bois\/ecole\/"},{"@type":"ListItem","position":3,"name":"Effets scolaires 2025-2026"}]},{"@type":"WebSite","@id":"https:\/\/cssst.gouv.qc.ca\/au-petit-bois\/#website","url":"https:\/\/cssst.gouv.qc.ca\/au-petit-bois\/","name":"\u00c9cole Au Petit Bois","description":"","potentialAction":[{"@type":"SearchAction","target":{"@type":"EntryPoint","urlTemplate":"https:\/\/cssst.gouv.qc.ca\/au-petit-bois\/?s={search_term_string}"},"query-input":{"@type":"PropertyValueSpecification","valueRequired":true,"valueName":"search_term_string"}}],"inLanguage":"fr-CA"}]}},"_links":{"self":[{"href":"https:\/\/cssst.gouv.qc.ca\/au-petit-bois\/wp-json\/wp\/v2\/pages\/14","targetHints":{"allow":["GET"]}}],"collection":[{"href":"https:\/\/cssst.gouv.qc.ca\/au-petit-bois\/wp-json\/wp\/v2\/pages"}],"about":[{"href":"https:\/\/cssst.gouv.qc.ca\/au-petit-bois\/wp-json\/wp\/v2\/types\/page"}],"author":[{"embeddable":true,"href":"https:\/\/cssst.gouv.qc.ca\/au-petit-bois\/wp-json\/wp\/v2\/users\/1"}],"replies":[{"embeddable":true,"href":"https:\/\/cssst.gouv.qc.ca\/au-petit-bois\/wp-json\/wp\/v2\/comments?post=14"}],"version-history":[{"count":0,"href":"https:\/\/cssst.gouv.qc.ca\/au-petit-bois\/wp-json\/wp\/v2\/pages\/14\/revisions"}],"up":[{"embeddable":true,"href":"https:\/\/cssst.gouv.qc.ca\/au-petit-bois\/wp-json\/wp\/v2\/pages\/5"}],"wp:attachment":[{"href":"https:\/\/cssst.gouv.qc.ca\/au-petit-bois\/wp-json\/wp\/v2\/media?parent=14"}],"curies":[{"name":"wp","href":"https:\/\/api.w.org\/{rel}","templated":true}]}}