{"id":11,"date":"2023-02-02T09:37:07","date_gmt":"2023-02-02T14:37:07","guid":{"rendered":"https:\/\/cssst.gouv.qc.ca\/au-petit-bois\/ecole\/intimidation-et-violence\/"},"modified":"2026-03-23T10:00:27","modified_gmt":"2026-03-23T14:00:27","slug":"intimidation-et-violence","status":"publish","type":"page","link":"https:\/\/cssst.gouv.qc.ca\/au-petit-bois\/ecole\/intimidation-et-violence\/","title":{"rendered":"Intimidation et violence"},"content":{"rendered":"\n<h2 class=\"wp-block-heading\">Plan de lutte contre la violence et l&rsquo;intimidation<\/h2>\n\n\n\n<div data-wp-interactive=\"core\/file\" class=\"wp-block-file\"><object data-wp-bind--hidden=\"!state.hasPdfPreview\" hidden class=\"wp-block-file__embed\" data=\"https:\/\/cssst.gouv.qc.ca\/au-petit-bois\/wp-content\/uploads\/sites\/5\/2026\/03\/6.0-Plan-de-lutte_25-26_Mod.-17-03-26-1.pdf\" type=\"application\/pdf\" style=\"width:100%;height:600px\" aria-label=\"Contenu incorpor\u00e9 6.0 -Plan de lutte_25-26_Mod. 17-03-26 (1).\"><\/object><a id=\"wp-block-file--media-697ab5d5-92f9-4084-8c1f-36a63c4540e8\" href=\"https:\/\/cssst.gouv.qc.ca\/au-petit-bois\/wp-content\/uploads\/sites\/5\/2026\/03\/6.0-Plan-de-lutte_25-26_Mod.-17-03-26-1.pdf\">6.0 -Plan de lutte_25-26_Mod. 17-03-26 (1)<\/a><a href=\"https:\/\/cssst.gouv.qc.ca\/au-petit-bois\/wp-content\/uploads\/sites\/5\/2026\/03\/6.0-Plan-de-lutte_25-26_Mod.-17-03-26-1.pdf\" class=\"wp-block-file__button wp-element-button\" download aria-describedby=\"wp-block-file--media-697ab5d5-92f9-4084-8c1f-36a63c4540e8\">T\u00e9l\u00e9charger<\/a><\/div>\n\n\n\n<div data-wp-interactive=\"core\/file\" class=\"wp-block-file\"><object data-wp-bind--hidden=\"!state.hasPdfPreview\" hidden class=\"wp-block-file__embed\" data=\"https:\/\/cssst.gouv.qc.ca\/au-petit-bois\/wp-content\/uploads\/sites\/5\/2026\/03\/6.0Canevas-Plan-de-lutte-Parents-APB-rempli-FINAL.pdf\" type=\"application\/pdf\" style=\"width:100%;height:600px\" aria-label=\"Contenu incorpor\u00e9 6.0Canevas Plan de lutte Parents-APB rempli- FINAL.\"><\/object><a id=\"wp-block-file--media-6bee64d5-58cb-454d-b3b6-8ceaf5655bee\" href=\"https:\/\/cssst.gouv.qc.ca\/au-petit-bois\/wp-content\/uploads\/sites\/5\/2026\/03\/6.0Canevas-Plan-de-lutte-Parents-APB-rempli-FINAL.pdf\">6.0Canevas Plan de lutte Parents-APB rempli- FINAL<\/a><a href=\"https:\/\/cssst.gouv.qc.ca\/au-petit-bois\/wp-content\/uploads\/sites\/5\/2026\/03\/6.0Canevas-Plan-de-lutte-Parents-APB-rempli-FINAL.pdf\" class=\"wp-block-file__button wp-element-button\" download aria-describedby=\"wp-block-file--media-6bee64d5-58cb-454d-b3b6-8ceaf5655bee\">T\u00e9l\u00e9charger<\/a><\/div>\n\n\n\n<h2 class=\"wp-block-heading\">Solution intimidation<\/h2>\n\n\n\n<p>Votre enfant vit de l&rsquo;intimidation, vous pouvez d\u00e9noncer la situation de <strong>mani\u00e8re confidentielle<\/strong>&nbsp;:<\/p>\n\n\n\n<p>Par courriel \u00e0&nbsp;: <a href=\"mailto:Isabelle.Gauthier@cssst.gouv.qc.ca\">Marie-Eve.Michon@cssst.gouv.qc.ca<\/a> (Direction)<\/p>\n\n\n\n<p>-En personne, par t\u00e9l\u00e9phone ou par courriel: Tous les adultes de l\u2019\u00e9cole<\/p>\n\n\n\n<p>Selon l&rsquo;article 96.12 de la Loi sur l&rsquo;instruction publique les parents ont le droit de demander l\u2019assistance de la personne d\u00e9sign\u00e9e par le Centre de services scolaire lorsque leur enfant est victime de violence ou d\u2019intimidation.&nbsp;<\/p>\n\n\n\n<p>La personne d\u00e9sign\u00e9e pour accompagner les parents dans ces&nbsp;situations est :<\/p>\n\n\n\n<p>Sonia Lemoine, coordonnatrice des services compl\u00e9mentaires<\/p>\n\n\n\n<p>Services \u00e9ducatifs<\/p>\n\n\n\n<p>450 746-3990 poste 6038<\/p>\n\n\n\n<p>Sonia.Lemoine@cssst.gouv.qc.ca<\/p>\n","protected":false},"excerpt":{"rendered":"<p>Plan de lutte contre la violence et l&rsquo;intimidation Solution intimidation Votre enfant vit de l&rsquo;intimidation, vous pouvez d\u00e9noncer la situation de mani\u00e8re confidentielle&nbsp;: Par courriel \u00e0&nbsp;: Marie-Eve.Michon@cssst.gouv.qc.ca (Direction) -En personne, par t\u00e9l\u00e9phone ou par courriel: Tous les adultes de l\u2019\u00e9cole Selon l&rsquo;article 96.12 de la Loi sur l&rsquo;instruction publique les parents ont le droit de [&hellip;]<\/p>\n","protected":false},"author":1,"featured_media":0,"parent":5,"menu_order":0,"comment_status":"closed","ping_status":"closed","template":"","meta":{"_acf_changed":false,"inline_featured_image":false,"footnotes":""},"class_list":["post-11","page","type-page","status-publish","hentry"],"acf":[],"yoast_head":"<!-- This site is optimized with the Yoast SEO plugin v27.4 - https:\/\/yoast.com\/product\/yoast-seo-wordpress\/ -->\n<title>Intimidation et violence - \u00c9cole Au Petit Bois<\/title>\n<meta name=\"robots\" content=\"index, follow, max-snippet:-1, max-image-preview:large, max-video-preview:-1\" \/>\n<link rel=\"canonical\" href=\"https:\/\/cssst.gouv.qc.ca\/au-petit-bois\/ecole\/intimidation-et-violence\/\" \/>\n<meta property=\"og:locale\" content=\"fr_CA\" \/>\n<meta property=\"og:type\" content=\"article\" \/>\n<meta property=\"og:title\" content=\"Intimidation et violence - \u00c9cole Au Petit Bois\" \/>\n<meta property=\"og:description\" content=\"Plan de lutte contre la violence et l&rsquo;intimidation Solution intimidation Votre enfant vit de l&rsquo;intimidation, vous pouvez d\u00e9noncer la situation de mani\u00e8re confidentielle&nbsp;: Par courriel \u00e0&nbsp;: Marie-Eve.Michon@cssst.gouv.qc.ca (Direction) -En personne, par t\u00e9l\u00e9phone ou par courriel: Tous les adultes de l\u2019\u00e9cole Selon l&rsquo;article 96.12 de la Loi sur l&rsquo;instruction publique les parents ont le droit de [&hellip;]\" \/>\n<meta property=\"og:url\" content=\"https:\/\/cssst.gouv.qc.ca\/au-petit-bois\/ecole\/intimidation-et-violence\/\" \/>\n<meta property=\"og:site_name\" content=\"\u00c9cole Au Petit Bois\" \/>\n<meta property=\"article:publisher\" content=\"https:\/\/www.facebook.com\/profile.php?id=100057350654012&amp;locale=fr_CA\" \/>\n<meta property=\"article:modified_time\" content=\"2026-03-23T14:00:27+00:00\" \/>\n<meta name=\"twitter:card\" content=\"summary_large_image\" \/>\n<meta name=\"twitter:label1\" content=\"Estimation du temps de lecture\" \/>\n\t<meta name=\"twitter:data1\" content=\"1 minute\" \/>\n<script type=\"application\/ld+json\" class=\"yoast-schema-graph\">{\"@context\":\"https:\\\/\\\/schema.org\",\"@graph\":[{\"@type\":\"WebPage\",\"@id\":\"https:\\\/\\\/cssst.gouv.qc.ca\\\/au-petit-bois\\\/ecole\\\/intimidation-et-violence\\\/\",\"url\":\"https:\\\/\\\/cssst.gouv.qc.ca\\\/au-petit-bois\\\/ecole\\\/intimidation-et-violence\\\/\",\"name\":\"Intimidation et violence - \u00c9cole Au Petit Bois\",\"isPartOf\":{\"@id\":\"https:\\\/\\\/cssst.gouv.qc.ca\\\/au-petit-bois\\\/#website\"},\"datePublished\":\"2023-02-02T14:37:07+00:00\",\"dateModified\":\"2026-03-23T14:00:27+00:00\",\"breadcrumb\":{\"@id\":\"https:\\\/\\\/cssst.gouv.qc.ca\\\/au-petit-bois\\\/ecole\\\/intimidation-et-violence\\\/#breadcrumb\"},\"inLanguage\":\"fr-CA\",\"potentialAction\":[{\"@type\":\"ReadAction\",\"target\":[\"https:\\\/\\\/cssst.gouv.qc.ca\\\/au-petit-bois\\\/ecole\\\/intimidation-et-violence\\\/\"]}]},{\"@type\":\"BreadcrumbList\",\"@id\":\"https:\\\/\\\/cssst.gouv.qc.ca\\\/au-petit-bois\\\/ecole\\\/intimidation-et-violence\\\/#breadcrumb\",\"itemListElement\":[{\"@type\":\"ListItem\",\"position\":1,\"name\":\"Accueil\",\"item\":\"https:\\\/\\\/cssst.gouv.qc.ca\\\/au-petit-bois\\\/\"},{\"@type\":\"ListItem\",\"position\":2,\"name\":\"\u00c9cole\",\"item\":\"https:\\\/\\\/cssst.gouv.qc.ca\\\/au-petit-bois\\\/ecole\\\/\"},{\"@type\":\"ListItem\",\"position\":3,\"name\":\"Intimidation et violence\"}]},{\"@type\":\"WebSite\",\"@id\":\"https:\\\/\\\/cssst.gouv.qc.ca\\\/au-petit-bois\\\/#website\",\"url\":\"https:\\\/\\\/cssst.gouv.qc.ca\\\/au-petit-bois\\\/\",\"name\":\"\u00c9cole Au Petit Bois\",\"description\":\"\",\"potentialAction\":[{\"@type\":\"SearchAction\",\"target\":{\"@type\":\"EntryPoint\",\"urlTemplate\":\"https:\\\/\\\/cssst.gouv.qc.ca\\\/au-petit-bois\\\/?s={search_term_string}\"},\"query-input\":{\"@type\":\"PropertyValueSpecification\",\"valueRequired\":true,\"valueName\":\"search_term_string\"}}],\"inLanguage\":\"fr-CA\"}]}<\/script>\n<!-- \/ Yoast SEO plugin. -->","yoast_head_json":{"title":"Intimidation et violence - \u00c9cole Au Petit Bois","robots":{"index":"index","follow":"follow","max-snippet":"max-snippet:-1","max-image-preview":"max-image-preview:large","max-video-preview":"max-video-preview:-1"},"canonical":"https:\/\/cssst.gouv.qc.ca\/au-petit-bois\/ecole\/intimidation-et-violence\/","og_locale":"fr_CA","og_type":"article","og_title":"Intimidation et violence - \u00c9cole Au Petit Bois","og_description":"Plan de lutte contre la violence et l&rsquo;intimidation Solution intimidation Votre enfant vit de l&rsquo;intimidation, vous pouvez d\u00e9noncer la situation de mani\u00e8re confidentielle&nbsp;: Par courriel \u00e0&nbsp;: Marie-Eve.Michon@cssst.gouv.qc.ca (Direction) -En personne, par t\u00e9l\u00e9phone ou par courriel: Tous les adultes de l\u2019\u00e9cole Selon l&rsquo;article 96.12 de la Loi sur l&rsquo;instruction publique les parents ont le droit de [&hellip;]","og_url":"https:\/\/cssst.gouv.qc.ca\/au-petit-bois\/ecole\/intimidation-et-violence\/","og_site_name":"\u00c9cole Au Petit Bois","article_publisher":"https:\/\/www.facebook.com\/profile.php?id=100057350654012&locale=fr_CA","article_modified_time":"2026-03-23T14:00:27+00:00","twitter_card":"summary_large_image","twitter_misc":{"Estimation du temps de lecture":"1 minute"},"schema":{"@context":"https:\/\/schema.org","@graph":[{"@type":"WebPage","@id":"https:\/\/cssst.gouv.qc.ca\/au-petit-bois\/ecole\/intimidation-et-violence\/","url":"https:\/\/cssst.gouv.qc.ca\/au-petit-bois\/ecole\/intimidation-et-violence\/","name":"Intimidation et violence - \u00c9cole Au Petit Bois","isPartOf":{"@id":"https:\/\/cssst.gouv.qc.ca\/au-petit-bois\/#website"},"datePublished":"2023-02-02T14:37:07+00:00","dateModified":"2026-03-23T14:00:27+00:00","breadcrumb":{"@id":"https:\/\/cssst.gouv.qc.ca\/au-petit-bois\/ecole\/intimidation-et-violence\/#breadcrumb"},"inLanguage":"fr-CA","potentialAction":[{"@type":"ReadAction","target":["https:\/\/cssst.gouv.qc.ca\/au-petit-bois\/ecole\/intimidation-et-violence\/"]}]},{"@type":"BreadcrumbList","@id":"https:\/\/cssst.gouv.qc.ca\/au-petit-bois\/ecole\/intimidation-et-violence\/#breadcrumb","itemListElement":[{"@type":"ListItem","position":1,"name":"Accueil","item":"https:\/\/cssst.gouv.qc.ca\/au-petit-bois\/"},{"@type":"ListItem","position":2,"name":"\u00c9cole","item":"https:\/\/cssst.gouv.qc.ca\/au-petit-bois\/ecole\/"},{"@type":"ListItem","position":3,"name":"Intimidation et violence"}]},{"@type":"WebSite","@id":"https:\/\/cssst.gouv.qc.ca\/au-petit-bois\/#website","url":"https:\/\/cssst.gouv.qc.ca\/au-petit-bois\/","name":"\u00c9cole Au Petit Bois","description":"","potentialAction":[{"@type":"SearchAction","target":{"@type":"EntryPoint","urlTemplate":"https:\/\/cssst.gouv.qc.ca\/au-petit-bois\/?s={search_term_string}"},"query-input":{"@type":"PropertyValueSpecification","valueRequired":true,"valueName":"search_term_string"}}],"inLanguage":"fr-CA"}]}},"_links":{"self":[{"href":"https:\/\/cssst.gouv.qc.ca\/au-petit-bois\/wp-json\/wp\/v2\/pages\/11","targetHints":{"allow":["GET"]}}],"collection":[{"href":"https:\/\/cssst.gouv.qc.ca\/au-petit-bois\/wp-json\/wp\/v2\/pages"}],"about":[{"href":"https:\/\/cssst.gouv.qc.ca\/au-petit-bois\/wp-json\/wp\/v2\/types\/page"}],"author":[{"embeddable":true,"href":"https:\/\/cssst.gouv.qc.ca\/au-petit-bois\/wp-json\/wp\/v2\/users\/1"}],"replies":[{"embeddable":true,"href":"https:\/\/cssst.gouv.qc.ca\/au-petit-bois\/wp-json\/wp\/v2\/comments?post=11"}],"version-history":[{"count":0,"href":"https:\/\/cssst.gouv.qc.ca\/au-petit-bois\/wp-json\/wp\/v2\/pages\/11\/revisions"}],"up":[{"embeddable":true,"href":"https:\/\/cssst.gouv.qc.ca\/au-petit-bois\/wp-json\/wp\/v2\/pages\/5"}],"wp:attachment":[{"href":"https:\/\/cssst.gouv.qc.ca\/au-petit-bois\/wp-json\/wp\/v2\/media?parent=11"}],"curies":[{"name":"wp","href":"https:\/\/api.w.org\/{rel}","templated":true}]}}