{"id":997,"date":"2023-06-07T19:43:27","date_gmt":"2023-06-07T19:43:27","guid":{"rendered":"https:\/\/cssst.gouv.qc.ca\/adultes\/?page_id=997"},"modified":"2026-03-26T14:02:38","modified_gmt":"2026-03-26T14:02:38","slug":"sarca","status":"publish","type":"page","link":"https:\/\/cssst.gouv.qc.ca\/adultes\/sarca\/","title":{"rendered":"Services d&rsquo;accueil, de r\u00e9f\u00e9rence, de conseils et d&rsquo;accompagnement (SARCA)"},"content":{"rendered":"\n<div class=\"wp-block-cover alignfull is-style-default\"><img loading=\"lazy\" decoding=\"async\" width=\"1024\" height=\"683\" class=\"wp-block-cover__image-background wp-image-2948 size-large\" alt=\"\" src=\"https:\/\/cssst.gouv.qc.ca\/adultes\/wp-content\/uploads\/sites\/2\/2025\/05\/AYA05706-1024x683.jpg\" style=\"object-position:56% 48%\" data-object-fit=\"cover\" data-object-position=\"56% 48%\" srcset=\"https:\/\/cssst.gouv.qc.ca\/adultes\/wp-content\/uploads\/sites\/2\/2025\/05\/AYA05706-1024x683.jpg 1024w, https:\/\/cssst.gouv.qc.ca\/adultes\/wp-content\/uploads\/sites\/2\/2025\/05\/AYA05706-300x200.jpg 300w, https:\/\/cssst.gouv.qc.ca\/adultes\/wp-content\/uploads\/sites\/2\/2025\/05\/AYA05706-768x512.jpg 768w, https:\/\/cssst.gouv.qc.ca\/adultes\/wp-content\/uploads\/sites\/2\/2025\/05\/AYA05706-1536x1025.jpg 1536w, https:\/\/cssst.gouv.qc.ca\/adultes\/wp-content\/uploads\/sites\/2\/2025\/05\/AYA05706-2048x1366.jpg 2048w\" sizes=\"auto, (max-width: 1024px) 100vw, 1024px\" \/><span aria-hidden=\"true\" class=\"wp-block-cover__background has-background-dim\" style=\"background-color:#7f7a72\"><\/span><div class=\"wp-block-cover__inner-container\"><h2 class=\"wp-block-post-title\">Services d&rsquo;accueil, de r\u00e9f\u00e9rence, de conseils et d&rsquo;accompagnement (SARCA)<\/h2><\/div><\/div>\n\n\n\n<div class=\"wp-block-group\"><div class=\"yoast-breadcrumbs\"><span class=\"breadcrumbs\"><a href=\"https:\/\/cssst.gouv.qc.ca\/adultes\/\" class=\"breadcrumbs__element\">Accueil<\/a> <span class=\"breadcrumbs__separator\">\n        <svg class=\"icon icon-breadcrumb__separator\"><use xlink:href=\"#icon-breadcrumb__separator\"><\/use><\/svg>\n    <\/span> <span class=\"breadcrumbs__element breadcrumbs__element-current\">Services d&rsquo;accueil, de r\u00e9f\u00e9rence, de conseils et d&rsquo;accompagnement (SARCA)<\/span><\/span><\/div><\/div>\n\n\n\n<div class=\"wp-block-group\">\n\n<p class=\"act-lead\">Les <strong>SARCA <\/strong>sont des services <strong>GRATUITS <\/strong>d\u2019accompagnement sur mesure, qui te permettent de mettre en branle un projet et de d\u00e9terminer un plan d\u2019action pour le r\u00e9aliser. <\/p>\n\n<\/div>\n\n\n\n<h2 class=\"wp-block-heading\"><strong>NOUS T&rsquo;OFFRONS : <\/strong><\/h2>\n\n\n\n<p>Un service professionnel, de qualit\u00e9 et personnalis\u00e9; <br>Le respect et la confidentialit\u00e9; <br>L\u2019accompagnement tout au long de ta d\u00e9marche.<\/p>\n\n\n\n<h2 class=\"wp-block-heading\"><strong>QUI PEUT EN PROFITER? <\/strong><\/h2>\n\n\n\n<p>Tu es \u00e2g\u00e9 de 16 ans et plus; <br>Tu as amorc\u00e9 une r\u00e9flexion et tu souhaites te mettre en action afin de r\u00e9aliser tes objectifs; <br>Tu ne sais pas par o\u00f9 commencer.<\/p>\n\n\n\n<h2 class=\"wp-block-heading\"><strong>TU AS BESOIN D&rsquo;AIDE POUR :<\/strong><\/h2>\n\n\n\n<p>Faire un retour aux \u00e9tudes? <br>Tu as des questions sur les programmes de formations? <br>Tu es concern\u00e9 par la reconnaissance de tes acquis?                                                                                                                                       Nous sommes l\u00e0 pour t&rsquo;aider. Nous pouvons te proposer une foule d&rsquo;options de formation auxquelles tu pourras t&rsquo;inscrire.<\/p>\n\n\n\n<h2 class=\"wp-block-heading\"><strong>Orienter ton avenir professionnel?<\/strong><\/h2>\n\n\n\n<p>Nous pouvons t&rsquo;aider \u00e0 mieux cerner tes int\u00e9r\u00eats et aptitudes et \u00e0 faire le point sur ta situation pour que tu effectues des choix \u00e9clair\u00e9s.<\/p>\n\n\n\n<h2 class=\"wp-block-heading\"><strong>Trouver un emploi?<\/strong><\/h2>\n\n\n\n<p>Apr\u00e8s avoir \u00e9valu\u00e9 les diff\u00e9rentes opportunit\u00e9s qui se pr\u00e9sentent \u00e0 toi, nous te dirigerons vers un organisme oeuvrant en employabilit\u00e9 pour mieux t&rsquo;aider.<\/p>\n\n\n\n<h2 class=\"wp-block-heading\"><strong>Trouver la formation de tes r\u00eaves? <\/strong><\/h2>\n\n\n\n<p>Avec la formule \u00ab \u00c9l\u00e8ve d\u2019un jour \u00bb, d\u00e9couvre des formations professionnelles captivantes.<\/p>\n\n\n\n<h2 class=\"wp-block-heading\"><strong>Apprendre le fran\u00e7ais? <\/strong><\/h2>\n\n\n\n<p>Nous offrons un cours de francisation pour les nouveaux arrivants.<\/p>\n\n\n\n<hr class=\"wp-block-separator has-alpha-channel-opacity\" \/>\n\n\n\n<p><strong>Nous joindre :<\/strong> 450 743-1285, poste 4200<\/p>\n\n\n\n<p><strong>Courriel :<\/strong> <a href=\"mailto:sarca@cssst.gouv.qc.ca\">sarca@cssst.gouv.qc.ca<\/a><\/p>\n","protected":false},"excerpt":{"rendered":"<p>NOUS T&rsquo;OFFRONS : Un service professionnel, de qualit\u00e9 et personnalis\u00e9; Le respect et la confidentialit\u00e9; L\u2019accompagnement tout au long de ta d\u00e9marche. QUI PEUT EN PROFITER? Tu es \u00e2g\u00e9 de 16 ans et plus; Tu as amorc\u00e9 une r\u00e9flexion et tu souhaites te mettre en action afin de r\u00e9aliser tes objectifs; Tu ne sais pas [&hellip;]<\/p>\n","protected":false},"author":1,"featured_media":0,"parent":0,"menu_order":0,"comment_status":"closed","ping_status":"closed","template":"","meta":{"_acf_changed":false,"inline_featured_image":false,"footnotes":""},"class_list":["post-997","page","type-page","status-publish","hentry"],"acf":[],"yoast_head":"<!-- This site is optimized with the Yoast SEO plugin v27.4 - https:\/\/yoast.com\/product\/yoast-seo-wordpress\/ -->\n<title>Services d&#039;accueil, de r\u00e9f\u00e9rence, de conseils et d&#039;accompagnement (SARCA) -<\/title>\n<meta name=\"robots\" content=\"index, follow, max-snippet:-1, max-image-preview:large, max-video-preview:-1\" \/>\n<link rel=\"canonical\" href=\"https:\/\/cssst.gouv.qc.ca\/adultes\/sarca\/\" \/>\n<meta property=\"og:locale\" content=\"fr_CA\" \/>\n<meta property=\"og:type\" content=\"article\" \/>\n<meta property=\"og:title\" content=\"Services d&#039;accueil, de r\u00e9f\u00e9rence, de conseils et d&#039;accompagnement (SARCA) -\" \/>\n<meta property=\"og:description\" content=\"NOUS T&rsquo;OFFRONS : Un service professionnel, de qualit\u00e9 et personnalis\u00e9; Le respect et la confidentialit\u00e9; L\u2019accompagnement tout au long de ta d\u00e9marche. QUI PEUT EN PROFITER? Tu es \u00e2g\u00e9 de 16 ans et plus; Tu as amorc\u00e9 une r\u00e9flexion et tu souhaites te mettre en action afin de r\u00e9aliser tes objectifs; Tu ne sais pas [&hellip;]\" \/>\n<meta property=\"og:url\" content=\"https:\/\/cssst.gouv.qc.ca\/adultes\/sarca\/\" \/>\n<meta property=\"article:publisher\" content=\"https:\/\/www.facebook.com\/CFPEAST?locale=fr_CA\" \/>\n<meta property=\"article:modified_time\" content=\"2026-03-26T14:02:38+00:00\" \/>\n<meta property=\"og:image\" content=\"https:\/\/cssst.gouv.qc.ca\/adultes\/wp-content\/uploads\/sites\/2\/2025\/05\/AYA05706-scaled.jpg\" \/>\n\t<meta property=\"og:image:width\" content=\"2560\" \/>\n\t<meta property=\"og:image:height\" content=\"1708\" \/>\n\t<meta property=\"og:image:type\" content=\"image\/jpeg\" \/>\n<meta name=\"twitter:card\" content=\"summary_large_image\" \/>\n<meta name=\"twitter:label1\" content=\"Estimation du temps de lecture\" \/>\n\t<meta name=\"twitter:data1\" content=\"2 minutes\" \/>\n<script type=\"application\/ld+json\" class=\"yoast-schema-graph\">{\"@context\":\"https:\\\/\\\/schema.org\",\"@graph\":[{\"@type\":\"WebPage\",\"@id\":\"https:\\\/\\\/cssst.gouv.qc.ca\\\/adultes\\\/sarca\\\/\",\"url\":\"https:\\\/\\\/cssst.gouv.qc.ca\\\/adultes\\\/sarca\\\/\",\"name\":\"Services d'accueil, de r\u00e9f\u00e9rence, de conseils et d'accompagnement (SARCA) -\",\"isPartOf\":{\"@id\":\"https:\\\/\\\/cssst.gouv.qc.ca\\\/adultes\\\/#website\"},\"primaryImageOfPage\":{\"@id\":\"https:\\\/\\\/cssst.gouv.qc.ca\\\/adultes\\\/sarca\\\/#primaryimage\"},\"image\":{\"@id\":\"https:\\\/\\\/cssst.gouv.qc.ca\\\/adultes\\\/sarca\\\/#primaryimage\"},\"thumbnailUrl\":\"https:\\\/\\\/cssst.gouv.qc.ca\\\/adultes\\\/wp-content\\\/uploads\\\/sites\\\/2\\\/2025\\\/05\\\/AYA05706-1024x683.jpg\",\"datePublished\":\"2023-06-07T19:43:27+00:00\",\"dateModified\":\"2026-03-26T14:02:38+00:00\",\"breadcrumb\":{\"@id\":\"https:\\\/\\\/cssst.gouv.qc.ca\\\/adultes\\\/sarca\\\/#breadcrumb\"},\"inLanguage\":\"fr-CA\",\"potentialAction\":[{\"@type\":\"ReadAction\",\"target\":[\"https:\\\/\\\/cssst.gouv.qc.ca\\\/adultes\\\/sarca\\\/\"]}]},{\"@type\":\"ImageObject\",\"inLanguage\":\"fr-CA\",\"@id\":\"https:\\\/\\\/cssst.gouv.qc.ca\\\/adultes\\\/sarca\\\/#primaryimage\",\"url\":\"https:\\\/\\\/cssst.gouv.qc.ca\\\/adultes\\\/wp-content\\\/uploads\\\/sites\\\/2\\\/2025\\\/05\\\/AYA05706-scaled.jpg\",\"contentUrl\":\"https:\\\/\\\/cssst.gouv.qc.ca\\\/adultes\\\/wp-content\\\/uploads\\\/sites\\\/2\\\/2025\\\/05\\\/AYA05706-scaled.jpg\",\"width\":2560,\"height\":1708},{\"@type\":\"BreadcrumbList\",\"@id\":\"https:\\\/\\\/cssst.gouv.qc.ca\\\/adultes\\\/sarca\\\/#breadcrumb\",\"itemListElement\":[{\"@type\":\"ListItem\",\"position\":1,\"name\":\"Accueil\",\"item\":\"https:\\\/\\\/cssst.gouv.qc.ca\\\/adultes\\\/\"},{\"@type\":\"ListItem\",\"position\":2,\"name\":\"Services d&rsquo;accueil, de r\u00e9f\u00e9rence, de conseils et d&rsquo;accompagnement (SARCA)\"}]},{\"@type\":\"WebSite\",\"@id\":\"https:\\\/\\\/cssst.gouv.qc.ca\\\/adultes\\\/#website\",\"url\":\"https:\\\/\\\/cssst.gouv.qc.ca\\\/adultes\\\/\",\"name\":\"\",\"description\":\"\",\"potentialAction\":[{\"@type\":\"SearchAction\",\"target\":{\"@type\":\"EntryPoint\",\"urlTemplate\":\"https:\\\/\\\/cssst.gouv.qc.ca\\\/adultes\\\/?s={search_term_string}\"},\"query-input\":{\"@type\":\"PropertyValueSpecification\",\"valueRequired\":true,\"valueName\":\"search_term_string\"}}],\"inLanguage\":\"fr-CA\"}]}<\/script>\n<!-- \/ Yoast SEO plugin. -->","yoast_head_json":{"title":"Services d'accueil, de r\u00e9f\u00e9rence, de conseils et d'accompagnement (SARCA) -","robots":{"index":"index","follow":"follow","max-snippet":"max-snippet:-1","max-image-preview":"max-image-preview:large","max-video-preview":"max-video-preview:-1"},"canonical":"https:\/\/cssst.gouv.qc.ca\/adultes\/sarca\/","og_locale":"fr_CA","og_type":"article","og_title":"Services d'accueil, de r\u00e9f\u00e9rence, de conseils et d'accompagnement (SARCA) -","og_description":"NOUS T&rsquo;OFFRONS : Un service professionnel, de qualit\u00e9 et personnalis\u00e9; Le respect et la confidentialit\u00e9; L\u2019accompagnement tout au long de ta d\u00e9marche. QUI PEUT EN PROFITER? Tu es \u00e2g\u00e9 de 16 ans et plus; Tu as amorc\u00e9 une r\u00e9flexion et tu souhaites te mettre en action afin de r\u00e9aliser tes objectifs; Tu ne sais pas [&hellip;]","og_url":"https:\/\/cssst.gouv.qc.ca\/adultes\/sarca\/","article_publisher":"https:\/\/www.facebook.com\/CFPEAST?locale=fr_CA","article_modified_time":"2026-03-26T14:02:38+00:00","og_image":[{"width":2560,"height":1708,"url":"https:\/\/cssst.gouv.qc.ca\/adultes\/wp-content\/uploads\/sites\/2\/2025\/05\/AYA05706-scaled.jpg","type":"image\/jpeg"}],"twitter_card":"summary_large_image","twitter_misc":{"Estimation du temps de lecture":"2 minutes"},"schema":{"@context":"https:\/\/schema.org","@graph":[{"@type":"WebPage","@id":"https:\/\/cssst.gouv.qc.ca\/adultes\/sarca\/","url":"https:\/\/cssst.gouv.qc.ca\/adultes\/sarca\/","name":"Services d'accueil, de r\u00e9f\u00e9rence, de conseils et d'accompagnement (SARCA) -","isPartOf":{"@id":"https:\/\/cssst.gouv.qc.ca\/adultes\/#website"},"primaryImageOfPage":{"@id":"https:\/\/cssst.gouv.qc.ca\/adultes\/sarca\/#primaryimage"},"image":{"@id":"https:\/\/cssst.gouv.qc.ca\/adultes\/sarca\/#primaryimage"},"thumbnailUrl":"https:\/\/cssst.gouv.qc.ca\/adultes\/wp-content\/uploads\/sites\/2\/2025\/05\/AYA05706-1024x683.jpg","datePublished":"2023-06-07T19:43:27+00:00","dateModified":"2026-03-26T14:02:38+00:00","breadcrumb":{"@id":"https:\/\/cssst.gouv.qc.ca\/adultes\/sarca\/#breadcrumb"},"inLanguage":"fr-CA","potentialAction":[{"@type":"ReadAction","target":["https:\/\/cssst.gouv.qc.ca\/adultes\/sarca\/"]}]},{"@type":"ImageObject","inLanguage":"fr-CA","@id":"https:\/\/cssst.gouv.qc.ca\/adultes\/sarca\/#primaryimage","url":"https:\/\/cssst.gouv.qc.ca\/adultes\/wp-content\/uploads\/sites\/2\/2025\/05\/AYA05706-scaled.jpg","contentUrl":"https:\/\/cssst.gouv.qc.ca\/adultes\/wp-content\/uploads\/sites\/2\/2025\/05\/AYA05706-scaled.jpg","width":2560,"height":1708},{"@type":"BreadcrumbList","@id":"https:\/\/cssst.gouv.qc.ca\/adultes\/sarca\/#breadcrumb","itemListElement":[{"@type":"ListItem","position":1,"name":"Accueil","item":"https:\/\/cssst.gouv.qc.ca\/adultes\/"},{"@type":"ListItem","position":2,"name":"Services d&rsquo;accueil, de r\u00e9f\u00e9rence, de conseils et d&rsquo;accompagnement (SARCA)"}]},{"@type":"WebSite","@id":"https:\/\/cssst.gouv.qc.ca\/adultes\/#website","url":"https:\/\/cssst.gouv.qc.ca\/adultes\/","name":"","description":"","potentialAction":[{"@type":"SearchAction","target":{"@type":"EntryPoint","urlTemplate":"https:\/\/cssst.gouv.qc.ca\/adultes\/?s={search_term_string}"},"query-input":{"@type":"PropertyValueSpecification","valueRequired":true,"valueName":"search_term_string"}}],"inLanguage":"fr-CA"}]}},"_links":{"self":[{"href":"https:\/\/cssst.gouv.qc.ca\/adultes\/wp-json\/wp\/v2\/pages\/997","targetHints":{"allow":["GET"]}}],"collection":[{"href":"https:\/\/cssst.gouv.qc.ca\/adultes\/wp-json\/wp\/v2\/pages"}],"about":[{"href":"https:\/\/cssst.gouv.qc.ca\/adultes\/wp-json\/wp\/v2\/types\/page"}],"author":[{"embeddable":true,"href":"https:\/\/cssst.gouv.qc.ca\/adultes\/wp-json\/wp\/v2\/users\/1"}],"replies":[{"embeddable":true,"href":"https:\/\/cssst.gouv.qc.ca\/adultes\/wp-json\/wp\/v2\/comments?post=997"}],"version-history":[{"count":0,"href":"https:\/\/cssst.gouv.qc.ca\/adultes\/wp-json\/wp\/v2\/pages\/997\/revisions"}],"wp:attachment":[{"href":"https:\/\/cssst.gouv.qc.ca\/adultes\/wp-json\/wp\/v2\/media?parent=997"}],"curies":[{"name":"wp","href":"https:\/\/api.w.org\/{rel}","templated":true}]}}