{"id":3441,"date":"2026-03-26T14:54:14","date_gmt":"2026-03-26T14:54:14","guid":{"rendered":"https:\/\/cssst.gouv.qc.ca\/adultes\/?page_id=3441"},"modified":"2026-03-26T14:54:54","modified_gmt":"2026-03-26T14:54:54","slug":"test-de-developpement-general-tdg","status":"publish","type":"page","link":"https:\/\/cssst.gouv.qc.ca\/adultes\/formation-generale-des-adultes\/test-de-developpement-general-tdg\/","title":{"rendered":"Test de d\u00e9veloppement g\u00e9n\u00e9ral (TDG)"},"content":{"rendered":"\n<div class=\"wp-block-group alignfull has-padding-y-large has-tertiary-background-color has-background\"><div class=\"yoast-breadcrumbs alignwide \"><span class=\"breadcrumbs\"><a href=\"https:\/\/cssst.gouv.qc.ca\/adultes\/\" class=\"breadcrumbs__element\">Accueil<\/a> <span class=\"breadcrumbs__separator\">\n        <svg class=\"icon icon-breadcrumb__separator\"><use xlink:href=\"#icon-breadcrumb__separator\"><\/use><\/svg>\n    <\/span> <a href=\"https:\/\/cssst.gouv.qc.ca\/adultes\/formation-generale-des-adultes\/\" class=\"breadcrumbs__element\">Formation g\u00e9n\u00e9rale des adultes<\/a> <span class=\"breadcrumbs__separator\">\n        <svg class=\"icon icon-breadcrumb__separator\"><use xlink:href=\"#icon-breadcrumb__separator\"><\/use><\/svg>\n    <\/span> <span class=\"breadcrumbs__element breadcrumbs__element-current\">Test de d\u00e9veloppement g\u00e9n\u00e9ral (TDG)<\/span><\/span><\/div><\/div>\n\n\n\n<h1 class=\"wp-block-heading\">Test de d\u00e9veloppement g\u00e9n\u00e9ral (TDF)<\/h1>\n\n\n\n\n<p class=\"act-lead\">Un <strong>TDG<\/strong> est une des conditions possibles pour \u00eatre admis \u00e0 un dipl\u00f4me d\u2019\u00e9tudes professionnelles (DEP). Il s\u2019agit d\u2019un test de connaissances g\u00e9n\u00e9rales sur les domaines suivants :<br><br>-raisonnement m\u00e9canique (logique)<br>-sciences<br>-math\u00e9matique<br>-fran\u00e7ais : texte et grammaire<br><br>La note de passage au test est de 45 %.<br><br><strong>Le TDG ne donne aucune \u00e9quivalence de niveau secondaire 5<\/strong>. Apr\u00e8s un DEP, vous pourriez faire le fran\u00e7ais de 5e secondaire, les math\u00e9matiques de 4e secondaire et l\u2019anglais de 5e secondaire pour obtenir le DES.<br><br><strong>Condition d\u2019admission<\/strong><br>Tout adulte de 18 ans et plus.<br><br><strong>Aucuns frais! C\u2019est gratuit!<\/strong><br><br><\/p>\n\n\n\n\n<div class=\"wp-block-file\"><a id=\"wp-block-file--media-a9a71f36-0235-42b4-b46c-8559f3751ca8\" href=\"https:\/\/cssst.gouv.qc.ca\/adultes\/wp-content\/uploads\/sites\/2\/2026\/03\/FGA-TDG-au-2021-04-20.pdf\">FGA-TDG<\/a><a href=\"https:\/\/cssst.gouv.qc.ca\/adultes\/wp-content\/uploads\/sites\/2\/2026\/03\/FGA-TDG-au-2021-04-20.pdf\" class=\"wp-block-file__button wp-element-button\" download aria-describedby=\"wp-block-file--media-a9a71f36-0235-42b4-b46c-8559f3751ca8\">T\u00e9l\u00e9charger<\/a><\/div>\n","protected":false},"excerpt":{"rendered":"<p>Test de d\u00e9veloppement g\u00e9n\u00e9ral (TDF)<\/p>\n","protected":false},"author":50,"featured_media":0,"parent":204,"menu_order":0,"comment_status":"closed","ping_status":"closed","template":"","meta":{"_acf_changed":false,"inline_featured_image":false,"footnotes":""},"class_list":["post-3441","page","type-page","status-publish","hentry"],"acf":[],"yoast_head":"<!-- This site is optimized with the Yoast SEO plugin v27.5 - https:\/\/yoast.com\/product\/yoast-seo-wordpress\/ -->\n<title>Test de d\u00e9veloppement g\u00e9n\u00e9ral (TDG) -<\/title>\n<meta name=\"robots\" content=\"index, follow, max-snippet:-1, max-image-preview:large, max-video-preview:-1\" \/>\n<link rel=\"canonical\" href=\"https:\/\/cssst.gouv.qc.ca\/adultes\/formation-generale-des-adultes\/test-de-developpement-general-tdg\/\" \/>\n<meta property=\"og:locale\" content=\"fr_CA\" \/>\n<meta property=\"og:type\" content=\"article\" \/>\n<meta property=\"og:title\" content=\"Test de d\u00e9veloppement g\u00e9n\u00e9ral (TDG) -\" \/>\n<meta property=\"og:description\" content=\"Test de d\u00e9veloppement g\u00e9n\u00e9ral (TDF)\" \/>\n<meta property=\"og:url\" content=\"https:\/\/cssst.gouv.qc.ca\/adultes\/formation-generale-des-adultes\/test-de-developpement-general-tdg\/\" \/>\n<meta property=\"article:publisher\" content=\"https:\/\/www.facebook.com\/CFPEAST?locale=fr_CA\" \/>\n<meta property=\"article:modified_time\" content=\"2026-03-26T14:54:54+00:00\" \/>\n<meta name=\"twitter:card\" content=\"summary_large_image\" \/>\n<meta name=\"twitter:label1\" content=\"Estimation du temps de lecture\" \/>\n\t<meta name=\"twitter:data1\" content=\"1 minute\" \/>\n<script type=\"application\/ld+json\" class=\"yoast-schema-graph\">{\"@context\":\"https:\\\/\\\/schema.org\",\"@graph\":[{\"@type\":\"WebPage\",\"@id\":\"https:\\\/\\\/cssst.gouv.qc.ca\\\/adultes\\\/formation-generale-des-adultes\\\/test-de-developpement-general-tdg\\\/\",\"url\":\"https:\\\/\\\/cssst.gouv.qc.ca\\\/adultes\\\/formation-generale-des-adultes\\\/test-de-developpement-general-tdg\\\/\",\"name\":\"Test de d\u00e9veloppement g\u00e9n\u00e9ral (TDG) -\",\"isPartOf\":{\"@id\":\"https:\\\/\\\/cssst.gouv.qc.ca\\\/adultes\\\/#website\"},\"datePublished\":\"2026-03-26T14:54:14+00:00\",\"dateModified\":\"2026-03-26T14:54:54+00:00\",\"breadcrumb\":{\"@id\":\"https:\\\/\\\/cssst.gouv.qc.ca\\\/adultes\\\/formation-generale-des-adultes\\\/test-de-developpement-general-tdg\\\/#breadcrumb\"},\"inLanguage\":\"fr-CA\",\"potentialAction\":[{\"@type\":\"ReadAction\",\"target\":[\"https:\\\/\\\/cssst.gouv.qc.ca\\\/adultes\\\/formation-generale-des-adultes\\\/test-de-developpement-general-tdg\\\/\"]}]},{\"@type\":\"BreadcrumbList\",\"@id\":\"https:\\\/\\\/cssst.gouv.qc.ca\\\/adultes\\\/formation-generale-des-adultes\\\/test-de-developpement-general-tdg\\\/#breadcrumb\",\"itemListElement\":[{\"@type\":\"ListItem\",\"position\":1,\"name\":\"Accueil\",\"item\":\"https:\\\/\\\/cssst.gouv.qc.ca\\\/adultes\\\/\"},{\"@type\":\"ListItem\",\"position\":2,\"name\":\"Formation g\u00e9n\u00e9rale des adultes\",\"item\":\"https:\\\/\\\/cssst.gouv.qc.ca\\\/adultes\\\/formation-generale-des-adultes\\\/\"},{\"@type\":\"ListItem\",\"position\":3,\"name\":\"Test de d\u00e9veloppement g\u00e9n\u00e9ral (TDG)\"}]},{\"@type\":\"WebSite\",\"@id\":\"https:\\\/\\\/cssst.gouv.qc.ca\\\/adultes\\\/#website\",\"url\":\"https:\\\/\\\/cssst.gouv.qc.ca\\\/adultes\\\/\",\"name\":\"\",\"description\":\"\",\"potentialAction\":[{\"@type\":\"SearchAction\",\"target\":{\"@type\":\"EntryPoint\",\"urlTemplate\":\"https:\\\/\\\/cssst.gouv.qc.ca\\\/adultes\\\/?s={search_term_string}\"},\"query-input\":{\"@type\":\"PropertyValueSpecification\",\"valueRequired\":true,\"valueName\":\"search_term_string\"}}],\"inLanguage\":\"fr-CA\"}]}<\/script>\n<!-- \/ Yoast SEO plugin. -->","yoast_head_json":{"title":"Test de d\u00e9veloppement g\u00e9n\u00e9ral (TDG) -","robots":{"index":"index","follow":"follow","max-snippet":"max-snippet:-1","max-image-preview":"max-image-preview:large","max-video-preview":"max-video-preview:-1"},"canonical":"https:\/\/cssst.gouv.qc.ca\/adultes\/formation-generale-des-adultes\/test-de-developpement-general-tdg\/","og_locale":"fr_CA","og_type":"article","og_title":"Test de d\u00e9veloppement g\u00e9n\u00e9ral (TDG) -","og_description":"Test de d\u00e9veloppement g\u00e9n\u00e9ral (TDF)","og_url":"https:\/\/cssst.gouv.qc.ca\/adultes\/formation-generale-des-adultes\/test-de-developpement-general-tdg\/","article_publisher":"https:\/\/www.facebook.com\/CFPEAST?locale=fr_CA","article_modified_time":"2026-03-26T14:54:54+00:00","twitter_card":"summary_large_image","twitter_misc":{"Estimation du temps de lecture":"1 minute"},"schema":{"@context":"https:\/\/schema.org","@graph":[{"@type":"WebPage","@id":"https:\/\/cssst.gouv.qc.ca\/adultes\/formation-generale-des-adultes\/test-de-developpement-general-tdg\/","url":"https:\/\/cssst.gouv.qc.ca\/adultes\/formation-generale-des-adultes\/test-de-developpement-general-tdg\/","name":"Test de d\u00e9veloppement g\u00e9n\u00e9ral (TDG) -","isPartOf":{"@id":"https:\/\/cssst.gouv.qc.ca\/adultes\/#website"},"datePublished":"2026-03-26T14:54:14+00:00","dateModified":"2026-03-26T14:54:54+00:00","breadcrumb":{"@id":"https:\/\/cssst.gouv.qc.ca\/adultes\/formation-generale-des-adultes\/test-de-developpement-general-tdg\/#breadcrumb"},"inLanguage":"fr-CA","potentialAction":[{"@type":"ReadAction","target":["https:\/\/cssst.gouv.qc.ca\/adultes\/formation-generale-des-adultes\/test-de-developpement-general-tdg\/"]}]},{"@type":"BreadcrumbList","@id":"https:\/\/cssst.gouv.qc.ca\/adultes\/formation-generale-des-adultes\/test-de-developpement-general-tdg\/#breadcrumb","itemListElement":[{"@type":"ListItem","position":1,"name":"Accueil","item":"https:\/\/cssst.gouv.qc.ca\/adultes\/"},{"@type":"ListItem","position":2,"name":"Formation g\u00e9n\u00e9rale des adultes","item":"https:\/\/cssst.gouv.qc.ca\/adultes\/formation-generale-des-adultes\/"},{"@type":"ListItem","position":3,"name":"Test de d\u00e9veloppement g\u00e9n\u00e9ral (TDG)"}]},{"@type":"WebSite","@id":"https:\/\/cssst.gouv.qc.ca\/adultes\/#website","url":"https:\/\/cssst.gouv.qc.ca\/adultes\/","name":"","description":"","potentialAction":[{"@type":"SearchAction","target":{"@type":"EntryPoint","urlTemplate":"https:\/\/cssst.gouv.qc.ca\/adultes\/?s={search_term_string}"},"query-input":{"@type":"PropertyValueSpecification","valueRequired":true,"valueName":"search_term_string"}}],"inLanguage":"fr-CA"}]}},"_links":{"self":[{"href":"https:\/\/cssst.gouv.qc.ca\/adultes\/wp-json\/wp\/v2\/pages\/3441","targetHints":{"allow":["GET"]}}],"collection":[{"href":"https:\/\/cssst.gouv.qc.ca\/adultes\/wp-json\/wp\/v2\/pages"}],"about":[{"href":"https:\/\/cssst.gouv.qc.ca\/adultes\/wp-json\/wp\/v2\/types\/page"}],"author":[{"embeddable":true,"href":"https:\/\/cssst.gouv.qc.ca\/adultes\/wp-json\/wp\/v2\/users\/50"}],"replies":[{"embeddable":true,"href":"https:\/\/cssst.gouv.qc.ca\/adultes\/wp-json\/wp\/v2\/comments?post=3441"}],"version-history":[{"count":0,"href":"https:\/\/cssst.gouv.qc.ca\/adultes\/wp-json\/wp\/v2\/pages\/3441\/revisions"}],"up":[{"embeddable":true,"href":"https:\/\/cssst.gouv.qc.ca\/adultes\/wp-json\/wp\/v2\/pages\/204"}],"wp:attachment":[{"href":"https:\/\/cssst.gouv.qc.ca\/adultes\/wp-json\/wp\/v2\/media?parent=3441"}],"curies":[{"name":"wp","href":"https:\/\/api.w.org\/{rel}","templated":true}]}}