{"id":3434,"date":"2026-03-26T14:48:38","date_gmt":"2026-03-26T14:48:38","guid":{"rendered":"https:\/\/cssst.gouv.qc.ca\/adultes\/?page_id=3434"},"modified":"2026-03-26T14:50:14","modified_gmt":"2026-03-26T14:50:14","slug":"attestation-dequivalence-de-niveau-de-scolarite-tens","status":"publish","type":"page","link":"https:\/\/cssst.gouv.qc.ca\/adultes\/formation-generale-des-adultes\/attestation-dequivalence-de-niveau-de-scolarite-tens\/","title":{"rendered":"Attestation d&rsquo;\u00e9quivalence de niveau de scolarit\u00e9 (TENS)"},"content":{"rendered":"\n<div class=\"wp-block-group alignfull has-padding-y-large has-tertiary-background-color has-background\"><div class=\"yoast-breadcrumbs alignwide \"><span class=\"breadcrumbs\"><a href=\"https:\/\/cssst.gouv.qc.ca\/adultes\/\" class=\"breadcrumbs__element\">Accueil<\/a> <span class=\"breadcrumbs__separator\">\n        <svg class=\"icon icon-breadcrumb__separator\"><use xlink:href=\"#icon-breadcrumb__separator\"><\/use><\/svg>\n    <\/span> <a href=\"https:\/\/cssst.gouv.qc.ca\/adultes\/formation-generale-des-adultes\/\" class=\"breadcrumbs__element\">Formation g\u00e9n\u00e9rale des adultes<\/a> <span class=\"breadcrumbs__separator\">\n        <svg class=\"icon icon-breadcrumb__separator\"><use xlink:href=\"#icon-breadcrumb__separator\"><\/use><\/svg>\n    <\/span> <span class=\"breadcrumbs__element breadcrumbs__element-current\">Attestation d&rsquo;\u00e9quivalence de niveau de scolarit\u00e9 (TENS)<\/span><\/span><\/div><\/div>\n\n\n\n<h1 class=\"wp-block-heading\">Attestation d&rsquo;\u00e9quivalence de niveau de scolarit\u00e9 (TENS)<\/h1>\n\n\n\n\n<p class=\"act-lead\">Il est possible d\u2019obtenir une attestation d\u2019\u00e9quivalence de niveau de scolarit\u00e9 de cinqui\u00e8me ann\u00e9e du secondaire (AENS) qui est une \u00e9valuation compos\u00e9e de sept (7) tests d\u2019\u00e9quivalence de niveau de 5e ann\u00e9e du secondaire. Cette attestation peut vous permettre de vous inscrire \u00e0 un programme de formation professionnelle (DEP) et m\u00eame d\u2019obtenir un emploi.<br><br><\/p>\n\n\n\n\n<div class=\"wp-block-file\"><a id=\"wp-block-file--media-89afcbd8-d3e4-43ac-b7f0-9ad48f1e8776\" href=\"https:\/\/cssst.gouv.qc.ca\/adultes\/wp-content\/uploads\/sites\/2\/2026\/03\/FGA-AENS-GUIDE-au-2022-02-07.pdf\">FGA-AENS-GUIDE<\/a><a href=\"https:\/\/cssst.gouv.qc.ca\/adultes\/wp-content\/uploads\/sites\/2\/2026\/03\/FGA-AENS-GUIDE-au-2022-02-07.pdf\" class=\"wp-block-file__button wp-element-button\" download aria-describedby=\"wp-block-file--media-89afcbd8-d3e4-43ac-b7f0-9ad48f1e8776\">T\u00e9l\u00e9charger<\/a><\/div>\n","protected":false},"excerpt":{"rendered":"<p>Attestation d&rsquo;\u00e9quivalence de niveau de scolarit\u00e9 (TENS)<\/p>\n","protected":false},"author":50,"featured_media":0,"parent":204,"menu_order":0,"comment_status":"closed","ping_status":"closed","template":"","meta":{"_acf_changed":false,"inline_featured_image":false,"footnotes":""},"class_list":["post-3434","page","type-page","status-publish","hentry"],"acf":[],"yoast_head":"<!-- This site is optimized with the Yoast SEO plugin v27.5 - https:\/\/yoast.com\/product\/yoast-seo-wordpress\/ -->\n<title>Attestation d&#039;\u00e9quivalence de niveau de scolarit\u00e9 (TENS) -<\/title>\n<meta name=\"robots\" content=\"index, follow, max-snippet:-1, max-image-preview:large, max-video-preview:-1\" \/>\n<link rel=\"canonical\" href=\"https:\/\/cssst.gouv.qc.ca\/adultes\/formation-generale-des-adultes\/attestation-dequivalence-de-niveau-de-scolarite-tens\/\" \/>\n<meta property=\"og:locale\" content=\"fr_CA\" \/>\n<meta property=\"og:type\" content=\"article\" \/>\n<meta property=\"og:title\" content=\"Attestation d&#039;\u00e9quivalence de niveau de scolarit\u00e9 (TENS) -\" \/>\n<meta property=\"og:description\" content=\"Attestation d&rsquo;\u00e9quivalence de niveau de scolarit\u00e9 (TENS)\" \/>\n<meta property=\"og:url\" content=\"https:\/\/cssst.gouv.qc.ca\/adultes\/formation-generale-des-adultes\/attestation-dequivalence-de-niveau-de-scolarite-tens\/\" \/>\n<meta property=\"article:publisher\" content=\"https:\/\/www.facebook.com\/CFPEAST?locale=fr_CA\" \/>\n<meta property=\"article:modified_time\" content=\"2026-03-26T14:50:14+00:00\" \/>\n<meta name=\"twitter:card\" content=\"summary_large_image\" \/>\n<meta name=\"twitter:label1\" content=\"Estimation du temps de lecture\" \/>\n\t<meta name=\"twitter:data1\" content=\"1 minute\" \/>\n<script type=\"application\/ld+json\" class=\"yoast-schema-graph\">{\"@context\":\"https:\\\/\\\/schema.org\",\"@graph\":[{\"@type\":\"WebPage\",\"@id\":\"https:\\\/\\\/cssst.gouv.qc.ca\\\/adultes\\\/formation-generale-des-adultes\\\/attestation-dequivalence-de-niveau-de-scolarite-tens\\\/\",\"url\":\"https:\\\/\\\/cssst.gouv.qc.ca\\\/adultes\\\/formation-generale-des-adultes\\\/attestation-dequivalence-de-niveau-de-scolarite-tens\\\/\",\"name\":\"Attestation d'\u00e9quivalence de niveau de scolarit\u00e9 (TENS) -\",\"isPartOf\":{\"@id\":\"https:\\\/\\\/cssst.gouv.qc.ca\\\/adultes\\\/#website\"},\"datePublished\":\"2026-03-26T14:48:38+00:00\",\"dateModified\":\"2026-03-26T14:50:14+00:00\",\"breadcrumb\":{\"@id\":\"https:\\\/\\\/cssst.gouv.qc.ca\\\/adultes\\\/formation-generale-des-adultes\\\/attestation-dequivalence-de-niveau-de-scolarite-tens\\\/#breadcrumb\"},\"inLanguage\":\"fr-CA\",\"potentialAction\":[{\"@type\":\"ReadAction\",\"target\":[\"https:\\\/\\\/cssst.gouv.qc.ca\\\/adultes\\\/formation-generale-des-adultes\\\/attestation-dequivalence-de-niveau-de-scolarite-tens\\\/\"]}]},{\"@type\":\"BreadcrumbList\",\"@id\":\"https:\\\/\\\/cssst.gouv.qc.ca\\\/adultes\\\/formation-generale-des-adultes\\\/attestation-dequivalence-de-niveau-de-scolarite-tens\\\/#breadcrumb\",\"itemListElement\":[{\"@type\":\"ListItem\",\"position\":1,\"name\":\"Accueil\",\"item\":\"https:\\\/\\\/cssst.gouv.qc.ca\\\/adultes\\\/\"},{\"@type\":\"ListItem\",\"position\":2,\"name\":\"Formation g\u00e9n\u00e9rale des adultes\",\"item\":\"https:\\\/\\\/cssst.gouv.qc.ca\\\/adultes\\\/formation-generale-des-adultes\\\/\"},{\"@type\":\"ListItem\",\"position\":3,\"name\":\"Attestation d&rsquo;\u00e9quivalence de niveau de scolarit\u00e9 (TENS)\"}]},{\"@type\":\"WebSite\",\"@id\":\"https:\\\/\\\/cssst.gouv.qc.ca\\\/adultes\\\/#website\",\"url\":\"https:\\\/\\\/cssst.gouv.qc.ca\\\/adultes\\\/\",\"name\":\"\",\"description\":\"\",\"potentialAction\":[{\"@type\":\"SearchAction\",\"target\":{\"@type\":\"EntryPoint\",\"urlTemplate\":\"https:\\\/\\\/cssst.gouv.qc.ca\\\/adultes\\\/?s={search_term_string}\"},\"query-input\":{\"@type\":\"PropertyValueSpecification\",\"valueRequired\":true,\"valueName\":\"search_term_string\"}}],\"inLanguage\":\"fr-CA\"}]}<\/script>\n<!-- \/ Yoast SEO plugin. -->","yoast_head_json":{"title":"Attestation d'\u00e9quivalence de niveau de scolarit\u00e9 (TENS) -","robots":{"index":"index","follow":"follow","max-snippet":"max-snippet:-1","max-image-preview":"max-image-preview:large","max-video-preview":"max-video-preview:-1"},"canonical":"https:\/\/cssst.gouv.qc.ca\/adultes\/formation-generale-des-adultes\/attestation-dequivalence-de-niveau-de-scolarite-tens\/","og_locale":"fr_CA","og_type":"article","og_title":"Attestation d'\u00e9quivalence de niveau de scolarit\u00e9 (TENS) -","og_description":"Attestation d&rsquo;\u00e9quivalence de niveau de scolarit\u00e9 (TENS)","og_url":"https:\/\/cssst.gouv.qc.ca\/adultes\/formation-generale-des-adultes\/attestation-dequivalence-de-niveau-de-scolarite-tens\/","article_publisher":"https:\/\/www.facebook.com\/CFPEAST?locale=fr_CA","article_modified_time":"2026-03-26T14:50:14+00:00","twitter_card":"summary_large_image","twitter_misc":{"Estimation du temps de lecture":"1 minute"},"schema":{"@context":"https:\/\/schema.org","@graph":[{"@type":"WebPage","@id":"https:\/\/cssst.gouv.qc.ca\/adultes\/formation-generale-des-adultes\/attestation-dequivalence-de-niveau-de-scolarite-tens\/","url":"https:\/\/cssst.gouv.qc.ca\/adultes\/formation-generale-des-adultes\/attestation-dequivalence-de-niveau-de-scolarite-tens\/","name":"Attestation d'\u00e9quivalence de niveau de scolarit\u00e9 (TENS) -","isPartOf":{"@id":"https:\/\/cssst.gouv.qc.ca\/adultes\/#website"},"datePublished":"2026-03-26T14:48:38+00:00","dateModified":"2026-03-26T14:50:14+00:00","breadcrumb":{"@id":"https:\/\/cssst.gouv.qc.ca\/adultes\/formation-generale-des-adultes\/attestation-dequivalence-de-niveau-de-scolarite-tens\/#breadcrumb"},"inLanguage":"fr-CA","potentialAction":[{"@type":"ReadAction","target":["https:\/\/cssst.gouv.qc.ca\/adultes\/formation-generale-des-adultes\/attestation-dequivalence-de-niveau-de-scolarite-tens\/"]}]},{"@type":"BreadcrumbList","@id":"https:\/\/cssst.gouv.qc.ca\/adultes\/formation-generale-des-adultes\/attestation-dequivalence-de-niveau-de-scolarite-tens\/#breadcrumb","itemListElement":[{"@type":"ListItem","position":1,"name":"Accueil","item":"https:\/\/cssst.gouv.qc.ca\/adultes\/"},{"@type":"ListItem","position":2,"name":"Formation g\u00e9n\u00e9rale des adultes","item":"https:\/\/cssst.gouv.qc.ca\/adultes\/formation-generale-des-adultes\/"},{"@type":"ListItem","position":3,"name":"Attestation d&rsquo;\u00e9quivalence de niveau de scolarit\u00e9 (TENS)"}]},{"@type":"WebSite","@id":"https:\/\/cssst.gouv.qc.ca\/adultes\/#website","url":"https:\/\/cssst.gouv.qc.ca\/adultes\/","name":"","description":"","potentialAction":[{"@type":"SearchAction","target":{"@type":"EntryPoint","urlTemplate":"https:\/\/cssst.gouv.qc.ca\/adultes\/?s={search_term_string}"},"query-input":{"@type":"PropertyValueSpecification","valueRequired":true,"valueName":"search_term_string"}}],"inLanguage":"fr-CA"}]}},"_links":{"self":[{"href":"https:\/\/cssst.gouv.qc.ca\/adultes\/wp-json\/wp\/v2\/pages\/3434","targetHints":{"allow":["GET"]}}],"collection":[{"href":"https:\/\/cssst.gouv.qc.ca\/adultes\/wp-json\/wp\/v2\/pages"}],"about":[{"href":"https:\/\/cssst.gouv.qc.ca\/adultes\/wp-json\/wp\/v2\/types\/page"}],"author":[{"embeddable":true,"href":"https:\/\/cssst.gouv.qc.ca\/adultes\/wp-json\/wp\/v2\/users\/50"}],"replies":[{"embeddable":true,"href":"https:\/\/cssst.gouv.qc.ca\/adultes\/wp-json\/wp\/v2\/comments?post=3434"}],"version-history":[{"count":0,"href":"https:\/\/cssst.gouv.qc.ca\/adultes\/wp-json\/wp\/v2\/pages\/3434\/revisions"}],"up":[{"embeddable":true,"href":"https:\/\/cssst.gouv.qc.ca\/adultes\/wp-json\/wp\/v2\/pages\/204"}],"wp:attachment":[{"href":"https:\/\/cssst.gouv.qc.ca\/adultes\/wp-json\/wp\/v2\/media?parent=3434"}],"curies":[{"name":"wp","href":"https:\/\/api.w.org\/{rel}","templated":true}]}}