{"id":2814,"date":"2025-04-30T13:04:42","date_gmt":"2025-04-30T13:04:42","guid":{"rendered":"https:\/\/cssst.gouv.qc.ca\/adultes\/?page_id=2814"},"modified":"2026-03-26T15:57:43","modified_gmt":"2026-03-26T15:57:43","slug":"ecole-de-coiffure-latelier-capillaire","status":"publish","type":"page","link":"https:\/\/cssst.gouv.qc.ca\/adultes\/ecole-de-coiffure-latelier-capillaire\/","title":{"rendered":"\u00c9cole de coiffure l&rsquo;Atelier Capillaire"},"content":{"rendered":"\n<div class=\"wp-block-cover alignfull\"><img loading=\"lazy\" decoding=\"async\" width=\"683\" height=\"1024\" class=\"wp-block-cover__image-background wp-image-2825 size-large\" alt=\"\" src=\"https:\/\/cssst.gouv.qc.ca\/adultes\/wp-content\/uploads\/sites\/2\/2025\/04\/AYA02810-1-683x1024.jpg\" data-object-fit=\"cover\" srcset=\"https:\/\/cssst.gouv.qc.ca\/adultes\/wp-content\/uploads\/sites\/2\/2025\/04\/AYA02810-1-683x1024.jpg 683w, https:\/\/cssst.gouv.qc.ca\/adultes\/wp-content\/uploads\/sites\/2\/2025\/04\/AYA02810-1-200x300.jpg 200w, https:\/\/cssst.gouv.qc.ca\/adultes\/wp-content\/uploads\/sites\/2\/2025\/04\/AYA02810-1-768x1151.jpg 768w, https:\/\/cssst.gouv.qc.ca\/adultes\/wp-content\/uploads\/sites\/2\/2025\/04\/AYA02810-1-1025x1536.jpg 1025w\" sizes=\"auto, (max-width: 683px) 100vw, 683px\" \/><span aria-hidden=\"true\" class=\"wp-block-cover__background has-primary-background-color has-background-dim\"><\/span><div class=\"wp-block-cover__inner-container\">\n<p class=\"has-text-align-center\">\u00c9cole de coiffure l&rsquo;Atelier Capillaire<\/p>\n<\/div><\/div>\n\n\n\n<div class=\"wp-block-group alignfull has-padding-y-large has-tertiary-background-color has-background\"><div class=\"yoast-breadcrumbs alignwide \"><span class=\"breadcrumbs\"><a href=\"https:\/\/cssst.gouv.qc.ca\/adultes\/\" class=\"breadcrumbs__element\">Accueil<\/a> <span class=\"breadcrumbs__separator\">\n        <svg class=\"icon icon-breadcrumb__separator\"><use xlink:href=\"#icon-breadcrumb__separator\"><\/use><\/svg>\n    <\/span> <span class=\"breadcrumbs__element breadcrumbs__element-current\">\u00c9cole de coiffure l&rsquo;Atelier Capillaire<\/span><\/span><\/div><\/div>\n\n\n\n\n<p class=\"act-lead\"><\/p>\n\n\n\n\n<p><strong>Bienvenue \u00e0 l&rsquo;\u00e9cole de coiffure l&rsquo;Atelier Capillaire<\/strong>\u2702\ufe0f<br><br>Situ\u00e9 au centre Bernard-Gari\u00e9py <strong>(CBG)<\/strong>, l&rsquo;Atelier Capillaire allie \u00e9l\u00e9gance, savoir-faire et p\u00e9dagogie. Ouvert au public, il offre une exp\u00e9rience de coiffure de qualit\u00e9, r\u00e9alis\u00e9e par nos \u00e9l\u00e8ves en formation, sous la supervision de nos enseignantes exp\u00e9riment\u00e9es. Venez profiter de soins capillaires tendance \u00e0 prix avantageux, tout en soutenant la rel\u00e8ve de la coiffure!<\/p>\n\n\n\n<div class=\"act-collapsible\">\n<h5 class=\"wp-block-heading act-collapsible__heading\">Services offerts<\/h5>\n\n\n\n<div class=\"act-collapsible__content\"><div class=\"act-collapsible__content-inner\">\n<ul class=\"wp-block-list\">\n<li>Balayage artistique \u00e0 main lev\u00e9e<\/li>\n\n\n\n<li>Coloration<\/li>\n\n\n\n<li>Coupe de cheveux (homme et femme)<\/li>\n\n\n\n<li>D\u00e9coloration et recoloration sur repousses <\/li>\n\n\n\n<li>M\u00e8ches papillotes, au bonnet color\u00e9es ou d\u00e9color\u00e9es<\/li>\n\n\n\n<li>Mise en forme<\/li>\n\n\n\n<li>Mise en plis<\/li>\n\n\n\n<li>Permanente<\/li>\n\n\n\n<li>Traitement capillaire <\/li>\n<\/ul>\n<\/div><\/div>\n<\/div>\n\n\n\n<div class=\"act-collapsible\">\n<h5 class=\"wp-block-heading act-collapsible__heading\">Liste de prix <\/h5>\n\n\n\n<div class=\"act-collapsible__content\"><div class=\"act-collapsible__content-inner\">\n<div class=\"wp-block-file\"><a id=\"wp-block-file--media-46d2e1c6-9335-4150-b694-4e0e5e6b6fda\" href=\"https:\/\/cssst.gouv.qc.ca\/adultes\/wp-content\/uploads\/sites\/2\/2025\/05\/Liste-de-prix-LAtelier-capillaire-1.pdf\">Liste de prix l&rsquo;Atelier Capillaire <\/a><a href=\"https:\/\/cssst.gouv.qc.ca\/adultes\/wp-content\/uploads\/sites\/2\/2025\/05\/Liste-de-prix-LAtelier-capillaire-1.pdf\" class=\"wp-block-file__button wp-element-button\" download aria-describedby=\"wp-block-file--media-46d2e1c6-9335-4150-b694-4e0e5e6b6fda\">T\u00e9l\u00e9charger<\/a><\/div>\n<\/div><\/div>\n<\/div>\n\n\n\n<div class=\"act-collapsible\">\n<h5 class=\"wp-block-heading act-collapsible__heading\">Pour prendre rendez-vous<\/h5>\n\n\n\n<div class=\"act-collapsible__content\"><div class=\"act-collapsible__content-inner\">\n<p><strong>\u00c9cole de coiffure l&rsquo;Atelier Capillaire<\/strong><br>\ud83c\udfeb 5105 Boulevard des \u00c9tudiants, Sorel-Tracy<br>\u260e\ufe0f 450 743-7434<br><br><strong>Horaire:<\/strong><br>Du lundi au vendredi entre 8 h 25 et 15 h 50<br><br><strong>Merci d&rsquo;encourager nos \u00e9l\u00e8ves!<\/strong>\u2702\ufe0f<\/p>\n<\/div><\/div>\n<\/div>\n\n\n\n<div style=\"height:38px\" aria-hidden=\"true\" class=\"wp-block-spacer\"><\/div>\n\n\n<section class=\"act-galerie-slider align act-galerie\">\n    <ul id=\"act-galerie-slider_69fcfad837aac\">\n                    <li class=\"act-galerie-slider__item\">\n                <img loading=\"lazy\" decoding=\"async\" width=\"1024\" height=\"684\" src=\"https:\/\/cssst.gouv.qc.ca\/adultes\/wp-content\/uploads\/sites\/2\/2025\/04\/Centre-Bernard-Gariepy-2-1024x684.jpg\" class=\"attachment-large size-large\" alt=\"\" srcset=\"https:\/\/cssst.gouv.qc.ca\/adultes\/wp-content\/uploads\/sites\/2\/2025\/04\/Centre-Bernard-Gariepy-2-1024x684.jpg 1024w, https:\/\/cssst.gouv.qc.ca\/adultes\/wp-content\/uploads\/sites\/2\/2025\/04\/Centre-Bernard-Gariepy-2-300x200.jpg 300w, https:\/\/cssst.gouv.qc.ca\/adultes\/wp-content\/uploads\/sites\/2\/2025\/04\/Centre-Bernard-Gariepy-2-768x513.jpg 768w, https:\/\/cssst.gouv.qc.ca\/adultes\/wp-content\/uploads\/sites\/2\/2025\/04\/Centre-Bernard-Gariepy-2-1536x1026.jpg 1536w, https:\/\/cssst.gouv.qc.ca\/adultes\/wp-content\/uploads\/sites\/2\/2025\/04\/Centre-Bernard-Gariepy-2-2048x1367.jpg 2048w\" sizes=\"auto, (max-width: 1024px) 100vw, 1024px\" \/>            <\/li>\n                    <li class=\"act-galerie-slider__item\">\n                <img loading=\"lazy\" decoding=\"async\" width=\"1024\" height=\"684\" src=\"https:\/\/cssst.gouv.qc.ca\/adultes\/wp-content\/uploads\/sites\/2\/2025\/04\/Centre-Bernard-Gariepy-3-1024x684.jpg\" class=\"attachment-large size-large\" alt=\"\" srcset=\"https:\/\/cssst.gouv.qc.ca\/adultes\/wp-content\/uploads\/sites\/2\/2025\/04\/Centre-Bernard-Gariepy-3-1024x684.jpg 1024w, https:\/\/cssst.gouv.qc.ca\/adultes\/wp-content\/uploads\/sites\/2\/2025\/04\/Centre-Bernard-Gariepy-3-300x200.jpg 300w, https:\/\/cssst.gouv.qc.ca\/adultes\/wp-content\/uploads\/sites\/2\/2025\/04\/Centre-Bernard-Gariepy-3-768x513.jpg 768w, https:\/\/cssst.gouv.qc.ca\/adultes\/wp-content\/uploads\/sites\/2\/2025\/04\/Centre-Bernard-Gariepy-3-1536x1026.jpg 1536w, https:\/\/cssst.gouv.qc.ca\/adultes\/wp-content\/uploads\/sites\/2\/2025\/04\/Centre-Bernard-Gariepy-3-2048x1367.jpg 2048w\" sizes=\"auto, (max-width: 1024px) 100vw, 1024px\" \/>            <\/li>\n                    <li class=\"act-galerie-slider__item\">\n                <img loading=\"lazy\" decoding=\"async\" width=\"1024\" height=\"684\" src=\"https:\/\/cssst.gouv.qc.ca\/adultes\/wp-content\/uploads\/sites\/2\/2025\/04\/Centre-Bernard-Gariepy-4-1024x684.jpg\" class=\"attachment-large size-large\" alt=\"\" srcset=\"https:\/\/cssst.gouv.qc.ca\/adultes\/wp-content\/uploads\/sites\/2\/2025\/04\/Centre-Bernard-Gariepy-4-1024x684.jpg 1024w, https:\/\/cssst.gouv.qc.ca\/adultes\/wp-content\/uploads\/sites\/2\/2025\/04\/Centre-Bernard-Gariepy-4-300x200.jpg 300w, https:\/\/cssst.gouv.qc.ca\/adultes\/wp-content\/uploads\/sites\/2\/2025\/04\/Centre-Bernard-Gariepy-4-768x513.jpg 768w, https:\/\/cssst.gouv.qc.ca\/adultes\/wp-content\/uploads\/sites\/2\/2025\/04\/Centre-Bernard-Gariepy-4-1536x1026.jpg 1536w, https:\/\/cssst.gouv.qc.ca\/adultes\/wp-content\/uploads\/sites\/2\/2025\/04\/Centre-Bernard-Gariepy-4-2048x1367.jpg 2048w\" sizes=\"auto, (max-width: 1024px) 100vw, 1024px\" \/>            <\/li>\n                    <li class=\"act-galerie-slider__item\">\n                <img loading=\"lazy\" decoding=\"async\" width=\"1024\" height=\"620\" src=\"https:\/\/cssst.gouv.qc.ca\/adultes\/wp-content\/uploads\/sites\/2\/2025\/04\/Centre-Bernard-Gariepy-23-1024x620.jpg\" class=\"attachment-large size-large\" alt=\"\" srcset=\"https:\/\/cssst.gouv.qc.ca\/adultes\/wp-content\/uploads\/sites\/2\/2025\/04\/Centre-Bernard-Gariepy-23-1024x620.jpg 1024w, https:\/\/cssst.gouv.qc.ca\/adultes\/wp-content\/uploads\/sites\/2\/2025\/04\/Centre-Bernard-Gariepy-23-300x182.jpg 300w, https:\/\/cssst.gouv.qc.ca\/adultes\/wp-content\/uploads\/sites\/2\/2025\/04\/Centre-Bernard-Gariepy-23-768x465.jpg 768w, https:\/\/cssst.gouv.qc.ca\/adultes\/wp-content\/uploads\/sites\/2\/2025\/04\/Centre-Bernard-Gariepy-23-1536x930.jpg 1536w, https:\/\/cssst.gouv.qc.ca\/adultes\/wp-content\/uploads\/sites\/2\/2025\/04\/Centre-Bernard-Gariepy-23-2048x1240.jpg 2048w\" sizes=\"auto, (max-width: 1024px) 100vw, 1024px\" \/>            <\/li>\n                    <li class=\"act-galerie-slider__item\">\n                <img loading=\"lazy\" decoding=\"async\" width=\"1024\" height=\"700\" src=\"https:\/\/cssst.gouv.qc.ca\/adultes\/wp-content\/uploads\/sites\/2\/2025\/04\/Centre-Bernard-Gariepy-24-1024x700.jpg\" class=\"attachment-large size-large\" alt=\"\" srcset=\"https:\/\/cssst.gouv.qc.ca\/adultes\/wp-content\/uploads\/sites\/2\/2025\/04\/Centre-Bernard-Gariepy-24-1024x700.jpg 1024w, https:\/\/cssst.gouv.qc.ca\/adultes\/wp-content\/uploads\/sites\/2\/2025\/04\/Centre-Bernard-Gariepy-24-300x205.jpg 300w, https:\/\/cssst.gouv.qc.ca\/adultes\/wp-content\/uploads\/sites\/2\/2025\/04\/Centre-Bernard-Gariepy-24-768x525.jpg 768w, https:\/\/cssst.gouv.qc.ca\/adultes\/wp-content\/uploads\/sites\/2\/2025\/04\/Centre-Bernard-Gariepy-24-1536x1051.jpg 1536w, https:\/\/cssst.gouv.qc.ca\/adultes\/wp-content\/uploads\/sites\/2\/2025\/04\/Centre-Bernard-Gariepy-24-2048x1401.jpg 2048w\" sizes=\"auto, (max-width: 1024px) 100vw, 1024px\" \/>            <\/li>\n                    <li class=\"act-galerie-slider__item\">\n                <img loading=\"lazy\" decoding=\"async\" width=\"1024\" height=\"683\" src=\"https:\/\/cssst.gouv.qc.ca\/adultes\/wp-content\/uploads\/sites\/2\/2025\/04\/Centre-Bernard-Gariepy-26-1024x683.jpg\" class=\"attachment-large size-large\" alt=\"\" srcset=\"https:\/\/cssst.gouv.qc.ca\/adultes\/wp-content\/uploads\/sites\/2\/2025\/04\/Centre-Bernard-Gariepy-26-1024x683.jpg 1024w, https:\/\/cssst.gouv.qc.ca\/adultes\/wp-content\/uploads\/sites\/2\/2025\/04\/Centre-Bernard-Gariepy-26-300x200.jpg 300w, https:\/\/cssst.gouv.qc.ca\/adultes\/wp-content\/uploads\/sites\/2\/2025\/04\/Centre-Bernard-Gariepy-26-768x512.jpg 768w, https:\/\/cssst.gouv.qc.ca\/adultes\/wp-content\/uploads\/sites\/2\/2025\/04\/Centre-Bernard-Gariepy-26-1536x1025.jpg 1536w, https:\/\/cssst.gouv.qc.ca\/adultes\/wp-content\/uploads\/sites\/2\/2025\/04\/Centre-Bernard-Gariepy-26-2048x1366.jpg 2048w\" sizes=\"auto, (max-width: 1024px) 100vw, 1024px\" \/>            <\/li>\n            <\/ul>\n<\/section>\n\n","protected":false},"excerpt":{"rendered":"<p>Bienvenue \u00e0 l&rsquo;\u00e9cole de coiffure l&rsquo;Atelier Capillaire\u2702\ufe0f Situ\u00e9 au centre Bernard-Gari\u00e9py (CBG), l&rsquo;Atelier Capillaire allie \u00e9l\u00e9gance, savoir-faire et p\u00e9dagogie. Ouvert au public, il offre une exp\u00e9rience de coiffure de qualit\u00e9, r\u00e9alis\u00e9e par nos \u00e9l\u00e8ves en formation, sous la supervision de nos enseignantes exp\u00e9riment\u00e9es. Venez profiter de soins capillaires tendance \u00e0 prix avantageux, tout en soutenant [&hellip;]<\/p>\n","protected":false},"author":50,"featured_media":0,"parent":0,"menu_order":100,"comment_status":"closed","ping_status":"closed","template":"","meta":{"_acf_changed":false,"inline_featured_image":false,"footnotes":""},"class_list":["post-2814","page","type-page","status-publish","hentry"],"acf":[],"yoast_head":"<!-- This site is optimized with the Yoast SEO plugin v27.5 - https:\/\/yoast.com\/product\/yoast-seo-wordpress\/ -->\n<title>\u00c9cole de coiffure l&#039;Atelier Capillaire -<\/title>\n<meta name=\"robots\" content=\"index, follow, max-snippet:-1, max-image-preview:large, max-video-preview:-1\" \/>\n<link rel=\"canonical\" href=\"https:\/\/cssst.gouv.qc.ca\/adultes\/ecole-de-coiffure-latelier-capillaire\/\" \/>\n<meta property=\"og:locale\" content=\"fr_CA\" \/>\n<meta property=\"og:type\" content=\"article\" \/>\n<meta property=\"og:title\" content=\"\u00c9cole de coiffure l&#039;Atelier Capillaire -\" \/>\n<meta property=\"og:description\" content=\"Bienvenue \u00e0 l&rsquo;\u00e9cole de coiffure l&rsquo;Atelier Capillaire\u2702\ufe0f Situ\u00e9 au centre Bernard-Gari\u00e9py (CBG), l&rsquo;Atelier Capillaire allie \u00e9l\u00e9gance, savoir-faire et p\u00e9dagogie. Ouvert au public, il offre une exp\u00e9rience de coiffure de qualit\u00e9, r\u00e9alis\u00e9e par nos \u00e9l\u00e8ves en formation, sous la supervision de nos enseignantes exp\u00e9riment\u00e9es. Venez profiter de soins capillaires tendance \u00e0 prix avantageux, tout en soutenant [&hellip;]\" \/>\n<meta property=\"og:url\" content=\"https:\/\/cssst.gouv.qc.ca\/adultes\/ecole-de-coiffure-latelier-capillaire\/\" \/>\n<meta property=\"article:publisher\" content=\"https:\/\/www.facebook.com\/CFPEAST?locale=fr_CA\" \/>\n<meta property=\"article:modified_time\" content=\"2026-03-26T15:57:43+00:00\" \/>\n<meta property=\"og:image\" content=\"https:\/\/cssst.gouv.qc.ca\/adultes\/wp-content\/uploads\/sites\/2\/2025\/04\/AYA02810-1-683x1024.jpg\" \/>\n\t<meta property=\"og:image:width\" content=\"683\" \/>\n\t<meta property=\"og:image:height\" content=\"1024\" \/>\n\t<meta property=\"og:image:type\" content=\"image\/jpeg\" \/>\n<meta name=\"twitter:card\" content=\"summary_large_image\" \/>\n<meta name=\"twitter:label1\" content=\"Estimation du temps de lecture\" \/>\n\t<meta name=\"twitter:data1\" content=\"1 minute\" \/>\n<script type=\"application\/ld+json\" class=\"yoast-schema-graph\">{\"@context\":\"https:\\\/\\\/schema.org\",\"@graph\":[{\"@type\":\"WebPage\",\"@id\":\"https:\\\/\\\/cssst.gouv.qc.ca\\\/adultes\\\/ecole-de-coiffure-latelier-capillaire\\\/\",\"url\":\"https:\\\/\\\/cssst.gouv.qc.ca\\\/adultes\\\/ecole-de-coiffure-latelier-capillaire\\\/\",\"name\":\"\u00c9cole de coiffure l'Atelier Capillaire -\",\"isPartOf\":{\"@id\":\"https:\\\/\\\/cssst.gouv.qc.ca\\\/adultes\\\/#website\"},\"primaryImageOfPage\":{\"@id\":\"https:\\\/\\\/cssst.gouv.qc.ca\\\/adultes\\\/ecole-de-coiffure-latelier-capillaire\\\/#primaryimage\"},\"image\":{\"@id\":\"https:\\\/\\\/cssst.gouv.qc.ca\\\/adultes\\\/ecole-de-coiffure-latelier-capillaire\\\/#primaryimage\"},\"thumbnailUrl\":\"https:\\\/\\\/cssst.gouv.qc.ca\\\/adultes\\\/wp-content\\\/uploads\\\/sites\\\/2\\\/2025\\\/04\\\/AYA02810-1-683x1024.jpg\",\"datePublished\":\"2025-04-30T13:04:42+00:00\",\"dateModified\":\"2026-03-26T15:57:43+00:00\",\"breadcrumb\":{\"@id\":\"https:\\\/\\\/cssst.gouv.qc.ca\\\/adultes\\\/ecole-de-coiffure-latelier-capillaire\\\/#breadcrumb\"},\"inLanguage\":\"fr-CA\",\"potentialAction\":[{\"@type\":\"ReadAction\",\"target\":[\"https:\\\/\\\/cssst.gouv.qc.ca\\\/adultes\\\/ecole-de-coiffure-latelier-capillaire\\\/\"]}]},{\"@type\":\"ImageObject\",\"inLanguage\":\"fr-CA\",\"@id\":\"https:\\\/\\\/cssst.gouv.qc.ca\\\/adultes\\\/ecole-de-coiffure-latelier-capillaire\\\/#primaryimage\",\"url\":\"https:\\\/\\\/cssst.gouv.qc.ca\\\/adultes\\\/wp-content\\\/uploads\\\/sites\\\/2\\\/2025\\\/04\\\/AYA02810-1.jpg\",\"contentUrl\":\"https:\\\/\\\/cssst.gouv.qc.ca\\\/adultes\\\/wp-content\\\/uploads\\\/sites\\\/2\\\/2025\\\/04\\\/AYA02810-1.jpg\",\"width\":5304,\"height\":7952},{\"@type\":\"BreadcrumbList\",\"@id\":\"https:\\\/\\\/cssst.gouv.qc.ca\\\/adultes\\\/ecole-de-coiffure-latelier-capillaire\\\/#breadcrumb\",\"itemListElement\":[{\"@type\":\"ListItem\",\"position\":1,\"name\":\"Accueil\",\"item\":\"https:\\\/\\\/cssst.gouv.qc.ca\\\/adultes\\\/\"},{\"@type\":\"ListItem\",\"position\":2,\"name\":\"\u00c9cole de coiffure l&rsquo;Atelier Capillaire\"}]},{\"@type\":\"WebSite\",\"@id\":\"https:\\\/\\\/cssst.gouv.qc.ca\\\/adultes\\\/#website\",\"url\":\"https:\\\/\\\/cssst.gouv.qc.ca\\\/adultes\\\/\",\"name\":\"\",\"description\":\"\",\"potentialAction\":[{\"@type\":\"SearchAction\",\"target\":{\"@type\":\"EntryPoint\",\"urlTemplate\":\"https:\\\/\\\/cssst.gouv.qc.ca\\\/adultes\\\/?s={search_term_string}\"},\"query-input\":{\"@type\":\"PropertyValueSpecification\",\"valueRequired\":true,\"valueName\":\"search_term_string\"}}],\"inLanguage\":\"fr-CA\"}]}<\/script>\n<!-- \/ Yoast SEO plugin. -->","yoast_head_json":{"title":"\u00c9cole de coiffure l'Atelier Capillaire -","robots":{"index":"index","follow":"follow","max-snippet":"max-snippet:-1","max-image-preview":"max-image-preview:large","max-video-preview":"max-video-preview:-1"},"canonical":"https:\/\/cssst.gouv.qc.ca\/adultes\/ecole-de-coiffure-latelier-capillaire\/","og_locale":"fr_CA","og_type":"article","og_title":"\u00c9cole de coiffure l'Atelier Capillaire -","og_description":"Bienvenue \u00e0 l&rsquo;\u00e9cole de coiffure l&rsquo;Atelier Capillaire\u2702\ufe0f Situ\u00e9 au centre Bernard-Gari\u00e9py (CBG), l&rsquo;Atelier Capillaire allie \u00e9l\u00e9gance, savoir-faire et p\u00e9dagogie. Ouvert au public, il offre une exp\u00e9rience de coiffure de qualit\u00e9, r\u00e9alis\u00e9e par nos \u00e9l\u00e8ves en formation, sous la supervision de nos enseignantes exp\u00e9riment\u00e9es. Venez profiter de soins capillaires tendance \u00e0 prix avantageux, tout en soutenant [&hellip;]","og_url":"https:\/\/cssst.gouv.qc.ca\/adultes\/ecole-de-coiffure-latelier-capillaire\/","article_publisher":"https:\/\/www.facebook.com\/CFPEAST?locale=fr_CA","article_modified_time":"2026-03-26T15:57:43+00:00","og_image":[{"width":683,"height":1024,"url":"https:\/\/cssst.gouv.qc.ca\/adultes\/wp-content\/uploads\/sites\/2\/2025\/04\/AYA02810-1-683x1024.jpg","type":"image\/jpeg"}],"twitter_card":"summary_large_image","twitter_misc":{"Estimation du temps de lecture":"1 minute"},"schema":{"@context":"https:\/\/schema.org","@graph":[{"@type":"WebPage","@id":"https:\/\/cssst.gouv.qc.ca\/adultes\/ecole-de-coiffure-latelier-capillaire\/","url":"https:\/\/cssst.gouv.qc.ca\/adultes\/ecole-de-coiffure-latelier-capillaire\/","name":"\u00c9cole de coiffure l'Atelier Capillaire -","isPartOf":{"@id":"https:\/\/cssst.gouv.qc.ca\/adultes\/#website"},"primaryImageOfPage":{"@id":"https:\/\/cssst.gouv.qc.ca\/adultes\/ecole-de-coiffure-latelier-capillaire\/#primaryimage"},"image":{"@id":"https:\/\/cssst.gouv.qc.ca\/adultes\/ecole-de-coiffure-latelier-capillaire\/#primaryimage"},"thumbnailUrl":"https:\/\/cssst.gouv.qc.ca\/adultes\/wp-content\/uploads\/sites\/2\/2025\/04\/AYA02810-1-683x1024.jpg","datePublished":"2025-04-30T13:04:42+00:00","dateModified":"2026-03-26T15:57:43+00:00","breadcrumb":{"@id":"https:\/\/cssst.gouv.qc.ca\/adultes\/ecole-de-coiffure-latelier-capillaire\/#breadcrumb"},"inLanguage":"fr-CA","potentialAction":[{"@type":"ReadAction","target":["https:\/\/cssst.gouv.qc.ca\/adultes\/ecole-de-coiffure-latelier-capillaire\/"]}]},{"@type":"ImageObject","inLanguage":"fr-CA","@id":"https:\/\/cssst.gouv.qc.ca\/adultes\/ecole-de-coiffure-latelier-capillaire\/#primaryimage","url":"https:\/\/cssst.gouv.qc.ca\/adultes\/wp-content\/uploads\/sites\/2\/2025\/04\/AYA02810-1.jpg","contentUrl":"https:\/\/cssst.gouv.qc.ca\/adultes\/wp-content\/uploads\/sites\/2\/2025\/04\/AYA02810-1.jpg","width":5304,"height":7952},{"@type":"BreadcrumbList","@id":"https:\/\/cssst.gouv.qc.ca\/adultes\/ecole-de-coiffure-latelier-capillaire\/#breadcrumb","itemListElement":[{"@type":"ListItem","position":1,"name":"Accueil","item":"https:\/\/cssst.gouv.qc.ca\/adultes\/"},{"@type":"ListItem","position":2,"name":"\u00c9cole de coiffure l&rsquo;Atelier Capillaire"}]},{"@type":"WebSite","@id":"https:\/\/cssst.gouv.qc.ca\/adultes\/#website","url":"https:\/\/cssst.gouv.qc.ca\/adultes\/","name":"","description":"","potentialAction":[{"@type":"SearchAction","target":{"@type":"EntryPoint","urlTemplate":"https:\/\/cssst.gouv.qc.ca\/adultes\/?s={search_term_string}"},"query-input":{"@type":"PropertyValueSpecification","valueRequired":true,"valueName":"search_term_string"}}],"inLanguage":"fr-CA"}]}},"_links":{"self":[{"href":"https:\/\/cssst.gouv.qc.ca\/adultes\/wp-json\/wp\/v2\/pages\/2814","targetHints":{"allow":["GET"]}}],"collection":[{"href":"https:\/\/cssst.gouv.qc.ca\/adultes\/wp-json\/wp\/v2\/pages"}],"about":[{"href":"https:\/\/cssst.gouv.qc.ca\/adultes\/wp-json\/wp\/v2\/types\/page"}],"author":[{"embeddable":true,"href":"https:\/\/cssst.gouv.qc.ca\/adultes\/wp-json\/wp\/v2\/users\/50"}],"replies":[{"embeddable":true,"href":"https:\/\/cssst.gouv.qc.ca\/adultes\/wp-json\/wp\/v2\/comments?post=2814"}],"version-history":[{"count":0,"href":"https:\/\/cssst.gouv.qc.ca\/adultes\/wp-json\/wp\/v2\/pages\/2814\/revisions"}],"wp:attachment":[{"href":"https:\/\/cssst.gouv.qc.ca\/adultes\/wp-json\/wp\/v2\/media?parent=2814"}],"curies":[{"name":"wp","href":"https:\/\/api.w.org\/{rel}","templated":true}]}}