{"id":2421,"date":"2025-04-23T19:30:00","date_gmt":"2025-04-23T19:30:00","guid":{"rendered":"https:\/\/cssst.gouv.qc.ca\/adultes\/?page_id=2421"},"modified":"2026-03-26T15:48:46","modified_gmt":"2026-03-26T15:48:46","slug":"admission","status":"publish","type":"page","link":"https:\/\/cssst.gouv.qc.ca\/adultes\/admission\/","title":{"rendered":"Admission"},"content":{"rendered":"\n<div class=\"wp-block-group alignfull has-padding-y-large has-tertiary-background-color has-background\"><div class=\"yoast-breadcrumbs alignwide \"><span class=\"breadcrumbs\"><a href=\"https:\/\/cssst.gouv.qc.ca\/adultes\/\" class=\"breadcrumbs__element\">Accueil<\/a> <span class=\"breadcrumbs__separator\">\n        <svg class=\"icon icon-breadcrumb__separator\"><use xlink:href=\"#icon-breadcrumb__separator\"><\/use><\/svg>\n    <\/span> <span class=\"breadcrumbs__element breadcrumbs__element-current\">Admission<\/span><\/span><\/div><\/div>\n\n\n\n<h1 class=\"wp-block-heading\">Admission<\/h1>\n\n\n\n\n<p class=\"act-lead\"><\/p>\n\n\n\n\n<div class=\"wp-block-cover alignfull is-light\"><img loading=\"lazy\" decoding=\"async\" width=\"2560\" height=\"2014\" class=\"wp-block-cover__image-background wp-image-2422\" alt=\"\" src=\"https:\/\/cssst.gouv.qc.ca\/adultes\/wp-content\/uploads\/sites\/2\/2025\/04\/Centre-Bernard-Gariepy-47-scaled.jpg\" style=\"object-position:53% 25%\" data-object-fit=\"cover\" data-object-position=\"53% 25%\" srcset=\"https:\/\/cssst.gouv.qc.ca\/adultes\/wp-content\/uploads\/sites\/2\/2025\/04\/Centre-Bernard-Gariepy-47-scaled.jpg 2560w, https:\/\/cssst.gouv.qc.ca\/adultes\/wp-content\/uploads\/sites\/2\/2025\/04\/Centre-Bernard-Gariepy-47-300x236.jpg 300w, https:\/\/cssst.gouv.qc.ca\/adultes\/wp-content\/uploads\/sites\/2\/2025\/04\/Centre-Bernard-Gariepy-47-1024x806.jpg 1024w, https:\/\/cssst.gouv.qc.ca\/adultes\/wp-content\/uploads\/sites\/2\/2025\/04\/Centre-Bernard-Gariepy-47-768x604.jpg 768w, https:\/\/cssst.gouv.qc.ca\/adultes\/wp-content\/uploads\/sites\/2\/2025\/04\/Centre-Bernard-Gariepy-47-1536x1208.jpg 1536w, https:\/\/cssst.gouv.qc.ca\/adultes\/wp-content\/uploads\/sites\/2\/2025\/04\/Centre-Bernard-Gariepy-47-2048x1611.jpg 2048w\" sizes=\"auto, (max-width: 2560px) 100vw, 2560px\" \/><span aria-hidden=\"true\" class=\"wp-block-cover__background has-background-dim\" style=\"background-color:#878385\"><\/span><div class=\"wp-block-cover__inner-container\">\n<p class=\"has-text-align-center has-large-font-size\">Admission<\/p>\n<\/div><\/div>\n\n\n\n<p><strong>Admission en formation professionnelle<\/strong><br><br>Envie d\u2019apprendre un m\u00e9tier concret, d\u2019acqu\u00e9rir des comp\u00e9tences recherch\u00e9es et de passer rapidement \u00e0 l\u2019action? La formation professionnelle est une voie accessible, pratique et reconnue qui m\u00e8ne directement vers le march\u00e9 du travail.<br><br>Que vous soyez en r\u00e9orientation, en retour aux \u00e9tudes ou pr\u00eat \u00e0 transformer votre passion en m\u00e9tier, nos programmes de formation professionnelle sont con\u00e7us pour r\u00e9pondre aux besoins r\u00e9els des entreprises et vous offrir des perspectives d\u2019emploi durables.<br><br><strong>L\u2019admission en formation professionnelle est simple et accompagn\u00e9e.<\/strong><br>Notre \u00e9quipe est l\u00e0 pour vous guider \u00e0 chaque \u00e9tape : choix du programme, conditions d\u2019admission, reconnaissance des acquis, inscription et d\u00e9but de la formation.<br><br>\ud83d\udc49 <strong>Pr\u00eat \u00e0 faire le premier pas vers votre futur m\u00e9tier?<\/strong><br>Acc\u00e9dez d\u00e8s maintenant au portail <strong>Admission FP<\/strong> pour d\u00e9poser votre demande et d\u00e9marrer votre parcours.<\/p>\n\n\n\n<div class=\"wp-block-buttons\">\n<div class=\"wp-block-button\"><a class=\"wp-block-button__link wp-element-button\" href=\"https:\/\/www.admissionfp.com\/organismes-scolaires\/css\/861000\/groupes\">Pour t&rsquo;inscrire!<\/a><\/div>\n<\/div>\n\n\n\n<p><br><br><strong>Admission en formation g\u00e9n\u00e9rale des adultes<\/strong><\/p>\n\n\n\n<ul class=\"wp-block-list\">\n<li>Vous pouvez vous pr\u00e9senter\u00a0<strong>avec rendez-vous<\/strong>\u00a0au Centre de formation professionnelle (2725, boul. de Tracy, Sorel-Tracy), du lundi au vendredi, entre 8 h et 12 h ou entre 13 h et 16 h.<\/li>\n\n\n\n<li>Vous devez \u00eatre \u00e2g\u00e9 d\u2019au moins <strong>16 ans au 30 juin de l\u2019ann\u00e9e scolaire en cours <\/strong>et non inscrit au secteur des jeunes<\/li>\n\n\n\n<li>Vous devrez apporter les documents suivants :<br>&#8211; <a href=\"http:\/\/www.google.com\/url?q=http%3A%2F%2Fwww.etatcivil.gouv.qc.ca%2Ffr%2Fdefault.html&amp;sa=D&amp;sntz=1&amp;usg=AOvVaw2mdS8f_JZCqB8kujdOfxqD\">certificat de naissance de l\u2019\u00e9tat civil du Qu\u00e9bec<\/a>\u00a0(original GRAND FORMAT ou copie certifi\u00e9e GRAND FORMAT pr\u00e9cisant le nom des parents)\u00a0<strong>ET\/OU<\/strong><br>&#8211; <a href=\"https:\/\/www.google.com\/url?q=https%3A%2F%2Fwww7.mels.gouv.qc.ca%2Fdc%2FDemandeReleve%2Findex.php%3Fsection%3Dformulaire&amp;sa=D&amp;sntz=1&amp;usg=AOvVaw30Rkc3qCnu7wRSoYLCvVf2\">dernier relev\u00e9 de notes du minist\u00e8re de l\u2019\u00c9ducation du Qu\u00e9bec (MEQ)<\/a>\u00a0indiquant votre code permanent<br>&#8211; dernier bulletin scolaire<br>&#8211; preuve de r\u00e9sidence au Qu\u00e9bec POUR TOUS (permis de conduire ou carte d\u2019assurance-maladie)<br>&#8211; <strong>23 $ pour un \u00e9l\u00e8ve de jour<\/strong>\u00a0(photocopies 16$, cotisation \u00e9tudiante 5$ et carte \u00e9tudiante 2$)<br>&#8211; <strong>20 $ pour un \u00e9l\u00e8ve de soir<\/strong>\u00a0(photocopies 16 $, cotisation \u00e9tudiante 2$ et carte \u00e9tudiante 2$)<br>&#8211; <strong>23$ pour les \u00e9l\u00e8ves en formation \u00e0 distance<\/strong>\u00a0(photocopies 16 $, cotisation \u00e9tudiante 2$ et carte \u00e9tudiante 2$)<br><\/li>\n<\/ul>\n\n\n\n<p><strong>POUR T&rsquo;INSCRIRE: <\/strong><br>450 743-1285, poste 4200<br>sarca@cssst.gouv.qc.ca<br><\/p>\n\n\n\n<p><\/p>\n","protected":false},"excerpt":{"rendered":"<p>Admission Admission en formation professionnelle Envie d\u2019apprendre un m\u00e9tier concret, d\u2019acqu\u00e9rir des comp\u00e9tences recherch\u00e9es et de passer rapidement \u00e0 l\u2019action? La formation professionnelle est une voie accessible, pratique et reconnue qui m\u00e8ne directement vers le march\u00e9 du travail. Que vous soyez en r\u00e9orientation, en retour aux \u00e9tudes ou pr\u00eat \u00e0 transformer votre passion en m\u00e9tier, [&hellip;]<\/p>\n","protected":false},"author":6,"featured_media":0,"parent":0,"menu_order":10,"comment_status":"closed","ping_status":"closed","template":"","meta":{"_acf_changed":false,"inline_featured_image":false,"footnotes":""},"class_list":["post-2421","page","type-page","status-publish","hentry"],"acf":[],"yoast_head":"<!-- This site is optimized with the Yoast SEO plugin v27.4 - https:\/\/yoast.com\/product\/yoast-seo-wordpress\/ -->\n<title>Admission -<\/title>\n<meta name=\"robots\" content=\"index, follow, max-snippet:-1, max-image-preview:large, max-video-preview:-1\" \/>\n<link rel=\"canonical\" href=\"https:\/\/cssst.gouv.qc.ca\/adultes\/admission\/\" \/>\n<meta property=\"og:locale\" content=\"fr_CA\" \/>\n<meta property=\"og:type\" content=\"article\" \/>\n<meta property=\"og:title\" content=\"Admission -\" \/>\n<meta property=\"og:description\" content=\"Admission Admission en formation professionnelle Envie d\u2019apprendre un m\u00e9tier concret, d\u2019acqu\u00e9rir des comp\u00e9tences recherch\u00e9es et de passer rapidement \u00e0 l\u2019action? La formation professionnelle est une voie accessible, pratique et reconnue qui m\u00e8ne directement vers le march\u00e9 du travail. Que vous soyez en r\u00e9orientation, en retour aux \u00e9tudes ou pr\u00eat \u00e0 transformer votre passion en m\u00e9tier, [&hellip;]\" \/>\n<meta property=\"og:url\" content=\"https:\/\/cssst.gouv.qc.ca\/adultes\/admission\/\" \/>\n<meta property=\"article:publisher\" content=\"https:\/\/www.facebook.com\/CFPEAST?locale=fr_CA\" \/>\n<meta property=\"article:modified_time\" content=\"2026-03-26T15:48:46+00:00\" \/>\n<meta property=\"og:image\" content=\"https:\/\/cssst.gouv.qc.ca\/adultes\/wp-content\/uploads\/sites\/2\/2025\/04\/Centre-Bernard-Gariepy-47-scaled.jpg\" \/>\n\t<meta property=\"og:image:width\" content=\"2560\" \/>\n\t<meta property=\"og:image:height\" content=\"2014\" \/>\n\t<meta property=\"og:image:type\" content=\"image\/jpeg\" \/>\n<meta name=\"twitter:card\" content=\"summary_large_image\" \/>\n<meta name=\"twitter:label1\" content=\"Estimation du temps de lecture\" \/>\n\t<meta name=\"twitter:data1\" content=\"2 minutes\" \/>\n<script type=\"application\/ld+json\" class=\"yoast-schema-graph\">{\"@context\":\"https:\\\/\\\/schema.org\",\"@graph\":[{\"@type\":\"WebPage\",\"@id\":\"https:\\\/\\\/cssst.gouv.qc.ca\\\/adultes\\\/admission\\\/\",\"url\":\"https:\\\/\\\/cssst.gouv.qc.ca\\\/adultes\\\/admission\\\/\",\"name\":\"Admission -\",\"isPartOf\":{\"@id\":\"https:\\\/\\\/cssst.gouv.qc.ca\\\/adultes\\\/#website\"},\"primaryImageOfPage\":{\"@id\":\"https:\\\/\\\/cssst.gouv.qc.ca\\\/adultes\\\/admission\\\/#primaryimage\"},\"image\":{\"@id\":\"https:\\\/\\\/cssst.gouv.qc.ca\\\/adultes\\\/admission\\\/#primaryimage\"},\"thumbnailUrl\":\"https:\\\/\\\/cssst.gouv.qc.ca\\\/adultes\\\/wp-content\\\/uploads\\\/sites\\\/2\\\/2025\\\/04\\\/Centre-Bernard-Gariepy-47-scaled.jpg\",\"datePublished\":\"2025-04-23T19:30:00+00:00\",\"dateModified\":\"2026-03-26T15:48:46+00:00\",\"breadcrumb\":{\"@id\":\"https:\\\/\\\/cssst.gouv.qc.ca\\\/adultes\\\/admission\\\/#breadcrumb\"},\"inLanguage\":\"fr-CA\",\"potentialAction\":[{\"@type\":\"ReadAction\",\"target\":[\"https:\\\/\\\/cssst.gouv.qc.ca\\\/adultes\\\/admission\\\/\"]}]},{\"@type\":\"ImageObject\",\"inLanguage\":\"fr-CA\",\"@id\":\"https:\\\/\\\/cssst.gouv.qc.ca\\\/adultes\\\/admission\\\/#primaryimage\",\"url\":\"https:\\\/\\\/cssst.gouv.qc.ca\\\/adultes\\\/wp-content\\\/uploads\\\/sites\\\/2\\\/2025\\\/04\\\/Centre-Bernard-Gariepy-47-scaled.jpg\",\"contentUrl\":\"https:\\\/\\\/cssst.gouv.qc.ca\\\/adultes\\\/wp-content\\\/uploads\\\/sites\\\/2\\\/2025\\\/04\\\/Centre-Bernard-Gariepy-47-scaled.jpg\",\"width\":2560,\"height\":2014},{\"@type\":\"BreadcrumbList\",\"@id\":\"https:\\\/\\\/cssst.gouv.qc.ca\\\/adultes\\\/admission\\\/#breadcrumb\",\"itemListElement\":[{\"@type\":\"ListItem\",\"position\":1,\"name\":\"Accueil\",\"item\":\"https:\\\/\\\/cssst.gouv.qc.ca\\\/adultes\\\/\"},{\"@type\":\"ListItem\",\"position\":2,\"name\":\"Admission\"}]},{\"@type\":\"WebSite\",\"@id\":\"https:\\\/\\\/cssst.gouv.qc.ca\\\/adultes\\\/#website\",\"url\":\"https:\\\/\\\/cssst.gouv.qc.ca\\\/adultes\\\/\",\"name\":\"\",\"description\":\"\",\"potentialAction\":[{\"@type\":\"SearchAction\",\"target\":{\"@type\":\"EntryPoint\",\"urlTemplate\":\"https:\\\/\\\/cssst.gouv.qc.ca\\\/adultes\\\/?s={search_term_string}\"},\"query-input\":{\"@type\":\"PropertyValueSpecification\",\"valueRequired\":true,\"valueName\":\"search_term_string\"}}],\"inLanguage\":\"fr-CA\"}]}<\/script>\n<!-- \/ Yoast SEO plugin. -->","yoast_head_json":{"title":"Admission -","robots":{"index":"index","follow":"follow","max-snippet":"max-snippet:-1","max-image-preview":"max-image-preview:large","max-video-preview":"max-video-preview:-1"},"canonical":"https:\/\/cssst.gouv.qc.ca\/adultes\/admission\/","og_locale":"fr_CA","og_type":"article","og_title":"Admission -","og_description":"Admission Admission en formation professionnelle Envie d\u2019apprendre un m\u00e9tier concret, d\u2019acqu\u00e9rir des comp\u00e9tences recherch\u00e9es et de passer rapidement \u00e0 l\u2019action? La formation professionnelle est une voie accessible, pratique et reconnue qui m\u00e8ne directement vers le march\u00e9 du travail. Que vous soyez en r\u00e9orientation, en retour aux \u00e9tudes ou pr\u00eat \u00e0 transformer votre passion en m\u00e9tier, [&hellip;]","og_url":"https:\/\/cssst.gouv.qc.ca\/adultes\/admission\/","article_publisher":"https:\/\/www.facebook.com\/CFPEAST?locale=fr_CA","article_modified_time":"2026-03-26T15:48:46+00:00","og_image":[{"width":2560,"height":2014,"url":"https:\/\/cssst.gouv.qc.ca\/adultes\/wp-content\/uploads\/sites\/2\/2025\/04\/Centre-Bernard-Gariepy-47-scaled.jpg","type":"image\/jpeg"}],"twitter_card":"summary_large_image","twitter_misc":{"Estimation du temps de lecture":"2 minutes"},"schema":{"@context":"https:\/\/schema.org","@graph":[{"@type":"WebPage","@id":"https:\/\/cssst.gouv.qc.ca\/adultes\/admission\/","url":"https:\/\/cssst.gouv.qc.ca\/adultes\/admission\/","name":"Admission -","isPartOf":{"@id":"https:\/\/cssst.gouv.qc.ca\/adultes\/#website"},"primaryImageOfPage":{"@id":"https:\/\/cssst.gouv.qc.ca\/adultes\/admission\/#primaryimage"},"image":{"@id":"https:\/\/cssst.gouv.qc.ca\/adultes\/admission\/#primaryimage"},"thumbnailUrl":"https:\/\/cssst.gouv.qc.ca\/adultes\/wp-content\/uploads\/sites\/2\/2025\/04\/Centre-Bernard-Gariepy-47-scaled.jpg","datePublished":"2025-04-23T19:30:00+00:00","dateModified":"2026-03-26T15:48:46+00:00","breadcrumb":{"@id":"https:\/\/cssst.gouv.qc.ca\/adultes\/admission\/#breadcrumb"},"inLanguage":"fr-CA","potentialAction":[{"@type":"ReadAction","target":["https:\/\/cssst.gouv.qc.ca\/adultes\/admission\/"]}]},{"@type":"ImageObject","inLanguage":"fr-CA","@id":"https:\/\/cssst.gouv.qc.ca\/adultes\/admission\/#primaryimage","url":"https:\/\/cssst.gouv.qc.ca\/adultes\/wp-content\/uploads\/sites\/2\/2025\/04\/Centre-Bernard-Gariepy-47-scaled.jpg","contentUrl":"https:\/\/cssst.gouv.qc.ca\/adultes\/wp-content\/uploads\/sites\/2\/2025\/04\/Centre-Bernard-Gariepy-47-scaled.jpg","width":2560,"height":2014},{"@type":"BreadcrumbList","@id":"https:\/\/cssst.gouv.qc.ca\/adultes\/admission\/#breadcrumb","itemListElement":[{"@type":"ListItem","position":1,"name":"Accueil","item":"https:\/\/cssst.gouv.qc.ca\/adultes\/"},{"@type":"ListItem","position":2,"name":"Admission"}]},{"@type":"WebSite","@id":"https:\/\/cssst.gouv.qc.ca\/adultes\/#website","url":"https:\/\/cssst.gouv.qc.ca\/adultes\/","name":"","description":"","potentialAction":[{"@type":"SearchAction","target":{"@type":"EntryPoint","urlTemplate":"https:\/\/cssst.gouv.qc.ca\/adultes\/?s={search_term_string}"},"query-input":{"@type":"PropertyValueSpecification","valueRequired":true,"valueName":"search_term_string"}}],"inLanguage":"fr-CA"}]}},"_links":{"self":[{"href":"https:\/\/cssst.gouv.qc.ca\/adultes\/wp-json\/wp\/v2\/pages\/2421","targetHints":{"allow":["GET"]}}],"collection":[{"href":"https:\/\/cssst.gouv.qc.ca\/adultes\/wp-json\/wp\/v2\/pages"}],"about":[{"href":"https:\/\/cssst.gouv.qc.ca\/adultes\/wp-json\/wp\/v2\/types\/page"}],"author":[{"embeddable":true,"href":"https:\/\/cssst.gouv.qc.ca\/adultes\/wp-json\/wp\/v2\/users\/6"}],"replies":[{"embeddable":true,"href":"https:\/\/cssst.gouv.qc.ca\/adultes\/wp-json\/wp\/v2\/comments?post=2421"}],"version-history":[{"count":0,"href":"https:\/\/cssst.gouv.qc.ca\/adultes\/wp-json\/wp\/v2\/pages\/2421\/revisions"}],"wp:attachment":[{"href":"https:\/\/cssst.gouv.qc.ca\/adultes\/wp-json\/wp\/v2\/media?parent=2421"}],"curies":[{"name":"wp","href":"https:\/\/api.w.org\/{rel}","templated":true}]}}