{"id":236,"date":"2023-02-06T17:59:37","date_gmt":"2023-02-06T17:59:37","guid":{"rendered":"https:\/\/cssst.gouv.qc.ca\/adultes\/services-a-leleve\/transport\/"},"modified":"2026-03-26T13:41:49","modified_gmt":"2026-03-26T13:41:49","slug":"transport","status":"publish","type":"page","link":"https:\/\/cssst.gouv.qc.ca\/adultes\/services-a-leleve\/transport\/","title":{"rendered":"Transport"},"content":{"rendered":"\n<p><\/p>\n\n\n\n<p><strong>Acc\u00e9dez facilement \u00e0 nos Centres de formation! <\/strong><\/p>\n\n\n\n<p>Il existe plusieurs <strong>moyens de transport<\/strong> pour se rendre dans nos centres:<\/p>\n\n\n\n<p><a href=\"https:\/\/stcpierredesaurel.ca\/\" target=\"_blank\" rel=\"noreferrer noopener\">Soci\u00e9t\u00e9 de transport collectif Pierre-de Saurel<\/a><\/p>\n\n\n\n<p><a href=\"https:\/\/stcpierredesaurel.ca\/nos-services\/taxibus-regional\/\" target=\"_blank\" rel=\"noreferrer noopener\">Taxibus<\/a><\/p>\n\n\n\n<p><a href=\"https:\/\/stcpierredesaurel.ca\/nos-services\/circuits-express\/\" target=\"_blank\" rel=\"noreferrer noopener\">Transport interr\u00e9gional (Longueuil)<\/a><\/p>\n\n\n\n<p><a href=\"https:\/\/www.traversiers.com\/fr\/nos-traverses\/traverse-sorel-tracy-saint-ignace-de-loyola\/horaire\" target=\"_blank\" rel=\"noreferrer noopener\">Traversier<\/a><\/p>\n\n\n\n<p>De plus, plusieurs <strong>rabais \u00e9tudiants<\/strong> sont offerts sur tous ces services de transport. Profitez de ces avantages pour vous d\u00e9placer \u00e0 moindre co\u00fbt tout en suivant votre formation chez nous!<br><br><strong>STATIONNEMENT <\/strong><br>Pour pouvoir vous stationner au\u00a0<strong>Centre de formation professionnelle (CFP)<\/strong>\u00a0situ\u00e9 au 2725 bd de Tracy, vous devez vous procurer une\u00a0<strong>vignette de stationnement<\/strong>\u00a0aux SARCA (Service d\u2019accueil, de r\u00e9f\u00e9rence, de conseil et d\u2019accompagnement).<\/p>\n\n\n\n<p>Vous n\u2019avez pas besoin de vignette pour vous stationner au Centre Bernard-Gari\u00e9py. Veuillez ne pas utiliser les stationnements r\u00e9serv\u00e9s aux employ\u00e9s.<\/p>\n","protected":false},"excerpt":{"rendered":"<p>Acc\u00e9dez facilement \u00e0 nos Centres de formation! Il existe plusieurs moyens de transport pour se rendre dans nos centres: Soci\u00e9t\u00e9 de transport collectif Pierre-de Saurel Taxibus Transport interr\u00e9gional (Longueuil) Traversier De plus, plusieurs rabais \u00e9tudiants sont offerts sur tous ces services de transport. Profitez de ces avantages pour vous d\u00e9placer \u00e0 moindre co\u00fbt tout en [&hellip;]<\/p>\n","protected":false},"author":1,"featured_media":0,"parent":214,"menu_order":0,"comment_status":"closed","ping_status":"closed","template":"","meta":{"_acf_changed":false,"inline_featured_image":false,"footnotes":""},"class_list":["post-236","page","type-page","status-publish","hentry"],"acf":[],"yoast_head":"<!-- This site is optimized with the Yoast SEO plugin v27.4 - https:\/\/yoast.com\/product\/yoast-seo-wordpress\/ -->\n<title>Transport -<\/title>\n<meta name=\"robots\" content=\"index, follow, max-snippet:-1, max-image-preview:large, max-video-preview:-1\" \/>\n<link rel=\"canonical\" href=\"https:\/\/cssst.gouv.qc.ca\/adultes\/services-a-leleve\/transport\/\" \/>\n<meta property=\"og:locale\" content=\"fr_CA\" \/>\n<meta property=\"og:type\" content=\"article\" \/>\n<meta property=\"og:title\" content=\"Transport -\" \/>\n<meta property=\"og:description\" content=\"Acc\u00e9dez facilement \u00e0 nos Centres de formation! Il existe plusieurs moyens de transport pour se rendre dans nos centres: Soci\u00e9t\u00e9 de transport collectif Pierre-de Saurel Taxibus Transport interr\u00e9gional (Longueuil) Traversier De plus, plusieurs rabais \u00e9tudiants sont offerts sur tous ces services de transport. Profitez de ces avantages pour vous d\u00e9placer \u00e0 moindre co\u00fbt tout en [&hellip;]\" \/>\n<meta property=\"og:url\" content=\"https:\/\/cssst.gouv.qc.ca\/adultes\/services-a-leleve\/transport\/\" \/>\n<meta property=\"article:publisher\" content=\"https:\/\/www.facebook.com\/CFPEAST?locale=fr_CA\" \/>\n<meta property=\"article:modified_time\" content=\"2026-03-26T13:41:49+00:00\" \/>\n<meta name=\"twitter:card\" content=\"summary_large_image\" \/>\n<meta name=\"twitter:label1\" content=\"Estimation du temps de lecture\" \/>\n\t<meta name=\"twitter:data1\" content=\"1 minute\" \/>\n<script type=\"application\/ld+json\" class=\"yoast-schema-graph\">{\"@context\":\"https:\\\/\\\/schema.org\",\"@graph\":[{\"@type\":\"WebPage\",\"@id\":\"https:\\\/\\\/cssst.gouv.qc.ca\\\/adultes\\\/services-a-leleve\\\/transport\\\/\",\"url\":\"https:\\\/\\\/cssst.gouv.qc.ca\\\/adultes\\\/services-a-leleve\\\/transport\\\/\",\"name\":\"Transport -\",\"isPartOf\":{\"@id\":\"https:\\\/\\\/cssst.gouv.qc.ca\\\/adultes\\\/#website\"},\"datePublished\":\"2023-02-06T17:59:37+00:00\",\"dateModified\":\"2026-03-26T13:41:49+00:00\",\"breadcrumb\":{\"@id\":\"https:\\\/\\\/cssst.gouv.qc.ca\\\/adultes\\\/services-a-leleve\\\/transport\\\/#breadcrumb\"},\"inLanguage\":\"fr-CA\",\"potentialAction\":[{\"@type\":\"ReadAction\",\"target\":[\"https:\\\/\\\/cssst.gouv.qc.ca\\\/adultes\\\/services-a-leleve\\\/transport\\\/\"]}]},{\"@type\":\"BreadcrumbList\",\"@id\":\"https:\\\/\\\/cssst.gouv.qc.ca\\\/adultes\\\/services-a-leleve\\\/transport\\\/#breadcrumb\",\"itemListElement\":[{\"@type\":\"ListItem\",\"position\":1,\"name\":\"Accueil\",\"item\":\"https:\\\/\\\/cssst.gouv.qc.ca\\\/adultes\\\/\"},{\"@type\":\"ListItem\",\"position\":2,\"name\":\"Services \u00e0 l&rsquo;\u00e9l\u00e8ve\",\"item\":\"https:\\\/\\\/cssst.gouv.qc.ca\\\/adultes\\\/services-a-leleve\\\/\"},{\"@type\":\"ListItem\",\"position\":3,\"name\":\"Transport\"}]},{\"@type\":\"WebSite\",\"@id\":\"https:\\\/\\\/cssst.gouv.qc.ca\\\/adultes\\\/#website\",\"url\":\"https:\\\/\\\/cssst.gouv.qc.ca\\\/adultes\\\/\",\"name\":\"\",\"description\":\"\",\"potentialAction\":[{\"@type\":\"SearchAction\",\"target\":{\"@type\":\"EntryPoint\",\"urlTemplate\":\"https:\\\/\\\/cssst.gouv.qc.ca\\\/adultes\\\/?s={search_term_string}\"},\"query-input\":{\"@type\":\"PropertyValueSpecification\",\"valueRequired\":true,\"valueName\":\"search_term_string\"}}],\"inLanguage\":\"fr-CA\"}]}<\/script>\n<!-- \/ Yoast SEO plugin. -->","yoast_head_json":{"title":"Transport -","robots":{"index":"index","follow":"follow","max-snippet":"max-snippet:-1","max-image-preview":"max-image-preview:large","max-video-preview":"max-video-preview:-1"},"canonical":"https:\/\/cssst.gouv.qc.ca\/adultes\/services-a-leleve\/transport\/","og_locale":"fr_CA","og_type":"article","og_title":"Transport -","og_description":"Acc\u00e9dez facilement \u00e0 nos Centres de formation! Il existe plusieurs moyens de transport pour se rendre dans nos centres: Soci\u00e9t\u00e9 de transport collectif Pierre-de Saurel Taxibus Transport interr\u00e9gional (Longueuil) Traversier De plus, plusieurs rabais \u00e9tudiants sont offerts sur tous ces services de transport. Profitez de ces avantages pour vous d\u00e9placer \u00e0 moindre co\u00fbt tout en [&hellip;]","og_url":"https:\/\/cssst.gouv.qc.ca\/adultes\/services-a-leleve\/transport\/","article_publisher":"https:\/\/www.facebook.com\/CFPEAST?locale=fr_CA","article_modified_time":"2026-03-26T13:41:49+00:00","twitter_card":"summary_large_image","twitter_misc":{"Estimation du temps de lecture":"1 minute"},"schema":{"@context":"https:\/\/schema.org","@graph":[{"@type":"WebPage","@id":"https:\/\/cssst.gouv.qc.ca\/adultes\/services-a-leleve\/transport\/","url":"https:\/\/cssst.gouv.qc.ca\/adultes\/services-a-leleve\/transport\/","name":"Transport -","isPartOf":{"@id":"https:\/\/cssst.gouv.qc.ca\/adultes\/#website"},"datePublished":"2023-02-06T17:59:37+00:00","dateModified":"2026-03-26T13:41:49+00:00","breadcrumb":{"@id":"https:\/\/cssst.gouv.qc.ca\/adultes\/services-a-leleve\/transport\/#breadcrumb"},"inLanguage":"fr-CA","potentialAction":[{"@type":"ReadAction","target":["https:\/\/cssst.gouv.qc.ca\/adultes\/services-a-leleve\/transport\/"]}]},{"@type":"BreadcrumbList","@id":"https:\/\/cssst.gouv.qc.ca\/adultes\/services-a-leleve\/transport\/#breadcrumb","itemListElement":[{"@type":"ListItem","position":1,"name":"Accueil","item":"https:\/\/cssst.gouv.qc.ca\/adultes\/"},{"@type":"ListItem","position":2,"name":"Services \u00e0 l&rsquo;\u00e9l\u00e8ve","item":"https:\/\/cssst.gouv.qc.ca\/adultes\/services-a-leleve\/"},{"@type":"ListItem","position":3,"name":"Transport"}]},{"@type":"WebSite","@id":"https:\/\/cssst.gouv.qc.ca\/adultes\/#website","url":"https:\/\/cssst.gouv.qc.ca\/adultes\/","name":"","description":"","potentialAction":[{"@type":"SearchAction","target":{"@type":"EntryPoint","urlTemplate":"https:\/\/cssst.gouv.qc.ca\/adultes\/?s={search_term_string}"},"query-input":{"@type":"PropertyValueSpecification","valueRequired":true,"valueName":"search_term_string"}}],"inLanguage":"fr-CA"}]}},"_links":{"self":[{"href":"https:\/\/cssst.gouv.qc.ca\/adultes\/wp-json\/wp\/v2\/pages\/236","targetHints":{"allow":["GET"]}}],"collection":[{"href":"https:\/\/cssst.gouv.qc.ca\/adultes\/wp-json\/wp\/v2\/pages"}],"about":[{"href":"https:\/\/cssst.gouv.qc.ca\/adultes\/wp-json\/wp\/v2\/types\/page"}],"author":[{"embeddable":true,"href":"https:\/\/cssst.gouv.qc.ca\/adultes\/wp-json\/wp\/v2\/users\/1"}],"replies":[{"embeddable":true,"href":"https:\/\/cssst.gouv.qc.ca\/adultes\/wp-json\/wp\/v2\/comments?post=236"}],"version-history":[{"count":0,"href":"https:\/\/cssst.gouv.qc.ca\/adultes\/wp-json\/wp\/v2\/pages\/236\/revisions"}],"up":[{"embeddable":true,"href":"https:\/\/cssst.gouv.qc.ca\/adultes\/wp-json\/wp\/v2\/pages\/214"}],"wp:attachment":[{"href":"https:\/\/cssst.gouv.qc.ca\/adultes\/wp-json\/wp\/v2\/media?parent=236"}],"curies":[{"name":"wp","href":"https:\/\/api.w.org\/{rel}","templated":true}]}}