{"id":221,"date":"2023-02-06T17:59:21","date_gmt":"2023-02-06T17:59:21","guid":{"rendered":"https:\/\/cssst.gouv.qc.ca\/adultes\/services-a-leleve\/cafeteria\/"},"modified":"2026-03-26T13:40:09","modified_gmt":"2026-03-26T13:40:09","slug":"cafeteria","status":"publish","type":"page","link":"https:\/\/cssst.gouv.qc.ca\/adultes\/services-a-leleve\/cafeteria\/","title":{"rendered":"Service de caf\u00e9t\u00e9ria"},"content":{"rendered":"\n<div class=\"wp-block-cover alignfull\"><img loading=\"lazy\" decoding=\"async\" width=\"2560\" height=\"1920\" class=\"wp-block-cover__image-background wp-image-2052\" alt=\"\" src=\"https:\/\/cssst.gouv.qc.ca\/adultes\/wp-content\/uploads\/sites\/2\/2025\/04\/AYA02369-edited-scaled.jpg\" style=\"object-position:58% 25%\" data-object-fit=\"cover\" data-object-position=\"58% 25%\" srcset=\"https:\/\/cssst.gouv.qc.ca\/adultes\/wp-content\/uploads\/sites\/2\/2025\/04\/AYA02369-edited-scaled.jpg 2560w, https:\/\/cssst.gouv.qc.ca\/adultes\/wp-content\/uploads\/sites\/2\/2025\/04\/AYA02369-edited-300x225.jpg 300w, https:\/\/cssst.gouv.qc.ca\/adultes\/wp-content\/uploads\/sites\/2\/2025\/04\/AYA02369-edited-1024x768.jpg 1024w, https:\/\/cssst.gouv.qc.ca\/adultes\/wp-content\/uploads\/sites\/2\/2025\/04\/AYA02369-edited-768x576.jpg 768w, https:\/\/cssst.gouv.qc.ca\/adultes\/wp-content\/uploads\/sites\/2\/2025\/04\/AYA02369-edited-1536x1152.jpg 1536w, https:\/\/cssst.gouv.qc.ca\/adultes\/wp-content\/uploads\/sites\/2\/2025\/04\/AYA02369-edited-2048x1536.jpg 2048w\" sizes=\"auto, (max-width: 2560px) 100vw, 2560px\" \/><span aria-hidden=\"true\" class=\"wp-block-cover__background has-background-dim\"><\/span><div class=\"wp-block-cover__inner-container\">\n<h2 class=\"wp-block-heading has-text-align-center has-large-font-size\">Service de caf\u00e9t\u00e9ria<\/h2>\n<\/div><\/div>\n\n\n\n<div class=\"wp-block-group alignfull has-padding-y-large has-tertiary-background-color has-background\"><div class=\"yoast-breadcrumbs alignwide \"><span class=\"breadcrumbs\"><a href=\"https:\/\/cssst.gouv.qc.ca\/adultes\/\" class=\"breadcrumbs__element\">Accueil<\/a> <span class=\"breadcrumbs__separator\">\n        <svg class=\"icon icon-breadcrumb__separator\"><use xlink:href=\"#icon-breadcrumb__separator\"><\/use><\/svg>\n    <\/span> <a href=\"https:\/\/cssst.gouv.qc.ca\/adultes\/services-a-leleve\/\" class=\"breadcrumbs__element\">Services \u00e0 l&rsquo;\u00e9l\u00e8ve<\/a> <span class=\"breadcrumbs__separator\">\n        <svg class=\"icon icon-breadcrumb__separator\"><use xlink:href=\"#icon-breadcrumb__separator\"><\/use><\/svg>\n    <\/span> <span class=\"breadcrumbs__element breadcrumbs__element-current\">Service de caf\u00e9t\u00e9ria<\/span><\/span><\/div><\/div>\n\n\n\n<p><\/p>\n\n\n\n<p>\u27a1\ufe0f<strong>Centre Bernard-Gari\u00e9py (CBG)<\/strong><br><br>Que ce soit pour d\u00e9jeuner, d\u00eener ou tout simplement prendre un caf\u00e9,<strong> le Caf\u00e9 CBG au Centre Bernard-Gari\u00e9py <\/strong>est ouvert du lundi au vendredi d\u00e8s 7 h 30. Une ambiance agr\u00e9able o\u00f9 passer l&rsquo;heure du lunch entre amis!<\/p>\n\n\n\n<p><strong>\u2757\ufe0f \u00c0 noter qu&rsquo;en raison de travaux, le service de caf\u00e9t\u00e9ria est temporairement indisponible.<\/strong>\u2757\ufe0f<br><br><\/p>\n","protected":false},"excerpt":{"rendered":"<p>\u27a1\ufe0fCentre Bernard-Gari\u00e9py (CBG) Que ce soit pour d\u00e9jeuner, d\u00eener ou tout simplement prendre un caf\u00e9, le Caf\u00e9 CBG au Centre Bernard-Gari\u00e9py est ouvert du lundi au vendredi d\u00e8s 7 h 30. Une ambiance agr\u00e9able o\u00f9 passer l&rsquo;heure du lunch entre amis! \u2757\ufe0f \u00c0 noter qu&rsquo;en raison de travaux, le service de caf\u00e9t\u00e9ria est temporairement indisponible.\u2757\ufe0f<\/p>\n","protected":false},"author":1,"featured_media":0,"parent":214,"menu_order":0,"comment_status":"closed","ping_status":"closed","template":"","meta":{"_acf_changed":false,"inline_featured_image":false,"footnotes":""},"class_list":["post-221","page","type-page","status-publish","hentry"],"acf":[],"yoast_head":"<!-- This site is optimized with the Yoast SEO plugin v27.4 - https:\/\/yoast.com\/product\/yoast-seo-wordpress\/ -->\n<title>Service de caf\u00e9t\u00e9ria -<\/title>\n<meta name=\"robots\" content=\"index, follow, max-snippet:-1, max-image-preview:large, max-video-preview:-1\" \/>\n<link rel=\"canonical\" href=\"https:\/\/cssst.gouv.qc.ca\/adultes\/services-a-leleve\/cafeteria\/\" \/>\n<meta property=\"og:locale\" content=\"fr_CA\" \/>\n<meta property=\"og:type\" content=\"article\" \/>\n<meta property=\"og:title\" content=\"Service de caf\u00e9t\u00e9ria -\" \/>\n<meta property=\"og:description\" content=\"\u27a1\ufe0fCentre Bernard-Gari\u00e9py (CBG) Que ce soit pour d\u00e9jeuner, d\u00eener ou tout simplement prendre un caf\u00e9, le Caf\u00e9 CBG au Centre Bernard-Gari\u00e9py est ouvert du lundi au vendredi d\u00e8s 7 h 30. Une ambiance agr\u00e9able o\u00f9 passer l&rsquo;heure du lunch entre amis! \u2757\ufe0f \u00c0 noter qu&rsquo;en raison de travaux, le service de caf\u00e9t\u00e9ria est temporairement indisponible.\u2757\ufe0f\" \/>\n<meta property=\"og:url\" content=\"https:\/\/cssst.gouv.qc.ca\/adultes\/services-a-leleve\/cafeteria\/\" \/>\n<meta property=\"article:publisher\" content=\"https:\/\/www.facebook.com\/CFPEAST?locale=fr_CA\" \/>\n<meta property=\"article:modified_time\" content=\"2026-03-26T13:40:09+00:00\" \/>\n<meta property=\"og:image\" content=\"https:\/\/cssst.gouv.qc.ca\/adultes\/wp-content\/uploads\/sites\/2\/2025\/04\/AYA02369-edited-scaled.jpg\" \/>\n\t<meta property=\"og:image:width\" content=\"2560\" \/>\n\t<meta property=\"og:image:height\" content=\"1920\" \/>\n\t<meta property=\"og:image:type\" content=\"image\/jpeg\" \/>\n<meta name=\"twitter:card\" content=\"summary_large_image\" \/>\n<meta name=\"twitter:label1\" content=\"Estimation du temps de lecture\" \/>\n\t<meta name=\"twitter:data1\" content=\"1 minute\" \/>\n<script type=\"application\/ld+json\" class=\"yoast-schema-graph\">{\"@context\":\"https:\\\/\\\/schema.org\",\"@graph\":[{\"@type\":\"WebPage\",\"@id\":\"https:\\\/\\\/cssst.gouv.qc.ca\\\/adultes\\\/services-a-leleve\\\/cafeteria\\\/\",\"url\":\"https:\\\/\\\/cssst.gouv.qc.ca\\\/adultes\\\/services-a-leleve\\\/cafeteria\\\/\",\"name\":\"Service de caf\u00e9t\u00e9ria -\",\"isPartOf\":{\"@id\":\"https:\\\/\\\/cssst.gouv.qc.ca\\\/adultes\\\/#website\"},\"primaryImageOfPage\":{\"@id\":\"https:\\\/\\\/cssst.gouv.qc.ca\\\/adultes\\\/services-a-leleve\\\/cafeteria\\\/#primaryimage\"},\"image\":{\"@id\":\"https:\\\/\\\/cssst.gouv.qc.ca\\\/adultes\\\/services-a-leleve\\\/cafeteria\\\/#primaryimage\"},\"thumbnailUrl\":\"https:\\\/\\\/cssst.gouv.qc.ca\\\/adultes\\\/wp-content\\\/uploads\\\/sites\\\/2\\\/2025\\\/04\\\/AYA02369-edited-scaled.jpg\",\"datePublished\":\"2023-02-06T17:59:21+00:00\",\"dateModified\":\"2026-03-26T13:40:09+00:00\",\"breadcrumb\":{\"@id\":\"https:\\\/\\\/cssst.gouv.qc.ca\\\/adultes\\\/services-a-leleve\\\/cafeteria\\\/#breadcrumb\"},\"inLanguage\":\"fr-CA\",\"potentialAction\":[{\"@type\":\"ReadAction\",\"target\":[\"https:\\\/\\\/cssst.gouv.qc.ca\\\/adultes\\\/services-a-leleve\\\/cafeteria\\\/\"]}]},{\"@type\":\"ImageObject\",\"inLanguage\":\"fr-CA\",\"@id\":\"https:\\\/\\\/cssst.gouv.qc.ca\\\/adultes\\\/services-a-leleve\\\/cafeteria\\\/#primaryimage\",\"url\":\"https:\\\/\\\/cssst.gouv.qc.ca\\\/adultes\\\/wp-content\\\/uploads\\\/sites\\\/2\\\/2025\\\/04\\\/AYA02369-edited-scaled.jpg\",\"contentUrl\":\"https:\\\/\\\/cssst.gouv.qc.ca\\\/adultes\\\/wp-content\\\/uploads\\\/sites\\\/2\\\/2025\\\/04\\\/AYA02369-edited-scaled.jpg\",\"width\":2560,\"height\":1920},{\"@type\":\"BreadcrumbList\",\"@id\":\"https:\\\/\\\/cssst.gouv.qc.ca\\\/adultes\\\/services-a-leleve\\\/cafeteria\\\/#breadcrumb\",\"itemListElement\":[{\"@type\":\"ListItem\",\"position\":1,\"name\":\"Accueil\",\"item\":\"https:\\\/\\\/cssst.gouv.qc.ca\\\/adultes\\\/\"},{\"@type\":\"ListItem\",\"position\":2,\"name\":\"Services \u00e0 l&rsquo;\u00e9l\u00e8ve\",\"item\":\"https:\\\/\\\/cssst.gouv.qc.ca\\\/adultes\\\/services-a-leleve\\\/\"},{\"@type\":\"ListItem\",\"position\":3,\"name\":\"Service de caf\u00e9t\u00e9ria\"}]},{\"@type\":\"WebSite\",\"@id\":\"https:\\\/\\\/cssst.gouv.qc.ca\\\/adultes\\\/#website\",\"url\":\"https:\\\/\\\/cssst.gouv.qc.ca\\\/adultes\\\/\",\"name\":\"\",\"description\":\"\",\"potentialAction\":[{\"@type\":\"SearchAction\",\"target\":{\"@type\":\"EntryPoint\",\"urlTemplate\":\"https:\\\/\\\/cssst.gouv.qc.ca\\\/adultes\\\/?s={search_term_string}\"},\"query-input\":{\"@type\":\"PropertyValueSpecification\",\"valueRequired\":true,\"valueName\":\"search_term_string\"}}],\"inLanguage\":\"fr-CA\"}]}<\/script>\n<!-- \/ Yoast SEO plugin. -->","yoast_head_json":{"title":"Service de caf\u00e9t\u00e9ria -","robots":{"index":"index","follow":"follow","max-snippet":"max-snippet:-1","max-image-preview":"max-image-preview:large","max-video-preview":"max-video-preview:-1"},"canonical":"https:\/\/cssst.gouv.qc.ca\/adultes\/services-a-leleve\/cafeteria\/","og_locale":"fr_CA","og_type":"article","og_title":"Service de caf\u00e9t\u00e9ria -","og_description":"\u27a1\ufe0fCentre Bernard-Gari\u00e9py (CBG) Que ce soit pour d\u00e9jeuner, d\u00eener ou tout simplement prendre un caf\u00e9, le Caf\u00e9 CBG au Centre Bernard-Gari\u00e9py est ouvert du lundi au vendredi d\u00e8s 7 h 30. Une ambiance agr\u00e9able o\u00f9 passer l&rsquo;heure du lunch entre amis! \u2757\ufe0f \u00c0 noter qu&rsquo;en raison de travaux, le service de caf\u00e9t\u00e9ria est temporairement indisponible.\u2757\ufe0f","og_url":"https:\/\/cssst.gouv.qc.ca\/adultes\/services-a-leleve\/cafeteria\/","article_publisher":"https:\/\/www.facebook.com\/CFPEAST?locale=fr_CA","article_modified_time":"2026-03-26T13:40:09+00:00","og_image":[{"width":2560,"height":1920,"url":"https:\/\/cssst.gouv.qc.ca\/adultes\/wp-content\/uploads\/sites\/2\/2025\/04\/AYA02369-edited-scaled.jpg","type":"image\/jpeg"}],"twitter_card":"summary_large_image","twitter_misc":{"Estimation du temps de lecture":"1 minute"},"schema":{"@context":"https:\/\/schema.org","@graph":[{"@type":"WebPage","@id":"https:\/\/cssst.gouv.qc.ca\/adultes\/services-a-leleve\/cafeteria\/","url":"https:\/\/cssst.gouv.qc.ca\/adultes\/services-a-leleve\/cafeteria\/","name":"Service de caf\u00e9t\u00e9ria -","isPartOf":{"@id":"https:\/\/cssst.gouv.qc.ca\/adultes\/#website"},"primaryImageOfPage":{"@id":"https:\/\/cssst.gouv.qc.ca\/adultes\/services-a-leleve\/cafeteria\/#primaryimage"},"image":{"@id":"https:\/\/cssst.gouv.qc.ca\/adultes\/services-a-leleve\/cafeteria\/#primaryimage"},"thumbnailUrl":"https:\/\/cssst.gouv.qc.ca\/adultes\/wp-content\/uploads\/sites\/2\/2025\/04\/AYA02369-edited-scaled.jpg","datePublished":"2023-02-06T17:59:21+00:00","dateModified":"2026-03-26T13:40:09+00:00","breadcrumb":{"@id":"https:\/\/cssst.gouv.qc.ca\/adultes\/services-a-leleve\/cafeteria\/#breadcrumb"},"inLanguage":"fr-CA","potentialAction":[{"@type":"ReadAction","target":["https:\/\/cssst.gouv.qc.ca\/adultes\/services-a-leleve\/cafeteria\/"]}]},{"@type":"ImageObject","inLanguage":"fr-CA","@id":"https:\/\/cssst.gouv.qc.ca\/adultes\/services-a-leleve\/cafeteria\/#primaryimage","url":"https:\/\/cssst.gouv.qc.ca\/adultes\/wp-content\/uploads\/sites\/2\/2025\/04\/AYA02369-edited-scaled.jpg","contentUrl":"https:\/\/cssst.gouv.qc.ca\/adultes\/wp-content\/uploads\/sites\/2\/2025\/04\/AYA02369-edited-scaled.jpg","width":2560,"height":1920},{"@type":"BreadcrumbList","@id":"https:\/\/cssst.gouv.qc.ca\/adultes\/services-a-leleve\/cafeteria\/#breadcrumb","itemListElement":[{"@type":"ListItem","position":1,"name":"Accueil","item":"https:\/\/cssst.gouv.qc.ca\/adultes\/"},{"@type":"ListItem","position":2,"name":"Services \u00e0 l&rsquo;\u00e9l\u00e8ve","item":"https:\/\/cssst.gouv.qc.ca\/adultes\/services-a-leleve\/"},{"@type":"ListItem","position":3,"name":"Service de caf\u00e9t\u00e9ria"}]},{"@type":"WebSite","@id":"https:\/\/cssst.gouv.qc.ca\/adultes\/#website","url":"https:\/\/cssst.gouv.qc.ca\/adultes\/","name":"","description":"","potentialAction":[{"@type":"SearchAction","target":{"@type":"EntryPoint","urlTemplate":"https:\/\/cssst.gouv.qc.ca\/adultes\/?s={search_term_string}"},"query-input":{"@type":"PropertyValueSpecification","valueRequired":true,"valueName":"search_term_string"}}],"inLanguage":"fr-CA"}]}},"_links":{"self":[{"href":"https:\/\/cssst.gouv.qc.ca\/adultes\/wp-json\/wp\/v2\/pages\/221","targetHints":{"allow":["GET"]}}],"collection":[{"href":"https:\/\/cssst.gouv.qc.ca\/adultes\/wp-json\/wp\/v2\/pages"}],"about":[{"href":"https:\/\/cssst.gouv.qc.ca\/adultes\/wp-json\/wp\/v2\/types\/page"}],"author":[{"embeddable":true,"href":"https:\/\/cssst.gouv.qc.ca\/adultes\/wp-json\/wp\/v2\/users\/1"}],"replies":[{"embeddable":true,"href":"https:\/\/cssst.gouv.qc.ca\/adultes\/wp-json\/wp\/v2\/comments?post=221"}],"version-history":[{"count":0,"href":"https:\/\/cssst.gouv.qc.ca\/adultes\/wp-json\/wp\/v2\/pages\/221\/revisions"}],"up":[{"embeddable":true,"href":"https:\/\/cssst.gouv.qc.ca\/adultes\/wp-json\/wp\/v2\/pages\/214"}],"wp:attachment":[{"href":"https:\/\/cssst.gouv.qc.ca\/adultes\/wp-json\/wp\/v2\/media?parent=221"}],"curies":[{"name":"wp","href":"https:\/\/api.w.org\/{rel}","templated":true}]}}