{"id":216,"date":"2023-02-06T17:59:17","date_gmt":"2023-02-06T17:59:17","guid":{"rendered":"https:\/\/cssst.gouv.qc.ca\/adultes\/services-a-leleve\/retour-aux-etudes-sarca\/"},"modified":"2026-03-26T15:48:56","modified_gmt":"2026-03-26T15:48:56","slug":"retour-aux-etudes-sarca","status":"publish","type":"page","link":"https:\/\/cssst.gouv.qc.ca\/adultes\/retour-aux-etudes-sarca\/","title":{"rendered":"SARCA"},"content":{"rendered":"\n<div class=\"wp-block-cover alignfull is-style-default\"><img loading=\"lazy\" decoding=\"async\" width=\"1024\" height=\"683\" class=\"wp-block-cover__image-background wp-image-2838 size-large\" alt=\"\" src=\"https:\/\/cssst.gouv.qc.ca\/adultes\/wp-content\/uploads\/sites\/2\/2025\/04\/AYA05706-1024x683.jpg\" style=\"object-position:61% 48%\" data-object-fit=\"cover\" data-object-position=\"61% 48%\" srcset=\"https:\/\/cssst.gouv.qc.ca\/adultes\/wp-content\/uploads\/sites\/2\/2025\/04\/AYA05706-1024x683.jpg 1024w, https:\/\/cssst.gouv.qc.ca\/adultes\/wp-content\/uploads\/sites\/2\/2025\/04\/AYA05706-300x200.jpg 300w, https:\/\/cssst.gouv.qc.ca\/adultes\/wp-content\/uploads\/sites\/2\/2025\/04\/AYA05706-768x512.jpg 768w, https:\/\/cssst.gouv.qc.ca\/adultes\/wp-content\/uploads\/sites\/2\/2025\/04\/AYA05706-1536x1025.jpg 1536w, https:\/\/cssst.gouv.qc.ca\/adultes\/wp-content\/uploads\/sites\/2\/2025\/04\/AYA05706-2048x1366.jpg 2048w\" sizes=\"auto, (max-width: 1024px) 100vw, 1024px\" \/><span aria-hidden=\"true\" class=\"wp-block-cover__background has-background-dim\" style=\"background-color:#7f7a72\"><\/span><div class=\"wp-block-cover__inner-container\"><h3 class=\"has-link-color wp-elements-bb58bf9a9852c27fca6797520f7c815a wp-block-post-title has-text-color has-white-color has-heading-1-font-size\">SARCA<\/h3><\/div><\/div>\n\n\n\n<div class=\"wp-block-group alignfull has-padding-y-large has-tertiary-background-color has-background\"><div class=\"yoast-breadcrumbs alignwide \"><span class=\"breadcrumbs\"><a href=\"https:\/\/cssst.gouv.qc.ca\/adultes\/\" class=\"breadcrumbs__element\">Accueil<\/a> <span class=\"breadcrumbs__separator\">\n        <svg class=\"icon icon-breadcrumb__separator\"><use xlink:href=\"#icon-breadcrumb__separator\"><\/use><\/svg>\n    <\/span> <span class=\"breadcrumbs__element breadcrumbs__element-current\">SARCA<\/span><\/span><\/div><\/div>\n\n\n\n<h1 class=\"wp-block-heading\">SARCA<\/h1>\n\n\n\n<p><strong>(Services d&rsquo;accueil, de r\u00e9f\u00e9rence, de conseil et d&rsquo;accompagnement)<\/strong><br><br>Les&nbsp;<strong>SARCA<\/strong>&nbsp;sont des services&nbsp;<strong>GRATUITS&nbsp;<\/strong>d\u2019accompagnement sur mesure, qui vous permettent de mettre en branle un projet et de d\u00e9terminer un plan d\u2019action pour le r\u00e9aliser.<\/p>\n\n\n\n<h2 class=\"wp-block-heading\">Nous vous offrons :<\/h2>\n\n\n\n<ul class=\"wp-block-list\">\n<li>Un service professionnel, de qualit\u00e9 et personnalis\u00e9<\/li>\n\n\n\n<li>Le respect et la confidentialit\u00e9<\/li>\n\n\n\n<li>L\u2019accompagnement tout au long de votre d\u00e9marche<\/li>\n<\/ul>\n\n\n\n<h2 class=\"wp-block-heading\"><strong>Q<\/strong>ui peut en profiter ?<\/h2>\n\n\n\n<ul class=\"wp-block-list\">\n<li>Vous \u00eates \u00e2g\u00e9 de 16 ans et plus<\/li>\n\n\n\n<li>Vous avez amorc\u00e9 une r\u00e9flexion et vous souhaitez vous mettre en action, afin de r\u00e9aliser vos objectifs<\/li>\n\n\n\n<li>Vous ne savez pas par o\u00f9 commencer<\/li>\n<\/ul>\n\n\n\n<h2 class=\"wp-block-heading\"><strong>V<\/strong>ous avez besoin d&rsquo;aide pour :<\/h2>\n\n\n\n<ul class=\"wp-block-list\">\n<li><strong>Faire un retour aux \u00e9tudes? Vous avez des questions sur les programmes de formation? Vous \u00eates concern\u00e9 par la reconnaissance de vos acquis?<br><\/strong>Nous sommes l\u00e0 pour vous aider. Nous pouvons vous proposer une foule d\u2019options de formation auxquelles vous pourrez vous inscrire.<\/li>\n<\/ul>\n\n\n\n<ul class=\"wp-block-list\">\n<li><strong>Orienter votre avenir professionnel?<br><\/strong>Nous pouvons vous aider \u00e0 mieux cerner vos int\u00e9r\u00eats et aptitudes et \u00e0 faire le point sur votre situation pour que vous effectuiez des choix \u00e9clair\u00e9s.<\/li>\n<\/ul>\n\n\n\n<ul class=\"wp-block-list\">\n<li><strong>Trouver un emploi?<br><\/strong>Apr\u00e8s avoir \u00e9valu\u00e9 les diff\u00e9rentes opportunit\u00e9s qui se pr\u00e9sentent \u00e0 vous, nous vous dirigerons vers un organisme oeuvrant en employabilit\u00e9 pour mieux vous aider.<\/li>\n<\/ul>\n\n\n\n<ul class=\"wp-block-list\">\n<li><strong>Trouver la formation de vos r\u00eaves?<br><\/strong>Avec la formule \u00ab\u00a0<strong>\u00c9l\u00e8ve d\u2019un jour\u00a0<\/strong>\u00bb<strong>,\u00a0<\/strong>d\u00e9couvrez des formations professionnelles captivantes.<\/li>\n<\/ul>\n\n\n\n<p><strong>Nous rejoindre:<\/strong><br>\u260e\ufe0f 450 743-1285 poste 4200<br>\ud83d\udce7 sarca@cssst.gouv.qc.ca<br>\ud83c\udfeb 2725 boulevard de Tracy, Sorel-Tracy<br>\ud83d\udd508 h \u00e0 12 h  et de 13 h \u00e0 16 h<\/p>\n","protected":false},"excerpt":{"rendered":"<p>SARCA (Services d&rsquo;accueil, de r\u00e9f\u00e9rence, de conseil et d&rsquo;accompagnement) Les&nbsp;SARCA&nbsp;sont des services&nbsp;GRATUITS&nbsp;d\u2019accompagnement sur mesure, qui vous permettent de mettre en branle un projet et de d\u00e9terminer un plan d\u2019action pour le r\u00e9aliser. Nous vous offrons : Qui peut en profiter ? Vous avez besoin d&rsquo;aide pour : Nous rejoindre:\u260e\ufe0f 450 743-1285 poste 4200\ud83d\udce7 sarca@cssst.gouv.qc.ca\ud83c\udfeb 2725 [&hellip;]<\/p>\n","protected":false},"author":1,"featured_media":0,"parent":0,"menu_order":20,"comment_status":"closed","ping_status":"closed","template":"","meta":{"_acf_changed":false,"inline_featured_image":false,"footnotes":""},"class_list":["post-216","page","type-page","status-publish","hentry"],"acf":[],"yoast_head":"<!-- This site is optimized with the Yoast SEO plugin v27.4 - https:\/\/yoast.com\/product\/yoast-seo-wordpress\/ -->\n<title>SARCA -<\/title>\n<meta name=\"robots\" content=\"index, follow, max-snippet:-1, max-image-preview:large, max-video-preview:-1\" \/>\n<link rel=\"canonical\" href=\"https:\/\/cssst.gouv.qc.ca\/adultes\/retour-aux-etudes-sarca\/\" \/>\n<meta property=\"og:locale\" content=\"fr_CA\" \/>\n<meta property=\"og:type\" content=\"article\" \/>\n<meta property=\"og:title\" content=\"SARCA -\" \/>\n<meta property=\"og:description\" content=\"SARCA (Services d&rsquo;accueil, de r\u00e9f\u00e9rence, de conseil et d&rsquo;accompagnement) Les&nbsp;SARCA&nbsp;sont des services&nbsp;GRATUITS&nbsp;d\u2019accompagnement sur mesure, qui vous permettent de mettre en branle un projet et de d\u00e9terminer un plan d\u2019action pour le r\u00e9aliser. Nous vous offrons : Qui peut en profiter ? Vous avez besoin d&rsquo;aide pour : Nous rejoindre:\u260e\ufe0f 450 743-1285 poste 4200\ud83d\udce7 sarca@cssst.gouv.qc.ca\ud83c\udfeb 2725 [&hellip;]\" \/>\n<meta property=\"og:url\" content=\"https:\/\/cssst.gouv.qc.ca\/adultes\/retour-aux-etudes-sarca\/\" \/>\n<meta property=\"article:publisher\" content=\"https:\/\/www.facebook.com\/CFPEAST?locale=fr_CA\" \/>\n<meta property=\"article:modified_time\" content=\"2026-03-26T15:48:56+00:00\" \/>\n<meta property=\"og:image\" content=\"https:\/\/cssst.gouv.qc.ca\/adultes\/wp-content\/uploads\/sites\/2\/2025\/04\/AYA05706-scaled.jpg\" \/>\n\t<meta property=\"og:image:width\" content=\"2560\" \/>\n\t<meta property=\"og:image:height\" content=\"1708\" \/>\n\t<meta property=\"og:image:type\" content=\"image\/jpeg\" \/>\n<meta name=\"twitter:card\" content=\"summary_large_image\" \/>\n<meta name=\"twitter:label1\" content=\"Estimation du temps de lecture\" \/>\n\t<meta name=\"twitter:data1\" content=\"2 minutes\" \/>\n<script type=\"application\/ld+json\" class=\"yoast-schema-graph\">{\"@context\":\"https:\\\/\\\/schema.org\",\"@graph\":[{\"@type\":\"WebPage\",\"@id\":\"https:\\\/\\\/cssst.gouv.qc.ca\\\/adultes\\\/retour-aux-etudes-sarca\\\/\",\"url\":\"https:\\\/\\\/cssst.gouv.qc.ca\\\/adultes\\\/retour-aux-etudes-sarca\\\/\",\"name\":\"SARCA -\",\"isPartOf\":{\"@id\":\"https:\\\/\\\/cssst.gouv.qc.ca\\\/adultes\\\/#website\"},\"primaryImageOfPage\":{\"@id\":\"https:\\\/\\\/cssst.gouv.qc.ca\\\/adultes\\\/retour-aux-etudes-sarca\\\/#primaryimage\"},\"image\":{\"@id\":\"https:\\\/\\\/cssst.gouv.qc.ca\\\/adultes\\\/retour-aux-etudes-sarca\\\/#primaryimage\"},\"thumbnailUrl\":\"https:\\\/\\\/cssst.gouv.qc.ca\\\/adultes\\\/wp-content\\\/uploads\\\/sites\\\/2\\\/2025\\\/04\\\/AYA05706-1024x683.jpg\",\"datePublished\":\"2023-02-06T17:59:17+00:00\",\"dateModified\":\"2026-03-26T15:48:56+00:00\",\"breadcrumb\":{\"@id\":\"https:\\\/\\\/cssst.gouv.qc.ca\\\/adultes\\\/retour-aux-etudes-sarca\\\/#breadcrumb\"},\"inLanguage\":\"fr-CA\",\"potentialAction\":[{\"@type\":\"ReadAction\",\"target\":[\"https:\\\/\\\/cssst.gouv.qc.ca\\\/adultes\\\/retour-aux-etudes-sarca\\\/\"]}]},{\"@type\":\"ImageObject\",\"inLanguage\":\"fr-CA\",\"@id\":\"https:\\\/\\\/cssst.gouv.qc.ca\\\/adultes\\\/retour-aux-etudes-sarca\\\/#primaryimage\",\"url\":\"https:\\\/\\\/cssst.gouv.qc.ca\\\/adultes\\\/wp-content\\\/uploads\\\/sites\\\/2\\\/2025\\\/04\\\/AYA05706-scaled.jpg\",\"contentUrl\":\"https:\\\/\\\/cssst.gouv.qc.ca\\\/adultes\\\/wp-content\\\/uploads\\\/sites\\\/2\\\/2025\\\/04\\\/AYA05706-scaled.jpg\",\"width\":2560,\"height\":1708},{\"@type\":\"BreadcrumbList\",\"@id\":\"https:\\\/\\\/cssst.gouv.qc.ca\\\/adultes\\\/retour-aux-etudes-sarca\\\/#breadcrumb\",\"itemListElement\":[{\"@type\":\"ListItem\",\"position\":1,\"name\":\"Accueil\",\"item\":\"https:\\\/\\\/cssst.gouv.qc.ca\\\/adultes\\\/\"},{\"@type\":\"ListItem\",\"position\":2,\"name\":\"SARCA\"}]},{\"@type\":\"WebSite\",\"@id\":\"https:\\\/\\\/cssst.gouv.qc.ca\\\/adultes\\\/#website\",\"url\":\"https:\\\/\\\/cssst.gouv.qc.ca\\\/adultes\\\/\",\"name\":\"\",\"description\":\"\",\"potentialAction\":[{\"@type\":\"SearchAction\",\"target\":{\"@type\":\"EntryPoint\",\"urlTemplate\":\"https:\\\/\\\/cssst.gouv.qc.ca\\\/adultes\\\/?s={search_term_string}\"},\"query-input\":{\"@type\":\"PropertyValueSpecification\",\"valueRequired\":true,\"valueName\":\"search_term_string\"}}],\"inLanguage\":\"fr-CA\"}]}<\/script>\n<!-- \/ Yoast SEO plugin. -->","yoast_head_json":{"title":"SARCA -","robots":{"index":"index","follow":"follow","max-snippet":"max-snippet:-1","max-image-preview":"max-image-preview:large","max-video-preview":"max-video-preview:-1"},"canonical":"https:\/\/cssst.gouv.qc.ca\/adultes\/retour-aux-etudes-sarca\/","og_locale":"fr_CA","og_type":"article","og_title":"SARCA -","og_description":"SARCA (Services d&rsquo;accueil, de r\u00e9f\u00e9rence, de conseil et d&rsquo;accompagnement) Les&nbsp;SARCA&nbsp;sont des services&nbsp;GRATUITS&nbsp;d\u2019accompagnement sur mesure, qui vous permettent de mettre en branle un projet et de d\u00e9terminer un plan d\u2019action pour le r\u00e9aliser. Nous vous offrons : Qui peut en profiter ? Vous avez besoin d&rsquo;aide pour : Nous rejoindre:\u260e\ufe0f 450 743-1285 poste 4200\ud83d\udce7 sarca@cssst.gouv.qc.ca\ud83c\udfeb 2725 [&hellip;]","og_url":"https:\/\/cssst.gouv.qc.ca\/adultes\/retour-aux-etudes-sarca\/","article_publisher":"https:\/\/www.facebook.com\/CFPEAST?locale=fr_CA","article_modified_time":"2026-03-26T15:48:56+00:00","og_image":[{"width":2560,"height":1708,"url":"https:\/\/cssst.gouv.qc.ca\/adultes\/wp-content\/uploads\/sites\/2\/2025\/04\/AYA05706-scaled.jpg","type":"image\/jpeg"}],"twitter_card":"summary_large_image","twitter_misc":{"Estimation du temps de lecture":"2 minutes"},"schema":{"@context":"https:\/\/schema.org","@graph":[{"@type":"WebPage","@id":"https:\/\/cssst.gouv.qc.ca\/adultes\/retour-aux-etudes-sarca\/","url":"https:\/\/cssst.gouv.qc.ca\/adultes\/retour-aux-etudes-sarca\/","name":"SARCA -","isPartOf":{"@id":"https:\/\/cssst.gouv.qc.ca\/adultes\/#website"},"primaryImageOfPage":{"@id":"https:\/\/cssst.gouv.qc.ca\/adultes\/retour-aux-etudes-sarca\/#primaryimage"},"image":{"@id":"https:\/\/cssst.gouv.qc.ca\/adultes\/retour-aux-etudes-sarca\/#primaryimage"},"thumbnailUrl":"https:\/\/cssst.gouv.qc.ca\/adultes\/wp-content\/uploads\/sites\/2\/2025\/04\/AYA05706-1024x683.jpg","datePublished":"2023-02-06T17:59:17+00:00","dateModified":"2026-03-26T15:48:56+00:00","breadcrumb":{"@id":"https:\/\/cssst.gouv.qc.ca\/adultes\/retour-aux-etudes-sarca\/#breadcrumb"},"inLanguage":"fr-CA","potentialAction":[{"@type":"ReadAction","target":["https:\/\/cssst.gouv.qc.ca\/adultes\/retour-aux-etudes-sarca\/"]}]},{"@type":"ImageObject","inLanguage":"fr-CA","@id":"https:\/\/cssst.gouv.qc.ca\/adultes\/retour-aux-etudes-sarca\/#primaryimage","url":"https:\/\/cssst.gouv.qc.ca\/adultes\/wp-content\/uploads\/sites\/2\/2025\/04\/AYA05706-scaled.jpg","contentUrl":"https:\/\/cssst.gouv.qc.ca\/adultes\/wp-content\/uploads\/sites\/2\/2025\/04\/AYA05706-scaled.jpg","width":2560,"height":1708},{"@type":"BreadcrumbList","@id":"https:\/\/cssst.gouv.qc.ca\/adultes\/retour-aux-etudes-sarca\/#breadcrumb","itemListElement":[{"@type":"ListItem","position":1,"name":"Accueil","item":"https:\/\/cssst.gouv.qc.ca\/adultes\/"},{"@type":"ListItem","position":2,"name":"SARCA"}]},{"@type":"WebSite","@id":"https:\/\/cssst.gouv.qc.ca\/adultes\/#website","url":"https:\/\/cssst.gouv.qc.ca\/adultes\/","name":"","description":"","potentialAction":[{"@type":"SearchAction","target":{"@type":"EntryPoint","urlTemplate":"https:\/\/cssst.gouv.qc.ca\/adultes\/?s={search_term_string}"},"query-input":{"@type":"PropertyValueSpecification","valueRequired":true,"valueName":"search_term_string"}}],"inLanguage":"fr-CA"}]}},"_links":{"self":[{"href":"https:\/\/cssst.gouv.qc.ca\/adultes\/wp-json\/wp\/v2\/pages\/216","targetHints":{"allow":["GET"]}}],"collection":[{"href":"https:\/\/cssst.gouv.qc.ca\/adultes\/wp-json\/wp\/v2\/pages"}],"about":[{"href":"https:\/\/cssst.gouv.qc.ca\/adultes\/wp-json\/wp\/v2\/types\/page"}],"author":[{"embeddable":true,"href":"https:\/\/cssst.gouv.qc.ca\/adultes\/wp-json\/wp\/v2\/users\/1"}],"replies":[{"embeddable":true,"href":"https:\/\/cssst.gouv.qc.ca\/adultes\/wp-json\/wp\/v2\/comments?post=216"}],"version-history":[{"count":0,"href":"https:\/\/cssst.gouv.qc.ca\/adultes\/wp-json\/wp\/v2\/pages\/216\/revisions"}],"wp:attachment":[{"href":"https:\/\/cssst.gouv.qc.ca\/adultes\/wp-json\/wp\/v2\/media?parent=216"}],"curies":[{"name":"wp","href":"https:\/\/api.w.org\/{rel}","templated":true}]}}