{"id":1485,"date":"2025-04-02T15:42:57","date_gmt":"2025-04-02T15:42:57","guid":{"rendered":"https:\/\/cssst.gouv.qc.ca\/adultes\/?page_id=1485"},"modified":"2025-09-22T17:21:43","modified_gmt":"2025-09-22T17:21:43","slug":"boutique-en-ligne-des-cfpeast","status":"publish","type":"page","link":"https:\/\/cssst.gouv.qc.ca\/adultes\/services-a-leleve\/boutique-en-ligne-des-cfpeast\/","title":{"rendered":"Boutique en ligne des CFPEAST"},"content":{"rendered":"\n<div class=\"wp-block-cover alignfull is-light\"><img loading=\"lazy\" decoding=\"async\" width=\"1024\" height=\"663\" class=\"wp-block-cover__image-background wp-image-3067 size-large\" alt=\"\" src=\"https:\/\/cssst.gouv.qc.ca\/adultes\/wp-content\/uploads\/sites\/2\/2025\/05\/494907270_1232765238853707_7935454219310420811_n-1024x663.jpg\" style=\"object-position:43% 0%\" data-object-fit=\"cover\" data-object-position=\"43% 0%\" srcset=\"https:\/\/cssst.gouv.qc.ca\/adultes\/wp-content\/uploads\/sites\/2\/2025\/05\/494907270_1232765238853707_7935454219310420811_n-1024x663.jpg 1024w, https:\/\/cssst.gouv.qc.ca\/adultes\/wp-content\/uploads\/sites\/2\/2025\/05\/494907270_1232765238853707_7935454219310420811_n-300x194.jpg 300w, https:\/\/cssst.gouv.qc.ca\/adultes\/wp-content\/uploads\/sites\/2\/2025\/05\/494907270_1232765238853707_7935454219310420811_n-768x497.jpg 768w, https:\/\/cssst.gouv.qc.ca\/adultes\/wp-content\/uploads\/sites\/2\/2025\/05\/494907270_1232765238853707_7935454219310420811_n-1536x994.jpg 1536w, https:\/\/cssst.gouv.qc.ca\/adultes\/wp-content\/uploads\/sites\/2\/2025\/05\/494907270_1232765238853707_7935454219310420811_n.jpg 2048w\" sizes=\"auto, (max-width: 1024px) 100vw, 1024px\" \/><span aria-hidden=\"true\" class=\"wp-block-cover__background has-background-dim\" style=\"background-color:#b5bdc5\"><\/span><div class=\"wp-block-cover__inner-container\">\n<h2 class=\"wp-block-heading alignfull has-text-align-center has-large-font-size\">Boutique en ligne<\/h2>\n<\/div><\/div>\n\n\n\n<div class=\"wp-block-group alignfull has-padding-y-large has-tertiary-background-color has-background\"><div class=\"yoast-breadcrumbs alignwide \"><span class=\"breadcrumbs\"><a href=\"https:\/\/cssst.gouv.qc.ca\/adultes\/\" class=\"breadcrumbs__element\">Accueil<\/a> <span class=\"breadcrumbs__separator\">\n        <svg class=\"icon icon-breadcrumb__separator\"><use xlink:href=\"#icon-breadcrumb__separator\"><\/use><\/svg>\n    <\/span> <a href=\"https:\/\/cssst.gouv.qc.ca\/adultes\/services-a-leleve\/\" class=\"breadcrumbs__element\">Services \u00e0 l&rsquo;\u00e9l\u00e8ve<\/a> <span class=\"breadcrumbs__separator\">\n        <svg class=\"icon icon-breadcrumb__separator\"><use xlink:href=\"#icon-breadcrumb__separator\"><\/use><\/svg>\n    <\/span> <span class=\"breadcrumbs__element breadcrumbs__element-current\">Boutique en ligne des CFPEAST<\/span><\/span><\/div><\/div>\n\n\n\n<h1 class=\"wp-block-heading\">Boutique en ligne des CFPEAST <\/h1>\n\n\n\n<div class=\"wp-block-media-text is-stacked-on-mobile is-style-wide-size\"><figure class=\"wp-block-media-text__media\"><video controls src=\"https:\/\/cssst.gouv.qc.ca\/adultes\/wp-content\/uploads\/sites\/2\/2025\/04\/Video_Boutique-en-ligne_CFPEAST.mp4\"><\/video><\/figure><div class=\"wp-block-media-text__content\">\n<p><\/p>\n<\/div><\/div>\n\n\n\n<p>\ud83e\udd29Vous r\u00eavez de porter des v\u00eatements \u00e0 l&rsquo;effigie de votre formation? C&rsquo;est maintenant possible! Rendez-vous sur notre <strong>boutique en ligne<\/strong> pour d\u00e9couvrir les <strong>v\u00eatements officiels<\/strong> des diff\u00e9rents DEP! <\/p>\n\n\n\n<p>Le meilleur dans tout \u00e7a? Ils seront directement livr\u00e9s au Centre Bernard-Gari\u00e9py, pr\u00eats \u00e0 \u00eatre r\u00e9cup\u00e9r\u00e9s! <\/p>\n\n\n\n<p>N&rsquo;attendez plus, faites-vous plaisir et affichez<strong> fi\u00e8rement <\/strong>vos couleurs!\ud83d\udd25\ud83d\udd25\ud83d\udd25<\/p>\n\n\n\n<p>\ud83d\udc49La boutique en ligne des <strong>CFPEAST<\/strong>, c&rsquo;est <a href=\"https:\/\/cfpeast.underbase.ca\">ici<\/a><\/p>\n","protected":false},"excerpt":{"rendered":"<p>Boutique en ligne des CFPEAST \ud83e\udd29Vous r\u00eavez de porter des v\u00eatements \u00e0 l&rsquo;effigie de votre formation? C&rsquo;est maintenant possible! Rendez-vous sur notre boutique en ligne pour d\u00e9couvrir les v\u00eatements officiels des diff\u00e9rents DEP! Le meilleur dans tout \u00e7a? Ils seront directement livr\u00e9s au Centre Bernard-Gari\u00e9py, pr\u00eats \u00e0 \u00eatre r\u00e9cup\u00e9r\u00e9s! N&rsquo;attendez plus, faites-vous plaisir et affichez [&hellip;]<\/p>\n","protected":false},"author":50,"featured_media":0,"parent":214,"menu_order":0,"comment_status":"closed","ping_status":"closed","template":"","meta":{"_acf_changed":false,"inline_featured_image":false,"footnotes":""},"class_list":["post-1485","page","type-page","status-publish","hentry"],"acf":[],"yoast_head":"<!-- This site is optimized with the Yoast SEO plugin v27.5 - https:\/\/yoast.com\/product\/yoast-seo-wordpress\/ -->\n<title>Boutique en ligne des CFPEAST -<\/title>\n<meta name=\"robots\" content=\"index, follow, max-snippet:-1, max-image-preview:large, max-video-preview:-1\" \/>\n<link rel=\"canonical\" href=\"https:\/\/cssst.gouv.qc.ca\/adultes\/services-a-leleve\/boutique-en-ligne-des-cfpeast\/\" \/>\n<meta property=\"og:locale\" content=\"fr_CA\" \/>\n<meta property=\"og:type\" content=\"article\" \/>\n<meta property=\"og:title\" content=\"Boutique en ligne des CFPEAST -\" \/>\n<meta property=\"og:description\" content=\"Boutique en ligne des CFPEAST \ud83e\udd29Vous r\u00eavez de porter des v\u00eatements \u00e0 l&rsquo;effigie de votre formation? C&rsquo;est maintenant possible! Rendez-vous sur notre boutique en ligne pour d\u00e9couvrir les v\u00eatements officiels des diff\u00e9rents DEP! Le meilleur dans tout \u00e7a? Ils seront directement livr\u00e9s au Centre Bernard-Gari\u00e9py, pr\u00eats \u00e0 \u00eatre r\u00e9cup\u00e9r\u00e9s! N&rsquo;attendez plus, faites-vous plaisir et affichez [&hellip;]\" \/>\n<meta property=\"og:url\" content=\"https:\/\/cssst.gouv.qc.ca\/adultes\/services-a-leleve\/boutique-en-ligne-des-cfpeast\/\" \/>\n<meta property=\"article:publisher\" content=\"https:\/\/www.facebook.com\/CFPEAST?locale=fr_CA\" \/>\n<meta property=\"article:modified_time\" content=\"2025-09-22T17:21:43+00:00\" \/>\n<meta property=\"og:image\" content=\"https:\/\/cssst.gouv.qc.ca\/adultes\/wp-content\/uploads\/sites\/2\/2025\/05\/494907270_1232765238853707_7935454219310420811_n.jpg\" \/>\n\t<meta property=\"og:image:width\" content=\"2048\" \/>\n\t<meta property=\"og:image:height\" content=\"1325\" \/>\n\t<meta property=\"og:image:type\" content=\"image\/jpeg\" \/>\n<meta name=\"twitter:card\" content=\"summary_large_image\" \/>\n<meta name=\"twitter:label1\" content=\"Estimation du temps de lecture\" \/>\n\t<meta name=\"twitter:data1\" content=\"1 minute\" \/>\n<script type=\"application\/ld+json\" class=\"yoast-schema-graph\">{\"@context\":\"https:\\\/\\\/schema.org\",\"@graph\":[{\"@type\":\"WebPage\",\"@id\":\"https:\\\/\\\/cssst.gouv.qc.ca\\\/adultes\\\/services-a-leleve\\\/boutique-en-ligne-des-cfpeast\\\/\",\"url\":\"https:\\\/\\\/cssst.gouv.qc.ca\\\/adultes\\\/services-a-leleve\\\/boutique-en-ligne-des-cfpeast\\\/\",\"name\":\"Boutique en ligne des CFPEAST -\",\"isPartOf\":{\"@id\":\"https:\\\/\\\/cssst.gouv.qc.ca\\\/adultes\\\/#website\"},\"primaryImageOfPage\":{\"@id\":\"https:\\\/\\\/cssst.gouv.qc.ca\\\/adultes\\\/services-a-leleve\\\/boutique-en-ligne-des-cfpeast\\\/#primaryimage\"},\"image\":{\"@id\":\"https:\\\/\\\/cssst.gouv.qc.ca\\\/adultes\\\/services-a-leleve\\\/boutique-en-ligne-des-cfpeast\\\/#primaryimage\"},\"thumbnailUrl\":\"https:\\\/\\\/cssst.gouv.qc.ca\\\/adultes\\\/wp-content\\\/uploads\\\/sites\\\/2\\\/2025\\\/05\\\/494907270_1232765238853707_7935454219310420811_n-1024x663.jpg\",\"datePublished\":\"2025-04-02T15:42:57+00:00\",\"dateModified\":\"2025-09-22T17:21:43+00:00\",\"breadcrumb\":{\"@id\":\"https:\\\/\\\/cssst.gouv.qc.ca\\\/adultes\\\/services-a-leleve\\\/boutique-en-ligne-des-cfpeast\\\/#breadcrumb\"},\"inLanguage\":\"fr-CA\",\"potentialAction\":[{\"@type\":\"ReadAction\",\"target\":[\"https:\\\/\\\/cssst.gouv.qc.ca\\\/adultes\\\/services-a-leleve\\\/boutique-en-ligne-des-cfpeast\\\/\"]}]},{\"@type\":\"ImageObject\",\"inLanguage\":\"fr-CA\",\"@id\":\"https:\\\/\\\/cssst.gouv.qc.ca\\\/adultes\\\/services-a-leleve\\\/boutique-en-ligne-des-cfpeast\\\/#primaryimage\",\"url\":\"https:\\\/\\\/cssst.gouv.qc.ca\\\/adultes\\\/wp-content\\\/uploads\\\/sites\\\/2\\\/2025\\\/05\\\/494907270_1232765238853707_7935454219310420811_n.jpg\",\"contentUrl\":\"https:\\\/\\\/cssst.gouv.qc.ca\\\/adultes\\\/wp-content\\\/uploads\\\/sites\\\/2\\\/2025\\\/05\\\/494907270_1232765238853707_7935454219310420811_n.jpg\",\"width\":2048,\"height\":1325},{\"@type\":\"BreadcrumbList\",\"@id\":\"https:\\\/\\\/cssst.gouv.qc.ca\\\/adultes\\\/services-a-leleve\\\/boutique-en-ligne-des-cfpeast\\\/#breadcrumb\",\"itemListElement\":[{\"@type\":\"ListItem\",\"position\":1,\"name\":\"Accueil\",\"item\":\"https:\\\/\\\/cssst.gouv.qc.ca\\\/adultes\\\/\"},{\"@type\":\"ListItem\",\"position\":2,\"name\":\"Services \u00e0 l&rsquo;\u00e9l\u00e8ve\",\"item\":\"https:\\\/\\\/cssst.gouv.qc.ca\\\/adultes\\\/services-a-leleve\\\/\"},{\"@type\":\"ListItem\",\"position\":3,\"name\":\"Boutique en ligne des CFPEAST\"}]},{\"@type\":\"WebSite\",\"@id\":\"https:\\\/\\\/cssst.gouv.qc.ca\\\/adultes\\\/#website\",\"url\":\"https:\\\/\\\/cssst.gouv.qc.ca\\\/adultes\\\/\",\"name\":\"\",\"description\":\"\",\"potentialAction\":[{\"@type\":\"SearchAction\",\"target\":{\"@type\":\"EntryPoint\",\"urlTemplate\":\"https:\\\/\\\/cssst.gouv.qc.ca\\\/adultes\\\/?s={search_term_string}\"},\"query-input\":{\"@type\":\"PropertyValueSpecification\",\"valueRequired\":true,\"valueName\":\"search_term_string\"}}],\"inLanguage\":\"fr-CA\"}]}<\/script>\n<!-- \/ Yoast SEO plugin. -->","yoast_head_json":{"title":"Boutique en ligne des CFPEAST -","robots":{"index":"index","follow":"follow","max-snippet":"max-snippet:-1","max-image-preview":"max-image-preview:large","max-video-preview":"max-video-preview:-1"},"canonical":"https:\/\/cssst.gouv.qc.ca\/adultes\/services-a-leleve\/boutique-en-ligne-des-cfpeast\/","og_locale":"fr_CA","og_type":"article","og_title":"Boutique en ligne des CFPEAST -","og_description":"Boutique en ligne des CFPEAST \ud83e\udd29Vous r\u00eavez de porter des v\u00eatements \u00e0 l&rsquo;effigie de votre formation? C&rsquo;est maintenant possible! Rendez-vous sur notre boutique en ligne pour d\u00e9couvrir les v\u00eatements officiels des diff\u00e9rents DEP! Le meilleur dans tout \u00e7a? Ils seront directement livr\u00e9s au Centre Bernard-Gari\u00e9py, pr\u00eats \u00e0 \u00eatre r\u00e9cup\u00e9r\u00e9s! N&rsquo;attendez plus, faites-vous plaisir et affichez [&hellip;]","og_url":"https:\/\/cssst.gouv.qc.ca\/adultes\/services-a-leleve\/boutique-en-ligne-des-cfpeast\/","article_publisher":"https:\/\/www.facebook.com\/CFPEAST?locale=fr_CA","article_modified_time":"2025-09-22T17:21:43+00:00","og_image":[{"width":2048,"height":1325,"url":"https:\/\/cssst.gouv.qc.ca\/adultes\/wp-content\/uploads\/sites\/2\/2025\/05\/494907270_1232765238853707_7935454219310420811_n.jpg","type":"image\/jpeg"}],"twitter_card":"summary_large_image","twitter_misc":{"Estimation du temps de lecture":"1 minute"},"schema":{"@context":"https:\/\/schema.org","@graph":[{"@type":"WebPage","@id":"https:\/\/cssst.gouv.qc.ca\/adultes\/services-a-leleve\/boutique-en-ligne-des-cfpeast\/","url":"https:\/\/cssst.gouv.qc.ca\/adultes\/services-a-leleve\/boutique-en-ligne-des-cfpeast\/","name":"Boutique en ligne des CFPEAST -","isPartOf":{"@id":"https:\/\/cssst.gouv.qc.ca\/adultes\/#website"},"primaryImageOfPage":{"@id":"https:\/\/cssst.gouv.qc.ca\/adultes\/services-a-leleve\/boutique-en-ligne-des-cfpeast\/#primaryimage"},"image":{"@id":"https:\/\/cssst.gouv.qc.ca\/adultes\/services-a-leleve\/boutique-en-ligne-des-cfpeast\/#primaryimage"},"thumbnailUrl":"https:\/\/cssst.gouv.qc.ca\/adultes\/wp-content\/uploads\/sites\/2\/2025\/05\/494907270_1232765238853707_7935454219310420811_n-1024x663.jpg","datePublished":"2025-04-02T15:42:57+00:00","dateModified":"2025-09-22T17:21:43+00:00","breadcrumb":{"@id":"https:\/\/cssst.gouv.qc.ca\/adultes\/services-a-leleve\/boutique-en-ligne-des-cfpeast\/#breadcrumb"},"inLanguage":"fr-CA","potentialAction":[{"@type":"ReadAction","target":["https:\/\/cssst.gouv.qc.ca\/adultes\/services-a-leleve\/boutique-en-ligne-des-cfpeast\/"]}]},{"@type":"ImageObject","inLanguage":"fr-CA","@id":"https:\/\/cssst.gouv.qc.ca\/adultes\/services-a-leleve\/boutique-en-ligne-des-cfpeast\/#primaryimage","url":"https:\/\/cssst.gouv.qc.ca\/adultes\/wp-content\/uploads\/sites\/2\/2025\/05\/494907270_1232765238853707_7935454219310420811_n.jpg","contentUrl":"https:\/\/cssst.gouv.qc.ca\/adultes\/wp-content\/uploads\/sites\/2\/2025\/05\/494907270_1232765238853707_7935454219310420811_n.jpg","width":2048,"height":1325},{"@type":"BreadcrumbList","@id":"https:\/\/cssst.gouv.qc.ca\/adultes\/services-a-leleve\/boutique-en-ligne-des-cfpeast\/#breadcrumb","itemListElement":[{"@type":"ListItem","position":1,"name":"Accueil","item":"https:\/\/cssst.gouv.qc.ca\/adultes\/"},{"@type":"ListItem","position":2,"name":"Services \u00e0 l&rsquo;\u00e9l\u00e8ve","item":"https:\/\/cssst.gouv.qc.ca\/adultes\/services-a-leleve\/"},{"@type":"ListItem","position":3,"name":"Boutique en ligne des CFPEAST"}]},{"@type":"WebSite","@id":"https:\/\/cssst.gouv.qc.ca\/adultes\/#website","url":"https:\/\/cssst.gouv.qc.ca\/adultes\/","name":"","description":"","potentialAction":[{"@type":"SearchAction","target":{"@type":"EntryPoint","urlTemplate":"https:\/\/cssst.gouv.qc.ca\/adultes\/?s={search_term_string}"},"query-input":{"@type":"PropertyValueSpecification","valueRequired":true,"valueName":"search_term_string"}}],"inLanguage":"fr-CA"}]}},"_links":{"self":[{"href":"https:\/\/cssst.gouv.qc.ca\/adultes\/wp-json\/wp\/v2\/pages\/1485","targetHints":{"allow":["GET"]}}],"collection":[{"href":"https:\/\/cssst.gouv.qc.ca\/adultes\/wp-json\/wp\/v2\/pages"}],"about":[{"href":"https:\/\/cssst.gouv.qc.ca\/adultes\/wp-json\/wp\/v2\/types\/page"}],"author":[{"embeddable":true,"href":"https:\/\/cssst.gouv.qc.ca\/adultes\/wp-json\/wp\/v2\/users\/50"}],"replies":[{"embeddable":true,"href":"https:\/\/cssst.gouv.qc.ca\/adultes\/wp-json\/wp\/v2\/comments?post=1485"}],"version-history":[{"count":0,"href":"https:\/\/cssst.gouv.qc.ca\/adultes\/wp-json\/wp\/v2\/pages\/1485\/revisions"}],"up":[{"embeddable":true,"href":"https:\/\/cssst.gouv.qc.ca\/adultes\/wp-json\/wp\/v2\/pages\/214"}],"wp:attachment":[{"href":"https:\/\/cssst.gouv.qc.ca\/adultes\/wp-json\/wp\/v2\/media?parent=1485"}],"curies":[{"name":"wp","href":"https:\/\/api.w.org\/{rel}","templated":true}]}}