{"id":1476,"date":"2025-04-02T15:30:23","date_gmt":"2025-04-02T15:30:23","guid":{"rendered":"https:\/\/cssst.gouv.qc.ca\/adultes\/?page_id=1476"},"modified":"2026-04-16T19:40:49","modified_gmt":"2026-04-16T19:40:49","slug":"publications-2","status":"publish","type":"page","link":"https:\/\/cssst.gouv.qc.ca\/adultes\/centre\/publications-2\/","title":{"rendered":"Publications"},"content":{"rendered":"\n<div class=\"wp-block-group alignfull has-padding-y-large has-tertiary-background-color has-background\"><div class=\"yoast-breadcrumbs alignwide \"><span class=\"breadcrumbs\"><a href=\"https:\/\/cssst.gouv.qc.ca\/adultes\/\" class=\"breadcrumbs__element\">Accueil<\/a> <span class=\"breadcrumbs__separator\">\n        <svg class=\"icon icon-breadcrumb__separator\"><use xlink:href=\"#icon-breadcrumb__separator\"><\/use><\/svg>\n    <\/span> <a href=\"https:\/\/cssst.gouv.qc.ca\/adultes\/centre\/\" class=\"breadcrumbs__element\">Centres<\/a> <span class=\"breadcrumbs__separator\">\n        <svg class=\"icon icon-breadcrumb__separator\"><use xlink:href=\"#icon-breadcrumb__separator\"><\/use><\/svg>\n    <\/span> <span class=\"breadcrumbs__element breadcrumbs__element-current\">Publications<\/span><\/span><\/div><\/div>\n\n\n\n<h1 class=\"wp-block-heading\">Publications<\/h1>\n\n\n\n<div class=\"act-collapsible\">\n<h5 class=\"wp-block-heading act-collapsible__heading\"><strong>ACTUALIT\u00c9S<\/strong><\/h5>\n\n\n\n<div class=\"act-collapsible__content\"><div class=\"act-collapsible__content-inner\">\n<p><a href=\"https:\/\/cssst.gouv.qc.ca\/adultes\/wp-content\/uploads\/sites\/2\/2025\/05\/COMMUNIQUE_Monteregie_EquipeQc2025.pdf\">14 mai 2025 &#8211; Des \u00e9l\u00e8ves de la Mont\u00e9r\u00e9gie s&rsquo;envoleront vers R\u00e9gina pour d\u00e9fendre les couleurs du Qu\u00e9bec<\/a><br><a href=\"https:\/\/cssst.gouv.qc.ca\/adultes\/wp-content\/uploads\/sites\/2\/2025\/11\/Communique-de-presse_Conference-de-presse-2024_CFPEAST.pdf\" target=\"_blank\" rel=\"noreferrer noopener\">10 juin 2024 &#8211; Offensive de formation en construction<\/a><br><a href=\"https:\/\/drive.google.com\/file\/d\/1sMysXrSaiuw4jSZmOD_AAI-6voR0NjuI\/view?usp=share_link\" target=\"_blank\" rel=\"noreferrer noopener\">30 mai 2023 &#8211; Olympiades canadiennes<\/a><br><a href=\"https:\/\/cssst.gouv.qc.ca\/adultes\/wp-content\/uploads\/sites\/2\/2025\/05\/Finalistes-des-CFPEAST_Olympiades-quebecoises_Communique.pdf\" target=\"_blank\" rel=\"noreferrer noopener\">17 mai 2023 &#8211; Les meilleurs du Qu\u00e9bec connus&nbsp;<\/a><br><a href=\"https:\/\/cssst.gouv.qc.ca\/adultes\/wp-content\/uploads\/sites\/2\/2025\/05\/Communique-de-presse_CFPEAST_Recyclo-Centre.pdf\" target=\"_blank\" rel=\"noreferrer noopener\">20 octobre 2022 &#8211; Collaboration avec le Recyclo-Centre<\/a><br><a href=\"https:\/\/drive.google.com\/file\/d\/1oRDELYu66NVdf4xmw50uKzmIDSdgPXhZ\/view?usp=share_link\" target=\"_blank\" rel=\"noreferrer noopener\">8 d\u00e9cembre 2022 &#8211; Usinage ATE<\/a><\/p>\n<\/div><\/div>\n<\/div>\n\n\n\n<div class=\"act-collapsible\">\n<h5 class=\"wp-block-heading act-collapsible__heading has-secondary-color has-text-color has-link-color wp-elements-c01de0c01d06118987b725965a00904e\"><strong>ANNUAIRE DES PROGRAMMES<\/strong><\/h5>\n\n\n\n<div class=\"act-collapsible__content\"><div class=\"act-collapsible__content-inner\">\n<p>Annuaire de programmes | 2025-2026<\/p>\n\n\n\n<div data-wp-interactive=\"core\/file\" class=\"wp-block-file\"><object data-wp-bind--hidden=\"!state.hasPdfPreview\" hidden class=\"wp-block-file__embed\" data=\"https:\/\/cssst.gouv.qc.ca\/adultes\/wp-content\/uploads\/sites\/2\/2025\/11\/D-11819_CFP-Annuaire-programmes-2025-2026-VF-WEB.pdf\" type=\"application\/pdf\" style=\"width:100%;height:600px\" aria-label=\"Contenu incorpor\u00e9 D-11819_CFP-Annuaire-programmes-2025-2026-VF-WEB.\"><\/object><a id=\"wp-block-file--media-11786502-e197-483c-882b-3b9e5c745657\" href=\"https:\/\/cssst.gouv.qc.ca\/adultes\/wp-content\/uploads\/sites\/2\/2025\/11\/D-11819_CFP-Annuaire-programmes-2025-2026-VF-WEB.pdf\">D-11819_CFP-Annuaire-programmes-2025-2026-VF-WEB<\/a><a href=\"https:\/\/cssst.gouv.qc.ca\/adultes\/wp-content\/uploads\/sites\/2\/2025\/11\/D-11819_CFP-Annuaire-programmes-2025-2026-VF-WEB.pdf\" class=\"wp-block-file__button wp-element-button\" download aria-describedby=\"wp-block-file--media-11786502-e197-483c-882b-3b9e5c745657\">T\u00e9l\u00e9charger<\/a><\/div>\n<\/div><\/div>\n<\/div>\n\n\n\n<div class=\"act-collapsible\">\n<h5 class=\"wp-block-heading act-collapsible__heading\"><strong>CODE DE VIE DES CFPEAST<\/strong><\/h5>\n\n\n\n<div class=\"act-collapsible__content\"><div class=\"act-collapsible__content-inner\">\n<p><\/p>\n\n\n\n<div data-wp-interactive=\"core\/file\" class=\"wp-block-file\"><object data-wp-bind--hidden=\"!state.hasPdfPreview\" hidden class=\"wp-block-file__embed\" data=\"https:\/\/cssst.gouv.qc.ca\/adultes\/wp-content\/uploads\/sites\/2\/2026\/03\/Code-de-vie-2026-CFPEAST-1-1.pdf\" type=\"application\/pdf\" style=\"width:100%;height:600px\" aria-label=\"Contenu incorpor\u00e9 Code de vie 2026 CFPEAST .\"><\/object><a id=\"wp-block-file--media-466df792-d0c1-47ff-a809-bebe726e76f8\" href=\"https:\/\/cssst.gouv.qc.ca\/adultes\/wp-content\/uploads\/sites\/2\/2026\/03\/Code-de-vie-2026-CFPEAST-1-1.pdf\">Code de vie 2026 CFPEAST <\/a><a href=\"https:\/\/cssst.gouv.qc.ca\/adultes\/wp-content\/uploads\/sites\/2\/2026\/03\/Code-de-vie-2026-CFPEAST-1-1.pdf\" class=\"wp-block-file__button wp-element-button\" download aria-describedby=\"wp-block-file--media-466df792-d0c1-47ff-a809-bebe726e76f8\">T\u00e9l\u00e9charger<\/a><\/div>\n<\/div><\/div>\n<\/div>\n\n\n\n<div class=\"act-collapsible\">\n<h5 class=\"wp-block-heading act-collapsible__heading\"><strong><strong>NORMES ET MODALIT\u00c9S<\/strong><\/strong><\/h5>\n\n\n\n<div class=\"act-collapsible__content\"><div class=\"act-collapsible__content-inner\">\n<p>\u00c0 venir! <\/p>\n<\/div><\/div>\n<\/div>\n\n\n\n<div class=\"act-collapsible\">\n<h5 class=\"wp-block-heading act-collapsible__heading\"><strong><strong>PLAN DE LUTTE CONTRE L&rsquo;INTIMIDATION ET LA VIOLENCE AUX CFPEAST <\/strong><\/strong><\/h5>\n\n\n\n<div class=\"act-collapsible__content\"><div class=\"act-collapsible__content-inner\">\n<p>\u00c0 venir! <\/p>\n<\/div><\/div>\n<\/div>\n\n\n\n<div class=\"act-collapsible\">\n<h5 class=\"wp-block-heading act-collapsible__heading\"><strong><strong>PROJET \u00c9DUCATIF<\/strong><\/strong><\/h5>\n\n\n\n<div class=\"act-collapsible__content\"><div class=\"act-collapsible__content-inner\">\n<p>\u00c0 venir! <\/p>\n<\/div><\/div>\n<\/div>\n\n\n\n<div class=\"act-collapsible\">\n<h5 class=\"wp-block-heading act-collapsible__heading\"><strong>RAPPORTS ANNUELS DU CONSEIL D&rsquo;\u00c9TABLISSEMENT<\/strong><\/h5>\n\n\n\n<div class=\"act-collapsible__content\"><div class=\"act-collapsible__content-inner\">\n<p><strong>Rapport annuel du conseil d&rsquo;\u00e9tablissements 2023-2024<\/strong><br><a href=\"https:\/\/drive.google.com\/file\/d\/1a2Y56xfVW5r-yntRBvGvlOF5KsexZlNR\/view?usp=drive_link\" target=\"_blank\" rel=\"noreferrer noopener\"><strong>Rapport annuel du conseil d&rsquo;\u00e9tablissements 2022-2023<\/strong><\/a><br><a href=\"https:\/\/drive.google.com\/file\/d\/14UKJ8HHZ4tJDwbvMpZrh1rcWV8u-HO3H\/view?usp=share_link\" target=\"_blank\" rel=\"noreferrer noopener\"><strong>Rapport annuel du conseil d&rsquo;\u00e9tablissements 2021-2022<\/strong><\/a><\/p>\n<\/div><\/div>\n<\/div>\n\n\n\n<div class=\"act-collapsible\">\n<h5 class=\"wp-block-heading act-collapsible__heading\"><strong>SOIR\u00c9E DES FINISSANTS | Photos<\/strong><\/h5>\n\n\n\n<div class=\"act-collapsible__content\"><div class=\"act-collapsible__content-inner\">\n<p>\u2728 <strong>Souvenirs d\u2019une soir\u00e9e m\u00e9morable!<\/strong> \ud83c\udf93<\/p>\n\n\n\n<p>Revivez les plus beaux moments de notre Soir\u00e9e des finissants \u00e0 travers ces images empreintes de fiert\u00e9, d\u2019\u00e9motion et de joie. Une c\u00e9l\u00e9bration bien m\u00e9rit\u00e9e pour souligner l\u2019accomplissement de nos \u00e9l\u00e8ves, entour\u00e9s de leurs proches et de toute notre \u00e9quipe. Bravo \u00e0 nos finissantes et finissants \u2014 cette soir\u00e9e est \u00e0 votre image : inspirante et inoubliable! \ud83d\udcab<\/p>\n\n\n\n<p>Si vous souhaitez conserver ces beaux souvenirs, nous vous invitons \u00e0 cliquer sur les photos qui vous int\u00e9ressent et \u00e0 les t\u00e9l\u00e9charger directement sur Flickr.<\/p>\n\n\n\n<figure class=\"wp-block-embed is-type-rich is-provider-flickr wp-block-embed-flickr\"><div class=\"wp-block-embed__wrapper\">\n<a data-flickr-embed='true' href='https:\/\/www.flickr.com\/photos\/203015253@N03' title='Les Centres de formation professionnelle et d&#039;\u00e9ducation des adultes Sorel-Tracy'><img src='https:\/\/live.staticflickr.com\/65535\/54597965751_3af8688159.jpg' width='800' height='600' alt='F12_5629_par Catherine Dubois'><\/a><script async src='https:\/\/embedr.flickr.com\/assets\/client-code.js' charset='utf-8'><\/script>\n<\/div><\/figure>\n<\/div><\/div>\n<\/div>\n\n\n\n<figure class=\"wp-block-embed is-type-video is-provider-youtube wp-block-embed-youtube wp-embed-aspect-16-9 wp-has-aspect-ratio\"><div class=\"wp-block-embed__wrapper\">\n<iframe loading=\"lazy\" title=\"Ba\u0302tisseurs de navires, d&#039;une g\u00e9n\u00e9ration \u00e0 une autre!\" width=\"500\" height=\"281\" src=\"https:\/\/www.youtube.com\/embed\/g8R-jUG6w5M?feature=oembed\" frameborder=\"0\" allow=\"accelerometer; autoplay; clipboard-write; encrypted-media; gyroscope; picture-in-picture; web-share\" referrerpolicy=\"strict-origin-when-cross-origin\" allowfullscreen><\/iframe>\n<\/div><\/figure>\n","protected":false},"excerpt":{"rendered":"<p>Publications<\/p>\n","protected":false},"author":50,"featured_media":0,"parent":169,"menu_order":0,"comment_status":"closed","ping_status":"closed","template":"","meta":{"_acf_changed":false,"inline_featured_image":false,"footnotes":""},"class_list":["post-1476","page","type-page","status-publish","hentry"],"acf":[],"yoast_head":"<!-- This site is optimized with the Yoast SEO plugin v27.4 - https:\/\/yoast.com\/product\/yoast-seo-wordpress\/ -->\n<title>Publications -<\/title>\n<meta name=\"robots\" content=\"index, follow, max-snippet:-1, max-image-preview:large, max-video-preview:-1\" \/>\n<link rel=\"canonical\" href=\"https:\/\/cssst.gouv.qc.ca\/adultes\/centre\/publications-2\/\" \/>\n<meta property=\"og:locale\" content=\"fr_CA\" \/>\n<meta property=\"og:type\" content=\"article\" \/>\n<meta property=\"og:title\" content=\"Publications -\" \/>\n<meta property=\"og:description\" content=\"Publications\" \/>\n<meta property=\"og:url\" content=\"https:\/\/cssst.gouv.qc.ca\/adultes\/centre\/publications-2\/\" \/>\n<meta property=\"article:publisher\" content=\"https:\/\/www.facebook.com\/CFPEAST?locale=fr_CA\" \/>\n<meta property=\"article:modified_time\" content=\"2026-04-16T19:40:49+00:00\" \/>\n<meta name=\"twitter:card\" content=\"summary_large_image\" \/>\n<meta name=\"twitter:label1\" content=\"Estimation du temps de lecture\" \/>\n\t<meta name=\"twitter:data1\" content=\"2 minutes\" \/>\n<script type=\"application\/ld+json\" class=\"yoast-schema-graph\">{\"@context\":\"https:\\\/\\\/schema.org\",\"@graph\":[{\"@type\":\"WebPage\",\"@id\":\"https:\\\/\\\/cssst.gouv.qc.ca\\\/adultes\\\/centre\\\/publications-2\\\/\",\"url\":\"https:\\\/\\\/cssst.gouv.qc.ca\\\/adultes\\\/centre\\\/publications-2\\\/\",\"name\":\"Publications -\",\"isPartOf\":{\"@id\":\"https:\\\/\\\/cssst.gouv.qc.ca\\\/adultes\\\/#website\"},\"datePublished\":\"2025-04-02T15:30:23+00:00\",\"dateModified\":\"2026-04-16T19:40:49+00:00\",\"breadcrumb\":{\"@id\":\"https:\\\/\\\/cssst.gouv.qc.ca\\\/adultes\\\/centre\\\/publications-2\\\/#breadcrumb\"},\"inLanguage\":\"fr-CA\",\"potentialAction\":[{\"@type\":\"ReadAction\",\"target\":[\"https:\\\/\\\/cssst.gouv.qc.ca\\\/adultes\\\/centre\\\/publications-2\\\/\"]}]},{\"@type\":\"BreadcrumbList\",\"@id\":\"https:\\\/\\\/cssst.gouv.qc.ca\\\/adultes\\\/centre\\\/publications-2\\\/#breadcrumb\",\"itemListElement\":[{\"@type\":\"ListItem\",\"position\":1,\"name\":\"Accueil\",\"item\":\"https:\\\/\\\/cssst.gouv.qc.ca\\\/adultes\\\/\"},{\"@type\":\"ListItem\",\"position\":2,\"name\":\"Centres\",\"item\":\"https:\\\/\\\/cssst.gouv.qc.ca\\\/adultes\\\/centre\\\/\"},{\"@type\":\"ListItem\",\"position\":3,\"name\":\"Publications\"}]},{\"@type\":\"WebSite\",\"@id\":\"https:\\\/\\\/cssst.gouv.qc.ca\\\/adultes\\\/#website\",\"url\":\"https:\\\/\\\/cssst.gouv.qc.ca\\\/adultes\\\/\",\"name\":\"\",\"description\":\"\",\"potentialAction\":[{\"@type\":\"SearchAction\",\"target\":{\"@type\":\"EntryPoint\",\"urlTemplate\":\"https:\\\/\\\/cssst.gouv.qc.ca\\\/adultes\\\/?s={search_term_string}\"},\"query-input\":{\"@type\":\"PropertyValueSpecification\",\"valueRequired\":true,\"valueName\":\"search_term_string\"}}],\"inLanguage\":\"fr-CA\"}]}<\/script>\n<!-- \/ Yoast SEO plugin. -->","yoast_head_json":{"title":"Publications -","robots":{"index":"index","follow":"follow","max-snippet":"max-snippet:-1","max-image-preview":"max-image-preview:large","max-video-preview":"max-video-preview:-1"},"canonical":"https:\/\/cssst.gouv.qc.ca\/adultes\/centre\/publications-2\/","og_locale":"fr_CA","og_type":"article","og_title":"Publications -","og_description":"Publications","og_url":"https:\/\/cssst.gouv.qc.ca\/adultes\/centre\/publications-2\/","article_publisher":"https:\/\/www.facebook.com\/CFPEAST?locale=fr_CA","article_modified_time":"2026-04-16T19:40:49+00:00","twitter_card":"summary_large_image","twitter_misc":{"Estimation du temps de lecture":"2 minutes"},"schema":{"@context":"https:\/\/schema.org","@graph":[{"@type":"WebPage","@id":"https:\/\/cssst.gouv.qc.ca\/adultes\/centre\/publications-2\/","url":"https:\/\/cssst.gouv.qc.ca\/adultes\/centre\/publications-2\/","name":"Publications -","isPartOf":{"@id":"https:\/\/cssst.gouv.qc.ca\/adultes\/#website"},"datePublished":"2025-04-02T15:30:23+00:00","dateModified":"2026-04-16T19:40:49+00:00","breadcrumb":{"@id":"https:\/\/cssst.gouv.qc.ca\/adultes\/centre\/publications-2\/#breadcrumb"},"inLanguage":"fr-CA","potentialAction":[{"@type":"ReadAction","target":["https:\/\/cssst.gouv.qc.ca\/adultes\/centre\/publications-2\/"]}]},{"@type":"BreadcrumbList","@id":"https:\/\/cssst.gouv.qc.ca\/adultes\/centre\/publications-2\/#breadcrumb","itemListElement":[{"@type":"ListItem","position":1,"name":"Accueil","item":"https:\/\/cssst.gouv.qc.ca\/adultes\/"},{"@type":"ListItem","position":2,"name":"Centres","item":"https:\/\/cssst.gouv.qc.ca\/adultes\/centre\/"},{"@type":"ListItem","position":3,"name":"Publications"}]},{"@type":"WebSite","@id":"https:\/\/cssst.gouv.qc.ca\/adultes\/#website","url":"https:\/\/cssst.gouv.qc.ca\/adultes\/","name":"","description":"","potentialAction":[{"@type":"SearchAction","target":{"@type":"EntryPoint","urlTemplate":"https:\/\/cssst.gouv.qc.ca\/adultes\/?s={search_term_string}"},"query-input":{"@type":"PropertyValueSpecification","valueRequired":true,"valueName":"search_term_string"}}],"inLanguage":"fr-CA"}]}},"_links":{"self":[{"href":"https:\/\/cssst.gouv.qc.ca\/adultes\/wp-json\/wp\/v2\/pages\/1476","targetHints":{"allow":["GET"]}}],"collection":[{"href":"https:\/\/cssst.gouv.qc.ca\/adultes\/wp-json\/wp\/v2\/pages"}],"about":[{"href":"https:\/\/cssst.gouv.qc.ca\/adultes\/wp-json\/wp\/v2\/types\/page"}],"author":[{"embeddable":true,"href":"https:\/\/cssst.gouv.qc.ca\/adultes\/wp-json\/wp\/v2\/users\/50"}],"replies":[{"embeddable":true,"href":"https:\/\/cssst.gouv.qc.ca\/adultes\/wp-json\/wp\/v2\/comments?post=1476"}],"version-history":[{"count":0,"href":"https:\/\/cssst.gouv.qc.ca\/adultes\/wp-json\/wp\/v2\/pages\/1476\/revisions"}],"up":[{"embeddable":true,"href":"https:\/\/cssst.gouv.qc.ca\/adultes\/wp-json\/wp\/v2\/pages\/169"}],"wp:attachment":[{"href":"https:\/\/cssst.gouv.qc.ca\/adultes\/wp-json\/wp\/v2\/media?parent=1476"}],"curies":[{"name":"wp","href":"https:\/\/api.w.org\/{rel}","templated":true}]}}