{"id":1371,"date":"2025-04-01T15:46:20","date_gmt":"2025-04-01T15:46:20","guid":{"rendered":"https:\/\/cssst.gouv.qc.ca\/adultes\/?page_id=1371"},"modified":"2026-02-02T14:19:02","modified_gmt":"2026-02-02T14:19:02","slug":"formations-sur-mesure","status":"publish","type":"page","link":"https:\/\/cssst.gouv.qc.ca\/adultes\/service-aux-entreprises-et-aux-individus\/formations-sur-mesure\/","title":{"rendered":"Formations sur mesure"},"content":{"rendered":"\n<div class=\"wp-block-cover alignfull is-light\"><img loading=\"lazy\" decoding=\"async\" width=\"1585\" height=\"397\" class=\"wp-block-cover__image-background wp-image-2342\" alt=\"\" src=\"https:\/\/cssst.gouv.qc.ca\/adultes\/wp-content\/uploads\/sites\/2\/2025\/04\/SAE_BANNIERE-LINKEDIN_4-1.png\" data-object-fit=\"cover\" srcset=\"https:\/\/cssst.gouv.qc.ca\/adultes\/wp-content\/uploads\/sites\/2\/2025\/04\/SAE_BANNIERE-LINKEDIN_4-1.png 1585w, https:\/\/cssst.gouv.qc.ca\/adultes\/wp-content\/uploads\/sites\/2\/2025\/04\/SAE_BANNIERE-LINKEDIN_4-1-300x75.png 300w, https:\/\/cssst.gouv.qc.ca\/adultes\/wp-content\/uploads\/sites\/2\/2025\/04\/SAE_BANNIERE-LINKEDIN_4-1-1024x256.png 1024w, https:\/\/cssst.gouv.qc.ca\/adultes\/wp-content\/uploads\/sites\/2\/2025\/04\/SAE_BANNIERE-LINKEDIN_4-1-768x192.png 768w, https:\/\/cssst.gouv.qc.ca\/adultes\/wp-content\/uploads\/sites\/2\/2025\/04\/SAE_BANNIERE-LINKEDIN_4-1-1536x385.png 1536w\" sizes=\"auto, (max-width: 1585px) 100vw, 1585px\" \/><span aria-hidden=\"true\" class=\"wp-block-cover__background has-background-dim\" style=\"background-color:#f3eee6\"><\/span><div class=\"wp-block-cover__inner-container\">\n<p class=\"has-text-align-center has-large-font-size\">Formations sur mesure<\/p>\n<\/div><\/div>\n\n\n\n<div class=\"wp-block-group alignfull has-padding-y-large has-tertiary-background-color has-background\"><div class=\"yoast-breadcrumbs alignwide \"><span class=\"breadcrumbs\"><a href=\"https:\/\/cssst.gouv.qc.ca\/adultes\/\" class=\"breadcrumbs__element\">Accueil<\/a> <span class=\"breadcrumbs__separator\">\n        <svg class=\"icon icon-breadcrumb__separator\"><use xlink:href=\"#icon-breadcrumb__separator\"><\/use><\/svg>\n    <\/span> <a href=\"https:\/\/cssst.gouv.qc.ca\/adultes\/service-aux-entreprises-et-aux-individus\/\" class=\"breadcrumbs__element\">Service aux entreprises et aux individus<\/a> <span class=\"breadcrumbs__separator\">\n        <svg class=\"icon icon-breadcrumb__separator\"><use xlink:href=\"#icon-breadcrumb__separator\"><\/use><\/svg>\n    <\/span> <span class=\"breadcrumbs__element breadcrumbs__element-current\">Formations sur mesure<\/span><\/span><\/div><\/div>\n\n\n\n<p class=\"has-large-font-size\">Le <strong>Service aux entreprises et aux individus (SAE)<\/strong> accompagne les entreprises et organismes de la r\u00e9gion au d\u00e9veloppement des comp\u00e9tences des travailleurs et travailleuses \u0153uvrant dans divers secteurs :<\/p>\n\n\n\n<div class=\"wp-block-columns\">\n<div class=\"wp-block-column is-style-rounded-corners\">\n<ul class=\"wp-block-list\">\n<li>Administration et commerce<\/li>\n\n\n\n<li>Construction<\/li>\n\n\n\n<li>\u00c9lectricit\u00e9 et \u00e9lectronique<\/li>\n\n\n\n<li>Fabrication et transformation industrielle<\/li>\n<\/ul>\n<\/div>\n\n\n\n<div class=\"wp-block-column is-style-rounded-corners\">\n<ul class=\"wp-block-list\">\n<li>Informatique et bureautique<\/li>\n\n\n\n<li>Langue, francisation et formation de base <\/li>\n\n\n\n<li>Manutention et levage<\/li>\n<\/ul>\n<\/div>\n\n\n\n<div class=\"wp-block-column is-style-rounded-corners\">\n<ul class=\"wp-block-list\">\n<li>Sant\u00e9 et s\u00e9curit\u00e9 au travail<\/li>\n\n\n\n<li>Sant\u00e9 et services sociaux<\/li>\n\n\n\n<li>Services \u00e9ducatifs<\/li>\n\n\n\n<li>Et plus encore !<\/li>\n<\/ul>\n<\/div>\n<\/div>\n\n\n\n<div class=\"act-collapsible\">\n<h5 class=\"wp-block-heading act-collapsible__heading\">Comment se d\u00e9marque notre service personnalis\u00e9 ? <\/h5>\n\n\n\n<div class=\"act-collapsible__content\"><div class=\"act-collapsible__content-inner\">\n<p class=\"has-white-color has-accent-lighter-background-color has-text-color has-background has-link-color wp-elements-09cacaae8e33036805409c7cf49154e8\"><strong>ACCOMPAGNEMENT S\u00c9CURISANT ET ADAPT\u00c9 \u00c0 VOTRE R\u00c9ALIT\u00c9 <\/strong>\ud83d\ude4c<\/p>\n\n\n\n<p>Notre processus de formation sur mesure repose sur plusieurs \u00e9tapes cl\u00e9s :<\/p>\n\n\n\n<p><strong>1. \u00c9valuation et analyse des besoins&nbsp;:<\/strong> D\u00e8s notre premier contact, nous prenons le temps de bien comprendre vos besoins en tenant compte de vos ressources humaines, financi\u00e8res et mat\u00e9rielles.<\/p>\n\n\n\n<p><strong>2. Conception d\u2019une formation personnalis\u00e9e&nbsp;:<\/strong> Nos experts de contenu \u00e9laborent un programme de formation align\u00e9 sur les objectifs et les orientations de votre organisation.<\/p>\n\n\n\n<p><strong>3. Mise en place de la formation&nbsp;:<\/strong> Nous pr\u00e9parons le mat\u00e9riel didactique, trouvons le lieu le plus adapt\u00e9 et envoyons les avis de convocation.<\/p>\n\n\n\n<p><strong>4. \u00c9valuation et suivi&nbsp;: <\/strong>\u00c0 l\u2019issue de la formation, nous effectuons un suivi pour mesurer la satisfaction des participants et \u00e9valuer les retomb\u00e9es pour votre organisation.<\/p>\n\n\n\n<p class=\"has-white-color has-accent-lighter-background-color has-text-color has-background has-link-color wp-elements-aec38b4b245784a25052d055eb0a87bc\"><strong>\u00c9QUIPEMENT ET ENVIRONNEMENT D&rsquo;APPRENTISSAGE OPTIMAL<\/strong> \ud83c\udfeb<\/p>\n\n\n\n<p>Nos centres de formation disposent d\u2019\u00e9quipements et d\u2019espaces techniques modernes, garantissant des conditions d\u2019apprentissage optimales. Par exemple, nos formations en sant\u00e9 et s\u00e9curit\u00e9 se d\u00e9roulent dans un centre \u00e9quip\u00e9 d\u2019un pont roulant d\u2019une tonne et d\u2019\u00e9chafaudages fixes, permettant aux participants de d\u00e9montrer leur ma\u00eetrise des comp\u00e9tences pratiques de leur formation. <\/p>\n\n\n\n<p>Nos formateurs et formatrices se d\u00e9placent \u00e9galement en entreprise pour offrir des formations directement sur place. Si ni nos centres ni l\u2019entreprise ne peuvent accueillir la formation, le SAE s\u2019engage \u00e0 trouver un espace adapt\u00e9, r\u00e9aliste et s\u00e9curitaire. <\/p>\n\n\n\n<p class=\"has-white-color has-accent-lighter-background-color has-text-color has-background has-link-color wp-elements-a3ed277d326cb85a577ccdc1685a43f5\"><strong>OFFRE DE SERVICE POLYVALENTE ET STRAT\u00c9GIQUE<\/strong> \ud83d\udccb<\/p>\n\n\n\n<p>En plus de proposer des formations sur mesure, le SAE a d\u00e9velopp\u00e9 une expertise dans la conception et l&rsquo;administration de tests d\u2019embauche, qu\u2019il s\u2019agisse de l\u2019\u00e9valuation des comp\u00e9tences th\u00e9oriques ou pratiques, et ce, pour une grande vari\u00e9t\u00e9 de m\u00e9tiers.<\/p>\n\n\n\n<p>Afin d\u2019aider les entreprises \u00e0 gagner du temps et \u00e0 optimiser leur processus de recrutement, nous offrons une formule de passation \u00ab cl\u00e9 en main \u00bb dans nos installations. De l\u2019envoi de la convocation jusqu\u2019\u00e0 la transmission des r\u00e9sultats, nous prenons en charge l\u2019ensemble du processus, garantissant ainsi une tranquillit\u00e9 d\u2019esprit. Nous sommes \u00e9galement en mesure de d\u00e9velopper des tests sur mesure, permettant de param\u00e9trer les comp\u00e9tences sp\u00e9cifiques recherch\u00e9es par l\u2019entreprise.<\/p>\n\n\n\n<p class=\"has-white-color has-accent-lighter-background-color has-text-color has-background has-link-color wp-elements-4dc5822ce614431b96578c62f9180716\"><strong>EXPERTS DE CONTENU ENGAG\u00c9S<\/strong> \ud83e\uddd1\u200d\ud83d\udcbc<\/p>\n\n\n\n<p>Nos formatrices et formateurs sont des sp\u00e9cialistes de contenu, \u0153uvrant dans leur champ d\u2019expertise respectif depuis plusieurs ann\u00e9es. Leurs connaissances \u00ab terrain \u00bb des entreprises et des enjeux qui les pr\u00e9occupent sont des atouts importants qui apportent une valeur ajout\u00e9e accrue \u00e0 nos services. L\u2019accompagnement p\u00e9dagogique de nos formateurs est appuy\u00e9 par un conseiller, permettant d\u2019assurer une qualit\u00e9 aux formations que nous dispensons.<\/p>\n<\/div><\/div>\n<\/div>\n\n\n\n<div class=\"wp-block-columns\">\n<div class=\"wp-block-column\">\n<figure class=\"wp-block-image size-full\"><img loading=\"lazy\" decoding=\"async\" width=\"473\" height=\"355\" src=\"https:\/\/cssst.gouv.qc.ca\/adultes\/wp-content\/uploads\/sites\/2\/2025\/04\/SAE_APPLICATIONS_21-2-edited.jpg\" alt=\"\" class=\"wp-image-1730\" srcset=\"https:\/\/cssst.gouv.qc.ca\/adultes\/wp-content\/uploads\/sites\/2\/2025\/04\/SAE_APPLICATIONS_21-2-edited.jpg 473w, https:\/\/cssst.gouv.qc.ca\/adultes\/wp-content\/uploads\/sites\/2\/2025\/04\/SAE_APPLICATIONS_21-2-edited-300x225.jpg 300w\" sizes=\"auto, (max-width: 473px) 100vw, 473px\" \/><\/figure>\n<\/div>\n\n\n\n<div class=\"wp-block-column\">\n<figure class=\"wp-block-image size-large\"><img loading=\"lazy\" decoding=\"async\" width=\"1200\" height=\"900\" src=\"https:\/\/cssst.gouv.qc.ca\/adultes\/wp-content\/uploads\/sites\/2\/2025\/04\/SAE_APPLICATIONS_13-1-edited.jpg\" alt=\"\" class=\"wp-image-1732\" srcset=\"https:\/\/cssst.gouv.qc.ca\/adultes\/wp-content\/uploads\/sites\/2\/2025\/04\/SAE_APPLICATIONS_13-1-edited.jpg 1200w, https:\/\/cssst.gouv.qc.ca\/adultes\/wp-content\/uploads\/sites\/2\/2025\/04\/SAE_APPLICATIONS_13-1-edited-300x225.jpg 300w, https:\/\/cssst.gouv.qc.ca\/adultes\/wp-content\/uploads\/sites\/2\/2025\/04\/SAE_APPLICATIONS_13-1-edited-1024x768.jpg 1024w, https:\/\/cssst.gouv.qc.ca\/adultes\/wp-content\/uploads\/sites\/2\/2025\/04\/SAE_APPLICATIONS_13-1-edited-768x576.jpg 768w\" sizes=\"auto, (max-width: 1200px) 100vw, 1200px\" \/><\/figure>\n<\/div>\n\n\n\n<div class=\"wp-block-column\">\n<figure class=\"wp-block-image size-full\"><img loading=\"lazy\" decoding=\"async\" width=\"585\" height=\"439\" src=\"https:\/\/cssst.gouv.qc.ca\/adultes\/wp-content\/uploads\/sites\/2\/2025\/04\/SAE_APPLICATIONS_4-edited.jpg\" alt=\"\" class=\"wp-image-1734\" srcset=\"https:\/\/cssst.gouv.qc.ca\/adultes\/wp-content\/uploads\/sites\/2\/2025\/04\/SAE_APPLICATIONS_4-edited.jpg 585w, https:\/\/cssst.gouv.qc.ca\/adultes\/wp-content\/uploads\/sites\/2\/2025\/04\/SAE_APPLICATIONS_4-edited-300x225.jpg 300w\" sizes=\"auto, (max-width: 585px) 100vw, 585px\" \/><\/figure>\n<\/div>\n<\/div>\n\n\n\n<h2 class=\"wp-block-heading has-black-color has-text-color has-link-color wp-elements-3a72923ebc98abd8d3a8155a6656060d\"><strong>POUR PLUS D\u2019INFORMATION<\/strong><\/h2>\n\n\n\n\n<p class=\"act-lead\"><\/p>\n\n\n\n\n<p>Service aux entreprises et aux individus (SAE)<br>\ud83d\udcbb sae@cssst.gouv.qc.ca<br>\u260e\ufe0f 450 743-1285, poste 4312<br>\ud83c\udfeb Centre Bernard-Gari\u00e9py, 5105 boul. des \u00c9tudiants, Sorel-Tracy (Qu\u00e9bec) J3R 4K7<\/p>\n","protected":false},"excerpt":{"rendered":"<p>Le Service aux entreprises et aux individus (SAE) accompagne les entreprises et organismes de la r\u00e9gion au d\u00e9veloppement des comp\u00e9tences des travailleurs et travailleuses \u0153uvrant dans divers secteurs : POUR PLUS D\u2019INFORMATION Service aux entreprises et aux individus (SAE)\ud83d\udcbb sae@cssst.gouv.qc.ca\u260e\ufe0f 450 743-1285, poste 4312\ud83c\udfeb Centre Bernard-Gari\u00e9py, 5105 boul. des \u00c9tudiants, Sorel-Tracy (Qu\u00e9bec) J3R 4K7<\/p>\n","protected":false},"author":50,"featured_media":0,"parent":239,"menu_order":0,"comment_status":"closed","ping_status":"closed","template":"","meta":{"_acf_changed":false,"inline_featured_image":false,"footnotes":""},"class_list":["post-1371","page","type-page","status-publish","hentry"],"acf":[],"yoast_head":"<!-- This site is optimized with the Yoast SEO plugin v27.4 - https:\/\/yoast.com\/product\/yoast-seo-wordpress\/ -->\n<title>Formations sur mesure -<\/title>\n<meta name=\"robots\" content=\"index, follow, max-snippet:-1, max-image-preview:large, max-video-preview:-1\" \/>\n<link rel=\"canonical\" href=\"https:\/\/cssst.gouv.qc.ca\/adultes\/service-aux-entreprises-et-aux-individus\/formations-sur-mesure\/\" \/>\n<meta property=\"og:locale\" content=\"fr_CA\" \/>\n<meta property=\"og:type\" content=\"article\" \/>\n<meta property=\"og:title\" content=\"Formations sur mesure -\" \/>\n<meta property=\"og:description\" content=\"Le Service aux entreprises et aux individus (SAE) accompagne les entreprises et organismes de la r\u00e9gion au d\u00e9veloppement des comp\u00e9tences des travailleurs et travailleuses \u0153uvrant dans divers secteurs : POUR PLUS D\u2019INFORMATION Service aux entreprises et aux individus (SAE)\ud83d\udcbb sae@cssst.gouv.qc.ca\u260e\ufe0f 450 743-1285, poste 4312\ud83c\udfeb Centre Bernard-Gari\u00e9py, 5105 boul. des \u00c9tudiants, Sorel-Tracy (Qu\u00e9bec) J3R 4K7\" \/>\n<meta property=\"og:url\" content=\"https:\/\/cssst.gouv.qc.ca\/adultes\/service-aux-entreprises-et-aux-individus\/formations-sur-mesure\/\" \/>\n<meta property=\"article:publisher\" content=\"https:\/\/www.facebook.com\/CFPEAST?locale=fr_CA\" \/>\n<meta property=\"article:modified_time\" content=\"2026-02-02T14:19:02+00:00\" \/>\n<meta property=\"og:image\" content=\"https:\/\/cssst.gouv.qc.ca\/adultes\/wp-content\/uploads\/sites\/2\/2025\/04\/SAE_BANNIERE-LINKEDIN_4-1.png\" \/>\n\t<meta property=\"og:image:width\" content=\"1585\" \/>\n\t<meta property=\"og:image:height\" content=\"397\" \/>\n\t<meta property=\"og:image:type\" content=\"image\/png\" \/>\n<meta name=\"twitter:card\" content=\"summary_large_image\" \/>\n<meta name=\"twitter:label1\" content=\"Estimation du temps de lecture\" \/>\n\t<meta name=\"twitter:data1\" content=\"4 minutes\" \/>\n<script type=\"application\/ld+json\" class=\"yoast-schema-graph\">{\"@context\":\"https:\\\/\\\/schema.org\",\"@graph\":[{\"@type\":\"WebPage\",\"@id\":\"https:\\\/\\\/cssst.gouv.qc.ca\\\/adultes\\\/service-aux-entreprises-et-aux-individus\\\/formations-sur-mesure\\\/\",\"url\":\"https:\\\/\\\/cssst.gouv.qc.ca\\\/adultes\\\/service-aux-entreprises-et-aux-individus\\\/formations-sur-mesure\\\/\",\"name\":\"Formations sur mesure -\",\"isPartOf\":{\"@id\":\"https:\\\/\\\/cssst.gouv.qc.ca\\\/adultes\\\/#website\"},\"primaryImageOfPage\":{\"@id\":\"https:\\\/\\\/cssst.gouv.qc.ca\\\/adultes\\\/service-aux-entreprises-et-aux-individus\\\/formations-sur-mesure\\\/#primaryimage\"},\"image\":{\"@id\":\"https:\\\/\\\/cssst.gouv.qc.ca\\\/adultes\\\/service-aux-entreprises-et-aux-individus\\\/formations-sur-mesure\\\/#primaryimage\"},\"thumbnailUrl\":\"https:\\\/\\\/cssst.gouv.qc.ca\\\/adultes\\\/wp-content\\\/uploads\\\/sites\\\/2\\\/2025\\\/04\\\/SAE_BANNIERE-LINKEDIN_4-1.png\",\"datePublished\":\"2025-04-01T15:46:20+00:00\",\"dateModified\":\"2026-02-02T14:19:02+00:00\",\"breadcrumb\":{\"@id\":\"https:\\\/\\\/cssst.gouv.qc.ca\\\/adultes\\\/service-aux-entreprises-et-aux-individus\\\/formations-sur-mesure\\\/#breadcrumb\"},\"inLanguage\":\"fr-CA\",\"potentialAction\":[{\"@type\":\"ReadAction\",\"target\":[\"https:\\\/\\\/cssst.gouv.qc.ca\\\/adultes\\\/service-aux-entreprises-et-aux-individus\\\/formations-sur-mesure\\\/\"]}]},{\"@type\":\"ImageObject\",\"inLanguage\":\"fr-CA\",\"@id\":\"https:\\\/\\\/cssst.gouv.qc.ca\\\/adultes\\\/service-aux-entreprises-et-aux-individus\\\/formations-sur-mesure\\\/#primaryimage\",\"url\":\"https:\\\/\\\/cssst.gouv.qc.ca\\\/adultes\\\/wp-content\\\/uploads\\\/sites\\\/2\\\/2025\\\/04\\\/SAE_BANNIERE-LINKEDIN_4-1.png\",\"contentUrl\":\"https:\\\/\\\/cssst.gouv.qc.ca\\\/adultes\\\/wp-content\\\/uploads\\\/sites\\\/2\\\/2025\\\/04\\\/SAE_BANNIERE-LINKEDIN_4-1.png\",\"width\":1585,\"height\":397},{\"@type\":\"BreadcrumbList\",\"@id\":\"https:\\\/\\\/cssst.gouv.qc.ca\\\/adultes\\\/service-aux-entreprises-et-aux-individus\\\/formations-sur-mesure\\\/#breadcrumb\",\"itemListElement\":[{\"@type\":\"ListItem\",\"position\":1,\"name\":\"Accueil\",\"item\":\"https:\\\/\\\/cssst.gouv.qc.ca\\\/adultes\\\/\"},{\"@type\":\"ListItem\",\"position\":2,\"name\":\"Service aux entreprises et aux individus\",\"item\":\"https:\\\/\\\/cssst.gouv.qc.ca\\\/adultes\\\/service-aux-entreprises-et-aux-individus\\\/\"},{\"@type\":\"ListItem\",\"position\":3,\"name\":\"Formations sur mesure\"}]},{\"@type\":\"WebSite\",\"@id\":\"https:\\\/\\\/cssst.gouv.qc.ca\\\/adultes\\\/#website\",\"url\":\"https:\\\/\\\/cssst.gouv.qc.ca\\\/adultes\\\/\",\"name\":\"\",\"description\":\"\",\"potentialAction\":[{\"@type\":\"SearchAction\",\"target\":{\"@type\":\"EntryPoint\",\"urlTemplate\":\"https:\\\/\\\/cssst.gouv.qc.ca\\\/adultes\\\/?s={search_term_string}\"},\"query-input\":{\"@type\":\"PropertyValueSpecification\",\"valueRequired\":true,\"valueName\":\"search_term_string\"}}],\"inLanguage\":\"fr-CA\"}]}<\/script>\n<!-- \/ Yoast SEO plugin. -->","yoast_head_json":{"title":"Formations sur mesure -","robots":{"index":"index","follow":"follow","max-snippet":"max-snippet:-1","max-image-preview":"max-image-preview:large","max-video-preview":"max-video-preview:-1"},"canonical":"https:\/\/cssst.gouv.qc.ca\/adultes\/service-aux-entreprises-et-aux-individus\/formations-sur-mesure\/","og_locale":"fr_CA","og_type":"article","og_title":"Formations sur mesure -","og_description":"Le Service aux entreprises et aux individus (SAE) accompagne les entreprises et organismes de la r\u00e9gion au d\u00e9veloppement des comp\u00e9tences des travailleurs et travailleuses \u0153uvrant dans divers secteurs : POUR PLUS D\u2019INFORMATION Service aux entreprises et aux individus (SAE)\ud83d\udcbb sae@cssst.gouv.qc.ca\u260e\ufe0f 450 743-1285, poste 4312\ud83c\udfeb Centre Bernard-Gari\u00e9py, 5105 boul. des \u00c9tudiants, Sorel-Tracy (Qu\u00e9bec) J3R 4K7","og_url":"https:\/\/cssst.gouv.qc.ca\/adultes\/service-aux-entreprises-et-aux-individus\/formations-sur-mesure\/","article_publisher":"https:\/\/www.facebook.com\/CFPEAST?locale=fr_CA","article_modified_time":"2026-02-02T14:19:02+00:00","og_image":[{"width":1585,"height":397,"url":"https:\/\/cssst.gouv.qc.ca\/adultes\/wp-content\/uploads\/sites\/2\/2025\/04\/SAE_BANNIERE-LINKEDIN_4-1.png","type":"image\/png"}],"twitter_card":"summary_large_image","twitter_misc":{"Estimation du temps de lecture":"4 minutes"},"schema":{"@context":"https:\/\/schema.org","@graph":[{"@type":"WebPage","@id":"https:\/\/cssst.gouv.qc.ca\/adultes\/service-aux-entreprises-et-aux-individus\/formations-sur-mesure\/","url":"https:\/\/cssst.gouv.qc.ca\/adultes\/service-aux-entreprises-et-aux-individus\/formations-sur-mesure\/","name":"Formations sur mesure -","isPartOf":{"@id":"https:\/\/cssst.gouv.qc.ca\/adultes\/#website"},"primaryImageOfPage":{"@id":"https:\/\/cssst.gouv.qc.ca\/adultes\/service-aux-entreprises-et-aux-individus\/formations-sur-mesure\/#primaryimage"},"image":{"@id":"https:\/\/cssst.gouv.qc.ca\/adultes\/service-aux-entreprises-et-aux-individus\/formations-sur-mesure\/#primaryimage"},"thumbnailUrl":"https:\/\/cssst.gouv.qc.ca\/adultes\/wp-content\/uploads\/sites\/2\/2025\/04\/SAE_BANNIERE-LINKEDIN_4-1.png","datePublished":"2025-04-01T15:46:20+00:00","dateModified":"2026-02-02T14:19:02+00:00","breadcrumb":{"@id":"https:\/\/cssst.gouv.qc.ca\/adultes\/service-aux-entreprises-et-aux-individus\/formations-sur-mesure\/#breadcrumb"},"inLanguage":"fr-CA","potentialAction":[{"@type":"ReadAction","target":["https:\/\/cssst.gouv.qc.ca\/adultes\/service-aux-entreprises-et-aux-individus\/formations-sur-mesure\/"]}]},{"@type":"ImageObject","inLanguage":"fr-CA","@id":"https:\/\/cssst.gouv.qc.ca\/adultes\/service-aux-entreprises-et-aux-individus\/formations-sur-mesure\/#primaryimage","url":"https:\/\/cssst.gouv.qc.ca\/adultes\/wp-content\/uploads\/sites\/2\/2025\/04\/SAE_BANNIERE-LINKEDIN_4-1.png","contentUrl":"https:\/\/cssst.gouv.qc.ca\/adultes\/wp-content\/uploads\/sites\/2\/2025\/04\/SAE_BANNIERE-LINKEDIN_4-1.png","width":1585,"height":397},{"@type":"BreadcrumbList","@id":"https:\/\/cssst.gouv.qc.ca\/adultes\/service-aux-entreprises-et-aux-individus\/formations-sur-mesure\/#breadcrumb","itemListElement":[{"@type":"ListItem","position":1,"name":"Accueil","item":"https:\/\/cssst.gouv.qc.ca\/adultes\/"},{"@type":"ListItem","position":2,"name":"Service aux entreprises et aux individus","item":"https:\/\/cssst.gouv.qc.ca\/adultes\/service-aux-entreprises-et-aux-individus\/"},{"@type":"ListItem","position":3,"name":"Formations sur mesure"}]},{"@type":"WebSite","@id":"https:\/\/cssst.gouv.qc.ca\/adultes\/#website","url":"https:\/\/cssst.gouv.qc.ca\/adultes\/","name":"","description":"","potentialAction":[{"@type":"SearchAction","target":{"@type":"EntryPoint","urlTemplate":"https:\/\/cssst.gouv.qc.ca\/adultes\/?s={search_term_string}"},"query-input":{"@type":"PropertyValueSpecification","valueRequired":true,"valueName":"search_term_string"}}],"inLanguage":"fr-CA"}]}},"_links":{"self":[{"href":"https:\/\/cssst.gouv.qc.ca\/adultes\/wp-json\/wp\/v2\/pages\/1371","targetHints":{"allow":["GET"]}}],"collection":[{"href":"https:\/\/cssst.gouv.qc.ca\/adultes\/wp-json\/wp\/v2\/pages"}],"about":[{"href":"https:\/\/cssst.gouv.qc.ca\/adultes\/wp-json\/wp\/v2\/types\/page"}],"author":[{"embeddable":true,"href":"https:\/\/cssst.gouv.qc.ca\/adultes\/wp-json\/wp\/v2\/users\/50"}],"replies":[{"embeddable":true,"href":"https:\/\/cssst.gouv.qc.ca\/adultes\/wp-json\/wp\/v2\/comments?post=1371"}],"version-history":[{"count":0,"href":"https:\/\/cssst.gouv.qc.ca\/adultes\/wp-json\/wp\/v2\/pages\/1371\/revisions"}],"up":[{"embeddable":true,"href":"https:\/\/cssst.gouv.qc.ca\/adultes\/wp-json\/wp\/v2\/pages\/239"}],"wp:attachment":[{"href":"https:\/\/cssst.gouv.qc.ca\/adultes\/wp-json\/wp\/v2\/media?parent=1371"}],"curies":[{"name":"wp","href":"https:\/\/api.w.org\/{rel}","templated":true}]}}