{"id":1369,"date":"2025-04-01T15:44:51","date_gmt":"2025-04-01T15:44:51","guid":{"rendered":"https:\/\/cssst.gouv.qc.ca\/adultes\/?page_id=1369"},"modified":"2025-04-30T19:50:44","modified_gmt":"2025-04-30T19:50:44","slug":"formations-a-temps-partiel","status":"publish","type":"page","link":"https:\/\/cssst.gouv.qc.ca\/adultes\/service-aux-entreprises-et-aux-individus\/formations-a-temps-partiel\/","title":{"rendered":"Formations \u00e0 temps partiel"},"content":{"rendered":"\n<div class=\"wp-block-cover alignfull is-light\"><img loading=\"lazy\" decoding=\"async\" width=\"1472\" height=\"832\" class=\"wp-block-cover__image-background wp-image-2335\" alt=\"\" src=\"https:\/\/cssst.gouv.qc.ca\/adultes\/wp-content\/uploads\/sites\/2\/2025\/04\/SSC.jpg\" data-object-fit=\"cover\" srcset=\"https:\/\/cssst.gouv.qc.ca\/adultes\/wp-content\/uploads\/sites\/2\/2025\/04\/SSC.jpg 1472w, https:\/\/cssst.gouv.qc.ca\/adultes\/wp-content\/uploads\/sites\/2\/2025\/04\/SSC-300x170.jpg 300w, https:\/\/cssst.gouv.qc.ca\/adultes\/wp-content\/uploads\/sites\/2\/2025\/04\/SSC-1024x579.jpg 1024w, https:\/\/cssst.gouv.qc.ca\/adultes\/wp-content\/uploads\/sites\/2\/2025\/04\/SSC-768x434.jpg 768w\" sizes=\"auto, (max-width: 1472px) 100vw, 1472px\" \/><span aria-hidden=\"true\" class=\"wp-block-cover__background has-background-dim\" style=\"background-color:#a68a7d\"><\/span><div class=\"wp-block-cover__inner-container\">\n<p class=\"has-text-align-center has-large-font-size\">Formations \u00e0 temps partiel<\/p>\n<\/div><\/div>\n\n\n\n<div class=\"wp-block-group alignfull has-padding-y-large has-tertiary-background-color has-background\"><div class=\"yoast-breadcrumbs alignwide \"><span class=\"breadcrumbs\"><a href=\"https:\/\/cssst.gouv.qc.ca\/adultes\/\" class=\"breadcrumbs__element\">Accueil<\/a> <span class=\"breadcrumbs__separator\">\n        <svg class=\"icon icon-breadcrumb__separator\"><use xlink:href=\"#icon-breadcrumb__separator\"><\/use><\/svg>\n    <\/span> <a href=\"https:\/\/cssst.gouv.qc.ca\/adultes\/service-aux-entreprises-et-aux-individus\/\" class=\"breadcrumbs__element\">Service aux entreprises et aux individus<\/a> <span class=\"breadcrumbs__separator\">\n        <svg class=\"icon icon-breadcrumb__separator\"><use xlink:href=\"#icon-breadcrumb__separator\"><\/use><\/svg>\n    <\/span> <span class=\"breadcrumbs__element breadcrumbs__element-current\">Formations \u00e0 temps partiel<\/span><\/span><\/div><\/div>\n\n\n\n<p class=\"has-large-font-size\"><strong>FORMER POUR PROGRESSER<\/strong> ! \ud83d\ude80<\/p>\n\n\n\n<p>Les programmes de formation \u00e0 temps partiel offrent une flexibilit\u00e9 id\u00e9ale pour ceux et celles qui souhaitent d\u00e9velopper leurs comp\u00e9tences tout en conciliant leur emploi, leurs \u00e9tudes et leurs responsabilit\u00e9s personnelles. Ces formations permettent d&rsquo;acqu\u00e9rir des connaissances sp\u00e9cifiques dans un domaine et ainsi offrent l&rsquo;opportunit\u00e9 de d\u00e9velopper un plus grand sentiment d&rsquo;efficacit\u00e9 et de progresser professionnellement.<\/p>\n\n\n\n<h2 class=\"wp-block-heading has-accent-color has-text-color has-link-color has-large-font-size wp-elements-8369023d7a96325ded92019b9c9314aa\"><strong>D\u00e9couvrez nos formations et leurs particularit\u00e9s juste ici \ud83d\udc47<\/strong><\/h2>\n\n\n\n<div class=\"act-collapsible\">\n<h5 class=\"wp-block-heading act-collapsible__heading has-primary-color has-text-color has-link-color wp-elements-8b4c24a997d7a0ff595bcf8701315f23\">Nos formations<\/h5>\n\n\n\n<div class=\"act-collapsible__content\"><div class=\"act-collapsible__content-inner\">\n<ul class=\"wp-block-list\">\n<li class=\"has-accent-lighter-color has-text-color has-link-color wp-elements-c52c7316eca02a1892e8a385d8845cdf\"><a href=\"https:\/\/cssst.gouv.qc.ca\/adultes\/competence-6\/\"><strong>Comp\u00e9tence 6 &#8211; R\u00e8gles et proc\u00e9dures au regard de l\u2019administration de m\u00e9dicaments et<\/strong> <strong>de soins invasifs d\u2019assistance (auparavant loi 90)&nbsp;<\/strong><\/a><\/li>\n\n\n\n<li class=\"has-accent-lighter-color has-text-color has-link-color wp-elements-93629947ab9d169acdd56b5ec09aae41\"><strong><a href=\"https:\/\/cssst.gouv.qc.ca\/adultes\/formation-professionnelle\/sante-et-securite-generale-sur-les-chantiers-de-construction-asp\/\">Sant\u00e9 et s\u00e9curit\u00e9 sur les chantiers de construction (ASP)<\/a><\/strong><\/li>\n<\/ul>\n<\/div><\/div>\n<\/div>\n\n\n\n\n\n<p><strong>Vous avez besoin d\u2019accompagnement ?<\/strong><br>\ud83d\udcbb sarca@cssst.gouv.qc.ca<br>\u260e\ufe0f 450 743-1285, poste 4200<\/p>\n","protected":false},"excerpt":{"rendered":"<p>FORMER POUR PROGRESSER ! \ud83d\ude80 Les programmes de formation \u00e0 temps partiel offrent une flexibilit\u00e9 id\u00e9ale pour ceux et celles qui souhaitent d\u00e9velopper leurs comp\u00e9tences tout en conciliant leur emploi, leurs \u00e9tudes et leurs responsabilit\u00e9s personnelles. Ces formations permettent d&rsquo;acqu\u00e9rir des connaissances sp\u00e9cifiques dans un domaine et ainsi offrent l&rsquo;opportunit\u00e9 de d\u00e9velopper un plus grand [&hellip;]<\/p>\n","protected":false},"author":50,"featured_media":0,"parent":239,"menu_order":0,"comment_status":"closed","ping_status":"closed","template":"","meta":{"_acf_changed":false,"inline_featured_image":false,"footnotes":""},"class_list":["post-1369","page","type-page","status-publish","hentry"],"acf":[],"yoast_head":"<!-- This site is optimized with the Yoast SEO plugin v27.4 - https:\/\/yoast.com\/product\/yoast-seo-wordpress\/ -->\n<title>Formations \u00e0 temps partiel -<\/title>\n<meta name=\"robots\" content=\"index, follow, max-snippet:-1, max-image-preview:large, max-video-preview:-1\" \/>\n<link rel=\"canonical\" href=\"https:\/\/cssst.gouv.qc.ca\/adultes\/service-aux-entreprises-et-aux-individus\/formations-a-temps-partiel\/\" \/>\n<meta property=\"og:locale\" content=\"fr_CA\" \/>\n<meta property=\"og:type\" content=\"article\" \/>\n<meta property=\"og:title\" content=\"Formations \u00e0 temps partiel -\" \/>\n<meta property=\"og:description\" content=\"FORMER POUR PROGRESSER ! \ud83d\ude80 Les programmes de formation \u00e0 temps partiel offrent une flexibilit\u00e9 id\u00e9ale pour ceux et celles qui souhaitent d\u00e9velopper leurs comp\u00e9tences tout en conciliant leur emploi, leurs \u00e9tudes et leurs responsabilit\u00e9s personnelles. Ces formations permettent d&rsquo;acqu\u00e9rir des connaissances sp\u00e9cifiques dans un domaine et ainsi offrent l&rsquo;opportunit\u00e9 de d\u00e9velopper un plus grand [&hellip;]\" \/>\n<meta property=\"og:url\" content=\"https:\/\/cssst.gouv.qc.ca\/adultes\/service-aux-entreprises-et-aux-individus\/formations-a-temps-partiel\/\" \/>\n<meta property=\"article:publisher\" content=\"https:\/\/www.facebook.com\/CFPEAST?locale=fr_CA\" \/>\n<meta property=\"article:modified_time\" content=\"2025-04-30T19:50:44+00:00\" \/>\n<meta property=\"og:image\" content=\"https:\/\/cssst.gouv.qc.ca\/adultes\/wp-content\/uploads\/sites\/2\/2025\/04\/SSC.jpg\" \/>\n\t<meta property=\"og:image:width\" content=\"1472\" \/>\n\t<meta property=\"og:image:height\" content=\"832\" \/>\n\t<meta property=\"og:image:type\" content=\"image\/jpeg\" \/>\n<meta name=\"twitter:card\" content=\"summary_large_image\" \/>\n<meta name=\"twitter:label1\" content=\"Estimation du temps de lecture\" \/>\n\t<meta name=\"twitter:data1\" content=\"1 minute\" \/>\n<script type=\"application\/ld+json\" class=\"yoast-schema-graph\">{\"@context\":\"https:\\\/\\\/schema.org\",\"@graph\":[{\"@type\":\"WebPage\",\"@id\":\"https:\\\/\\\/cssst.gouv.qc.ca\\\/adultes\\\/service-aux-entreprises-et-aux-individus\\\/formations-a-temps-partiel\\\/\",\"url\":\"https:\\\/\\\/cssst.gouv.qc.ca\\\/adultes\\\/service-aux-entreprises-et-aux-individus\\\/formations-a-temps-partiel\\\/\",\"name\":\"Formations \u00e0 temps partiel -\",\"isPartOf\":{\"@id\":\"https:\\\/\\\/cssst.gouv.qc.ca\\\/adultes\\\/#website\"},\"primaryImageOfPage\":{\"@id\":\"https:\\\/\\\/cssst.gouv.qc.ca\\\/adultes\\\/service-aux-entreprises-et-aux-individus\\\/formations-a-temps-partiel\\\/#primaryimage\"},\"image\":{\"@id\":\"https:\\\/\\\/cssst.gouv.qc.ca\\\/adultes\\\/service-aux-entreprises-et-aux-individus\\\/formations-a-temps-partiel\\\/#primaryimage\"},\"thumbnailUrl\":\"https:\\\/\\\/cssst.gouv.qc.ca\\\/adultes\\\/wp-content\\\/uploads\\\/sites\\\/2\\\/2025\\\/04\\\/SSC.jpg\",\"datePublished\":\"2025-04-01T15:44:51+00:00\",\"dateModified\":\"2025-04-30T19:50:44+00:00\",\"breadcrumb\":{\"@id\":\"https:\\\/\\\/cssst.gouv.qc.ca\\\/adultes\\\/service-aux-entreprises-et-aux-individus\\\/formations-a-temps-partiel\\\/#breadcrumb\"},\"inLanguage\":\"fr-CA\",\"potentialAction\":[{\"@type\":\"ReadAction\",\"target\":[\"https:\\\/\\\/cssst.gouv.qc.ca\\\/adultes\\\/service-aux-entreprises-et-aux-individus\\\/formations-a-temps-partiel\\\/\"]}]},{\"@type\":\"ImageObject\",\"inLanguage\":\"fr-CA\",\"@id\":\"https:\\\/\\\/cssst.gouv.qc.ca\\\/adultes\\\/service-aux-entreprises-et-aux-individus\\\/formations-a-temps-partiel\\\/#primaryimage\",\"url\":\"https:\\\/\\\/cssst.gouv.qc.ca\\\/adultes\\\/wp-content\\\/uploads\\\/sites\\\/2\\\/2025\\\/04\\\/SSC.jpg\",\"contentUrl\":\"https:\\\/\\\/cssst.gouv.qc.ca\\\/adultes\\\/wp-content\\\/uploads\\\/sites\\\/2\\\/2025\\\/04\\\/SSC.jpg\",\"width\":1472,\"height\":832},{\"@type\":\"BreadcrumbList\",\"@id\":\"https:\\\/\\\/cssst.gouv.qc.ca\\\/adultes\\\/service-aux-entreprises-et-aux-individus\\\/formations-a-temps-partiel\\\/#breadcrumb\",\"itemListElement\":[{\"@type\":\"ListItem\",\"position\":1,\"name\":\"Accueil\",\"item\":\"https:\\\/\\\/cssst.gouv.qc.ca\\\/adultes\\\/\"},{\"@type\":\"ListItem\",\"position\":2,\"name\":\"Service aux entreprises et aux individus\",\"item\":\"https:\\\/\\\/cssst.gouv.qc.ca\\\/adultes\\\/service-aux-entreprises-et-aux-individus\\\/\"},{\"@type\":\"ListItem\",\"position\":3,\"name\":\"Formations \u00e0 temps partiel\"}]},{\"@type\":\"WebSite\",\"@id\":\"https:\\\/\\\/cssst.gouv.qc.ca\\\/adultes\\\/#website\",\"url\":\"https:\\\/\\\/cssst.gouv.qc.ca\\\/adultes\\\/\",\"name\":\"\",\"description\":\"\",\"potentialAction\":[{\"@type\":\"SearchAction\",\"target\":{\"@type\":\"EntryPoint\",\"urlTemplate\":\"https:\\\/\\\/cssst.gouv.qc.ca\\\/adultes\\\/?s={search_term_string}\"},\"query-input\":{\"@type\":\"PropertyValueSpecification\",\"valueRequired\":true,\"valueName\":\"search_term_string\"}}],\"inLanguage\":\"fr-CA\"}]}<\/script>\n<!-- \/ Yoast SEO plugin. -->","yoast_head_json":{"title":"Formations \u00e0 temps partiel -","robots":{"index":"index","follow":"follow","max-snippet":"max-snippet:-1","max-image-preview":"max-image-preview:large","max-video-preview":"max-video-preview:-1"},"canonical":"https:\/\/cssst.gouv.qc.ca\/adultes\/service-aux-entreprises-et-aux-individus\/formations-a-temps-partiel\/","og_locale":"fr_CA","og_type":"article","og_title":"Formations \u00e0 temps partiel -","og_description":"FORMER POUR PROGRESSER ! \ud83d\ude80 Les programmes de formation \u00e0 temps partiel offrent une flexibilit\u00e9 id\u00e9ale pour ceux et celles qui souhaitent d\u00e9velopper leurs comp\u00e9tences tout en conciliant leur emploi, leurs \u00e9tudes et leurs responsabilit\u00e9s personnelles. Ces formations permettent d&rsquo;acqu\u00e9rir des connaissances sp\u00e9cifiques dans un domaine et ainsi offrent l&rsquo;opportunit\u00e9 de d\u00e9velopper un plus grand [&hellip;]","og_url":"https:\/\/cssst.gouv.qc.ca\/adultes\/service-aux-entreprises-et-aux-individus\/formations-a-temps-partiel\/","article_publisher":"https:\/\/www.facebook.com\/CFPEAST?locale=fr_CA","article_modified_time":"2025-04-30T19:50:44+00:00","og_image":[{"width":1472,"height":832,"url":"https:\/\/cssst.gouv.qc.ca\/adultes\/wp-content\/uploads\/sites\/2\/2025\/04\/SSC.jpg","type":"image\/jpeg"}],"twitter_card":"summary_large_image","twitter_misc":{"Estimation du temps de lecture":"1 minute"},"schema":{"@context":"https:\/\/schema.org","@graph":[{"@type":"WebPage","@id":"https:\/\/cssst.gouv.qc.ca\/adultes\/service-aux-entreprises-et-aux-individus\/formations-a-temps-partiel\/","url":"https:\/\/cssst.gouv.qc.ca\/adultes\/service-aux-entreprises-et-aux-individus\/formations-a-temps-partiel\/","name":"Formations \u00e0 temps partiel -","isPartOf":{"@id":"https:\/\/cssst.gouv.qc.ca\/adultes\/#website"},"primaryImageOfPage":{"@id":"https:\/\/cssst.gouv.qc.ca\/adultes\/service-aux-entreprises-et-aux-individus\/formations-a-temps-partiel\/#primaryimage"},"image":{"@id":"https:\/\/cssst.gouv.qc.ca\/adultes\/service-aux-entreprises-et-aux-individus\/formations-a-temps-partiel\/#primaryimage"},"thumbnailUrl":"https:\/\/cssst.gouv.qc.ca\/adultes\/wp-content\/uploads\/sites\/2\/2025\/04\/SSC.jpg","datePublished":"2025-04-01T15:44:51+00:00","dateModified":"2025-04-30T19:50:44+00:00","breadcrumb":{"@id":"https:\/\/cssst.gouv.qc.ca\/adultes\/service-aux-entreprises-et-aux-individus\/formations-a-temps-partiel\/#breadcrumb"},"inLanguage":"fr-CA","potentialAction":[{"@type":"ReadAction","target":["https:\/\/cssst.gouv.qc.ca\/adultes\/service-aux-entreprises-et-aux-individus\/formations-a-temps-partiel\/"]}]},{"@type":"ImageObject","inLanguage":"fr-CA","@id":"https:\/\/cssst.gouv.qc.ca\/adultes\/service-aux-entreprises-et-aux-individus\/formations-a-temps-partiel\/#primaryimage","url":"https:\/\/cssst.gouv.qc.ca\/adultes\/wp-content\/uploads\/sites\/2\/2025\/04\/SSC.jpg","contentUrl":"https:\/\/cssst.gouv.qc.ca\/adultes\/wp-content\/uploads\/sites\/2\/2025\/04\/SSC.jpg","width":1472,"height":832},{"@type":"BreadcrumbList","@id":"https:\/\/cssst.gouv.qc.ca\/adultes\/service-aux-entreprises-et-aux-individus\/formations-a-temps-partiel\/#breadcrumb","itemListElement":[{"@type":"ListItem","position":1,"name":"Accueil","item":"https:\/\/cssst.gouv.qc.ca\/adultes\/"},{"@type":"ListItem","position":2,"name":"Service aux entreprises et aux individus","item":"https:\/\/cssst.gouv.qc.ca\/adultes\/service-aux-entreprises-et-aux-individus\/"},{"@type":"ListItem","position":3,"name":"Formations \u00e0 temps partiel"}]},{"@type":"WebSite","@id":"https:\/\/cssst.gouv.qc.ca\/adultes\/#website","url":"https:\/\/cssst.gouv.qc.ca\/adultes\/","name":"","description":"","potentialAction":[{"@type":"SearchAction","target":{"@type":"EntryPoint","urlTemplate":"https:\/\/cssst.gouv.qc.ca\/adultes\/?s={search_term_string}"},"query-input":{"@type":"PropertyValueSpecification","valueRequired":true,"valueName":"search_term_string"}}],"inLanguage":"fr-CA"}]}},"_links":{"self":[{"href":"https:\/\/cssst.gouv.qc.ca\/adultes\/wp-json\/wp\/v2\/pages\/1369","targetHints":{"allow":["GET"]}}],"collection":[{"href":"https:\/\/cssst.gouv.qc.ca\/adultes\/wp-json\/wp\/v2\/pages"}],"about":[{"href":"https:\/\/cssst.gouv.qc.ca\/adultes\/wp-json\/wp\/v2\/types\/page"}],"author":[{"embeddable":true,"href":"https:\/\/cssst.gouv.qc.ca\/adultes\/wp-json\/wp\/v2\/users\/50"}],"replies":[{"embeddable":true,"href":"https:\/\/cssst.gouv.qc.ca\/adultes\/wp-json\/wp\/v2\/comments?post=1369"}],"version-history":[{"count":0,"href":"https:\/\/cssst.gouv.qc.ca\/adultes\/wp-json\/wp\/v2\/pages\/1369\/revisions"}],"up":[{"embeddable":true,"href":"https:\/\/cssst.gouv.qc.ca\/adultes\/wp-json\/wp\/v2\/pages\/239"}],"wp:attachment":[{"href":"https:\/\/cssst.gouv.qc.ca\/adultes\/wp-json\/wp\/v2\/media?parent=1369"}],"curies":[{"name":"wp","href":"https:\/\/api.w.org\/{rel}","templated":true}]}}