{"id":1341,"date":"2025-04-01T14:51:16","date_gmt":"2025-04-01T14:51:16","guid":{"rendered":"https:\/\/cssst.gouv.qc.ca\/adultes\/?page_id=1341"},"modified":"2025-04-28T18:12:19","modified_gmt":"2025-04-28T18:12:19","slug":"formation-de-base","status":"publish","type":"page","link":"https:\/\/cssst.gouv.qc.ca\/adultes\/formation-generale-des-adultes\/formation-de-base\/","title":{"rendered":"Formation de base"},"content":{"rendered":"\n\n<p class=\"act-lead\"><\/p>\n\n\n\n\n<div class=\"wp-block-cover alignfull is-light\"><span aria-hidden=\"true\" class=\"wp-block-cover__background has-background-dim\" style=\"background-color:#aaa49f\"><\/span><img loading=\"lazy\" decoding=\"async\" width=\"7952\" height=\"5304\" class=\"wp-block-cover__image-background wp-image-2070\" alt=\"\" src=\"https:\/\/cssst.gouv.qc.ca\/adultes\/wp-content\/uploads\/sites\/2\/2025\/04\/AYA05619.jpg\" data-object-fit=\"cover\" srcset=\"https:\/\/cssst.gouv.qc.ca\/adultes\/wp-content\/uploads\/sites\/2\/2025\/04\/AYA05619.jpg 7952w, https:\/\/cssst.gouv.qc.ca\/adultes\/wp-content\/uploads\/sites\/2\/2025\/04\/AYA05619-300x200.jpg 300w, https:\/\/cssst.gouv.qc.ca\/adultes\/wp-content\/uploads\/sites\/2\/2025\/04\/AYA05619-1024x683.jpg 1024w, https:\/\/cssst.gouv.qc.ca\/adultes\/wp-content\/uploads\/sites\/2\/2025\/04\/AYA05619-768x512.jpg 768w, https:\/\/cssst.gouv.qc.ca\/adultes\/wp-content\/uploads\/sites\/2\/2025\/04\/AYA05619-1536x1025.jpg 1536w\" sizes=\"auto, (max-width: 7952px) 100vw, 7952px\" \/><div class=\"wp-block-cover__inner-container\">\n<p class=\"has-text-align-center has-large-font-size\">Formation de base<\/p>\n<\/div><\/div>\n\n\n\n<div class=\"wp-block-group alignfull has-padding-y-large has-tertiary-background-color has-background\"><div class=\"yoast-breadcrumbs alignwide \"><span class=\"breadcrumbs\"><a href=\"https:\/\/cssst.gouv.qc.ca\/adultes\/\" class=\"breadcrumbs__element\">Accueil<\/a> <span class=\"breadcrumbs__separator\">\n        <svg class=\"icon icon-breadcrumb__separator\"><use xlink:href=\"#icon-breadcrumb__separator\"><\/use><\/svg>\n    <\/span> <a href=\"https:\/\/cssst.gouv.qc.ca\/adultes\/formation-generale-des-adultes\/\" class=\"breadcrumbs__element\">Formation g\u00e9n\u00e9rale des adultes<\/a> <span class=\"breadcrumbs__separator\">\n        <svg class=\"icon icon-breadcrumb__separator\"><use xlink:href=\"#icon-breadcrumb__separator\"><\/use><\/svg>\n    <\/span> <span class=\"breadcrumbs__element breadcrumbs__element-current\">Formation de base<\/span><\/span><\/div><\/div>\n\n\n\n<h2 class=\"wp-block-heading\">Fran\u00e7ais<\/h2>\n\n\n\n<div class=\"wp-block-columns\">\n<div class=\"wp-block-column is-vertically-aligned-center is-style-rounded-corners\">\n<p class=\"has-text-align-center\"><strong>Alphab\u00e9tisation<\/strong> <strong>\u00e0 secondaire 5<\/strong><\/p>\n<\/div>\n\n\n\n<div class=\"wp-block-column is-style-rounded-corners\">\n<p class=\"has-text-align-center\"><strong>Cyberfran\u00e7ais<\/strong><\/p>\n<\/div>\n<\/div>\n\n\n\n<h2 class=\"wp-block-heading\">Math\u00e9matique<\/h2>\n\n\n\n<div class=\"wp-block-columns\">\n<div class=\"wp-block-column is-style-rounded-corners\">\n<p class=\"has-text-align-center\"><strong>Alphab\u00e9tisation \u00e0 secondaire 5<\/strong><\/p>\n<\/div>\n\n\n\n<div class=\"wp-block-column is-style-rounded-corners\">\n<p class=\"has-text-align-center\"><strong>Math\u00e9matique, culture, soci\u00e9t\u00e9 et technologie<\/strong><\/p>\n<\/div>\n\n\n\n<div class=\"wp-block-column is-style-rounded-corners\">\n<p class=\"has-text-align-center\"><strong>Math\u00e9matique science naturelle<\/strong><\/p>\n<\/div>\n<\/div>\n\n\n\n<h2 class=\"wp-block-heading\">Anglais<\/h2>\n\n\n\n<div class=\"wp-block-columns\">\n<div class=\"wp-block-column is-style-rounded-corners\">\n<p class=\"has-text-align-center\"><strong>Pr\u00e9secondaire \u00e0 secondaire 5<\/strong><\/p>\n<\/div>\n\n\n\n<div class=\"wp-block-column is-style-rounded-corners\">\n<p class=\"has-text-align-center\"><strong>Cyberanglais<\/strong><\/p>\n<\/div>\n<\/div>\n\n\n\n<h2 class=\"wp-block-heading\">Sciences<\/h2>\n\n\n\n<div class=\"wp-block-columns\">\n<div class=\"wp-block-column is-style-rounded-corners\">\n<p class=\"has-text-align-center\"><strong>Physique<\/strong><\/p>\n<\/div>\n\n\n\n<div class=\"wp-block-column is-style-rounded-corners\">\n<p class=\"has-text-align-center\"><strong>Chimie<\/strong><\/p>\n<\/div>\n<\/div>\n\n\n\n<div class=\"wp-block-columns\">\n<div class=\"wp-block-column is-style-rounded-corners\">\n<p class=\"has-text-align-center\"><strong>Sciences g\u00e9n\u00e9rales et sciences technologiques<\/strong><\/p>\n<\/div>\n\n\n\n<div class=\"wp-block-column is-style-rounded-corners\">\n<p class=\"has-text-align-center\"><strong>Sciences technologiques et de l&rsquo;environnement<\/strong><\/p>\n<\/div>\n<\/div>\n\n\n\n<h2 class=\"wp-block-heading\">Histoire<\/h2>\n\n\n\n<div class=\"wp-block-columns\">\n<div class=\"wp-block-column is-style-rounded-corners\">\n<p class=\"has-text-align-center\"><strong>Secondaire 3<\/strong><\/p>\n<\/div>\n\n\n\n<div class=\"wp-block-column is-style-rounded-corners\">\n<p class=\"has-text-align-center\"><strong>Secondaire 4<\/strong><\/p>\n<\/div>\n<\/div>\n\n\n\n<h2 class=\"wp-block-heading\">Cours optionnels: secondaire 4 et 5<\/h2>\n\n\n\n<div class=\"wp-block-columns\">\n<div class=\"wp-block-column is-style-rounded-corners\">\n<p class=\"has-text-align-center\"><strong>Fran\u00e7ais<\/strong><\/p>\n<\/div>\n\n\n\n<div class=\"wp-block-column is-style-rounded-corners\">\n<p class=\"has-text-align-center\"><strong>Anglais<\/strong><\/p>\n<\/div>\n\n\n\n<div class=\"wp-block-column is-style-rounded-corners\">\n<p class=\"has-text-align-center\"><strong>Math\u00e9matique<\/strong><\/p>\n<\/div>\n<\/div>\n\n\n\n<div class=\"wp-block-columns\">\n<div class=\"wp-block-column is-vertically-aligned-center is-style-rounded-corners\">\n<p class=\"has-text-align-center\"><strong>Physique\/chimie<\/strong><\/p>\n<\/div>\n\n\n\n<div class=\"wp-block-column is-vertically-aligned-center is-style-rounded-corners\">\n<p class=\"has-text-align-center\"><strong>Univers social<\/strong><\/p>\n<\/div>\n\n\n\n<div class=\"wp-block-column is-vertically-aligned-center is-style-rounded-corners\">\n<p class=\"has-text-align-center\"><strong>D\u00e9veloppement personnel et social (PER)<\/strong><\/p>\n<\/div>\n<\/div>\n\n\n\n<div class=\"wp-block-columns\">\n<div class=\"wp-block-column is-vertically-aligned-center is-style-rounded-corners\">\n<p class=\"has-text-align-center\"><strong>Informatique<\/strong><\/p>\n<\/div>\n\n\n\n<div class=\"wp-block-column is-vertically-aligned-center is-style-rounded-corners\">\n<p class=\"has-text-align-center\"><strong>Engagement vers la r\u00e9ussite<\/strong> <strong>(EVR)<\/strong><\/p>\n<\/div>\n\n\n\n<div class=\"wp-block-column is-vertically-aligned-center is-style-rounded-corners\">\n<p class=\"has-text-align-center\"><strong>Arts<\/strong><\/p>\n<\/div>\n<\/div>\n\n\n\n<h2 class=\"wp-block-heading\">Formation \u00e0 distance<\/h2>\n\n\n\n<div class=\"wp-block-columns\">\n<div class=\"wp-block-column is-style-rounded-corners\">\n<p><strong>La formation \u00e0 distance<\/strong> offre les cours <strong>d&rsquo;anglais<\/strong>, de<strong> fran\u00e7ais <\/strong>et de <strong>math\u00e9matique<\/strong> de <strong>secondaire<\/strong> <strong>3 \u00e0 5<\/strong>.<br>Cette option est id\u00e9ale pour ceux et celles qui ne peuvent pas suivre leur formation en pr\u00e9sentiel en raison de leur emploi du temps.<br><br>Cette m\u00e9thode d&rsquo;apprentissage permet aux \u00e9l\u00e8ves de <strong>progresser \u00e0 leur propre rythme<\/strong> et de concilier \u00e9tudes et obligations professionnelles ou personnelles. C&rsquo;est une solution pratique et accessible pour obtenir un dipl\u00f4mes d&rsquo;\u00e9tudes secondaires tout en respectant un emploi du temps charg\u00e9!<\/p>\n<\/div>\n<\/div>\n\n\n\n<h2 class=\"wp-block-heading\">Information\/inscription<\/h2>\n\n\n\n<div class=\"wp-block-columns\">\n<div class=\"wp-block-column\">\n<p>\u260e\ufe0f 450 743-1285, poste 4200<br>\ud83d\udce7 sarca@cssst.gouv.qc.ca<\/p>\n<\/div>\n<\/div>\n","protected":false},"excerpt":{"rendered":"<p>Fran\u00e7ais Alphab\u00e9tisation \u00e0 secondaire 5 Cyberfran\u00e7ais Math\u00e9matique Alphab\u00e9tisation \u00e0 secondaire 5 Math\u00e9matique, culture, soci\u00e9t\u00e9 et technologie Math\u00e9matique science naturelle Anglais Pr\u00e9secondaire \u00e0 secondaire 5 Cyberanglais Sciences Physique Chimie Sciences g\u00e9n\u00e9rales et sciences technologiques Sciences technologiques et de l&rsquo;environnement Histoire Secondaire 3 Secondaire 4 Cours optionnels: secondaire 4 et 5 Fran\u00e7ais Anglais Math\u00e9matique Physique\/chimie Univers social [&hellip;]<\/p>\n","protected":false},"author":50,"featured_media":0,"parent":204,"menu_order":0,"comment_status":"closed","ping_status":"closed","template":"","meta":{"_acf_changed":false,"inline_featured_image":false,"footnotes":""},"class_list":["post-1341","page","type-page","status-publish","hentry"],"acf":[],"yoast_head":"<!-- This site is optimized with the Yoast SEO plugin v27.5 - https:\/\/yoast.com\/product\/yoast-seo-wordpress\/ -->\n<title>Formation de base -<\/title>\n<meta name=\"robots\" content=\"index, follow, max-snippet:-1, max-image-preview:large, max-video-preview:-1\" \/>\n<link rel=\"canonical\" href=\"https:\/\/cssst.gouv.qc.ca\/adultes\/formation-generale-des-adultes\/formation-de-base\/\" \/>\n<meta property=\"og:locale\" content=\"fr_CA\" \/>\n<meta property=\"og:type\" content=\"article\" \/>\n<meta property=\"og:title\" content=\"Formation de base -\" \/>\n<meta property=\"og:description\" content=\"Fran\u00e7ais Alphab\u00e9tisation \u00e0 secondaire 5 Cyberfran\u00e7ais Math\u00e9matique Alphab\u00e9tisation \u00e0 secondaire 5 Math\u00e9matique, culture, soci\u00e9t\u00e9 et technologie Math\u00e9matique science naturelle Anglais Pr\u00e9secondaire \u00e0 secondaire 5 Cyberanglais Sciences Physique Chimie Sciences g\u00e9n\u00e9rales et sciences technologiques Sciences technologiques et de l&rsquo;environnement Histoire Secondaire 3 Secondaire 4 Cours optionnels: secondaire 4 et 5 Fran\u00e7ais Anglais Math\u00e9matique Physique\/chimie Univers social [&hellip;]\" \/>\n<meta property=\"og:url\" content=\"https:\/\/cssst.gouv.qc.ca\/adultes\/formation-generale-des-adultes\/formation-de-base\/\" \/>\n<meta property=\"article:publisher\" content=\"https:\/\/www.facebook.com\/CFPEAST?locale=fr_CA\" \/>\n<meta property=\"article:modified_time\" content=\"2025-04-28T18:12:19+00:00\" \/>\n<meta property=\"og:image\" content=\"https:\/\/cssst.gouv.qc.ca\/adultes\/wp-content\/uploads\/sites\/2\/2025\/04\/AYA05619-1024x683.jpg\" \/>\n\t<meta property=\"og:image:width\" content=\"1024\" \/>\n\t<meta property=\"og:image:height\" content=\"683\" \/>\n\t<meta property=\"og:image:type\" content=\"image\/jpeg\" \/>\n<meta name=\"twitter:card\" content=\"summary_large_image\" \/>\n<meta name=\"twitter:label1\" content=\"Estimation du temps de lecture\" \/>\n\t<meta name=\"twitter:data1\" content=\"2 minutes\" \/>\n<script type=\"application\/ld+json\" class=\"yoast-schema-graph\">{\"@context\":\"https:\\\/\\\/schema.org\",\"@graph\":[{\"@type\":\"WebPage\",\"@id\":\"https:\\\/\\\/cssst.gouv.qc.ca\\\/adultes\\\/formation-generale-des-adultes\\\/formation-de-base\\\/\",\"url\":\"https:\\\/\\\/cssst.gouv.qc.ca\\\/adultes\\\/formation-generale-des-adultes\\\/formation-de-base\\\/\",\"name\":\"Formation de base -\",\"isPartOf\":{\"@id\":\"https:\\\/\\\/cssst.gouv.qc.ca\\\/adultes\\\/#website\"},\"primaryImageOfPage\":{\"@id\":\"https:\\\/\\\/cssst.gouv.qc.ca\\\/adultes\\\/formation-generale-des-adultes\\\/formation-de-base\\\/#primaryimage\"},\"image\":{\"@id\":\"https:\\\/\\\/cssst.gouv.qc.ca\\\/adultes\\\/formation-generale-des-adultes\\\/formation-de-base\\\/#primaryimage\"},\"thumbnailUrl\":\"https:\\\/\\\/cssst.gouv.qc.ca\\\/adultes\\\/wp-content\\\/uploads\\\/sites\\\/2\\\/2025\\\/04\\\/AYA05619.jpg\",\"datePublished\":\"2025-04-01T14:51:16+00:00\",\"dateModified\":\"2025-04-28T18:12:19+00:00\",\"breadcrumb\":{\"@id\":\"https:\\\/\\\/cssst.gouv.qc.ca\\\/adultes\\\/formation-generale-des-adultes\\\/formation-de-base\\\/#breadcrumb\"},\"inLanguage\":\"fr-CA\",\"potentialAction\":[{\"@type\":\"ReadAction\",\"target\":[\"https:\\\/\\\/cssst.gouv.qc.ca\\\/adultes\\\/formation-generale-des-adultes\\\/formation-de-base\\\/\"]}]},{\"@type\":\"ImageObject\",\"inLanguage\":\"fr-CA\",\"@id\":\"https:\\\/\\\/cssst.gouv.qc.ca\\\/adultes\\\/formation-generale-des-adultes\\\/formation-de-base\\\/#primaryimage\",\"url\":\"https:\\\/\\\/cssst.gouv.qc.ca\\\/adultes\\\/wp-content\\\/uploads\\\/sites\\\/2\\\/2025\\\/04\\\/AYA05619.jpg\",\"contentUrl\":\"https:\\\/\\\/cssst.gouv.qc.ca\\\/adultes\\\/wp-content\\\/uploads\\\/sites\\\/2\\\/2025\\\/04\\\/AYA05619.jpg\",\"width\":7952,\"height\":5304},{\"@type\":\"BreadcrumbList\",\"@id\":\"https:\\\/\\\/cssst.gouv.qc.ca\\\/adultes\\\/formation-generale-des-adultes\\\/formation-de-base\\\/#breadcrumb\",\"itemListElement\":[{\"@type\":\"ListItem\",\"position\":1,\"name\":\"Accueil\",\"item\":\"https:\\\/\\\/cssst.gouv.qc.ca\\\/adultes\\\/\"},{\"@type\":\"ListItem\",\"position\":2,\"name\":\"Formation g\u00e9n\u00e9rale des adultes\",\"item\":\"https:\\\/\\\/cssst.gouv.qc.ca\\\/adultes\\\/formation-generale-des-adultes\\\/\"},{\"@type\":\"ListItem\",\"position\":3,\"name\":\"Formation de base\"}]},{\"@type\":\"WebSite\",\"@id\":\"https:\\\/\\\/cssst.gouv.qc.ca\\\/adultes\\\/#website\",\"url\":\"https:\\\/\\\/cssst.gouv.qc.ca\\\/adultes\\\/\",\"name\":\"\",\"description\":\"\",\"potentialAction\":[{\"@type\":\"SearchAction\",\"target\":{\"@type\":\"EntryPoint\",\"urlTemplate\":\"https:\\\/\\\/cssst.gouv.qc.ca\\\/adultes\\\/?s={search_term_string}\"},\"query-input\":{\"@type\":\"PropertyValueSpecification\",\"valueRequired\":true,\"valueName\":\"search_term_string\"}}],\"inLanguage\":\"fr-CA\"}]}<\/script>\n<!-- \/ Yoast SEO plugin. -->","yoast_head_json":{"title":"Formation de base -","robots":{"index":"index","follow":"follow","max-snippet":"max-snippet:-1","max-image-preview":"max-image-preview:large","max-video-preview":"max-video-preview:-1"},"canonical":"https:\/\/cssst.gouv.qc.ca\/adultes\/formation-generale-des-adultes\/formation-de-base\/","og_locale":"fr_CA","og_type":"article","og_title":"Formation de base -","og_description":"Fran\u00e7ais Alphab\u00e9tisation \u00e0 secondaire 5 Cyberfran\u00e7ais Math\u00e9matique Alphab\u00e9tisation \u00e0 secondaire 5 Math\u00e9matique, culture, soci\u00e9t\u00e9 et technologie Math\u00e9matique science naturelle Anglais Pr\u00e9secondaire \u00e0 secondaire 5 Cyberanglais Sciences Physique Chimie Sciences g\u00e9n\u00e9rales et sciences technologiques Sciences technologiques et de l&rsquo;environnement Histoire Secondaire 3 Secondaire 4 Cours optionnels: secondaire 4 et 5 Fran\u00e7ais Anglais Math\u00e9matique Physique\/chimie Univers social [&hellip;]","og_url":"https:\/\/cssst.gouv.qc.ca\/adultes\/formation-generale-des-adultes\/formation-de-base\/","article_publisher":"https:\/\/www.facebook.com\/CFPEAST?locale=fr_CA","article_modified_time":"2025-04-28T18:12:19+00:00","og_image":[{"width":1024,"height":683,"url":"https:\/\/cssst.gouv.qc.ca\/adultes\/wp-content\/uploads\/sites\/2\/2025\/04\/AYA05619-1024x683.jpg","type":"image\/jpeg"}],"twitter_card":"summary_large_image","twitter_misc":{"Estimation du temps de lecture":"2 minutes"},"schema":{"@context":"https:\/\/schema.org","@graph":[{"@type":"WebPage","@id":"https:\/\/cssst.gouv.qc.ca\/adultes\/formation-generale-des-adultes\/formation-de-base\/","url":"https:\/\/cssst.gouv.qc.ca\/adultes\/formation-generale-des-adultes\/formation-de-base\/","name":"Formation de base -","isPartOf":{"@id":"https:\/\/cssst.gouv.qc.ca\/adultes\/#website"},"primaryImageOfPage":{"@id":"https:\/\/cssst.gouv.qc.ca\/adultes\/formation-generale-des-adultes\/formation-de-base\/#primaryimage"},"image":{"@id":"https:\/\/cssst.gouv.qc.ca\/adultes\/formation-generale-des-adultes\/formation-de-base\/#primaryimage"},"thumbnailUrl":"https:\/\/cssst.gouv.qc.ca\/adultes\/wp-content\/uploads\/sites\/2\/2025\/04\/AYA05619.jpg","datePublished":"2025-04-01T14:51:16+00:00","dateModified":"2025-04-28T18:12:19+00:00","breadcrumb":{"@id":"https:\/\/cssst.gouv.qc.ca\/adultes\/formation-generale-des-adultes\/formation-de-base\/#breadcrumb"},"inLanguage":"fr-CA","potentialAction":[{"@type":"ReadAction","target":["https:\/\/cssst.gouv.qc.ca\/adultes\/formation-generale-des-adultes\/formation-de-base\/"]}]},{"@type":"ImageObject","inLanguage":"fr-CA","@id":"https:\/\/cssst.gouv.qc.ca\/adultes\/formation-generale-des-adultes\/formation-de-base\/#primaryimage","url":"https:\/\/cssst.gouv.qc.ca\/adultes\/wp-content\/uploads\/sites\/2\/2025\/04\/AYA05619.jpg","contentUrl":"https:\/\/cssst.gouv.qc.ca\/adultes\/wp-content\/uploads\/sites\/2\/2025\/04\/AYA05619.jpg","width":7952,"height":5304},{"@type":"BreadcrumbList","@id":"https:\/\/cssst.gouv.qc.ca\/adultes\/formation-generale-des-adultes\/formation-de-base\/#breadcrumb","itemListElement":[{"@type":"ListItem","position":1,"name":"Accueil","item":"https:\/\/cssst.gouv.qc.ca\/adultes\/"},{"@type":"ListItem","position":2,"name":"Formation g\u00e9n\u00e9rale des adultes","item":"https:\/\/cssst.gouv.qc.ca\/adultes\/formation-generale-des-adultes\/"},{"@type":"ListItem","position":3,"name":"Formation de base"}]},{"@type":"WebSite","@id":"https:\/\/cssst.gouv.qc.ca\/adultes\/#website","url":"https:\/\/cssst.gouv.qc.ca\/adultes\/","name":"","description":"","potentialAction":[{"@type":"SearchAction","target":{"@type":"EntryPoint","urlTemplate":"https:\/\/cssst.gouv.qc.ca\/adultes\/?s={search_term_string}"},"query-input":{"@type":"PropertyValueSpecification","valueRequired":true,"valueName":"search_term_string"}}],"inLanguage":"fr-CA"}]}},"_links":{"self":[{"href":"https:\/\/cssst.gouv.qc.ca\/adultes\/wp-json\/wp\/v2\/pages\/1341","targetHints":{"allow":["GET"]}}],"collection":[{"href":"https:\/\/cssst.gouv.qc.ca\/adultes\/wp-json\/wp\/v2\/pages"}],"about":[{"href":"https:\/\/cssst.gouv.qc.ca\/adultes\/wp-json\/wp\/v2\/types\/page"}],"author":[{"embeddable":true,"href":"https:\/\/cssst.gouv.qc.ca\/adultes\/wp-json\/wp\/v2\/users\/50"}],"replies":[{"embeddable":true,"href":"https:\/\/cssst.gouv.qc.ca\/adultes\/wp-json\/wp\/v2\/comments?post=1341"}],"version-history":[{"count":0,"href":"https:\/\/cssst.gouv.qc.ca\/adultes\/wp-json\/wp\/v2\/pages\/1341\/revisions"}],"up":[{"embeddable":true,"href":"https:\/\/cssst.gouv.qc.ca\/adultes\/wp-json\/wp\/v2\/pages\/204"}],"wp:attachment":[{"href":"https:\/\/cssst.gouv.qc.ca\/adultes\/wp-json\/wp\/v2\/media?parent=1341"}],"curies":[{"name":"wp","href":"https:\/\/api.w.org\/{rel}","templated":true}]}}