{"id":1057,"date":"2023-06-08T14:15:51","date_gmt":"2023-06-08T14:15:51","guid":{"rendered":"https:\/\/cssst.gouv.qc.ca\/adultes\/?page_id=1057"},"modified":"2023-06-13T15:55:47","modified_gmt":"2023-06-13T15:55:47","slug":"entree-periodique-et-sortie-variable","status":"publish","type":"page","link":"https:\/\/cssst.gouv.qc.ca\/adultes\/centre\/entree-periodique-et-sortie-variable\/","title":{"rendered":"Entr\u00e9es p\u00e9riodiques et sorties variables (EPSV)"},"content":{"rendered":"\n<div class=\"wp-block-cover alignfull is-light is-style-title-banner\"><span aria-hidden=\"true\" class=\"wp-block-cover__background has-background-dim\"><\/span><img decoding=\"async\" class=\"wp-block-cover__image-background wp-image-182\" alt=\"\" src=\"http:\/\/cssst.gouv.qc.ca\/wp-content\/uploads\/2022\/08\/Seawire-Hero-06-2.jpg\" data-object-fit=\"cover\" \/><div class=\"wp-block-cover__inner-container\"><h2 class=\"wp-block-post-title\">Entr\u00e9es p\u00e9riodiques et sorties variables (EPSV)<\/h2><\/div><\/div>\n\n\n\n<div class=\"wp-block-group alignfull has-padding-y-large has-tertiary-background-color has-background\"><div class=\"yoast-breadcrumbs alignwide \"><span class=\"breadcrumbs\"><a href=\"https:\/\/cssst.gouv.qc.ca\/adultes\/\" class=\"breadcrumbs__element\">Accueil<\/a> <span class=\"breadcrumbs__separator\">\n        <svg class=\"icon icon-breadcrumb__separator\"><use xlink:href=\"#icon-breadcrumb__separator\"><\/use><\/svg>\n    <\/span> <a href=\"https:\/\/cssst.gouv.qc.ca\/adultes\/centre\/\" class=\"breadcrumbs__element\">Centres<\/a> <span class=\"breadcrumbs__separator\">\n        <svg class=\"icon icon-breadcrumb__separator\"><use xlink:href=\"#icon-breadcrumb__separator\"><\/use><\/svg>\n    <\/span> <span class=\"breadcrumbs__element breadcrumbs__element-current\">Entr\u00e9es p\u00e9riodiques et sorties variables (EPSV)<\/span><\/span><\/div><\/div>\n\n\n\n\n<p class=\"act-lead\">Certaines formations donn\u00e9es par les Centres sont offertes selon la formule d\u2019entr\u00e9e p\u00e9riodique et sortie variable (EPSV) aussi appel\u00e9e enseignement individualis\u00e9.<br><br>Cela signifie que les formations d\u00e9butent \u00e0 divers moments dans l\u2019ann\u00e9e.<br><br>Les futurs \u00e9l\u00e8ves n\u2019ont donc pas \u00e0 attendre une rentr\u00e9e globale pour d\u00e9buter leur formation : <strong>c&rsquo;est pratique pour les \u00e9l\u00e8ves enthousiastes et d\u00e9sireux d\u2019apprendre!<\/strong><\/p>\n\n","protected":false},"excerpt":{"rendered":"","protected":false},"author":1,"featured_media":0,"parent":169,"menu_order":0,"comment_status":"closed","ping_status":"closed","template":"","meta":{"_acf_changed":false,"inline_featured_image":false,"footnotes":""},"class_list":["post-1057","page","type-page","status-publish","hentry"],"acf":[],"yoast_head":"<!-- This site is optimized with the Yoast SEO plugin v27.4 - https:\/\/yoast.com\/product\/yoast-seo-wordpress\/ -->\n<title>Entr\u00e9es p\u00e9riodiques et sorties variables (EPSV) -<\/title>\n<meta name=\"robots\" content=\"index, follow, max-snippet:-1, max-image-preview:large, max-video-preview:-1\" \/>\n<link rel=\"canonical\" href=\"https:\/\/cssst.gouv.qc.ca\/adultes\/centre\/entree-periodique-et-sortie-variable\/\" \/>\n<meta property=\"og:locale\" content=\"fr_CA\" \/>\n<meta property=\"og:type\" content=\"article\" \/>\n<meta property=\"og:title\" content=\"Entr\u00e9es p\u00e9riodiques et sorties variables (EPSV) -\" \/>\n<meta property=\"og:url\" content=\"https:\/\/cssst.gouv.qc.ca\/adultes\/centre\/entree-periodique-et-sortie-variable\/\" \/>\n<meta property=\"article:publisher\" content=\"https:\/\/www.facebook.com\/CFPEAST?locale=fr_CA\" \/>\n<meta property=\"article:modified_time\" content=\"2023-06-13T15:55:47+00:00\" \/>\n<meta property=\"og:image\" content=\"http:\/\/cssst.gouv.qc.ca\/wp-content\/uploads\/2022\/08\/Seawire-Hero-06-2.jpg\" \/>\n<meta name=\"twitter:card\" content=\"summary_large_image\" \/>\n<meta name=\"twitter:label1\" content=\"Estimation du temps de lecture\" \/>\n\t<meta name=\"twitter:data1\" content=\"1 minute\" \/>\n<script type=\"application\/ld+json\" class=\"yoast-schema-graph\">{\"@context\":\"https:\\\/\\\/schema.org\",\"@graph\":[{\"@type\":\"WebPage\",\"@id\":\"https:\\\/\\\/cssst.gouv.qc.ca\\\/adultes\\\/centre\\\/entree-periodique-et-sortie-variable\\\/\",\"url\":\"https:\\\/\\\/cssst.gouv.qc.ca\\\/adultes\\\/centre\\\/entree-periodique-et-sortie-variable\\\/\",\"name\":\"Entr\u00e9es p\u00e9riodiques et sorties variables (EPSV) -\",\"isPartOf\":{\"@id\":\"https:\\\/\\\/cssst.gouv.qc.ca\\\/adultes\\\/#website\"},\"primaryImageOfPage\":{\"@id\":\"https:\\\/\\\/cssst.gouv.qc.ca\\\/adultes\\\/centre\\\/entree-periodique-et-sortie-variable\\\/#primaryimage\"},\"image\":{\"@id\":\"https:\\\/\\\/cssst.gouv.qc.ca\\\/adultes\\\/centre\\\/entree-periodique-et-sortie-variable\\\/#primaryimage\"},\"thumbnailUrl\":\"http:\\\/\\\/cssst.gouv.qc.ca\\\/wp-content\\\/uploads\\\/2022\\\/08\\\/Seawire-Hero-06-2.jpg\",\"datePublished\":\"2023-06-08T14:15:51+00:00\",\"dateModified\":\"2023-06-13T15:55:47+00:00\",\"breadcrumb\":{\"@id\":\"https:\\\/\\\/cssst.gouv.qc.ca\\\/adultes\\\/centre\\\/entree-periodique-et-sortie-variable\\\/#breadcrumb\"},\"inLanguage\":\"fr-CA\",\"potentialAction\":[{\"@type\":\"ReadAction\",\"target\":[\"https:\\\/\\\/cssst.gouv.qc.ca\\\/adultes\\\/centre\\\/entree-periodique-et-sortie-variable\\\/\"]}]},{\"@type\":\"ImageObject\",\"inLanguage\":\"fr-CA\",\"@id\":\"https:\\\/\\\/cssst.gouv.qc.ca\\\/adultes\\\/centre\\\/entree-periodique-et-sortie-variable\\\/#primaryimage\",\"url\":\"http:\\\/\\\/cssst.gouv.qc.ca\\\/wp-content\\\/uploads\\\/2022\\\/08\\\/Seawire-Hero-06-2.jpg\",\"contentUrl\":\"http:\\\/\\\/cssst.gouv.qc.ca\\\/wp-content\\\/uploads\\\/2022\\\/08\\\/Seawire-Hero-06-2.jpg\"},{\"@type\":\"BreadcrumbList\",\"@id\":\"https:\\\/\\\/cssst.gouv.qc.ca\\\/adultes\\\/centre\\\/entree-periodique-et-sortie-variable\\\/#breadcrumb\",\"itemListElement\":[{\"@type\":\"ListItem\",\"position\":1,\"name\":\"Accueil\",\"item\":\"https:\\\/\\\/cssst.gouv.qc.ca\\\/adultes\\\/\"},{\"@type\":\"ListItem\",\"position\":2,\"name\":\"Centres\",\"item\":\"https:\\\/\\\/cssst.gouv.qc.ca\\\/adultes\\\/centre\\\/\"},{\"@type\":\"ListItem\",\"position\":3,\"name\":\"Entr\u00e9es p\u00e9riodiques et sorties variables (EPSV)\"}]},{\"@type\":\"WebSite\",\"@id\":\"https:\\\/\\\/cssst.gouv.qc.ca\\\/adultes\\\/#website\",\"url\":\"https:\\\/\\\/cssst.gouv.qc.ca\\\/adultes\\\/\",\"name\":\"\",\"description\":\"\",\"potentialAction\":[{\"@type\":\"SearchAction\",\"target\":{\"@type\":\"EntryPoint\",\"urlTemplate\":\"https:\\\/\\\/cssst.gouv.qc.ca\\\/adultes\\\/?s={search_term_string}\"},\"query-input\":{\"@type\":\"PropertyValueSpecification\",\"valueRequired\":true,\"valueName\":\"search_term_string\"}}],\"inLanguage\":\"fr-CA\"}]}<\/script>\n<!-- \/ Yoast SEO plugin. -->","yoast_head_json":{"title":"Entr\u00e9es p\u00e9riodiques et sorties variables (EPSV) -","robots":{"index":"index","follow":"follow","max-snippet":"max-snippet:-1","max-image-preview":"max-image-preview:large","max-video-preview":"max-video-preview:-1"},"canonical":"https:\/\/cssst.gouv.qc.ca\/adultes\/centre\/entree-periodique-et-sortie-variable\/","og_locale":"fr_CA","og_type":"article","og_title":"Entr\u00e9es p\u00e9riodiques et sorties variables (EPSV) -","og_url":"https:\/\/cssst.gouv.qc.ca\/adultes\/centre\/entree-periodique-et-sortie-variable\/","article_publisher":"https:\/\/www.facebook.com\/CFPEAST?locale=fr_CA","article_modified_time":"2023-06-13T15:55:47+00:00","og_image":[{"url":"http:\/\/cssst.gouv.qc.ca\/wp-content\/uploads\/2022\/08\/Seawire-Hero-06-2.jpg","type":"","width":"","height":""}],"twitter_card":"summary_large_image","twitter_misc":{"Estimation du temps de lecture":"1 minute"},"schema":{"@context":"https:\/\/schema.org","@graph":[{"@type":"WebPage","@id":"https:\/\/cssst.gouv.qc.ca\/adultes\/centre\/entree-periodique-et-sortie-variable\/","url":"https:\/\/cssst.gouv.qc.ca\/adultes\/centre\/entree-periodique-et-sortie-variable\/","name":"Entr\u00e9es p\u00e9riodiques et sorties variables (EPSV) -","isPartOf":{"@id":"https:\/\/cssst.gouv.qc.ca\/adultes\/#website"},"primaryImageOfPage":{"@id":"https:\/\/cssst.gouv.qc.ca\/adultes\/centre\/entree-periodique-et-sortie-variable\/#primaryimage"},"image":{"@id":"https:\/\/cssst.gouv.qc.ca\/adultes\/centre\/entree-periodique-et-sortie-variable\/#primaryimage"},"thumbnailUrl":"http:\/\/cssst.gouv.qc.ca\/wp-content\/uploads\/2022\/08\/Seawire-Hero-06-2.jpg","datePublished":"2023-06-08T14:15:51+00:00","dateModified":"2023-06-13T15:55:47+00:00","breadcrumb":{"@id":"https:\/\/cssst.gouv.qc.ca\/adultes\/centre\/entree-periodique-et-sortie-variable\/#breadcrumb"},"inLanguage":"fr-CA","potentialAction":[{"@type":"ReadAction","target":["https:\/\/cssst.gouv.qc.ca\/adultes\/centre\/entree-periodique-et-sortie-variable\/"]}]},{"@type":"ImageObject","inLanguage":"fr-CA","@id":"https:\/\/cssst.gouv.qc.ca\/adultes\/centre\/entree-periodique-et-sortie-variable\/#primaryimage","url":"http:\/\/cssst.gouv.qc.ca\/wp-content\/uploads\/2022\/08\/Seawire-Hero-06-2.jpg","contentUrl":"http:\/\/cssst.gouv.qc.ca\/wp-content\/uploads\/2022\/08\/Seawire-Hero-06-2.jpg"},{"@type":"BreadcrumbList","@id":"https:\/\/cssst.gouv.qc.ca\/adultes\/centre\/entree-periodique-et-sortie-variable\/#breadcrumb","itemListElement":[{"@type":"ListItem","position":1,"name":"Accueil","item":"https:\/\/cssst.gouv.qc.ca\/adultes\/"},{"@type":"ListItem","position":2,"name":"Centres","item":"https:\/\/cssst.gouv.qc.ca\/adultes\/centre\/"},{"@type":"ListItem","position":3,"name":"Entr\u00e9es p\u00e9riodiques et sorties variables (EPSV)"}]},{"@type":"WebSite","@id":"https:\/\/cssst.gouv.qc.ca\/adultes\/#website","url":"https:\/\/cssst.gouv.qc.ca\/adultes\/","name":"","description":"","potentialAction":[{"@type":"SearchAction","target":{"@type":"EntryPoint","urlTemplate":"https:\/\/cssst.gouv.qc.ca\/adultes\/?s={search_term_string}"},"query-input":{"@type":"PropertyValueSpecification","valueRequired":true,"valueName":"search_term_string"}}],"inLanguage":"fr-CA"}]}},"_links":{"self":[{"href":"https:\/\/cssst.gouv.qc.ca\/adultes\/wp-json\/wp\/v2\/pages\/1057","targetHints":{"allow":["GET"]}}],"collection":[{"href":"https:\/\/cssst.gouv.qc.ca\/adultes\/wp-json\/wp\/v2\/pages"}],"about":[{"href":"https:\/\/cssst.gouv.qc.ca\/adultes\/wp-json\/wp\/v2\/types\/page"}],"author":[{"embeddable":true,"href":"https:\/\/cssst.gouv.qc.ca\/adultes\/wp-json\/wp\/v2\/users\/1"}],"replies":[{"embeddable":true,"href":"https:\/\/cssst.gouv.qc.ca\/adultes\/wp-json\/wp\/v2\/comments?post=1057"}],"version-history":[{"count":0,"href":"https:\/\/cssst.gouv.qc.ca\/adultes\/wp-json\/wp\/v2\/pages\/1057\/revisions"}],"up":[{"embeddable":true,"href":"https:\/\/cssst.gouv.qc.ca\/adultes\/wp-json\/wp\/v2\/pages\/169"}],"wp:attachment":[{"href":"https:\/\/cssst.gouv.qc.ca\/adultes\/wp-json\/wp\/v2\/media?parent=1057"}],"curies":[{"name":"wp","href":"https:\/\/api.w.org\/{rel}","templated":true}]}}