{"id":1007,"date":"2023-06-08T13:11:32","date_gmt":"2023-06-08T13:11:32","guid":{"rendered":"https:\/\/cssst.gouv.qc.ca\/adultes\/?page_id=1007"},"modified":"2023-06-13T17:17:10","modified_gmt":"2023-06-13T17:17:10","slug":"attestation-dequivalence","status":"publish","type":"page","link":"https:\/\/cssst.gouv.qc.ca\/adultes\/sarca\/attestation-dequivalence\/","title":{"rendered":"Attestation d&rsquo;\u00e9quivalence de niveau de scolarit\u00e9 (AENS)"},"content":{"rendered":"\n<div class=\"wp-block-cover alignfull is-light is-style-title-banner\"><span aria-hidden=\"true\" class=\"wp-block-cover__background has-background-dim\"><\/span><img decoding=\"async\" class=\"wp-block-cover__image-background wp-image-182\" alt=\"\" src=\"http:\/\/cssst.gouv.qc.ca\/wp-content\/uploads\/2022\/08\/Seawire-Hero-06-2.jpg\" data-object-fit=\"cover\" \/><div class=\"wp-block-cover__inner-container\">\n<div class=\"wp-block-group\"><h2 class=\"wp-block-post-title\">Attestation d&rsquo;\u00e9quivalence de niveau de scolarit\u00e9 (AENS)<\/h2><\/div>\n<\/div><\/div>\n\n\n\n<div class=\"wp-block-group alignfull has-padding-y-large has-tertiary-background-color has-background\">\n<div class=\"wp-block-columns\">\n<div class=\"wp-block-column\" style=\"flex-basis:100%\"><div class=\"yoast-breadcrumbs alignwide \"><span class=\"breadcrumbs\"><a href=\"https:\/\/cssst.gouv.qc.ca\/adultes\/\" class=\"breadcrumbs__element\">Accueil<\/a> <span class=\"breadcrumbs__separator\">\n        <svg class=\"icon icon-breadcrumb__separator\"><use xlink:href=\"#icon-breadcrumb__separator\"><\/use><\/svg>\n    <\/span> <a href=\"https:\/\/cssst.gouv.qc.ca\/adultes\/sarca\/\" class=\"breadcrumbs__element\">Services d&rsquo;accueil, de r\u00e9f\u00e9rence, de conseils et d&rsquo;accompagnement (SARCA)<\/a> <span class=\"breadcrumbs__separator\">\n        <svg class=\"icon icon-breadcrumb__separator\"><use xlink:href=\"#icon-breadcrumb__separator\"><\/use><\/svg>\n    <\/span> <span class=\"breadcrumbs__element breadcrumbs__element-current\">Attestation d&rsquo;\u00e9quivalence de niveau de scolarit\u00e9 (AENS)<\/span><\/span><\/div><\/div>\n<\/div>\n<\/div>\n\n\n\n<h1 class=\"wp-block-heading\"><\/h1>\n\n\n\n\n<p class=\"act-lead\">Il est possible d&rsquo;obtenir une attestation d&rsquo;\u00e9quivalence de niveau de scolarit\u00e9 de cinqui\u00e8me ann\u00e9e du secondaire (AENS) qui est une \u00e9valuation compos\u00e9e de sept (7) tests d&rsquo;\u00e9quivalence de niveau de 5e ann\u00e9e du secondaire. Cette attestation peut vous permettre de vous inscrire \u00e0 un programme de formation professionnelle (DEP) et m\u00eame d&rsquo;obtenir un emploi.<br><br><a href=\"https:\/\/drive.google.com\/file\/d\/1ZXraceo3RBMRKir3BQjYe2Ieg8Gtvkm1\/view?usp=sharing\" target=\"_blank\" rel=\"noreferrer noopener\"><strong>Guide pour le candidat ou la candidate<\/strong><\/a><br><br><strong>Frais<\/strong><br><br><strong>Pour vous pr\u00e9parer aux TENS&nbsp;<\/strong><a href=\"http:\/\/www.alloprof.qc.ca\/\" target=\"_blank\" rel=\"noreferrer noopener\"><strong>All\u00f4 pro<\/strong>f<\/a><br><\/p>\n\n","protected":false},"excerpt":{"rendered":"","protected":false},"author":1,"featured_media":0,"parent":997,"menu_order":0,"comment_status":"closed","ping_status":"closed","template":"","meta":{"_acf_changed":false,"inline_featured_image":false,"footnotes":""},"class_list":["post-1007","page","type-page","status-publish","hentry"],"acf":[],"yoast_head":"<!-- This site is optimized with the Yoast SEO plugin v27.4 - https:\/\/yoast.com\/product\/yoast-seo-wordpress\/ -->\n<title>Attestation d&#039;\u00e9quivalence de niveau de scolarit\u00e9 (AENS) -<\/title>\n<meta name=\"robots\" content=\"index, follow, max-snippet:-1, max-image-preview:large, max-video-preview:-1\" \/>\n<link rel=\"canonical\" href=\"https:\/\/cssst.gouv.qc.ca\/adultes\/sarca\/attestation-dequivalence\/\" \/>\n<meta property=\"og:locale\" content=\"fr_CA\" \/>\n<meta property=\"og:type\" content=\"article\" \/>\n<meta property=\"og:title\" content=\"Attestation d&#039;\u00e9quivalence de niveau de scolarit\u00e9 (AENS) -\" \/>\n<meta property=\"og:url\" content=\"https:\/\/cssst.gouv.qc.ca\/adultes\/sarca\/attestation-dequivalence\/\" \/>\n<meta property=\"article:publisher\" content=\"https:\/\/www.facebook.com\/CFPEAST?locale=fr_CA\" \/>\n<meta property=\"article:modified_time\" content=\"2023-06-13T17:17:10+00:00\" \/>\n<meta property=\"og:image\" content=\"http:\/\/cssst.gouv.qc.ca\/wp-content\/uploads\/2022\/08\/Seawire-Hero-06-2.jpg\" \/>\n<meta name=\"twitter:card\" content=\"summary_large_image\" \/>\n<meta name=\"twitter:label1\" content=\"Estimation du temps de lecture\" \/>\n\t<meta name=\"twitter:data1\" content=\"1 minute\" \/>\n<script type=\"application\/ld+json\" class=\"yoast-schema-graph\">{\"@context\":\"https:\\\/\\\/schema.org\",\"@graph\":[{\"@type\":\"WebPage\",\"@id\":\"https:\\\/\\\/cssst.gouv.qc.ca\\\/adultes\\\/sarca\\\/attestation-dequivalence\\\/\",\"url\":\"https:\\\/\\\/cssst.gouv.qc.ca\\\/adultes\\\/sarca\\\/attestation-dequivalence\\\/\",\"name\":\"Attestation d'\u00e9quivalence de niveau de scolarit\u00e9 (AENS) -\",\"isPartOf\":{\"@id\":\"https:\\\/\\\/cssst.gouv.qc.ca\\\/adultes\\\/#website\"},\"primaryImageOfPage\":{\"@id\":\"https:\\\/\\\/cssst.gouv.qc.ca\\\/adultes\\\/sarca\\\/attestation-dequivalence\\\/#primaryimage\"},\"image\":{\"@id\":\"https:\\\/\\\/cssst.gouv.qc.ca\\\/adultes\\\/sarca\\\/attestation-dequivalence\\\/#primaryimage\"},\"thumbnailUrl\":\"http:\\\/\\\/cssst.gouv.qc.ca\\\/wp-content\\\/uploads\\\/2022\\\/08\\\/Seawire-Hero-06-2.jpg\",\"datePublished\":\"2023-06-08T13:11:32+00:00\",\"dateModified\":\"2023-06-13T17:17:10+00:00\",\"breadcrumb\":{\"@id\":\"https:\\\/\\\/cssst.gouv.qc.ca\\\/adultes\\\/sarca\\\/attestation-dequivalence\\\/#breadcrumb\"},\"inLanguage\":\"fr-CA\",\"potentialAction\":[{\"@type\":\"ReadAction\",\"target\":[\"https:\\\/\\\/cssst.gouv.qc.ca\\\/adultes\\\/sarca\\\/attestation-dequivalence\\\/\"]}]},{\"@type\":\"ImageObject\",\"inLanguage\":\"fr-CA\",\"@id\":\"https:\\\/\\\/cssst.gouv.qc.ca\\\/adultes\\\/sarca\\\/attestation-dequivalence\\\/#primaryimage\",\"url\":\"http:\\\/\\\/cssst.gouv.qc.ca\\\/wp-content\\\/uploads\\\/2022\\\/08\\\/Seawire-Hero-06-2.jpg\",\"contentUrl\":\"http:\\\/\\\/cssst.gouv.qc.ca\\\/wp-content\\\/uploads\\\/2022\\\/08\\\/Seawire-Hero-06-2.jpg\"},{\"@type\":\"BreadcrumbList\",\"@id\":\"https:\\\/\\\/cssst.gouv.qc.ca\\\/adultes\\\/sarca\\\/attestation-dequivalence\\\/#breadcrumb\",\"itemListElement\":[{\"@type\":\"ListItem\",\"position\":1,\"name\":\"Accueil\",\"item\":\"https:\\\/\\\/cssst.gouv.qc.ca\\\/adultes\\\/\"},{\"@type\":\"ListItem\",\"position\":2,\"name\":\"Services d&rsquo;accueil, de r\u00e9f\u00e9rence, de conseils et d&rsquo;accompagnement (SARCA)\",\"item\":\"https:\\\/\\\/cssst.gouv.qc.ca\\\/adultes\\\/sarca\\\/\"},{\"@type\":\"ListItem\",\"position\":3,\"name\":\"Attestation d&rsquo;\u00e9quivalence de niveau de scolarit\u00e9 (AENS)\"}]},{\"@type\":\"WebSite\",\"@id\":\"https:\\\/\\\/cssst.gouv.qc.ca\\\/adultes\\\/#website\",\"url\":\"https:\\\/\\\/cssst.gouv.qc.ca\\\/adultes\\\/\",\"name\":\"\",\"description\":\"\",\"potentialAction\":[{\"@type\":\"SearchAction\",\"target\":{\"@type\":\"EntryPoint\",\"urlTemplate\":\"https:\\\/\\\/cssst.gouv.qc.ca\\\/adultes\\\/?s={search_term_string}\"},\"query-input\":{\"@type\":\"PropertyValueSpecification\",\"valueRequired\":true,\"valueName\":\"search_term_string\"}}],\"inLanguage\":\"fr-CA\"}]}<\/script>\n<!-- \/ Yoast SEO plugin. -->","yoast_head_json":{"title":"Attestation d'\u00e9quivalence de niveau de scolarit\u00e9 (AENS) -","robots":{"index":"index","follow":"follow","max-snippet":"max-snippet:-1","max-image-preview":"max-image-preview:large","max-video-preview":"max-video-preview:-1"},"canonical":"https:\/\/cssst.gouv.qc.ca\/adultes\/sarca\/attestation-dequivalence\/","og_locale":"fr_CA","og_type":"article","og_title":"Attestation d'\u00e9quivalence de niveau de scolarit\u00e9 (AENS) -","og_url":"https:\/\/cssst.gouv.qc.ca\/adultes\/sarca\/attestation-dequivalence\/","article_publisher":"https:\/\/www.facebook.com\/CFPEAST?locale=fr_CA","article_modified_time":"2023-06-13T17:17:10+00:00","og_image":[{"url":"http:\/\/cssst.gouv.qc.ca\/wp-content\/uploads\/2022\/08\/Seawire-Hero-06-2.jpg","type":"","width":"","height":""}],"twitter_card":"summary_large_image","twitter_misc":{"Estimation du temps de lecture":"1 minute"},"schema":{"@context":"https:\/\/schema.org","@graph":[{"@type":"WebPage","@id":"https:\/\/cssst.gouv.qc.ca\/adultes\/sarca\/attestation-dequivalence\/","url":"https:\/\/cssst.gouv.qc.ca\/adultes\/sarca\/attestation-dequivalence\/","name":"Attestation d'\u00e9quivalence de niveau de scolarit\u00e9 (AENS) -","isPartOf":{"@id":"https:\/\/cssst.gouv.qc.ca\/adultes\/#website"},"primaryImageOfPage":{"@id":"https:\/\/cssst.gouv.qc.ca\/adultes\/sarca\/attestation-dequivalence\/#primaryimage"},"image":{"@id":"https:\/\/cssst.gouv.qc.ca\/adultes\/sarca\/attestation-dequivalence\/#primaryimage"},"thumbnailUrl":"http:\/\/cssst.gouv.qc.ca\/wp-content\/uploads\/2022\/08\/Seawire-Hero-06-2.jpg","datePublished":"2023-06-08T13:11:32+00:00","dateModified":"2023-06-13T17:17:10+00:00","breadcrumb":{"@id":"https:\/\/cssst.gouv.qc.ca\/adultes\/sarca\/attestation-dequivalence\/#breadcrumb"},"inLanguage":"fr-CA","potentialAction":[{"@type":"ReadAction","target":["https:\/\/cssst.gouv.qc.ca\/adultes\/sarca\/attestation-dequivalence\/"]}]},{"@type":"ImageObject","inLanguage":"fr-CA","@id":"https:\/\/cssst.gouv.qc.ca\/adultes\/sarca\/attestation-dequivalence\/#primaryimage","url":"http:\/\/cssst.gouv.qc.ca\/wp-content\/uploads\/2022\/08\/Seawire-Hero-06-2.jpg","contentUrl":"http:\/\/cssst.gouv.qc.ca\/wp-content\/uploads\/2022\/08\/Seawire-Hero-06-2.jpg"},{"@type":"BreadcrumbList","@id":"https:\/\/cssst.gouv.qc.ca\/adultes\/sarca\/attestation-dequivalence\/#breadcrumb","itemListElement":[{"@type":"ListItem","position":1,"name":"Accueil","item":"https:\/\/cssst.gouv.qc.ca\/adultes\/"},{"@type":"ListItem","position":2,"name":"Services d&rsquo;accueil, de r\u00e9f\u00e9rence, de conseils et d&rsquo;accompagnement (SARCA)","item":"https:\/\/cssst.gouv.qc.ca\/adultes\/sarca\/"},{"@type":"ListItem","position":3,"name":"Attestation d&rsquo;\u00e9quivalence de niveau de scolarit\u00e9 (AENS)"}]},{"@type":"WebSite","@id":"https:\/\/cssst.gouv.qc.ca\/adultes\/#website","url":"https:\/\/cssst.gouv.qc.ca\/adultes\/","name":"","description":"","potentialAction":[{"@type":"SearchAction","target":{"@type":"EntryPoint","urlTemplate":"https:\/\/cssst.gouv.qc.ca\/adultes\/?s={search_term_string}"},"query-input":{"@type":"PropertyValueSpecification","valueRequired":true,"valueName":"search_term_string"}}],"inLanguage":"fr-CA"}]}},"_links":{"self":[{"href":"https:\/\/cssst.gouv.qc.ca\/adultes\/wp-json\/wp\/v2\/pages\/1007","targetHints":{"allow":["GET"]}}],"collection":[{"href":"https:\/\/cssst.gouv.qc.ca\/adultes\/wp-json\/wp\/v2\/pages"}],"about":[{"href":"https:\/\/cssst.gouv.qc.ca\/adultes\/wp-json\/wp\/v2\/types\/page"}],"author":[{"embeddable":true,"href":"https:\/\/cssst.gouv.qc.ca\/adultes\/wp-json\/wp\/v2\/users\/1"}],"replies":[{"embeddable":true,"href":"https:\/\/cssst.gouv.qc.ca\/adultes\/wp-json\/wp\/v2\/comments?post=1007"}],"version-history":[{"count":0,"href":"https:\/\/cssst.gouv.qc.ca\/adultes\/wp-json\/wp\/v2\/pages\/1007\/revisions"}],"up":[{"embeddable":true,"href":"https:\/\/cssst.gouv.qc.ca\/adultes\/wp-json\/wp\/v2\/pages\/997"}],"wp:attachment":[{"href":"https:\/\/cssst.gouv.qc.ca\/adultes\/wp-json\/wp\/v2\/media?parent=1007"}],"curies":[{"name":"wp","href":"https:\/\/api.w.org\/{rel}","templated":true}]}}